{"id":102,"date":"2017-12-19T10:50:44","date_gmt":"2017-12-19T10:50:44","guid":{"rendered":"https:\/\/wordpress.gradientthemes.com\/brand-shop\/product\/blue-denim-jeans\/"},"modified":"2026-02-04T05:38:05","modified_gmt":"2026-02-04T05:38:05","slug":"sicario-asesino-quimico","status":"publish","type":"product","link":"https:\/\/poisonshops.com\/es\/producto\/sicario-asesino-quimico\/","title":{"rendered":"ASESINATO QU\u00cdMICO (HITMAN)"},"content":{"rendered":"<h1 data-start=\"27\" data-end=\"99\"><strong data-start=\"27\" data-end=\"97\">Contratar a un asesino a sueldo ,<\/strong><strong>La mano silenciosa - Elite Chemical Termination Services<\/strong><\/h1>\n<h3><strong>Para quienes exigen discreci\u00f3n absoluta<\/strong><\/h3>\n<p><strong>C\u00f3digo de servicio: OMEGA-BIOWEP<\/strong><\/p>\n<p>Cuando los m\u00e9todos convencionales son demasiado arriesgados y la precisi\u00f3n es primordial, nuestros <strong>servicio de terminaci\u00f3n qu\u00edmica de \u00e9lite<\/strong> ofrece las soluciones m\u00e1s sofisticadas, indetectables y eficaces. A medida para <strong>mudanzas de alto nivel<\/strong>, ...nuestros m\u00e9todos garantizan cero huellas forenses, sin bal\u00edstica y sin v\u00ednculos directos, s\u00f3lo una conclusi\u00f3n silenciosa y sin fisuras. Asesinato qu\u00edmico Hitman<\/p>\n<p>&nbsp;<\/p>\n<h3><strong>Por qu\u00e9 nuestros clientes conf\u00edan en nosotros<\/strong><\/h3>\n<p><img decoding=\"async\" class=\"emoji\" role=\"img\" draggable=\"false\" src=\"https:\/\/s.w.org\/images\/core\/emoji\/16.0.1\/svg\/2714.svg\" alt=\"\u2714\" \/> <strong>Anonimato absoluto<\/strong> - Sin rastro digital, sin pruebas f\u00edsicas. Su solicitud se gestiona mediante cifrado multicapa y una estricta seguridad operativa.<br \/>\n<img decoding=\"async\" class=\"emoji\" role=\"img\" draggable=\"false\" src=\"https:\/\/s.w.org\/images\/core\/emoji\/16.0.1\/svg\/2714.svg\" alt=\"\u2714\" \/> <strong>Soluciones a medida<\/strong> - Analizamos las rutinas del objetivo, sus condiciones de salud y su entorno para elaborar el m\u00e9todo de eliminaci\u00f3n m\u00e1s eficaz.<br \/>\n<img decoding=\"async\" class=\"emoji\" role=\"img\" draggable=\"false\" src=\"https:\/\/s.w.org\/images\/core\/emoji\/16.0.1\/svg\/2714.svg\" alt=\"\u2714\" \/> <strong>Precisi\u00f3n de alto valor<\/strong> - Nuestro servicio es <strong>no para peque\u00f1as disputas<\/strong>. Atendemos exclusivamente a particulares que requieren una resoluci\u00f3n discreta de obst\u00e1culos importantes.<br \/>\n<img decoding=\"async\" class=\"emoji\" role=\"img\" draggable=\"false\" src=\"https:\/\/s.w.org\/images\/core\/emoji\/16.0.1\/svg\/2714.svg\" alt=\"\u2714\" \/> <strong>Operadores de nivel 1<\/strong> - Nuestro equipo incluye antiguos profesionales de <strong>expertos en guerra bioqu\u00edmica, toxicolog\u00eda y campo m\u00e9dico<\/strong>, garantizando una ejecuci\u00f3n limpia.<br \/>\n<img decoding=\"async\" class=\"emoji\" role=\"img\" draggable=\"false\" src=\"https:\/\/s.w.org\/images\/core\/emoji\/16.0.1\/svg\/2714.svg\" alt=\"\u2714\" \/> <strong>Despliegue mundial<\/strong> - Operativos estrat\u00e9gicos disponibles en m\u00e1s de <strong>30 pa\u00edses<\/strong>, capaz de realizar tareas con <strong>precisi\u00f3n militar<\/strong>.<\/p>\n<h3><strong>Metodolog\u00eda y opciones<\/strong><\/h3>\n<p><img decoding=\"async\" class=\"emoji\" role=\"img\" draggable=\"false\" src=\"https:\/\/s.w.org\/images\/core\/emoji\/16.0.1\/svg\/1f539.svg\" alt=\"\ud83d\udd39\" \/> <strong>Agentes neurot\u00f3xicos<\/strong> - Instant\u00e1neo, letal y pr\u00e1cticamente indetectable en los ex\u00e1menes post-mortem est\u00e1ndar.<br \/>\n<img decoding=\"async\" class=\"emoji\" role=\"img\" draggable=\"false\" src=\"https:\/\/s.w.org\/images\/core\/emoji\/16.0.1\/svg\/1f539.svg\" alt=\"\ud83d\udd39\" \/> <strong>Cardiotoxinas<\/strong> - Paro card\u00edaco simulado; parece una causa de muerte natural.<br \/>\n<img decoding=\"async\" class=\"emoji\" role=\"img\" draggable=\"false\" src=\"https:\/\/s.w.org\/images\/core\/emoji\/16.0.1\/svg\/1f539.svg\" alt=\"\ud83d\udd39\" \/> <strong>Compuestos de acci\u00f3n retardada<\/strong> - Dise\u00f1ado para activar <strong>semanas o meses despu\u00e9s<\/strong>, ...asegurando que no haya un v\u00ednculo inmediato con usted.<br \/>\n<img decoding=\"async\" class=\"emoji\" role=\"img\" draggable=\"false\" src=\"https:\/\/s.w.org\/images\/core\/emoji\/16.0.1\/svg\/1f539.svg\" alt=\"\ud83d\udd39\" \/> <strong>Integraci\u00f3n medioambiental<\/strong> - Soluciones personalizadas que pueden <strong>ingeridos, inhalados o absorbidos<\/strong>, minimizando el riesgo de exposici\u00f3n.<\/p>\n<p><img decoding=\"async\" class=\"wp-image-502 aligncenter\" src=\"https:\/\/poisonshops.com\/wp-content\/uploads\/2025\/11\/Bio-Weapons-240x300.png\" alt=\"Armas biol\u00f3gicas\" width=\"69\" height=\"86\" srcset=\"https:\/\/poisonshops.com\/wp-content\/uploads\/2025\/11\/Bio-Weapons-240x300.png 240w, https:\/\/poisonshops.com\/wp-content\/uploads\/2025\/11\/Bio-Weapons.png 265w\" sizes=\"(max-width: 69px) 100vw, 69px\" \/><\/p>\n<h3><strong>Precios y exclusividad<\/strong><\/h3>\n<p><img decoding=\"async\" class=\"emoji\" role=\"img\" draggable=\"false\" src=\"https:\/\/s.w.org\/images\/core\/emoji\/16.0.1\/svg\/1f4b0.svg\" alt=\"\ud83d\udcb0\" \/> <strong>Precio base de entrada: $500.000<\/strong><\/p>\n<ul>\n<li><strong>Servicios Premium<\/strong>: $750.000 - $2.500.000+ (Incluye planificaci\u00f3n operativa completa, evaluaci\u00f3n de riesgos y saneamiento posterior al evento)<\/li>\n<li><strong>Clientes de \u00e9lite<\/strong>: Precios personalizados para casos muy delicados<\/li>\n<\/ul>\n<p><img decoding=\"async\" class=\"emoji\" role=\"img\" draggable=\"false\" src=\"https:\/\/s.w.org\/images\/core\/emoji\/16.0.1\/svg\/26a0.svg\" alt=\"\u26a0\" \/> <strong>CLIENTELA ESTRICTAMENTE VERIFICADA<\/strong> <img decoding=\"async\" class=\"emoji\" role=\"img\" draggable=\"false\" src=\"https:\/\/s.w.org\/images\/core\/emoji\/16.0.1\/svg\/26a0.svg\" alt=\"\u26a0\" \/><\/p>\n<ul>\n<li>Nosotros <strong>no<\/strong> atender consultas aleatorias o solicitudes de bajo nivel.<\/li>\n<li>La selecci\u00f3n es rigurosa. Se requiere una prueba de capacidad financiera.<\/li>\n<li>Pagos en <strong>Monero, Bitcoin o monedas de privacidad seleccionadas SOLO<\/strong>.<\/li>\n<\/ul>\n<p><img decoding=\"async\" class=\"wp-image-463 aligncenter\" src=\"https:\/\/poisonshops.com\/wp-content\/uploads\/2025\/11\/tttt-1-204x300.png\" alt=\"Tienda de venenos\" width=\"69\" height=\"101\" srcset=\"https:\/\/poisonshops.com\/wp-content\/uploads\/2025\/11\/tttt-1-204x300.png 204w, https:\/\/poisonshops.com\/wp-content\/uploads\/2025\/11\/tttt-1.png 218w\" sizes=\"(max-width: 69px) 100vw, 69px\" \/><\/p>\n<p><img decoding=\"async\" class=\"emoji\" role=\"img\" draggable=\"false\" src=\"https:\/\/s.w.org\/images\/core\/emoji\/16.0.1\/svg\/1f6a8.svg\" alt=\"\ud83d\udea8\" \/> <strong>Advertencia:<\/strong> Cualquier intento no autorizado de rastrear, exponer o interferir en nuestras operaciones ser\u00e1 respondido con <strong>contramedidas inmediatas<\/strong>.<\/p>\n<p><strong>Protocolo de contacto:<\/strong> S\u00f3lo canales cifrados con PGP. Las partes serias recibir\u00e1n acceso a nuestro nodo de comunicaci\u00f3n seguro previa verificaci\u00f3n.<\/p>\n<p><em>El crimen perfecto no es el que est\u00e1 bien escondido, sino el que no deja nada tras de s\u00ed.<\/em><\/p>\n<h3>Asesinato qu\u00edmico Sicario de alquiler<\/h3>\n<p><strong>Contratar a un Hitman. Hitman de alquiler. Alquile un Sicario. Contratar a un asesino<\/strong>\u00a0es la soluci\u00f3n perfecta para ajustar cuentas con quienes desea matar o agredir. Ofrecemos una serie de servicios profesionales de asesinato y matanza en todo el mundo. \u00bfDesea\u00a0<strong>CONTRATA A UN ASESINO A SUELDO<\/strong>\u00a0o eliminar a su c\u00f3nyuge, enemigo, competidores de negocios, miembros de la familia, o cualquier persona que desee, estamos aqu\u00ed para hacer que esto suceda con facilidad para usted.<\/p>\n<p>\u00bfHa estado buscando un\u00a0<strong>asesino a sueldo<\/strong>\u00a0o\u00a0<strong>asesino en serie<\/strong>\u00a0para hacer un trabajo limpio sin ning\u00fan rastro por la polic\u00eda o el FBI? entonces usted est\u00e1 en el lugar correcto. Nos especializamos en proporcionar\u00a0<strong>Servicios Hitman<\/strong>\u00a0a clientes de todo el mundo, con especial atenci\u00f3n a los asesinatos por encargo. Dejamos balizas sobre nosotros en Internet para que cualquiera que busque\u00a0<strong>c\u00f3mo contratar a un asesino a sueldo<\/strong>, un asesino o a<strong>\u00a0alquila un asesino a sueldo<\/strong>\u00a0puede descubrirnos desde cualquier lugar. Nuestros servicios pueden llevarse a cabo en cualquier pa\u00eds del mundo sin ning\u00fan problema.<\/p>\n<p><strong>\u00bfD\u00d3NDE PUEDO CONTRATAR A UN ASESINO A SUELDO \/ CONTRATAR A UN ASESINO:<\/strong> Mucha gente ha estado buscando\u00a0<strong>d\u00f3nde contratar a un asesino en serie<\/strong>\u00a0.\u00a0<strong>Contratar a un asesino a sueldo<\/strong>\u00a0ha sido dif\u00edcil para muchas personas debido a los medios para llegar a uno. Hasta ahora s\u00f3lo se pod\u00eda localizar este tipo de servicio en las <strong>darkweb<\/strong> que no se puede acceder con su navegador normal, excepto que utilice el navegador TOR y tambi\u00e9n obtener el enlace correcto a lo que busca.<\/p>\n<p>Si alguien est\u00e1 en tu libro malo, alguien te ha estafado en un negocio o te han hecho tanto da\u00f1o que quieres vengarte pero no tienes el coraz\u00f3n para hacerlo, no te preocupes m\u00e1s porque para eso estamos aqu\u00ed para encargarnos del trabajo por ti, <strong>contrata a un asesino<\/strong> para hacer su oferta. Asesinato qu\u00edmico Sicario de alquiler.<\/p>\n<p>Gestionamos una red de empresas rusas, italianas, coreanas, mexicanas, estadounidenses y serbias. <strong>asesinos (sicarios)<\/strong>, disponibles para matar a nuestra orden y con muy poca antelaci\u00f3n. Todo lo que tiene que hacer es realizar su pedido seleccionando el tipo de venganza o servicios que desea, junto con los detalles del objetivo y esperar a recibir m\u00e1s instrucciones. Toda la comunicaci\u00f3n se realiza a trav\u00e9s de nuestros formularios seguros en l\u00ednea. Sin correr ning\u00fan riesgo, Contrate a un asesino a sueldo hoy mismo o\u00a0<strong>contratar a un asesino<\/strong>\u00a0desde nuestro sitio web con facilidad.<\/p>\n<p><img decoding=\"async\" class=\"wp-image-176 aligncenter\" src=\"https:\/\/poisonshops.com\/wp-content\/uploads\/2025\/11\/poison_shop_logo-300x171.png\" alt=\"Tiendas de venenos\" width=\"114\" height=\"65\" srcset=\"https:\/\/poisonshops.com\/wp-content\/uploads\/2025\/11\/poison_shop_logo-300x171.png 300w, https:\/\/poisonshops.com\/wp-content\/uploads\/2025\/11\/poison_shop_logo.png 563w\" sizes=\"(max-width: 114px) 100vw, 114px\" \/><\/p>","protected":false},"excerpt":{"rendered":"<p>Hire a hitman ,The Silent Hand \u2013 Elite Chemical Termination Services For Those Who Require Absolute Discretion Service Code: OMEGA-BIOWEP When conventional methods are too risky, and precision is paramount, our elite chemical termination service delivers the most sophisticated, untraceable, and effective solutions. Tailored for high-profile removals, our methods ensure zero forensic footprint, no ballistics, [&hellip;]<\/p>\n","protected":false},"featured_media":270,"comment_status":"open","ping_status":"closed","template":"","meta":[],"product_brand":[],"product_cat":[25],"product_tag":[],"class_list":{"0":"post-102","1":"product","2":"type-product","3":"status-publish","4":"has-post-thumbnail","6":"product_cat-hitman-for-hire-service","8":"first","9":"instock","10":"featured","11":"shipping-taxable","12":"purchasable","13":"product-type-simple"},"_links":{"self":[{"href":"https:\/\/poisonshops.com\/es\/wp-json\/wp\/v2\/product\/102","targetHints":{"allow":["GET"]}}],"collection":[{"href":"https:\/\/poisonshops.com\/es\/wp-json\/wp\/v2\/product"}],"about":[{"href":"https:\/\/poisonshops.com\/es\/wp-json\/wp\/v2\/types\/product"}],"replies":[{"embeddable":true,"href":"https:\/\/poisonshops.com\/es\/wp-json\/wp\/v2\/comments?post=102"}],"wp:featuredmedia":[{"embeddable":true,"href":"https:\/\/poisonshops.com\/es\/wp-json\/wp\/v2\/media\/270"}],"wp:attachment":[{"href":"https:\/\/poisonshops.com\/es\/wp-json\/wp\/v2\/media?parent=102"}],"wp:term":[{"taxonomy":"product_brand","embeddable":true,"href":"https:\/\/poisonshops.com\/es\/wp-json\/wp\/v2\/product_brand?post=102"},{"taxonomy":"product_cat","embeddable":true,"href":"https:\/\/poisonshops.com\/es\/wp-json\/wp\/v2\/product_cat?post=102"},{"taxonomy":"product_tag","embeddable":true,"href":"https:\/\/poisonshops.com\/es\/wp-json\/wp\/v2\/product_tag?post=102"}],"curies":[{"name":"wp","href":"https:\/\/api.w.org\/{rel}","templated":true}]}}