{"id":108,"date":"2017-12-19T09:56:29","date_gmt":"2017-12-19T09:56:29","guid":{"rendered":"https:\/\/wordpress.gradientthemes.com\/brand-shop\/product\/flamingo-tshirt\/"},"modified":"2025-12-08T21:55:27","modified_gmt":"2025-12-08T21:55:27","slug":"comprar-escopolamina-aliento-del-diablo","status":"publish","type":"product","link":"https:\/\/poisonshops.com\/es\/producto\/comprar-escopolamina-aliento-del-diablo\/","title":{"rendered":"Comprar escopolamina (aliento del diablo)"},"content":{"rendered":"<h2>Comprar Scopolamine Devils Breath<\/h2>\n<p>La escopolamina, tambi\u00e9n conocida como hioscina o aliento del diablo, es un alcaloide trop\u00e1nico natural o sint\u00e9tico y un medicamento anticolin\u00e9rgico que se utiliza para tratar el mareo por movimiento y las n\u00e1useas y v\u00f3mitos postoperatorios. A veces tambi\u00e9n se utiliza antes de una cirug\u00eda para reducir la saliva. Cuando se administra por inyecci\u00f3n, los efectos comienzan a los 20 minutos aproximadamente y duran hasta 8 horas. Tambi\u00e9n se puede administrar por v\u00eda oral. Comprar escopolamina Aliento del Diablo.<\/p>\n<h3>\u00bfQu\u00e9 hace la escopolamina?<\/h3>\n<p>La escopolamina forma parte de la familia de medicamentos antimuscar\u00ednicos y act\u00faa bloqueando algunos de los efectos de la acetilcolina en el sistema nervioso. La escopolamina se mencion\u00f3 por primera vez en 1881 y comenz\u00f3 a utilizarse como anest\u00e9sico alrededor de 1900. La escopolamina es tambi\u00e9n el principal componente activo producido por ciertas plantas de la familia de las solan\u00e1ceas, que hist\u00f3ricamente se han utilizado como drogas psicoactivas (conocidas como delirantes) debido a sus efectos alucin\u00f3genos inducidos por los antimuscar\u00ednicos en dosis m\u00e1s altas. En estos contextos, sus efectos que alteran la mente se han utilizado con fines recreativos y ocultistas.<\/p>\n<h4><span class=\"kY2IgmnCmOGjharHErah\">Comprar escopolamina en polvo online a la venta<\/span><\/h4>\n<p>Intoxicaci\u00f3n por escopolamina procedente del vino casero \u2018flor de luna\u2019<br \/>\nLH, un hombre cauc\u00e1sico de 76 a\u00f1os, bebi\u00f3 3 cucharaditas (15 ml) de vino casero durante un per\u00edodo de 1 hora y se sinti\u00f3 mal. Aproximadamente 1,5 horas despu\u00e9s, fue trasladado a la sala de urgencias de un hospital local con s\u00edntomas de dificultad respiratoria y debilidad. La planta utilizada para elaborar el vino era la trompeta de \u00e1ngel (Datura suaveolens), que, seg\u00fan se informa, contiene cantidades variables de escopolamina y atropina.<\/p>\n<p>Se recogi\u00f3 una muestra del vino y se analizaron estos dos compuestos mediante cromatograf\u00eda HPLC de fase inversa utilizando 97% metanol-3% agua desionizada. El vino filtrado conten\u00eda aproximadamente 29 mg de escopolamina\/ml, lo que produjo una dosis total ingerida de 435 mg. No se detect\u00f3 atropina. La escopolamina se confirm\u00f3 mediante TLC. Se ha informado que una dosis oral de 50 mg de sulfato de atropina en humanos es mortal. El contenido de alcohol y el pH 3,8 del vino casero pueden haber aumentado la extracci\u00f3n de este compuesto del material vegetal, y el proceso de fermentaci\u00f3n del vino puede haber concentrado el extracto original.<\/p>\n<p><img decoding=\"async\" class=\"wp-image-463 aligncenter\" src=\"https:\/\/poisonshops.com\/wp-content\/uploads\/2025\/11\/tttt-1-204x300.png\" alt=\"Tienda de venenos\" width=\"63\" height=\"93\" srcset=\"https:\/\/poisonshops.com\/wp-content\/uploads\/2025\/11\/tttt-1-204x300.png 204w, https:\/\/poisonshops.com\/wp-content\/uploads\/2025\/11\/tttt-1.png 218w\" sizes=\"(max-width: 63px) 100vw, 63px\" \/><\/p>\n<h2>Dosis para la muerte<\/h2>\n<p>La escopolamina en peque\u00f1as dosis provoca inconsciencia durante un m\u00e1ximo de 24 horas o m\u00e1s, por lo que se utiliza ampliamente en robos en los que la v\u00edctima queda inconsciente. Sin embargo, una dosis de 10 mg es suficiente para matar y puede administrarse junto con alimentos o bebidas, siendo su efecto m\u00e1s r\u00e1pido en bebidas alcoh\u00f3licas, alrededor de 30 minutos, y provocando una muerte indolora, ya que causa somnolencia. Solo se detecta en autopsias m\u00e1s precisas. <span class=\"kY2IgmnCmOGjharHErah\">Comprar escopolamina en polvo online a la venta<\/span>.<\/p>\n<p>La escopolamina, en las pel\u00edculas se llama suero real, \u00a1apl\u00edcala con mucho cuidado y seg\u00fan tu criterio!<\/p>\n<p><img decoding=\"async\" class=\"wp-image-502 aligncenter\" src=\"https:\/\/poisonshops.com\/wp-content\/uploads\/2025\/11\/Bio-Weapons-240x300.png\" alt=\"Armas biol\u00f3gicas\" width=\"65\" height=\"81\" srcset=\"https:\/\/poisonshops.com\/wp-content\/uploads\/2025\/11\/Bio-Weapons-240x300.png 240w, https:\/\/poisonshops.com\/wp-content\/uploads\/2025\/11\/Bio-Weapons.png 265w\" sizes=\"(max-width: 65px) 100vw, 65px\" \/><\/p>\n<h3 class=\"LnpumSThxEWMIsDdAT17 CXMyPcQ6nDv47DKFeywM\"><span class=\"EKtkFWMYpwzMKOYr0GYm LQVY1Jpkk8nyJ6HBWKAk\">COMPRAR Scopolamina (Aliento del Diablo) en polvo online<\/span><\/h3>\n<p><span class=\"kY2IgmnCmOGjharHErah\"><b>Comprar<\/b> <b>escopolamina<\/b> en l\u00ednea. La hioscina, tambi\u00e9n conocida como <b>escopolamina<\/b>( <b>Del diablo<\/b> <b>Respiraci\u00f3n<\/b>), es un medicamento utilizado para tratar el mareo por movimiento y las n\u00e1useas y v\u00f3mitos postoperatorios. parche para el mareo por movimiento, parche para el mareo por mar, parche para las n\u00e1useas, transderm scop, parche dramamine, parche anti n\u00e1useas, parche para el mareo por mar, movimiento. <\/span><\/p>\n<p><span class=\"kY2IgmnCmOGjharHErah\"><b>Comprar<\/b> <b>Escopolamina<\/b> Polvo en venta online (Burundanga, \u201cEl <b>Del diablo<\/b> <b>Respiraci\u00f3n<\/b>\u201cBorrachero, hioscina, trompeta del \u00e1ngel) La hioscina, tambi\u00e9n conocida como <b>escopolamina<\/b>, es un medicamento utilizado para tratar el mareo por movimiento y las n\u00e1useas y v\u00f3mitos postoperatorios.<\/span><\/p>\n<p><span class=\"kY2IgmnCmOGjharHErah\">Despu\u00e9s de inhalar el \u201c<b>Del diablo<\/b> <b>Respiraci\u00f3n<\/b>,Se sabe que algunas v\u00edctimas se han despertado sin recordar haber retirado los ahorros de toda su vida y haberlos regalado. <b>Escopolamina<\/b>, apodado el \u201c<b>Del diablo<\/b> <b>Respiraci\u00f3n<\/b>, a menudo se la considera la droga m\u00e1s peligrosa del mundo. Predomina principalmente en Sudam\u00e9rica.<\/span><\/p>\n<p><span class=\"kY2IgmnCmOGjharHErah\"><b>Del diablo<\/b> <b>Respiraci\u00f3n<\/b> se obtiene de la flor del arbusto \u201cborrachero\u201d, com\u00fan en el pa\u00eds sudamericano de Colombia. Las semillas, cuando se pulverizan y se extraen mediante un proceso qu\u00edmico, contienen una sustancia qu\u00edmica similar a <b>escopolamina<\/b> llamada \u201cburandanga\u201d. Compra escopolamina, el aliento del diablo.<\/span><\/p>\n<h3>Escopolamina a la venta en l\u00ednea<\/h3>\n<p><img decoding=\"async\" class=\"wp-image-176 aligncenter\" src=\"https:\/\/poisonshops.com\/wp-content\/uploads\/2025\/11\/poison_shop_logo-300x171.png\" alt=\"Tiendas de venenos\" width=\"118\" height=\"67\" srcset=\"https:\/\/poisonshops.com\/wp-content\/uploads\/2025\/11\/poison_shop_logo-300x171.png 300w, https:\/\/poisonshops.com\/wp-content\/uploads\/2025\/11\/poison_shop_logo.png 563w\" sizes=\"(max-width: 118px) 100vw, 118px\" \/><\/p>","protected":false},"excerpt":{"rendered":"<p>Buy Scopolamine Devils Breath Scopolamine, also known as hyoscine, or Devil\u2019s Breath, is a natural or synthetically produced tropane alkaloid and anticholinergic medication that is used as a medication to treat motion sickness and postoperative nausea and vomiting. It is also sometimes used before surgery to decrease saliva. When used by injection, the effects begin [&hellip;]<\/p>\n","protected":false},"featured_media":313,"comment_status":"open","ping_status":"closed","template":"","meta":[],"product_brand":[],"product_cat":[17],"product_tag":[],"class_list":{"0":"post-108","1":"product","2":"type-product","3":"status-publish","4":"has-post-thumbnail","6":"product_cat-poisons-for-sale","8":"first","9":"instock","10":"shipping-taxable","11":"purchasable","12":"product-type-variable"},"_links":{"self":[{"href":"https:\/\/poisonshops.com\/es\/wp-json\/wp\/v2\/product\/108","targetHints":{"allow":["GET"]}}],"collection":[{"href":"https:\/\/poisonshops.com\/es\/wp-json\/wp\/v2\/product"}],"about":[{"href":"https:\/\/poisonshops.com\/es\/wp-json\/wp\/v2\/types\/product"}],"replies":[{"embeddable":true,"href":"https:\/\/poisonshops.com\/es\/wp-json\/wp\/v2\/comments?post=108"}],"wp:featuredmedia":[{"embeddable":true,"href":"https:\/\/poisonshops.com\/es\/wp-json\/wp\/v2\/media\/313"}],"wp:attachment":[{"href":"https:\/\/poisonshops.com\/es\/wp-json\/wp\/v2\/media?parent=108"}],"wp:term":[{"taxonomy":"product_brand","embeddable":true,"href":"https:\/\/poisonshops.com\/es\/wp-json\/wp\/v2\/product_brand?post=108"},{"taxonomy":"product_cat","embeddable":true,"href":"https:\/\/poisonshops.com\/es\/wp-json\/wp\/v2\/product_cat?post=108"},{"taxonomy":"product_tag","embeddable":true,"href":"https:\/\/poisonshops.com\/es\/wp-json\/wp\/v2\/product_tag?post=108"}],"curies":[{"name":"wp","href":"https:\/\/api.w.org\/{rel}","templated":true}]}}