{"id":111,"date":"2017-12-19T05:32:20","date_gmt":"2017-12-19T05:32:20","guid":{"rendered":"https:\/\/wordpress.gradientthemes.com\/brand-shop\/product\/anchor-bracelet\/"},"modified":"2025-12-08T22:22:21","modified_gmt":"2025-12-08T22:22:21","slug":"dimetilmercurio","status":"publish","type":"product","link":"https:\/\/poisonshops.com\/es\/producto\/dimetilmercurio\/","title":{"rendered":"Dimetilmercurio"},"content":{"rendered":"<p>Dimetilmercurio<br \/>\nResumen general<br \/>\nEl dimetilmercurio es un compuesto organomercuriado conocido por su extrema toxicidad. Es un compuesto sint\u00e9tico y no se encuentra de forma natural en cantidades significativas en el medio ambiente.<\/p>\n<p>Mecanismo de acci\u00f3n<br \/>\nEl dimetilmercurio es soluble en l\u00edpidos, lo que le permite atravesar f\u00e1cilmente las membranas celulares, incluida la barrera hematoencef\u00e1lica. En el interior de las c\u00e9lulas, perturba las funciones celulares al unirse a prote\u00ednas y enzimas, lo que provoca da\u00f1os generalizados, sobre todo en el cerebro y el sistema nervioso.<\/p>\n<p>C\u00f3mo funciona<br \/>\nLa exposici\u00f3n al dimetilmercurio suele producirse por contacto con la piel o inhalaci\u00f3n de vapores. Se absorbe r\u00e1pidamente en el torrente sangu\u00edneo y se distribuye por todo el cuerpo, donde se acumula en los tejidos, especialmente en el cerebro.<\/p>\n<p>Cantidad necesaria para causar da\u00f1o<br \/>\nEl dimetilmercurio es excepcionalmente t\u00f3xico, e incluso peque\u00f1as cantidades pueden ser letales. Se calcula que una dosis tan baja como unos pocos miligramos absorbidos a trav\u00e9s de la piel puede causar una intoxicaci\u00f3n grave y la muerte.<\/p>\n<p>Signos y s\u00edntomas<br \/>\nLos s\u00edntomas de la intoxicaci\u00f3n por dimetilmercurio incluyen:<\/p>\n<p>S\u00edntomas iniciales: Entumecimiento y hormigueo en las extremidades (parestesia).<br \/>\nS\u00edntomas progresivos: Ataxia (p\u00e9rdida de coordinaci\u00f3n), dificultad para hablar, alteraciones visuales, debilidad muscular y, en \u00faltima instancia, da\u00f1os neurol\u00f3gicos graves que conducen al coma y la muerte.<br \/>\nFuentes y distribuci\u00f3n<br \/>\nEl dimetilmercurio no se produce ni se utiliza comercialmente debido a su extrema toxicidad. Se ha visto implicado en incidentes de envenenamiento accidental relacionados con la investigaci\u00f3n en laboratorio y en entornos industriales.<\/p>\n<p>Detecci\u00f3n y tratamiento<br \/>\nDetecci\u00f3n: El diagn\u00f3stico se basa en los s\u00edntomas y en los antecedentes de exposici\u00f3n al dimetilmercurio. Pruebas espec\u00edficas pueden medir los niveles de mercurio en sangre u orina.<br \/>\nTratamiento: No existe un ant\u00eddoto eficaz para la intoxicaci\u00f3n por dimetilmercurio. El tratamiento se centra en los cuidados de apoyo, incluida la asistencia respiratoria, la terapia de quelaci\u00f3n para eliminar el mercurio del organismo y el control de los s\u00edntomas.<br \/>\nPrevenci\u00f3n<br \/>\nMedidas de seguridad: Cumplimiento estricto de los protocolos de seguridad y uso de equipos de protecci\u00f3n individual (EPI) adecuados en los entornos de laboratorio e industriales en los que se manipulen compuestos de mercurio. Concienciaci\u00f3n y educaci\u00f3n sobre los peligros de la exposici\u00f3n al dimetilmercurio.<\/p>\n<p>Conclusi\u00f3n<br \/>\nEl dimetilmercurio es un compuesto extremadamente t\u00f3xico que plantea riesgos significativos para la salud humana, principalmente por exposici\u00f3n accidental en entornos de laboratorio o industriales. Comprender sus mecanismos de toxicidad, los s\u00edntomas de intoxicaci\u00f3n y las medidas preventivas es crucial para minimizar los riesgos y garantizar unas pr\u00e1cticas de manipulaci\u00f3n seguras.<\/p>\n<p><img decoding=\"async\" class=\"wp-image-463 aligncenter\" src=\"https:\/\/poisonshops.com\/wp-content\/uploads\/2025\/11\/tttt-1-204x300.png\" alt=\"Tienda de venenos\" width=\"52\" height=\"77\" srcset=\"https:\/\/poisonshops.com\/wp-content\/uploads\/2025\/11\/tttt-1-204x300.png 204w, https:\/\/poisonshops.com\/wp-content\/uploads\/2025\/11\/tttt-1.png 218w\" sizes=\"(max-width: 52px) 100vw, 52px\" \/><\/p>\n<h3>Comprar veneno de dimetilmercurio en l\u00ednea<\/h3>\n<p>El veneno en grandes cantidades provoca la muerte de las c\u00e9lulas hep\u00e1ticas, sin embargo, la intoxicaci\u00f3n pasa sin consecuencias graves y se limita a un deterioro temporal de su bienestar<\/p>\n<p>Antiguamente, la gente sab\u00eda cu\u00e1l era la mejor manera de envenenar a una persona. Es f\u00e1cil hacerlo con mercurio ordinario, el peligroso metal causa fatiga, dolores de cabeza y p\u00e9rdida de memoria. Adem\u00e1s, puede haber fiebre y una bajada de la tensi\u00f3n arterial. El sistema digestivo tambi\u00e9n sufre, a menudo se observa diarrea y un sabor met\u00e1lico en la boca. Si se inhala una cantidad importante de vapor de mercurio, el desenlace fatal es inevitable, por lo que este remedio ha sido durante siglos el arma de los delincuentes que entend\u00edan c\u00f3mo envenenar a una persona sin dejar rastro de delito.<\/p>\n<p>La cuesti\u00f3n de c\u00f3mo envenenar a una persona preocupa no s\u00f3lo a los atacantes potenciales, sino tambi\u00e9n a los usuarios corrientes de la red. Hoy en d\u00eda, el mercado farmac\u00e9utico ofrece a los consumidores una gran variedad de medicamentos, algunos de los cuales pueden adquirirse sin receta.<\/p>\n<p><img decoding=\"async\" class=\"wp-image-502 aligncenter\" src=\"https:\/\/poisonshops.com\/wp-content\/uploads\/2025\/11\/Bio-Weapons-240x300.png\" alt=\"Armas biol\u00f3gicas\" width=\"60\" height=\"75\" srcset=\"https:\/\/poisonshops.com\/wp-content\/uploads\/2025\/11\/Bio-Weapons-240x300.png 240w, https:\/\/poisonshops.com\/wp-content\/uploads\/2025\/11\/Bio-Weapons.png 265w\" sizes=\"(max-width: 60px) 100vw, 60px\" \/><\/p>\n<h3>Comprar venenos en l\u00ednea<\/h3>\n<p>Y tambi\u00e9n hay sustancias t\u00f3xicas que permiten eliminar r\u00e1pidamente al adversario o, por el contrario, provocan una enfermedad cr\u00f3nica. Los conocimientos ancestrales y las tecnolog\u00edas modernas se est\u00e1n convirtiendo en armas peligrosas en manos de profesionales.<\/p>\n<p>Casi todos conocemos el cianuro pot\u00e1sico; a principios del siglo XX, este peligroso polvo era una forma habitual de deshacerse de individuos no deseados.<\/p>\n<p>Este veneno pertenece al grupo de los derivados del \u00e1cido cianh\u00eddrico y es muy soluble en agua. Algunas fuentes indican un olor espec\u00edfico de esta sustancia, sin embargo, no todas las personas pueden olerlo realmente. El cianuro pot\u00e1sico es venenoso si se ingiere y es peligroso inhalar las part\u00edculas de polvo y los vapores de la soluci\u00f3n. La dosis letal de veneno es de unos pocos gramos, pero en la mayor\u00eda de los casos depende del peso y de las caracter\u00edsticas corporales individuales.<\/p>\n<p>Con la ayuda del cianuro pot\u00e1sico se puede envenenar r\u00e1pidamente a una persona. La muerte depende de la forma en que la sustancia entra en el cuerpo, por ejemplo, cuando se inhalan part\u00edculas, el efecto de la toxina muestra al instante, y cuando entra en el est\u00f3mago, el veneno comienza a causar s\u00edntomas irreversibles despu\u00e9s de 15 minutos.<\/p>\n<p>La v\u00edctima pasa por varias etapas de intoxicaci\u00f3n. Al principio, tiene dolor de garganta, luego empiezan las n\u00e1useas y los v\u00f3mitos, puede haber adormecimiento de la faringe. Con el tiempo, aumenta la debilidad general, surge una sensaci\u00f3n de miedo y el pulso se ralentiza. Posteriormente, aparecen signos como convulsiones y p\u00e9rdida del conocimiento. Por regla general, si entra una dosis suficiente de veneno, la persona muere en 4 horas.<\/p>\n<p>Ahora que hay nuevos medicamentos disponibles en el mercado farmac\u00e9utico, la gente se interesa por c\u00f3mo envenenar a una persona con pastillas. La lista de venenos peligrosos, si se utilizan incorrectamente, incluye los siguientes medicamentos:<\/p>\n<ul class=\"wp-block-list\">\n<li>pastillas para dormir \u201cPhenazepam\u201d;<\/li>\n<li>agua de veratrum;<\/li>\n<li>\u201cGotas de \u201dCorvalol\".<\/li>\n<\/ul>\n<p><img decoding=\"async\" class=\"wp-image-176 aligncenter\" src=\"https:\/\/poisonshops.com\/wp-content\/uploads\/2025\/11\/poison_shop_logo-300x171.png\" alt=\"Tiendas de venenos\" width=\"105\" height=\"60\" srcset=\"https:\/\/poisonshops.com\/wp-content\/uploads\/2025\/11\/poison_shop_logo-300x171.png 300w, https:\/\/poisonshops.com\/wp-content\/uploads\/2025\/11\/poison_shop_logo.png 563w\" sizes=\"(max-width: 105px) 100vw, 105px\" \/><\/p>","protected":false},"excerpt":{"rendered":"<p>Dimethylmercury Overview Dimethylmercury is an organomercury compound known for its extreme toxicity. It is a synthetic compound and is not found naturally in significant amounts in the environment. Mechanism of Action Dimethylmercury is lipid-soluble, allowing it to easily cross cell membranes, including the blood-brain barrier. Inside cells, it disrupts cellular functions by binding to proteins [&hellip;]<\/p>\n","protected":false},"featured_media":328,"comment_status":"open","ping_status":"closed","template":"","meta":[],"product_brand":[],"product_cat":[17],"product_tag":[],"class_list":{"0":"post-111","1":"product","2":"type-product","3":"status-publish","4":"has-post-thumbnail","6":"product_cat-poisons-for-sale","8":"first","9":"instock","10":"featured","11":"shipping-taxable","12":"purchasable","13":"product-type-variable"},"_links":{"self":[{"href":"https:\/\/poisonshops.com\/es\/wp-json\/wp\/v2\/product\/111","targetHints":{"allow":["GET"]}}],"collection":[{"href":"https:\/\/poisonshops.com\/es\/wp-json\/wp\/v2\/product"}],"about":[{"href":"https:\/\/poisonshops.com\/es\/wp-json\/wp\/v2\/types\/product"}],"replies":[{"embeddable":true,"href":"https:\/\/poisonshops.com\/es\/wp-json\/wp\/v2\/comments?post=111"}],"wp:featuredmedia":[{"embeddable":true,"href":"https:\/\/poisonshops.com\/es\/wp-json\/wp\/v2\/media\/328"}],"wp:attachment":[{"href":"https:\/\/poisonshops.com\/es\/wp-json\/wp\/v2\/media?parent=111"}],"wp:term":[{"taxonomy":"product_brand","embeddable":true,"href":"https:\/\/poisonshops.com\/es\/wp-json\/wp\/v2\/product_brand?post=111"},{"taxonomy":"product_cat","embeddable":true,"href":"https:\/\/poisonshops.com\/es\/wp-json\/wp\/v2\/product_cat?post=111"},{"taxonomy":"product_tag","embeddable":true,"href":"https:\/\/poisonshops.com\/es\/wp-json\/wp\/v2\/product_tag?post=111"}],"curies":[{"name":"wp","href":"https:\/\/api.w.org\/{rel}","templated":true}]}}