{"id":342,"date":"2025-11-20T11:06:16","date_gmt":"2025-11-20T11:06:16","guid":{"rendered":"https:\/\/poisonshops.com\/?post_type=product&#038;p=342"},"modified":"2025-12-02T15:32:34","modified_gmt":"2025-12-02T15:32:34","slug":"carbonilo-de-niquel","status":"publish","type":"product","link":"https:\/\/poisonshops.com\/es\/producto\/carbonilo-de-niquel\/","title":{"rendered":"Carbonilo de n\u00edquel"},"content":{"rendered":"<h2 class=\"product_title entry-title\">Comprar carbonilo de n\u00edquel en l\u00ednea<\/h2>\n<h4>Qu\u00e9 es el carbonilo de n\u00edquel<\/h4>\n<p><a href=\"https:\/\/poisonshops.com\/es\/\">Comprar carbonilo de n\u00edquel en l\u00ednea<\/a> (nombre IUPAC: tetracarboniln\u00edquel) es el compuesto organon\u00edquel de f\u00f3rmula Ni(CO)4. Este l\u00edquido incoloro es el principal carbonilo del n\u00edquel.<\/p>\n<p>Es un producto intermedio en el proceso Mond para la producci\u00f3n de n\u00edquel carbonilo de muy alta pureza y un reactivo en la qu\u00edmica organomet\u00e1lica, aunque el proceso Mond ha ca\u00eddo en desuso debido a los riesgos para la salud al trabajar con el compuesto.<\/p>\n<p>El carbonilo de n\u00edquel es una de las sustancias m\u00e1s peligrosas que se han encontrado hasta ahora en la qu\u00edmica del n\u00edquel debido a su alt\u00edsima toxicidad, unida a su gran volatilidad y a su r\u00e1pida absorci\u00f3n cut\u00e1nea. Comprar carbonilo de n\u00edquel en el mercado negro.<\/p>\n<p><img decoding=\"async\" class=\"wp-image-463 aligncenter\" src=\"https:\/\/poisonshops.com\/wp-content\/uploads\/2025\/11\/tttt-1-204x300.png\" alt=\"Tienda de venenos\" width=\"61\" height=\"90\" srcset=\"https:\/\/poisonshops.com\/wp-content\/uploads\/2025\/11\/tttt-1-204x300.png 204w, https:\/\/poisonshops.com\/wp-content\/uploads\/2025\/11\/tttt-1.png 218w\" sizes=\"(max-width: 61px) 100vw, 61px\" \/><\/p>\n<h2><span id=\"Structure_and_bonding\" class=\"mw-headline\">Estructura y enlace<\/span><\/h2>\n<p>En el n\u00edquel tetracarbonilo, el estado de oxidaci\u00f3n del n\u00edquel es cero. La f\u00f3rmula se ajusta a la regla de los 18 electrones. La mol\u00e9cula es tetra\u00e9drica, con cuatro ligandos carbonilo (mon\u00f3xido de carbono). Se han realizado estudios de difracci\u00f3n de electrones en esta mol\u00e9cula, y se ha calculado que las distancias Ni-C y C-O son de 1,838(2) y 1,141(2) angstroms respectivamente. Comprar N\u00edquel carbonilo online.<\/p>\n<h3><span id=\"Preparation\" class=\"mw-headline\">Preparaci\u00f3n<\/span><\/h3>\n<p>El Ni(CO)4 fue sintetizado por primera vez en 1890 por Ludwig Mond mediante la reacci\u00f3n directa del n\u00edquel met\u00e1lico con el CO. Este trabajo pionero prefigur\u00f3 la existencia de muchos otros compuestos carbon\u00edlicos met\u00e1licos, incluidos los de V, Cr, Mn, Fe y Co. Tambi\u00e9n se aplic\u00f3 industrialmente a la purificaci\u00f3n del n\u00edquel a finales del siglo XIX.<\/p>\n<p>A 323 K (50 \u00b0C; 122 \u00b0F), el mon\u00f3xido de carbono pasa sobre el n\u00edquel impuro. La tasa \u00f3ptima se produce a 130 \u00b0C. Comprar carbonilo de n\u00edquel en el mercado negro.<\/p>\n<h4><span id=\"Thermal_decarbonylation\" class=\"mw-headline\">Descarbonilaci\u00f3n t\u00e9rmica<\/span><\/h4>\n<p>Con un calentamiento moderado, Ni(CO)<sub>4<\/sub> se descompone en mon\u00f3xido de carbono y n\u00edquel met\u00e1lico. Combinada con la f\u00e1cil formaci\u00f3n a partir de CO e incluso n\u00edquel muy impuro, esta descomposici\u00f3n es la base del proceso Mond para la purificaci\u00f3n de Buy Nickel Carbonyl Online o el revestimiento de superficies. La descomposici\u00f3n t\u00e9rmica comienza cerca de los 180 \u00b0C y aumenta a mayor temperatura.<\/p>\n<p><img decoding=\"async\" class=\"wp-image-502 aligncenter\" src=\"https:\/\/poisonshops.com\/wp-content\/uploads\/2025\/11\/Bio-Weapons-240x300.png\" alt=\"Armas biol\u00f3gicas\" width=\"78\" height=\"98\" srcset=\"https:\/\/poisonshops.com\/wp-content\/uploads\/2025\/11\/Bio-Weapons-240x300.png 240w, https:\/\/poisonshops.com\/wp-content\/uploads\/2025\/11\/Bio-Weapons.png 265w\" sizes=\"(max-width: 78px) 100vw, 78px\" \/><\/p>\n<h3>Comprar carbonilo de n\u00edquel en l\u00ednea<\/h3>\n<h5><span id=\"Reactions_with_electrophiles_and_oxidizing_agents\" class=\"mw-headline\">Reacciones con electr\u00f3filos y agentes oxidantes<\/span><\/h5>\n<p>El carbonilo de n\u00edquel puede oxidarse. El cloro oxida el carbonilo de n\u00edquel en NiCl<sub>2<\/sub>, liberando gas CO. Otros hal\u00f3genos se comportan de forma an\u00e1loga. Esta reacci\u00f3n proporciona un m\u00e9todo conveniente para precipitar la porci\u00f3n de n\u00edquel del compuesto t\u00f3xico.<\/p>\n<p>Reacciones de Ni(CO)<sub>4<\/sub> con haluros de alquilo y arilo suelen dar lugar a productos org\u00e1nicos carbonilados.<\/p>\n<p>Los haluros vin\u00edlicos, como PhCH=CHBr, se convierten en \u00e9steres insaturados al tratarlos con Ni(CO)<sub>4<\/sub> seguido de met\u00f3xido de sodio.<\/p>\n<p>Es probable que estas reacciones tambi\u00e9n se produzcan por adici\u00f3n oxidativa. Los haluros al\u00edlicos dan los compuestos \u03c0-allyln\u00edquel, como el (alilo)<sub>2<\/sub>Ni<sub>2<\/sub>Cl<sub>2<\/sub>:<\/p>\n<dl>\n<dd>2 Ni(CO)<sub>4<\/sub>\u00a0+ 2 ClCH<sub>2<\/sub>CH=CH<sub>2<\/sub>\u00a0\u2192 Ni<sub>2<\/sub>(<i>\u03bc<\/i>-Cl)<sub>2<\/sub>(<i>\u03b7<\/i><sup>3<\/sup>-C<sub>3<\/sub>H<sub>5<\/sub>)<sub>2<\/sub>\u00a0+ 8 CO<\/dd>\n<\/dl>\n<p><img decoding=\"async\" class=\"wp-image-176 aligncenter\" src=\"https:\/\/poisonshops.com\/wp-content\/uploads\/2025\/11\/poison_shop_logo-300x171.png\" alt=\"Tiendas de venenos\" width=\"104\" height=\"59\" srcset=\"https:\/\/poisonshops.com\/wp-content\/uploads\/2025\/11\/poison_shop_logo-300x171.png 300w, https:\/\/poisonshops.com\/wp-content\/uploads\/2025\/11\/poison_shop_logo.png 563w\" sizes=\"(max-width: 104px) 100vw, 104px\" \/><\/p>","protected":false},"excerpt":{"rendered":"<p><b>Melting point: :<\/b>-19\u00b0C<br \/>\n<b>Boiling point: :<\/b>43\u00b0C<br \/>\n<b>Density\u00a0 :<\/b>1,32 g\/cm<sup>3<\/sup><br \/>\n<b>vapor pressure\u00a0 :<\/b>321 mmHg at 20 \u00b0C<br \/>\n<b>Flash point: :<\/b>&lt;-20\u00b0C<br \/>\n<b>form\u00a0 :<\/b>liquid<br \/>\n<b>color\u00a0 :<\/b>colorless<br \/>\n<b>Odor :<\/b>Sooty odor detectable at 0.5 to 3 ppm<br \/>\n<b>Water Solubility\u00a0 :<\/b>soluble in ~5000 parts air free H2O; soluble alcohol, benzene, chloroform, acetone, CCl4 [MER06]<br \/>\n<b>Sensitive\u00a0 :<\/b>heat sensitive<br \/>\n<b>Exposure limits :<\/b>TLV-TWA: 0.05 ppm (0.35 mg as Ni\/m<sup>3<\/sup>) (ACGIH)<br \/>\nPEL: 0.001 ppm (0.007 mg Ni\/m<sup>3<\/sup>) (OSHA, MSHA and NIOSH)<br \/>\nIDLH: 0.001 ppm (NIOSH, OSHA).\u00a0<b>Stability: :<\/b>Stable. Highly flammable and highly reactive. Explosion hazard.<br \/>\n<b>EPA Substance Registry System :<\/b>Nickel carbonyl (13463-39-3)<\/p>\n","protected":false},"featured_media":343,"comment_status":"open","ping_status":"closed","template":"","meta":[],"product_brand":[],"product_cat":[17],"product_tag":[],"class_list":{"0":"post-342","1":"product","2":"type-product","3":"status-publish","4":"has-post-thumbnail","6":"product_cat-poisons-for-sale","8":"first","9":"instock","10":"shipping-taxable","11":"purchasable","12":"product-type-variable"},"_links":{"self":[{"href":"https:\/\/poisonshops.com\/es\/wp-json\/wp\/v2\/product\/342","targetHints":{"allow":["GET"]}}],"collection":[{"href":"https:\/\/poisonshops.com\/es\/wp-json\/wp\/v2\/product"}],"about":[{"href":"https:\/\/poisonshops.com\/es\/wp-json\/wp\/v2\/types\/product"}],"replies":[{"embeddable":true,"href":"https:\/\/poisonshops.com\/es\/wp-json\/wp\/v2\/comments?post=342"}],"wp:featuredmedia":[{"embeddable":true,"href":"https:\/\/poisonshops.com\/es\/wp-json\/wp\/v2\/media\/343"}],"wp:attachment":[{"href":"https:\/\/poisonshops.com\/es\/wp-json\/wp\/v2\/media?parent=342"}],"wp:term":[{"taxonomy":"product_brand","embeddable":true,"href":"https:\/\/poisonshops.com\/es\/wp-json\/wp\/v2\/product_brand?post=342"},{"taxonomy":"product_cat","embeddable":true,"href":"https:\/\/poisonshops.com\/es\/wp-json\/wp\/v2\/product_cat?post=342"},{"taxonomy":"product_tag","embeddable":true,"href":"https:\/\/poisonshops.com\/es\/wp-json\/wp\/v2\/product_tag?post=342"}],"curies":[{"name":"wp","href":"https:\/\/api.w.org\/{rel}","templated":true}]}}