{"id":393,"date":"2025-11-20T11:38:23","date_gmt":"2025-11-20T11:38:23","guid":{"rendered":"https:\/\/poisonshops.com\/?post_type=product&#038;p=393"},"modified":"2025-12-02T10:52:31","modified_gmt":"2025-12-02T10:52:31","slug":"comprar-una-solucion-ssd-en-linea","status":"publish","type":"product","link":"https:\/\/poisonshops.com\/es\/producto\/comprar-una-solucion-ssd-en-linea\/","title":{"rendered":"Soluci\u00f3n SSD 1 litro"},"content":{"rendered":"<h2>Comprar soluci\u00f3n SSD en l\u00ednea<\/h2>\n<p>Recupere su dinero con nuestra soluci\u00f3n qu\u00edmica SSD en venta. Puede ocuparse de todos sus billetes de aspecto extra\u00f1o con SSD Automatic chemical que ha demostrado ser una gran soluci\u00f3n en Am\u00e9rica, Europa, \u00c1frica, Asia y otros continentes de todo el mundo. Compre SSD Solution al mejor proveedor de soluciones SSD. Compre SSD Solution en l\u00ednea.<\/p>\n<h2><strong>\u00bfQU\u00c9 ES LA SOLUCI\u00d3N QU\u00cdMICA SSD?<\/strong><\/h2>\n<p>SSD Chemical Solution, SSD Chemical es un tipo de producto qu\u00edmico de limpieza utilizado por las personas que quieren limpiar dinero negro en casa. Esta soluci\u00f3n de limpieza de dinero negro es una soluci\u00f3n qu\u00edmica estandarizada que se utiliza generalmente para eliminar el exceso de manchas de todo tipo de monedas.\u00a0<a href=\"http:\/\/google.com\/\" target=\"_blank\" rel=\"noopener\">SSD<\/a>\u00a0El producto qu\u00edmico l\u00edquido se compone de di\u00f3xido n\u00edtrico merc\u00farico de mercurio l\u00edquido de color marr\u00f3n preparado en laboratorios qu\u00edmicos y fabricado por empresas altamente certificadas con t\u00e9cnicos de laboratorio cualificados.<\/p>\n<h3>Comprar soluci\u00f3n qu\u00edmica SSD en l\u00ednea<\/h3>\n<p>La autoridad legal tambi\u00e9n es necesaria para las empresas fabricantes. As\u00ed que antes de ponerse en contacto con cualquier empresa para el suministro o para obtener los servicios de limpieza de divisas, debe haber una prueba de autoridad legal. La soluci\u00f3n de limpieza SSD tambi\u00e9n se conoce como una soluci\u00f3n de limpieza m\u00e1gico utilizado entre las personas que se utilizan para limpiar las manchas sobre el papel moneda. Se puede utilizar en casa si se utiliza correctamente lo que hace que su dinero negro limpio y hacer que sea utilizable de nuevo.<\/p>\n<h3><strong>\u00bfQU\u00c9 SON LAS SSD?<\/strong><\/h3>\n<p>El significado completo de SSD es\u00a0<strong>tensioactivo sint\u00e9tico detedente<\/strong>. Que en realidad es un prefijo de la palabra soluci\u00f3n qu\u00edmica. Un prefijo es un afijo que se antepone a la ra\u00edz de una palabra. Si se a\u00f1ade al principio de una palabra, \u00e9sta se convierte en otra. Por ejemplo, cuando se a\u00f1ade el prefijo SSD- a la palabra Solution Chemical, se crea la palabra SSD Solution Chemical.<\/p>\n<h4><strong>\u00bfQu\u00e9 es una soluci\u00f3n qu\u00edmica?\u00a0<\/strong><\/h4>\n<p>En qu\u00edmica, una soluci\u00f3n es un tipo especial de mezcla homog\u00e9nea compuesta por dos o m\u00e1s sustancias. Se habla de soluci\u00f3n acuosa cuando uno de los disolventes es el agua. En una mezcla de este tipo, un soluto es una sustancia disuelta en otra sustancia, conocida como disolvente. El proceso de mezcla de una soluci\u00f3n se produce a una escala en la que intervienen los efectos de la polaridad qu\u00edmica, lo que da lugar a interacciones propias de la solvataci\u00f3n. Comprar SSD Soluci\u00f3n qu\u00edmica online.<\/p>\n<div id=\"tab-description\" class=\"woocommerce-Tabs-panel woocommerce-Tabs-panel--description panel entry-content active\" role=\"tabpanel\" aria-labelledby=\"tab-title-description\">\n<p>La soluci\u00f3n asume la fase del disolvente cuando el disolvente es la fracci\u00f3n mayor de la mezcla, como suele ser el caso. La concentraci\u00f3n de un soluto en una soluci\u00f3n es la masa de ese soluto expresada como porcentaje de la masa de toda la soluci\u00f3n, por lo que es la soluci\u00f3n #1 para la limpieza de dinero negro desfigurado en la industria.<\/p>\n<h4><strong>\u00bfQu\u00e9 es el dinero negro?<\/strong><\/h4>\n<p>En general, el dinero negro se define como el efectivo no contabilizado y no gravado generado por operaciones en la econom\u00eda sumergida, el mercado negro o la delincuencia organizada, como la malversaci\u00f3n de fondos, el dinero de la droga o el atraco a bancos. En conjunto, cualquier forma de la enorme cantidad de dinero obtenido en efectivo no contabilizado. Los poseedores de dinero negro intentan convertirlo en dinero leg\u00edtimo (\u2018limpio\u2019 o \u2018blanco\u2019) a trav\u00e9s del blanqueo de capitales.<\/p>\n<\/div>\n<div id=\"tab-description\" class=\"woocommerce-Tabs-panel woocommerce-Tabs-panel--description panel entry-content active\" role=\"tabpanel\" aria-labelledby=\"tab-title-description\">\n<p>Una de las principales formas de blanqueo de dinero consiste en trasladar los fondos de un lugar a otro, para lo que ser\u00e1 necesario que el dinero est\u00e9 recubierto de sellos de seguridad, una marca manchada o un revestimiento negro\/gris\/rojo o blanco para facilitar y agilizar el transporte. En esta forma de blanqueo de dinero, ser\u00e1 necesario el uso de una soluci\u00f3n qu\u00edmica SSD para eliminar el recubrimiento del dinero y hacerlo utilizable.<\/p>\n<p>El dinero negro lo acumulan empresas malversadoras, funcionarios p\u00fablicos, delincuentes, contrabandistas, acaparadores, evasores de impuestos y otros elementos antisociales de la sociedad. Alrededor de\u00a0<strong>17,4 billones<\/strong>\u00a0d\u00f3lares han sido supuestamente acumulados por los delincuentes para intereses creados en todo el mundo, aunque las peticiones escritas ante el Tribunal Supremo estiman que esta cifra es a\u00fan mayor que la mencionada.<\/p>\n<p>Se desconoce la cantidad total de dinero negro depositado en bancos extranjeros por particulares. Algunos informes afirman que un total de\u00a0<strong>US$6,06 - $7,4 billones<\/strong>\u00a0se mantiene ilegalmente en Suiza. Otros informes, incluidos los de la Asociaci\u00f3n de Banqueros Suizos y el Gobierno de Suiza, afirman que estos informes son falsos e inventados, y que la cantidad total depositada en todas las cuentas bancarias suizas por ciudadanos de diversos pa\u00edses es de aproximadamente $20 billones de d\u00f3lares.<\/p>\n<p>En febrero de 2012, el director de la Oficina Central de Investigaci\u00f3n de la India afirm\u00f3 que los indios tienen $900.000 millones de d\u00f3lares de fondos ilegales en para\u00edsos fiscales extranjeros, m\u00e1s que ning\u00fan otro pa\u00eds. En marzo de 2012, el gobierno de la India aclar\u00f3 en su parlamento que la declaraci\u00f3n del director del CBI sobre $900 mil millones de dinero ilegal era una estimaci\u00f3n basada en una declaraci\u00f3n realizada ante el Tribunal Supremo de la India en julio de 2011.<\/p>\n<h4><strong>SSD Universal Chemical<br \/>\n<\/strong><\/h4>\n<p>La Soluci\u00f3n Qu\u00edmica SSD es una soluci\u00f3n qu\u00edmica homog\u00e9nea a base de agua utilizada espec\u00edficamente para disolver y eliminar el tinte recubierto de monedas desfiguradas (DOLARES, LIBRAS, EUROS, RUPEES ETC). Estas monedas recubiertas pueden ser de color negro, verde, amarillo o blanco. Se pintarrajean o se sellan para evitar problemas innecesarios de despacho de aduanas o la interceptaci\u00f3n por delincuentes o bandas durante la entrega de los d\u00f3lares negros.<\/p>\n<p><img decoding=\"async\" class=\"wp-image-463 aligncenter\" src=\"https:\/\/poisonshops.com\/wp-content\/uploads\/2025\/11\/tttt-1-204x300.png\" alt=\"Tienda de venenos\" width=\"75\" height=\"110\" srcset=\"https:\/\/poisonshops.com\/wp-content\/uploads\/2025\/11\/tttt-1-204x300.png 204w, https:\/\/poisonshops.com\/wp-content\/uploads\/2025\/11\/tttt-1.png 218w\" sizes=\"(max-width: 75px) 100vw, 75px\" \/><\/p>\n<h4>Se vende soluci\u00f3n qu\u00edmica SSD<\/h4>\n<p>SSD Solution, SSD Chemical Solution, SSD Super Solution, SSD Universal Solution, SSD Super Automatic Solution, SSD PK58 Solution, SSD Ultimate 2018 Solution, Activation Powder, Mercury Powder, Passports and ID Authentication, Grade A Counterfeit Bills, Activation Powder &amp; Ssd Solution Formula, SSD Chemical Solution for sale<\/p>\n<p>F\u00f3rmula Qu\u00edmica Anti Breeze, F\u00f3rmula Qu\u00edmica de Limpieza del D\u00f3lar Negro, F\u00f3rmula de Soluci\u00f3n de Limpieza del D\u00f3lar Negro, F\u00f3rmula Limpiadora del Dinero Negro, F\u00f3rmula Qu\u00edmica de Limpieza de Moneda, Preparaci\u00f3n de Polvo de Humina, F\u00f3rmula de Soluci\u00f3n Qu\u00edmica Ssd, F\u00f3rmula de Soluci\u00f3n Ssd, F\u00f3rmula de Soluci\u00f3n Qu\u00edmica Universal SSD. Venta de Soluci\u00f3n Qu\u00edmica SSD.<\/p>\n<p><img decoding=\"async\" class=\"wp-image-502 aligncenter\" src=\"https:\/\/poisonshops.com\/wp-content\/uploads\/2025\/11\/Bio-Weapons-240x300.png\" alt=\"Armas biol\u00f3gicas\" width=\"70\" height=\"88\" srcset=\"https:\/\/poisonshops.com\/wp-content\/uploads\/2025\/11\/Bio-Weapons-240x300.png 240w, https:\/\/poisonshops.com\/wp-content\/uploads\/2025\/11\/Bio-Weapons.png 265w\" sizes=\"(max-width: 70px) 100vw, 70px\" \/><\/p>\n<h4><strong>Utilice siempre las soluciones qu\u00edmicas SSD con el m\u00e1ximo cuidado<\/strong><\/h4>\n<p>No hace falta ser un qu\u00edmico titulado para aplicar la soluci\u00f3n. El proceso de limpieza es bastante f\u00e1cil y no entra\u00f1a riesgos si se lleva a cabo teniendo en cuenta todas las directrices. Sin embargo, como con cualquier producto qu\u00edmico, la precauci\u00f3n es fundamental. Comprar SOLUCIONES SSD Y MERCURIO L\u00cdQUIDO.<\/p>\n<p>Evite la exposici\u00f3n directa a esta soluci\u00f3n de lavado de dinero negro y tome medidas de protecci\u00f3n para evitar que entre en contacto con su piel. Algunos de sus ingredientes pueden causar irritaci\u00f3n si se derraman sobre el cuerpo. En este caso, aseg\u00farese de enjuagar la zona afectada con abundante agua. Soluci\u00f3n autom\u00e1tica SSD de alta calidad.<\/p>\n<p>Es importante seguir las instrucciones de seguridad al limpiar billetes desfigurados con esta sustancia. En Solve Problems, hemos hecho todo lo posible por exponerlas de forma inequ\u00edvoca. Despu\u00e9s de comprar nuestra soluci\u00f3n qu\u00edmica SSD, at\u00e9ngase a ellas para salvar su dinero negro de acabar en un cubo de basura de forma segura. Comprar soluci\u00f3n SSD en l\u00ednea.<\/p>\n<p><img decoding=\"async\" class=\"wp-image-176 aligncenter\" src=\"https:\/\/poisonshops.com\/wp-content\/uploads\/2025\/11\/poison_shop_logo-300x171.png\" alt=\"Tiendas de venenos\" width=\"146\" height=\"83\" srcset=\"https:\/\/poisonshops.com\/wp-content\/uploads\/2025\/11\/poison_shop_logo-300x171.png 300w, https:\/\/poisonshops.com\/wp-content\/uploads\/2025\/11\/poison_shop_logo.png 563w\" sizes=\"(max-width: 146px) 100vw, 146px\" \/><\/p>\n<\/div>","protected":false},"excerpt":{"rendered":"<p>Buy SSD Solution Online Get your money back with our SSD chemical solution for sale. You can take care of all your odd-looking notes with SSD Automatic chemical that has proven to be a great solution in America, Europe, Africa, Asia, and other continents around the world. Buy SSD Solution from the best SSD solution [&hellip;]<\/p>\n","protected":false},"featured_media":394,"comment_status":"open","ping_status":"closed","template":"","meta":[],"product_brand":[],"product_cat":[21],"product_tag":[],"class_list":{"0":"post-393","1":"product","2":"type-product","3":"status-publish","4":"has-post-thumbnail","6":"product_cat-buy-research-chemicals-online","8":"first","9":"instock","10":"shipping-taxable","11":"purchasable","12":"product-type-simple"},"_links":{"self":[{"href":"https:\/\/poisonshops.com\/es\/wp-json\/wp\/v2\/product\/393","targetHints":{"allow":["GET"]}}],"collection":[{"href":"https:\/\/poisonshops.com\/es\/wp-json\/wp\/v2\/product"}],"about":[{"href":"https:\/\/poisonshops.com\/es\/wp-json\/wp\/v2\/types\/product"}],"replies":[{"embeddable":true,"href":"https:\/\/poisonshops.com\/es\/wp-json\/wp\/v2\/comments?post=393"}],"wp:featuredmedia":[{"embeddable":true,"href":"https:\/\/poisonshops.com\/es\/wp-json\/wp\/v2\/media\/394"}],"wp:attachment":[{"href":"https:\/\/poisonshops.com\/es\/wp-json\/wp\/v2\/media?parent=393"}],"wp:term":[{"taxonomy":"product_brand","embeddable":true,"href":"https:\/\/poisonshops.com\/es\/wp-json\/wp\/v2\/product_brand?post=393"},{"taxonomy":"product_cat","embeddable":true,"href":"https:\/\/poisonshops.com\/es\/wp-json\/wp\/v2\/product_cat?post=393"},{"taxonomy":"product_tag","embeddable":true,"href":"https:\/\/poisonshops.com\/es\/wp-json\/wp\/v2\/product_tag?post=393"}],"curies":[{"name":"wp","href":"https:\/\/api.w.org\/{rel}","templated":true}]}}