{"id":95,"date":"2017-12-21T04:37:21","date_gmt":"2017-12-21T04:37:21","guid":{"rendered":"https:\/\/wordpress.gradientthemes.com\/brand-shop\/product\/dnk-blue-shoes\/"},"modified":"2025-12-03T10:36:58","modified_gmt":"2025-12-03T10:36:58","slug":"comprar-nembutal-pentobarbital-liquido-oral","status":"publish","type":"product","link":"https:\/\/poisonshops.com\/es\/producto\/comprar-nembutal-pentobarbital-liquido-oral\/","title":{"rendered":"Nembutal Pentobarbital L\u00edquido oral"},"content":{"rendered":"<h2>Comprar Nembutal Pentobarbital L\u00edquido Oral Online<\/h2>\n<p>Bienvenido a Bio Armas , la principal fuente de alta calidad Nembutal Pentobarbital l\u00edquido oral. Nuestro l\u00edquido oral Nembutal est\u00e1 disponible exclusivamente para personas autorizadas con recetas v\u00e1lidas. Estamos dedicados a proporcionar una calidad superior, la seguridad y la satisfacci\u00f3n del cliente, lo que nos convierte en un nombre de confianza en la industria.<\/p>\n<h4><strong>\u00bfQu\u00e9 es Nembutal Pentobarbital L\u00edquido Oral?<\/strong><\/h4>\n<p>El Nembutal, tambi\u00e9n conocido como pentobarbital, es un medicamento barbit\u00farico utilizado por sus propiedades sedantes, anest\u00e9sicas y anticonvulsivantes. La forma l\u00edquida oral de Nembutal ofrece flexibilidad en la dosificaci\u00f3n y facilidad de administraci\u00f3n, por lo que es una opci\u00f3n ideal para diversas aplicaciones m\u00e9dicas. Nuestro Nembutal l\u00edquido oral est\u00e1 meticulosamente formulado para garantizar su precisi\u00f3n y eficacia.<\/p>\n<h4><strong>Usos de Nembutal Pentobarbital L\u00edquido Oral<\/strong><\/h4>\n<p>Nembutal l\u00edquido oral se utiliza en una variedad de contextos m\u00e9dicos, incluyendo:<\/p>\n<ol>\n<li><strong>Sedaci\u00f3n<\/strong>: El Nembutal l\u00edquido oral se utiliza frecuentemente para inducir la sedaci\u00f3n en pacientes sometidos a procedimientos m\u00e9dicos. Su r\u00e1pida aparici\u00f3n garantiza que los pacientes alcancen r\u00e1pidamente un estado de relajaci\u00f3n y comodidad.<\/li>\n<li><strong>Anestesia<\/strong>: En entornos quir\u00fargicos, el Nembutal l\u00edquido oral se utiliza como agente preanest\u00e9sico para inducir el sue\u00f1o profundo. Su eficacia y fiabilidad lo convierten en una valiosa herramienta para los anestesi\u00f3logos.<\/li>\n<li><strong>Control de las incautaciones<\/strong>: El Nembutal es eficaz en el tratamiento de las convulsiones agudas, especialmente en situaciones de emergencia. Act\u00faa deprimiendo el sistema nervioso central, reduciendo as\u00ed la actividad convulsiva.<\/li>\n<li><strong>Eutanasia<\/strong>: En medicina veterinaria, el Nembutal l\u00edquido oral se utiliza para la eutanasia humanitaria de los animales. Sus propiedades de acci\u00f3n r\u00e1pida garantizan una transici\u00f3n pac\u00edfica y sin dolor.<\/li>\n<\/ol>\n<h4><strong>Calidad y pureza<\/strong><\/h4>\n<p>En Bio Weapons comprendemos la importancia cr\u00edtica de la pureza y la calidad de los productos farmac\u00e9uticos. Nuestro l\u00edquido oral Nembutal procede de fabricantes de renombre y se somete a estrictos procesos de control de calidad. Cada lote se somete a rigurosas pruebas de pureza y potencia, asegurando que cumple con los m\u00e1s altos est\u00e1ndares de la industria. Cuando usted compra Nembutal Pentobarbital l\u00edquido oral de nosotros, usted puede confiar en que usted est\u00e1 recibiendo un producto que es seguro, eficaz y fiable.<\/p>\n<h4><strong>Posolog\u00eda y administraci\u00f3n<\/strong><\/h4>\n<p>Nembutal Pentobarbital l\u00edquido oral debe utilizarse siguiendo estrictamente las instrucciones proporcionadas por un profesional sanitario. La dosis y el m\u00e9todo de administraci\u00f3n pueden variar en funci\u00f3n de la afecci\u00f3n m\u00e9dica espec\u00edfica y de las necesidades individuales del paciente. Es fundamental seguir la posolog\u00eda prescrita para garantizar la seguridad y la eficacia.<\/p>\n<p><strong>Preparaci\u00f3n y almacenamiento<\/strong>:<\/p>\n<ul>\n<li><strong>Preparaci\u00f3n<\/strong>: El Nembutal l\u00edquido oral se administra por v\u00eda oral, midiendo la dosis con precisi\u00f3n mediante una jeringa de uso m\u00e9dico o un dispositivo de medici\u00f3n.<\/li>\n<li><strong>Almacenamiento<\/strong>: Conserve el Nembutal l\u00edquido oral en un lugar fresco y seco, protegido de la luz solar directa y de la humedad. Mant\u00e9ngalo fuera del alcance de los ni\u00f1os y animales dom\u00e9sticos.<\/li>\n<\/ul>\n<h4><strong>Efectos secundarios y precauciones<\/strong><\/h4>\n<p>Como todos los medicamentos, el Nembutal l\u00edquido oral puede producir efectos secundarios. Los efectos secundarios comunes incluyen somnolencia, mareos, n\u00e1useas y dolor de cabeza. En raras ocasiones, pueden producirse efectos secundarios m\u00e1s graves, como depresi\u00f3n respiratoria, hipotensi\u00f3n o reacciones al\u00e9rgicas. Es esencial buscar atenci\u00f3n m\u00e9dica inmediata si se experimenta alg\u00fan efecto secundario grave.<\/p>\n<p><strong>Precauciones<\/strong>:<\/p>\n<ul>\n<li><strong>Historial m\u00e9dico<\/strong>: Informe a su m\u00e9dico de su historial m\u00e9dico completo, especialmente si tiene antecedentes de enfermedad hep\u00e1tica, enfermedad renal o afecciones respiratorias.<\/li>\n<li><strong>Interacciones farmacol\u00f3gicas<\/strong>: Nembutal puede interactuar con otros medicamentos, incluyendo sedantes, opioides y alcohol. Aseg\u00farese de que su m\u00e9dico conoce todos los medicamentos que est\u00e1 tomando.<\/li>\n<li><strong>Embarazo y lactancia<\/strong>: Nembutal debe utilizarse con precauci\u00f3n durante el embarazo y la lactancia. Consulte a su m\u00e9dico para que le oriente.<\/li>\n<\/ul>\n<p><img decoding=\"async\" class=\"wp-image-463 aligncenter\" src=\"https:\/\/poisonshops.com\/wp-content\/uploads\/2025\/11\/tttt-1-204x300.png\" alt=\"Tienda de venenos\" width=\"56\" height=\"82\" srcset=\"https:\/\/poisonshops.com\/wp-content\/uploads\/2025\/11\/tttt-1-204x300.png 204w, https:\/\/poisonshops.com\/wp-content\/uploads\/2025\/11\/tttt-1.png 218w\" sizes=\"(max-width: 56px) 100vw, 56px\" \/><\/p>\n<h4><strong>\u00bfPor qu\u00e9 elegir las armas biol\u00f3gicas?<\/strong><\/h4>\n<ol>\n<li><strong>Garant\u00eda de calidad<\/strong>: Damos prioridad a la calidad y la seguridad, garantizando que nuestro Nembutal l\u00edquido oral cumpla las normas m\u00e1s exigentes del sector.<\/li>\n<li><strong>Vendedores autorizados<\/strong>Bio Weapons es un vendedor de confianza y autorizado que suministra productos aut\u00e9nticos a personas autorizadas con receta m\u00e9dica.<\/li>\n<li><strong>Transacciones seguras<\/strong>: Nuestra plataforma en l\u00ednea garantiza transacciones seguras, protegiendo su informaci\u00f3n personal y financiera.<\/li>\n<li><strong>Atenci\u00f3n al cliente<\/strong>: Nuestro equipo de atenci\u00f3n al cliente est\u00e1 a su disposici\u00f3n para ayudarle con cualquier pregunta o duda, ofreci\u00e9ndole un servicio profesional y amable.<\/li>\n<li><strong>Entrega puntual<\/strong>: Comprendemos la importancia de una entrega puntual. Nuestro proceso de env\u00edo eficiente asegura que usted reciba su Nembutal l\u00edquido oral con prontitud y discreci\u00f3n.<\/li>\n<\/ol>\n<h4><strong>Conclusi\u00f3n<\/strong><\/h4>\n<p>Bio Armas es su fuente de confianza para la alta calidad Nembutal Pentobarbital l\u00edquido oral. Estamos comprometidos a proporcionar productos seguros, eficaces y fiables a las personas aprobadas con recetas v\u00e1lidas. Nuestro enfoque en la calidad, la satisfacci\u00f3n del cliente y transacciones seguras nos distingue en la industria. Compre con confianza en Bio Weapons y experimente la diferencia en calidad y servicio.<\/p>\n<p><strong>Pida hoy mismo su Nembutal Pentobarbital l\u00edquido oral<\/strong> y \u00fanase a nuestros clientes satisfechos que conf\u00edan en Bio Weapons para sus necesidades m\u00e9dicas. Su salud y seguridad son nuestras principales prioridades.<\/p>\n<p>Compre Nembutal Pentobarbital l\u00edquido oral de alta calidad en Poison Shops . S\u00f3lo para personas autorizadas con receta m\u00e9dica. Compra segura, entrega r\u00e1pida y satisfacci\u00f3n del cliente garantizada.<\/p>\n<p><img decoding=\"async\" class=\"wp-image-502 aligncenter\" src=\"https:\/\/poisonshops.com\/wp-content\/uploads\/2025\/11\/Bio-Weapons-240x300.png\" alt=\"Armas biol\u00f3gicas\" width=\"85\" height=\"106\" srcset=\"https:\/\/poisonshops.com\/wp-content\/uploads\/2025\/11\/Bio-Weapons-240x300.png 240w, https:\/\/poisonshops.com\/wp-content\/uploads\/2025\/11\/Bio-Weapons.png 265w\" sizes=\"(max-width: 85px) 100vw, 85px\" \/><\/p>\n<h4><\/h4>\n<ol>\n<li>Comprar Nembutal Pentobarbital L\u00edquido Oral Online<\/li>\n<li>Nembutal L\u00edquido Oral de Alta Calidad para Uso M\u00e9dico<\/li>\n<li>Comprar Nembutal Pentobarbital L\u00edquido Oral con seguridad<\/li>\n<li>Fuente de confianza para Nembutal Pentobarbital L\u00edquido Oral<\/li>\n<li>Comprar Nembutal Pentobarbital L\u00edquido Oral con seguridad<\/li>\n<li>Entrega r\u00e1pida de Nembutal Pentobarbital L\u00edquido Oral<\/li>\n<li>Proveedor fiable de Nembutal Pentobarbital L\u00edquido Oral<\/li>\n<li>Authentic Nembutal Pentobarbital Oral Liquid for Sale<\/li>\n<li>Comprar Nembutal L\u00edquido Oral a vendedores autorizados<\/li>\n<li>Mejor lugar para comprar Nembutal Pentobarbital L\u00edquido Oral<\/li>\n<\/ol>\n<h4><\/h4>\n<p>Nembutal Pentobarbital l\u00edquido oral, Comprar Nembutal l\u00edquido oral, Comprar Nembutal Pentobarbital l\u00edquido, Nembutal l\u00edquido oral en venta, Nembutal l\u00edquido oral de alta calidad, Compra segura de Nembutal Pentobarbital l\u00edquido, Nembutal l\u00edquido para uso m\u00e9dico, Fuente fiable de Nembutal l\u00edquido oral, Comprar Nembutal l\u00edquido legalmente, Nembutal l\u00edquido oral con receta, Nembutal l\u00edquido para eutanasia, Pedir Nembutal Pentobarbital l\u00edquido oral, Nembutal l\u00edquido para sedaci\u00f3n,<\/p>\n<p>Nembutal Pentobarbital liquido original, Nembutal liquido oral entrega, Nembutal liquido vendedor de confianza, Comprar Nembutal liquido con seguridad, Nembutal liquido autentico, Nembutal liquido proveedor, Nembutal liquido en USA, Nembutal liquido oral disponibilidad, Entrega rapida de Nembutal liquido, Nembutal Pentobarbital l\u00edquido de calidad, Nembutal l\u00edquido farmacia, Nembutal l\u00edquido para anestesia, Comprar Nembutal l\u00edquido online, Compra segura de Nembutal l\u00edquido, Nembutal Pentobarbital l\u00edquido oral para profesionales, Nembutal l\u00edquido fuente fiable, Nembutal l\u00edquido env\u00edo mundial<\/p>\n<p><img decoding=\"async\" class=\"wp-image-176 aligncenter\" src=\"https:\/\/poisonshops.com\/wp-content\/uploads\/2025\/11\/poison_shop_logo-300x171.png\" alt=\"Tiendas de venenos\" width=\"128\" height=\"73\" srcset=\"https:\/\/poisonshops.com\/wp-content\/uploads\/2025\/11\/poison_shop_logo-300x171.png 300w, https:\/\/poisonshops.com\/wp-content\/uploads\/2025\/11\/poison_shop_logo.png 563w\" sizes=\"(max-width: 128px) 100vw, 128px\" \/><\/p>","protected":false},"excerpt":{"rendered":"<p>Buy Nembutal Pentobarbital Oral Liquid Online Welcome to Bio Weapons , the premier source for high-quality Nembutal Pentobarbital oral liquid. Our Nembutal oral liquid is available exclusively to approved individuals with valid prescriptions. We are dedicated to providing superior quality, safety, and customer satisfaction, making us a trusted name in the industry. What is Nembutal [&hellip;]<\/p>\n","protected":false},"featured_media":216,"comment_status":"open","ping_status":"closed","template":"","meta":[],"product_brand":[],"product_cat":[18],"product_tag":[],"class_list":{"0":"post-95","1":"product","2":"type-product","3":"status-publish","4":"has-post-thumbnail","6":"product_cat-buy-nembutal-pentobarbital","8":"first","9":"instock","10":"featured","11":"shipping-taxable","12":"purchasable","13":"product-type-variable"},"_links":{"self":[{"href":"https:\/\/poisonshops.com\/es\/wp-json\/wp\/v2\/product\/95","targetHints":{"allow":["GET"]}}],"collection":[{"href":"https:\/\/poisonshops.com\/es\/wp-json\/wp\/v2\/product"}],"about":[{"href":"https:\/\/poisonshops.com\/es\/wp-json\/wp\/v2\/types\/product"}],"replies":[{"embeddable":true,"href":"https:\/\/poisonshops.com\/es\/wp-json\/wp\/v2\/comments?post=95"}],"wp:featuredmedia":[{"embeddable":true,"href":"https:\/\/poisonshops.com\/es\/wp-json\/wp\/v2\/media\/216"}],"wp:attachment":[{"href":"https:\/\/poisonshops.com\/es\/wp-json\/wp\/v2\/media?parent=95"}],"wp:term":[{"taxonomy":"product_brand","embeddable":true,"href":"https:\/\/poisonshops.com\/es\/wp-json\/wp\/v2\/product_brand?post=95"},{"taxonomy":"product_cat","embeddable":true,"href":"https:\/\/poisonshops.com\/es\/wp-json\/wp\/v2\/product_cat?post=95"},{"taxonomy":"product_tag","embeddable":true,"href":"https:\/\/poisonshops.com\/es\/wp-json\/wp\/v2\/product_tag?post=95"}],"curies":[{"name":"wp","href":"https:\/\/api.w.org\/{rel}","templated":true}]}}