{"id":137,"date":"2017-12-17T10:06:43","date_gmt":"2017-12-17T10:06:43","guid":{"rendered":"https:\/\/wordpress.gradientthemes.com\/brand-shop\/about\/"},"modified":"2025-11-29T14:33:52","modified_gmt":"2025-11-29T14:33:52","slug":"boutiques-de-poison","status":"publish","type":"page","link":"https:\/\/poisonshops.com\/fr\/boutiques-de-poison\/","title":{"rendered":"\u00c0 propos"},"content":{"rendered":"<div data-elementor-type=\"wp-post\" data-elementor-id=\"137\" class=\"elementor elementor-137\">\n\t\t\t\t<div class=\"elementor-element elementor-element-b4375f3 e-flex e-con-boxed e-con e-parent\" data-id=\"b4375f3\" data-element_type=\"container\" data-e-type=\"container\">\n\t\t\t\t\t<div class=\"e-con-inner\">\n\t\t\t\t<div class=\"elementor-element elementor-element-c2b1470 elementor-widget elementor-widget-text-editor\" data-id=\"c2b1470\" data-element_type=\"widget\" data-e-type=\"widget\" data-widget_type=\"text-editor.default\">\n\t\t\t\t<div class=\"elementor-widget-container\">\n\t\t\t\t\t\t\t\t\t<h2>Magasins de poisons<\/h2><p>Bienvenue chez Poison Shops, votre fournisseur privil\u00e9gi\u00e9 d'agents biochimiques et de toxines de haute qualit\u00e9, sp\u00e9cialis\u00e9 dans les produits haut de gamme et les substances les plus toxiques au monde. Depuis nos installations situ\u00e9es \u00e0 <strong>Allemagne, Suisse,<\/strong> et<strong> France<\/strong>, nous nous engageons \u00e0 fournir \u00e0 nos clients des produits et services haut de gamme. Notre priorit\u00e9 accord\u00e9e \u00e0 la s\u00e9curit\u00e9, \u00e0 la s\u00fbret\u00e9 et \u00e0 la satisfaction client nous distingue dans le secteur. Boutique d'armes biologiques.<\/p><p>\u00c0 <a href=\"https:\/\/poisonshops.com\/fr\/\">Magasins de poisons<\/a>, nous veillons au respect rigoureux des r\u00e9glementations internationales, en accordant la priorit\u00e9 \u00e0 la responsabilit\u00e9 p<strong>Emballage, manutention, exp\u00e9dition, <\/strong>et <strong>distribution<\/strong> de mati\u00e8res dangereuses. Notre \u00e9quipe est bien form\u00e9e et \u00e9quip\u00e9e de mat\u00e9riel de pointe. <strong>\u00e9quipement de protection individuelle (EPI),<\/strong> et toutes les exp\u00e9ditions comprennent une couverture compl\u00e8te <strong>Fiches de donn\u00e9es de s\u00e9curit\u00e9 (FDS)<\/strong> pour votre assurance et votre s\u00e9curit\u00e9. Notre gamme comprend <strong>Arsenic, aconitine, batrachotoxine, toxine botulique, cyanure, dim\u00e9thylmercure, ma\u00eftotoxine, polonium 210, ricine, sarin, t\u00e9trodotoxine, nembutal (m\u00e9dicament utilis\u00e9 pour le suicide).<a href=\"https:\/\/duckduckgo.com\/\" target=\"_blank\" rel=\"noopener\">,<\/a>et VR Nerve Agent. Le meilleur endroit pour commander du poison en toute discr\u00e9tion.<\/strong><\/p><p><img decoding=\"async\" class=\"wp-image-502 aligncenter\" src=\"https:\/\/poisonshops.com\/wp-content\/uploads\/2025\/11\/Bio-Weapons-240x300.png\" alt=\"Armes biologiques\" width=\"53\" height=\"66\" srcset=\"https:\/\/poisonshops.com\/wp-content\/uploads\/2025\/11\/Bio-Weapons-240x300.png 240w, https:\/\/poisonshops.com\/wp-content\/uploads\/2025\/11\/Bio-Weapons.png 265w\" sizes=\"(max-width: 53px) 100vw, 53px\" \/><\/p><p>Que vous souhaitiez utiliser nos poisons\/toxines \u00e0 des fins de recherche, d'euthanasie, que vous dirigiez un laboratoire de recherche pour Poison Shops ou que vous ayez l'intention de mener \u00e0 bien un nettoyage ethnique ou des assassinats, faites confiance \u00e0 Poison Shops pour vous fournir des toxines fiables avec des solutions de livraison discr\u00e8tes et des transactions s\u00e9curis\u00e9es uniquement par cryptage. Achetez des produits chimiques de recherche en ligne.<\/p><p>Nous proposons diff\u00e9rentes options d'exp\u00e9dition, notamment <strong>standard <\/strong>et<strong> services express,<\/strong> avec <strong>livraison gratuite<\/strong> pour les commandes sup\u00e9rieures \u00e0<strong> \u20ac10,000<\/strong>. Pour les besoins sp\u00e9cifiques, nous fournissons un <strong>bo\u00eete morte <\/strong>service \u00e0 <strong>coordonn\u00e9es GPS sp\u00e9cifiques<\/strong>. Nos politiques refl\u00e8tent notre engagement \u00e0 fournir un service s\u00e9curis\u00e9 et efficace, notamment gr\u00e2ce \u00e0 une politique claire en mati\u00e8re de remboursements et de retours, ax\u00e9e sur les commandes non re\u00e7ues ou retard\u00e9es.<\/p><p>Bio Weapons est un partenaire de confiance dans le secteur biochimique, qui respecte les normes les plus strictes en mati\u00e8re d'int\u00e9grit\u00e9, d'innovation et d'expertise. Merci d'avoir choisi Bio Weapons pour vos besoins biochimiques sp\u00e9cialis\u00e9s. Achetez des poisons.<\/p><p><img decoding=\"async\" class=\"wp-image-489 aligncenter\" src=\"https:\/\/poisonshops.com\/wp-content\/uploads\/2025\/11\/Buy-poisons-and-toxins-anonymously-300x200.jpg\" alt=\"Achetez des poisons et des toxines de mani\u00e8re anonyme\" width=\"74\" height=\"49\" srcset=\"https:\/\/poisonshops.com\/wp-content\/uploads\/2025\/11\/Buy-poisons-and-toxins-anonymously-300x200.jpg 300w, https:\/\/poisonshops.com\/wp-content\/uploads\/2025\/11\/Buy-poisons-and-toxins-anonymously-446x297.jpg 446w, https:\/\/poisonshops.com\/wp-content\/uploads\/2025\/11\/Buy-poisons-and-toxins-anonymously.jpg 474w\" sizes=\"(max-width: 74px) 100vw, 74px\" \/><\/p><h3>Achetez des poisons et des toxines de mani\u00e8re anonyme<\/h3><p>Il est d\u00e9sormais plus courant d'utiliser des m\u00e9thodes plus discr\u00e8tes et plus silencieuses pour commettre un meurtre. Divers poisons \u00e0 action lente viennent \u00e0 la rescousse. Il n'y a plus rien de nouveau dans ce monde, et les poisons \u00e9taient \u00e9galement utilis\u00e9s dans les pays civilis\u00e9s : dans l'\u00c9gypte antique, en Europe au Moyen \u00c2ge. \u00c0 cette \u00e9poque, la m\u00e9decine ne disposait pas de m\u00e9decine l\u00e9gale, personne ne savait pourquoi une personne d\u00e9c\u00e9dait, et il \u00e9tait donc facile de commander n'importe quel type de mort aupr\u00e8s des chimistes d'autrefois : lente et tortueuse, rapide et indolore, dans le sommeil, par crise cardiaque, etc.<\/p><p>Aujourd'hui, gr\u00e2ce aux m\u00e9thodes modernes permettant de d\u00e9terminer la cause du d\u00e9c\u00e8s, il est devenu extr\u00eamement difficile d'empoisonner quelqu'un. En particulier si la personne meurt subitement, les gens soup\u00e7onneront imm\u00e9diatement un empoisonnement. Le poison \u00e0 rat vendu dans le commerce ne convient pas, car l'examen m\u00e9dico-l\u00e9gal permettra imm\u00e9diatement de d\u00e9tecter sa pr\u00e9sence dans le sang ou les l\u00e9sions organiques lors de l'autopsie.\u00a0<\/p><p>Par cons\u00e9quent, l'utilisation de poisons chimiques tels que le cyanure, le m\u00e9thylmercure et l'arsenic est dangereuse d'un point de vue juridique. Ils restent dans le corps apr\u00e8s la mort et les signes ext\u00e9rieurs sont tr\u00e8s \u00e9vidents pour les sp\u00e9cialistes des examens m\u00e9dico-l\u00e9gaux.<\/p><p>Je cr\u00e9e des poisons biologiques \u00e0 effet prolong\u00e9 soigneusement s\u00e9lectionn\u00e9s, et je synth\u00e9tise un d\u00e9guisement sous forme de s\u00e9rum pour certains d'entre eux. Pourquoi inventer quelque chose alors que la nature l'a d\u00e9j\u00e0 fait pour vous ?<\/p><p>Je cr\u00e9e des poisons biologiques \u00e0 effet prolong\u00e9 soigneusement s\u00e9lectionn\u00e9s, et je synth\u00e9tise un d\u00e9guisement sous forme de s\u00e9rum pour certains d'entre eux. Pourquoi inventer quelque chose alors que la nature l'a d\u00e9j\u00e0 fait pour vous ?<\/p><p>Il est tr\u00e8s facile d'empoisonner les gens. On entend souvent parler dans les journaux locaux du d\u00e9c\u00e8s d'une grand-m\u00e8re empoisonn\u00e9e par de la viande de mauvaise qualit\u00e9 achet\u00e9e au march\u00e9, alors que cette grand-m\u00e8re vivait seule dans un appartement de deux chambres... Achetez des produits chimiques de recherche en ligne.<\/p><p>Quelles preuves puis-je fournir pour d\u00e9montrer que je ne suis pas un \u00e9tudiant qui a cr\u00e9\u00e9 ce site web dans le but d'escroquer les gens pour joindre les deux bouts ? Tout d'abord, vous le comprendrez imm\u00e9diatement lorsque vous me parlerez, mais je vais \u00e9galement joindre quelques photos de mon laboratoire :<\/p><h4>Acheter des produits chimiques de recherche en ligne<\/h4><p><img decoding=\"async\" class=\"wp-image-176 aligncenter\" src=\"https:\/\/poisonshops.com\/wp-content\/uploads\/2025\/11\/poison_shop_logo-300x171.png\" alt=\"Magasins de poisons\" width=\"70\" height=\"40\" srcset=\"https:\/\/poisonshops.com\/wp-content\/uploads\/2025\/11\/poison_shop_logo-300x171.png 300w, https:\/\/poisonshops.com\/wp-content\/uploads\/2025\/11\/poison_shop_logo.png 563w\" sizes=\"(max-width: 70px) 100vw, 70px\" \/><\/p>\t\t\t\t\t\t\t\t<\/div>\n\t\t\t\t<\/div>\n\t\t\t\t\t<\/div>\n\t\t\t\t<\/div>\n\t\t\t\t<\/div>","protected":false},"excerpt":{"rendered":"<p>Poison Shops Welcome to Poison Shops \u00a0your premier source for high-quality, specialized in top-tier and world most toxic biochemical agents and toxins. Operating from our facilities in Germany, Switzerland, and France, we are committed to providing our clients with top-tier products and services. Our focus on safety, security, and customer satisfaction sets us apart in [&hellip;]<\/p>\n","protected":false},"author":1,"featured_media":0,"parent":0,"menu_order":0,"comment_status":"closed","ping_status":"closed","template":"elementor_header_footer","meta":{"footnotes":""},"class_list":["post-137","page","type-page","status-publish","hentry"],"_links":{"self":[{"href":"https:\/\/poisonshops.com\/fr\/wp-json\/wp\/v2\/pages\/137","targetHints":{"allow":["GET"]}}],"collection":[{"href":"https:\/\/poisonshops.com\/fr\/wp-json\/wp\/v2\/pages"}],"about":[{"href":"https:\/\/poisonshops.com\/fr\/wp-json\/wp\/v2\/types\/page"}],"author":[{"embeddable":true,"href":"https:\/\/poisonshops.com\/fr\/wp-json\/wp\/v2\/users\/1"}],"replies":[{"embeddable":true,"href":"https:\/\/poisonshops.com\/fr\/wp-json\/wp\/v2\/comments?post=137"}],"version-history":[{"count":34,"href":"https:\/\/poisonshops.com\/fr\/wp-json\/wp\/v2\/pages\/137\/revisions"}],"predecessor-version":[{"id":508,"href":"https:\/\/poisonshops.com\/fr\/wp-json\/wp\/v2\/pages\/137\/revisions\/508"}],"wp:attachment":[{"href":"https:\/\/poisonshops.com\/fr\/wp-json\/wp\/v2\/media?parent=137"}],"curies":[{"name":"wp","href":"https:\/\/api.w.org\/{rel}","templated":true}]}}