{"id":413,"date":"2025-11-20T11:53:41","date_gmt":"2025-11-20T11:53:41","guid":{"rendered":"https:\/\/poisonshops.com\/?page_id=413"},"modified":"2025-12-01T10:34:02","modified_gmt":"2025-12-01T10:34:02","slug":"acheter-des-antidotes","status":"publish","type":"page","link":"https:\/\/poisonshops.com\/fr\/acheter-des-antidotes\/","title":{"rendered":"Antidotes"},"content":{"rendered":"<div data-elementor-type=\"wp-page\" data-elementor-id=\"413\" class=\"elementor elementor-413\">\n\t\t\t\t<div class=\"elementor-element elementor-element-9807fb7 e-flex e-con-boxed e-con e-parent\" data-id=\"9807fb7\" data-element_type=\"container\" data-e-type=\"container\">\n\t\t\t\t\t<div class=\"e-con-inner\">\n\t\t\t\t<div class=\"elementor-element elementor-element-4c61a81 elementor-widget elementor-widget-text-editor\" data-id=\"4c61a81\" data-element_type=\"widget\" data-e-type=\"widget\" data-widget_type=\"text-editor.default\">\n\t\t\t\t<div class=\"elementor-widget-container\">\n\t\t\t\t\t\t\t\t\t<h2 class=\"entry-content\">Acheter des antidotes en ligne<\/h2><p>Lors de la manipulation de substances dangereuses, la s\u00e9curit\u00e9 est notre priorit\u00e9 absolue. Il est essentiel de disposer des antidotes appropri\u00e9s pour chaque toxine que nous fournissons. Des accidents peuvent survenir, que ce soit pendant le transport, la manipulation ou en cas d'exposition involontaire. Acheter des antidotes en ligne en cas d'empoisonnement.<\/p><h3 class=\"LnpumSThxEWMIsDdAT17 CXMyPcQ6nDv47DKFeywM\"><span class=\"EKtkFWMYpwzMKOYr0GYm LQVY1Jpkk8nyJ6HBWKAk\">Acheter des antidotes en ligne en cas d'empoisonnement et de surdose<\/span><\/h3><p>Pour garantir la s\u00e9curit\u00e9 de toutes les personnes concern\u00e9es, nous exigeons que chaque toxine soit exp\u00e9di\u00e9e avec son antidote correspondant. Vous trouverez ci-dessous une liste compl\u00e8te des antidotes pour les toxines que nous proposons, ainsi que des instructions d\u00e9taill\u00e9es sur la mani\u00e8re de les administrer et leur prix. Antidotes en vente en ligne.<\/p><p><img decoding=\"async\" class=\"wp-image-518 aligncenter\" src=\"https:\/\/poisonshops.com\/wp-content\/uploads\/2025\/12\/Buy-Antidotes-Online-for-Poisoning-300x300.jpg\" alt=\"Acheter des antidotes en ligne en cas d&#039;empoisonnement\" width=\"44\" height=\"44\" srcset=\"https:\/\/poisonshops.com\/wp-content\/uploads\/2025\/12\/Buy-Antidotes-Online-for-Poisoning-300x300.jpg 300w, https:\/\/poisonshops.com\/wp-content\/uploads\/2025\/12\/Buy-Antidotes-Online-for-Poisoning-1024x1024.jpg 1024w, https:\/\/poisonshops.com\/wp-content\/uploads\/2025\/12\/Buy-Antidotes-Online-for-Poisoning-150x150.jpg 150w, https:\/\/poisonshops.com\/wp-content\/uploads\/2025\/12\/Buy-Antidotes-Online-for-Poisoning-768x768.jpg 768w, https:\/\/poisonshops.com\/wp-content\/uploads\/2025\/12\/Buy-Antidotes-Online-for-Poisoning-350x350.jpg 350w, https:\/\/poisonshops.com\/wp-content\/uploads\/2025\/12\/Buy-Antidotes-Online-for-Poisoning-600x600.jpg 600w, https:\/\/poisonshops.com\/wp-content\/uploads\/2025\/12\/Buy-Antidotes-Online-for-Poisoning-100x100.jpg 100w, https:\/\/poisonshops.com\/wp-content\/uploads\/2025\/12\/Buy-Antidotes-Online-for-Poisoning.jpg 1200w\" sizes=\"(max-width: 44px) 100vw, 44px\" \/><\/p><h3>1. <strong>Poison \u00e0 l'arsenic<\/strong><\/h3><ul><li><strong>Antidote<\/strong>: Dimercaprol (BAL)<\/li><li><strong>Administration<\/strong>: Injection intramusculaire<\/li><li><strong>Doses n\u00e9cessaires<\/strong>La dose de dimercaprol est de 2,5 mg\/kg toutes les 4 heures pendant les deux premiers jours, toutes les 6 heures pendant les deux jours suivants, puis toutes les 12 heures pendant un maximum de 10 jours. Vente de l'antidote Dimercaprol.<\/li><li><strong>Comment \u00e7a marche<\/strong>: Le dimercaprol ch\u00e9late l'arsenic, ce qui lui permet d'\u00eatre excr\u00e9t\u00e9 par l'urine.<\/li><li><strong>Dur\u00e9e du rin\u00e7age des toxines<\/strong>Dur\u00e9e de l'intoxication : 7 \u00e0 14 jours, selon la gravit\u00e9 de l'intoxication.<\/li><li><strong>Tarification<\/strong>: $400 par dose. En g\u00e9n\u00e9ral, 20 \u00e0 30 doses sont n\u00e9cessaires. Acheter des antidotes pour le poison arsenical.<\/li><\/ul><h3>2. <strong>Aconitine<\/strong><\/h3><ul><li><strong>Antidote<\/strong>: Soins de soutien, y compris m\u00e9dicaments antiarythmiques (par exemple, lidoca\u00efne).<\/li><li><strong>Administration<\/strong>: Intraveineuse pour les m\u00e9dicaments antiarythmiques. Antidote de l'empoisonnement \u00e0 l'aconitine.<\/li><li><strong>Doses n\u00e9cessaires<\/strong>: D\u00e9pend de la r\u00e9ponse clinique ; une surveillance continue est n\u00e9cessaire.<\/li><li><strong>Comment \u00e7a marche<\/strong>: Les m\u00e9dicaments antiarythmiques stabilisent le rythme cardiaque et contrecarrent la toxicit\u00e9.<\/li><li><strong>Dur\u00e9e du rin\u00e7age des toxines<\/strong>: Habituellement 24-48 heures avec des soins de soutien continus.<\/li><li><strong>Tarification<\/strong>: $50 par flacon de m\u00e9dicaments antiarythmiques ; le nombre de flacons varie.<\/li><\/ul><h3>3. <strong>Batrachotoxine<\/strong><\/h3><ul><li><strong>Antidote<\/strong>: Soins de soutien avec charbon actif et assistance respiratoire<\/li><li><strong>Administration<\/strong>: Charbon actif par voie orale et ventilation m\u00e9canique si n\u00e9cessaire<\/li><li><strong>Doses n\u00e9cessaires<\/strong>: Dose unique de charbon actif (50-100 grammes)<\/li><li><strong>Comment \u00e7a marche<\/strong>: Le charbon actif absorbe la toxine dans le tractus gastro-intestinal ; l'assistance respiratoire pr\u00e9vient l'insuffisance respiratoire.<\/li><li><strong>Dur\u00e9e du rin\u00e7age des toxines<\/strong>Dur\u00e9e : 24 \u00e0 72 heures, en fonction de la gravit\u00e9.<\/li><li><strong>Tarification<\/strong>: $20 par dose de charbon actif.<\/li><\/ul><h3>4. <strong>Toxine botulique<\/strong><\/h3><ul><li><strong>Antidote<\/strong>: Antitoxine botulique<\/li><li><strong>Administration<\/strong>: Perfusion intraveineuse<\/li><li><strong>Doses n\u00e9cessaires<\/strong>: Dose unique d'antitoxine<\/li><li><strong>Comment \u00e7a marche<\/strong>: L'antitoxine neutralise les mol\u00e9cules de toxines circulantes.<\/li><li><strong>Dur\u00e9e du rin\u00e7age des toxines<\/strong>: Variable, mais les sympt\u00f4mes peuvent durer plusieurs semaines ; l'antitoxine emp\u00eache la progression.<\/li><li><strong>Tarification<\/strong>: $3,500 par flacon ; un flacon est g\u00e9n\u00e9ralement n\u00e9cessaire.<\/li><\/ul><h3>5. <strong>Cyanure (cyanure de potassium)<\/strong><\/h3><ul><li><strong>Antidote<\/strong>: Hydroxocobalamine (Cyanokit) ou Thiosulfate de sodium et Nitrite de sodium<\/li><li><strong>Administration<\/strong>: Perfusion intraveineuse<\/li><li><strong>Doses n\u00e9cessaires<\/strong>: Dose initiale de 5 g d'hydroxocobalamine, pouvant \u00eatre r\u00e9p\u00e9t\u00e9e une fois ; Thiosulfate de sodium 12,5 g<\/li><li><strong>Comment \u00e7a marche<\/strong>: L'hydroxocobalamine lie le cyanure pour former un compos\u00e9 non toxique ; le thiosulfate de sodium aide \u00e0 convertir le cyanure en thiocyanate, qui est excr\u00e9t\u00e9 dans l'urine.<\/li><li><strong>Dur\u00e9e du rin\u00e7age des toxines<\/strong>: De quelques heures \u00e0 quelques jours, selon la gravit\u00e9.<\/li><li><strong>Tarification<\/strong>: $900 par dose de 5g d'hydroxocobalamine ; $150 par dose de thiosulfate de sodium.<\/li><\/ul><h3>6. <strong>Dim\u00e9thylmercure<\/strong><\/h3><ul><li><strong>Antidote<\/strong>: Th\u00e9rapie par ch\u00e9lation au Dimercaprol (BAL)<\/li><li><strong>Administration<\/strong>: Injection intramusculaire<\/li><li><strong>Doses n\u00e9cessaires<\/strong>: Semblable \u00e0 l'arsenic ; 2,5 mg\/kg toutes les 4 heures au d\u00e9but.<\/li><li><strong>Comment \u00e7a marche<\/strong>: Le dimercaprol ch\u00e9late le mercure et favorise son excr\u00e9tion.<\/li><li><strong>Dur\u00e9e du rin\u00e7age des toxines<\/strong>: Plusieurs semaines \u00e0 plusieurs mois en raison de la persistance du mercure dans les tissus.<\/li><li><strong>Tarification<\/strong>: $400 par dose ; le nombre total de doses varie.<\/li><\/ul><h3>7. <strong>Dim\u00e9thylcadmium<\/strong><\/h3><ul><li><strong>Antidote<\/strong>: Pas d'antidote sp\u00e9cifique ; soins de soutien avec th\u00e9rapie de ch\u00e9lation (dimercaprol).<\/li><li><strong>Administration<\/strong>: Injection intramusculaire de ch\u00e9lateurs<\/li><li><strong>Doses n\u00e9cessaires<\/strong>: Variable ; similaire \u00e0 l'arsenic et au dim\u00e9thylmercure.<\/li><li><strong>Comment \u00e7a marche<\/strong>: La th\u00e9rapie par ch\u00e9lation permet d'\u00e9liminer le cadmium de l'organisme.<\/li><li><strong>Dur\u00e9e du rin\u00e7age des toxines<\/strong>: Plusieurs jours \u00e0 plusieurs semaines, selon le niveau d'exposition.<\/li><li><strong>Tarification<\/strong>: $400 par dose ; les exigences en mati\u00e8re de dosage varient.<\/li><\/ul><h3>8. <strong>Maitotoxine<\/strong><\/h3><ul><li><strong>Antidote<\/strong>: Soins de soutien, principalement soutien respiratoire et cardiovasculaire<\/li><li><strong>Administration<\/strong>: Ventilation m\u00e9canique et fluides intraveineux<\/li><li><strong>Doses n\u00e9cessaires<\/strong>: Soins de soutien continus jusqu'\u00e0 l'\u00e9limination de la toxine.<\/li><li><strong>Comment \u00e7a marche<\/strong>: Soutient les fonctions vitales pendant que l'organisme m\u00e9tabolise et excr\u00e8te la toxine.<\/li><li><strong>Dur\u00e9e du rin\u00e7age des toxines<\/strong>: De quelques jours \u00e0 une semaine.<\/li><li><strong>Tarification<\/strong>: Le co\u00fbt des soins de soutien peut varier consid\u00e9rablement ; il est g\u00e9n\u00e9ralement de $500\/jour en milieu hospitalier.<\/li><\/ul><h3>9. <strong>Polonium-210<\/strong><\/h3><ul><li><strong>Antidote<\/strong>: Bleu de Prusse et Iodure de potassium<\/li><li><strong>Administration<\/strong>: Oral<\/li><li><strong>Doses n\u00e9cessaires<\/strong>: Doses quotidiennes pendant des semaines ou des mois, en fonction du niveau de contamination.<\/li><li><strong>Comment \u00e7a marche<\/strong>: Le bleu de Prusse lie les particules radioactives dans l'intestin, r\u00e9duisant ainsi l'absorption ; l'iodure de potassium prot\u00e8ge la thyro\u00efde.<\/li><li><strong>Dur\u00e9e du rin\u00e7age des toxines<\/strong>: Semaines \u00e0 mois ; n\u00e9cessite un traitement prolong\u00e9.<\/li><li><strong>Tarification<\/strong>: Le bleu de Prusse co\u00fbte environ $200 par dose ; l'iodure de potassium co\u00fbte environ $20 par dose.<\/li><\/ul><h3>10. <strong>Ricin<\/strong><\/h3><ul><li><strong>Antidote<\/strong>: Soins de soutien avec du charbon actif en cas d'ingestion<\/li><li><strong>Administration<\/strong>: Charbon activ\u00e9 par voie orale, liquides intraveineux<\/li><li><strong>Doses n\u00e9cessaires<\/strong>: Dose unique de charbon actif (50-100 grammes)<\/li><li><strong>Comment \u00e7a marche<\/strong>: Le charbon actif se lie \u00e0 la toxine dans le tractus gastro-intestinal ; les liquides maintiennent l'hydratation.<\/li><li><strong>Dur\u00e9e du rin\u00e7age des toxines<\/strong>: 1 \u00e0 2 semaines, en fonction de la quantit\u00e9 ing\u00e9r\u00e9e et de la r\u00e9ponse aux soins de soutien.<\/li><li><strong>Tarification<\/strong>: $20 par dose de charbon actif.<\/li><\/ul><h3>11. <strong>Sarin<\/strong><\/h3><ul><li><strong>Antidote<\/strong>: Atropine et Pralidoxime (2-PAM)<\/li><li><strong>Administration<\/strong>: Injection intramusculaire ou perfusion intraveineuse<\/li><li><strong>Doses n\u00e9cessaires<\/strong>: Atropine 2 mg toutes les 5-10 minutes jusqu'\u00e0 disparition des sympt\u00f4mes ; Pralidoxime 600 mg toutes les 15 minutes pendant 3 doses.<\/li><li><strong>Comment \u00e7a marche<\/strong>: L'atropine bloque les r\u00e9cepteurs de l'ac\u00e9tylcholine, contrecarrant ainsi la toxine ; la pralidoxime r\u00e9active l'ac\u00e9tylcholinest\u00e9rase.<\/li><li><strong>Dur\u00e9e du rin\u00e7age des toxines<\/strong>: Quelques heures \u00e0 quelques jours avec un traitement appropri\u00e9.<\/li><li><strong>Tarification<\/strong>: Atropine $30 par dose ; Pralidoxime $100 par dose.<\/li><\/ul><h3>12. <strong>T\u00e9trodotoxine<\/strong><\/h3><ul><li><strong>Antidote<\/strong>: Soins de soutien avec lavage gastrique et assistance respiratoire<\/li><li><strong>Administration<\/strong>: Intubation et ventilation m\u00e9canique si n\u00e9cessaire<\/li><li><strong>Doses n\u00e9cessaires<\/strong>: Soins de soutien jusqu'\u00e0 ce que la toxine disparaisse ; pas de nombre sp\u00e9cifique de doses.<\/li><li><strong>Comment \u00e7a marche<\/strong>: Soutient les fonctions vitales pendant que l'organisme m\u00e9tabolise et \u00e9limine la toxine.<\/li><li><strong>Dur\u00e9e du rin\u00e7age des toxines<\/strong>Les d\u00e9lais d'attente sont de 24 \u00e0 48 heures.<\/li><li><strong>Tarification<\/strong>: Les soins de soutien peuvent varier consid\u00e9rablement ; en g\u00e9n\u00e9ral, ils s'\u00e9l\u00e8vent \u00e0 1 000 \u00e0 4 000 euros par jour dans une unit\u00e9 de soins intensifs.<\/li><\/ul><h3>13. <strong>Agent nerveux VR<\/strong><\/h3><ul><li><strong>Antidote<\/strong>: Atropine et Pralidoxime (2-PAM)<\/li><li><strong>Administration<\/strong>: Semblable \u00e0 Sarin<\/li><li><strong>Doses n\u00e9cessaires<\/strong>: Semblable \u00e0 Sarin<\/li><li><strong>Comment \u00e7a marche<\/strong>: M\u00e9canisme similaire \u00e0 celui de l'antidote au Sarin.<\/li><li><strong>Dur\u00e9e du rin\u00e7age des toxines<\/strong>: Quelques heures \u00e0 quelques jours avec le traitement.<\/li><li><strong>Tarification<\/strong>: Semblable \u00e0 Sarin.<\/li><\/ul><h3>14. <strong>H\u00e9liotrope (contient des alcalo\u00efdes pyrrolizidiniques)<\/strong><\/h3><ul><li><strong>Antidote<\/strong>: Pas d'antidote sp\u00e9cifique ; soins de soutien ax\u00e9s sur la fonction h\u00e9patique.<\/li><li><strong>Administration<\/strong>: Traitement symptomatique et m\u00e9dicaments de soutien h\u00e9patique<\/li><li><strong>Doses n\u00e9cessaires<\/strong>: Variable ; soins continus en fonction de la gravit\u00e9 des l\u00e9sions h\u00e9patiques.<\/li><li><strong>Comment \u00e7a marche<\/strong>: Soutient la fonction h\u00e9patique et pr\u00e9vient les dommages ult\u00e9rieurs.<\/li><li><strong>Dur\u00e9e du rin\u00e7age des toxines<\/strong>: Des semaines \u00e0 des mois, en fonction des l\u00e9sions h\u00e9patiques.<\/li><li><strong>Tarification<\/strong>: Les co\u00fbts des soins de soutien varient.<\/li><\/ul><h3>15. <strong>Colchicine<\/strong><\/h3><ul><li><strong>Antidote<\/strong>: Pas d'antidote sp\u00e9cifique ; soins de soutien avec hydratation agressive.<\/li><li><strong>Administration<\/strong>: Liquides oraux ou intraveineux<\/li><li><strong>Doses n\u00e9cessaires<\/strong>: Soins continus selon les besoins ; pas de nombre sp\u00e9cifique de doses.<\/li><li><strong>Comment \u00e7a marche<\/strong>: Maintient l'hydratation et la fonction r\u00e9nale pour faciliter l'\u00e9limination des toxines.<\/li><li><strong>Dur\u00e9e du rin\u00e7age des toxines<\/strong>: Plusieurs jours \u00e0 plusieurs semaines.<\/li><li><strong>Tarification<\/strong>: $200\/jour pour les soins de soutien<\/li><\/ul><h3>16. <strong>Cicutoxine (Cigu\u00eb)<\/strong><\/h3><ul><li><strong>Antidote<\/strong>: Benzodiaz\u00e9pines (telles que le diaz\u00e9pam ou le loraz\u00e9pam) pour le contr\u00f4le des crises.<\/li><li><strong>Administration<\/strong>: Administration intraveineuse (IV) de benzodiaz\u00e9pines<\/li><li><strong>Doses n\u00e9cessaires<\/strong>: Dose initiale de 5 \u00e0 10 mg de diaz\u00e9pam ou de 4 mg de loraz\u00e9pam, r\u00e9p\u00e9t\u00e9e toutes les 5 \u00e0 10 minutes jusqu'\u00e0 ce que les crises soient contr\u00f4l\u00e9es.<\/li><li><strong>Comment \u00e7a marche<\/strong>: Les benzodiaz\u00e9pines renforcent l'effet du GABA, un neurotransmetteur qui inhibe l'activit\u00e9 nerveuse, aidant ainsi \u00e0 contr\u00f4ler les crises caus\u00e9es par la cicutoxine.<\/li><li><strong>Dur\u00e9e du rin\u00e7age des toxines<\/strong>: G\u00e9n\u00e9ralement 24-48 heures avec des soins de soutien.<\/li><li><strong>Tarification<\/strong>: $50 par dose ; plusieurs doses peuvent \u00eatre n\u00e9cessaires.<\/li><\/ul><h3>17. <strong>Amatoxine (Amanita phalloides)<\/strong><\/h3><ul><li><strong>Antidote<\/strong>: Silibinine (extrait de chardon-marie) et charbon actif<\/li><li><strong>Administration<\/strong>: Administration orale ou intraveineuse de Silibinin ; charbon actif par voie orale.<\/li><li><strong>Doses n\u00e9cessaires<\/strong>: Silibinine 20-50 mg\/kg\/jour jusqu'\u00e0 7 jours ; dose unique de charbon actif (50-100 grammes).<\/li><li><strong>Comment \u00e7a marche<\/strong>: La silibinine inhibe l'absorption des toxines dans les cellules h\u00e9patiques et favorise la r\u00e9g\u00e9n\u00e9ration du foie ; le charbon actif lie les toxines dans le tractus gastro-intestinal.<\/li><li><strong>Dur\u00e9e du rin\u00e7age des toxines<\/strong>: Plusieurs jours \u00e0 une semaine, en fonction de la quantit\u00e9 ing\u00e9r\u00e9e.<\/li><li><strong>Tarification<\/strong>: Silibinine $400 par jour ; charbon actif $20 par dose.<\/li><\/ul><h3>18. <strong>Amanita Virosa (champignon ange destructeur)<\/strong><\/h3><ul><li><strong>Antidote<\/strong>: Similaire \u00e0 Amatoxin - Silibinin et charbon actif<\/li><li><strong>Administration<\/strong>: Identique \u00e0 l'amatoxine<\/li><li><strong>Doses n\u00e9cessaires<\/strong>: Identique \u00e0 l'amatoxine<\/li><li><strong>Comment \u00e7a marche<\/strong>: M\u00eame m\u00e9canisme que pour l'empoisonnement \u00e0 l'amatoxine.<\/li><li><strong>Dur\u00e9e du rin\u00e7age des toxines<\/strong>: Semblable \u00e0 l'amatoxine<\/li><li><strong>Tarification<\/strong>: Semblable \u00e0 l'amatoxine<\/li><\/ul><h3>19. <strong>Thiopental X Pentobarbital (barbituriques)<\/strong><\/h3><ul><li><strong>Antidote<\/strong>: Pas d'antidote sp\u00e9cifique ; soins de soutien avec charbon actif et diur\u00e8se alcaline.<\/li><li><strong>Administration<\/strong>: Charbon activ\u00e9 par voie orale ; fluides intraveineux pour la diur\u00e8se<\/li><li><strong>Doses n\u00e9cessaires<\/strong>: Dose unique de charbon actif (50-100 grammes) ; fluides IV continus.<\/li><li><strong>Comment \u00e7a marche<\/strong>: Le charbon fixe la toxine dans le tube digestif et la diur\u00e8se acc\u00e9l\u00e8re l'\u00e9limination par l'urine.<\/li><li><strong>Dur\u00e9e du rin\u00e7age des toxines<\/strong>Dur\u00e9e : 24 \u00e0 48 heures en fonction de la quantit\u00e9 ing\u00e9r\u00e9e.<\/li><li><strong>Tarification<\/strong>: Charbon activ\u00e9 $20 par dose ; soins de soutien $200\/jour.<\/li><\/ul><h3>20. <strong>Plomb t\u00e9tra\u00e9thyle<\/strong><\/h3><ul><li><strong>Antidote<\/strong>: Th\u00e9rapie de ch\u00e9lation avec l'EDTA calcique disodique (CaNa2EDTA)<\/li><li><strong>Administration<\/strong>: Intraveineuse<\/li><li><strong>Doses n\u00e9cessaires<\/strong>: 1 000-1 500 mg\/m\u00b2\/jour, administr\u00e9s en 2-4 doses divis\u00e9es pendant 5 jours, suivis de 2 jours de repos, puis r\u00e9p\u00e9t\u00e9s si n\u00e9cessaire.<\/li><li><strong>Comment \u00e7a marche<\/strong>: Ch\u00e9late les ions de plomb, augmentant leur excr\u00e9tion par les reins.<\/li><li><strong>Dur\u00e9e du rin\u00e7age des toxines<\/strong>: Plusieurs jours ou semaines, selon l'importance de l'exposition.<\/li><li><strong>Tarification<\/strong>: $150 par dose ; plusieurs doses r\u00e9parties sur plusieurs jours peuvent \u00eatre n\u00e9cessaires.<\/li><\/ul><h3>R\u00e9sum\u00e9 des prix et des doses des antidotes :<\/h3><table><thead><tr><th><strong>Toxine<\/strong><\/th><th><strong>Antidote<\/strong><\/th><th><strong>Prix par dose<\/strong><\/th><th><strong>Doses requises<\/strong><\/th><th><strong>Estimation du co\u00fbt total<\/strong><\/th><\/tr><\/thead><tbody><tr><td>Arsenic<\/td><td>Dimercaprol<\/td><td>$400<\/td><td>20-30<\/td><td>$8,000 - $12,000<\/td><\/tr><tr><td>Aconitine<\/td><td>M\u00e9dicaments antiarythmiques<\/td><td>$50<\/td><td>Variable<\/td><td>Variable<\/td><\/tr><tr><td>Batrachotoxine<\/td><td>Charbon actif<\/td><td>$20<\/td><td>1<\/td><td>$20<\/td><\/tr><tr><td>Toxine botulique<\/td><td>Antitoxine botulique<\/td><td>$3,500<\/td><td>1<\/td><td>$3,500<\/td><\/tr><tr><td>Cyanure<\/td><td>Hydroxocobalamine, Thiosulfate de sodium<\/td><td>$900, $150<\/td><td>1-2, 1<\/td><td>$1,050 - $2,100<\/td><\/tr><tr><td>Dim\u00e9thylmercure<\/td><td>Dimercaprol<\/td><td>$400<\/td><td>20-30<\/td><td>$8,000 - $12,000<\/td><\/tr><tr><td>Dim\u00e9thylcadmium<\/td><td>Soins de soutien<\/td><td>Variable<\/td><td>Variable<\/td><td>Variable<\/td><\/tr><tr><td>Maitotoxine<\/td><td>Soins de soutien<\/td><td>$500\/jour<\/td><td>3-7 jours<\/td><td>$1,500 - $3,500<\/td><\/tr><tr><td>Polonium-210<\/td><td>Bleu de Prusse, Iodure de potassium<\/td><td>$200, $20<\/td><td>10-30 jours<\/td><td>$2,200 - $6,600<\/td><\/tr><tr><td>Ricin<\/td><td>Charbon actif<\/td><td>$20<\/td><td>1<\/td><td>$20<\/td><\/tr><tr><td>Sarin<\/td><td>Atropine, Pralidoxime<\/td><td>$30, $100<\/td><td>Multiple<\/td><td>$500 - $1,500<\/td><\/tr><tr><td>T\u00e9trodotoxine<\/td><td>Soins de soutien<\/td><td>$1 000\/jour<\/td><td>1-2 jours<\/td><td>$1,000 - $2,000<\/td><\/tr><tr><td>Agent nerveux VR<\/td><td>Atropine, Pralidoxime<\/td><td>$30, $100<\/td><td>Multiple<\/td><td>$500 - $1,500<\/td><\/tr><tr><td>H\u00e9liotrope<\/td><td>Soins de soutien<\/td><td>Variable<\/td><td>Variable<\/td><td>Variable<\/td><\/tr><tr><td>Colchicine<\/td><td>Soins de soutien<\/td><td>$200\/jour<\/td><td>3-7 jours<\/td><td>$600 - $1,400<\/td><\/tr><tr><td>Cicutoxine<\/td><td>Benzodiaz\u00e9pines<\/td><td>$50<\/td><td>Multiple<\/td><td>$100 - $300<\/td><\/tr><tr><td>Amatoxine<\/td><td>Silibinine, charbon actif<\/td><td>$400\/jour, $20<\/td><td>7 jours, 1<\/td><td>$2,820<\/td><\/tr><tr><td>Amanita Virosa<\/td><td>Silibinine, charbon actif<\/td><td>$400\/jour, $20<\/td><td>7 jours, 1<\/td><td>$2,820<\/td><\/tr><tr><td>Thiopental X Pentobarbital<\/td><td>Charbon actif<\/td><td>$20<\/td><td>1<\/td><td>$20<\/td><\/tr><tr><td>Plomb t\u00e9tra\u00e9thyle<\/td><td>CaNa2EDTA<\/td><td>$150<\/td><td>Multiple (10+)<\/td><td>$1,500 - $3,000<\/td><\/tr><\/tbody><\/table><h3>Remarque :<\/h3><p>Ces prix et doses sont des estimations. Le traitement r\u00e9el peut varier en fonction de l'\u00e9tat du patient, de la gravit\u00e9 de l'empoisonnement et des protocoles m\u00e9dicaux. Tous les antidotes ne doivent \u00eatre administr\u00e9s que sous la supervision d'un professionnel de la sant\u00e9 qualifi\u00e9.<\/p><h2>Qu'est-ce qu'un antidote ?<\/h2><div><p class=\"LnpumSThxEWMIsDdAT17 CXMyPcQ6nDv47DKFeywM\"><span class=\"EKtkFWMYpwzMKOYr0GYm LQVY1Jpkk8nyJ6HBWKAk\">Commander le kit anti-cyanure. <\/span>Un antidote est un m\u00e9dicament, une substance ch\u00e9latrice ou un produit chimique qui contrecarre (neutralise) les effets d'un autre m\u00e9dicament ou d'un poison. <a href=\"https:\/\/poisonshops.com\/fr\/\">Acheter des antidotes en ligne<\/a> en toute s\u00e9curit\u00e9.<\/p><p><img decoding=\"async\" class=\"wp-image-517 aligncenter\" src=\"https:\/\/poisonshops.com\/wp-content\/uploads\/2025\/12\/Buy-antidotes-online-240x300.jpg\" alt=\"Acheter des antidotes en ligne\" width=\"103\" height=\"129\" srcset=\"https:\/\/poisonshops.com\/wp-content\/uploads\/2025\/12\/Buy-antidotes-online-240x300.jpg 240w, https:\/\/poisonshops.com\/wp-content\/uploads\/2025\/12\/Buy-antidotes-online-820x1024.jpg 820w, https:\/\/poisonshops.com\/wp-content\/uploads\/2025\/12\/Buy-antidotes-online-768x960.jpg 768w, https:\/\/poisonshops.com\/wp-content\/uploads\/2025\/12\/Buy-antidotes-online-1229x1536.jpg 1229w, https:\/\/poisonshops.com\/wp-content\/uploads\/2025\/12\/Buy-antidotes-online-1024x1280.jpg 1024w, https:\/\/poisonshops.com\/wp-content\/uploads\/2025\/12\/Buy-antidotes-online-600x750.jpg 600w, https:\/\/poisonshops.com\/wp-content\/uploads\/2025\/12\/Buy-antidotes-online.jpg 1639w\" sizes=\"(max-width: 103px) 100vw, 103px\" \/><\/p><p>Il existe des dizaines d'antidotes diff\u00e9rents ; cependant, certains ne peuvent s'opposer qu'\u00e0 un seul m\u00e9dicament, tandis que d'autres (comme le charbon de bois) peuvent contribuer \u00e0 r\u00e9duire la toxicit\u00e9 de plusieurs m\u00e9dicaments. Antidotes en vente en ligne.<\/p><p>La plupart des antidotes ne sont pas 100% efficaces et des d\u00e9c\u00e8s peuvent survenir m\u00eame si un antidote a \u00e9t\u00e9 administr\u00e9. Voici quelques exemples d'antidotes :<\/p><ul><li>Acheter de l'ac\u00e9tylcyst\u00e9ine pour l'ac\u00e9taminoph\u00e8ne <a href=\"https:\/\/www.drugs.com\/condition\/poisoning.html\" data-type=\"auto\" target=\"_blank\" rel=\"noopener\">empoisonnement<\/a><\/li><li>Acheter du charbon actif pour la plupart des poisons<\/li><li>Acheter de l'Atropine pour les organophosphates et les carbamates<\/li><li>Acheter Digoxin immune fab pour la toxicit\u00e9 de la digoxine<\/li><li>Acheter du Dimercaprol en cas d'empoisonnement \u00e0 l'arsenic, \u00e0 l'or ou au mercure inorganique<\/li><li>Acheter Flumazenil pour une overdose de benzodiaz\u00e9pines<\/li><li>Acheter Bleu de m\u00e9thyl\u00e8ne pour la m\u00e9th\u00e9moglobin\u00e9mie induite par les m\u00e9dicaments<\/li><li>Acheter de la Naloxone en cas d'overdose d'opio\u00efdes<\/li><li>Acheter Pralidoxime en cas d'empoisonnement par des agents neurotoxiques anticholinest\u00e9rasiques.<\/li><\/ul><p><img decoding=\"async\" class=\"alignnone wp-image-176\" src=\"https:\/\/poisonshops.com\/wp-content\/uploads\/2025\/11\/poison_shop_logo-300x171.png\" alt=\"Magasins de poisons\" width=\"114\" height=\"65\" srcset=\"https:\/\/poisonshops.com\/wp-content\/uploads\/2025\/11\/poison_shop_logo-300x171.png 300w, https:\/\/poisonshops.com\/wp-content\/uploads\/2025\/11\/poison_shop_logo.png 563w\" sizes=\"(max-width: 114px) 100vw, 114px\" \/><\/p><\/div>\t\t\t\t\t\t\t\t<\/div>\n\t\t\t\t<\/div>\n\t\t\t\t\t<\/div>\n\t\t\t\t<\/div>\n\t\t\t\t<\/div>","protected":false},"excerpt":{"rendered":"<p>Buy Antidotes Online When handling dangerous substances, safety is our top priority. It is essential to have the appropriate antidotes on hand for every toxin we provide. Accidents can happen, whether during transportation, handling, or in the event of unintended exposure. Buy Antidotes Online for Poisoning. Buy Antidotes Online for Poisoning &amp; Overdose To ensure [&hellip;]<\/p>\n","protected":false},"author":1,"featured_media":0,"parent":0,"menu_order":0,"comment_status":"closed","ping_status":"closed","template":"","meta":{"footnotes":""},"class_list":["post-413","page","type-page","status-publish","hentry"],"_links":{"self":[{"href":"https:\/\/poisonshops.com\/fr\/wp-json\/wp\/v2\/pages\/413","targetHints":{"allow":["GET"]}}],"collection":[{"href":"https:\/\/poisonshops.com\/fr\/wp-json\/wp\/v2\/pages"}],"about":[{"href":"https:\/\/poisonshops.com\/fr\/wp-json\/wp\/v2\/types\/page"}],"author":[{"embeddable":true,"href":"https:\/\/poisonshops.com\/fr\/wp-json\/wp\/v2\/users\/1"}],"replies":[{"embeddable":true,"href":"https:\/\/poisonshops.com\/fr\/wp-json\/wp\/v2\/comments?post=413"}],"version-history":[{"count":16,"href":"https:\/\/poisonshops.com\/fr\/wp-json\/wp\/v2\/pages\/413\/revisions"}],"predecessor-version":[{"id":527,"href":"https:\/\/poisonshops.com\/fr\/wp-json\/wp\/v2\/pages\/413\/revisions\/527"}],"wp:attachment":[{"href":"https:\/\/poisonshops.com\/fr\/wp-json\/wp\/v2\/media?parent=413"}],"curies":[{"name":"wp","href":"https:\/\/api.w.org\/{rel}","templated":true}]}}