{"id":418,"date":"2025-11-20T11:56:12","date_gmt":"2025-11-20T11:56:12","guid":{"rendered":"https:\/\/poisonshops.com\/?page_id=418"},"modified":"2025-12-01T12:00:53","modified_gmt":"2025-12-01T12:00:53","slug":"directives-relatives-aux-epi","status":"publish","type":"page","link":"https:\/\/poisonshops.com\/fr\/directives-relatives-aux-epi\/","title":{"rendered":"Directives relatives aux EPI"},"content":{"rendered":"<div data-elementor-type=\"wp-page\" data-elementor-id=\"418\" class=\"elementor elementor-418\">\n\t\t\t\t<div class=\"elementor-element elementor-element-0dae480 e-flex e-con-boxed e-con e-parent\" data-id=\"0dae480\" data-element_type=\"container\" data-e-type=\"container\">\n\t\t\t\t\t<div class=\"e-con-inner\">\n\t\t\t\t<div class=\"elementor-element elementor-element-3c24701 elementor-widget elementor-widget-text-editor\" data-id=\"3c24701\" data-element_type=\"widget\" data-e-type=\"widget\" data-widget_type=\"text-editor.default\">\n\t\t\t\t<div class=\"elementor-widget-container\">\n\t\t\t\t\t\t\t\t\t<div id=\"primary\" class=\"content-area\"><main id=\"main\" class=\"site-main\"><\/main><article id=\"post-389666\" class=\"post-389666 page type-page status-publish\"><div class=\"inside-article\"><header class=\"entry-header\"><h2 class=\"entry-title\">Lignes directrices compl\u00e8tes sur les EPI pour une manipulation s\u00fbre des substances toxiques<\/h2><\/header><div class=\"entry-content\"><p>Voici une recommandation d\u00e9taill\u00e9e d'\u00e9quipements de protection individuelle (EPI) pour la manipulation de chacune des toxines \u00e9num\u00e9r\u00e9es, en mettant l'accent sur l'\u00e9quipement le plus efficace en fonction des risques sp\u00e9cifiques associ\u00e9s \u00e0 chaque substance :<\/p><h3 class=\"wp-block-heading\">1. <strong>Poison \u00e0 l'arsenic<\/strong><\/h3><ul class=\"wp-block-list\"><li><strong>Gants<\/strong>: Gants en nitrile ou en latex - Ils offrent une r\u00e9sistance aux produits chimiques et emp\u00eachent le contact avec la peau.<\/li><li><strong>Protection des yeux<\/strong>: Lunettes de s\u00e9curit\u00e9 - Prot\u00e9ger contre les \u00e9claboussures.<\/li><li><strong>Protection du visage<\/strong>: \u00c9cran facial - Offre une protection suppl\u00e9mentaire pour le visage et le cou.<\/li><li><strong>V\u00eatements<\/strong>: Blouse de laboratoire ou combinaison jetable - Prot\u00e8ge les v\u00eatements et la peau de la contamination.<\/li><li><strong>Protection respiratoire<\/strong>: Respirateur N95 ou plus - Filtre les particules en suspension dans l'air.<\/li><\/ul><p><strong>Raison<\/strong>: L'arsenic peut provoquer une irritation de la peau et des voies respiratoires. Les EPI \u00e9vitent le contact direct et l'inhalation.<\/p><h3 class=\"wp-block-heading\">2. <strong>Aconitine<\/strong><\/h3><ul class=\"wp-block-list\"><li><strong>Gants<\/strong>: Gants en nitrile - R\u00e9sistent aux produits chimiques et emp\u00eachent l'absorption par la peau.<\/li><li><strong>Protection des yeux<\/strong>: Lunettes de s\u00e9curit\u00e9 - Prot\u00e8gent les yeux des \u00e9claboussures potentielles.<\/li><li><strong>Protection du visage<\/strong>: \u00c9cran facial - Protection suppl\u00e9mentaire du visage contre les \u00e9claboussures.<\/li><li><strong>V\u00eatements<\/strong>: Blouse de laboratoire ou combinaison jetable - Prot\u00e8ge la peau de la contamination.<\/li><li><strong>Protection respiratoire<\/strong>: Respirateur P100 - Prot\u00e8ge contre les particules fines.<\/li><\/ul><p><strong>Raison<\/strong>: <a href=\"https:\/\/poisonshops.com\/fr\/\">Aconitine<\/a> est hautement toxique et peut \u00eatre absorb\u00e9 par la peau, ce qui n\u00e9cessite un EPI complet.<\/p><h3 class=\"wp-block-heading\">3. <strong>Batrachotoxine<\/strong><\/h3><ul class=\"wp-block-list\"><li><strong>Gants<\/strong>: Gants en caoutchouc butyle - Offre une protection sup\u00e9rieure contre les substances hautement toxiques.<\/li><li><strong>Protection des yeux<\/strong>: Lunettes de s\u00e9curit\u00e9 - Pr\u00e9vient l'exposition des yeux.<\/li><li><strong>Protection du visage<\/strong>: \u00c9cran facial complet - Indispensable pour manipuler des produits hautement toxiques.<\/li><li><strong>V\u00eatements<\/strong>: Combinaison chimique int\u00e9grale - Prot\u00e8ge contre l'exposition de la peau.<\/li><li><strong>Protection respiratoire<\/strong>: Respirateur \u00e0 adduction d'air - Assure une protection contre l'inhalation de toxines en suspension dans l'air.<\/li><\/ul><p><strong>Raison<\/strong>: La batrachotoxine est extr\u00eamement toxique et n\u00e9cessite une protection compl\u00e8te du corps pour \u00e9viter toute exposition.<\/p><h3 class=\"wp-block-heading\">4. <strong>Toxine botulique<\/strong><\/h3><ul class=\"wp-block-list\"><li><strong>Gants<\/strong>: Gants en nitrile - R\u00e9sistent aux toxines et prot\u00e8gent les mains.<\/li><li><strong>Protection des yeux<\/strong>: Lunettes de s\u00e9curit\u00e9 - \u00c9vite le contact avec les yeux.<\/li><li><strong>Protection du visage<\/strong>: \u00c9cran facial - Offre une protection suppl\u00e9mentaire pour le visage<a href=\"https:\/\/duckduckgo.com\/\" target=\"_blank\" rel=\"noopener\">.<\/a><\/li><li><strong>V\u00eatements<\/strong>: Blouse de laboratoire ou combinaison jetable - Prot\u00e8ge contre la contamination.<\/li><li><strong>Protection respiratoire<\/strong>: Respirateur P100 ou plus - Filtre les particules en suspension dans l'air.<\/li><\/ul><p><strong>Raison<\/strong>: La toxine botulique est tr\u00e8s toxique, il est donc essentiel d'\u00e9viter toute forme d'exposition.<\/p><h3 class=\"wp-block-heading\">5. <strong>Cyanure<\/strong><\/h3><ul class=\"wp-block-list\"><li><strong>Gants<\/strong>: Gants en nitrile ou en n\u00e9opr\u00e8ne - R\u00e9sistent aux produits chimiques et prot\u00e8gent la peau.<\/li><li><strong>Protection des yeux<\/strong>: Lunettes de s\u00e9curit\u00e9 - Prot\u00e8gent des \u00e9claboussures.<\/li><li><strong>Protection du visage<\/strong>: \u00c9cran facial - Protection suppl\u00e9mentaire du visage.<\/li><li><strong>V\u00eatements<\/strong>: Blouse ou combinaison de laboratoire r\u00e9sistante aux produits chimiques - Emp\u00eache l'exposition de la peau.<\/li><li><strong>Protection respiratoire<\/strong>: Respirateur complet avec filtres appropri\u00e9s - Prot\u00e8ge contre l'inhalation de fum\u00e9es toxiques.<\/li><\/ul><p><strong>Raison<\/strong>: Le cyanure est un poison puissant qui peut \u00eatre absorb\u00e9 par la peau ou inhal\u00e9, ce qui n\u00e9cessite un EPI complet.<\/p><h3 class=\"wp-block-heading\">6. <strong>Dim\u00e9thylmercure<\/strong><\/h3><ul class=\"wp-block-list\"><li><strong>Gants<\/strong>: Gants en caoutchouc butyle - Ils offrent une grande r\u00e9sistance aux produits chimiques.<\/li><li><strong>Protection des yeux<\/strong>: Lunettes de s\u00e9curit\u00e9 - Prot\u00e8gent les yeux de l'exposition.<\/li><li><strong>Protection du visage<\/strong>: \u00c9cran facial complet - Offre une protection compl\u00e8te du visage.<\/li><li><strong>V\u00eatements<\/strong>: Combinaison chimique int\u00e9grale - Assure une protection compl\u00e8te contre la contamination.<\/li><li><strong>Protection respiratoire<\/strong>: Respirateur \u00e0 adduction d'air - Indispensable en raison de sa toxicit\u00e9 \u00e9lev\u00e9e et du risque de vapeur.<\/li><\/ul><p><strong>Raison<\/strong>: Le dim\u00e9thylmercure est extr\u00eamement toxique et volatil, ce qui n\u00e9cessite le port d'un EPI de haut niveau pour \u00e9viter toute exposition.<\/p><p><img decoding=\"async\" class=\"wp-image-462 aligncenter\" src=\"https:\/\/poisonshops.com\/wp-content\/uploads\/2025\/11\/tttt-204x300.png\" alt=\"Lignes directrices sur les EPI pour une manipulation s\u00fbre des substances toxiques\" width=\"90\" height=\"133\" srcset=\"https:\/\/poisonshops.com\/wp-content\/uploads\/2025\/11\/tttt-204x300.png 204w, https:\/\/poisonshops.com\/wp-content\/uploads\/2025\/11\/tttt.png 218w\" sizes=\"(max-width: 90px) 100vw, 90px\" \/><\/p><h3 class=\"wp-block-heading\">7. <strong>Maitotoxine<\/strong><\/h3><ul class=\"wp-block-list\"><li><strong>Gants<\/strong>: Gants en nitrile - Prot\u00e8ge contre le contact avec la peau.<\/li><li><strong>Protection des yeux<\/strong>: Lunettes de s\u00e9curit\u00e9 - Pr\u00e9vient l'exposition des yeux.<\/li><li><strong>Protection du visage<\/strong>: \u00c9cran facial - Offre une protection suppl\u00e9mentaire au visage.<\/li><li><strong>V\u00eatements<\/strong>: Blouse de laboratoire ou combinaison - Prot\u00e8ge les v\u00eatements et la peau.<\/li><li><strong>Protection respiratoire<\/strong>: Respirateur N95 ou plus - Filtre les particules en suspension dans l'air.<\/li><\/ul><p><strong>Raison<\/strong>: La ma\u00eftotoxine est tr\u00e8s toxique et n\u00e9cessite le port de gants et de v\u00eatements de protection pour \u00e9viter tout contact.<\/p><h3 class=\"wp-block-heading\">8. <strong>Polonium-210<\/strong><\/h3><ul class=\"wp-block-list\"><li><strong>Gants<\/strong>: Gants doubl\u00e9s de plomb - Protection contre les radiations.<\/li><li><strong>Protection des yeux<\/strong>: Lunettes de s\u00e9curit\u00e9 - Prot\u00e8gent les yeux de la contamination.<\/li><li><strong>Protection du visage<\/strong>: \u00c9cran facial doubl\u00e9 de plomb - Offre une protection suppl\u00e9mentaire contre l'exposition aux rayonnements.<\/li><li><strong>V\u00eatements<\/strong>: Blouse de laboratoire doubl\u00e9e de plomb - Prot\u00e8ge contre les radiations.<\/li><li><strong>Protection respiratoire<\/strong>: Non requis en g\u00e9n\u00e9ral, sauf si la manipulation implique une contamination par voie a\u00e9rienne.<\/li><\/ul><p><strong>Raison<\/strong>: Le polonium-210 est radioactif, c'est pourquoi les EPI doubl\u00e9s de plomb sont essentiels pour la protection contre les radiations.<\/p><h3 class=\"wp-block-heading\">9. <strong>Ricin<\/strong><\/h3><ul class=\"wp-block-list\"><li><strong>Gants<\/strong>: Gants en nitrile - Ils offrent une r\u00e9sistance aux produits chimiques et emp\u00eachent le contact avec la peau.<\/li><li><strong>Protection des yeux<\/strong>: Lunettes de s\u00e9curit\u00e9 - Prot\u00e8gent les yeux de l'exposition.<\/li><li><strong>Protection du visage<\/strong>: \u00c9cran facial complet - Offre une protection suppl\u00e9mentaire.<\/li><li><strong>V\u00eatements<\/strong>: Blouse de laboratoire ou combinaison jetable - Prot\u00e8ge la peau.<\/li><li><strong>Protection respiratoire<\/strong>: Respirateur P100 - Filtre les particules et les a\u00e9rosols.<\/li><\/ul><p><strong>Raison<\/strong>: La ricine est tr\u00e8s toxique et peut \u00eatre absorb\u00e9e par la peau ou inhal\u00e9e, ce qui n\u00e9cessite un EPI complet.<\/p><h3 class=\"wp-block-heading\">10. <strong>Sarin<\/strong><\/h3><ul class=\"wp-block-list\"><li><strong>Gants<\/strong>: Gants en caoutchouc butyle - Protection contre les agents chimiques.<\/li><li><strong>Protection des yeux<\/strong>: Lunettes de s\u00e9curit\u00e9 - Prot\u00e8gent des \u00e9claboussures.<\/li><li><strong>Protection du visage<\/strong>: \u00c9cran facial complet - Indispensable pour manipuler des agents neurotoxiques.<\/li><li><strong>V\u00eatements<\/strong>: Combinaison chimique int\u00e9grale - Assure la protection contre la contamination.<\/li><li><strong>Protection respiratoire<\/strong>: Respirateur \u00e0 adduction d'air - N\u00e9cessaire pour la protection contre les vapeurs d'agents neurotoxiques.<\/li><\/ul><p><strong>Raison<\/strong>: Le sarin est un agent neurotoxique qui n\u00e9cessite un \u00e9quipement de protection complet en raison de sa haute toxicit\u00e9.<\/p><h3 class=\"wp-block-heading\">11. <strong>T\u00e9trodotoxine<\/strong><\/h3><ul class=\"wp-block-list\"><li><strong>Gants<\/strong>: Gants en nitrile - Protection contre les substances toxiques.<\/li><li><strong>Protection des yeux<\/strong>: Lunettes de s\u00e9curit\u00e9 - Pr\u00e9vient l'exposition des yeux.<\/li><li><strong>Protection du visage<\/strong>: \u00c9cran facial - Offre une protection suppl\u00e9mentaire.<\/li><li><strong>V\u00eatements<\/strong>: Blouse de laboratoire ou combinaison jetable - Prot\u00e8ge contre la contamination.<\/li><li><strong>Protection respiratoire<\/strong>: Respirateur N95 - Filtre les particules en suspension dans l'air.<\/li><\/ul><p><strong>Raison<\/strong>: La t\u00e9trodotoxine est extr\u00eamement toxique, un EPI complet est donc n\u00e9cessaire pour \u00e9viter toute exposition.<\/p><h3 class=\"wp-block-heading\">12. <strong>Agent nerveux VR<\/strong><\/h3><ul class=\"wp-block-list\"><li><strong>Gants<\/strong>: Gants en caoutchouc butyle - Tr\u00e8s r\u00e9sistants aux agents neurotoxiques.<\/li><li><strong>Protection des yeux<\/strong>: Lunettes de s\u00e9curit\u00e9 - Prot\u00e8gent les yeux de l'exposition.<\/li><li><strong>Protection du visage<\/strong>: \u00c9cran facial complet - Indispensable pour une protection compl\u00e8te.<\/li><li><strong>V\u00eatements<\/strong>: Combinaison chimique int\u00e9grale - Prot\u00e8ge contre le contact avec les agents neurotoxiques.<\/li><li><strong>Protection respiratoire<\/strong>: Respirateur \u00e0 adduction d'air - Fournit de l'air pur et prot\u00e8ge contre l'inhalation de vapeurs toxiques.<\/li><\/ul><p><strong>Raison<\/strong>: Les agents neurotoxiques VR sont tr\u00e8s toxiques et n\u00e9cessitent un EPI important pour \u00e9viter l'exposition par toutes les voies possibles.<\/p><p>Pour chaque toxine, il est essentiel de suivre les protocoles de s\u00e9curit\u00e9 \u00e9tablis et de veiller \u00e0 ce que tous les EPI soient correctement ajust\u00e9s, entretenus et utilis\u00e9s conform\u00e9ment aux instructions du fabricant et aux consignes de s\u00e9curit\u00e9.<\/p><p><img decoding=\"async\" class=\"wp-image-176 aligncenter\" src=\"https:\/\/poisonshops.com\/wp-content\/uploads\/2025\/11\/poison_shop_logo-300x171.png\" alt=\"Magasins de poisons\" width=\"122\" height=\"70\" srcset=\"https:\/\/poisonshops.com\/wp-content\/uploads\/2025\/11\/poison_shop_logo-300x171.png 300w, https:\/\/poisonshops.com\/wp-content\/uploads\/2025\/11\/poison_shop_logo.png 563w\" sizes=\"(max-width: 122px) 100vw, 122px\" \/><\/p><\/div><\/div><\/article><\/div>\t\t\t\t\t\t\t\t<\/div>\n\t\t\t\t<\/div>\n\t\t\t\t\t<\/div>\n\t\t\t\t<\/div>\n\t\t\t\t<\/div>","protected":false},"excerpt":{"rendered":"<p>Comprehensive PPE Guidelines for Safe Handling of Toxic Substances Here\u2019s a detailed recommendation of personal protective equipment (PPE) for handling each of the listed toxins, focusing on the most effective gear based on the specific hazards associated with each substance: 1. Arsenic Poison Gloves: Nitrile or latex gloves \u2013 Provide chemical resistance and prevent skin [&hellip;]<\/p>\n","protected":false},"author":1,"featured_media":0,"parent":0,"menu_order":0,"comment_status":"closed","ping_status":"closed","template":"","meta":{"footnotes":""},"class_list":["post-418","page","type-page","status-publish","hentry"],"_links":{"self":[{"href":"https:\/\/poisonshops.com\/fr\/wp-json\/wp\/v2\/pages\/418","targetHints":{"allow":["GET"]}}],"collection":[{"href":"https:\/\/poisonshops.com\/fr\/wp-json\/wp\/v2\/pages"}],"about":[{"href":"https:\/\/poisonshops.com\/fr\/wp-json\/wp\/v2\/types\/page"}],"author":[{"embeddable":true,"href":"https:\/\/poisonshops.com\/fr\/wp-json\/wp\/v2\/users\/1"}],"replies":[{"embeddable":true,"href":"https:\/\/poisonshops.com\/fr\/wp-json\/wp\/v2\/comments?post=418"}],"version-history":[{"count":7,"href":"https:\/\/poisonshops.com\/fr\/wp-json\/wp\/v2\/pages\/418\/revisions"}],"predecessor-version":[{"id":550,"href":"https:\/\/poisonshops.com\/fr\/wp-json\/wp\/v2\/pages\/418\/revisions\/550"}],"wp:attachment":[{"href":"https:\/\/poisonshops.com\/fr\/wp-json\/wp\/v2\/media?parent=418"}],"curies":[{"name":"wp","href":"https:\/\/api.w.org\/{rel}","templated":true}]}}