{"id":423,"date":"2025-11-20T11:57:13","date_gmt":"2025-11-20T11:57:13","guid":{"rendered":"https:\/\/poisonshops.com\/?page_id=423"},"modified":"2025-12-01T12:14:32","modified_gmt":"2025-12-01T12:14:32","slug":"fiche-de-donnees-de-securite-fds-pour-la-manipulation-de-substances-toxiques","status":"publish","type":"page","link":"https:\/\/poisonshops.com\/fr\/fiche-de-donnees-de-securite-fds-pour-la-manipulation-de-substances-toxiques\/","title":{"rendered":"Fiche de donn\u00e9es de s\u00e9curit\u00e9"},"content":{"rendered":"<div data-elementor-type=\"wp-page\" data-elementor-id=\"423\" class=\"elementor elementor-423\">\n\t\t\t\t<div class=\"elementor-element elementor-element-1ee63b9 e-flex e-con-boxed e-con e-parent\" data-id=\"1ee63b9\" data-element_type=\"container\" data-e-type=\"container\">\n\t\t\t\t\t<div class=\"e-con-inner\">\n\t\t\t\t<div class=\"elementor-element elementor-element-8fcd261 elementor-widget elementor-widget-text-editor\" data-id=\"8fcd261\" data-element_type=\"widget\" data-e-type=\"widget\" data-widget_type=\"text-editor.default\">\n\t\t\t\t<div class=\"elementor-widget-container\">\n\t\t\t\t\t\t\t\t\t<h2>Fiche de donn\u00e9es de s\u00e9curit\u00e9 (FDS) pour la manipulation de nos substances toxiques<\/h2><div id=\"primary\" class=\"content-area\"><article id=\"post-389664\" class=\"post-389664 page type-page status-publish\"><div class=\"inside-article\"><header class=\"entry-header\"><\/header><div class=\"entry-content\"><p><strong>1. Poison \u00e0 l'arsenic<\/strong><\/p><p><strong>Identification<\/strong><\/p><ul class=\"wp-block-list\"><li><strong>Nom chimique<\/strong>: Arsenic<\/li><li><strong>Formule chimique<\/strong>: Comme<\/li><li><strong>Synonymes<\/strong>: Trioxyde d'arsenic, arsenic blanc<\/li><li><strong>Utilisation<\/strong>: Pesticides, produits de pr\u00e9servation du bois et semi-conducteurs.<\/li><\/ul><p><strong>Dangers<\/strong><\/p><ul class=\"wp-block-list\"><li><strong>Risques pour la sant\u00e9<\/strong>: Canc\u00e9rig\u00e8ne, provoque des l\u00e9sions cutan\u00e9es, des probl\u00e8mes respiratoires et des troubles gastro-intestinaux.<\/li><li><strong>Risques environnementaux<\/strong>: Contamine le sol et l'eau.<\/li><\/ul><p><strong>Manipulation et stockage<\/strong><\/p><ul class=\"wp-block-list\"><li><strong>EPI<\/strong>: Utilisez des gants, des lunettes de protection et une blouse de laboratoire. Le port d'un masque respiratoire peut \u00eatre n\u00e9cessaire.<\/li><li><strong>Stockage<\/strong>Conserver dans un endroit frais et sec, \u00e0 l'abri des acides et des bases.<\/li><li><strong>Intervention en cas de d\u00e9versement<\/strong>: Porter un EPI, confiner et nettoyer \u00e0 l'aide d'absorbants appropri\u00e9s. \u00c9liminer conform\u00e9ment \u00e0 la r\u00e9glementation.<\/li><\/ul><p><strong>Premiers secours<\/strong><\/p><ul class=\"wp-block-list\"><li><strong>Inhalation<\/strong>: Se d\u00e9placer \u00e0 l'air frais, consulter un m\u00e9decin.<\/li><li><strong>Contact avec la peau<\/strong>: Laver \u00e0 l'eau et au savon, retirer les v\u00eatements contamin\u00e9s. <a href=\"https:\/\/poisonshops.com\/fr\/magasin-de-poison\/\">Magasins de poisons<\/a>.<\/li><li><strong>Contact visuel<\/strong>: Rincer \u00e0 l'eau pendant au moins 15 minutes, consulter un m\u00e9decin.<\/li><li><strong>Ingestion<\/strong>: Ne pas faire vomir, consulter imm\u00e9diatement un m\u00e9decin.<\/li><\/ul><hr class=\"wp-block-separator has-alpha-channel-opacity\" \/><p><strong>2. Aconitine<\/strong><\/p><p><strong>Identification<\/strong><\/p><ul class=\"wp-block-list\"><li><strong>Nom chimique<\/strong>: Aconitine<\/li><li><strong>Formule chimique<\/strong>: C34H47NO11<\/li><li><strong>Synonymes<\/strong>: Alcalo\u00efde aconitine<\/li><li><strong>Utilisation<\/strong>: Recherche en pharmacologie.<\/li><\/ul><p><strong>Dangers<\/strong><\/p><ul class=\"wp-block-list\"><li><strong>Risques pour la sant\u00e9<\/strong>: Tr\u00e8s toxique, provoque des effets cardiovasculaires et neurologiques.<\/li><li><strong>Risques environnementaux<\/strong>: Peut \u00eatre nocif pour les organismes aquatiques.<\/li><\/ul><p><strong>Manipulation et stockage<\/strong><\/p><ul class=\"wp-block-list\"><li><a href=\"https:\/\/poisonshops.com\/fr\/\"><strong>EPI<\/strong><\/a>: Portez des gants, des v\u00eatements de protection et des \u00e9crans faciaux.<\/li><li><strong>Stockage<\/strong>Conserver dans un endroit s\u00fbr, frais et sec, \u00e0 l'abri de la lumi\u00e8re.<\/li><li><strong>Intervention en cas de d\u00e9versement<\/strong>: Utilisez un EPI appropri\u00e9, confinez et nettoyez les d\u00e9versements, \u00e9liminez les d\u00e9chets conform\u00e9ment \u00e0 la r\u00e9glementation.<\/li><\/ul><p><strong>Premiers secours<\/strong><\/p><ul class=\"wp-block-list\"><li><strong>Inhalation<\/strong>: Se d\u00e9placer \u00e0 l'air frais, administrer de l'oxyg\u00e8ne si n\u00e9cessaire, consulter un m\u00e9decin.<\/li><li><strong>Contact avec la peau<\/strong>: Laver imm\u00e9diatement \u00e0 l'eau et au savon, retirer les v\u00eatements contamin\u00e9s.<\/li><li><strong>Contact visuel<\/strong>: Rincer les yeux \u00e0 l'eau pendant 15 minutes, consulter un m\u00e9decin.<\/li><li><strong>Ingestion<\/strong>: Consultez imm\u00e9diatement un m\u00e9decin, ne faites pas vomir.<\/li><\/ul><hr class=\"wp-block-separator has-alpha-channel-opacity\" \/><p><strong>3. Batrachotoxine<\/strong><\/p><p><strong>Identification<\/strong><\/p><ul class=\"wp-block-list\"><li><strong>Nom chimique<\/strong>: Batrachotoxine<\/li><li><strong>Formule chimique<\/strong>: C31H42O6<\/li><li><strong>Synonymes<\/strong>: Poison de grenouille<\/li><li><strong>Utilisation<\/strong>: Recherche en toxicologie et pharmacologie.<\/li><\/ul><p><strong>Dangers<\/strong><\/p><ul class=\"wp-block-list\"><li><strong>Risques pour la sant\u00e9<\/strong>: Extr\u00eamement toxique, affecte le syst\u00e8me nerveux et le syst\u00e8me cardiovasculaire.<\/li><li><strong>Risques environnementaux<\/strong>: Potentiellement nocif pour la faune sauvage.<\/li><\/ul><p><strong>Manipulation et stockage<\/strong><\/p><ul class=\"wp-block-list\"><li><strong>EPI<\/strong>: Combinaison de protection compl\u00e8te, gants et \u00e9cran facial.<\/li><li><strong>Stockage<\/strong>Conserver dans un r\u00e9cipient herm\u00e9tiquement ferm\u00e9, dans un endroit s\u00fbr et frais.<\/li><li><strong>Intervention en cas de d\u00e9versement<\/strong>: Porter un EPI, contenir le d\u00e9versement \u00e0 l'aide d'absorbants.<a href=\"https:\/\/duckduckgo.com\/\" target=\"_blank\" rel=\"noopener\">,<\/a> \u00e9liminer comme d\u00e9chet dangereux.<\/li><\/ul><p><strong>Premiers secours<\/strong><\/p><ul class=\"wp-block-list\"><li><strong>Inhalation<\/strong>: Se d\u00e9placer \u00e0 l'air frais, administrer de l'oxyg\u00e8ne si n\u00e9cessaire, consulter un m\u00e9decin.<\/li><li><strong>Contact avec la peau<\/strong>: Laver imm\u00e9diatement \u00e0 l'eau et au savon, consulter un m\u00e9decin.<\/li><li><strong>Contact visuel<\/strong>: Rincer \u00e0 l'eau pendant au moins 15 minutes, consulter un m\u00e9decin.<\/li><li><strong>Ingestion<\/strong>: Consultez imm\u00e9diatement un m\u00e9decin, ne faites pas vomir.<\/li><\/ul><hr class=\"wp-block-separator has-alpha-channel-opacity\" \/><p><strong>4. Toxine botulique<\/strong><\/p><p><strong>Identification<\/strong><\/p><ul class=\"wp-block-list\"><li><strong>Nom chimique<\/strong>: Toxine botulique<\/li><li><strong>Formule chimique<\/strong>: Varie selon le type<\/li><li><strong>Synonymes<\/strong>: Botox<\/li><li><strong>Utilisation<\/strong>: Applications m\u00e9dicales et cosm\u00e9tiques, recherche.<\/li><\/ul><p><strong>Dangers<\/strong><\/p><ul class=\"wp-block-list\"><li><strong>Risques pour la sant\u00e9<\/strong>: Provoque une paralysie musculaire pouvant entra\u00eener la mort.<\/li><li><strong>Risques environnementaux<\/strong>: Impact minimal sur l'environnement.<\/li><\/ul><p><strong>Manipulation et stockage<\/strong><\/p><ul class=\"wp-block-list\"><li><strong>EPI<\/strong>: Utilisez des gants, une blouse de laboratoire et un \u00e9cran facial.<\/li><li><strong>Stockage<\/strong>: Conserver dans un environnement r\u00e9frig\u00e9r\u00e9, suivre les directives du fabricant.<\/li><li><strong>Intervention en cas de d\u00e9versement<\/strong>: Porter un EPI, confiner et nettoyer les d\u00e9versements, suivre les protocoles d'\u00e9limination.<\/li><\/ul><p><strong>Premiers secours<\/strong><\/p><ul class=\"wp-block-list\"><li><strong>Inhalation<\/strong>: Se d\u00e9placer \u00e0 l'air frais, consulter imm\u00e9diatement un m\u00e9decin.<\/li><li><strong>Contact avec la peau<\/strong>: Laver \u00e0 l'eau et au savon, consulter un m\u00e9decin.<\/li><li><strong>Contact visuel<\/strong>: Rincer abondamment \u00e0 l'eau, consulter un m\u00e9decin.<\/li><li><strong>Ingestion<\/strong>: Consultez imm\u00e9diatement un m\u00e9decin.<\/li><\/ul><hr class=\"wp-block-separator has-alpha-channel-opacity\" \/><p><strong>5. Cyanure<\/strong><\/p><p><strong>Identification<\/strong><\/p><ul class=\"wp-block-list\"><li><strong>Nom chimique<\/strong>: Cyanure<\/li><li><strong>Formule chimique<\/strong>: CN^-<\/li><li><strong>Synonymes<\/strong>: Cyanure d'hydrog\u00e8ne, cyanure de sodium<\/li><li><strong>Utilisation<\/strong>: Exploitation mini\u00e8re, galvanoplastie et comme r\u00e9actif chimique.<\/li><\/ul><p><strong>Dangers<\/strong><\/p><ul class=\"wp-block-list\"><li><strong>Risques pour la sant\u00e9<\/strong>: Tr\u00e8s toxique, inhibe la respiration cellulaire, peut \u00eatre mortel.<\/li><li><strong>Risques environnementaux<\/strong>: Tr\u00e8s toxique pour les organismes aquatiques.<\/li><\/ul><p><strong>Manipulation et stockage<\/strong><\/p><ul class=\"wp-block-list\"><li><strong>EPI<\/strong>: Porter des gants, des lunettes de protection et un appareil respiratoire appropri\u00e9s.<\/li><li><strong>Stockage<\/strong>: Conserver dans un endroit bien ventil\u00e9, \u00e0 l'\u00e9cart des acides.<\/li><li><strong>Intervention en cas de d\u00e9versement<\/strong>: \u00c9vacuer la zone, porter un EPI, utiliser des agents neutralisants tels que le thiosulfate de sodium.<\/li><\/ul><p><strong>Premiers secours<\/strong><\/p><ul class=\"wp-block-list\"><li><strong>Inhalation<\/strong>: Se d\u00e9placer \u00e0 l'air frais, administrer de l'oxyg\u00e8ne, consulter un m\u00e9decin.<\/li><li><strong>Contact avec la peau<\/strong>: Laver \u00e0 l'eau et au savon, consulter un m\u00e9decin.<\/li><li><strong>Contact visuel<\/strong>: Rincer \u00e0 l'eau pendant au moins 15 minutes, consulter un m\u00e9decin.<\/li><li><strong>Ingestion<\/strong>: Administrer l'antidote (thiosulfate de sodium) si le personnel m\u00e9dical le recommande, consulter imm\u00e9diatement un m\u00e9decin.<\/li><\/ul><p><img decoding=\"async\" class=\"wp-image-502 aligncenter\" src=\"https:\/\/poisonshops.com\/wp-content\/uploads\/2025\/11\/Bio-Weapons-240x300.png\" alt=\"Armes biologiques\" width=\"89\" height=\"111\" srcset=\"https:\/\/poisonshops.com\/wp-content\/uploads\/2025\/11\/Bio-Weapons-240x300.png 240w, https:\/\/poisonshops.com\/wp-content\/uploads\/2025\/11\/Bio-Weapons.png 265w\" sizes=\"(max-width: 89px) 100vw, 89px\" \/><\/p><hr class=\"wp-block-separator has-alpha-channel-opacity\" \/><p><strong>6. Dim\u00e9thylmercure<\/strong><\/p><p><strong>Identification<\/strong><\/p><ul class=\"wp-block-list\"><li><strong>Nom chimique<\/strong>: Dim\u00e9thylmercure<\/li><li><strong>Formule chimique<\/strong>: (CH3)2Hg<\/li><li><strong>Synonymes<\/strong>: Dim\u00e9thylmercure<\/li><li><strong>Utilisation<\/strong>: Recherche en chimie organique.<\/li><\/ul><p><strong>Dangers<\/strong><\/p><ul class=\"wp-block-list\"><li><strong>Risques pour la sant\u00e9<\/strong>: Extr\u00eamement toxique, provoque des l\u00e9sions neurologiques.<\/li><li><strong>Risques environnementaux<\/strong>: Persistant et bioaccumulable.<\/li><\/ul><p><strong>Manipulation et stockage<\/strong><\/p><ul class=\"wp-block-list\"><li><strong>EPI<\/strong>: Combinaison de protection int\u00e9grale, gants et protection respiratoire.<\/li><li><strong>Stockage<\/strong>Conserver dans un r\u00e9cipient herm\u00e9tique sous gaz inerte.<\/li><li><strong>Intervention en cas de d\u00e9versement<\/strong>: \u00c9vacuer la zone, contenir le d\u00e9versement, utiliser des proc\u00e9dures de nettoyage sp\u00e9cialis\u00e9es.<\/li><\/ul><p><strong>Premiers secours<\/strong><\/p><ul class=\"wp-block-list\"><li><strong>Inhalation<\/strong>: Se d\u00e9placer \u00e0 l'air frais, consulter imm\u00e9diatement un m\u00e9decin.<\/li><li><strong>Contact avec la peau<\/strong>: Retirez les v\u00eatements contamin\u00e9s, lavez-vous soigneusement \u00e0 l'eau et au savon.<\/li><li><strong>Contact visuel<\/strong>: Rincer \u00e0 l'eau pendant au moins 15 minutes, consulter un m\u00e9decin.<\/li><li><strong>Ingestion<\/strong>: Consultez imm\u00e9diatement un m\u00e9decin.<\/li><\/ul><hr class=\"wp-block-separator has-alpha-channel-opacity\" \/><p><strong>7. Maitotoxine<\/strong><\/p><p><strong>Identification<\/strong><\/p><ul class=\"wp-block-list\"><li><strong>Nom chimique<\/strong>: Maitotoxine<\/li><li><strong>Formule chimique<\/strong>: C64H104O30S<\/li><li><strong>Synonymes<\/strong>: Toxine marine<\/li><li><strong>Utilisation<\/strong>: Recherche en toxicologie.<\/li><\/ul><p><strong>Dangers<\/strong><\/p><ul class=\"wp-block-list\"><li><strong>Risques pour la sant\u00e9<\/strong>: Tr\u00e8s toxique, affecte les canaux calciques, potentiellement mortel.<\/li><li><strong>Risques environnementaux<\/strong>: Nocif pour la vie marine.<\/li><\/ul><p><strong>Manipulation et stockage<\/strong><\/p><ul class=\"wp-block-list\"><li><strong>EPI<\/strong>: Utilisez des gants, une blouse de laboratoire et un \u00e9cran facial.<\/li><li><strong>Stockage<\/strong>: Conserver dans un endroit frais et sec, \u00e0 l'abri de la lumi\u00e8re.<\/li><li><strong>Intervention en cas de d\u00e9versement<\/strong>: Porter un EPI, confiner et nettoyer les d\u00e9versements, \u00e9liminer comme d\u00e9chet dangereux.<\/li><\/ul><p><strong>Premiers secours<\/strong><\/p><ul class=\"wp-block-list\"><li><strong>Inhalation<\/strong>: Se d\u00e9placer \u00e0 l'air frais, consulter imm\u00e9diatement un m\u00e9decin.<\/li><li><strong>Contact avec la peau<\/strong>: Laver \u00e0 l'eau et au savon, consulter un m\u00e9decin.<\/li><li><strong>Contact visuel<\/strong>: Rincer \u00e0 l'eau pendant 15 minutes, consulter un m\u00e9decin.<\/li><li><strong>Ingestion<\/strong>: Consultez imm\u00e9diatement un m\u00e9decin.<\/li><\/ul><hr class=\"wp-block-separator has-alpha-channel-opacity\" \/><p><strong>8. Polonium 210<\/strong><\/p><p><strong>Identification<\/strong><\/p><ul class=\"wp-block-list\"><li><strong>Nom chimique<\/strong>: Polonium 210<\/li><li><strong>Formule chimique<\/strong>: Po<\/li><li><strong>Synonymes<\/strong>: Po-210<\/li><li><strong>Utilisation<\/strong>: Recherche et applications nucl\u00e9aires.<\/li><\/ul><p><strong>Dangers<\/strong><\/p><ul class=\"wp-block-list\"><li><strong>Risques pour la sant\u00e9<\/strong>: Hautement radioactif, provoque des intoxications par irradiation, peut \u00eatre mortel.<\/li><li><strong>Risques environnementaux<\/strong>: Contamine le sol et l'eau.<\/li><\/ul><p><strong>Manipulation et stockage<\/strong><\/p><ul class=\"wp-block-list\"><li><strong>EPI<\/strong>: Utilisez des gants doubl\u00e9s de plomb, des v\u00eatements de protection et un \u00e9cran protecteur.<\/li><li><strong>Stockage<\/strong>: Conserver dans un r\u00e9cipient s\u00fbr et prot\u00e9g\u00e9.<\/li><li><strong>Intervention en cas de d\u00e9versement<\/strong>: \u00c9vacuer la zone, utiliser des d\u00e9tecteurs de rayonnement et suivre les protocoles d'\u00e9limination des d\u00e9chets radioactifs.<\/li><\/ul><p><strong>Premiers secours<\/strong><\/p><ul class=\"wp-block-list\"><li><strong>Inhalation<\/strong>: Se d\u00e9placer \u00e0 l'air frais, consulter imm\u00e9diatement un m\u00e9decin.<\/li><li><strong>Contact avec la peau<\/strong>: Retirer les v\u00eatements contamin\u00e9s, se laver \u00e0 l'eau et au savon.<\/li><li><strong>Contact visuel<\/strong>: Rincer \u00e0 l'eau pendant 15 minutes, consulter un m\u00e9decin.<\/li><li><strong>Ingestion<\/strong>: Consultez imm\u00e9diatement un m\u00e9decin.<\/li><\/ul><hr class=\"wp-block-separator has-alpha-channel-opacity\" \/><p><strong>9. Ricine<\/strong><\/p><p><strong>Identification<\/strong><\/p><ul class=\"wp-block-list\"><li><strong>Nom chimique<\/strong>: Ricine<\/li><li><strong>Formule chimique<\/strong>: C56H65N11O12<\/li><li><strong>Synonymes<\/strong>: Toxine de Ricinus Communis<\/li><li><strong>Utilisation<\/strong>: Recherche et arme biologique potentielle.<\/li><\/ul><p><strong>Dangers<\/strong><\/p><ul class=\"wp-block-list\"><li><strong>Risques pour la sant\u00e9<\/strong>: Tr\u00e8s toxique, affecte la synth\u00e8se des prot\u00e9ines, peut \u00eatre mortel.<\/li><li><strong>Risques environnementaux<\/strong>: Toxique pour les plantes et les animaux.<\/li><\/ul><p><strong>Manipulation et stockage<\/strong><\/p><ul class=\"wp-block-list\"><li><strong>EPI<\/strong>: Portez des gants, une blouse de laboratoire et un \u00e9cran facial.<\/li><li><strong>Stockage<\/strong>Conserver dans un r\u00e9cipient herm\u00e9tique, au r\u00e9frig\u00e9rateur si n\u00e9cessaire.<\/li><li><strong>Intervention en cas de d\u00e9versement<\/strong>: Porter un EPI, confiner et nettoyer les d\u00e9versements, \u00e9liminer comme d\u00e9chet dangereux.<\/li><\/ul><p><strong>Premiers secours<\/strong><\/p><ul class=\"wp-block-list\"><li><strong>Inhalation<\/strong>: Se d\u00e9placer \u00e0 l'air frais, consulter imm\u00e9diatement un m\u00e9decin.<\/li><li><strong>Contact avec la peau<\/strong>: Laver \u00e0 l'eau et au savon, consulter un m\u00e9decin.<\/li><li><strong>Contact visuel<\/strong>: Rincer \u00e0 l'eau pendant au moins 15 minutes, consulter un m\u00e9decin.<\/li><li><strong>Ingestion<\/strong>: Consultez imm\u00e9diatement un m\u00e9decin.<\/li><\/ul><ul class=\"wp-block-list\"><li>\u00a0<\/li><\/ul><p><strong>10. Sarin<\/strong><\/p><p><strong>Identification<\/strong><\/p><ul class=\"wp-block-list\"><li><strong>Nom chimique<\/strong>: Sarin<\/li><li><strong>Formule chimique<\/strong>: C4H10FO2P<\/li><li><strong>Synonymes<\/strong>: GB<\/li><li><strong>Utilisation<\/strong>: Agent de guerre chimique, insecticide.<\/li><\/ul><p><strong>Dangers<\/strong><\/p><ul class=\"wp-block-list\"><li><strong>Risques pour la sant\u00e9<\/strong>: Extr\u00eamement toxique, inhibe l'ac\u00e9tylcholinest\u00e9rase, entra\u00eenant une insuffisance respiratoire et la mort.<\/li><li><strong>Risques environnementaux<\/strong>: Tr\u00e8s toxique pour toutes les formes de vie, se d\u00e9grade rapidement dans l'environnement.<\/li><\/ul><p><strong>Manipulation et stockage<\/strong><\/p><ul class=\"wp-block-list\"><li><strong>EPI<\/strong>: Utilisez des combinaisons de protection int\u00e9grales, des gants et des respirateurs \u00e0 haute efficacit\u00e9.<\/li><li><strong>Stockage<\/strong>: Conserver dans des endroits s\u00fbrs et bien ventil\u00e9s, dans des r\u00e9cipients herm\u00e9tiquement ferm\u00e9s, \u00e0 l'\u00e9cart de toute source de chaleur.<\/li><li><strong>Intervention en cas de d\u00e9versement<\/strong>: \u00c9vacuer la zone, porter un EPI, utiliser des agents neutralisants (par exemple, une solution d'eau de Javel) et suivre les proc\u00e9dures sp\u00e9cialis\u00e9es d'\u00e9limination des d\u00e9chets chimiques.<\/li><\/ul><p><strong>Premiers secours<\/strong><\/p><ul class=\"wp-block-list\"><li><strong>Inhalation<\/strong>: Transf\u00e9rer la victime \u00e0 l'air frais, administrer l'antidote (atropine) et l'oxime (pralidoxime) conform\u00e9ment aux instructions, consulter imm\u00e9diatement un m\u00e9decin.<\/li><li><strong>Contact avec la peau<\/strong>: Retirez les v\u00eatements contamin\u00e9s, lavez soigneusement la peau \u00e0 l'eau et au savon, consultez un m\u00e9decin.<\/li><li><strong>Contact visuel<\/strong>: Rincer les yeux \u00e0 l'eau ou avec une solution saline pendant 15 minutes, consulter un m\u00e9decin.<\/li><li><strong>Ingestion<\/strong>: Consultez imm\u00e9diatement un m\u00e9decin et administrez du charbon activ\u00e9 si le personnel m\u00e9dical vous le recommande.<\/li><\/ul><hr class=\"wp-block-separator has-alpha-channel-opacity\" \/><p><strong>11. T\u00e9trodotoxine<\/strong><\/p><p><strong>Identification<\/strong><\/p><ul class=\"wp-block-list\"><li><strong>Nom chimique<\/strong>: T\u00e9trodotoxine<\/li><li><strong>Formule chimique<\/strong>: C11H17N3O8<\/li><li><strong>Synonymes<\/strong>: TTX<\/li><li><strong>Utilisation<\/strong>: Recherche sur les neurotoxines pr\u00e9sentes dans le poisson-globe.<\/li><\/ul><p><strong>Dangers<\/strong><\/p><ul class=\"wp-block-list\"><li><strong>Risques pour la sant\u00e9<\/strong>: Extr\u00eamement toxique, provoque une paralysie et une insuffisance respiratoire.<\/li><li><strong>Risques environnementaux<\/strong>: Nocif pour la vie aquatique s'il est rejet\u00e9 dans les r\u00e9seaux hydrographiques.<\/li><\/ul><p><strong>Manipulation et stockage<\/strong><\/p><ul class=\"wp-block-list\"><li><strong>EPI<\/strong>: Portez des gants, une blouse de laboratoire et un \u00e9cran facial.<\/li><li><strong>Stockage<\/strong>: Conserver dans un r\u00e9cipient herm\u00e9tiquement ferm\u00e9 \u00e0 basse temp\u00e9rature.<\/li><li><strong>Intervention en cas de d\u00e9versement<\/strong>: Utilisez un EPI, confinez et nettoyez les d\u00e9versements \u00e0 l'aide d'absorbants appropri\u00e9s, puis \u00e9liminez-les comme des d\u00e9chets dangereux.<\/li><\/ul><p><strong>Premiers secours<\/strong><\/p><ul class=\"wp-block-list\"><li><strong>Inhalation<\/strong>: Se d\u00e9placer \u00e0 l'air frais, consulter imm\u00e9diatement un m\u00e9decin.<\/li><li><strong>Contact avec la peau<\/strong>: Laver \u00e0 l'eau et au savon, consulter un m\u00e9decin.<\/li><li><strong>Contact visuel<\/strong>: Rincer abondamment \u00e0 l'eau pendant 15 minutes, consulter un m\u00e9decin.<\/li><li><strong>Ingestion<\/strong>: Consultez imm\u00e9diatement un m\u00e9decin, administrez du charbon activ\u00e9 si cela vous est conseill\u00e9.<\/li><\/ul><p><img decoding=\"async\" class=\"wp-image-81 aligncenter\" src=\"https:\/\/poisonshops.com\/wp-content\/uploads\/2018\/12\/globe-free-img.png\" alt=\"Fiche de donn\u00e9es de s\u00e9curit\u00e9 FDS pour la manipulation de substances toxiques\" width=\"39\" height=\"39\" srcset=\"https:\/\/poisonshops.com\/wp-content\/uploads\/2018\/12\/globe-free-img.png 120w, https:\/\/poisonshops.com\/wp-content\/uploads\/2018\/12\/globe-free-img-100x100.png 100w\" sizes=\"(max-width: 39px) 100vw, 39px\" \/><\/p><hr class=\"wp-block-separator has-alpha-channel-opacity\" \/><p><strong>12. Agent neurotoxique VR<\/strong><\/p><p><strong>Identification<\/strong><\/p><ul class=\"wp-block-list\"><li><strong>Nom chimique<\/strong>: VR (Agent venimeux X)<\/li><li><strong>Formule chimique<\/strong>: Varie selon le compos\u00e9 sp\u00e9cifique<\/li><li><strong>Synonymes<\/strong>: VX russe, VX<\/li><li><strong>Utilisation<\/strong>: Agent de guerre chimique.<\/li><\/ul><p><strong>Dangers<\/strong><\/p><ul class=\"wp-block-list\"><li><strong>Risques pour la sant\u00e9<\/strong>: Extr\u00eamement toxique, inhibe l'ac\u00e9tylcholinest\u00e9rase, provoquant des convulsions, une insuffisance respiratoire et la mort.<\/li><li><strong>Risques environnementaux<\/strong>: Tr\u00e8s toxique et persistant dans l'environnement.<\/li><\/ul><p><strong>Manipulation et stockage<\/strong><\/p><ul class=\"wp-block-list\"><li><strong>EPI<\/strong>: Combinaison de protection int\u00e9grale, gants et respirateurs \u00e0 haute efficacit\u00e9.<\/li><li><strong>Stockage<\/strong>: Conserver dans un environnement s\u00fbr, ventil\u00e9 et contr\u00f4l\u00e9. Les conteneurs doivent \u00eatre robustes et herm\u00e9tiques.<\/li><li><strong>Intervention en cas de d\u00e9versement<\/strong>: \u00c9vacuer la zone, utiliser un EPI, neutraliser avec des agents appropri\u00e9s (par exemple, de l'eau de Javel) et suivre les directives sp\u00e9cifiques d'\u00e9limination des agents de guerre chimique.<\/li><\/ul><p><strong>Premiers secours<\/strong><\/p><ul class=\"wp-block-list\"><li><strong>Inhalation<\/strong>: Se d\u00e9placer \u00e0 l'air frais, administrer des antidotes (atropine et oxime) conform\u00e9ment aux directives m\u00e9dicales, consulter imm\u00e9diatement un m\u00e9decin.<\/li><li><strong>Contact avec la peau<\/strong>: Retirer les v\u00eatements contamin\u00e9s, laver la peau \u00e0 l'eau et au savon, consulter un m\u00e9decin.<\/li><li><strong>Contact visuel<\/strong>: Rincer \u00e0 l'eau ou \u00e0 une solution saline pendant 15 minutes, consulter un m\u00e9decin.<\/li><li><strong>Ingestion<\/strong>: Consultez imm\u00e9diatement un m\u00e9decin, administrez du charbon activ\u00e9 si cela vous est conseill\u00e9.<\/li><\/ul><p>Chacune de ces toxines n\u00e9cessite des proc\u00e9dures de manipulation sp\u00e9cifiques et des EPI pour garantir la s\u00e9curit\u00e9. Dans tous les cas, il est essentiel de suivre une formation ad\u00e9quate, de respecter les protocoles de s\u00e9curit\u00e9 \u00e9tablis et de garantir l'acc\u00e8s aux ressources d'intervention d'urgence.<\/p><h2>Fiche de donn\u00e9es de s\u00e9curit\u00e9 FDS pour la manipulation de substances toxiques<\/h2><p><img decoding=\"async\" class=\"wp-image-176 aligncenter\" src=\"https:\/\/poisonshops.com\/wp-content\/uploads\/2025\/11\/poison_shop_logo-300x171.png\" alt=\"Magasins de poisons\" width=\"110\" height=\"63\" srcset=\"https:\/\/poisonshops.com\/wp-content\/uploads\/2025\/11\/poison_shop_logo-300x171.png 300w, https:\/\/poisonshops.com\/wp-content\/uploads\/2025\/11\/poison_shop_logo.png 563w\" sizes=\"(max-width: 110px) 100vw, 110px\" \/><\/p><\/div><\/div><\/article><\/div>\t\t\t\t\t\t\t\t<\/div>\n\t\t\t\t<\/div>\n\t\t\t\t\t<\/div>\n\t\t\t\t<\/div>\n\t\t\t\t<\/div>","protected":false},"excerpt":{"rendered":"<p>Safety Data Sheet (SDS) for Handling Our Toxic Substances 1. Arsenic Poison Identification Chemical Name: Arsenic Chemical Formula: As Synonyms: Arsenic Trioxide, White Arsenic Use: Pesticides, wood preservatives, and semiconductors. Hazards Health Risks: Carcinogenic, causes skin lesions, respiratory issues, and gastrointestinal distress. Environmental Risks: Contaminates soil and water. Handling and Storage PPE: Use gloves, goggles, [&hellip;]<\/p>\n","protected":false},"author":1,"featured_media":0,"parent":0,"menu_order":0,"comment_status":"closed","ping_status":"closed","template":"","meta":{"footnotes":""},"class_list":["post-423","page","type-page","status-publish","hentry"],"_links":{"self":[{"href":"https:\/\/poisonshops.com\/fr\/wp-json\/wp\/v2\/pages\/423","targetHints":{"allow":["GET"]}}],"collection":[{"href":"https:\/\/poisonshops.com\/fr\/wp-json\/wp\/v2\/pages"}],"about":[{"href":"https:\/\/poisonshops.com\/fr\/wp-json\/wp\/v2\/types\/page"}],"author":[{"embeddable":true,"href":"https:\/\/poisonshops.com\/fr\/wp-json\/wp\/v2\/users\/1"}],"replies":[{"embeddable":true,"href":"https:\/\/poisonshops.com\/fr\/wp-json\/wp\/v2\/comments?post=423"}],"version-history":[{"count":13,"href":"https:\/\/poisonshops.com\/fr\/wp-json\/wp\/v2\/pages\/423\/revisions"}],"predecessor-version":[{"id":555,"href":"https:\/\/poisonshops.com\/fr\/wp-json\/wp\/v2\/pages\/423\/revisions\/555"}],"wp:attachment":[{"href":"https:\/\/poisonshops.com\/fr\/wp-json\/wp\/v2\/media?parent=423"}],"curies":[{"name":"wp","href":"https:\/\/api.w.org\/{rel}","templated":true}]}}