{"id":439,"date":"2025-11-20T12:15:58","date_gmt":"2025-11-20T12:15:58","guid":{"rendered":"https:\/\/poisonshops.com\/?page_id=439"},"modified":"2025-12-01T11:33:18","modified_gmt":"2025-12-01T11:33:18","slug":"acheter-des-poisons-en-ligne","status":"publish","type":"page","link":"https:\/\/poisonshops.com\/fr\/acheter-des-poisons-en-ligne\/","title":{"rendered":"Contact"},"content":{"rendered":"<div data-elementor-type=\"wp-page\" data-elementor-id=\"439\" class=\"elementor elementor-439\">\n\t\t\t\t<div class=\"elementor-element elementor-element-ac71f13 e-flex e-con-boxed e-con e-parent\" data-id=\"ac71f13\" data-element_type=\"container\" data-e-type=\"container\">\n\t\t\t\t\t<div class=\"e-con-inner\">\n\t\t\t\t<div class=\"elementor-element elementor-element-b8aef59 elementor-widget elementor-widget-text-editor\" data-id=\"b8aef59\" data-element_type=\"widget\" data-e-type=\"widget\" data-widget_type=\"text-editor.default\">\n\t\t\t\t<div class=\"elementor-widget-container\">\n\t\t\t\t\t\t\t\t\t<div id=\"primary\" class=\"content-area\"><main id=\"main\" class=\"site-main\"><\/main><article id=\"post-298\" class=\"post-298 page type-page status-publish\"><div class=\"inside-article\"><div class=\"entry-content\"><p class=\"has-text-align-left\">Acheter des poisons en ligne ; Nous sommes l\u00e0 pour vous aider en cas de questions ou de probl\u00e8mes. N'h\u00e9sitez pas \u00e0 nous contacter par les moyens suivants :<\/p><p><img fetchpriority=\"high\" decoding=\"async\" class=\"size-medium wp-image-502 alignleft\" src=\"https:\/\/poisonshops.com\/wp-content\/uploads\/2025\/11\/Bio-Weapons-240x300.png\" alt=\"Armes biologiques\" width=\"240\" height=\"300\" srcset=\"https:\/\/poisonshops.com\/wp-content\/uploads\/2025\/11\/Bio-Weapons-240x300.png 240w, https:\/\/poisonshops.com\/wp-content\/uploads\/2025\/11\/Bio-Weapons.png 265w\" sizes=\"(max-width: 240px) 100vw, 240px\" \/><\/p><div class=\"wp-block-columns is-layout-flex wp-container-core-columns-is-layout-9d6595d7 wp-block-columns-is-layout-flex\"><div class=\"wp-block-column is-layout-flow wp-block-column-is-layout-flow\"><div class=\"wp-block-image\">\u00a0<\/div><\/div><div class=\"wp-block-column is-layout-flow wp-block-column-is-layout-flow\"><p><mark class=\"has-inline-color\"><\/mark><span style=\"color: #000!important;\"><b>Courriel :<\/b><\/span><a class=\"info-box_link\" href=\"mailto:Ps35dk@proton.me\"><strong><span style=\"color: #ff0000;\">Ps35dk@proton.me<\/span><\/strong><\/a><\/p><\/div><\/div><p>Pour toute question relative aux commandes, \u00e0 l'exp\u00e9dition ou \u00e0 l'information sur les produits, notre \u00e9quipe est pr\u00eate \u00e0 vous aider. Merci d'avoir choisi Poison Shops. Nous nous r\u00e9jouissons d'avoir de vos nouvelles !<\/p><\/div><\/div><\/article><\/div>\t\t\t\t\t\t\t\t<\/div>\n\t\t\t\t<\/div>\n\t\t\t\t\t<\/div>\n\t\t\t\t<\/div>\n\t\t<div class=\"elementor-element elementor-element-8502aa0 e-flex e-con-boxed e-con e-parent\" data-id=\"8502aa0\" data-element_type=\"container\" data-e-type=\"container\">\n\t\t\t\t\t<div class=\"e-con-inner\">\n\t\t\t\t<div class=\"elementor-element elementor-element-3d1bb0a elementor-widget elementor-widget-text-editor\" data-id=\"3d1bb0a\" data-element_type=\"widget\" data-e-type=\"widget\" data-widget_type=\"text-editor.default\">\n\t\t\t\t<div class=\"elementor-widget-container\">\n\t\t\t\t\t\t\t\t\t<h3>Acheter des poisons en ligne<\/h3><p>Bienvenue \u00e0 <img decoding=\"async\" class=\"emoji\" role=\"img\" draggable=\"false\" src=\"https:\/\/s.w.org\/images\/core\/emoji\/16.0.1\/svg\/26a0.svg\" alt=\"\u26a0\ufe0f\" \/><a href=\"https:\/\/poisonshops.com\/fr\/\">Magasin de poisons<\/a>, Nous sommes le premier fournisseur mondial de poisons et d'agents chimiques extr\u00eamement puissants destin\u00e9s \u00e0 la recherche et \u00e0 l'usage personnel. Nous sommes le premier fournisseur mondial de poisons et d'agents chimiques tr\u00e8s puissants destin\u00e9s \u00e0 la recherche et \u00e0 l'usage personnel.<a href=\"https:\/\/duckduckgo.com\/\" target=\"_blank\" rel=\"noopener\">,<\/a> des laboratoires et des organisations. Des toxines naturelles aux produits chimiques industriels et aux agents neurotoxiques, nous proposons la gamme de poisons la plus compl\u00e8te du march\u00e9. Magasins de poisons.<\/p><p>D\u00e9couvrez notre vaste gamme de poisons<br \/>Nous proposons 40 des poisons les plus mortels au monde, disponibles sous forme de liquide, de spray ou de solide, con\u00e7us pour r\u00e9pondre \u00e0 vos besoins pr\u00e9cis. Que vous ayez besoin d'une neurotoxine \u00e0 action rapide, d'un agent chimique ou d'un venin naturel, Bio Weapons vous garantit la plus grande puret\u00e9 pour vos applications critiques.<\/p><p><img decoding=\"async\" class=\"size-full wp-image-28 aligncenter\" src=\"https:\/\/poisonshops.com\/wp-content\/uploads\/2021\/12\/30-Day-Guarantee-1.png\" alt=\"Acheter des poisons en ligne\" width=\"300\" height=\"248\" \/><\/p><p>Portefeuille de produits<br \/>Toxines naturelles :<\/p><p>Toxine botulique - L'agent paralysant le plus puissant.<br \/>Ricin et abrine - Inhibiteurs de la synth\u00e8se prot\u00e9ique \u00e0 action rapide.<br \/>T\u00e9trodotoxine et saxitoxine - toxines marines affectant les voies neurologiques.<br \/>Batrachotoxine - Provenant de grenouilles v\u00e9n\u00e9neuses, id\u00e9ale pour les \u00e9tudes sur les canaux ioniques.<br \/>Conotoxines et Ciguatoxine - Venins pour la recherche neurotoxique avanc\u00e9e.<br \/>Poisons chimiques et agents neurotoxiques :<\/p><p>VX, Sarin, Tabun et Soman - Agents neurotoxiques \u00e0 fort impact pour la recherche.<br \/>Cyanure de sodium et cyanure d'hydrog\u00e8ne - Bloqueurs instantan\u00e9s de la respiration cellulaire.<br \/>Trioxyde d'arsenic, Polonium-210, Thallium et Mercure - Id\u00e9al pour la toxicologie.<br \/>Poisons d'origine v\u00e9g\u00e9tale :<\/p><p>Atropine, Aconitine, Strychnine et Digitale - Pour la recherche sur le syst\u00e8me cardiaque et nerveux.<br \/>Colchicine et Oleandrin - Crucial pour la recherche sur le cancer.<br \/>Coniine &amp; Taxine - Poisons classiques pour applications toxicologiques.<br \/>Poisons industriels :<\/p><p>Chlore, phosg\u00e8ne, monoxyde de carbone, dioxines, plomb et cadmium - Parfait pour les \u00e9tudes environnementales et chimiques.<\/p><p>Venins d'animaux :<\/p><p>Venins de cobra royal, de mamba noir et de m\u00e9duse-bo\u00eete - Pour des \u00e9tudes neurologiques avanc\u00e9es.<br \/>Venin de poisson-pierre - Utile pour la recherche sur la n\u00e9crose des tissus.<\/p><h4>Pourquoi des ateliers antipoison ?<\/h4><p>Une qualit\u00e9 in\u00e9gal\u00e9e : Tous les produits sont accompagn\u00e9s d'un certificat d'analyse (COA) pour garantir leur puissance et leur puret\u00e9.<br \/>S\u00e9curit\u00e9 compl\u00e8te : Chaque produit est accompagn\u00e9 d'une fiche de donn\u00e9es de s\u00e9curit\u00e9 (FDS) et de recommandations en mati\u00e8re d'EPI.<\/p><p>Options de formes polyvalentes : Disponible sous forme de liquide, de spray ou de solide pour une plus grande facilit\u00e9 d'utilisation.<br \/>Livraison internationale : Nous proposons une livraison internationale discr\u00e8te.<\/p><p>Conseils d'experts : Nos sp\u00e9cialistes fournissent des instructions de manipulation pour garantir une utilisation s\u00fbre et conforme.<br \/>Commander maintenant - La puissance, la pr\u00e9cision et l'efficacit\u00e9 au bout des doigts<br \/>Chez Poison Shops, nous savons que la pr\u00e9cision et la fiabilit\u00e9 ne sont pas n\u00e9gociables.<\/p><p>Que vous poursuiviez des recherches toxicologiques avanc\u00e9es, que vous travailliez sur des projets chimiques ou que vous ayez des besoins personnels, nous sommes votre partenaire de confiance.<\/p><p><img decoding=\"async\" class=\"wp-image-176 aligncenter\" src=\"https:\/\/poisonshops.com\/wp-content\/uploads\/2025\/11\/poison_shop_logo-300x171.png\" alt=\"Magasins de poisons\" width=\"114\" height=\"65\" srcset=\"https:\/\/poisonshops.com\/wp-content\/uploads\/2025\/11\/poison_shop_logo-300x171.png 300w, https:\/\/poisonshops.com\/wp-content\/uploads\/2025\/11\/poison_shop_logo.png 563w\" sizes=\"(max-width: 114px) 100vw, 114px\" \/><\/p><p>\u00a0<\/p><p>acheter du poison, meilleur endroit pour acheter du poison, poison \u00e0 vendre, acheter des produits chimiques toxiques, acheter du poison en ligne, acheter de la toxine botulique, toxine botulique \u00e0 vendre, acheter de la ricine, ricine \u00e0 vendre, acheter de l'abrine, abrine \u00e0 vendre, acheter de la t\u00e9trodotoxine, t\u00e9trodotoxine \u00e0 vendre, acheter de la saxitoxine, saxitoxine \u00e0 vendre, acheter des conotoxines, conotoxines \u00e0 vendre,<\/p><p>acheter batrachotoxine, batrachotoxine en vente, acheter ciguatoxine, ciguatoxine en vente, acheter maitotoxine, maitotoxine en vente, acheter aflatoxines, aflatoxines en vente, acheter VX, VX en vente, acheter sarin, sarin en vente, acheter tabun, tabun en vente, acheter du soman, soman \u00e0 vendre, acheter du cyanure d'hydrog\u00e8ne, cyanure d'hydrog\u00e8ne \u00e0 vendre, acheter du cyanure de sodium, cyanure de sodium \u00e0 vendre, acheter de l'arsenic, arsenic \u00e0 vendre, acheter du polonium-210, polonium-210 \u00e0 vendre, acheter du thallium, thallium \u00e0 vendre, acheter du mercure,<\/p><p>mercure \u00e0 vendre, acheter atropine, atropine \u00e0 vendre, acheter aconitine, aconitine \u00e0 vendre, acheter digitaline, digitaline \u00e0 vendre, acheter strychnine, strychnine \u00e0 vendre, acheter ol\u00e9andrine, ol\u00e9andrine \u00e0 vendre, acheter colchicine, colchicine \u00e0 vendre, acheter alcalo\u00efdes de l'ergot, alcalo\u00efdes de l'ergot \u00e0 vendre, acheter coniine, coniine \u00e0 vendre, acheter taxine, taxine \u00e0 vendre,<\/p><p>acheter du chlore gazeux, chlore gazeux \u00e0 vendre, acheter du phosg\u00e8ne, phosg\u00e8ne \u00e0 vendre, acheter du monoxyde de carbone, monoxyde de carbone \u00e0 vendre, acheter des dioxines, dioxines \u00e0 vendre, acheter du plomb, plomb \u00e0 vendre, acheter du cadmium, cadmium \u00e0 vendre, acheter du venin de cobra, venin de cobra \u00e0 vendre, acheter du venin de mamba noir, venin de mamba noir \u00e0 vendre,<\/p><p>acheter du venin de m\u00e9duse-bo\u00eete, vendre du venin de m\u00e9duse-bo\u00eete, acheter du venin de poisson-pierre, vendre du venin de poisson-pierre, acheter des gaz toxiques, vendre des gaz toxiques, acheter des poisons chimiques, vendre des poisons chimiques, acheter des toxines marines,<\/p><p>vente de toxines marines, achat de poisons d'origine v\u00e9g\u00e9tale, vente de poisons d'origine v\u00e9g\u00e9tale, achat d'agents neurotoxiques, vente d'agents neurotoxiques,<\/p><p>acheter des m\u00e9taux lourds, m\u00e9taux lourds \u00e0 vendre, acheter du cyanure, meilleur endroit pour acheter du cyanure, acheter des capsules de cyanure, acheter de la poudre de cyanure, acheter du cyanure liquide, acheter des produits chimiques de recherche, produits chimiques de recherche \u00e0 vendre, o\u00f9 acheter du poison, acheter des toxines mortelles, meilleur endroit pour acheter des toxines, acheter du venin animal, venin animal \u00e0 vendre, acheter de la ricine en ligne, acheter du botulinum pur, acheter du cyanure avec COA, acheter des toxines pour utilisation en laboratoire,<\/p><p>acheter trioxyde d'arsenic, acheter toxines exp\u00e9dition discr\u00e8te, acheter conotoxines spray, acheter aconitine liquide, acheter ricine poudre, acheter produits chimiques industriels, produits chimiques industriels \u00e0 vendre, acheter digitaline comprim\u00e9s, acheter strychnine g\u00e9lules, acheter agents neurotoxiques en ligne, VX gaz \u00e0 vendre, acheter polonium discr\u00e8tement,<\/p><p>acheter des toxines chimiques, acheter de la poudre de plomb, acheter du thallium liquide, acheter des toxines environnementales, acheter un kit de poison, acheter des toxines avec FDS, o\u00f9 acheter des substances toxiques, acheter des poisons pour usage personnel, acheter des toxines avec EPI, acheter des agents chimiques en livraison rapide, acheter du cyanure pr\u00e8s de chez moi, acheter du poison en livraison discr\u00e8te,<\/p><p>acheter des produits chimiques toxiques dans le monde entier, acheter des substances venimeuses, acheter du poison aupr\u00e8s d'un fournisseur de confiance, commander de la toxine botulique en ligne, acheter de l'arsenic avec certificat d'analyse, acheter du cyanure et des produits chimiques toxiques, la meilleure boutique en ligne pour les poisons, acheter du sarin en ligne, acheter des comprim\u00e9s de mercure, acheter des toxines de laurier-rose, acheter de la ricine discr\u00e8tement, acheter des poisons \u00e0 action rapide, acheter du cyanure en toute s\u00e9curit\u00e9,<\/p><p>o\u00f9 acheter la toxine botulique pr\u00e8s de chez moi, commander l'agent neurotoxique VX, acheter des neurotoxines avec livraison, acheter des toxines mortelles pour la recherche, acheter de la strychnine en ligne, acheter des toxines marines livraison rapide, acheter des capsules de taxine, meilleur magasin pour les toxines venimeuses, acheter de l'aconitine discr\u00e8tement, o\u00f9 commander des toxines en ligne, acheter des poisons \u00e0 base de plantes, acheter des d\u00e9riv\u00e9s de l'ergot, acheter des sprays toxiques, meilleur endroit pour commander des produits chimiques en ligne, acheter des bidons de gaz toxiques,<\/p><p>acheter des substances hautement toxiques, acheter des poisons en ligne en toute s\u00e9curit\u00e9, acheter des poisons industriels discr\u00e8tement, acheter du botulinum rapidement, o\u00f9 acheter du cyanure en ligne, commander des produits chimiques toxiques avec COA, acheter du phosg\u00e8ne pour une utilisation en laboratoire, acheter des toxines de serpents venimeux, acheter du venin de mamba noir en livraison rapide, acheter du venin de poisson-pierre avec analyse, meilleur vendeur de substances toxiques,<\/p><p>o\u00f9 acheter des produits chimiques dangereux, acheter de l'aconitine en spray, acheter des toxines de recherche en ligne, acheter de l'arsenic livraison discr\u00e8te, acheter des toxines livraison internationale rapide, acheter des agents neurotoxiques maintenant, meilleur march\u00e9 pour les agents toxiques, acheter des poudres de plomb et de cadmium, acheter des toxines hautement l\u00e9tales en ligne,<\/p><p>commander des poisons en toute s\u00e9curit\u00e9, acheter de la ricine pr\u00e8s de chez moi, acheter du cyanure de sodium en toute s\u00e9curit\u00e9, acheter du mercure en ligne, acheter de la toxine botulique en livraison rapide, commander des toxines discr\u00e8tement, la meilleure source d'agents neurotoxiques, acheter des produits chimiques dangereux maintenant.<\/p>\t\t\t\t\t\t\t\t<\/div>\n\t\t\t\t<\/div>\n\t\t\t\t\t<\/div>\n\t\t\t\t<\/div>\n\t\t\t\t<\/div>","protected":false},"excerpt":{"rendered":"<p>Buy Poisons online; We\u2019re here to assist you with any inquiries or concerns. Please reach out to us through the following methods: \u00a0 Email:Ps35dk@proton.me For support related to orders, shipping, or product information, our team is ready to help. Thank you for choosing Poison Shops. We look forward to hearing from you! Buy Poisons online [&hellip;]<\/p>\n","protected":false},"author":1,"featured_media":0,"parent":0,"menu_order":0,"comment_status":"closed","ping_status":"closed","template":"","meta":{"footnotes":""},"class_list":["post-439","page","type-page","status-publish","hentry"],"_links":{"self":[{"href":"https:\/\/poisonshops.com\/fr\/wp-json\/wp\/v2\/pages\/439","targetHints":{"allow":["GET"]}}],"collection":[{"href":"https:\/\/poisonshops.com\/fr\/wp-json\/wp\/v2\/pages"}],"about":[{"href":"https:\/\/poisonshops.com\/fr\/wp-json\/wp\/v2\/types\/page"}],"author":[{"embeddable":true,"href":"https:\/\/poisonshops.com\/fr\/wp-json\/wp\/v2\/users\/1"}],"replies":[{"embeddable":true,"href":"https:\/\/poisonshops.com\/fr\/wp-json\/wp\/v2\/comments?post=439"}],"version-history":[{"count":19,"href":"https:\/\/poisonshops.com\/fr\/wp-json\/wp\/v2\/pages\/439\/revisions"}],"predecessor-version":[{"id":539,"href":"https:\/\/poisonshops.com\/fr\/wp-json\/wp\/v2\/pages\/439\/revisions\/539"}],"wp:attachment":[{"href":"https:\/\/poisonshops.com\/fr\/wp-json\/wp\/v2\/media?parent=439"}],"curies":[{"name":"wp","href":"https:\/\/api.w.org\/{rel}","templated":true}]}}