{"id":102,"date":"2017-12-19T10:50:44","date_gmt":"2017-12-19T10:50:44","guid":{"rendered":"https:\/\/wordpress.gradientthemes.com\/brand-shop\/product\/blue-denim-jeans\/"},"modified":"2026-02-04T05:38:05","modified_gmt":"2026-02-04T05:38:05","slug":"tueur-a-gages-a-larme-chimique","status":"publish","type":"product","link":"https:\/\/poisonshops.com\/fr\/produit\/tueur-a-gages-a-larme-chimique\/","title":{"rendered":"ASSASSINAT CHIMIQUE (TUEUR \u00c0 GAGES)"},"content":{"rendered":"<h1 data-start=\"27\" data-end=\"99\"><strong data-start=\"27\" data-end=\"97\">Engager un tueur \u00e0 gages ,<\/strong><strong>La main silencieuse - Services d'\u00e9limination chimique d'\u00e9lite<\/strong><\/h1>\n<h3><strong>Pour ceux qui ont besoin d'une discr\u00e9tion absolue<\/strong><\/h3>\n<p><strong>Code de service : OMEGA-BIOWEP<\/strong><\/p>\n<p>Lorsque les m\u00e9thodes conventionnelles sont trop risqu\u00e9es et que la pr\u00e9cision est primordiale, notre <strong>service de terminaison des produits chimiques d'\u00e9lite<\/strong> propose les solutions les plus sophistiqu\u00e9es, les plus intra\u00e7ables et les plus efficaces. Sur mesure pour <strong>d\u00e9m\u00e9nagements de haut niveau<\/strong>, Nos m\u00e9thodes garantissent l'absence d'empreinte m\u00e9dico-l\u00e9gale, de balistique et de liens directs - juste une conclusion silencieuse et transparente. Assassinat chimique Hitman<\/p>\n<p>&nbsp;<\/p>\n<h3><strong>Pourquoi nos clients nous font-ils confiance ?<\/strong><\/h3>\n<p><img decoding=\"async\" class=\"emoji\" role=\"img\" draggable=\"false\" src=\"https:\/\/s.w.org\/images\/core\/emoji\/16.0.1\/svg\/2714.svg\" alt=\"\u2714\" \/> <strong>Anonymat absolu<\/strong> - Aucune trace num\u00e9rique, aucune preuve physique. Votre demande est trait\u00e9e au moyen d'un cryptage multicouche et d'une s\u00e9curit\u00e9 op\u00e9rationnelle stricte.<br \/>\n<img decoding=\"async\" class=\"emoji\" role=\"img\" draggable=\"false\" src=\"https:\/\/s.w.org\/images\/core\/emoji\/16.0.1\/svg\/2714.svg\" alt=\"\u2714\" \/> <strong>Solutions personnalis\u00e9es<\/strong> - Nous analysons les habitudes, l'\u00e9tat de sant\u00e9 et l'environnement de la cible afin de mettre au point la m\u00e9thode d'\u00e9limination la plus efficace.<br \/>\n<img decoding=\"async\" class=\"emoji\" role=\"img\" draggable=\"false\" src=\"https:\/\/s.w.org\/images\/core\/emoji\/16.0.1\/svg\/2714.svg\" alt=\"\u2714\" \/> <strong>Une pr\u00e9cision de grande valeur<\/strong> - Notre service est <strong>pas pour les litiges mineurs<\/strong>. Nous nous adressons exclusivement aux personnes qui ont besoin d'une solution discr\u00e8te pour surmonter des obstacles importants.<br \/>\n<img decoding=\"async\" class=\"emoji\" role=\"img\" draggable=\"false\" src=\"https:\/\/s.w.org\/images\/core\/emoji\/16.0.1\/svg\/2714.svg\" alt=\"\u2714\" \/> <strong>Op\u00e9rateurs de niveau 1<\/strong> - Notre \u00e9quipe comprend d'anciens professionnels dans les domaines suivants <strong>des experts en guerre biochimique, en toxicologie et dans le domaine m\u00e9dical<\/strong>, et garantissent une ex\u00e9cution propre.<br \/>\n<img decoding=\"async\" class=\"emoji\" role=\"img\" draggable=\"false\" src=\"https:\/\/s.w.org\/images\/core\/emoji\/16.0.1\/svg\/2714.svg\" alt=\"\u2714\" \/> <strong>D\u00e9ploiement mondial<\/strong> - Des agents strat\u00e9giques sont disponibles dans plus de <strong>30 pays<\/strong>, capable de mener \u00e0 bien des missions avec <strong>pr\u00e9cision militaire<\/strong>.<\/p>\n<h3><strong>M\u00e9thodologie et options<\/strong><\/h3>\n<p><img decoding=\"async\" class=\"emoji\" role=\"img\" draggable=\"false\" src=\"https:\/\/s.w.org\/images\/core\/emoji\/16.0.1\/svg\/1f539.svg\" alt=\"\ud83d\udd39\" \/> <strong>Agents neurotoxiques<\/strong> - Instantan\u00e9e, mortelle et pratiquement ind\u00e9tectable lors des examens post-mortem standard.<br \/>\n<img decoding=\"async\" class=\"emoji\" role=\"img\" draggable=\"false\" src=\"https:\/\/s.w.org\/images\/core\/emoji\/16.0.1\/svg\/1f539.svg\" alt=\"\ud83d\udd39\" \/> <strong>Cardiotoxines<\/strong> - Simulation d'un arr\u00eat cardiaque ; cela ressemble \u00e0 une cause naturelle de d\u00e9c\u00e8s.<br \/>\n<img decoding=\"async\" class=\"emoji\" role=\"img\" draggable=\"false\" src=\"https:\/\/s.w.org\/images\/core\/emoji\/16.0.1\/svg\/1f539.svg\" alt=\"\ud83d\udd39\" \/> <strong>Compos\u00e9s \u00e0 action retard\u00e9e<\/strong> - Con\u00e7u pour activer <strong>des semaines ou des mois plus tard<\/strong>, Le projet de loi a \u00e9t\u00e9 adopt\u00e9 par le Parlement europ\u00e9en, qui n'a pas de lien imm\u00e9diat avec vous.<br \/>\n<img decoding=\"async\" class=\"emoji\" role=\"img\" draggable=\"false\" src=\"https:\/\/s.w.org\/images\/core\/emoji\/16.0.1\/svg\/1f539.svg\" alt=\"\ud83d\udd39\" \/> <strong>Int\u00e9gration de l'environnement<\/strong> - Des solutions personnalis\u00e9es qui peuvent \u00eatre <strong>ing\u00e9r\u00e9s, inhal\u00e9s ou absorb\u00e9s<\/strong>, en r\u00e9duisant au minimum le risque d'exposition.<\/p>\n<p><img decoding=\"async\" class=\"wp-image-502 aligncenter\" src=\"https:\/\/poisonshops.com\/wp-content\/uploads\/2025\/11\/Bio-Weapons-240x300.png\" alt=\"Armes biologiques\" width=\"69\" height=\"86\" srcset=\"https:\/\/poisonshops.com\/wp-content\/uploads\/2025\/11\/Bio-Weapons-240x300.png 240w, https:\/\/poisonshops.com\/wp-content\/uploads\/2025\/11\/Bio-Weapons.png 265w\" sizes=\"(max-width: 69px) 100vw, 69px\" \/><\/p>\n<h3><strong>Tarification et exclusivit\u00e9<\/strong><\/h3>\n<p><img decoding=\"async\" class=\"emoji\" role=\"img\" draggable=\"false\" src=\"https:\/\/s.w.org\/images\/core\/emoji\/16.0.1\/svg\/1f4b0.svg\" alt=\"\ud83d\udcb0\" \/> <strong>Prix d'entr\u00e9e de base : $500,000<\/strong><\/p>\n<ul>\n<li><strong>Services de niveau sup\u00e9rieur<\/strong>: $750,000 - $2,500,000+ (comprend la planification op\u00e9rationnelle compl\u00e8te, l'\u00e9valuation des risques et l'assainissement apr\u00e8s l'\u00e9v\u00e9nement)<\/li>\n<li><strong>Clients ultra-\u00e9lites<\/strong>: Tarification personnalis\u00e9e disponible pour les cas tr\u00e8s sensibles<\/li>\n<\/ul>\n<p><img decoding=\"async\" class=\"emoji\" role=\"img\" draggable=\"false\" src=\"https:\/\/s.w.org\/images\/core\/emoji\/16.0.1\/svg\/26a0.svg\" alt=\"\u26a0\" \/> <strong>CLIENT\u00c8LE STRICTEMENT V\u00c9RIFI\u00c9E<\/strong> <img decoding=\"async\" class=\"emoji\" role=\"img\" draggable=\"false\" src=\"https:\/\/s.w.org\/images\/core\/emoji\/16.0.1\/svg\/26a0.svg\" alt=\"\u26a0\" \/><\/p>\n<ul>\n<li>Nous <strong>ne pas<\/strong> r\u00e9pondre \u00e0 des demandes al\u00e9atoires ou \u00e0 des demandes de faible importance.<\/li>\n<li>La s\u00e9lection est rigoureuse. Une preuve de capacit\u00e9 financi\u00e8re est exig\u00e9e.<\/li>\n<li>Paiements en <strong>Monero, Bitcoin, ou certaines pi\u00e8ces priv\u00e9es UNIQUEMENT<\/strong>.<\/li>\n<\/ul>\n<p><img decoding=\"async\" class=\"wp-image-463 aligncenter\" src=\"https:\/\/poisonshops.com\/wp-content\/uploads\/2025\/11\/tttt-1-204x300.png\" alt=\"Magasin de poisons\" width=\"69\" height=\"101\" srcset=\"https:\/\/poisonshops.com\/wp-content\/uploads\/2025\/11\/tttt-1-204x300.png 204w, https:\/\/poisonshops.com\/wp-content\/uploads\/2025\/11\/tttt-1.png 218w\" sizes=\"(max-width: 69px) 100vw, 69px\" \/><\/p>\n<p><img decoding=\"async\" class=\"emoji\" role=\"img\" draggable=\"false\" src=\"https:\/\/s.w.org\/images\/core\/emoji\/16.0.1\/svg\/1f6a8.svg\" alt=\"\ud83d\udea8\" \/> <strong>Avertissement :<\/strong> Toute tentative non autoris\u00e9e de suivre, d'exposer ou d'interf\u00e9rer avec nos op\u00e9rations fera l'objet des mesures suivantes <strong>contre-mesures imm\u00e9diates<\/strong>.<\/p>\n<p><strong>Protocole de contact :<\/strong> Canaux crypt\u00e9s PGP uniquement. Les parties s\u00e9rieuses recevront un acc\u00e8s \u00e0 notre n\u0153ud de communication s\u00e9curis\u00e9 apr\u00e8s v\u00e9rification.<\/p>\n<p><em>Le crime parfait n'est pas celui qui est bien cach\u00e9, c'est celui qui ne laisse rien derri\u00e8re lui.<\/em><\/p>\n<h3>Assassinat chimique Hitman For Hire<\/h3>\n<p><strong>Engager un tueur \u00e0 gages. Hitman \u00e0 louer. Louer un tueur \u00e0 gages. Engager un tueur<\/strong>\u00a0est la solution id\u00e9ale pour r\u00e9gler les comptes avec ceux que vous souhaitez tuer ou agresser. Nous fournissons un certain nombre de services professionnels d'assassinat et de mise \u00e0 mort dans le monde entier. Souhaitez-vous\u00a0<strong>EMBAUCHER UN HOMME DE MAIN<\/strong>\u00a0ou \u00e9liminer votre conjoint, votre ennemi, vos concurrents commerciaux, les membres de votre famille ou toute autre personne que vous souhaitez, nous sommes l\u00e0 pour vous faciliter la t\u00e2che.<\/p>\n<p>Vous \u00eates \u00e0 la recherche d'un\u00a0<strong>tueur \u00e0 gages<\/strong>\u00a0ou\u00a0<strong>tueur en s\u00e9rie<\/strong>\u00a0Vous voulez faire un travail propre sans que la police ou le FBI ne puisse vous tracer, alors vous \u00eates au bon endroit. Nous sommes sp\u00e9cialis\u00e9s dans la fourniture de\u00a0<strong>Services Hitman<\/strong>\u00a0\u00e0 des clients du monde entier, en se concentrant sur les meurtres sous contrat. Nous laissons des balises \u00e0 notre sujet sur l'internet afin que toute personne cherchant \u00e0 se faire passer pour des tueurs \u00e0 gages puisse s'y retrouver.\u00a0<strong>comment engager un tueur \u00e0 gages<\/strong>, un tueur ou \u00e0<strong>\u00a0louer un tueur \u00e0 gages<\/strong>\u00a0peuvent nous d\u00e9couvrir d'o\u00f9 qu'ils soient. Nos services peuvent \u00eatre fournis dans n'importe quel pays du monde sans aucun probl\u00e8me.<\/p>\n<p><strong>O\u00d9 ENGAGER UN TUEUR \u00c0 GAGES \/ ENGAGER UN TUEUR :<\/strong> De nombreuses personnes ont cherch\u00e9 \u00e0\u00a0<strong>o\u00f9 engager un tueur en s\u00e9rie<\/strong>\u00a0.\u00a0<strong>Engager un tueur \u00e0 gages<\/strong>\u00a0a \u00e9t\u00e9 difficile pour de nombreuses personnes en raison des moyens d'y acc\u00e9der. Jusqu'\u00e0 pr\u00e9sent, vous ne pouviez trouver ce type de service que dans les <strong>darkweb<\/strong> auquel vous ne pouvez pas acc\u00e9der avec votre navigateur normal, \u00e0 moins d'utiliser le navigateur TOR et d'obtenir le bon lien vers ce que vous cherchez.<\/p>\n<p>Si quelqu'un est dans vos petits papiers, si quelqu'un vous a arnaqu\u00e9 dans une affaire ou si vous avez \u00e9t\u00e9 bless\u00e9 au point de vouloir vous venger mais que vous n'avez pas le c\u0153ur \u00e0 le faire, ne vous inqui\u00e9tez plus car nous sommes l\u00e0 pour nous occuper de ce travail \u00e0 votre place, <strong>engager un tueur<\/strong> pour ex\u00e9cuter vos ordres. Assassinat chimique Hitman \u00e0 louer.<\/p>\n<p>Nous g\u00e9rons un r\u00e9seau d'entreprises russes, italiennes, cor\u00e9ennes, mexicaines, am\u00e9ricaines et serbes. <strong>assassins (tueurs \u00e0 gages)<\/strong>, Les services de vengeance de l'Union europ\u00e9enne sont compos\u00e9s d'agents de l'Union europ\u00e9enne, disponibles pour tuer sur notre ordre et dans un d\u00e9lai tr\u00e8s court. Il vous suffit de passer votre commande en s\u00e9lectionnant le type de vengeance ou de services que vous souhaitez, ainsi que les d\u00e9tails de la cible, et d'attendre les instructions suivantes. Toute la communication se fait par le biais de nos formulaires en ligne s\u00e9curis\u00e9s. Sans prendre de risques, engagez un tueur \u00e0 gages d\u00e8s aujourd'hui ou\u00a0<strong>engager un assassin<\/strong>\u00a0\u00e0 partir de notre site web.<\/p>\n<p><img decoding=\"async\" class=\"wp-image-176 aligncenter\" src=\"https:\/\/poisonshops.com\/wp-content\/uploads\/2025\/11\/poison_shop_logo-300x171.png\" alt=\"Magasins de poisons\" width=\"114\" height=\"65\" srcset=\"https:\/\/poisonshops.com\/wp-content\/uploads\/2025\/11\/poison_shop_logo-300x171.png 300w, https:\/\/poisonshops.com\/wp-content\/uploads\/2025\/11\/poison_shop_logo.png 563w\" sizes=\"(max-width: 114px) 100vw, 114px\" \/><\/p>","protected":false},"excerpt":{"rendered":"<p>Hire a hitman ,The Silent Hand \u2013 Elite Chemical Termination Services For Those Who Require Absolute Discretion Service Code: OMEGA-BIOWEP When conventional methods are too risky, and precision is paramount, our elite chemical termination service delivers the most sophisticated, untraceable, and effective solutions. Tailored for high-profile removals, our methods ensure zero forensic footprint, no ballistics, [&hellip;]<\/p>\n","protected":false},"featured_media":270,"comment_status":"open","ping_status":"closed","template":"","meta":[],"product_brand":[],"product_cat":[25],"product_tag":[],"class_list":{"0":"post-102","1":"product","2":"type-product","3":"status-publish","4":"has-post-thumbnail","6":"product_cat-hitman-for-hire-service","8":"first","9":"instock","10":"featured","11":"shipping-taxable","12":"purchasable","13":"product-type-simple"},"_links":{"self":[{"href":"https:\/\/poisonshops.com\/fr\/wp-json\/wp\/v2\/product\/102","targetHints":{"allow":["GET"]}}],"collection":[{"href":"https:\/\/poisonshops.com\/fr\/wp-json\/wp\/v2\/product"}],"about":[{"href":"https:\/\/poisonshops.com\/fr\/wp-json\/wp\/v2\/types\/product"}],"replies":[{"embeddable":true,"href":"https:\/\/poisonshops.com\/fr\/wp-json\/wp\/v2\/comments?post=102"}],"wp:featuredmedia":[{"embeddable":true,"href":"https:\/\/poisonshops.com\/fr\/wp-json\/wp\/v2\/media\/270"}],"wp:attachment":[{"href":"https:\/\/poisonshops.com\/fr\/wp-json\/wp\/v2\/media?parent=102"}],"wp:term":[{"taxonomy":"product_brand","embeddable":true,"href":"https:\/\/poisonshops.com\/fr\/wp-json\/wp\/v2\/product_brand?post=102"},{"taxonomy":"product_cat","embeddable":true,"href":"https:\/\/poisonshops.com\/fr\/wp-json\/wp\/v2\/product_cat?post=102"},{"taxonomy":"product_tag","embeddable":true,"href":"https:\/\/poisonshops.com\/fr\/wp-json\/wp\/v2\/product_tag?post=102"}],"curies":[{"name":"wp","href":"https:\/\/api.w.org\/{rel}","templated":true}]}}