{"id":105,"date":"2017-12-19T10:30:57","date_gmt":"2017-12-19T10:30:57","guid":{"rendered":"https:\/\/wordpress.gradientthemes.com\/brand-shop\/product\/blue-denim-shorts\/"},"modified":"2025-12-06T14:56:29","modified_gmt":"2025-12-06T14:56:29","slug":"poison-de-batrachotoxine","status":"publish","type":"product","link":"https:\/\/poisonshops.com\/fr\/produit\/poison-de-batrachotoxine\/","title":{"rendered":"Poison \u00e0 base de batrachotoxine"},"content":{"rendered":"<h2>Poison \u00e0 base de batrachotoxine \u00e0 vendre<\/h2>\n<h4>Aper\u00e7u<\/h4>\n<p>La batrachotoxine est une puissante neurotoxine st\u00e9ro\u00efdienne alcalo\u00efde que l'on trouve chez certaines esp\u00e8ces de grenouilles, en particulier dans le genre\u00a0<em>Phyllobates<\/em> (grenouilles v\u00e9n\u00e9neuses). Il s'agit de l'une des substances les plus toxiques connues de l'homme. Achetez des poisons et des toxines de mani\u00e8re anonyme.<\/p>\n<h4>M\u00e9canisme d'action<\/h4>\n<p>La batrachotoxine agit en se liant de mani\u00e8re permanente aux canaux sodiques des membranes des cellules nerveuses, les emp\u00eachant de se fermer. Il en r\u00e9sulte une phase de d\u00e9polarisation prolong\u00e9e qui emp\u00eache les cellules nerveuses de transmettre correctement les signaux.<\/p>\n<h4>Comment \u00e7a marche<\/h4>\n<p>L'exposition \u00e0 la batrachotoxine peut se produire par contact avec la peau ou par ingestion de proies contamin\u00e9es. Elle interf\u00e8re avec la fonction nerveuse, entra\u00eenant une paralysie, des arythmies cardiaques et une insuffisance respiratoire potentiellement fatale.<\/p>\n<h4>Quantit\u00e9 n\u00e9cessaire pour causer des dommages<\/h4>\n<p>La dose l\u00e9tale de batrachotoxine est extr\u00eamement faible, les estimations sugg\u00e9rant qu'un seul milligramme pourrait \u00eatre l\u00e9tal en cas d'absorption par la peau ou d'ingestion. Poison de batrachotoxine \u00e0 vendre.<\/p>\n<p><img decoding=\"async\" class=\"wp-image-463 aligncenter\" src=\"https:\/\/poisonshops.com\/wp-content\/uploads\/2025\/11\/tttt-1-204x300.png\" alt=\"Magasin de poisons\" width=\"52\" height=\"76\" srcset=\"https:\/\/poisonshops.com\/wp-content\/uploads\/2025\/11\/tttt-1-204x300.png 204w, https:\/\/poisonshops.com\/wp-content\/uploads\/2025\/11\/tttt-1.png 218w\" sizes=\"(max-width: 52px) 100vw, 52px\" \/><\/p>\n<h4>Signes et sympt\u00f4mes<\/h4>\n<p>Les sympt\u00f4mes d'un empoisonnement \u00e0 la batrachotoxine sont les suivants :<\/p>\n<ul>\n<li><strong>Sympt\u00f4mes pr\u00e9coces<\/strong>: Engourdissement et picotements autour de la bouche et des extr\u00e9mit\u00e9s.<\/li>\n<li><strong>Sympt\u00f4mes progressifs<\/strong>: Faiblesse musculaire, paralysie, difficult\u00e9s respiratoires, voire arr\u00eat cardiaque.<\/li>\n<\/ul>\n<h4>Sources et distribution<\/h4>\n<p>La batrachotoxine se trouve principalement dans certaines esp\u00e8ces de grenouilles v\u00e9n\u00e9neuses originaires d'Am\u00e9rique centrale et d'Am\u00e9rique du Sud, en particulier de Colombie.<\/p>\n<h4>D\u00e9tection et traitement<\/h4>\n<ul>\n<li><strong>D\u00e9tection<\/strong>: Le diagnostic est bas\u00e9 sur les sympt\u00f4mes et les ant\u00e9c\u00e9dents d'exposition aux grenouilles empoisonn\u00e9es ou \u00e0 leurs s\u00e9cr\u00e9tions.<\/li>\n<li><strong>Traitement<\/strong>: Il n'existe pas d'antidote sp\u00e9cifique pour l'empoisonnement \u00e0 la batrachotoxine. Le traitement se concentre sur les soins de soutien, y compris l'assistance respiratoire et la gestion des complications cardiaques. Acheter Batrachotoxin (EVT-334836).<\/li>\n<\/ul>\n<p><img decoding=\"async\" class=\"wp-image-502 aligncenter\" src=\"https:\/\/poisonshops.com\/wp-content\/uploads\/2025\/11\/Bio-Weapons-240x300.png\" alt=\"Armes biologiques\" width=\"72\" height=\"90\" srcset=\"https:\/\/poisonshops.com\/wp-content\/uploads\/2025\/11\/Bio-Weapons-240x300.png 240w, https:\/\/poisonshops.com\/wp-content\/uploads\/2025\/11\/Bio-Weapons.png 265w\" sizes=\"(max-width: 72px) 100vw, 72px\" \/><\/p>\n<h4>La pr\u00e9vention<\/h4>\n<ul>\n<li><strong>Mesures de s\u00e9curit\u00e9<\/strong>: \u00c9vitez de manipuler ou de consommer des grenouilles sauvages ou leurs s\u00e9cr\u00e9tions. Une formation et des pr\u00e9cautions appropri\u00e9es sont essentielles pour les personnes travaillant dans des environnements o\u00f9 ces grenouilles sont pr\u00e9sentes.<\/li>\n<\/ul>\n<h4>Conclusion<\/h4>\n<p>La batrachotoxine est une neurotoxine extr\u00eamement puissante que l'on trouve dans les grenouilles \u00e0 fl\u00e9chettes, capable de provoquer un empoisonnement grave et potentiellement mortel chez l'homme. Il est essentiel de comprendre ses effets, ses sources et les mesures de s\u00e9curit\u00e9 appropri\u00e9es pour \u00e9viter une exposition accidentelle. Achetez des poisons et des toxines de mani\u00e8re anonyme.<\/p>\n<h3>Acheter du poison Batrachotoxin en ligne<\/h3>\n<p><img decoding=\"async\" class=\"wp-image-176 aligncenter\" src=\"https:\/\/poisonshops.com\/wp-content\/uploads\/2025\/11\/poison_shop_logo-300x171.png\" alt=\"Magasins de poisons\" width=\"123\" height=\"70\" srcset=\"https:\/\/poisonshops.com\/wp-content\/uploads\/2025\/11\/poison_shop_logo-300x171.png 300w, https:\/\/poisonshops.com\/wp-content\/uploads\/2025\/11\/poison_shop_logo.png 563w\" sizes=\"(max-width: 123px) 100vw, 123px\" \/><\/p>","protected":false},"excerpt":{"rendered":"<p>Batrachotoxin Poison For Sale Overview Batrachotoxin is a potent steroidal alkaloid neurotoxin found in certain species of frogs, particularly in the genus\u00a0Phyllobates (poison dart frogs). It is one of the most toxic substances known to humans. Buy poisons and toxins anonymously. Mechanism of Action Batrachotoxin acts by permanently binding to sodium channels in nerve cell [&hellip;]<\/p>\n","protected":false},"featured_media":285,"comment_status":"open","ping_status":"closed","template":"","meta":[],"product_brand":[],"product_cat":[17],"product_tag":[],"class_list":{"0":"post-105","1":"product","2":"type-product","3":"status-publish","4":"has-post-thumbnail","6":"product_cat-poisons-for-sale","8":"first","9":"instock","10":"featured","11":"shipping-taxable","12":"purchasable","13":"product-type-variable"},"_links":{"self":[{"href":"https:\/\/poisonshops.com\/fr\/wp-json\/wp\/v2\/product\/105","targetHints":{"allow":["GET"]}}],"collection":[{"href":"https:\/\/poisonshops.com\/fr\/wp-json\/wp\/v2\/product"}],"about":[{"href":"https:\/\/poisonshops.com\/fr\/wp-json\/wp\/v2\/types\/product"}],"replies":[{"embeddable":true,"href":"https:\/\/poisonshops.com\/fr\/wp-json\/wp\/v2\/comments?post=105"}],"wp:featuredmedia":[{"embeddable":true,"href":"https:\/\/poisonshops.com\/fr\/wp-json\/wp\/v2\/media\/285"}],"wp:attachment":[{"href":"https:\/\/poisonshops.com\/fr\/wp-json\/wp\/v2\/media?parent=105"}],"wp:term":[{"taxonomy":"product_brand","embeddable":true,"href":"https:\/\/poisonshops.com\/fr\/wp-json\/wp\/v2\/product_brand?post=105"},{"taxonomy":"product_cat","embeddable":true,"href":"https:\/\/poisonshops.com\/fr\/wp-json\/wp\/v2\/product_cat?post=105"},{"taxonomy":"product_tag","embeddable":true,"href":"https:\/\/poisonshops.com\/fr\/wp-json\/wp\/v2\/product_tag?post=105"}],"curies":[{"name":"wp","href":"https:\/\/api.w.org\/{rel}","templated":true}]}}