{"id":106,"date":"2017-12-19T09:56:35","date_gmt":"2017-12-19T09:56:35","guid":{"rendered":"https:\/\/wordpress.gradientthemes.com\/brand-shop\/product\/lemons-tshirt\/"},"modified":"2025-12-06T15:08:12","modified_gmt":"2025-12-06T15:08:12","slug":"acheter-de-la-toxine-botulique","status":"publish","type":"product","link":"https:\/\/poisonshops.com\/fr\/produit\/acheter-de-la-toxine-botulique\/","title":{"rendered":"Toxine botulique (l'autopsie ne permet pas de d\u00e9terminer la cause du d\u00e9c\u00e8s)"},"content":{"rendered":"<h2>Acheter de la toxine botulique en ligne<\/h2>\n<p><strong>\u00a0Si vous cherchez un moyen de commettre un meurtre silencieux, un meurtre que m\u00eame l'autopsie ne peut r\u00e9v\u00e9ler la cause du d\u00e9c\u00e8s, la toxine botulique est la r\u00e9ponse. Acheter la toxine botulique en ligne.<\/strong><\/p>\n<h4>Aper\u00e7u<\/h4>\n<p>La toxine botulique est une prot\u00e9ine neurotoxique produite par la bact\u00e9rie\u00a0<em>Clostridium botulinum<\/em>. C'est l'une des toxines les plus puissantes connues et elle peut \u00eatre mortelle en petites quantit\u00e9s. Malgr\u00e9 sa toxicit\u00e9, elle est largement utilis\u00e9e dans des applications m\u00e9dicales et cosm\u00e9tiques. Acheter des toxines botuliques en ligne \u00e0 des prix de gros.<\/p>\n<h4>M\u00e9canisme d'action<\/h4>\n<p>La toxine botulique bloque la lib\u00e9ration d'ac\u00e9tylcholine, un neurotransmetteur responsable de la contraction musculaire, au niveau de la jonction neuromusculaire. Cette inhibition entra\u00eene une paralysie musculaire, r\u00e9duisant ainsi l'activit\u00e9 musculaire.<\/p>\n<h4>Comment il tue<\/h4>\n<p>La paralysie caus\u00e9e par la toxine botulique peut entra\u00eener une insuffisance respiratoire, car elle affecte les muscles impliqu\u00e9s dans la respiration. En l'absence d'intervention, elle peut entra\u00eener la mort. L'effet de la toxine sur les terminaisons nerveuses autonomes peut \u00e9galement perturber diverses fonctions corporelles involontaires.<\/p>\n<h4>Quantit\u00e9 n\u00e9cessaire pour tuer<\/h4>\n<p>La dose l\u00e9tale estim\u00e9e (DL50) de la toxine botulique est d'environ 1 \u00e0 2 nanogrammes par kilogramme de poids corporel pour l'homme lorsqu'elle est inhal\u00e9e, et encore moins lorsqu'elle est inject\u00e9e. Cela signifie que moins d'un microgramme peut potentiellement \u00eatre fatal \u00e0 un adulte.<\/p>\n<h4>Signes et sympt\u00f4mes<\/h4>\n<p>Les sympt\u00f4mes d'un empoisonnement \u00e0 la toxine botulique sont les suivants :<\/p>\n<ul>\n<li><strong>Sympt\u00f4mes initiaux<\/strong>: Vision double, paupi\u00e8res tombantes et faiblesse faciale.<\/li>\n<li><strong>Sympt\u00f4mes progressifs<\/strong>: Difficult\u00e9s de d\u00e9glutition, troubles de l'\u00e9locution et faiblesse musculaire g\u00e9n\u00e9ralis\u00e9e.<\/li>\n<li><strong>Sympt\u00f4mes graves<\/strong>: Insuffisance respiratoire due \u00e0 une paralysie du diaphragme, qui peut \u00eatre fatale si elle n'est pas trait\u00e9e rapidement.<\/li>\n<\/ul>\n<h4>Formulaires et demandes<\/h4>\n<p>La toxine botulique est utilis\u00e9e \u00e0 la fois \u00e0 des fins m\u00e9dicales et cosm\u00e9tiques :<\/p>\n<ul>\n<li><strong>Utilisation cosm\u00e9tique<\/strong>: R\u00e9duit les rides du visage en paralysant temporairement les muscles.<\/li>\n<li><strong>Usage m\u00e9dical<\/strong>: Traite des affections telles que les migraines chroniques, la spasticit\u00e9 musculaire, l'hyperhidrose (transpiration excessive) et le strabisme (yeux crois\u00e9s).<\/li>\n<\/ul>\n<h4>Pr\u00e9sence et sources<\/h4>\n<p>La toxine botulique peut \u00eatre trouv\u00e9e dans :<\/p>\n<ul>\n<li><strong>Aliments contamin\u00e9s<\/strong>: Les aliments mal mis en conserve ou conserv\u00e9s peuvent abriter la bact\u00e9rie, ce qui entra\u00eene un botulisme d'origine alimentaire.<\/li>\n<li><strong>Sol et eau<\/strong>: La bact\u00e9rie est naturellement pr\u00e9sente dans ces environnements, bien que les cas d'exposition environnementale soient rares.<\/li>\n<li><strong>Pr\u00e9parations m\u00e9dicales<\/strong>: Les formes purifi\u00e9es et dilu\u00e9es sont utilis\u00e9es sous contr\u00f4le m\u00e9dical \u00e0 des fins th\u00e9rapeutiques et cosm\u00e9tiques.<\/li>\n<\/ul>\n<h4>Manipulation s\u00fbre<\/h4>\n<p>La manipulation de la toxine botulique n\u00e9cessite des mesures de s\u00e9curit\u00e9 strictes :<\/p>\n<ul>\n<li><strong>Formation<\/strong>: Seuls des professionnels qualifi\u00e9s doivent manipuler la toxine.<\/li>\n<li><strong>\u00c9quipement de protection<\/strong>: Utiliser des gants, des masques et des lunettes de protection pour minimiser les risques d'exposition.<\/li>\n<li><strong>Stockage ad\u00e9quat<\/strong>: Conserver dans des r\u00e9cipients s\u00fbrs et \u00e9tiquet\u00e9s aux temp\u00e9ratures recommand\u00e9es afin d'\u00e9viter toute d\u00e9gradation.<\/li>\n<li><strong>\u00c9limination<\/strong>: Suivre les directives sp\u00e9cifiques pour l'\u00e9limination de tout mat\u00e9riel ayant \u00e9t\u00e9 en contact avec la toxine afin d'\u00e9viter toute contamination.<\/li>\n<\/ul>\n<ul>\n<li><\/li>\n<\/ul>\n<h4>Conclusion<\/h4>\n<p>Nous utilisons le poison le plus efficace du march\u00e9, quelques nanogrammes inject\u00e9s dans les aliments suffisant \u00e0 causer des dommages irr\u00e9versibles, ou quelques grammes de poison inject\u00e9s suffisant \u00e0 causer la mort.<br \/>\nNotre formule comprend un s\u00e9rum masqu\u00e9 pour rendre l'autopsie difficile, ils penseront que la victime a eu une intoxication alimentaire, ou quelque chose de similaire, rien de plus.<\/p>\n<h2>Quelle est la dur\u00e9e d'action des toxines botuliques ?<\/h2>\n<p>La dur\u00e9e des effets de la toxine botulique d\u00e9pend de la formulation de la toxine, du dosage, du site d'injection et des caract\u00e9ristiques individuelles du patient. En g\u00e9n\u00e9ral, les effets th\u00e9rapeutiques durent de 3 \u00e0 12 mois, tant pour les applications cosm\u00e9tiques que pour les traitements m\u00e9dicaux. Apr\u00e8s quelques mois d'administration, une r\u00e9innervation progressive et une restauration de la fonction neuromusculaire se produisent. Il est donc n\u00e9cessaire de r\u00e9p\u00e9ter les injections pour maintenir les r\u00e9sultats souhait\u00e9s.<\/p>\n<p><img decoding=\"async\" class=\"wp-image-463 aligncenter\" src=\"https:\/\/poisonshops.com\/wp-content\/uploads\/2025\/11\/tttt-1-204x300.png\" alt=\"Magasin de poisons\" width=\"60\" height=\"88\" srcset=\"https:\/\/poisonshops.com\/wp-content\/uploads\/2025\/11\/tttt-1-204x300.png 204w, https:\/\/poisonshops.com\/wp-content\/uploads\/2025\/11\/tttt-1.png 218w\" sizes=\"(max-width: 60px) 100vw, 60px\" \/><\/p>\n<h2>Effets secondaires de la toxine botulique<\/h2>\n<p>Bien que les traitements \u00e0 base de toxine botulique soient g\u00e9n\u00e9ralement bien tol\u00e9r\u00e9s, ils peuvent avoir des effets ind\u00e9sirables.<\/p>\n<h3>R\u00e9actions localis\u00e9es aux points d'injection<\/h3>\n<p>Il s'agit de l'effet secondaire le plus fr\u00e9quent. Il s'agit de :<\/p>\n<ul>\n<li>Eryth\u00e8me<\/li>\n<li>Ecchymoses<\/li>\n<li>\u0152d\u00e8me<\/li>\n<li>Malaise<\/li>\n<\/ul>\n<p>Ces r\u00e9actions sont dues \u00e0 la perturbation de la microvasculature locale lors de l'insertion de l'aiguille et \u00e0 la diffusion de la neurotoxine dans les tissus environnants. Toutes ces r\u00e9actions disparaissent g\u00e9n\u00e9ralement dans les jours ou les semaines qui suivent l'injection. Acheter des toxines botuliques en ligne \u00e0 des prix de gros.<\/p>\n<h3>Complications syst\u00e9miques<\/h3>\n<p>Les complications syst\u00e9miques comprennent une faiblesse musculaire loin du site d'injection due \u00e0 la diffusion de la toxine, en particulier dans les traitements impliquant de gros muscles ou des doses \u00e9lev\u00e9es. Une dysphagie et une dysarthrie peuvent \u00e9galement survenir en raison d'une diffusion accidentelle dans les structures adjacentes, telles que la musculature pharyng\u00e9e ou les cordes vocales (perturbant la d\u00e9glutition et l'articulation de la parole).  En outre, un ptosis des paupi\u00e8res peut se produire, c'est-\u00e0-dire que les paupi\u00e8res tombent si la toxine atteint le muscle qui les soul\u00e8ve. Compte tenu de ces effets secondaires graves, la prudence est de mise lorsque vous commandez des toxines botuliques en ligne. L'achat de toxines botuliques sur des sites web non autoris\u00e9s soul\u00e8ve des doutes quant \u00e0 l'authenticit\u00e9, l'innocuit\u00e9 et l'efficacit\u00e9 des produits. Toxine botulique en vente.<\/p>\n<p><img decoding=\"async\" class=\"wp-image-502 aligncenter\" src=\"https:\/\/poisonshops.com\/wp-content\/uploads\/2025\/11\/Bio-Weapons-240x300.png\" alt=\"Armes biologiques\" width=\"69\" height=\"86\" srcset=\"https:\/\/poisonshops.com\/wp-content\/uploads\/2025\/11\/Bio-Weapons-240x300.png 240w, https:\/\/poisonshops.com\/wp-content\/uploads\/2025\/11\/Bio-Weapons.png 265w\" sizes=\"(max-width: 69px) 100vw, 69px\" \/><\/p>\n<h2>Techniques d'administration de la toxine botulique<\/h2>\n<p>Les techniques d'administration de la toxine botulique d\u00e9pendent du produit sp\u00e9cifique que vous utilisez, mais certains principes g\u00e9n\u00e9raux s'appliquent. Ces principes sont les suivants<\/p>\n<ol>\n<li><b>Reconstitution : <\/b>Les toxines botuliques se pr\u00e9sentent g\u00e9n\u00e9ralement sous forme de poudre s\u00e8che et doivent \u00eatre reconstitu\u00e9es avec un diluant appropri\u00e9, tel qu'une solution de chlorure de sodium 0,9% ou de l'eau st\u00e9rile, \u00e0 l'aide d'une technique aseptique. La concentration de la solution reconstitu\u00e9e d\u00e9pend du dosage souhait\u00e9 et du volume de diluant utilis\u00e9.<\/li>\n<li><b>Technique d'injection : <\/b>Les toxines botuliques sont administr\u00e9es par injection intramusculaire dans les muscles cibl\u00e9s. Les sites d'injection et les profondeurs d\u00e9pendent de la pathologie trait\u00e9e.<\/li>\n<li><b>Dosage et volume :<\/b> Le dosage et le volume de toxine botulique d\u00e9pendent de l'affection trait\u00e9e, de sa gravit\u00e9 et du produit sp\u00e9cifique utilis\u00e9. Les doses sont exprim\u00e9es en unit\u00e9s et le volume de solution inject\u00e9 \u00e0 chaque site d\u00e9pend de la concentration de la solution reconstitu\u00e9e. Pour la plupart des types de toxines botuliques, la dose moyenne est de 0,1 \u00e0 0,5 millilitre.<\/li>\n<li><b>Calendrier et fr\u00e9quence : <\/b>Les injections de toxine botulique sont r\u00e9p\u00e9t\u00e9es apr\u00e8s quelques mois pour maintenir l'effet th\u00e9rapeutique d\u00e9sir\u00e9. La fr\u00e9quence des injections r\u00e9p\u00e9t\u00e9es d\u00e9pend de la dur\u00e9e d'action du produit sp\u00e9cifique et de la r\u00e9ponse du patient au traitement. O\u00f9 puis-je acheter de la toxine botulique en ligne ?.<\/li>\n<\/ol>\n<h2>O\u00f9 puis-je acheter des toxines botuliques ?<\/h2>\n<p>Pour acheter des toxines botuliques en ligne, vous pouvez rechercher des vendeurs r\u00e9put\u00e9s sur Google. Il vous suffit de taper \u2018buy botulinum toxins wholesale in X\u2019, en rempla\u00e7ant le X par le nom de votre r\u00e9gion. Si c'est la premi\u00e8re fois que vous achetez des toxines botuliques et que vous avez besoin de conseils pour savoir o\u00f9 trouver des produits authentiques \u00e0 des prix de gros. Commander du botox cor\u00e9en en ligne.<\/p>\n<p><img decoding=\"async\" class=\"wp-image-176 aligncenter\" src=\"https:\/\/poisonshops.com\/wp-content\/uploads\/2025\/11\/poison_shop_logo-300x171.png\" alt=\"Magasins de poisons\" width=\"89\" height=\"51\" srcset=\"https:\/\/poisonshops.com\/wp-content\/uploads\/2025\/11\/poison_shop_logo-300x171.png 300w, https:\/\/poisonshops.com\/wp-content\/uploads\/2025\/11\/poison_shop_logo.png 563w\" sizes=\"(max-width: 89px) 100vw, 89px\" \/><\/p>\n<h3>Toxine botulique en vente<\/h3>","protected":false},"excerpt":{"rendered":"<p>Buy Botulinum Toxin Online \u00a0If you are looking for away to commit silent murder,Murder what even autopsy can\u2019t reveal the cause of dead.Botulinum toxin is the answer. Buy Botulinum Toxin Online. Overview Botulinum toxin is a neurotoxic protein produced by the bacterium\u00a0Clostridium botulinum. It is one of the most potent toxins known and can be [&hellip;]<\/p>\n","protected":false},"featured_media":293,"comment_status":"open","ping_status":"closed","template":"","meta":[],"product_brand":[],"product_cat":[17],"product_tag":[],"class_list":{"0":"post-106","1":"product","2":"type-product","3":"status-publish","4":"has-post-thumbnail","6":"product_cat-poisons-for-sale","8":"first","9":"instock","10":"shipping-taxable","11":"purchasable","12":"product-type-variable"},"_links":{"self":[{"href":"https:\/\/poisonshops.com\/fr\/wp-json\/wp\/v2\/product\/106","targetHints":{"allow":["GET"]}}],"collection":[{"href":"https:\/\/poisonshops.com\/fr\/wp-json\/wp\/v2\/product"}],"about":[{"href":"https:\/\/poisonshops.com\/fr\/wp-json\/wp\/v2\/types\/product"}],"replies":[{"embeddable":true,"href":"https:\/\/poisonshops.com\/fr\/wp-json\/wp\/v2\/comments?post=106"}],"wp:featuredmedia":[{"embeddable":true,"href":"https:\/\/poisonshops.com\/fr\/wp-json\/wp\/v2\/media\/293"}],"wp:attachment":[{"href":"https:\/\/poisonshops.com\/fr\/wp-json\/wp\/v2\/media?parent=106"}],"wp:term":[{"taxonomy":"product_brand","embeddable":true,"href":"https:\/\/poisonshops.com\/fr\/wp-json\/wp\/v2\/product_brand?post=106"},{"taxonomy":"product_cat","embeddable":true,"href":"https:\/\/poisonshops.com\/fr\/wp-json\/wp\/v2\/product_cat?post=106"},{"taxonomy":"product_tag","embeddable":true,"href":"https:\/\/poisonshops.com\/fr\/wp-json\/wp\/v2\/product_tag?post=106"}],"curies":[{"name":"wp","href":"https:\/\/api.w.org\/{rel}","templated":true}]}}