{"id":107,"date":"2017-12-19T09:56:32","date_gmt":"2017-12-19T09:56:32","guid":{"rendered":"https:\/\/wordpress.gradientthemes.com\/brand-shop\/product\/gray-pattern-tshirt\/"},"modified":"2025-12-08T07:20:17","modified_gmt":"2025-12-08T07:20:17","slug":"acheter-de-lheliotrope","status":"publish","type":"product","link":"https:\/\/poisonshops.com\/fr\/produit\/acheter-de-lheliotrope\/","title":{"rendered":"Acheter H\u00e9liotrope"},"content":{"rendered":"<h2>H\u00e9liotrope Poison puissant et silencieux<\/h2>\n<p>Il est d\u00e9sormais plus courant d'utiliser des m\u00e9thodes plus discr\u00e8tes et plus secr\u00e8tes pour commettre un assassinat. Achetez Heliotrope en ligne.<\/p>\n<p>Plusieurs poisons \u00e0 action lente viennent \u00e0 la rescousse. Il n'y a plus rien de nouveau dans ce monde, et les poisons \u00e9taient \u00e9galement utilis\u00e9s dans les pays civilis\u00e9s : dans l'\u00c9gypte antique, en Europe au Moyen \u00c2ge.<\/p>\n<p>Aujourd'hui, gr\u00e2ce aux m\u00e9thodes modernes permettant de d\u00e9terminer la cause du d\u00e9c\u00e8s, il est devenu extr\u00eamement difficile d'empoisonner quelqu'un, surtout s'il meurt subitement, car les gens soup\u00e7onneront imm\u00e9diatement un empoisonnement.<\/p>\n<p>Par cons\u00e9quent, l'utilisation de poisons chimiques tels que le cyanure, le m\u00e9thylmercure ou l'arsenic est dangereuse d'un point de vue juridique. Ces substances restent dans le corps apr\u00e8s la mort et les signes ext\u00e9rieurs sont tr\u00e8s \u00e9vidents pour les experts m\u00e9dico-l\u00e9gaux.<\/p>\n<p>Nous cr\u00e9ons des poisons organiques \u00e0 long terme soigneusement s\u00e9lectionn\u00e9s et synth\u00e9tis\u00e9s, dont certains se pr\u00e9sentent sous la forme d'un s\u00e9rum. Pourquoi inventer quelque chose que la nature a d\u00e9j\u00e0 fait pour vous ?<\/p>\n<p>Il est tr\u00e8s facile d'empoisonner les gens. On entend souvent parler dans les journaux locaux du d\u00e9c\u00e8s d'une grand-m\u00e8re empoisonn\u00e9e \u00e0 cause de la mauvaise qualit\u00e9 de la viande achet\u00e9e au march\u00e9, alors que cette grand-m\u00e8re vivait seule dans un appartement de deux chambres...<\/p>\n<p><strong>H\u00e9liotrope<\/strong>\u00a0L'extrait contient de l'h\u00e9liotrine et de la lysiocarpine qui, en s'accumulant dans les cellules h\u00e9patiques, provoquent leur mort et leur remplacement par du tissu adipeux, ce qui entra\u00eene une cirrhose du foie. Le processus dure 3 \u00e0 5 semaines sans sympt\u00f4mes ni signes \u00e9vidents d'empoisonnement ! Il s'agit simplement d'une mort lente, suivie de signes de cirrhose lorsqu'il est trop tard pour que les m\u00e9decins soumettent le \u201c patient \u201d \u00e0 des tests et traitements inutiles. Seule une greffe du foie peut aider si elle est effectu\u00e9e \u00e0 temps.<\/p>\n<p><img decoding=\"async\" class=\"wp-image-463 aligncenter\" src=\"https:\/\/poisonshops.com\/wp-content\/uploads\/2025\/11\/tttt-1-204x300.png\" alt=\"Magasin de poisons\" width=\"56\" height=\"82\" srcset=\"https:\/\/poisonshops.com\/wp-content\/uploads\/2025\/11\/tttt-1-204x300.png 204w, https:\/\/poisonshops.com\/wp-content\/uploads\/2025\/11\/tttt-1.png 218w\" sizes=\"(max-width: 56px) 100vw, 56px\" \/><\/p>\n<h5>Il s'agit d'un poison haut de gamme et co\u00fbteux destin\u00e9 \u00e0 \u00e9liminer des personnes importantes, mais il en vaut la peine. Le prix pour 20 g (3 doses, emball\u00e9es) avec s\u00e9rum masquant, un poison qui ne sera pas d\u00e9tect\u00e9 lors d'une autopsie.<\/h5>\n<h3>Acheter du poison H\u00e9liotrope en ligne<\/h3>\n<p>Acheter H\u00e9liotrope, acheter du poison H\u00e9liotrope, meilleur endroit pour acheter des poisons, poisons les plus puissants, poisons non d\u00e9tect\u00e9s lors d'une autopsie, acheter des poisons avec crypto, meilleur endroit pour acheter des poisons,<\/p>\n<div class=\"elementor-element elementor-element-44bc7b6 elementor-widget elementor-widget-hfe-infocard\" data-id=\"44bc7b6\" data-element_type=\"widget\" data-widget_type=\"hfe-infocard.default\">\n<div class=\"elementor-widget-container\">\n<div class=\"hfe-infocard\">\n<div class=\"hfe-infocard-title-wrap\">\n<h3 class=\"hfe-infocard-title elementor-inline-editing\" data-elementor-setting-key=\"infocard_title\" data-elementor-inline-editing-toolbar=\"basic\">O\u00f9 puis-je acheter du poison ?<\/h3>\n<\/div>\n<div class=\"hfe-infocard-text-wrap\">\n<div class=\"hfe-infocard-text elementor-inline-editing\" data-elementor-setting-key=\"infocard_description\" data-elementor-inline-editing-toolbar=\"advanced\">Bienvenue chez Poison Shops, votre fournisseur privil\u00e9gi\u00e9 d'agents biochimiques et de toxines de haute qualit\u00e9, sp\u00e9cialis\u00e9 dans les produits haut de gamme et les substances les plus toxiques au monde. Depuis nos sites en Allemagne, en Suisse et en France, nous nous engageons \u00e0 fournir \u00e0 nos clients des produits et des services haut de gamme. Notre priorit\u00e9 accord\u00e9e \u00e0 la s\u00e9curit\u00e9, \u00e0 la s\u00fbret\u00e9 et \u00e0 la satisfaction de nos clients nous distingue dans le secteur.<\/div>\n<\/div>\n<\/div>\n<\/div>\n<\/div>\n<div data-elementor-setting-key=\"infocard_description\" data-elementor-inline-editing-toolbar=\"advanced\"><\/div>\n<div data-elementor-setting-key=\"infocard_description\" data-elementor-inline-editing-toolbar=\"advanced\"><img decoding=\"async\" class=\"wp-image-502 aligncenter\" src=\"https:\/\/poisonshops.com\/wp-content\/uploads\/2025\/11\/Bio-Weapons-240x300.png\" alt=\"Armes biologiques\" width=\"67\" height=\"84\" srcset=\"https:\/\/poisonshops.com\/wp-content\/uploads\/2025\/11\/Bio-Weapons-240x300.png 240w, https:\/\/poisonshops.com\/wp-content\/uploads\/2025\/11\/Bio-Weapons.png 265w\" sizes=\"(max-width: 67px) 100vw, 67px\" \/><\/div>\n<div class=\"elementor-element elementor-element-44bc7b6 elementor-widget elementor-widget-hfe-infocard\" data-id=\"44bc7b6\" data-element_type=\"widget\" data-widget_type=\"hfe-infocard.default\">\n<div class=\"elementor-widget-container\">\n<div class=\"hfe-infocard\">\n<div class=\"hfe-infocard-text-wrap\">\n<div data-elementor-setting-key=\"infocard_description\" data-elementor-inline-editing-toolbar=\"advanced\">\n<div class=\"elementor-element elementor-element-fcc7a1f elementor-widget elementor-widget-image-box\" data-id=\"fcc7a1f\" data-element_type=\"widget\" data-widget_type=\"image-box.default\">\n<div class=\"elementor-widget-container\">\n<div class=\"elementor-image-box-wrapper\">\n<div class=\"elementor-image-box-content\">\n<h2 class=\"elementor-image-box-title\">Produits chimiques de recherche \u00e0 vendre<\/h2>\n<p class=\"elementor-image-box-description\">Chez Poison Shops, nous veillons au respect rigoureux des r\u00e9glementations internationales, en accordant la priorit\u00e9 \u00e0 l'emballage, \u00e0 la manipulation, \u00e0 l'exp\u00e9dition et \u00e0 la distribution responsables des mati\u00e8res dangereuses. Notre \u00e9quipe est bien form\u00e9e et \u00e9quip\u00e9e d'\u00e9quipements de protection individuelle (EPI) de pointe, et toutes les exp\u00e9ditions sont accompagn\u00e9es de fiches de donn\u00e9es de s\u00e9curit\u00e9 (FDS) compl\u00e8tes pour votre assurance et votre s\u00e9curit\u00e9. Notre gamme comprend l'arsenic, l'aconitine, la batrachotoxine, la toxine botulique, le cyanure, le dim\u00e9thylmercure, la maitotoxine, le polonium 210, la ricine, le sarin, la t\u00e9trodotoxine, le nembutal suicide et l'agent neurotoxique VR.<\/p>\n<div class=\"elementor-element elementor-element-1cf2f8a elementor-widget elementor-widget-image-box\" data-id=\"1cf2f8a\" data-element_type=\"widget\" data-widget_type=\"image-box.default\">\n<div class=\"elementor-widget-container\">\n<div class=\"elementor-image-box-wrapper\">\n<div class=\"elementor-image-box-content\">\n<h2 class=\"elementor-image-box-title\">Meilleur produit chimique de recherche<\/h2>\n<p class=\"elementor-image-box-description\">Que vous souhaitiez utiliser nos poisons\/toxines \u00e0 des fins de recherche, d'euthanasie, que vous dirigiez un laboratoire de recherche sur les armes biologiques ou que vous ayez l'intention de mener des op\u00e9rations de nettoyage ethnique ou des assassinats, faites confiance \u00e0 Bio Weapons pour vous fournir des toxines fiables, avec des solutions de livraison discr\u00e8tes et des transactions s\u00e9curis\u00e9es uniquement crypt\u00e9es. Nous proposons diff\u00e9rentes options d'exp\u00e9dition, notamment des services standard et express, avec la livraison gratuite pour les commandes sup\u00e9rieures \u00e0 10 000 \u20ac. Pour les demandes sp\u00e9cialis\u00e9es, nous fournissons un service de d\u00e9p\u00f4t mort \u00e0 des coordonn\u00e9es GPS sp\u00e9cifiques. Nos politiques refl\u00e8tent notre engagement \u00e0 fournir un service s\u00fbr et efficace, notamment une politique claire de remboursement et de retour ax\u00e9e sur les commandes non re\u00e7ues ou retard\u00e9es.<\/p>\n<p><img decoding=\"async\" class=\"wp-image-176 aligncenter\" src=\"https:\/\/poisonshops.com\/wp-content\/uploads\/2025\/11\/poison_shop_logo-300x171.png\" alt=\"Magasins de poisons\" width=\"123\" height=\"70\" srcset=\"https:\/\/poisonshops.com\/wp-content\/uploads\/2025\/11\/poison_shop_logo-300x171.png 300w, https:\/\/poisonshops.com\/wp-content\/uploads\/2025\/11\/poison_shop_logo.png 563w\" sizes=\"(max-width: 123px) 100vw, 123px\" \/><\/p>\n<div class=\"elementor-element elementor-element-8f65fb9 e-con-full e-flex e-con e-child\" data-id=\"8f65fb9\" data-element_type=\"container\">\n<div class=\"elementor-element elementor-element-005576a elementor-widget elementor-widget-heading\" data-id=\"005576a\" data-element_type=\"widget\" data-widget_type=\"heading.default\">\n<div class=\"elementor-widget-container\">\n<h2 class=\"elementor-heading-title elementor-size-default\">Fourniture de produits chimiques pour la recherche<\/h2>\n<\/div>\n<\/div>\n<\/div>\n<div class=\"elementor-element elementor-element-85f2501 e-con-full e-flex e-con e-child\" data-id=\"85f2501\" data-element_type=\"container\">\n<div class=\"elementor-element elementor-element-d9bb7eb elementor-widget elementor-widget-heading\" data-id=\"d9bb7eb\" data-element_type=\"widget\" data-widget_type=\"heading.default\">\n<div class=\"elementor-widget-container\">\n<h5 class=\"elementor-heading-title elementor-size-default\">Poison Shops est un partenaire de confiance dans le secteur de la biochimie, qui respecte les normes les plus strictes en mati\u00e8re d'int\u00e9grit\u00e9, d'innovation et d'expertise. Merci d'avoir choisi Bio Weapons pour vos besoins sp\u00e9cifiques en biochimie.<\/h5>\n<div class=\"elementor-element elementor-element-2915af7 elementor-widget elementor-widget-image-box\" data-id=\"2915af7\" data-element_type=\"widget\" data-widget_type=\"image-box.default\">\n<div class=\"elementor-widget-container\">\n<div class=\"elementor-image-box-wrapper\">\n<div class=\"elementor-image-box-content\">\n<h2 class=\"elementor-image-box-title\">Produits chimiques de recherche en ligne<\/h2>\n<p class=\"elementor-image-box-description\">D\u00e9couvrez d\u00e8s aujourd'hui nos collections et vivez le plaisir de la mode. Achetez d\u00e8s maintenant le summum du chic et de la sophistication !<\/p>\n<\/div>\n<\/div>\n<\/div>\n<\/div>\n<\/div>\n<\/div>\n<\/div>\n<\/div>\n<\/div>\n<\/div>\n<\/div>\n<\/div>\n<\/div>\n<\/div>\n<\/div>\n<\/div>\n<\/div>\n<\/div>\n<\/div>\n<\/div>","protected":false},"excerpt":{"rendered":"<p>Heliotrope Powerful and silent poison It is more popular now to use quieter and more secret methods for assassination. Buy Heliotrope Online. Several slow poisons come to the rescue. There is nothing new in this world anymore, and poisons were also used in civilized countries: in ancient Egypt, in Europe in the Middle Ages. Now, [&hellip;]<\/p>\n","protected":false},"featured_media":300,"comment_status":"open","ping_status":"closed","template":"","meta":[],"product_brand":[],"product_cat":[17],"product_tag":[],"class_list":{"0":"post-107","1":"product","2":"type-product","3":"status-publish","4":"has-post-thumbnail","6":"product_cat-poisons-for-sale","8":"first","9":"instock","10":"shipping-taxable","11":"purchasable","12":"product-type-variable"},"_links":{"self":[{"href":"https:\/\/poisonshops.com\/fr\/wp-json\/wp\/v2\/product\/107","targetHints":{"allow":["GET"]}}],"collection":[{"href":"https:\/\/poisonshops.com\/fr\/wp-json\/wp\/v2\/product"}],"about":[{"href":"https:\/\/poisonshops.com\/fr\/wp-json\/wp\/v2\/types\/product"}],"replies":[{"embeddable":true,"href":"https:\/\/poisonshops.com\/fr\/wp-json\/wp\/v2\/comments?post=107"}],"wp:featuredmedia":[{"embeddable":true,"href":"https:\/\/poisonshops.com\/fr\/wp-json\/wp\/v2\/media\/300"}],"wp:attachment":[{"href":"https:\/\/poisonshops.com\/fr\/wp-json\/wp\/v2\/media?parent=107"}],"wp:term":[{"taxonomy":"product_brand","embeddable":true,"href":"https:\/\/poisonshops.com\/fr\/wp-json\/wp\/v2\/product_brand?post=107"},{"taxonomy":"product_cat","embeddable":true,"href":"https:\/\/poisonshops.com\/fr\/wp-json\/wp\/v2\/product_cat?post=107"},{"taxonomy":"product_tag","embeddable":true,"href":"https:\/\/poisonshops.com\/fr\/wp-json\/wp\/v2\/product_tag?post=107"}],"curies":[{"name":"wp","href":"https:\/\/api.w.org\/{rel}","templated":true}]}}