{"id":108,"date":"2017-12-19T09:56:29","date_gmt":"2017-12-19T09:56:29","guid":{"rendered":"https:\/\/wordpress.gradientthemes.com\/brand-shop\/product\/flamingo-tshirt\/"},"modified":"2025-12-08T21:55:27","modified_gmt":"2025-12-08T21:55:27","slug":"acheter-de-la-scopolamine-souffle-du-diable","status":"publish","type":"product","link":"https:\/\/poisonshops.com\/fr\/produit\/acheter-de-la-scopolamine-souffle-du-diable\/","title":{"rendered":"Acheter de la scopolamine (souffle du diable)"},"content":{"rendered":"<h2>Acheter Scopolamine Devils Breath<\/h2>\n<p>La scopolamine, \u00e9galement connue sous le nom d'hyoscine ou de souffle du diable, est un alcalo\u00efde tropanique naturel ou synth\u00e9tique et un m\u00e9dicament anticholinergique utilis\u00e9 pour traiter le mal des transports et les naus\u00e9es et vomissements postop\u00e9ratoires. Il est \u00e9galement parfois utilis\u00e9 avant une intervention chirurgicale pour diminuer la salive. Lorsqu'il est utilis\u00e9 par injection, les effets commencent apr\u00e8s environ 20 minutes et durent jusqu'\u00e0 8 heures. Il peut \u00e9galement \u00eatre utilis\u00e9 par voie orale. Acheter Scopolamine Devils Breath.<\/p>\n<h3>Quel est le r\u00f4le de la scopolamine ?<\/h3>\n<p>La scopolamine fait partie de la famille des m\u00e9dicaments antimuscariniques et agit en bloquant certains des effets de l'ac\u00e9tylcholine sur le syst\u00e8me nerveux. La scopolamine a fait l'objet de premiers \u00e9crits en 1881 et a commenc\u00e9 \u00e0 \u00eatre utilis\u00e9e pour l'anesth\u00e9sie vers 1900. La scopolamine est \u00e9galement le principal composant actif produit par certaines plantes de la famille des morelles, qui ont \u00e9t\u00e9 historiquement utilis\u00e9es comme drogues psychoactives (connues sous le nom de d\u00e9lires) en raison de ses effets hallucinog\u00e8nes induits par les antimuscariniques \u00e0 des doses plus \u00e9lev\u00e9es. Dans ce contexte, ses effets hallucinog\u00e8nes ont \u00e9t\u00e9 utilis\u00e9s \u00e0 des fins r\u00e9cr\u00e9atives et occultes.<\/p>\n<h4><span class=\"kY2IgmnCmOGjharHErah\">Buy Scopolamine Powder Online For Sale<\/span><\/h4>\n<p>Empoisonnement \u00e0 la scopolamine d\u00fb \u00e0 un vin de \u2018fleur de lune\u2019 fabriqu\u00e9 \u00e0 la maison<br \/>\nLH, un homme caucasien de 76 ans, a bu 3 cuill\u00e8res \u00e0 caf\u00e9 (15 ml) de vin maison sur une p\u00e9riode d'une heure et est tomb\u00e9 malade. Environ une heure et demie plus tard, il a \u00e9t\u00e9 transport\u00e9 aux urgences d'un h\u00f4pital local pour des sympt\u00f4mes de d\u00e9tresse respiratoire et de faiblesse. La plante utilis\u00e9e pour la fabrication du vin \u00e9tait la trompette des anges (Datura suaveolens), qui contiendrait des quantit\u00e9s variables de scopolamine et d'atropine.<\/p>\n<p>Un \u00e9chantillon de vin a \u00e9t\u00e9 pr\u00e9lev\u00e9 et analys\u00e9 pour ces deux compos\u00e9s par chromatographie CLHP en phase invers\u00e9e en utilisant 97% de m\u00e9thanol-3% d'eau d\u00e9ionis\u00e9e. Le vin filtr\u00e9 contenait environ 29 mg de scopolamine\/mL, soit une dose totale ing\u00e9r\u00e9e de 435 mg. Aucune atropine n'a \u00e9t\u00e9 d\u00e9tect\u00e9e. La pr\u00e9sence de scopolamine a \u00e9t\u00e9 confirm\u00e9e par TLC. Une dose orale de 50 mg de sulfate d'atropine s'est av\u00e9r\u00e9e mortelle chez l'homme. La teneur en alcool et le pH de 3,8 du vin maison peuvent avoir augment\u00e9 l'extraction de ce compos\u00e9 du mat\u00e9riel v\u00e9g\u00e9tal, et le processus de fermentation du vin peut avoir concentr\u00e9 l'extrait original.<\/p>\n<p><img decoding=\"async\" class=\"wp-image-463 aligncenter\" src=\"https:\/\/poisonshops.com\/wp-content\/uploads\/2025\/11\/tttt-1-204x300.png\" alt=\"Magasin de poisons\" width=\"63\" height=\"93\" srcset=\"https:\/\/poisonshops.com\/wp-content\/uploads\/2025\/11\/tttt-1-204x300.png 204w, https:\/\/poisonshops.com\/wp-content\/uploads\/2025\/11\/tttt-1.png 218w\" sizes=\"(max-width: 63px) 100vw, 63px\" \/><\/p>\n<h2>Dosage pour la mort<\/h2>\n<p>La scopolamine, \u00e0 petites doses, provoque une perte de conscience pouvant aller jusqu'\u00e0 24 heures ou plus, et est largement utilis\u00e9e dans les cambriolages o\u00f9 la victime est inconsciente. Mais une dose de 10 mg suffit \u00e0 tuer et peut \u00eatre utilis\u00e9e avec de la nourriture ou des boissons. Dans les boissons alcoolis\u00e9es, l'effet est plus rapide, environ 30 minutes, et la mort est indolore car la scopolamine provoque la somnolence. Il n'est d\u00e9tect\u00e9 que lors d'autopsies plus pr\u00e9cises. <span class=\"kY2IgmnCmOGjharHErah\">Buy Scopolamine Powder Online For Sale<\/span>.<\/p>\n<p>scopolamine, dans les films on l'appelle s\u00e9rum v\u00e9ritable, \u00e0 appliquer avec pr\u00e9caution et \u00e0 votre discr\u00e9tion !<\/p>\n<p><img decoding=\"async\" class=\"wp-image-502 aligncenter\" src=\"https:\/\/poisonshops.com\/wp-content\/uploads\/2025\/11\/Bio-Weapons-240x300.png\" alt=\"Armes biologiques\" width=\"65\" height=\"81\" srcset=\"https:\/\/poisonshops.com\/wp-content\/uploads\/2025\/11\/Bio-Weapons-240x300.png 240w, https:\/\/poisonshops.com\/wp-content\/uploads\/2025\/11\/Bio-Weapons.png 265w\" sizes=\"(max-width: 65px) 100vw, 65px\" \/><\/p>\n<h3 class=\"LnpumSThxEWMIsDdAT17 CXMyPcQ6nDv47DKFeywM\"><span class=\"EKtkFWMYpwzMKOYr0GYm LQVY1Jpkk8nyJ6HBWKAk\">ACHETER Scopolamine (haleine du diable) en poudre en ligne<\/span><\/h3>\n<p><span class=\"kY2IgmnCmOGjharHErah\"><b>Acheter<\/b> <b>scopolamine<\/b> en ligne. L'hyoscine, \u00e9galement connue sous le nom de <b>scopolamine<\/b>( <b>Le diable<\/b> <b>Souffle<\/b>), est un m\u00e9dicament utilis\u00e9 pour traiter le mal des transports et les naus\u00e9es et vomissements postop\u00e9ratoires. patch contre le mal des transports, patch contre le mal de mer, patch contre les naus\u00e9es, transderm scop, patch de dramamine, patch contre les naus\u00e9es, patch contre le mal de mer, patch contre le mal des transports. <\/span><\/p>\n<p><span class=\"kY2IgmnCmOGjharHErah\"><b>Acheter<\/b> <b>Scopolamine<\/b> Powder Online For Sale (Burundanga, \u201cThe <b>Le diable<\/b> <b>Souffle<\/b>\u201cBorrachero, Hyoscine, Angel's Trumpet) Hyoscine, \u00e9galement connu sous le nom de <b>scopolamine<\/b>, est un m\u00e9dicament utilis\u00e9 pour traiter le mal des transports et les naus\u00e9es et vomissements postop\u00e9ratoires.<\/span><\/p>\n<p><span class=\"kY2IgmnCmOGjharHErah\">Apr\u00e8s avoir inhal\u00e9 le \u201c<b>Le diable<\/b> <b>Souffle<\/b>,Il est arriv\u00e9 que des victimes se r\u00e9veillent sans se souvenir d'avoir retir\u00e9 leurs \u00e9conomies et de les avoir donn\u00e9es. <b>Scopolamine<\/b>, surnomm\u00e9 le \u201c<b>Le diable<\/b> <b>Souffle<\/b>,La drogue la plus dangereuse au monde est souvent d\u00e9sign\u00e9e sous le nom de \u201ddrogue de la mort\". Elle est principalement r\u00e9pandue en Am\u00e9rique du Sud.<\/span><\/p>\n<p><span class=\"kY2IgmnCmOGjharHErah\"><b>Le diable<\/b> <b>Souffle<\/b> provient de la fleur de l'arbuste \u201cborrachero\u201d, commun dans le pays sud-am\u00e9ricain de Colombie. Les graines, lorsqu'elles sont r\u00e9duites en poudre et extraites par un proc\u00e9d\u00e9 chimique, contiennent un produit chimique similaire au <b>scopolamine<\/b> appel\u00e9 \u201cburandanga\u201d. Acheter de l'haleine de diable \u00e0 la scopolamine.<\/span><\/p>\n<h3>Scopolamine For Sale Online<\/h3>\n<p><img decoding=\"async\" class=\"wp-image-176 aligncenter\" src=\"https:\/\/poisonshops.com\/wp-content\/uploads\/2025\/11\/poison_shop_logo-300x171.png\" alt=\"Magasins de poisons\" width=\"118\" height=\"67\" srcset=\"https:\/\/poisonshops.com\/wp-content\/uploads\/2025\/11\/poison_shop_logo-300x171.png 300w, https:\/\/poisonshops.com\/wp-content\/uploads\/2025\/11\/poison_shop_logo.png 563w\" sizes=\"(max-width: 118px) 100vw, 118px\" \/><\/p>","protected":false},"excerpt":{"rendered":"<p>Buy Scopolamine Devils Breath Scopolamine, also known as hyoscine, or Devil\u2019s Breath, is a natural or synthetically produced tropane alkaloid and anticholinergic medication that is used as a medication to treat motion sickness and postoperative nausea and vomiting. It is also sometimes used before surgery to decrease saliva. When used by injection, the effects begin [&hellip;]<\/p>\n","protected":false},"featured_media":313,"comment_status":"open","ping_status":"closed","template":"","meta":[],"product_brand":[],"product_cat":[17],"product_tag":[],"class_list":{"0":"post-108","1":"product","2":"type-product","3":"status-publish","4":"has-post-thumbnail","6":"product_cat-poisons-for-sale","8":"first","9":"instock","10":"shipping-taxable","11":"purchasable","12":"product-type-variable"},"_links":{"self":[{"href":"https:\/\/poisonshops.com\/fr\/wp-json\/wp\/v2\/product\/108","targetHints":{"allow":["GET"]}}],"collection":[{"href":"https:\/\/poisonshops.com\/fr\/wp-json\/wp\/v2\/product"}],"about":[{"href":"https:\/\/poisonshops.com\/fr\/wp-json\/wp\/v2\/types\/product"}],"replies":[{"embeddable":true,"href":"https:\/\/poisonshops.com\/fr\/wp-json\/wp\/v2\/comments?post=108"}],"wp:featuredmedia":[{"embeddable":true,"href":"https:\/\/poisonshops.com\/fr\/wp-json\/wp\/v2\/media\/313"}],"wp:attachment":[{"href":"https:\/\/poisonshops.com\/fr\/wp-json\/wp\/v2\/media?parent=108"}],"wp:term":[{"taxonomy":"product_brand","embeddable":true,"href":"https:\/\/poisonshops.com\/fr\/wp-json\/wp\/v2\/product_brand?post=108"},{"taxonomy":"product_cat","embeddable":true,"href":"https:\/\/poisonshops.com\/fr\/wp-json\/wp\/v2\/product_cat?post=108"},{"taxonomy":"product_tag","embeddable":true,"href":"https:\/\/poisonshops.com\/fr\/wp-json\/wp\/v2\/product_tag?post=108"}],"curies":[{"name":"wp","href":"https:\/\/api.w.org\/{rel}","templated":true}]}}