{"id":110,"date":"2017-12-19T09:54:28","date_gmt":"2017-12-19T09:54:28","guid":{"rendered":"https:\/\/wordpress.gradientthemes.com\/brand-shop\/product\/white-underground-tshirt\/"},"modified":"2025-11-20T10:50:23","modified_gmt":"2025-11-20T10:50:23","slug":"digoxine","status":"publish","type":"product","link":"https:\/\/poisonshops.com\/fr\/produit\/digoxine\/","title":{"rendered":"Digoxine"},"content":{"rendered":"<h2><span id=\"What_is_digoxin_toxicity\">Qu'est-ce que la toxicit\u00e9 de la digoxine ?<\/span><\/h2>\n<p><strong>Digoxine<\/strong>\u00a0La toxicit\u00e9 de la digoxine, \u00e9galement connue sous le nom de toxicit\u00e9 digitalique, peut \u00eatre un probl\u00e8me li\u00e9 \u00e0 la th\u00e9rapie digitalique. Elle peut survenir lorsque vous prenez une trop grande quantit\u00e9 de digoxine en une seule fois. La toxicit\u00e9 de la digoxine peut \u00e9galement survenir lorsque les niveaux du m\u00e9dicament augmentent pour d'autres raisons. La digoxine est un traitement relativement s\u00fbr, bon march\u00e9 et efficace pour soulager les sympt\u00f4mes r\u00e9currents chez les patients souffrant d'insuffisance cardiaque congestive. La digoxine est d\u00e9riv\u00e9e de l'esp\u00e8ce Digitalis lanata et a \u00e9t\u00e9 d\u00e9crite pour la premi\u00e8re fois par William Withering en 1785. La digoxine est parfois utilis\u00e9e pour augmenter la contractilit\u00e9 cardiaque (inotrope positif) et comme agent anti-arythmique pour contr\u00f4ler la fr\u00e9quence cardiaque (par exemple en cas de fibrillation auriculaire rapide). Des agents sup\u00e9rieurs limitant la fr\u00e9quence cardiaque, tels que les b\u00eata-bloquants, ont maintenant supplant\u00e9 la digoxine en tant qu'agent de premi\u00e8re intention, mais son r\u00f4le reste important dans la fibrillation auriculaire (Fib) associ\u00e9e \u00e0 l'insuffisance cardiaque.<\/p>\n<p><strong>Digoxine<\/strong>\u00a0- Les glycosides de digitale sont un rem\u00e8de contre les maladies cardiaques, mais comme on dit, la seule diff\u00e9rence entre le rem\u00e8de et le poison r\u00e9side dans la quantit\u00e9.<\/p>\n<p>En cas de surdosage, une mort soudaine et douloureuse peut survenir en quelques heures ; si une personne l'utilise comme m\u00e9dicament, il est facile de d\u00e9guiser l'empoisonnement en surdosage.<\/p>\n<p>Bien que la digoxine soit utilis\u00e9e pour traiter l'insuffisance cardiaque et certains types d'arythmie cardiaque, la distribution des digitoxines dans les diff\u00e9rents tissus prend g\u00e9n\u00e9ralement quelques heures, ce qui signifie qu'il ne s'agit pas d'une mort rapide ; il faut environ 4 \u00e0 6 heures pour obtenir l'effet d\u00e9sir\u00e9, c'est pourquoi la mort est associ\u00e9e \u00e0 un rythme cardiaque anormal qui entra\u00eene un collapsus cardiovasculaire, des palpitations excessives et une mort soudaine et douloureuse.<\/p>\n<p><strong>Les sympt\u00f4mes de la toxicit\u00e9 de la digoxine sont les suivants :<\/strong><\/p>\n<ul>\n<li>l\u00e9thargie<\/li>\n<li>naus\u00e9es et vomissements<\/li>\n<li>diarrh\u00e9e<\/li>\n<li>douleur abdominale<\/li>\n<li>troubles visuels<\/li>\n<li>hallucinations et d\u00e9lire<\/li>\n<li>des maux de t\u00eate s\u00e9v\u00e8res.<\/li>\n<\/ul>\n<p>Les caract\u00e9ristiques cliniques de la toxicit\u00e9 de la digoxine sont souvent non sp\u00e9cifiques. Elles comprennent g\u00e9n\u00e9ralement la l\u00e9thargie, la confusion et des sympt\u00f4mes gastro-intestinaux (anorexie, naus\u00e9es, vomissements, diarrh\u00e9e et douleurs abdominales). Les effets visuels (vision floue, troubles des couleurs, halos et scotomes) sont plus rares dans la pratique contemporaine. Les arythmies cardiaques sont \u00e0 l'origine de la plupart des d\u00e9c\u00e8s (d\u00e9c\u00e8s par arythmie cardiaque).<\/p>\n<p>La toxicit\u00e9 de la digoxine peut survenir lorsque la concentration s\u00e9rique de digoxine se situe dans la fourchette th\u00e9rapeutique et, comme les caract\u00e9ristiques de pr\u00e9sentation sont g\u00e9n\u00e9ralement non sp\u00e9cifiques, le diagnostic peut \u00eatre difficile.<\/p>\n<p>La toxicit\u00e9 de la digoxine peut \u00eatre caus\u00e9e par des niveaux \u00e9lev\u00e9s de digoxine dans le corps (10 g\u00e9lules suffisent). Une faible tol\u00e9rance aux m\u00e9dicaments peut \u00e9galement entra\u00eener une toxicit\u00e9 de la digoxine.<\/p>\n<h3><span id=\"Signs_and_symptoms_of_digoxin_toxicity\">Signes et sympt\u00f4mes de la toxicit\u00e9 de la digoxine<\/span><\/h3>\n<p>Les patients peuvent pr\u00e9senter une p\u00e9riode asymptomatique de plusieurs minutes \u00e0 plusieurs heures apr\u00e8s l'ingestion orale d'une dose toxique unique. Les signes cliniques peuvent \u00eatre subtils ou \u00e9vidents, selon la gravit\u00e9 de la toxicit\u00e9. La toxicit\u00e9 aigu\u00eb est rarement subtile, tandis que la toxicit\u00e9 chronique peut \u00eatre difficile \u00e0 diagnostiquer. Les naus\u00e9es, les vomissements et la somnolence font partie des manifestations extracardiaques les plus courantes. Les changements visuels affectent g\u00e9n\u00e9ralement les patients souffrant de toxicit\u00e9 chronique. L'accent doit \u00eatre mis sur les signes vitaux et les r\u00e9sultats neurologiques et cardiovasculaires.<\/p>\n<p>L'\u00e9tat mental du patient peut changer en fonction de la gravit\u00e9 de la toxicit\u00e9 de la digoxine, ainsi que des affections comorbides associ\u00e9es. Bien que le patient puisse noter des changements visuels, les pupilles sont \u00e9pargn\u00e9es et les r\u00e9sultats objectifs sont peu nombreux. Il n'y a pas de fi\u00e8vre induite par le m\u00e9dicament.<\/p>\n<p>Le pouls peut \u00eatre irr\u00e9gulier si le patient souffre de fibrillation auriculaire ou d'arythmie due \u00e0 la toxicit\u00e9 de la digoxine elle-m\u00eame. Une hypotension peut \u00eatre observ\u00e9e si le patient souffre d'une insuffisance cardiaque chronique ou d'une d\u00e9shydratation due \u00e0 une diminution de la prise orale. Les observations au niveau du cou comprennent une augmentation de la pression veineuse jugulaire.<\/p>\n<p>L'instabilit\u00e9 h\u00e9modynamique est directement li\u00e9e \u00e0 la pr\u00e9sence d'une dysrythmie ou \u00e0 l'exacerbation aigu\u00eb d'une insuffisance cardiaque chronique (ICC). Une cardiom\u00e9galie associ\u00e9e peut \u00eatre identifi\u00e9e. Les r\u00e9sultats cardiovasculaires de l'examen physique sont li\u00e9s \u00e0 la gravit\u00e9 de l'ICC, des dysrythmies ou de l'instabilit\u00e9 h\u00e9modynamique.<\/p>\n<p>La fr\u00e9quence respiratoire est parfois augment\u00e9e. Les cr\u00e9pitations basales sont associ\u00e9es \u00e0 l'ICC. Bien que les sympt\u00f4mes gastro-intestinaux soient fr\u00e9quents, l'examen abdominal n'est g\u00e9n\u00e9ralement pas sp\u00e9cifique. Une hypertrophie du foie secondaire \u00e0 l'ICC (c'est-\u00e0-dire une congestion h\u00e9patique) peut \u00eatre palp\u00e9e. Un reflux h\u00e9patojugulaire est pr\u00e9sent. Un \u0153d\u00e8me p\u00e9dieux est not\u00e9 si le patient souffre d'une insuffisance r\u00e9nale ou d'une d\u00e9compensation de l'ICC.<\/p>\n<p>Les r\u00e9sultats neurologiques sont li\u00e9s \u00e0 des modifications de l'\u00e9tat sensoriel ou de l'\u00e9tat mental. Les observations lat\u00e9ralis\u00e9es indiquent g\u00e9n\u00e9ralement un autre processus pathologique.<\/p>\n<p><strong>Il s'agit de sympt\u00f4mes de toxicit\u00e9 de la digoxine :<\/strong><\/p>\n<ul>\n<li>Confusion<\/li>\n<li>Pouls irr\u00e9gulier<\/li>\n<li>Perte d'app\u00e9tit<\/li>\n<li>Naus\u00e9es, vomissements, diarrh\u00e9e<\/li>\n<li>Rythme cardiaque rapide<\/li>\n<li>Changements de la vision (inhabituels), y compris des taches aveugles, une vision floue, des changements dans l'apparence des couleurs ou des taches.<\/li>\n<\/ul>\n<p><strong>D'autres sympt\u00f4mes de toxicit\u00e9 de la digoxine peuvent \u00eatre observ\u00e9s :<\/strong><\/p>\n<ul>\n<li>Diminution de l'\u00e9tat de conscience<\/li>\n<li>Diminution du d\u00e9bit urinaire<\/li>\n<li>Difficult\u00e9 \u00e0 respirer en position allong\u00e9e<\/li>\n<li>Mictions nocturnes excessives<\/li>\n<li>Gonflement global<\/li>\n<\/ul>\n<p>La toxicit\u00e9 des digitaliques entra\u00eene des manifestations au niveau du SNC (syst\u00e8me nerveux central), de la vue, du syst\u00e8me gastro-intestinal et du c\u0153ur. Les naus\u00e9es, les vomissements et la somnolence font partie des manifestations extracardiaques les plus courantes.<\/p>\n<h3>Toxicit\u00e9 de la digoxine, complications possibles<\/h3>\n<p>Les complications de la toxicit\u00e9 de la digoxine peuvent \u00eatre les suivantes :<\/p>\n<p>Irr\u00e9gulier,<strong>\u00a0mortel<\/strong>\u00a0rythmes cardiaques<br \/>\nInsuffisance cardiaque<\/p>\n<p><span class=\"HwtZe\" lang=\"en\"><span class=\"jCAhz ChMk0b\"><span class=\"ryNqvb\">Les niveaux d\u00e9termin\u00e9s 6-8 heures apr\u00e8s l'ingestion aigu\u00eb pr\u00e9disent n\u00e9cessairement une toxicit\u00e9 fatale.<\/span><\/span><\/span><\/p>\n<p>Toutes les instructions seront envoy\u00e9es afin que vous puissiez atteindre votre objectif (tuer ou se suicider).<\/p>","protected":false},"excerpt":{"rendered":"<p>What is digoxin toxicity Digoxin\u00a0toxicity also known as digitalis toxicity can be a problem with digitalis therapy. It may occur when you take too much of digoxin at one time. Digoxin toxicity can also occur when levels of the drug build up for other reasons. Digoxin is a relatively safe, cheap and effective therapy for [&hellip;]<\/p>\n","protected":false},"featured_media":321,"comment_status":"open","ping_status":"closed","template":"","meta":[],"product_brand":[],"product_cat":[17],"product_tag":[],"class_list":{"0":"post-110","1":"product","2":"type-product","3":"status-publish","4":"has-post-thumbnail","6":"product_cat-poisons-for-sale","8":"first","9":"instock","10":"shipping-taxable","11":"purchasable","12":"product-type-variable"},"_links":{"self":[{"href":"https:\/\/poisonshops.com\/fr\/wp-json\/wp\/v2\/product\/110","targetHints":{"allow":["GET"]}}],"collection":[{"href":"https:\/\/poisonshops.com\/fr\/wp-json\/wp\/v2\/product"}],"about":[{"href":"https:\/\/poisonshops.com\/fr\/wp-json\/wp\/v2\/types\/product"}],"replies":[{"embeddable":true,"href":"https:\/\/poisonshops.com\/fr\/wp-json\/wp\/v2\/comments?post=110"}],"wp:featuredmedia":[{"embeddable":true,"href":"https:\/\/poisonshops.com\/fr\/wp-json\/wp\/v2\/media\/321"}],"wp:attachment":[{"href":"https:\/\/poisonshops.com\/fr\/wp-json\/wp\/v2\/media?parent=110"}],"wp:term":[{"taxonomy":"product_brand","embeddable":true,"href":"https:\/\/poisonshops.com\/fr\/wp-json\/wp\/v2\/product_brand?post=110"},{"taxonomy":"product_cat","embeddable":true,"href":"https:\/\/poisonshops.com\/fr\/wp-json\/wp\/v2\/product_cat?post=110"},{"taxonomy":"product_tag","embeddable":true,"href":"https:\/\/poisonshops.com\/fr\/wp-json\/wp\/v2\/product_tag?post=110"}],"curies":[{"name":"wp","href":"https:\/\/api.w.org\/{rel}","templated":true}]}}