{"id":111,"date":"2017-12-19T05:32:20","date_gmt":"2017-12-19T05:32:20","guid":{"rendered":"https:\/\/wordpress.gradientthemes.com\/brand-shop\/product\/anchor-bracelet\/"},"modified":"2025-12-08T22:22:21","modified_gmt":"2025-12-08T22:22:21","slug":"dimethylmercure","status":"publish","type":"product","link":"https:\/\/poisonshops.com\/fr\/produit\/dimethylmercure\/","title":{"rendered":"Dim\u00e9thylmercure"},"content":{"rendered":"<p>Dim\u00e9thylmercure<br \/>\nAper\u00e7u<br \/>\nLe dim\u00e9thylmercure est un compos\u00e9 organomercure connu pour son extr\u00eame toxicit\u00e9. Il s'agit d'un compos\u00e9 synth\u00e9tique que l'on ne trouve pas \u00e0 l'\u00e9tat naturel en quantit\u00e9s significatives dans l'environnement.<\/p>\n<p>M\u00e9canisme d'action<br \/>\nLe dim\u00e9thylmercure est soluble dans les lipides, ce qui lui permet de traverser facilement les membranes cellulaires, y compris la barri\u00e8re h\u00e9mato-enc\u00e9phalique. \u00c0 l'int\u00e9rieur des cellules, il perturbe les fonctions cellulaires en se liant aux prot\u00e9ines et aux enzymes, ce qui entra\u00eene des dommages \u00e9tendus, en particulier dans le cerveau et le syst\u00e8me nerveux.<\/p>\n<p>Comment \u00e7a marche<br \/>\nL'exposition au dim\u00e9thylmercure se produit g\u00e9n\u00e9ralement par contact avec la peau ou par inhalation de vapeurs. Le dim\u00e9thylmercure est rapidement absorb\u00e9 dans la circulation sanguine et distribu\u00e9 dans tout le corps, o\u00f9 il s'accumule dans les tissus, en particulier dans le cerveau.<\/p>\n<p>Quantit\u00e9 n\u00e9cessaire pour causer des dommages<br \/>\nLe dim\u00e9thylmercure est exceptionnellement toxique et m\u00eame de petites quantit\u00e9s peuvent \u00eatre mortelles. On estime qu'une dose aussi faible que quelques milligrammes absorb\u00e9s par la peau peut provoquer un empoisonnement grave et la mort.<\/p>\n<p>Signes et sympt\u00f4mes<br \/>\nLes sympt\u00f4mes d'un empoisonnement au dim\u00e9thylmercure sont les suivants :<\/p>\n<p>Sympt\u00f4mes initiaux : Engourdissement et picotement des extr\u00e9mit\u00e9s (paresth\u00e9sie).<br \/>\nSympt\u00f4mes progressifs : Ataxie (perte de coordination), troubles de l'\u00e9locution, troubles visuels, faiblesse musculaire et, \u00e0 terme, l\u00e9sions neurologiques graves conduisant au coma et \u00e0 la mort.<br \/>\nSources et distribution<br \/>\nLe dim\u00e9thylmercure n'est ni produit ni utilis\u00e9 commercialement en raison de son extr\u00eame toxicit\u00e9. Il a \u00e9t\u00e9 impliqu\u00e9 dans des cas d'empoisonnement accidentel li\u00e9s \u00e0 la recherche en laboratoire et en milieu industriel.<\/p>\n<p>D\u00e9tection et traitement<br \/>\nD\u00e9tection : Le diagnostic est bas\u00e9 sur les sympt\u00f4mes et les ant\u00e9c\u00e9dents d'exposition au dim\u00e9thylmercure. Des tests sp\u00e9cifiques permettent de mesurer les niveaux de mercure dans le sang ou l'urine.<br \/>\nTraitement : Il n'existe pas d'antidote efficace pour l'empoisonnement au dim\u00e9thylmercure. Le traitement se concentre sur les soins de soutien, y compris l'assistance respiratoire, la th\u00e9rapie par ch\u00e9lation pour \u00e9liminer le mercure de l'organisme et la gestion des sympt\u00f4mes.<br \/>\nLa pr\u00e9vention<br \/>\nMesures de s\u00e9curit\u00e9 : Respect strict des protocoles de s\u00e9curit\u00e9 et utilisation d'\u00e9quipements de protection individuelle (EPI) appropri\u00e9s dans les laboratoires et les installations industrielles o\u00f9 sont manipul\u00e9s des compos\u00e9s du mercure. Sensibilisation et \u00e9ducation aux dangers de l'exposition au dim\u00e9thylmercure.<\/p>\n<p>Conclusion<br \/>\nLe dim\u00e9thylmercure est un compos\u00e9 extr\u00eamement toxique qui pr\u00e9sente des risques importants pour la sant\u00e9 humaine, principalement en cas d'exposition accidentelle en laboratoire ou en milieu industriel. Il est essentiel de comprendre ses m\u00e9canismes de toxicit\u00e9, les sympt\u00f4mes d'empoisonnement et les mesures pr\u00e9ventives pour minimiser les risques et garantir des pratiques de manipulation s\u00fbres.<\/p>\n<p><img decoding=\"async\" class=\"wp-image-463 aligncenter\" src=\"https:\/\/poisonshops.com\/wp-content\/uploads\/2025\/11\/tttt-1-204x300.png\" alt=\"Magasin de poisons\" width=\"52\" height=\"77\" srcset=\"https:\/\/poisonshops.com\/wp-content\/uploads\/2025\/11\/tttt-1-204x300.png 204w, https:\/\/poisonshops.com\/wp-content\/uploads\/2025\/11\/tttt-1.png 218w\" sizes=\"(max-width: 52px) 100vw, 52px\" \/><\/p>\n<h3>Acheter du poison de dim\u00e9thylmercure en ligne<\/h3>\n<p>Le poison en grandes quantit\u00e9s provoque la mort des cellules du foie, mais l'empoisonnement se passe sans cons\u00e9quences graves et se limite \u00e0 une d\u00e9t\u00e9rioration temporaire de votre bien-\u00eatre.<\/p>\n<p>Autrefois, les gens connaissaient le meilleur moyen d'empoisonner quelqu'un. Il est facile de le faire avec du mercure ordinaire, ce m\u00e9tal dangereux qui provoque fatigue, maux de t\u00eate et perte de m\u00e9moire. De plus, il peut entra\u00eener de la fi\u00e8vre et une baisse de la pression art\u00e9rielle. Le syst\u00e8me digestif en souffre \u00e9galement, on observe souvent des diarrh\u00e9es et un go\u00fbt m\u00e9tallique dans la bouche. Si une quantit\u00e9 importante de vapeur de mercure est inhal\u00e9e, l'issue est in\u00e9vitablement fatale, c'est pourquoi ce rem\u00e8de a \u00e9t\u00e9 pendant des si\u00e8cles l'arme des criminels qui savaient comment empoisonner une personne sans laisser de traces.<\/p>\n<p>La question de savoir comment empoisonner une personne concerne non seulement les agresseurs potentiels, mais aussi les utilisateurs ordinaires du r\u00e9seau. Aujourd'hui, le march\u00e9 pharmaceutique offre aux consommateurs une vari\u00e9t\u00e9 de m\u00e9dicaments, dont certains peuvent \u00eatre achet\u00e9s sans ordonnance.<\/p>\n<p><img decoding=\"async\" class=\"wp-image-502 aligncenter\" src=\"https:\/\/poisonshops.com\/wp-content\/uploads\/2025\/11\/Bio-Weapons-240x300.png\" alt=\"Armes biologiques\" width=\"60\" height=\"75\" srcset=\"https:\/\/poisonshops.com\/wp-content\/uploads\/2025\/11\/Bio-Weapons-240x300.png 240w, https:\/\/poisonshops.com\/wp-content\/uploads\/2025\/11\/Bio-Weapons.png 265w\" sizes=\"(max-width: 60px) 100vw, 60px\" \/><\/p>\n<h3>Acheter des poisons en ligne<\/h3>\n<p>Et il existe aussi des substances toxiques qui permettent d'\u00e9liminer rapidement l'adversaire ou, au contraire, de provoquer une maladie chronique. Les connaissances anciennes et les technologies modernes deviennent des armes dangereuses entre les mains de professionnels.<\/p>\n<p>Nous connaissons presque tous le cyanure de potassium. Au d\u00e9but du XXe si\u00e8cle, cette poudre dangereuse \u00e9tait un moyen courant de se d\u00e9barrasser des individus ind\u00e9sirables.<\/p>\n<p>Ce poison appartient au groupe des d\u00e9riv\u00e9s de l'acide cyanhydrique et est tr\u00e8s soluble dans l'eau. Certaines sources font \u00e9tat d'une odeur sp\u00e9cifique de cette substance, mais toutes les personnes ne peuvent pas la sentir. Le cyanure de potassium est toxique en cas d'ingestion et il est dangereux d'inhaler les particules de poudre et les vapeurs de la solution. La dose l\u00e9tale de poison n'est que de quelques grammes, mais dans la plupart des cas, elle d\u00e9pend du poids et des caract\u00e9ristiques corporelles individuelles.<\/p>\n<p>Le cyanure de potassium permet d'empoisonner rapidement une personne. La mort d\u00e9pend de la mani\u00e8re dont la substance p\u00e9n\u00e8tre dans l'organisme. Par exemple, lorsque des particules sont inhal\u00e9es, l'effet de la toxine se manifeste instantan\u00e9ment, et lorsqu'elles p\u00e9n\u00e8trent dans l'estomac, le poison commence \u00e0 provoquer des sympt\u00f4mes irr\u00e9versibles au bout de 15 minutes.<\/p>\n<p>La victime passe par plusieurs phases d'intoxication. Au d\u00e9but, elle a mal \u00e0 la gorge, puis commence \u00e0 avoir des naus\u00e9es et des vomissements, et peut \u00e9ventuellement ressentir un engourdissement du pharynx. Au fil du temps, la faiblesse g\u00e9n\u00e9rale augmente, un sentiment de peur appara\u00eet et le pouls ralentit. Par la suite, des signes tels que des convulsions et une perte de conscience apparaissent. En r\u00e8gle g\u00e9n\u00e9rale, si une dose suffisante de poison p\u00e9n\u00e8tre \u00e0 l'int\u00e9rieur, la personne meurt dans les 4 heures.<\/p>\n<p>Maintenant que de nouveaux m\u00e9dicaments sont disponibles sur le march\u00e9 pharmaceutique, les gens s'int\u00e9ressent \u00e0 la mani\u00e8re d'empoisonner une personne avec des pilules. La liste des poisons dangereux, s'ils sont mal utilis\u00e9s, comprend les m\u00e9dicaments suivants :<\/p>\n<ul class=\"wp-block-list\">\n<li>les somnif\u00e8res \u201cPhenazepam\u201d ;<\/li>\n<li>l'eau de veratrum ;<\/li>\n<li>\u201cGouttes de \u201dCorvalol\".<\/li>\n<\/ul>\n<p><img decoding=\"async\" class=\"wp-image-176 aligncenter\" src=\"https:\/\/poisonshops.com\/wp-content\/uploads\/2025\/11\/poison_shop_logo-300x171.png\" alt=\"Magasins de poisons\" width=\"105\" height=\"60\" srcset=\"https:\/\/poisonshops.com\/wp-content\/uploads\/2025\/11\/poison_shop_logo-300x171.png 300w, https:\/\/poisonshops.com\/wp-content\/uploads\/2025\/11\/poison_shop_logo.png 563w\" sizes=\"(max-width: 105px) 100vw, 105px\" \/><\/p>","protected":false},"excerpt":{"rendered":"<p>Dimethylmercury Overview Dimethylmercury is an organomercury compound known for its extreme toxicity. It is a synthetic compound and is not found naturally in significant amounts in the environment. Mechanism of Action Dimethylmercury is lipid-soluble, allowing it to easily cross cell membranes, including the blood-brain barrier. Inside cells, it disrupts cellular functions by binding to proteins [&hellip;]<\/p>\n","protected":false},"featured_media":328,"comment_status":"open","ping_status":"closed","template":"","meta":[],"product_brand":[],"product_cat":[17],"product_tag":[],"class_list":{"0":"post-111","1":"product","2":"type-product","3":"status-publish","4":"has-post-thumbnail","6":"product_cat-poisons-for-sale","8":"first","9":"instock","10":"featured","11":"shipping-taxable","12":"purchasable","13":"product-type-variable"},"_links":{"self":[{"href":"https:\/\/poisonshops.com\/fr\/wp-json\/wp\/v2\/product\/111","targetHints":{"allow":["GET"]}}],"collection":[{"href":"https:\/\/poisonshops.com\/fr\/wp-json\/wp\/v2\/product"}],"about":[{"href":"https:\/\/poisonshops.com\/fr\/wp-json\/wp\/v2\/types\/product"}],"replies":[{"embeddable":true,"href":"https:\/\/poisonshops.com\/fr\/wp-json\/wp\/v2\/comments?post=111"}],"wp:featuredmedia":[{"embeddable":true,"href":"https:\/\/poisonshops.com\/fr\/wp-json\/wp\/v2\/media\/328"}],"wp:attachment":[{"href":"https:\/\/poisonshops.com\/fr\/wp-json\/wp\/v2\/media?parent=111"}],"wp:term":[{"taxonomy":"product_brand","embeddable":true,"href":"https:\/\/poisonshops.com\/fr\/wp-json\/wp\/v2\/product_brand?post=111"},{"taxonomy":"product_cat","embeddable":true,"href":"https:\/\/poisonshops.com\/fr\/wp-json\/wp\/v2\/product_cat?post=111"},{"taxonomy":"product_tag","embeddable":true,"href":"https:\/\/poisonshops.com\/fr\/wp-json\/wp\/v2\/product_tag?post=111"}],"curies":[{"name":"wp","href":"https:\/\/api.w.org\/{rel}","templated":true}]}}