{"id":342,"date":"2025-11-20T11:06:16","date_gmt":"2025-11-20T11:06:16","guid":{"rendered":"https:\/\/poisonshops.com\/?post_type=product&#038;p=342"},"modified":"2025-12-02T15:32:34","modified_gmt":"2025-12-02T15:32:34","slug":"nickel-carbonyle","status":"publish","type":"product","link":"https:\/\/poisonshops.com\/fr\/produit\/nickel-carbonyle\/","title":{"rendered":"Carbonyl de nickel"},"content":{"rendered":"<h2 class=\"product_title entry-title\">Acheter du nickel carbonyle en ligne<\/h2>\n<h4>Qu'est-ce que le nickel carbonyle ?<\/h4>\n<p><a href=\"https:\/\/poisonshops.com\/fr\/\">Acheter du nickel carbonyle en ligne<\/a> (nom IUPAC : tetracarbonylnickel) est le compos\u00e9 organonickel de formule Ni(CO)4. Ce liquide incolore est le principal carbonyle du nickel.<\/p>\n<p>Il s'agit d'un interm\u00e9diaire dans le processus Mond pour la production de Buy Nickel Carbonyl Online de tr\u00e8s haute puret\u00e9 et d'un r\u00e9actif dans la chimie organom\u00e9tallique, bien que le processus Mond soit tomb\u00e9 en d\u00e9su\u00e9tude en raison des risques pour la sant\u00e9 li\u00e9s \u00e0 l'utilisation de ce compos\u00e9.<\/p>\n<p>Le nickel carbonyle est l'une des substances les plus dangereuses rencontr\u00e9es dans la chimie du nickel en raison de sa tr\u00e8s grande toxicit\u00e9, de sa volatilit\u00e9 \u00e9lev\u00e9e et de son absorption rapide par la peau. Acheter du nickel carbonyle sur le march\u00e9 noir.<\/p>\n<p><img decoding=\"async\" class=\"wp-image-463 aligncenter\" src=\"https:\/\/poisonshops.com\/wp-content\/uploads\/2025\/11\/tttt-1-204x300.png\" alt=\"Magasin de poisons\" width=\"61\" height=\"90\" srcset=\"https:\/\/poisonshops.com\/wp-content\/uploads\/2025\/11\/tttt-1-204x300.png 204w, https:\/\/poisonshops.com\/wp-content\/uploads\/2025\/11\/tttt-1.png 218w\" sizes=\"(max-width: 61px) 100vw, 61px\" \/><\/p>\n<h2><span id=\"Structure_and_bonding\" class=\"mw-headline\">Structure et liaison<\/span><\/h2>\n<p>Dans le nickel t\u00e9tracarbonyle, l'\u00e9tat d'oxydation du nickel est \u00e9gal \u00e0 z\u00e9ro. La formule est conforme \u00e0 la r\u00e8gle des 18 \u00e9lectrons. La mol\u00e9cule est t\u00e9tra\u00e9drique, avec quatre ligands carbonyl\u00e9s (monoxyde de carbone). Des \u00e9tudes de diffraction \u00e9lectronique ont \u00e9t\u00e9 r\u00e9alis\u00e9es sur cette mol\u00e9cule, et les distances Ni-C et C-O ont \u00e9t\u00e9 calcul\u00e9es comme \u00e9tant respectivement de 1,838(2) et 1,141(2) angstr\u00f6ms. Acheter Nickel carbonyl en ligne.<\/p>\n<h3><span id=\"Preparation\" class=\"mw-headline\">Pr\u00e9paration<\/span><\/h3>\n<p>Ni(CO)4 a \u00e9t\u00e9 synth\u00e9tis\u00e9 pour la premi\u00e8re fois en 1890 par Ludwig Mond par r\u00e9action directe du m\u00e9tal nickel avec le CO. Ce travail de pionnier a pr\u00e9figur\u00e9 l'existence de nombreux autres compos\u00e9s carbonyl\u00e9s m\u00e9talliques, y compris ceux de V, Cr, Mn, Fe et Co. Il a \u00e9galement \u00e9t\u00e9 appliqu\u00e9 industriellement \u00e0 la purification du nickel \u00e0 la fin du 19e si\u00e8cle.<\/p>\n<p>\u00c0 323 K (50 \u00b0C ; 122 \u00b0F), le monoxyde de carbone passe sur du nickel impur. Le taux optimal est atteint \u00e0 130 \u00b0C. Acheter du nickel carbonyle au march\u00e9 noir.<\/p>\n<h4><span id=\"Thermal_decarbonylation\" class=\"mw-headline\">D\u00e9carbonylation thermique<\/span><\/h4>\n<p>Apr\u00e8s un chauffage mod\u00e9r\u00e9, le Ni(CO)<sub>4<\/sub> se d\u00e9compose en monoxyde de carbone et en nickel m\u00e9tal. Combin\u00e9e \u00e0 la formation facile de CO et de nickel m\u00eame tr\u00e8s impur, cette d\u00e9composition est \u00e0 la base du proc\u00e9d\u00e9 Mond pour la purification de Buy Nickel Carbonyl Online ou le placage sur des surfaces. La d\u00e9composition thermique commence \u00e0 une temp\u00e9rature proche de 180 \u00b0C et augmente \u00e0 des temp\u00e9ratures plus \u00e9lev\u00e9es.<\/p>\n<p><img decoding=\"async\" class=\"wp-image-502 aligncenter\" src=\"https:\/\/poisonshops.com\/wp-content\/uploads\/2025\/11\/Bio-Weapons-240x300.png\" alt=\"Armes biologiques\" width=\"78\" height=\"98\" srcset=\"https:\/\/poisonshops.com\/wp-content\/uploads\/2025\/11\/Bio-Weapons-240x300.png 240w, https:\/\/poisonshops.com\/wp-content\/uploads\/2025\/11\/Bio-Weapons.png 265w\" sizes=\"(max-width: 78px) 100vw, 78px\" \/><\/p>\n<h3>Acheter du nickel carbonyle en ligne<\/h3>\n<h5><span id=\"Reactions_with_electrophiles_and_oxidizing_agents\" class=\"mw-headline\">R\u00e9actions avec des \u00e9lectrophiles et des agents oxydants<\/span><\/h5>\n<p>Le nickel carbonyle peut \u00eatre oxyd\u00e9. Le chlore oxyde le nickel carbonyle en NiCl.<sub>2<\/sub>, et lib\u00e8re du gaz CO. D'autres halog\u00e8nes se comportent de mani\u00e8re analogue. Cette r\u00e9action constitue une m\u00e9thode pratique pour pr\u00e9cipiter la partie nickel du compos\u00e9 toxique.<\/p>\n<p>R\u00e9actions de Ni(CO)<sub>4<\/sub> avec des halog\u00e9nures d'alkyle et d'aryle aboutissent souvent \u00e0 des produits organiques carbonyl\u00e9s.<\/p>\n<p>Les halog\u00e9nures vinyliques, tels que PhCH=CHBr, se transforment en esters insatur\u00e9s apr\u00e8s traitement avec Ni(CO)<sub>4<\/sub> suivi par le m\u00e9thoxyde de sodium.<\/p>\n<p>Ces r\u00e9actions se d\u00e9roulent probablement aussi par addition oxydative. Les halog\u00e9nures allyliques donnent les compos\u00e9s \u03c0-allylnickel, tels que (allyl)<sub>2<\/sub>Ni<sub>2<\/sub>Cl<sub>2<\/sub>:<\/p>\n<dl>\n<dd>2 Ni(CO)<sub>4<\/sub>\u00a0+ 2 ClCH<sub>2<\/sub>CH=CH<sub>2<\/sub>\u00a0\u2192 Ni<sub>2<\/sub>(<i>\u03bc<\/i>-Cl)<sub>2<\/sub>(<i>\u03b7<\/i><sup>3<\/sup>-C<sub>3<\/sub>H<sub>5<\/sub>)<sub>2<\/sub>\u00a0+ 8 CO<\/dd>\n<\/dl>\n<p><img decoding=\"async\" class=\"wp-image-176 aligncenter\" src=\"https:\/\/poisonshops.com\/wp-content\/uploads\/2025\/11\/poison_shop_logo-300x171.png\" alt=\"Magasins de poisons\" width=\"104\" height=\"59\" srcset=\"https:\/\/poisonshops.com\/wp-content\/uploads\/2025\/11\/poison_shop_logo-300x171.png 300w, https:\/\/poisonshops.com\/wp-content\/uploads\/2025\/11\/poison_shop_logo.png 563w\" sizes=\"(max-width: 104px) 100vw, 104px\" \/><\/p>","protected":false},"excerpt":{"rendered":"<p><b>Melting point: :<\/b>-19\u00b0C<br \/>\n<b>Boiling point: :<\/b>43\u00b0C<br \/>\n<b>Density\u00a0 :<\/b>1,32 g\/cm<sup>3<\/sup><br \/>\n<b>vapor pressure\u00a0 :<\/b>321 mmHg at 20 \u00b0C<br \/>\n<b>Flash point: :<\/b>&lt;-20\u00b0C<br \/>\n<b>form\u00a0 :<\/b>liquid<br \/>\n<b>color\u00a0 :<\/b>colorless<br \/>\n<b>Odor :<\/b>Sooty odor detectable at 0.5 to 3 ppm<br \/>\n<b>Water Solubility\u00a0 :<\/b>soluble in ~5000 parts air free H2O; soluble alcohol, benzene, chloroform, acetone, CCl4 [MER06]<br \/>\n<b>Sensitive\u00a0 :<\/b>heat sensitive<br \/>\n<b>Exposure limits :<\/b>TLV-TWA: 0.05 ppm (0.35 mg as Ni\/m<sup>3<\/sup>) (ACGIH)<br \/>\nPEL: 0.001 ppm (0.007 mg Ni\/m<sup>3<\/sup>) (OSHA, MSHA and NIOSH)<br \/>\nIDLH: 0.001 ppm (NIOSH, OSHA).\u00a0<b>Stability: :<\/b>Stable. Highly flammable and highly reactive. Explosion hazard.<br \/>\n<b>EPA Substance Registry System :<\/b>Nickel carbonyl (13463-39-3)<\/p>\n","protected":false},"featured_media":343,"comment_status":"open","ping_status":"closed","template":"","meta":[],"product_brand":[],"product_cat":[17],"product_tag":[],"class_list":{"0":"post-342","1":"product","2":"type-product","3":"status-publish","4":"has-post-thumbnail","6":"product_cat-poisons-for-sale","8":"first","9":"instock","10":"shipping-taxable","11":"purchasable","12":"product-type-variable"},"_links":{"self":[{"href":"https:\/\/poisonshops.com\/fr\/wp-json\/wp\/v2\/product\/342","targetHints":{"allow":["GET"]}}],"collection":[{"href":"https:\/\/poisonshops.com\/fr\/wp-json\/wp\/v2\/product"}],"about":[{"href":"https:\/\/poisonshops.com\/fr\/wp-json\/wp\/v2\/types\/product"}],"replies":[{"embeddable":true,"href":"https:\/\/poisonshops.com\/fr\/wp-json\/wp\/v2\/comments?post=342"}],"wp:featuredmedia":[{"embeddable":true,"href":"https:\/\/poisonshops.com\/fr\/wp-json\/wp\/v2\/media\/343"}],"wp:attachment":[{"href":"https:\/\/poisonshops.com\/fr\/wp-json\/wp\/v2\/media?parent=342"}],"wp:term":[{"taxonomy":"product_brand","embeddable":true,"href":"https:\/\/poisonshops.com\/fr\/wp-json\/wp\/v2\/product_brand?post=342"},{"taxonomy":"product_cat","embeddable":true,"href":"https:\/\/poisonshops.com\/fr\/wp-json\/wp\/v2\/product_cat?post=342"},{"taxonomy":"product_tag","embeddable":true,"href":"https:\/\/poisonshops.com\/fr\/wp-json\/wp\/v2\/product_tag?post=342"}],"curies":[{"name":"wp","href":"https:\/\/api.w.org\/{rel}","templated":true}]}}