{"id":388,"date":"2025-11-20T11:34:02","date_gmt":"2025-11-20T11:34:02","guid":{"rendered":"https:\/\/poisonshops.com\/?post_type=product&#038;p=388"},"modified":"2025-12-02T14:35:34","modified_gmt":"2025-12-02T14:35:34","slug":"acheter-du-cyanure-de-potassium","status":"publish","type":"product","link":"https:\/\/poisonshops.com\/fr\/produit\/acheter-du-cyanure-de-potassium\/","title":{"rendered":"Cyanure de potassium"},"content":{"rendered":"<h2>Acheter du cyanure de potassium<\/h2>\n<p><strong>Cyanure de potassium (KCN)<\/strong> est un compos\u00e9 hautement toxique connu pour ses effets rapides et mortels lorsqu'il est ing\u00e9r\u00e9 ou inhal\u00e9. Il est utilis\u00e9 dans diverses applications industrielles, mais il est connu pour son utilisation en tant que poison. Vous trouverez ci-dessous des informations essentielles sur le cyanure de potassium, notamment ses utilisations, son mode de destruction, les formes sous lesquelles il se pr\u00e9sente et la quantit\u00e9 n\u00e9cessaire pour qu'il soit mortel. Acheter Cyanure de potassium.<\/p>\n<h3>Qu'est-ce que le cyanure de potassium ?<\/h3>\n<p>Le cyanure de potassium est un compos\u00e9 cristallin blanc dont la formule chimique est la suivante\u00a0<strong>KCN<\/strong>. Il a une l\u00e9g\u00e8re odeur d'amande, bien que tout le monde ne puisse pas d\u00e9tecter cette odeur en raison de facteurs g\u00e9n\u00e9tiques. Le cyanure de potassium est tr\u00e8s soluble dans l'eau et peut lib\u00e9rer du cyanure d'hydrog\u00e8ne, un gaz mortel, au contact d'acides ou d'eau. Cyanure de potassium \u00e0 vendre.<\/p>\n<h3>Utilisations du cyanure de potassium<\/h3>\n<p>1.\u00a0<strong>Exploitation et extraction de l'or<\/strong>: Le cyanure de potassium est largement utilis\u00e9 dans l'industrie mini\u00e8re pour extraire l'or et l'argent des minerais par un processus appel\u00e9 cyanuration. Fournisseurs de cyanure de potassium.<\/p>\n<p>2.\u00a0<strong>Placage \u00e9lectrolytique<\/strong>: Il est utilis\u00e9 dans la galvanoplastie pour recouvrir des m\u00e9taux tels que l'argent, l'or et d'autres m\u00e9taux pr\u00e9cieux \u00e0 des fins d\u00e9coratives et protectrices.<\/p>\n<p>3. <strong>Synth\u00e8se chimique<\/strong>: Le cyanure de potassium est utilis\u00e9 en chimie organique pour synth\u00e9tiser des nitriles et d'autres compos\u00e9s contenant du cyanure.<\/p>\n<p>4. <strong>Bijouterie et affinage des m\u00e9taux :<\/strong>\u00a0Dans l'industrie de la bijouterie, le cyanure de potassium est parfois utilis\u00e9 pour nettoyer ou polir les m\u00e9taux.<\/p>\n<p>5. <strong>Utilisation historique comme poison :<\/strong> Le KCN a \u00e9t\u00e9 utilis\u00e9 historiquement comme poison mortel dans l'espionnage, les suicides et les ex\u00e9cutions. Cyanure de potassium en vente.<\/p>\n<h3>Comment le cyanure de potassium tue<\/h3>\n<p>Le cyanure de potassium tue en inhibant la respiration cellulaire, essentielle \u00e0 la production d'\u00e9nergie. Voici comment cela fonctionne :<\/p>\n<p>\u2013 <strong>M\u00e9canisme d'action :<\/strong>\u00a0Lorsqu'il est ing\u00e9r\u00e9, inhal\u00e9 ou absorb\u00e9, le cyanure de potassium lib\u00e8re<strong>\u00a0les ions cyanure (CN-)<\/strong>, qui se lient \u00e0 l'enzyme\u00a0<strong>cytochrome c oxydase<\/strong>\u00a0dans les mitochondries des cellules. Cette enzyme joue un r\u00f4le cl\u00e9 dans la cha\u00eene de transport d'\u00e9lectrons, essentielle \u00e0 la production d'ATP (ad\u00e9nosine triphosphate), la monnaie \u00e9nerg\u00e9tique de la cellule.<\/p>\n<p>\u2013<strong>\u00a0R\u00e9sultat :<\/strong> Le cyanure emp\u00eache les mitochondries d'utiliser l'oxyg\u00e8ne, stoppant ainsi la respiration a\u00e9robie. Sans production d'\u00e9nergie, les cellules - en particulier dans les organes vitaux comme le c\u0153ur et le cerveau - commencent \u00e0 mourir rapidement. Fournisseurs de cyanure de potassium.<\/p>\n<p>\u2013 <strong>Sympt\u00f4mes et apparition :<\/strong>\u00a0Les sympt\u00f4mes de l'empoisonnement au cyanure comprennent des naus\u00e9es, des vertiges, des difficult\u00e9s respiratoires, des convulsions et une perte de conscience. La mort peut survenir en quelques minutes \u00e0 la suite d'un arr\u00eat cardiaque ou d'une insuffisance respiratoire, en fonction de la dose et de la voie d'exposition.<\/p>\n<h3>Formes de cyanure de potassium<\/h3>\n<p>1.\u00a0<strong>Solide (cristallin\/poudre):**<\/strong>\u00a0Le cyanure de potassium se pr\u00e9sente g\u00e9n\u00e9ralement sous la forme d'un solide cristallin blanc ou d'une poudre.<\/p>\n<p>2. <strong>Solution :<\/strong>\u00a0Il peut \u00eatre dissous dans l'eau ou dans d'autres liquides pour former une solution hautement toxique. Cette forme est \u00e9galement dangereuse car elle peut lib\u00e9rer\u00a0<strong>cyanure d'hydrog\u00e8ne gazeux\u00a0<\/strong>s'il entre en contact avec des acides.<\/p>\n<p>3. <strong>Comprim\u00e9s ou g\u00e9lules :<\/strong> Dans certains cas, le cyanure de potassium a \u00e9t\u00e9 formul\u00e9 sous forme de comprim\u00e9s ou de g\u00e9lules, historiquement utilis\u00e9s dans l'espionnage pour se suicider afin d'\u00e9viter d'\u00eatre captur\u00e9. Acheter du cyanure de potassium en ligne.<\/p>\n<h3>Cyanure de potassium \u00e0 vendre<\/h3>\n<p><img decoding=\"async\" class=\"wp-image-463 aligncenter\" src=\"https:\/\/poisonshops.com\/wp-content\/uploads\/2025\/11\/tttt-1-204x300.png\" alt=\"Magasin de poisons\" width=\"68\" height=\"100\" srcset=\"https:\/\/poisonshops.com\/wp-content\/uploads\/2025\/11\/tttt-1-204x300.png 204w, https:\/\/poisonshops.com\/wp-content\/uploads\/2025\/11\/tttt-1.png 218w\" sizes=\"(max-width: 68px) 100vw, 68px\" \/><\/p>\n<h3>Dose mortelle de cyanure de potassium<\/h3>\n<p>\u2013\u00a0<strong>Dose l\u00e9tale orale (DL50)<\/strong>: L'estimation\u00a0<strong>La dose l\u00e9tale pour l'homme est de 200 \u00e0 300 mg, soit 2 \u00e0 3 mg par kilogramme de poids corporel.<\/strong>\u00a0en cas d'ingestion.<\/p>\n<p>\u2013<strong>\u00a0Inhalation<\/strong>: L'inhalation de cyanure de potassium ou de sa forme gazeuse, le cyanure d'hydrog\u00e8ne, peut \u00eatre mortelle \u00e0 des concentrations aussi faibles que<strong>\u00a0100-300 ppm (parties par million)<\/strong>. L'inhalation permet une absorption plus rapide et peut avoir des effets plus imm\u00e9diats que l'ingestion. Acheter du cyanure de potassium (KCN) en ligne.<\/p>\n<p>\u2013\u00a0<strong>Quantit\u00e9 \u00e0 tuer :<\/strong> Quelques centaines de milligrammes de cyanure de potassium (de la taille d'un grain de riz) peuvent suffire \u00e0 tuer un adulte. Pour les personnes de petite taille ou en mauvaise sant\u00e9, des quantit\u00e9s encore plus faibles peuvent \u00eatre mortelles. Acheter Cyanure de potassium.<\/p>\n<p><img decoding=\"async\" class=\"wp-image-502 aligncenter\" src=\"https:\/\/poisonshops.com\/wp-content\/uploads\/2025\/11\/Bio-Weapons-240x300.png\" alt=\"Armes biologiques\" width=\"63\" height=\"79\" srcset=\"https:\/\/poisonshops.com\/wp-content\/uploads\/2025\/11\/Bio-Weapons-240x300.png 240w, https:\/\/poisonshops.com\/wp-content\/uploads\/2025\/11\/Bio-Weapons.png 265w\" sizes=\"(max-width: 63px) 100vw, 63px\" \/><\/p>\n<h3>Cyanure de potassium : s\u00e9curit\u00e9 et consid\u00e9rations juridiques<\/h3>\n<p>\u2013\u00a0<strong>Pr\u00e9cautions de manipulation<\/strong>: Le cyanure de potassium est une substance contr\u00f4l\u00e9e en raison de son extr\u00eame toxicit\u00e9. Sa manipulation n\u00e9cessite un \u00e9quipement de protection, notamment des gants et des lunettes, ainsi qu'une ventilation ad\u00e9quate pour \u00e9viter l'inhalation.<br \/>\n<strong>- \u00c9limination :<\/strong> Le cyanure de potassium doit \u00eatre \u00e9limin\u00e9 conform\u00e9ment \u00e0 la r\u00e9glementation sur les mati\u00e8res dangereuses, ce qui implique souvent une neutralisation avec de l'eau de Javel ou du peroxyde d'hydrog\u00e8ne dans des conditions contr\u00f4l\u00e9es. Acheter Cyanure de potassium en ligne au meilleur prix.<br \/>\n\u2013\u00a0<strong>Restrictions l\u00e9gales<\/strong>: La vente, la possession et l'utilisation du cyanure de potassium sont fortement r\u00e9glement\u00e9es dans la plupart des pays. L'utilisation non autoris\u00e9e, en particulier \u00e0 des fins nocives, est ill\u00e9gale et peut entra\u00eener de lourdes sanctions juridiques. Acheter du cyanure de potassium en ligne en toute s\u00e9curit\u00e9 et avec une livraison discr\u00e8te.<\/p>\n<h4 class=\"LnpumSThxEWMIsDdAT17 CXMyPcQ6nDv47DKFeywM\"><span class=\"EKtkFWMYpwzMKOYr0GYm LQVY1Jpkk8nyJ6HBWKAk\">O\u00f9 peut-on acheter du cyanure de potassium en toute s\u00e9curit\u00e9 ?<\/span><\/h4>\n<h3>Conclusion<\/h3>\n<p>Le cyanure de potassium est un produit chimique extr\u00eamement toxique qui inhibe la capacit\u00e9 du corps \u00e0 utiliser l'oxyg\u00e8ne, entra\u00eenant une mort rapide par insuffisance respiratoire ou cardiaque. M\u00eame de petites quantit\u00e9s peuvent \u00eatre mortelles, et son utilisation est principalement limit\u00e9e aux processus industriels soumis \u00e0 des r\u00e8gles de s\u00e9curit\u00e9 strictes. La manipulation du cyanure de potassium requiert une extr\u00eame prudence en raison du risque d'empoisonnement mortel par ingestion, inhalation ou absorption cutan\u00e9e. Fournisseurs de cyanure de potassium.<\/p>\n<h4>Acheter du cyanure de potassium en ligne avec livraison discr\u00e8te et s\u00e9curis\u00e9e<\/h4>\n<p><img decoding=\"async\" class=\"wp-image-176 aligncenter\" src=\"https:\/\/poisonshops.com\/wp-content\/uploads\/2025\/11\/poison_shop_logo-300x171.png\" alt=\"Magasins de poisons\" width=\"133\" height=\"76\" srcset=\"https:\/\/poisonshops.com\/wp-content\/uploads\/2025\/11\/poison_shop_logo-300x171.png 300w, https:\/\/poisonshops.com\/wp-content\/uploads\/2025\/11\/poison_shop_logo.png 563w\" sizes=\"(max-width: 133px) 100vw, 133px\" \/><\/p>","protected":false},"excerpt":{"rendered":"<p>Buy Potassium Cyanide Potassium cyanide (KCN) is a highly toxic compound commonly known for its rapid and lethal effects when ingested or inhaled. It is used in various industrial applications but is notorious for its use as a poison. Below are key details about potassium cyanide, including its uses, how it kills, forms it comes [&hellip;]<\/p>\n","protected":false},"featured_media":389,"comment_status":"open","ping_status":"closed","template":"","meta":[],"product_brand":[],"product_cat":[21],"product_tag":[],"class_list":{"0":"post-388","1":"product","2":"type-product","3":"status-publish","4":"has-post-thumbnail","6":"product_cat-buy-research-chemicals-online","8":"first","9":"instock","10":"shipping-taxable","11":"purchasable","12":"product-type-simple"},"_links":{"self":[{"href":"https:\/\/poisonshops.com\/fr\/wp-json\/wp\/v2\/product\/388","targetHints":{"allow":["GET"]}}],"collection":[{"href":"https:\/\/poisonshops.com\/fr\/wp-json\/wp\/v2\/product"}],"about":[{"href":"https:\/\/poisonshops.com\/fr\/wp-json\/wp\/v2\/types\/product"}],"replies":[{"embeddable":true,"href":"https:\/\/poisonshops.com\/fr\/wp-json\/wp\/v2\/comments?post=388"}],"wp:featuredmedia":[{"embeddable":true,"href":"https:\/\/poisonshops.com\/fr\/wp-json\/wp\/v2\/media\/389"}],"wp:attachment":[{"href":"https:\/\/poisonshops.com\/fr\/wp-json\/wp\/v2\/media?parent=388"}],"wp:term":[{"taxonomy":"product_brand","embeddable":true,"href":"https:\/\/poisonshops.com\/fr\/wp-json\/wp\/v2\/product_brand?post=388"},{"taxonomy":"product_cat","embeddable":true,"href":"https:\/\/poisonshops.com\/fr\/wp-json\/wp\/v2\/product_cat?post=388"},{"taxonomy":"product_tag","embeddable":true,"href":"https:\/\/poisonshops.com\/fr\/wp-json\/wp\/v2\/product_tag?post=388"}],"curies":[{"name":"wp","href":"https:\/\/api.w.org\/{rel}","templated":true}]}}