{"id":390,"date":"2025-11-20T11:36:50","date_gmt":"2025-11-20T11:36:50","guid":{"rendered":"https:\/\/poisonshops.com\/?post_type=product&#038;p=390"},"modified":"2025-12-26T00:39:50","modified_gmt":"2025-12-26T00:39:50","slug":"acheter-du-mercure-liquide-rouge","status":"publish","type":"product","link":"https:\/\/poisonshops.com\/fr\/produit\/acheter-du-mercure-liquide-rouge\/","title":{"rendered":"Mercure liquide rouge"},"content":{"rendered":"<h2>Mercure liquide rouge pur<\/h2>\n<p>Nous sommes un grossiste et un d\u00e9taillant de premier ordre de mercure liquide rouge. Nous fournissons du mercure liquide rouge pur 20\/20 d'excellente qualit\u00e9 en provenance des \u00c9tats-Unis, de Chine et d'Europe. Notre mercure liquide rouge 20\/20 est tr\u00e8s recherch\u00e9 par les industries du monde entier. Il s'agit d'un mercure liquide rouge 20\/20 de haute qualit\u00e9 et parfaitement compos\u00e9. Acheter du mercure liquide rouge.<\/p>\n<p>Le mercure liquide rouge est un liquide rouge cerise produit par irradiation de l'oxyde de mercure et d'antimoine avec du mercure \u00e9l\u00e9mentaire. Nous sommes sp\u00e9cialis\u00e9s dans les produits \u00e0 base de mercure depuis des d\u00e9cennies et nous comprenons parfaitement vos besoins en tant que client.<\/p>\n<h4>Qu'est-ce que le mercure liquide rouge cerise ?<\/h4>\n<p>On dit que le mercure liquide rouge est une mati\u00e8re rouge semi-liquide. On en est venu \u00e0 d\u00e9crire le mercure rouge comme ayant des propri\u00e9t\u00e9s magiques. Aujourd'hui, cependant, nous le connaissons pour sa toxicit\u00e9. Mais l'utilisation du mercure dans les rituels a persist\u00e9 dans certaines communaut\u00e9s des \u00c9tats-Unis. Vente de mercure liquide rouge.<\/p>\n<p>Le mercure rouge est un mat\u00e9riau semi-liquide rouge cerise.<br \/>\nL'intensit\u00e9 du mercure rouge est tr\u00e8s \u00e9lev\u00e9e 20,2 g\/ cm3.<br \/>\nCe liquide Hg2 Sb207 est l'\u00e9toffe des laboratoires militaires :<br \/>\nOxyde d'antimoine et de mercure<br \/>\nAutres noms : mercure liquide rouge cerise<br \/>\nFormule : Sb2O7Hg2<br \/>\nAspect : Liquide m\u00e9tallique rouge cerise<\/p>\n<h3><strong>Propri\u00e9t\u00e9s du mercure rouge<\/strong><\/h3>\n<ul>\n<li><strong>Formule mol\u00e9culaire<\/strong>: Hg2 Sb207<\/li>\n<li><strong>Type<\/strong>:  Oxyde d'antimoine Mercure rouge<\/li>\n<li><strong>Cadre<\/strong>:   Sb2O7Hg2<\/li>\n<li><strong>Qualit\u00e9<\/strong>:   Fluide, Semi liquide<\/li>\n<li><strong>La puret\u00e9<\/strong>: 99.999% (5N)<\/li>\n<li><strong>Couleur<\/strong>:  Ponceau (rouge cerise homog\u00e8ne)<\/li>\n<li><strong>vari\u00e9t\u00e9<\/strong>:\u00a0\u00a0\u00a0\u00a0 37.00016<\/li>\n<li><strong>Reliure :\u00a0\u00a0\u00a0<\/strong>\u00c9nergie : 211Kcal \/ mole<\/li>\n<li><strong>Densit\u00e9<\/strong>\u00a0:   BK-20\/20 - 20,2 gam (20,2 g\/ cm3)<\/li>\n<li><strong>Point de fusion<\/strong>:\u00a0 -37.67<\/li>\n<li><strong>Flashpoint<\/strong>: \u00a0 170.026<\/li>\n<\/ul>\n<h3>Mercure liquide rouge pur \u00e0 des prix de gros<\/h3>\n<p>L'intensit\u00e9 du mercure rouge est tr\u00e8s \u00e9lev\u00e9e, environ 20,2 g\/cm 3, ce qui est similaire \u00e0 l'intensit\u00e9 de l'Alneptinyum 237 qui n'est pas radioactif. Mercure liquide rouge \u00e0 vendre. Le mercure liquide rouge 20\/20 \u00e0 vendre est utilis\u00e9 comme solvant pour l'uranium 235 et facilite ainsi le processus de stockage de l'uranium 235 radioactif, qui peut \u00eatre facilement s\u00e9par\u00e9 du mercure liquide rouge par un processus de distillation. Il est bien connu que le mercure compte dix phosphores, dont sept sont des isotopes stables, puis instables, et que les rayons b\u00eata produisent deux \u00e9quations n\u00e9gatives, et l'un de ces isotopes pour le mercure industriel est connu sous le nom de mercure rouge. Vente de mercure liquide rouge.<\/p>\n<h3>Mercure liquide rouge \u00e0 vendre<\/h3>\n<p>Le mercure rouge est une substance dangereuse et apparemment non explosive en soi, il est utilis\u00e9 comme source de neutrons qui s'\u00e9coulent avec le contenu de la pression de la bombe atomique, le deut\u00e9rium et le tritium jusqu'au sommet de la masse critique, et lorsqu'il y a l'engin explosif produit une violente explosion accompagn\u00e9e de la destruction d'une zone avec un rayon de 600 Mtermn bombe avec une taille d'environ 500 cm 3 (environ 10 kg) o\u00f9 la Benitronat Fast zone d'inondation reste pendant environ deux jours c'est un d\u00e9veloppement strat\u00e9gique important de la bombe de neutrons.<\/p>\n<p>Le mercure rouge est \u00e9galement utilis\u00e9 pour mobiliser le plutonium et le tritium dans le rayonnement neutronique de la bombe \u00e0 neutrons o\u00f9 il d\u00e9bute.<\/p>\n<h3>Comment obtenir du mercure rouge<\/h3>\n<p>Si vous consultez Google, vous trouverez de nombreux articles sur les diff\u00e9rentes fa\u00e7ons d'obtenir du mercure rouge. Certains parlent d'acheter du mercure aupr\u00e8s de vendeurs ambulants, tandis que d'autres conseillent d'acheter le mercure en ligne. Bien qu'il soit possible d'acheter du mercure \u00e0 ces deux endroits, ce serait plus difficile, car ils exigent une identit\u00e9 et une preuve d'utilisabilit\u00e9.<\/p>\n<p>Nous sommes des fournisseurs de longue date. Lib\u00e9r\u00e9 de la bureaucratie et des preuves d'identit\u00e9, vous resterez anonyme lors des transactions gr\u00e2ce \u00e0 des technologies telles que TOR.<\/p>\n<p><img decoding=\"async\" class=\"wp-image-463 aligncenter\" src=\"https:\/\/poisonshops.com\/wp-content\/uploads\/2025\/11\/tttt-1-204x300.png\" alt=\"Magasin de poisons\" width=\"67\" height=\"98\" srcset=\"https:\/\/poisonshops.com\/wp-content\/uploads\/2025\/11\/tttt-1-204x300.png 204w, https:\/\/poisonshops.com\/wp-content\/uploads\/2025\/11\/tttt-1.png 218w\" sizes=\"(max-width: 67px) 100vw, 67px\" \/><\/p>\n<h4>Comment obtenir du mercure liquide rouge cerise ?<\/h4>\n<p>Lors de l'achat de mercure liquide rouge, il est essentiel de conna\u00eetre la forme et la qualit\u00e9 du produit que l'on ach\u00e8te. Savoir exactement ce que l'on veut acheter permet d'\u00e9viter bien des probl\u00e8mes. Le mercure rouge est un produit rare, vous trouverez une vari\u00e9t\u00e9 d'acheteurs et de vendeurs en ligne et cela peut \u00eatre d\u00e9routant lorsque vous essayez d'obtenir ce dont vous avez besoin. Acheter du mercure liquide rouge.<\/p>\n<p>Si le mercure rouge vous laisse perplexe, nous vous conseillons de faire des recherches approfondies ou de consulter un expert avant d'effectuer un achat. Un expert vous aidera \u00e0 d\u00e9terminer le prix, la valeur et tous les d\u00e9tails cruciaux que vous devez conna\u00eetre avant de faire un achat. Un expert est susceptible de conna\u00eetre les bons endroits o\u00f9 vous pouvez acheter du mercure rouge.<\/p>\n<p><img decoding=\"async\" class=\"wp-image-502 aligncenter\" src=\"https:\/\/poisonshops.com\/wp-content\/uploads\/2025\/11\/Bio-Weapons-240x300.png\" alt=\"Armes biologiques\" width=\"80\" height=\"100\" srcset=\"https:\/\/poisonshops.com\/wp-content\/uploads\/2025\/11\/Bio-Weapons-240x300.png 240w, https:\/\/poisonshops.com\/wp-content\/uploads\/2025\/11\/Bio-Weapons.png 265w\" sizes=\"(max-width: 80px) 100vw, 80px\" \/><\/p>\n<h3>O\u00f9 peut-on acheter du mercure rouge ?<\/h3>\n<p>Si vous l'avez remarqu\u00e9, le nombre de magasins qui vendent diff\u00e9rents produits augmente au fur et \u00e0 mesure que l'industrie en ligne se d\u00e9veloppe. Cela s'applique \u00e9galement \u00e0 des produits tels que le mercure. Si vous tapez \u201cmercure rouge \u00e0 vendre\u201d sur Google, vous trouverez de nombreux vendeurs en ligne qui proposent leurs services. Si vous n'avez pas l'habitude d'acheter en ligne, vous risquez d'\u00eatre submerg\u00e9 par les nombreux sites web. Le prix du mercure rouge est g\u00e9n\u00e9ralement fix\u00e9 au gramme par diff\u00e9rents fournisseurs.<\/p>\n<p><span class=\"HwtZe\" lang=\"en\"><span class=\"jCAhz ChMk0b\"><span class=\"ryNqvb\">Pour vous \u00e9viter tout cela, nous sommes des fournisseurs de mercure pr\u00e8s de chez vous, sans aucune exigence et de mani\u00e8re totalement anonyme.<\/span><\/span>\u00a0<span class=\"jCAhz ChMk0b\"><span class=\"ryNqvb\">Nous vendons tous les produits \u00e0 base de mercure dont vous avez besoin.<\/span><\/span>\u00a0<span class=\"jCAhz ChMk0b\"><span class=\"ryNqvb\">Apr\u00e8s de nombreuses ann\u00e9es sur le march\u00e9, nous comprenons tous les besoins de nos clients.<\/span><\/span>\u00a0<span class=\"jCAhz ChMk0b\"><span class=\"ryNqvb\">La plupart des clients souhaitent acheter du mercure \u00e0 un prix abordable et dans l'anonymat, et c'est ce que nous proposons.<\/span><\/span>\u00a0<span class=\"jCAhz ChMk0b\"><span class=\"ryNqvb\">Nous croyons \u00e0 la s\u00e9curit\u00e9 et \u00e0 la qualit\u00e9 et ne pouvons jamais faire de compromis \u00e0 ce sujet. Red Liquid Mercury \u00e0 vendre.<\/span><\/span><\/span><\/p>\n<h2>Acheter du mercure liquide rouge<\/h2>\n<p><img decoding=\"async\" class=\"wp-image-176 aligncenter\" src=\"https:\/\/poisonshops.com\/wp-content\/uploads\/2025\/11\/poison_shop_logo-300x171.png\" alt=\"Magasins de poisons\" width=\"135\" height=\"77\" srcset=\"https:\/\/poisonshops.com\/wp-content\/uploads\/2025\/11\/poison_shop_logo-300x171.png 300w, https:\/\/poisonshops.com\/wp-content\/uploads\/2025\/11\/poison_shop_logo.png 563w\" sizes=\"(max-width: 135px) 100vw, 135px\" \/><\/p>","protected":false},"excerpt":{"rendered":"<p>Pure red liquid mercury We are a premium wholesaler and retailer of red liquid mercury. We supply excellent quality Pure Red Liquid Mercury 20\/20 from USA, China and Europe. Our Red Liquid Mercury 20\/20 is highly sought after by industries around the world. It is a high quality and perfectly composed 20\/20 Red Liquid Mercury. [&hellip;]<\/p>\n","protected":false},"featured_media":392,"comment_status":"open","ping_status":"closed","template":"","meta":[],"product_brand":[],"product_cat":[21],"product_tag":[],"class_list":{"0":"post-390","1":"product","2":"type-product","3":"status-publish","4":"has-post-thumbnail","6":"product_cat-buy-research-chemicals-online","8":"first","9":"instock","10":"shipping-taxable","11":"purchasable","12":"product-type-simple"},"_links":{"self":[{"href":"https:\/\/poisonshops.com\/fr\/wp-json\/wp\/v2\/product\/390","targetHints":{"allow":["GET"]}}],"collection":[{"href":"https:\/\/poisonshops.com\/fr\/wp-json\/wp\/v2\/product"}],"about":[{"href":"https:\/\/poisonshops.com\/fr\/wp-json\/wp\/v2\/types\/product"}],"replies":[{"embeddable":true,"href":"https:\/\/poisonshops.com\/fr\/wp-json\/wp\/v2\/comments?post=390"}],"wp:featuredmedia":[{"embeddable":true,"href":"https:\/\/poisonshops.com\/fr\/wp-json\/wp\/v2\/media\/392"}],"wp:attachment":[{"href":"https:\/\/poisonshops.com\/fr\/wp-json\/wp\/v2\/media?parent=390"}],"wp:term":[{"taxonomy":"product_brand","embeddable":true,"href":"https:\/\/poisonshops.com\/fr\/wp-json\/wp\/v2\/product_brand?post=390"},{"taxonomy":"product_cat","embeddable":true,"href":"https:\/\/poisonshops.com\/fr\/wp-json\/wp\/v2\/product_cat?post=390"},{"taxonomy":"product_tag","embeddable":true,"href":"https:\/\/poisonshops.com\/fr\/wp-json\/wp\/v2\/product_tag?post=390"}],"curies":[{"name":"wp","href":"https:\/\/api.w.org\/{rel}","templated":true}]}}