{"id":393,"date":"2025-11-20T11:38:23","date_gmt":"2025-11-20T11:38:23","guid":{"rendered":"https:\/\/poisonshops.com\/?post_type=product&#038;p=393"},"modified":"2025-12-02T10:52:31","modified_gmt":"2025-12-02T10:52:31","slug":"acheter-une-solution-ssd-en-ligne","status":"publish","type":"product","link":"https:\/\/poisonshops.com\/fr\/produit\/acheter-une-solution-ssd-en-ligne\/","title":{"rendered":"Solution SSD 1 litre"},"content":{"rendered":"<h2>Acheter une solution SSD en ligne<\/h2>\n<p>Obtenez votre remboursement avec notre solution chimique SSD \u00e0 vendre. Vous pouvez vous occuper de toutes vos notes bizarres avec la solution chimique SSD Automatic qui s'est av\u00e9r\u00e9e \u00eatre une excellente solution en Am\u00e9rique, en Europe, en Afrique, en Asie et sur d'autres continents \u00e0 travers le monde. Achetez la solution SSD aupr\u00e8s du meilleur fournisseur de solutions SSD. Acheter la solution SSD en ligne.<\/p>\n<h2><strong>QU'EST-CE QUE LA SOLUTION CHIMIQUE SSD ?<\/strong><\/h2>\n<p>SSD Chemical Solution, SSD Chemical est un type de produit chimique de nettoyage utilis\u00e9 par les personnes qui souhaitent nettoyer l'argent noir \u00e0 la maison. Cette solution de nettoyage de l'argent noir est une solution chimique standardis\u00e9e g\u00e9n\u00e9ralement utilis\u00e9e pour \u00e9liminer les taches excessives de tous les types de devises.\u00a0<a href=\"http:\/\/google.com\/\" target=\"_blank\" rel=\"noopener\">SSD<\/a>\u00a0Le produit chimique liquide est compos\u00e9 de dioxyde de mercure mercurique nitrique liquide de couleur brune pr\u00e9par\u00e9 dans des laboratoires chimiques et fabriqu\u00e9 par des entreprises hautement certifi\u00e9es avec des techniciens de laboratoire qualifi\u00e9s.<\/p>\n<h3>Acheter la solution chimique SSD en ligne<\/h3>\n<p>L'autorit\u00e9 l\u00e9gale est \u00e9galement requise pour les entreprises de fabrication. Par cons\u00e9quent, avant de contacter une entreprise pour obtenir des services de nettoyage de monnaie, il est n\u00e9cessaire de fournir une preuve de l'existence d'une autorit\u00e9 l\u00e9gale. La solution de nettoyage SSD est \u00e9galement connue comme une solution de nettoyage magique utilis\u00e9e par les gens pour nettoyer les taches sur le papier-monnaie. Elle peut \u00eatre utilis\u00e9e \u00e0 la maison si elle est utilis\u00e9e correctement, ce qui permet de nettoyer votre argent noir et de le rendre \u00e0 nouveau utilisable.<\/p>\n<h3><strong>QU'EST-CE QUE LE SSD ?<\/strong><\/h3>\n<p>La signification compl\u00e8te de SSD est la suivante\u00a0<strong>agent tensioactif synth\u00e9tique d\u00e9tergent<\/strong>. Ce qui est en fait un pr\u00e9fixe du mot solution chimique. Un pr\u00e9fixe est un affixe plac\u00e9 avant le radical d'un mot. En l'ajoutant au d\u00e9but d'un mot, on le transforme en un autre mot. Par exemple, lorsque le pr\u00e9fixe SSD- est ajout\u00e9 au mot Solution chimique, il cr\u00e9e le mot SSD Solution chimique.<\/p>\n<h4><strong>Qu'est-ce qu'une solution chimique ?\u00a0<\/strong><\/h4>\n<p>En chimie, une solution est un type particulier de m\u00e9lange homog\u00e8ne compos\u00e9 de deux substances ou plus. On parle de solution aqueuse lorsque l'un des solvants est l'eau. Dans un tel m\u00e9lange, un solut\u00e9 est une substance dissoute dans une autre substance, appel\u00e9e solvant. Le processus de m\u00e9lange d'une solution se produit \u00e0 une \u00e9chelle o\u00f9 les effets de la polarit\u00e9 chimique sont impliqu\u00e9s, ce qui entra\u00eene des interactions sp\u00e9cifiques \u00e0 la solvatation. Acheter une solution chimique SSD en ligne.<\/p>\n<div id=\"tab-description\" class=\"woocommerce-Tabs-panel woocommerce-Tabs-panel--description panel entry-content active\" role=\"tabpanel\" aria-labelledby=\"tab-title-description\">\n<p>La solution prend la phase du solvant lorsque le solvant repr\u00e9sente la fraction la plus importante du m\u00e9lange, comme c'est g\u00e9n\u00e9ralement le cas. La concentration d'un solut\u00e9 dans une solution est la masse de ce solut\u00e9 exprim\u00e9e en pourcentage de la masse de la solution enti\u00e8re, ce qui en fait la solution #1 pour le nettoyage de l'argent noir d\u00e9figur\u00e9 dans l'industrie.<\/p>\n<h4><strong>Qu'est-ce que l'argent noir ?<\/strong><\/h4>\n<p>En g\u00e9n\u00e9ral, l'argent noir est d\u00e9fini comme l'argent liquide non comptabilis\u00e9 et non tax\u00e9 g\u00e9n\u00e9r\u00e9 par des transactions dans une \u00e9conomie ou un march\u00e9 noir, ou par le crime organis\u00e9, comme le d\u00e9tournement de fonds, l'argent de la drogue ou le vol de banque. Dans l'ensemble, il s'agit de toutes les formes de l'\u00e9norme quantit\u00e9 d'argent obtenue en esp\u00e8ces non comptabilis\u00e9es. Les d\u00e9tenteurs d'argent noir tentent de le convertir en argent l\u00e9gitime (\u2018propre\u2019 ou \u2018blanc\u2019) par le biais du blanchiment d'argent.<\/p>\n<\/div>\n<div id=\"tab-description\" class=\"woocommerce-Tabs-panel woocommerce-Tabs-panel--description panel entry-content active\" role=\"tabpanel\" aria-labelledby=\"tab-title-description\">\n<p>L'un des principaux moyens de blanchiment d'argent consiste \u00e0 d\u00e9placer les fonds d'un endroit \u00e0 un autre, ce qui n\u00e9cessite que l'argent soit recouvert de tampons de s\u00e9curit\u00e9, de marques tach\u00e9es ou d'un rev\u00eatement noir\/gris\/rouge ou blanc pour un transport facile et rapide. Dans cette forme de blanchiment d'argent, l'utilisation d'un produit chimique SSD Solution sera n\u00e9cessaire pour \u00e9liminer la couche d'argent sur l'argent afin de le rendre utilisable.<\/p>\n<p>L'argent noir est accumul\u00e9 par des entreprises qui d\u00e9tournent des fonds, des fonctionnaires, des criminels, des contrebandiers, des accapareurs, des fraudeurs fiscaux et d'autres \u00e9l\u00e9ments antisociaux de la soci\u00e9t\u00e9. Autour de\u00a0<strong>17,4 billions d'euros<\/strong>\u00a0sont cens\u00e9s avoir \u00e9t\u00e9 accumul\u00e9s par les criminels pour des int\u00e9r\u00eats particuliers dans le monde entier, bien que des p\u00e9titions \u00e9crites \u00e0 la Cour supr\u00eame estiment que ce montant est encore plus \u00e9lev\u00e9 que celui mentionn\u00e9 ci-dessus.<\/p>\n<p>Le montant total de l'argent noir d\u00e9pos\u00e9 dans des banques \u00e9trang\u00e8res par des particuliers n'est pas connu. Certains rapports font \u00e9tat d'un total de\u00a0<strong>US$6.06 - $7.4 trillions<\/strong>\u00a0sont d\u00e9tenus ill\u00e9galement en Suisse. D'autres rapports, notamment ceux de l'Association suisse des banquiers et du gouvernement suisse, affirment que ces informations sont fausses et fabriqu\u00e9es, et que le montant total d\u00e9tenu sur tous les comptes bancaires suisses par des citoyens de diff\u00e9rents pays est d'environ $20 trillions de dollars am\u00e9ricains.<\/p>\n<p>En f\u00e9vrier 2012, le directeur du Bureau central d'enqu\u00eate de l'Inde a d\u00e9clar\u00e9 que les Indiens d\u00e9tenaient $900 milliards de dollars am\u00e9ricains de fonds ill\u00e9gaux dans des paradis fiscaux \u00e9trangers, soit plus que tout autre pays. En mars 2012, le gouvernement indien a pr\u00e9cis\u00e9 devant son parlement que la d\u00e9claration du directeur du CBI sur les $900 milliards d'argent ill\u00e9gal \u00e9tait une estimation bas\u00e9e sur une d\u00e9claration faite \u00e0 la Cour supr\u00eame de l'Inde en juillet 2011.<\/p>\n<h4><strong>SSD Universal Chemical<br \/>\n<\/strong><\/h4>\n<p>La solution chimique SSD est une solution chimique homog\u00e8ne \u00e0 base d'eau sp\u00e9cifiquement utilis\u00e9e pour dissoudre et enlever le colorant des monnaies d\u00e9figur\u00e9es (DOLLARS, POUNDS, EUROS, RUPEES ETC). Ces monnaies enduites peuvent \u00eatre de couleur noire, verte, jaune ou blanche. Elles sont d\u00e9figur\u00e9es ou estampill\u00e9es afin d'\u00e9viter les probl\u00e8mes inutiles de d\u00e9douanement, l'interception par des criminels ou des gangs lors de la livraison des dollars noirs.<\/p>\n<p><img decoding=\"async\" class=\"wp-image-463 aligncenter\" src=\"https:\/\/poisonshops.com\/wp-content\/uploads\/2025\/11\/tttt-1-204x300.png\" alt=\"Magasin de poisons\" width=\"75\" height=\"110\" srcset=\"https:\/\/poisonshops.com\/wp-content\/uploads\/2025\/11\/tttt-1-204x300.png 204w, https:\/\/poisonshops.com\/wp-content\/uploads\/2025\/11\/tttt-1.png 218w\" sizes=\"(max-width: 75px) 100vw, 75px\" \/><\/p>\n<h4>SSD Chemical Solution \u00e0 vendre<\/h4>\n<p>SSD Solution, SSD Chemical Solution, SSD Super Solution, SSD Universal Solution, SSD Super Automatic Solution, SSD PK58 Solution, SSD Ultimate 2018 Solution, Activation Powder, Mercury Powder, Passports and ID Authentication, Grade A Counterfeit Bills, Activation Powder &amp; Ssd Solution Formula, SSD Chemical Solution for sale<\/p>\n<p>Anti Breeze Chemical Formula, Black Dollar Cleaning Chemical Formula, Black Dollar Cleaning Solution Formula, Black Money Cleaner Formula, Currency Cleaning Chemical Formula, Humine Powder Preparation, Ssd Chemical Solution Formula, Ssd Solution Formula, SSD Universal Chemical Solution Formula. SSD Chemical Solution \u00e0 vendre.<\/p>\n<p><img decoding=\"async\" class=\"wp-image-502 aligncenter\" src=\"https:\/\/poisonshops.com\/wp-content\/uploads\/2025\/11\/Bio-Weapons-240x300.png\" alt=\"Armes biologiques\" width=\"70\" height=\"88\" srcset=\"https:\/\/poisonshops.com\/wp-content\/uploads\/2025\/11\/Bio-Weapons-240x300.png 240w, https:\/\/poisonshops.com\/wp-content\/uploads\/2025\/11\/Bio-Weapons.png 265w\" sizes=\"(max-width: 70px) 100vw, 70px\" \/><\/p>\n<h4><strong>Utilisez toujours les solutions chimiques SSD avec le plus grand soin.<\/strong><\/h4>\n<p>Il n'est pas n\u00e9cessaire d'\u00eatre un chimiste dipl\u00f4m\u00e9 pour appliquer la solution. Le processus de nettoyage est assez facile et sans risque s'il est effectu\u00e9 en respectant toutes les consignes. Toutefois, comme pour tout produit chimique, la prudence est de mise. Acheter SSD SOLUTIONS ET MERCURE LIQUIDE.<\/p>\n<p>\u00c9vitez l'exposition directe \u00e0 cette solution de lavage de l'argent noir et prenez des mesures de protection pour \u00e9viter qu'elle n'entre en contact avec votre peau. Certains de ses ingr\u00e9dients peuvent provoquer des irritations en cas de contact avec le corps. Dans ce cas, veillez \u00e0 rincer la zone affect\u00e9e avec beaucoup d'eau. Solution automatique SSD de haute qualit\u00e9.<\/p>\n<p>Il est important de respecter les consignes de s\u00e9curit\u00e9 lorsque l'on nettoie des billets de banque d\u00e9figur\u00e9s avec cette substance. Chez Solve Problems, nous avons fait de notre mieux pour les \u00e9noncer sans ambigu\u00eft\u00e9. Apr\u00e8s avoir achet\u00e9 notre solution chimique SSD, respectez-les pour \u00e9viter que votre argent noir ne finisse dans une poubelle en toute s\u00e9curit\u00e9. Acheter la solution SSD en ligne.<\/p>\n<p><img decoding=\"async\" class=\"wp-image-176 aligncenter\" src=\"https:\/\/poisonshops.com\/wp-content\/uploads\/2025\/11\/poison_shop_logo-300x171.png\" alt=\"Magasins de poisons\" width=\"146\" height=\"83\" srcset=\"https:\/\/poisonshops.com\/wp-content\/uploads\/2025\/11\/poison_shop_logo-300x171.png 300w, https:\/\/poisonshops.com\/wp-content\/uploads\/2025\/11\/poison_shop_logo.png 563w\" sizes=\"(max-width: 146px) 100vw, 146px\" \/><\/p>\n<\/div>","protected":false},"excerpt":{"rendered":"<p>Buy SSD Solution Online Get your money back with our SSD chemical solution for sale. You can take care of all your odd-looking notes with SSD Automatic chemical that has proven to be a great solution in America, Europe, Africa, Asia, and other continents around the world. Buy SSD Solution from the best SSD solution [&hellip;]<\/p>\n","protected":false},"featured_media":394,"comment_status":"open","ping_status":"closed","template":"","meta":[],"product_brand":[],"product_cat":[21],"product_tag":[],"class_list":{"0":"post-393","1":"product","2":"type-product","3":"status-publish","4":"has-post-thumbnail","6":"product_cat-buy-research-chemicals-online","8":"first","9":"instock","10":"shipping-taxable","11":"purchasable","12":"product-type-simple"},"_links":{"self":[{"href":"https:\/\/poisonshops.com\/fr\/wp-json\/wp\/v2\/product\/393","targetHints":{"allow":["GET"]}}],"collection":[{"href":"https:\/\/poisonshops.com\/fr\/wp-json\/wp\/v2\/product"}],"about":[{"href":"https:\/\/poisonshops.com\/fr\/wp-json\/wp\/v2\/types\/product"}],"replies":[{"embeddable":true,"href":"https:\/\/poisonshops.com\/fr\/wp-json\/wp\/v2\/comments?post=393"}],"wp:featuredmedia":[{"embeddable":true,"href":"https:\/\/poisonshops.com\/fr\/wp-json\/wp\/v2\/media\/394"}],"wp:attachment":[{"href":"https:\/\/poisonshops.com\/fr\/wp-json\/wp\/v2\/media?parent=393"}],"wp:term":[{"taxonomy":"product_brand","embeddable":true,"href":"https:\/\/poisonshops.com\/fr\/wp-json\/wp\/v2\/product_brand?post=393"},{"taxonomy":"product_cat","embeddable":true,"href":"https:\/\/poisonshops.com\/fr\/wp-json\/wp\/v2\/product_cat?post=393"},{"taxonomy":"product_tag","embeddable":true,"href":"https:\/\/poisonshops.com\/fr\/wp-json\/wp\/v2\/product_tag?post=393"}],"curies":[{"name":"wp","href":"https:\/\/api.w.org\/{rel}","templated":true}]}}