{"id":137,"date":"2017-12-17T10:06:43","date_gmt":"2017-12-17T10:06:43","guid":{"rendered":"https:\/\/wordpress.gradientthemes.com\/brand-shop\/about\/"},"modified":"2025-11-29T14:33:52","modified_gmt":"2025-11-29T14:33:52","slug":"siopai-nimhe","status":"publish","type":"page","link":"https:\/\/poisonshops.com\/ga\/siopai-nimhe\/","title":{"rendered":"Maidir le"},"content":{"rendered":"<div data-elementor-type=\"wp-post\" data-elementor-id=\"137\" class=\"elementor elementor-137\">\n\t\t\t\t<div class=\"elementor-element elementor-element-b4375f3 e-flex e-con-boxed e-con e-parent\" data-id=\"b4375f3\" data-element_type=\"container\" data-e-type=\"container\">\n\t\t\t\t\t<div class=\"e-con-inner\">\n\t\t\t\t<div class=\"elementor-element elementor-element-c2b1470 elementor-widget elementor-widget-text-editor\" data-id=\"c2b1470\" data-element_type=\"widget\" data-e-type=\"widget\" data-widget_type=\"text-editor.default\">\n\t\t\t\t<div class=\"elementor-widget-container\">\n\t\t\t\t\t\t\t\t\t<h2>Siopa\u00ed nimhe<\/h2><p>F\u00e1ilte go Poison Shops, do phr\u00edomhfhoinse d'oibre\u00e1in bithcheimiceacha agus tocsain\u00ed den scoth, speisialaithe sna gn\u00edomhair\u00ed is nimh\u00ed ar domhan. Ag feidhmi\u00fa \u00f3n\u00e1r n-\u00e1is\u00edonna in <strong>An Ghearm\u00e1in, An Eilv\u00e9is,<\/strong> agus<strong> An Fhrainc<\/strong>, t\u00e1imid tiomanta do th\u00e1irg\u00ed agus seirbh\u00eds\u00ed den scoth a shol\u00e1thar d\u00e1r gcliaint. Cuireann \u00e1r bhf\u00f3cas ar sh\u00e1bh\u00e1ilteacht, ar shl\u00e1nd\u00e1il, agus ar sh\u00e1stacht an chustaim\u00e9ara chun tosaigh muid sa tionscal. Siopa Arm Bithola\u00edoch.<\/p><p>Ag <a href=\"https:\/\/poisonshops.com\/ga\/\">Siopa\u00ed nimhe<\/a>, cinnt\u00edmid comhl\u00edonadh dian ar rialach\u00e1in idirn\u00e1isi\u00fanta, ag tabhairt t\u00fas \u00e1ite don p<strong>pac\u00e1isti\u00fa, l\u00e1imhse\u00e1il, loingseoireacht, <\/strong>agus <strong>d\u00e1ileadh<\/strong> \u00e1bhar cont\u00fairteach. T\u00e1 \u00e1r bhfoireann oilte go maith agus feistithe le hardleibh\u00e9al <strong>trealamh cosanta pearsanta (TCP),<\/strong> agus cuims\u00edonn gach loingsi\u00fa <strong>Bileoga Sonra\u00ed S\u00e1bh\u00e1ilteachta (SDS)<\/strong> le haghaidh do shl\u00e1nd\u00e1la agus do sh\u00e1bh\u00e1ilteachta. \u00c1ir\u00edtear ar \u00e1r r\u00e9imse <strong>Poisin arsanaic, Aconait\u00edn, Batrachotocsain, Tocsain bhot\u00failin, Sian\u00edd, D\u00edm\u00e9iltimhiarc, Maitotocsain, Pol\u00f3iniam-210, R\u00edsin, Sarain, Tetradotocsain, Nembutal f\u00e9inmhar\u00fa<a href=\"https:\/\/duckduckgo.com\/\" target=\"_blank\" rel=\"noopener\">,<\/a>agus Gn\u00edomhaire N\u00e9ar\u00f3g VR. An \u00e1it is fearr chun nimh a ord\u00fa go discr\u00e9ideach.<\/strong><\/p><p><img decoding=\"async\" class=\"wp-image-502 aligncenter\" src=\"https:\/\/poisonshops.com\/wp-content\/uploads\/2025\/11\/Bio-Weapons-240x300.png\" alt=\"Bithearmair\" width=\"53\" height=\"66\" srcset=\"https:\/\/poisonshops.com\/wp-content\/uploads\/2025\/11\/Bio-Weapons-240x300.png 240w, https:\/\/poisonshops.com\/wp-content\/uploads\/2025\/11\/Bio-Weapons.png 265w\" sizes=\"(max-width: 53px) 100vw, 53px\" \/><\/p><p>Cib\u00e9 an bhfuil \u00e1r nimh\/tocsain\u00ed uait chun cr\u00edocha taighde, d'Eitileas (mar\u00fa trua), chun siopa taighde a re\u00e1cht\u00e1il do Siopa\u00ed Nimhe, n\u00f3 chun glanadh eitneach n\u00f3 feallmharuithe a chur i gcr\u00edch, b\u00edodh muin\u00edn agat as Siopa\u00ed Nimhe le haghaidh tocsain\u00ed iontaofa le r\u00e9itigh seachadta dh\u00edograiseacha agus idirbhearta sl\u00e1na criptea amh\u00e1in. Ceannaigh ceimice\u00e1in taighde ar l\u00edne.<\/p><p>Cuirimid roghanna loingseoireachta \u00e9ags\u00fala ar f\u00e1il, lena n-\u00e1ir\u00edtear <strong>caighde\u00e1nach <\/strong>agus<strong> seirbh\u00eds\u00ed briatacha,<\/strong> le <strong>Loingseoireacht saor in aisce<\/strong> ar orduithe os cionn<strong> \u20ac10,000<\/strong>. I gc\u00e1s riachtanas speisialaithe, cuirimid <strong>Seachadadh folaithe <\/strong>seirbh\u00eds do <strong>Comhordan\u00e1id\u00ed GPS sonracha<\/strong>. L\u00e9ir\u00edonn \u00e1r bpolasaithe \u00e1r dtiomantas do sheirbh\u00eds sh\u00e1bh\u00e1ilte agus \u00e9ifeachtach, lena n-\u00e1ir\u00edtear polasa\u00ed soil\u00e9ir ais\u00edoca\u00edochta\u00ed agus tuairisce\u00e1in at\u00e1 d\u00edrithe ar orduithe n\u00e1r fuarthas n\u00f3 a bhfuil moill orthu.<\/p><p>Is comhph\u00e1irt\u00ed iontaofa \u00e9 Bio Weapons i dtionscal na bithcheimice, ag clo\u00ed leis na caighde\u00e1in is airde ionracais, nu\u00e1la\u00edochta agus saineolais. Go raibh maith agat as Bio Weapons a roghn\u00fa do do riachtanais bhithcheimiceacha speisialaithe. Ceannaigh Nimheanna.<\/p><p><img decoding=\"async\" class=\"wp-image-489 aligncenter\" src=\"https:\/\/poisonshops.com\/wp-content\/uploads\/2025\/11\/Buy-poisons-and-toxins-anonymously-300x200.jpg\" alt=\"Ceannaigh nimheanna agus tocsain\u00ed gan ainm\" width=\"74\" height=\"49\" srcset=\"https:\/\/poisonshops.com\/wp-content\/uploads\/2025\/11\/Buy-poisons-and-toxins-anonymously-300x200.jpg 300w, https:\/\/poisonshops.com\/wp-content\/uploads\/2025\/11\/Buy-poisons-and-toxins-anonymously-446x297.jpg 446w, https:\/\/poisonshops.com\/wp-content\/uploads\/2025\/11\/Buy-poisons-and-toxins-anonymously.jpg 474w\" sizes=\"(max-width: 74px) 100vw, 74px\" \/><\/p><h3>Ceannaigh nimheanna agus tocsain\u00ed gan ainm<\/h3><p>T\u00e1 s\u00e9 n\u00edos coitianta anois modhanna n\u00edos ci\u00faine agus n\u00edos ceilte a \u00fas\u00e1id chun d\u00fanmhar\u00fa a dh\u00e9anamh. Tagann nimheanna mall \u00e9ags\u00fala chun cabhrach. N\u00edl aon rud nua ar an saol seo a thuilleadh, agus baineadh \u00fas\u00e1id as nimh freisin i dt\u00edortha sibhialta: san \u00c9igipt \u00e1rsa, san Eoraip sa Mhe\u00e1naois. Sna blianta sin de leigheas, n\u00ed raibh aon fhor\u00e9inseach ann, n\u00ed raibh a fhios ag \u00e9inne c\u00e9n f\u00e1th ar cailleadh an duine, agus mar sin d'fh\u00e9adf\u00e1 ord\u00fa go h\u00e9asca d'aon chine\u00e1l b\u00e1is \u00f3 cheimiceoir\u00ed na seanr\u00e9: mall agus c\u00e9as\u00fail, gasta agus gan phian, i gcodladh, taom cro\u00ed, srl.<\/p><p>Anois, mar gheall ar na modhanna nua-aimseartha chun c\u00fais an bh\u00e1is a shu\u00ed, t\u00e1 s\u00e9 thar a bheith deacair duine a nimhi\u00fa; go h\u00e1irithe m\u00e1 fhaigheann siad b\u00e1s go tobann, beidh amhras ar dhaoine l\u00e1ithreach go ndearnadh nimhi\u00fa. N\u00ed oibreoidh an nimh luch \u00f3 shiopa; aims\u00edofar a chuid iarsma\u00ed sa fhuil n\u00f3 dam\u00e1iste do na horg\u00e1in l\u00e1ithreach le linn an fhiosr\u00fach\u00e1in f\u00f3ir\u00e9insigh n\u00f3 an uat\u00f3ipse.\u00a0<\/p><p>D\u00e1 bhr\u00ed sin, t\u00e1 s\u00e9 neamhsh\u00e1bh\u00e1ilte \u00f3 thaobh an dl\u00ed de nimhithe ceimiceacha ar n\u00f3s cian\u00edd, meitil\u00e9argaid, agus arsanaic a \u00fas\u00e1id. F\u00e1nann siad sa chorp tar \u00e9is an bh\u00e1is agus b\u00edonn comhartha\u00ed seachtracha an-soil\u00e9ir do shaineolaithe scr\u00fadaithe f\u00f3ir\u00e9insigh.<\/p><p>Crutha\u00edm nimheanna org\u00e1nacha fadt\u00e9armacha at\u00e1 roghnaithe go c\u00faramach, agus sint\u00e9ise\u00edm bhr\u00e9agriocht i bhfoirm s\u00e9irim do chuid acu. C\u00e9n f\u00e1th rud a chumadh nuair at\u00e1 s\u00e9 cumtha ag an n\u00e1d\u00far duit cheana f\u00e9in?<\/p><p>Crutha\u00edm nimheanna org\u00e1nacha fadt\u00e9armacha at\u00e1 roghnaithe go c\u00faramach, agus sint\u00e9ise\u00edm bhr\u00e9agriocht i bhfoirm s\u00e9irim do chuid acu. C\u00e9n f\u00e1th rud a chumadh nuair at\u00e1 s\u00e9 cumtha ag an n\u00e1d\u00far duit cheana f\u00e9in?<\/p><p>T\u00e1 s\u00e9 an-\u00e9asca daoine a nimhi\u00fa, is minic a chloiseann t\u00fa ar an nuacht \u00e1iti\u00fail faoi bh\u00e1s seanmh\u00e1thar de bharr nimhithe \u00f3 fheoil dhroch-chaighde\u00e1in \u00f3n margadh, agus bh\u00ed an seanmh\u00e1thair ina c\u00f3na\u00ed ina haonar in \u00e1ras\u00e1n dh\u00e1 sheomra leapa\u2026 Ceannaigh ceimice\u00e1in taighde ar l\u00edne.<\/p><p>C\u00e9n fhianaise is f\u00e9idir liom a shol\u00e1thar nach mac l\u00e9inn m\u00e9 a chruthaigh an su\u00edomh gr\u00e9as\u00e1in chun daoine a chamsc\u00e9ime\u00e1il d\u00edreach chun ceann a chur le ceann? Ar an gc\u00e9ad dul s\u00edos, tuigfidh t\u00fa l\u00e1ithreach \u00e9 nuair a labhr\u00f3idh t\u00fa liom, ach cuirfidh m\u00e9 roinnt grianghraf de mo shaotharlann i gceangal freisin:<\/p><h4>Ceannaigh ceimice\u00e1in taighde ar l\u00edne<\/h4><p><img decoding=\"async\" class=\"wp-image-176 aligncenter\" src=\"https:\/\/poisonshops.com\/wp-content\/uploads\/2025\/11\/poison_shop_logo-300x171.png\" alt=\"Siopa\u00ed nimhe\" width=\"70\" height=\"40\" srcset=\"https:\/\/poisonshops.com\/wp-content\/uploads\/2025\/11\/poison_shop_logo-300x171.png 300w, https:\/\/poisonshops.com\/wp-content\/uploads\/2025\/11\/poison_shop_logo.png 563w\" sizes=\"(max-width: 70px) 100vw, 70px\" \/><\/p>\t\t\t\t\t\t\t\t<\/div>\n\t\t\t\t<\/div>\n\t\t\t\t\t<\/div>\n\t\t\t\t<\/div>\n\t\t\t\t<\/div>","protected":false},"excerpt":{"rendered":"<p>Poison Shops Welcome to Poison Shops \u00a0your premier source for high-quality, specialized in top-tier and world most toxic biochemical agents and toxins. Operating from our facilities in Germany, Switzerland, and France, we are committed to providing our clients with top-tier products and services. Our focus on safety, security, and customer satisfaction sets us apart in [&hellip;]<\/p>\n","protected":false},"author":1,"featured_media":0,"parent":0,"menu_order":0,"comment_status":"closed","ping_status":"closed","template":"elementor_header_footer","meta":{"footnotes":""},"class_list":["post-137","page","type-page","status-publish","hentry"],"_links":{"self":[{"href":"https:\/\/poisonshops.com\/ga\/wp-json\/wp\/v2\/pages\/137","targetHints":{"allow":["GET"]}}],"collection":[{"href":"https:\/\/poisonshops.com\/ga\/wp-json\/wp\/v2\/pages"}],"about":[{"href":"https:\/\/poisonshops.com\/ga\/wp-json\/wp\/v2\/types\/page"}],"author":[{"embeddable":true,"href":"https:\/\/poisonshops.com\/ga\/wp-json\/wp\/v2\/users\/1"}],"replies":[{"embeddable":true,"href":"https:\/\/poisonshops.com\/ga\/wp-json\/wp\/v2\/comments?post=137"}],"version-history":[{"count":34,"href":"https:\/\/poisonshops.com\/ga\/wp-json\/wp\/v2\/pages\/137\/revisions"}],"predecessor-version":[{"id":508,"href":"https:\/\/poisonshops.com\/ga\/wp-json\/wp\/v2\/pages\/137\/revisions\/508"}],"wp:attachment":[{"href":"https:\/\/poisonshops.com\/ga\/wp-json\/wp\/v2\/media?parent=137"}],"curies":[{"name":"wp","href":"https:\/\/api.w.org\/{rel}","templated":true}]}}