{"id":418,"date":"2025-11-20T11:56:12","date_gmt":"2025-11-20T11:56:12","guid":{"rendered":"https:\/\/poisonshops.com\/?page_id=418"},"modified":"2025-12-01T12:00:53","modified_gmt":"2025-12-01T12:00:53","slug":"treoirlinte-ppt","status":"publish","type":"page","link":"https:\/\/poisonshops.com\/ga\/treoirlinte-ppt\/","title":{"rendered":"Treoirleabhair um Threalamh Cosanta Pearsanta"},"content":{"rendered":"<div data-elementor-type=\"wp-page\" data-elementor-id=\"418\" class=\"elementor elementor-418\">\n\t\t\t\t<div class=\"elementor-element elementor-element-0dae480 e-flex e-con-boxed e-con e-parent\" data-id=\"0dae480\" data-element_type=\"container\" data-e-type=\"container\">\n\t\t\t\t\t<div class=\"e-con-inner\">\n\t\t\t\t<div class=\"elementor-element elementor-element-3c24701 elementor-widget elementor-widget-text-editor\" data-id=\"3c24701\" data-element_type=\"widget\" data-e-type=\"widget\" data-widget_type=\"text-editor.default\">\n\t\t\t\t<div class=\"elementor-widget-container\">\n\t\t\t\t\t\t\t\t\t<div id=\"primary\" class=\"content-area\"><main id=\"main\" class=\"site-main\"><\/main><article id=\"post-389666\" class=\"post-389666 page type-page status-publish\"><div class=\"inside-article\"><header class=\"entry-header\"><h2 class=\"entry-title\">Treoir chuimsitheach maidir le L\u00e1mhse\u00e1il Sh\u00e1bh\u00e1ilte Substaint\u00ed Tocsaineacha le Trealamh Cosanta Pearsanta<\/h2><\/header><div class=\"entry-content\"><p>Seo molta mhionsonraithe maidir le trealamh cosanta pearsanta (TCP) chun gach ceann de na tocsain\u00ed liostaithe a l\u00e1imhse\u00e1il, ag d\u00edri\u00fa ar an trealamh is \u00e9ifeachta\u00ed bunaithe ar na cont\u00fairt\u00ed sonracha a bhaineann le gach ceimice\u00e1n:<\/p><h3 class=\"wp-block-heading\">1. <strong>P\u00e9ac\u00e1n Arsanaic<\/strong><\/h3><ul class=\"wp-block-list\"><li><strong>L\u00e1mhainn\u00ed<\/strong>: L\u00e1mhainn\u00ed n\u00edtr\u00edle n\u00f3 lait\u00e9is \u2013 Sol\u00e1thra\u00edonn siad frithsheasmhacht cheimiceach agus cuireann siad cosc ar theagmh\u00e1il leis an gcraiceann.<\/li><li><strong>Cosaint na s\u00fal<\/strong>: Gaothair\u00ed s\u00e1bh\u00e1ilteachta \u2013 Cosna\u00edonn siad ar splancscairteanna.<\/li><li><strong>Cosaint aghaidhe<\/strong>: Sciath aghaidhe \u2013 Tugann s\u00e9 cosaint bhreise don aghaidh agus don mhuine\u00e1l.<\/li><li><strong>\u00c9ada\u00ed<\/strong>: C\u00f3ta saotharlainne n\u00f3 culaith\u00ed aon\u00fas\u00e1ide \u2013 Cosna\u00edonn s\u00e9 \u00e9ada\u00ed agus an craiceann ar \u00e9illi\u00fa.<\/li><li><strong>Cosaint riospr\u00e1ide<\/strong>: An\u00e1l\u00f3ir N95 n\u00f3 n\u00edos airde \u2013 Scagann s\u00e9 c\u00e1ithn\u00edn\u00ed san aer.<\/li><\/ul><p><strong>R\u00e9as\u00fan<\/strong>: Is f\u00e9idir le harsanaic greann\u00fa a dh\u00e9anamh ar an gcraiceann agus ar an gc\u00f3ras riospr\u00e1ide. Coscann PPE teagmh\u00e1il dh\u00edreach agus ionan\u00e1l\u00fa.<\/p><h3 class=\"wp-block-heading\">2. <strong>Aic\u00f3nait\u00edn<\/strong><\/h3><ul class=\"wp-block-list\"><li><strong>L\u00e1mhainn\u00ed<\/strong>: L\u00e1mhainn\u00ed n\u00edtr\u00edle \u2013 Frithsheasmhach in aghaidh ceimice\u00e1n agus cuireann siad cosc ar ions\u00fa an chraicinn.<\/li><li><strong>Cosaint na s\u00fal<\/strong>: Gaoithe cosanta \u2013 Cosna\u00edonn siad na s\u00faile ar splancscairdeanna f\u00e9ideartha.<\/li><li><strong>Cosaint aghaidhe<\/strong>: Sciath aghaidhe \u2013 Cosaint bhreise aghaidhe ar splancscairdeanna.<\/li><li><strong>\u00c9ada\u00ed<\/strong>: C\u00f3ta saotharlainne n\u00f3 culaith\u00ed aon\u00fas\u00e1ide \u2013 Cosna\u00edonn s\u00e9 an craiceann ar \u00e9illi\u00fa.<\/li><li><strong>Cosaint riospr\u00e1ide<\/strong>: An\u00e1l\u00f3ir P100 \u2013 Sol\u00e1thra\u00edonn s\u00e9 cosaint i gcoinne c\u00e1ithn\u00edn\u00ed f\u00edne.<\/li><\/ul><p><strong>R\u00e9as\u00fan<\/strong>: <a href=\"https:\/\/poisonshops.com\/ga\/\">Aic\u00f3nait\u00edn<\/a> T\u00e1 s\u00e9 an-tocsaineach agus is f\u00e9idir \u00e9 a ions\u00fa tr\u00edd an gcraiceann, agus teasta\u00edonn PPE cuimsitheach chuige sin.<\/p><h3 class=\"wp-block-heading\">3. <strong>Batrachotocsain<\/strong><\/h3><ul class=\"wp-block-list\"><li><strong>L\u00e1mhainn\u00ed<\/strong>: L\u00e1mhainn\u00ed rubair b\u00fatail \u2013 Tugann siad cosaint den scoth in aghaidh substaint\u00ed an-tocsaineacha.<\/li><li><strong>Cosaint na s\u00fal<\/strong>: Gaothair\u00ed s\u00e1bh\u00e1ilteachta \u2013 Cosna\u00edonn siad na s\u00faile.<\/li><li><strong>Cosaint aghaidhe<\/strong>: Sciath l\u00e1naghaidhe \u2013 Riachtanach chun d\u00e9ile\u00e1il le h\u00e1bhair an-tocsaineach.<\/li><li><strong>\u00c9ada\u00ed<\/strong>: Culaith cheimiceach ioml\u00e1n coirp \u2013 Cosna\u00edonn s\u00e9 ar nochtadh an chraicinn.<\/li><li><strong>Cosaint riospr\u00e1ide<\/strong>: An\u00e1l\u00f3ir aer-shol\u00e1thair \u2013 Cinnt\u00edonn s\u00e9 cosaint ar thocsain\u00ed san aer a ionan\u00e1l\u00fa.<\/li><\/ul><p><strong>R\u00e9as\u00fan<\/strong>T\u00e1 Batrachotoxin thar a bheith tocsaineach agus teasta\u00edonn cosaint ioml\u00e1n coirp chun aon nochtadh a chosc.<\/p><h3 class=\"wp-block-heading\">4. <strong>Tocsain Bhotulach<\/strong><\/h3><ul class=\"wp-block-list\"><li><strong>L\u00e1mhainn\u00ed<\/strong>: L\u00e1mhainn\u00ed n\u00edtr\u00edle \u2013 Frithsheasmhach in aghaidh tocsain\u00ed agus cosna\u00edonn siad na l\u00e1mha.<\/li><li><strong>Cosaint na s\u00fal<\/strong>: Gaothair\u00ed s\u00e1bh\u00e1ilteachta \u2013 Coscann siad teagmh\u00e1il leis na s\u00faile.<\/li><li><strong>Cosaint aghaidhe<\/strong>: Sciath aghaidhe \u2013 Sol\u00e1thra\u00edonn s\u00e9 cosaint bhreise don aghaidh<a href=\"https:\/\/duckduckgo.com\/\" target=\"_blank\" rel=\"noopener\">.<\/a><\/li><li><strong>\u00c9ada\u00ed<\/strong>: C\u00f3ta saotharlainne n\u00f3 culaith\u00ed aon\u00fas\u00e1ide \u2013 Cosna\u00edonn s\u00e9 ar \u00e9illi\u00fa.<\/li><li><strong>Cosaint riospr\u00e1ide<\/strong>: An\u00e1l\u00f3ir P100 n\u00f3 n\u00edos airde \u2013 Scagann s\u00e9 c\u00e1ithn\u00edn\u00ed san aer.<\/li><\/ul><p><strong>R\u00e9as\u00fan<\/strong>T\u00e1 tocsain bhotail\u00edn an-tocsaineach, mar sin t\u00e1 s\u00e9 r\u00edth\u00e1bhachtach aon chine\u00e1l nochta a chosc.<\/p><h3 class=\"wp-block-heading\">5. <strong>Said\u00edn<\/strong><\/h3><ul class=\"wp-block-list\"><li><strong>L\u00e1mhainn\u00ed<\/strong>: L\u00e1mhainn\u00ed n\u00edtr\u00edle n\u00f3 neopr\u00e9ine \u2013 Frithsheasmhach in aghaidh ceimice\u00e1n agus cosna\u00edonn siad an craiceann.<\/li><li><strong>Cosaint na s\u00fal<\/strong>: Gaoithe s\u00e1bh\u00e1ilteachta \u2013 Cosna\u00edonn siad ar splancscairteanna.<\/li><li><strong>Cosaint aghaidhe<\/strong>: Sciath aghaidhe \u2013 Cosaint bhreise don aghaidh.<\/li><li><strong>\u00c9ada\u00ed<\/strong>: C\u00f3ta saotharlainne n\u00f3 culaith chosanta at\u00e1 frithsheasmhach in aghaidh ceimice\u00e1n \u2013 Coscann s\u00e9 nochadh an chraicinn.<\/li><li><strong>Cosaint riospr\u00e1ide<\/strong>: An\u00e1l\u00f3ir l\u00e1naghaidhe le scagair\u00ed cu\u00ed \u2013 Cosna\u00edonn s\u00e9 ar ghal\u00e1in nimhi\u00fala a ionan\u00e1l\u00fa.<\/li><\/ul><p><strong>R\u00e9as\u00fan<\/strong>: Is nimh chumhachtach \u00e9 an tsain\u00edd agus is f\u00e9idir \u00e9 a ions\u00fa tr\u00edd an gcraiceann n\u00f3 a ionan\u00e1l\u00fa, agus teasta\u00edonn PPE cuimsitheach chuige sin.<\/p><h3 class=\"wp-block-heading\">6. <strong>D\u00edm\u00e9itil\u00e9armainic<\/strong><\/h3><ul class=\"wp-block-list\"><li><strong>L\u00e1mhainn\u00ed<\/strong>: L\u00e1mhainn\u00ed rubair b\u00fatail \u2013 Sol\u00e1thra\u00edonn siad ard-fhriota\u00edocht cheimiceach.<\/li><li><strong>Cosaint na s\u00fal<\/strong>: Gaothair\u00ed s\u00e1bh\u00e1ilteachta \u2013 Cosna\u00edonn siad na s\u00faile ar nochtadh.<\/li><li><strong>Cosaint aghaidhe<\/strong>: Sciath l\u00e1naghaidhe \u2013 Tugann s\u00e9 cosaint ioml\u00e1n don aghaidh.<\/li><li><strong>\u00c9ada\u00ed<\/strong>: Culaith cheimiceach ioml\u00e1n coirp \u2013 Cinnt\u00edonn s\u00ed cosaint ioml\u00e1n ar thruailli\u00fa.<\/li><li><strong>Cosaint riospr\u00e1ide<\/strong>: An\u00e1l\u00f3ir aer-shol\u00e1thair \u2013 Riachtanach mar gheall ar a thocsaineacht ard agus an riosca gal.<\/li><\/ul><p><strong>R\u00e9as\u00fan<\/strong>T\u00e1 dim\u00e9ilmearcair thar a bheith tocsaineach agus galaitheach, agus mar sin is g\u00e1 PPE ardleibh\u00e9il a \u00fas\u00e1id chun aon nochtadh a chosc.<\/p><p><img decoding=\"async\" class=\"wp-image-462 aligncenter\" src=\"https:\/\/poisonshops.com\/wp-content\/uploads\/2025\/11\/tttt-204x300.png\" alt=\"Treoirleabhair um L\u00e1imhse\u00e1il Sh\u00e1bh\u00e1ilte Substaint\u00ed Tocsaineacha\" width=\"90\" height=\"133\" srcset=\"https:\/\/poisonshops.com\/wp-content\/uploads\/2025\/11\/tttt-204x300.png 204w, https:\/\/poisonshops.com\/wp-content\/uploads\/2025\/11\/tttt.png 218w\" sizes=\"(max-width: 90px) 100vw, 90px\" \/><\/p><h3 class=\"wp-block-heading\">7. <strong>Maitotocsain<\/strong><\/h3><ul class=\"wp-block-list\"><li><strong>L\u00e1mhainn\u00ed<\/strong>: L\u00e1mhainn\u00ed n\u00edtr\u00edle \u2013 Cosna\u00edonn siad ar theagmh\u00e1il leis an gcraiceann.<\/li><li><strong>Cosaint na s\u00fal<\/strong>: Gaothair\u00ed s\u00e1bh\u00e1ilteachta \u2013 Cosna\u00edonn siad na s\u00faile.<\/li><li><strong>Cosaint aghaidhe<\/strong>: Sciath aghaidhe \u2013 Sol\u00e1thra\u00edonn s\u00e9 cosaint bhreise don aghaidh.<\/li><li><strong>\u00c9ada\u00ed<\/strong>: C\u00f3ta saotharlainne n\u00f3 culaith chosanta \u2013 Cosna\u00edonn s\u00e9 \u00e9ada\u00ed agus an craiceann.<\/li><li><strong>Cosaint riospr\u00e1ide<\/strong>: An\u00e1l\u00f3ir N95 n\u00f3 n\u00edos airde \u2013 Scagann s\u00e9 c\u00e1ithn\u00edn\u00ed san aer.<\/li><\/ul><p><strong>R\u00e9as\u00fan<\/strong>T\u00e1 Maitotoxin an-tocsaineach, agus teasta\u00edonn l\u00e1mhainn\u00ed agus \u00e9ada\u00ed cosanta chun teagmh\u00e1il a sheachaint.<\/p><h3 class=\"wp-block-heading\">8. <strong>P\u00f3l\u00f3iniam-210<\/strong><\/h3><ul class=\"wp-block-list\"><li><strong>L\u00e1mhainn\u00ed<\/strong>: L\u00e1mhainn\u00ed le l\u00edne luaidhe \u2013 Sol\u00e1thra\u00edonn siad cosaint ar rada\u00edocht.<\/li><li><strong>Cosaint na s\u00fal<\/strong>: Gaothair\u00ed s\u00e1bh\u00e1ilteachta \u2013 Cosna\u00edonn siad na s\u00faile ar \u00e9illi\u00fa.<\/li><li><strong>Cosaint aghaidhe<\/strong>: Sciath aghaidhe luaidhe-l\u00edne\u00e1ilte \u2013 Tugann s\u00e9 cosaint bhreise ar nochtadh do rada\u00edocht.<\/li><li><strong>\u00c9ada\u00ed<\/strong>: C\u00f3ta saotharlainne luaidhe-l\u00edne\u00e1ilte \u2013 Cosna\u00edonn s\u00e9 ar rada\u00edocht.<\/li><li><strong>Cosaint riospr\u00e1ide<\/strong>: N\u00ed bh\u00edonn g\u00e1 leis de ghn\u00e1th mura mbaineann an l\u00e1imhse\u00e1il le truailli\u00fa san aer.<\/li><\/ul><p><strong>R\u00e9as\u00fan<\/strong>T\u00e1 Pol\u00f3iniam-210 raidi\u00f3ighneach, mar sin t\u00e1 trealamh cosanta pearsanta (TCP) le l\u00edne luaidhe riachtanach chun cosaint a thabhairt ar an rada\u00edocht.<\/p><h3 class=\"wp-block-heading\">9. <strong>R\u00eds\u00edn<\/strong><\/h3><ul class=\"wp-block-list\"><li><strong>L\u00e1mhainn\u00ed<\/strong>: L\u00e1mhainn\u00ed n\u00edtr\u00edle \u2013 Sol\u00e1thra\u00edonn siad frithsheasmhacht cheimiceach agus cuireann siad cosc ar theagmh\u00e1il leis an gcraiceann.<\/li><li><strong>Cosaint na s\u00fal<\/strong>: Gaothair\u00ed s\u00e1bh\u00e1ilteachta \u2013 Cosna\u00edonn siad na s\u00faile ar nochtadh.<\/li><li><strong>Cosaint aghaidhe<\/strong>: Sciath l\u00e1naghaidhe \u2013 Sol\u00e1thra\u00edonn s\u00e9 cosaint bhreise.<\/li><li><strong>\u00c9ada\u00ed<\/strong>: C\u00f3ta saotharlainne n\u00f3 culaith\u00ed aon\u00fas\u00e1ide \u2013 Cosna\u00edonn s\u00e9 an craiceann.<\/li><li><strong>Cosaint riospr\u00e1ide<\/strong>: An\u00e1l\u00f3ir P100 \u2013 Scagann s\u00e9 c\u00e1ithn\u00edn\u00ed agus aeras\u00f3il.<\/li><\/ul><p><strong>R\u00e9as\u00fan<\/strong>T\u00e1 ric\u00edn an-tocsaineach agus is f\u00e9idir \u00e9 a ions\u00fa tr\u00edd an gcraiceann n\u00f3 \u00e9 a ionan\u00e1l\u00fa, agus teasta\u00edonn PPE cuimsitheach d\u00e1 bharr.<\/p><h3 class=\"wp-block-heading\">10. <strong>S\u00e1rin<\/strong><\/h3><ul class=\"wp-block-list\"><li><strong>L\u00e1mhainn\u00ed<\/strong>: L\u00e1mhainn\u00ed rubair b\u00fatail \u2013 Tugann siad cosaint ar ghn\u00edomhair\u00ed ceimiceacha.<\/li><li><strong>Cosaint na s\u00fal<\/strong>: Gaoithe s\u00e1bh\u00e1ilteachta \u2013 Cosna\u00edonn siad ar splancscairteanna.<\/li><li><strong>Cosaint aghaidhe<\/strong>: Sciath l\u00e1naghaidhe \u2013 Riachtanach chun l\u00e1imhse\u00e1il a dh\u00e9anamh ar ghn\u00edomhair\u00ed n\u00e9aracha.<\/li><li><strong>\u00c9ada\u00ed<\/strong>: Culaith cheimiceach ioml\u00e1n coirp \u2013 Cinnt\u00edonn s\u00ed cosaint ar \u00e9illi\u00fa.<\/li><li><strong>Cosaint riospr\u00e1ide<\/strong>: An\u00e1l\u00f3ir aer-shol\u00e1thair \u2013 Riachtanach chun cosaint a thabhairt in aghaidh gal\u00e1in gh\u00e1s n\u00e9ar\u00f3gach.<\/li><\/ul><p><strong>R\u00e9as\u00fan<\/strong>Is g\u00e1s n\u00e9ar\u00f3gach \u00e9 Sarin a \u00e9il\u00edonn trealamh cosanta ioml\u00e1n don chorp de bharr a thocsaineachta arda.<\/p><h3 class=\"wp-block-heading\">11. <strong>Tetrad\u00f3taic\u00edn<\/strong><\/h3><ul class=\"wp-block-list\"><li><strong>L\u00e1mhainn\u00ed<\/strong>: L\u00e1mhainn\u00ed n\u00edtr\u00edle \u2013 Tugann siad cosaint ar shubstaint\u00ed tocsaineacha.<\/li><li><strong>Cosaint na s\u00fal<\/strong>: Gaothair\u00ed s\u00e1bh\u00e1ilteachta \u2013 Cosna\u00edonn siad na s\u00faile.<\/li><li><strong>Cosaint aghaidhe<\/strong>: Sciath aghaidhe \u2013 Sol\u00e1thra\u00edonn s\u00e9 cosaint bhreise.<\/li><li><strong>\u00c9ada\u00ed<\/strong>: C\u00f3ta saotharlainne n\u00f3 culaith\u00ed aon\u00fas\u00e1ide \u2013 Cosna\u00edonn s\u00e9 ar \u00e9illi\u00fa.<\/li><li><strong>Cosaint riospr\u00e1ide<\/strong>: An\u00e1l\u00f3ir N95 \u2013 Scagann s\u00e9 c\u00e1ithn\u00edn\u00ed san aer.<\/li><\/ul><p><strong>R\u00e9as\u00fan<\/strong>T\u00e1 tetrodotocsain thar a bheith tocsaineach, mar sin t\u00e1 l\u00e1n-P\u00c9E riachtanach chun nochtadh a chosc.<\/p><h3 class=\"wp-block-heading\">12. <strong>Gn\u00edomhaire N\u00e9ar\u00f3gach RV<\/strong><\/h3><ul class=\"wp-block-list\"><li><strong>L\u00e1mhainn\u00ed<\/strong>: L\u00e1mhainn\u00ed rubair b\u00fatail \u2013 An-fhrithsheasmhach in aghaidh gn\u00edomhair\u00ed n\u00e9aracha.<\/li><li><strong>Cosaint na s\u00fal<\/strong>: Gaothair\u00ed s\u00e1bh\u00e1ilteachta \u2013 Cosna\u00edonn siad na s\u00faile ar nochtadh.<\/li><li><strong>Cosaint aghaidhe<\/strong>: Sciath l\u00e1naghaidhe \u2013 Riachtanach le haghaidh cosanta ioml\u00e1ine.<\/li><li><strong>\u00c9ada\u00ed<\/strong>: Culaith cheimiceach ioml\u00e1n coirp \u2013 Cosna\u00edonn s\u00e9 ar theagmh\u00e1il le gn\u00edomhaire n\u00e9ar\u00f3g.<\/li><li><strong>Cosaint riospr\u00e1ide<\/strong>: An\u00e1l\u00f3ir aer-shol\u00e1thair \u2013 Sol\u00e1thra\u00edonn s\u00e9 aer glan agus cosaint ar gal\u00e1in thocsaineacha a ionan\u00e1l\u00fa.<\/li><\/ul><p><strong>R\u00e9as\u00fan<\/strong>T\u00e1 gn\u00edomhair\u00ed n\u00e9aracha VR an-tocsaineach agus teasta\u00edonn PPE fairsing chun nochtadh a chosc tr\u00ed gach bealach is f\u00e9idir.<\/p><p>I gc\u00e1s gach tocsain, t\u00e1 s\u00e9 r\u00edth\u00e1bhachtach clo\u00ed le pr\u00f3tacail sh\u00e1bh\u00e1ilteachta bhunaithe agus a chinnti\u00fa go bhfuil an trealamh cosanta pearsanta (TCP) go l\u00e9ir feistithe i gceart, \u00e1 chothabh\u00e1il, agus \u00e1 \u00fas\u00e1id de r\u00e9ir threoracha agus threoirl\u00ednte s\u00e1bh\u00e1ilteachta an mhonar\u00f3ra.<\/p><p><img decoding=\"async\" class=\"wp-image-176 aligncenter\" src=\"https:\/\/poisonshops.com\/wp-content\/uploads\/2025\/11\/poison_shop_logo-300x171.png\" alt=\"Siopa\u00ed nimhe\" width=\"122\" height=\"70\" srcset=\"https:\/\/poisonshops.com\/wp-content\/uploads\/2025\/11\/poison_shop_logo-300x171.png 300w, https:\/\/poisonshops.com\/wp-content\/uploads\/2025\/11\/poison_shop_logo.png 563w\" sizes=\"(max-width: 122px) 100vw, 122px\" \/><\/p><\/div><\/div><\/article><\/div>\t\t\t\t\t\t\t\t<\/div>\n\t\t\t\t<\/div>\n\t\t\t\t\t<\/div>\n\t\t\t\t<\/div>\n\t\t\t\t<\/div>","protected":false},"excerpt":{"rendered":"<p>Comprehensive PPE Guidelines for Safe Handling of Toxic Substances Here\u2019s a detailed recommendation of personal protective equipment (PPE) for handling each of the listed toxins, focusing on the most effective gear based on the specific hazards associated with each substance: 1. Arsenic Poison Gloves: Nitrile or latex gloves \u2013 Provide chemical resistance and prevent skin [&hellip;]<\/p>\n","protected":false},"author":1,"featured_media":0,"parent":0,"menu_order":0,"comment_status":"closed","ping_status":"closed","template":"","meta":{"footnotes":""},"class_list":["post-418","page","type-page","status-publish","hentry"],"_links":{"self":[{"href":"https:\/\/poisonshops.com\/ga\/wp-json\/wp\/v2\/pages\/418","targetHints":{"allow":["GET"]}}],"collection":[{"href":"https:\/\/poisonshops.com\/ga\/wp-json\/wp\/v2\/pages"}],"about":[{"href":"https:\/\/poisonshops.com\/ga\/wp-json\/wp\/v2\/types\/page"}],"author":[{"embeddable":true,"href":"https:\/\/poisonshops.com\/ga\/wp-json\/wp\/v2\/users\/1"}],"replies":[{"embeddable":true,"href":"https:\/\/poisonshops.com\/ga\/wp-json\/wp\/v2\/comments?post=418"}],"version-history":[{"count":7,"href":"https:\/\/poisonshops.com\/ga\/wp-json\/wp\/v2\/pages\/418\/revisions"}],"predecessor-version":[{"id":550,"href":"https:\/\/poisonshops.com\/ga\/wp-json\/wp\/v2\/pages\/418\/revisions\/550"}],"wp:attachment":[{"href":"https:\/\/poisonshops.com\/ga\/wp-json\/wp\/v2\/media?parent=418"}],"curies":[{"name":"wp","href":"https:\/\/api.w.org\/{rel}","templated":true}]}}