{"id":439,"date":"2025-11-20T12:15:58","date_gmt":"2025-11-20T12:15:58","guid":{"rendered":"https:\/\/poisonshops.com\/?page_id=439"},"modified":"2025-12-01T11:33:18","modified_gmt":"2025-12-01T11:33:18","slug":"ceannaigh-nimheanna-ar-line","status":"publish","type":"page","link":"https:\/\/poisonshops.com\/ga\/ceannaigh-nimheanna-ar-line\/","title":{"rendered":"Teagmh\u00e1il"},"content":{"rendered":"<div data-elementor-type=\"wp-page\" data-elementor-id=\"439\" class=\"elementor elementor-439\">\n\t\t\t\t<div class=\"elementor-element elementor-element-ac71f13 e-flex e-con-boxed e-con e-parent\" data-id=\"ac71f13\" data-element_type=\"container\" data-e-type=\"container\">\n\t\t\t\t\t<div class=\"e-con-inner\">\n\t\t\t\t<div class=\"elementor-element elementor-element-b8aef59 elementor-widget elementor-widget-text-editor\" data-id=\"b8aef59\" data-element_type=\"widget\" data-e-type=\"widget\" data-widget_type=\"text-editor.default\">\n\t\t\t\t<div class=\"elementor-widget-container\">\n\t\t\t\t\t\t\t\t\t<div id=\"primary\" class=\"content-area\"><main id=\"main\" class=\"site-main\"><\/main><article id=\"post-298\" class=\"post-298 page type-page status-publish\"><div class=\"inside-article\"><div class=\"entry-content\"><p class=\"has-text-align-left\">Ceannaigh nimheanna ar l\u00edne; T\u00e1imid anseo chun cabhr\u00fa leat le haon cheisteanna n\u00f3 \u00e1bhair imn\u00ed. D\u00e9an teagmh\u00e1il linn tr\u00ed na modhanna seo a leanas, le do thoil:<\/p><p><img fetchpriority=\"high\" decoding=\"async\" class=\"size-medium wp-image-502 alignleft\" src=\"https:\/\/poisonshops.com\/wp-content\/uploads\/2025\/11\/Bio-Weapons-240x300.png\" alt=\"Bithearmair\" width=\"240\" height=\"300\" srcset=\"https:\/\/poisonshops.com\/wp-content\/uploads\/2025\/11\/Bio-Weapons-240x300.png 240w, https:\/\/poisonshops.com\/wp-content\/uploads\/2025\/11\/Bio-Weapons.png 265w\" sizes=\"(max-width: 240px) 100vw, 240px\" \/><\/p><div class=\"wp-block-columns is-layout-flex wp-container-core-columns-is-layout-9d6595d7 wp-block-columns-is-layout-flex\"><div class=\"wp-block-column is-layout-flow wp-block-column-is-layout-flow\"><div class=\"wp-block-image\">\u00a0<\/div><\/div><div class=\"wp-block-column is-layout-flow wp-block-column-is-layout-flow\"><p><mark class=\"has-inline-color\"><\/mark><span style=\"color: #000!important;\"><b>R\u00edomhphost:<\/b><\/span><a class=\"info-box_link\" href=\"mailto:Ps35dk@proton.me\"><strong><span style=\"color: #ff0000;\">Ps35dk@proton.me<\/span><\/strong><\/a><\/p><\/div><\/div><p>Le haghaidh taca\u00edochta maidir le horduithe, loingseoireacht, n\u00f3 faisn\u00e9is faoi th\u00e1irg\u00ed, t\u00e1 \u00e1r bhfoireann r\u00e9idh le cabhr\u00fa. Go raibh maith agat as Poison Shops a roghn\u00fa. T\u00e1imid ag tn\u00fath le cloiste\u00e1il uait!<\/p><\/div><\/div><\/article><\/div>\t\t\t\t\t\t\t\t<\/div>\n\t\t\t\t<\/div>\n\t\t\t\t\t<\/div>\n\t\t\t\t<\/div>\n\t\t<div class=\"elementor-element elementor-element-8502aa0 e-flex e-con-boxed e-con e-parent\" data-id=\"8502aa0\" data-element_type=\"container\" data-e-type=\"container\">\n\t\t\t\t\t<div class=\"e-con-inner\">\n\t\t\t\t<div class=\"elementor-element elementor-element-3d1bb0a elementor-widget elementor-widget-text-editor\" data-id=\"3d1bb0a\" data-element_type=\"widget\" data-e-type=\"widget\" data-widget_type=\"text-editor.default\">\n\t\t\t\t<div class=\"elementor-widget-container\">\n\t\t\t\t\t\t\t\t\t<h3>Ceannaigh nimheanna ar l\u00edne<\/h3><p>F\u00e1ilte go <img decoding=\"async\" class=\"emoji\" role=\"img\" draggable=\"false\" src=\"https:\/\/s.w.org\/images\/core\/emoji\/16.0.1\/svg\/26a0.svg\" alt=\"Rabhadh\" \/><a href=\"https:\/\/poisonshops.com\/ga\/\">Siopa an Phuinnse\u00e1in<\/a>, \u00e1it a dtagann an eola\u00edocht le cruinneas. Is sinne an pr\u00edomhshol\u00e1thra\u00ed domhanda de nimheanna an-chumhachtacha agus de ghn\u00edomhair\u00ed ceimiceacha le haghaidh taighde agus \u00fas\u00e1ide pearsanta, a mb\u00edonn daoine aonair ag brath orainn.<a href=\"https:\/\/duckduckgo.com\/\" target=\"_blank\" rel=\"noopener\">,<\/a> Saotharlanna agus eagra\u00edochta\u00ed. \u00d3 thocsain\u00ed n\u00e1d\u00fartha go ceimice\u00e1in thionscla\u00edocha agus gn\u00edomhair\u00ed n\u00e9aracha, sol\u00e1thra\u00edmid an raon is cuimsith\u00ed de nimh ar an margadh. Siopa\u00ed Nimhe.<\/p><p>Fiosraigh \u00e1r r\u00e9imse leathan nimheanna<br \/>Cuirimid 40 de na nimh is marfa\u00ed ar domhan ar f\u00e1il, i bhfoirm leachta, sprae, n\u00f3 sholadaigh, deartha chun freastal ar do chuid riachtanas beacht. Cib\u00e9 an bhfuil n\u00e9aratocsain gh\u00e9arthionchair, gn\u00edomhaire ceimiceach, n\u00f3 nimh n\u00e1d\u00fartha uait, cinnt\u00edonn Bio Weapons an \u00edonacht is airde do d'fheidhmchl\u00e1ir r\u00edth\u00e1bhachtacha.<\/p><p><img decoding=\"async\" class=\"size-full wp-image-28 aligncenter\" src=\"https:\/\/poisonshops.com\/wp-content\/uploads\/2021\/12\/30-Day-Guarantee-1.png\" alt=\"Ceannaigh nimh ar l\u00edne\" width=\"300\" height=\"248\" \/><\/p><p>P\u00f3ca T\u00e1irg\u00ed<br \/>Tocsain\u00ed N\u00e1d\u00fartha:<\/p><p>Tocsain bhotulach \u2013 An gn\u00edomhaire pairilisithe is cumhachta\u00ed.<br \/>Ricin &amp; Abrin \u2013 Coscair\u00ed sint\u00e9ise pr\u00f3it\u00e9ine le gn\u00edomh\u00fa tapa.<br \/>Tetrodotocsain &amp; Sacsaitocsain \u2013 Tocsain\u00ed mara a th\u00e9ann i bhfeidhm ar chonair\u00ed n\u00e9areola\u00edocha.<br \/>Batrachotoxin \u2013 \u00d3 bhracha\u00ed saighde nimhe, oiri\u00fanach do staid\u00e9ir ar chain\u00e9il ianacha.<br \/>Conotocsain\u00ed &amp; Siguatocsain \u2013 Nimheanna le haghaidh taighde n\u00e9aratocsaineach ardleibh\u00e9il.<br \/>Tocsain\u00ed Ceimiceacha agus Gn\u00edomhair\u00ed N\u00e9aracha:<\/p><p>VX, Sarin, Tabun, agus Soman \u2013 Gn\u00edomhair\u00ed n\u00e9aracha ard-tionchair don taighde.<br \/>S\u00f3idiam S\u00edan\u00edd &amp; Hidrigine S\u00edan\u00edd \u2013 Bloc\u00e1laithe l\u00e1ithreacha an riosca\u00ed cheall\u00fail.<br \/>Tr\u00ed-ocsa\u00edd arsanaic, Pol\u00f3iniam-210, Talaim, agus Mearcair \u2013 An-oiri\u00fanach don tocsaineola\u00edocht.<br \/>P\u00e9isteanna Planda-bhunaithe:<\/p><p>Atrop\u00edn, Aic\u00f3nait\u00edn, Str\u00edocn\u00edn, agus Digiteas \u2013 Le haghaidh taighde ar an gcro\u00ed agus ar an gc\u00f3ras nearbhach.<br \/>Colcicin &amp; Oleandrin \u2013 R\u00edth\u00e1bhachtach do thaighde ar ailse.<br \/>Coniine &amp; Taxine \u2013 Nimheanna clasaiceacha le haghaidh feidhmeanna tocsaineola\u00edochta.<br \/>Tocsain\u00ed Tionscla\u00edocha:<\/p><p>Cl\u00f3ir\u00edn, Fosg\u00edn, Carb\u00f3n Monocsa\u00edd, D\u00e9-ocsain\u00ed, Luaidhe, agus C\u00e1dmiam \u2013 Foirfe do staid\u00e9ir chomhshaoil agus cheimiceacha.<\/p><p>B\u00e9ireanna Ainmhithe:<\/p><p>Nimheanna an chobr\u00e1ir r\u00ed, an mamba dubh, agus an tseilige c\u00e1s-chruthach \u2013 Le haghaidh staid\u00e9ir n\u00e9areola\u00edochta ardleibh\u00e9il.<br \/>B\u00e9ine an \u00e9isc chloiche \u2013 \u00das\u00e1ideach i dtaighde ar neacr\u00f3is f\u00edoch\u00e1n.<\/p><h4>C\u00e9n f\u00e1th siopa\u00ed nimhe?<\/h4><p>C\u00e1il\u00edocht den Scoth: Tagann Teastas Anail\u00edse (COA) le gach t\u00e1irge chun a neart agus a \u00edonacht a r\u00e1th\u00fa.<br \/>S\u00e1bh\u00e1ilteacht Chuimsitheach: Tagann Gach t\u00e1irge le Bileog Sonra\u00ed S\u00e1bh\u00e1ilteachta (SDS) agus molta\u00ed maidir le PPE.<\/p><p>Roghanna Il\u00fas\u00e1ideacha Foirme: Ar f\u00e1il i leacht, i sprae, n\u00f3 i soladach le haghaidh \u00e9asca\u00edocht \u00fas\u00e1ide.<br \/>Seachadadh Domhanda: Cuirimid loingseoireacht idirn\u00e1isi\u00fanta dh\u00edreach ar f\u00e1il.<\/p><p>Treoir Saineolach: Sol\u00e1thra\u00edonn \u00e1r saineolaithe treoracha l\u00e1imhse\u00e1la chun \u00fas\u00e1id sh\u00e1bh\u00e1ilte agus chomhl\u00edontach a chinnti\u00fa.<br \/>Ordaigh Anois \u2013 Cumhacht, Cruinneas, agus Neart ag Do Mh\u00e9ara<br \/>Ag Poison Shops, tuigimid nach f\u00e9idir g\u00e9illeadh maidir le cruinneas agus iontaofacht.<\/p><p>Cib\u00e9 an bhfuil t\u00fa i mbun taighde ardleibh\u00e9il tocsaineola\u00edochta, ag obair ar thionscadail cheimiceacha, n\u00f3 ag tabhairt aghaidh ar riachtanais phearsanta, is sinne do chomhph\u00e1irt\u00ed iontaofa.<\/p><p><img decoding=\"async\" class=\"wp-image-176 aligncenter\" src=\"https:\/\/poisonshops.com\/wp-content\/uploads\/2025\/11\/poison_shop_logo-300x171.png\" alt=\"Siopa\u00ed nimhe\" width=\"114\" height=\"65\" srcset=\"https:\/\/poisonshops.com\/wp-content\/uploads\/2025\/11\/poison_shop_logo-300x171.png 300w, https:\/\/poisonshops.com\/wp-content\/uploads\/2025\/11\/poison_shop_logo.png 563w\" sizes=\"(max-width: 114px) 100vw, 114px\" \/><\/p><p>\u00a0<\/p><p>ceannaigh nimh, an \u00e1it is fearr le nimh a cheannach, nimh ar d\u00edol, ceannaigh ceimice\u00e1in thocsaineacha, siopa nimhe ar l\u00edne, ceannaigh tocsain bhotulach, tocsain bhotulach ar d\u00edol, ceannaigh ric\u00edn, ric\u00edn ar d\u00edol, ceannaigh abr\u00edn, abr\u00edn ar d\u00edol, ceannaigh tetrodotocsain, tetrodotocsain ar d\u00edol, ceannaigh s\u00e1csitocsain, s\u00e1csitocsain ar d\u00edol, ceannaigh conotocsain\u00ed, conotocsain\u00ed ar d\u00edol,<\/p><p>ceannaigh batrachotocsain, batrachotocsain ar d\u00edol, ceannaigh sig\u00faatocsain, sig\u00faatocsain ar d\u00edol, ceannaigh maitotocsain, maitotocsain ar d\u00edol, ceannaigh aflatoics\u00edn\u00ed, aflatoics\u00edn\u00ed ar d\u00edol, ceannaigh VX, VX ar d\u00edol, ceannaigh sarin, sarin ar d\u00edol, ceannaigh tabun, tabun ar d\u00edol, ceannaigh soman, soman ar d\u00edol, ceannaigh hidrigine cians\u00e1it, hidrigine cians\u00e1it ar d\u00edol, ceannaigh s\u00f3idiam cians\u00e1it, s\u00f3idiam cians\u00e1it ar d\u00edol, ceannaigh air\u00edn, air\u00edn ar d\u00edol, ceannaigh pol\u00f3iniam-210, pol\u00f3iniam-210 ar d\u00edol, ceannaigh talliam, talliam ar d\u00edol, ceannaigh mearcair,<\/p><p>mearcair ar d\u00edol, atr\u00f3ip\u00edn ceannaigh, atr\u00f3ip\u00edn ar d\u00edol, aconait\u00edn ceannaigh, aconait\u00edn ar d\u00edol, digit\u00eds ceannaigh, digit\u00eds ar d\u00edol, str\u00edocn\u00edn ceannaigh, str\u00edocn\u00edn ar d\u00edol, oleandrin ceannaigh, oleandrin ar d\u00edol, colcas\u00edn ceannaigh, colcasach ar d\u00edol, ceannaigh alcal\u00f3idigh \u00e9igthe, alcal\u00f3idigh \u00e9igthe ar d\u00edol, ceannaigh coni\u00edn, coni\u00edn ar d\u00edol, ceannaigh tacst\u00edn, tacst\u00edn ar d\u00edol,<\/p><p>ceannaigh g\u00e1s cl\u00f3ir\u00edn, g\u00e1s cl\u00f3ir\u00edn ar d\u00edol, ceannaigh fosg\u00edn, fosg\u00edn ar d\u00edol, ceannaigh d\u00e9-ocsa\u00edd charb\u00f3in, d\u00e9-ocsa\u00edd charb\u00f3in ar d\u00edol, ceannaigh d\u00e9-ocs\u00e1in, d\u00e9-ocs\u00e1in ar d\u00edol, ceannaigh luaidhe, luaidhe ar d\u00edol, ceannaigh c\u00e1idmiam, c\u00e1idmiam ar d\u00edol, ceannaigh nimh cobra, nimh cobra ar d\u00edol, ceannaigh nimh an mamba dhubh, nimh an mamba dhubh ar d\u00edol,<\/p><p>ceannaigh nimh an choirceog bhosca, nimh an choirceog bhosca ar d\u00edol, ceannaigh nimh an \u00e9isc chloiche, nimh an \u00e9isc chloiche ar d\u00edol, ceannaigh g\u00e1is thocsaineacha, g\u00e1is thocsaineacha ar d\u00edol, ceannaigh nimhcheimice\u00e1in, nimhcheimice\u00e1in ar d\u00edol, ceannaigh tocsain\u00ed mara,<\/p><p>tocsain\u00ed muir\u00ed ar d\u00edol, ceannaigh nimheanna planda-bhunaithe, nimheanna planda-bhunaithe ar d\u00edol, ceannaigh gn\u00edomhair\u00ed n\u00e9aracha, gn\u00edomhair\u00ed n\u00e9aracha ar d\u00edol,<\/p><p>ceannaigh miotail throma, miotail throma ar d\u00edol, siopa saic\u00edn, an \u00e1it is fearr le saic\u00edn a cheannach, ceannaigh caps\u00fail saic\u00edn, ceannaigh p\u00fadar saic\u00edn, ceannaigh leacht saic\u00edn, ceannaigh ceimice\u00e1in taighde, ceimice\u00e1in taighde ar d\u00edol, c\u00e1 h\u00e1it le nimh a cheannach, ceannaigh tocsain\u00ed marfacha, an \u00e1it is fearr le tocsain\u00ed a cheannach, ceannaigh nimh ainmhithe, nimh ainmhithe ar d\u00edol, siopa r\u00eds\u00edn ar l\u00edne, ceannaigh botulinum \u00edon, ceannaigh saic\u00edn le COA, ceannaigh tocsain\u00ed le haghaidh \u00fas\u00e1ide saotharlainne,<\/p><p>ceannaigh tr\u00ed-ocsa\u00edd arsanaic, ceannaigh tocsain\u00ed loingseoireacht dh\u00edograiseach, ceannaigh sprae conotocsain\u00ed, ceannaigh leacht aconitine, ceannaigh p\u00fadar ricin, ceannaigh ceimice\u00e1in thionscla\u00edocha, ceimice\u00e1in thionscla\u00edocha ar d\u00edol, ceannaigh t\u00e1ibl\u00e9id digitis, ceannaigh caps\u00fail stricn\u00edne, ceannaigh gn\u00edomhair\u00ed n\u00e9aracha ar l\u00edne, g\u00e1s VX ar d\u00edol, ceannaigh pol\u00f3iniam go d\u00edograiseach,<\/p><p>siopa tocsain\u00ed ceimiceacha, ceannaigh p\u00fadar luaidhe, ceannaigh leacht talliam, ceannaigh tocsain\u00ed comhshaoil, ceannaigh trealamh nimhe, ceannaigh tocsain\u00ed le SDS, c\u00e1 h\u00e1it le substaint\u00ed tocsaineacha a cheannach, ceannaigh nimh le haghaidh \u00fas\u00e1ide pearsanta, ceannaigh tocsain\u00ed le PPE, ceannaigh gn\u00edomhair\u00ed ceimiceacha loingseoireacht thapa, ceannaigh cian\u00edd in aice liom, ceannaigh nimh loingseoireacht dh\u00edomhaoin,<\/p><p>ceannaigh ceimice\u00e1in thocsaineacha ar fud an domhain, ceannaigh substaint\u00ed nimhi\u00fala, ceannaigh nimh \u00f3 shol\u00e1thra\u00ed iontaofa, ordaigh tocsain botulinam ar l\u00edne, ceannaigh arsaenic le teastas anail\u00edse, ceannaigh cian\u00edd agus ceimice\u00e1in thocsaineacha, an siopa ar l\u00edne is fearr do nimh, ceannaigh sarin ar l\u00edne, ceannaigh t\u00e1ibl\u00e9id mearcair, ceannaigh tocsain\u00ed oleandair, ceannaigh ric\u00edn go discr\u00e9ideach, ceannaigh nimh gh\u00e9arthionchair, ceannaigh cian\u00edd go s\u00e1bh\u00e1ilte,<\/p><p>c\u00e1 h\u00e1it le tocsain botulach a cheannach in aice liom, gn\u00edomhaire n\u00e9ar\u00f3gach VX a ord\u00fa, tocsain\u00ed n\u00e9ar\u00f3gacha a cheannach le seachadadh, tocsain\u00ed marfacha a cheannach le haghaidh taighde, strycn\u00edn a cheannach ar l\u00edne, tocsain\u00ed mara a cheannach le seachadadh tapa, caps\u00fail taxine a cheannach, an siopa is fearr le haghaidh tocsain\u00ed nimhi\u00fala, aconit\u00edn a cheannach go discr\u00e9ideach, c\u00e1 h\u00e1it le tocsain\u00ed a ord\u00fa ar l\u00edne, nimh\u00ed planda-bhunaithe a cheannach, d\u00edorthaigh earg\u00f3ide a cheannach, spraeanna tocsaineacha a cheannach, an \u00e1it is fearr le ceimice\u00e1in a ord\u00fa ar l\u00edne, canna\u00ed g\u00e1is thocsaineacha a cheannach,<\/p><p>ceannaigh substaint\u00ed an-tocsaineacha, ceannaigh nimheanna ar l\u00edne go s\u00e1bh\u00e1ilte, ceannaigh nimheanna tionscla\u00edocha go discr\u00e9ideach, ceannaigh botul\u00ednum go tapa, c\u00e1 h\u00e1it le siopad\u00f3ireacht a dh\u00e9anamh do shian\u00e1id ar l\u00edne, ordaigh ceimice\u00e1in thocsaineacha le COA, ceannaigh fosg\u00edn le haghaidh \u00fas\u00e1ide saotharlainne, ceannaigh tocsain\u00ed nathrach nimhi\u00fala, ceannaigh tocsain an mamba dhubh le seachadadh tapa, ceannaigh tocsain an \u00e9isc chloiche le hanail\u00eds, an d\u00edolt\u00f3ir is fearr do shubstaint\u00ed tocsaineacha,<\/p><p>c\u00e1 h\u00e1it le ceimice\u00e1in chont\u00fairteacha a cheannach, ceannaigh sprae aconit\u00edn, siopaigh nimh taighde ar l\u00edne, ceannaigh arsaenic le seachadadh discr\u00e9ideach, ceannaigh nimh le loingseoireacht idirn\u00e1isi\u00fanta thapa, ceannaigh gn\u00edomhair\u00ed n\u00e9aracha anois, an margadh is fearr do ghn\u00edomhair\u00ed tocsaineacha, siopaigh p\u00fadair luaidhe agus c\u00e1admaim, ceannaigh nimh an-mharfach ar l\u00edne,<\/p><p>ord\u00fa nimhe go s\u00e1bh\u00e1ilte, ceannaigh ric\u00edn in aice liom, ceannaigh cian\u00edd s\u00f3idiam go s\u00e1bh\u00e1ilte, siopa mearcair ar l\u00edne, ceannaigh tocsain botulach le seachadadh tapa, ord\u00fa tocsain\u00ed go discr\u00e9ideach, an fhoinse is fearr d'oibre\u00e1in n\u00e9ar\u00f3g, siopa ceimice\u00e1n cont\u00fairteach anois.<\/p>\t\t\t\t\t\t\t\t<\/div>\n\t\t\t\t<\/div>\n\t\t\t\t\t<\/div>\n\t\t\t\t<\/div>\n\t\t\t\t<\/div>","protected":false},"excerpt":{"rendered":"<p>Buy Poisons online; We\u2019re here to assist you with any inquiries or concerns. Please reach out to us through the following methods: \u00a0 Email:Ps35dk@proton.me For support related to orders, shipping, or product information, our team is ready to help. Thank you for choosing Poison Shops. We look forward to hearing from you! Buy Poisons online [&hellip;]<\/p>\n","protected":false},"author":1,"featured_media":0,"parent":0,"menu_order":0,"comment_status":"closed","ping_status":"closed","template":"","meta":{"footnotes":""},"class_list":["post-439","page","type-page","status-publish","hentry"],"_links":{"self":[{"href":"https:\/\/poisonshops.com\/ga\/wp-json\/wp\/v2\/pages\/439","targetHints":{"allow":["GET"]}}],"collection":[{"href":"https:\/\/poisonshops.com\/ga\/wp-json\/wp\/v2\/pages"}],"about":[{"href":"https:\/\/poisonshops.com\/ga\/wp-json\/wp\/v2\/types\/page"}],"author":[{"embeddable":true,"href":"https:\/\/poisonshops.com\/ga\/wp-json\/wp\/v2\/users\/1"}],"replies":[{"embeddable":true,"href":"https:\/\/poisonshops.com\/ga\/wp-json\/wp\/v2\/comments?post=439"}],"version-history":[{"count":19,"href":"https:\/\/poisonshops.com\/ga\/wp-json\/wp\/v2\/pages\/439\/revisions"}],"predecessor-version":[{"id":539,"href":"https:\/\/poisonshops.com\/ga\/wp-json\/wp\/v2\/pages\/439\/revisions\/539"}],"wp:attachment":[{"href":"https:\/\/poisonshops.com\/ga\/wp-json\/wp\/v2\/media?parent=439"}],"curies":[{"name":"wp","href":"https:\/\/api.w.org\/{rel}","templated":true}]}}