{"id":101,"date":"2017-12-19T14:41:04","date_gmt":"2017-12-19T14:41:04","guid":{"rendered":"https:\/\/wordpress.gradientthemes.com\/brand-shop\/product\/black-hoodie\/"},"modified":"2025-12-05T13:14:19","modified_gmt":"2025-12-05T13:14:19","slug":"soidiam-seconal-ar-diol","status":"publish","type":"product","link":"https:\/\/poisonshops.com\/ga\/tairge\/soidiam-seconal-ar-diol\/","title":{"rendered":"S\u00f3idiam Seconal"},"content":{"rendered":"<h2>Ceannaigh S\u00f3idiam-Seconal ar l\u00edne<\/h2>\n<p><strong>N\u00f3ta<\/strong>Is barbit\u00far\u00e1t cumhachtach \u00e9 Sodium Seconal (Secobarbital Sodium) a dteasta\u00edonn dianmhaoirseacht leighis uaidh agus n\u00edor cheart \u00e9 a \u00fas\u00e1id ach faoi threoir sol\u00e1thra\u00ed c\u00faraim sl\u00e1inte c\u00e1ilithe. Is f\u00e9idir le m\u00ed-\u00fas\u00e1id Sodium Seconal a bheith guaiseach agus d'fh\u00e9adfadh s\u00e9 riosca\u00ed sl\u00e1inte tromch\u00faiseacha a chruth\u00fa, lena n-\u00e1ir\u00edtear r\u00f3dh\u00e1ileog agus b\u00e1s. Sodium Seconal ar D\u00edol.<\/p>\n<p>F\u00e1ilte go Bio Weapons, bhur sol\u00e1thra\u00ed iontaofa de Sodium Seconal d'ardchaighde\u00e1n do dhaoine aonair ceadaithe a bhfuil oidis bhail\u00ed acu. Tugaimid t\u00fas \u00e1ite do sh\u00e1bh\u00e1ilteacht, do ch\u00e1il\u00edocht, agus do sh\u00e1stacht an chustaim\u00e9ara, ag cinnti\u00fa go bhfuil rochtain iontaofa ar ch\u00f3gais riachtanacha. An \u00c1it is Fearr le Sodium Seconal a Cheannach ar L\u00edne.<\/p>\n<h4><strong>Cad is Sodium Seconal ann?<\/strong><\/h4>\n<p>Is c\u00f3gas barbit\u00farata \u00e9 S\u00f3idiam Seconal, n\u00f3 S\u00f3idiam Secobarbital, a bhfuil c\u00e1il air as a chuid air\u00edonna suaimhni\u00fala agus hipnitheacha. Oibr\u00edonn s\u00e9 ar an l\u00e1rch\u00f3ras n\u00e9ar\u00f3gach chun codladh agus suaimhneas a spreagadh. Fororda\u00edtear S\u00f3idiam Seconal le haghaidh c\u00f3ire\u00e1il ghearrth\u00e9armach ar easpa codlata, suaimhni\u00fa r\u00e9amh-obr\u00e1ide, agus rial\u00fa taomanna. \u00das\u00e1idtear \u00e9 freisin i ndl\u00edns\u00ed \u00e1irithe le haghaidh eutan\u00e1is leighis faoi threoracha dhl\u00edthi\u00fala dochta.<\/p>\n<h4><strong>\u00das\u00e1id\u00ed S\u00f3idiam-Seconal<\/strong><\/h4>\n<p>\u00das\u00e1idtear Sodium Seconal i gcomhth\u00e9acsanna leighis chun:<\/p>\n<ol>\n<li><strong>C\u00f3ire\u00e1il ar Easpa Codlata<\/strong>T\u00e1 S\u00f3idiam Seconal \u00e9ifeachtach chun n\u00e9altr\u00fa tromch\u00faiseach a ch\u00f3ire\u00e1il tr\u00ed th\u00fas an chodladh a chur chun cinn agus c\u00e1il\u00edocht an chodladh a fheabhs\u00fa.<\/li>\n<li><strong>Suaimhni\u00fa r\u00e9amh-obr\u00e1ide<\/strong>: Roimh n\u00f3sanna imeachta m\u00e1inliachta, \u00fas\u00e1idtear Sodium Seconal chun othair a shuaimhni\u00fa agus a r\u00e9abhadh.<\/li>\n<li><strong>Bainisti\u00fa Taomanna<\/strong>: F\u00e9adfar Sodium Seconal a \u00fas\u00e1id i mbainisti\u00fa cine\u00e1lacha \u00e1irithe taomanna, go h\u00e1irithe nuair nach mb\u00edonn c\u00f3gais eile \u00e9ifeachtach.<\/li>\n<li><strong>Eitain\u00e9is leighis<\/strong>: I ndl\u00edns\u00ed ina gceada\u00edtear go dleathach \u00e9, \u00fas\u00e1idtear Sodium Seconal le haghaidh eutan\u00e1is dhaonna faoi phr\u00f3tacail dhiana leighis agus dhl\u00edthi\u00fala.<\/li>\n<\/ol>\n<h4><strong>C\u00e1il\u00edocht agus S\u00e1bh\u00e1ilteacht<\/strong><\/h4>\n<p>Ag Bio Weapons, cinnt\u00edmid na caighde\u00e1in is airde c\u00e1il\u00edochta agus s\u00e1bh\u00e1ilteachta d\u00e1r gcuid t\u00e1irg\u00ed Sodium Seconal. Faighte \u00f3 mhonar\u00f3ir\u00ed iontaofa, cuirtear gach baisc faoi th\u00e1st\u00e1il dhian chun ceanglais rial\u00e1la dochta a chomhl\u00edonadh. R\u00e1tha\u00edonn \u00e1r dtiomantas don fheabhas go bhfaighidh t\u00fa t\u00e1irge at\u00e1 s\u00e1bh\u00e1ilte, \u00e9ifeachtach, agus iontaofa.<\/p>\n<h4><strong>D\u00e1ileog agus Riaradh<\/strong><\/h4>\n<p>N\u00edor cheart Sodium Seconal a \u00fas\u00e1id ach amh\u00e1in mar at\u00e1 oideasaithe ag gairm\u00ed c\u00faraim sl\u00e1inte. Athra\u00edonn an d\u00e1ileog agus an modh riartha ag brath ar an riocht leighis, ar fhreagairt an othair, agus ar rialach\u00e1in dhl\u00edthi\u00fala. T\u00e1 s\u00e9 r\u00edth\u00e1bhachtach comhairle leighis a lean\u00faint go dl\u00fath chun riosca\u00ed a \u00edoslaghd\u00fa agus chun na bunt\u00e1ist\u00ed teiripeacha a uasmh\u00e9ad\u00fa.<\/p>\n<p><strong>Ullmh\u00fach\u00e1n agus St\u00f3r\u00e1il<\/strong>:<\/p>\n<ul>\n<li><strong>Ullmh\u00fach\u00e1n<\/strong>: Is gn\u00e1ch go mb\u00edonn Sodium Seconal ar f\u00e1il i bhfoirm caps\u00fal b\u00e9il n\u00f3 leachta le riar \u00f3 bh\u00e9al. Braitheann neart an d\u00e1ileoige agus an fhoirmli\u00fa ar an riachtanas leighis.<\/li>\n<li><strong>St\u00f3r\u00e1il<\/strong>: St\u00f3r\u00e1il Sodium Seconal in \u00e1it sh\u00e1bh\u00e1ilte, i bhfad \u00f3 leana\u00ed agus \u00f3 pheata\u00ed, ag teocht an tseomra, agus cosanta ar sholas agus ar thaise.<\/li>\n<\/ul>\n<h4><strong>Fo-iarsma\u00ed agus R\u00e9amhch\u00faraim\u00ed<\/strong><\/h4>\n<p>Mar is amhlaidh le gach c\u00f3gas, d'fh\u00e9adfadh fo-iarsma\u00ed a bheith ag baint le Sodium Seconal. I measc na bhfo-iarsma\u00ed coitianta t\u00e1 codlatacht, meadhr\u00e1n, tinneas cinn, agus masmas. Is annamh a bh\u00edonn fo-iarsma\u00ed tromch\u00faiseacha, amhail lag\u00fa an an\u00e1la n\u00f3 frithghn\u00edomhartha aill\u00e9irgeacha, ach teasta\u00edonn c\u00fanamh leighis l\u00e1ithreach m\u00e1 tharla\u00edonn siad.<\/p>\n<p><strong>R\u00e9amhch\u00faraim\u00ed<\/strong>:<\/p>\n<ul>\n<li><strong>Stair Leighis<\/strong>Cuir do shol\u00e1thra\u00ed c\u00faraim sl\u00e1inte ar an eolas faoi do stair ioml\u00e1n leighis, go h\u00e1irithe faoi ghalar ae, galar du\u00e1in, riochta\u00ed riospr\u00e1ide, agus neamhoird \u00fas\u00e1ide substaint\u00ed.<\/li>\n<li><strong>Idirghn\u00edomha\u00edochta\u00ed Druga\u00ed<\/strong>D'fh\u00e9adfadh S\u00f3idiam Seconal idirghn\u00edomh\u00fa le c\u00f3gais eile, lena n-\u00e1ir\u00edtear alc\u00f3l, suaimhn\u00edochta\u00ed, agus frithdh\u00falagr\u00e1in. T\u00e9igh i gcomhairle le do shol\u00e1thra\u00ed c\u00faraim sl\u00e1inte faoi idirghn\u00edomha\u00edochta\u00ed f\u00e9ideartha sula n-\u00fas\u00e1idtear \u00e9.<\/li>\n<li><strong>Toircheas agus Coth\u00fa ar an gC\u00edoch<\/strong>Ba ch\u00f3ir Sodium Seconal a \u00fas\u00e1id go c\u00faramach le linn toirchis agus beath\u00fa c\u00edche. T\u00e9igh i gcomhairle le do shol\u00e1thra\u00ed c\u00faraim sl\u00e1inte le haghaidh treorach maidir le h\u00fas\u00e1id sh\u00e1bh\u00e1ilte.<\/li>\n<\/ul>\n<p><img decoding=\"async\" class=\"wp-image-463 aligncenter\" src=\"https:\/\/poisonshops.com\/wp-content\/uploads\/2025\/11\/tttt-1-204x300.png\" alt=\"Siopa an Phuinnse\u00e1in\" width=\"63\" height=\"93\" srcset=\"https:\/\/poisonshops.com\/wp-content\/uploads\/2025\/11\/tttt-1-204x300.png 204w, https:\/\/poisonshops.com\/wp-content\/uploads\/2025\/11\/tttt-1.png 218w\" sizes=\"(max-width: 63px) 100vw, 63px\" \/><\/p>\n<h4><strong>C\u00e9n f\u00e1th a roghn\u00f3fa\u00ed airm bithola\u00edocha?<\/strong><\/h4>\n<ol>\n<li><strong>Cinnteoireacht C\u00e1il\u00edochta<\/strong>: Clo\u00edmid le bearta diana rialaithe c\u00e1il\u00edochta chun a chinnti\u00fa go gcomhl\u00edonann \u00e1r Sodium Seconal caighde\u00e1in rial\u00e1la.<\/li>\n<li><strong>Sol\u00e1thra\u00ed \u00dadar\u00e1sach<\/strong>Is sol\u00e1thra\u00ed iontaofa agus \u00fadaraithe \u00e9 Bio Weapons, a shol\u00e1thra\u00edonn f\u00edor-Sodium Seconal do dhaoine aonair ceadaithe a bhfuil oidis bhail\u00ed acu.<\/li>\n<li><strong>Idirbhearta Sl\u00e1na<\/strong>: Cinnt\u00edonn \u00e1r n-ard\u00e1n ar l\u00edne go mb\u00edonn idirbhearta sl\u00e1na ann, ag cosaint d'fhaisn\u00e9ise pearsanta agus airgeadais.<\/li>\n<li><strong>Taca\u00edocht do Chustaim\u00e9ir\u00ed<\/strong>T\u00e1 \u00e1r bhfoireann thiomanta taca\u00edochta do chustaim\u00e9ir\u00ed ar f\u00e1il chun aghaidh a thabhairt ar d'fhiosr\u00fach\u00e1in agus ar do chuid imn\u00ed go pras agus go gairmi\u00fail.<\/li>\n<li><strong>Seachadadh Tr\u00e1th\u00fail<\/strong>: Tugaimid t\u00fas \u00e1ite do sheachadadh \u00e9ifeachtach chun a chinnti\u00fa go sroicheann do Sodium Seconal chugat go pras agus go discr\u00e9ideach.<\/li>\n<\/ol>\n<h4><strong>Cr\u00edoch<\/strong><\/h4>\n<p>T\u00e1 Bio Weapons tiomanta do Sodium Seconal at\u00e1 s\u00e1bh\u00e1ilte, \u00e9ifeachtach agus iontaofa a shol\u00e1thar do dhaoine aonair formheasta a bhfuil oidis bhail\u00ed acu. B\u00edodh muin\u00edn agat asainn do do riachtanais leighis agus bain sult as c\u00e1il\u00edocht agus seirbh\u00eds den scoth.<\/p>\n<p><strong>Ordaigh do Sodium Seconal inniu<\/strong> agus tairbhe a bhaint as \u00e1r dtiomantas don fheabhas i gc\u00faram c\u00f3gais\u00edochta.<\/p>\n<p>Ceannaigh Sodium Seconal d'ardchaighde\u00e1n ag Bio Weapons. Do dhaoine aonair ceadaithe amh\u00e1in a bhfuil oidis acu. Ceannach sl\u00e1n, seachadadh tapa, agus s\u00e1stacht an chustaim\u00e9ara r\u00e1thaithe.<\/p>\n<h4><img decoding=\"async\" class=\"wp-image-502 aligncenter\" src=\"https:\/\/poisonshops.com\/wp-content\/uploads\/2025\/11\/Bio-Weapons-240x300.png\" alt=\"Bithearmair\" width=\"82\" height=\"103\" srcset=\"https:\/\/poisonshops.com\/wp-content\/uploads\/2025\/11\/Bio-Weapons-240x300.png 240w, https:\/\/poisonshops.com\/wp-content\/uploads\/2025\/11\/Bio-Weapons.png 265w\" sizes=\"(max-width: 82px) 100vw, 82px\" \/><\/h4>\n<ol>\n<li>Ceannaigh S\u00f3idiam-Seconal ar l\u00edne<\/li>\n<li>Seconal S\u00f3idiam d'Ardchaighde\u00e1n le haghaidh \u00das\u00e1ide Leighis<\/li>\n<li>Ceannaigh S\u00f3idiam-Seconal go S\u00e1bh\u00e1ilte<\/li>\n<li>Foinse Iontaofa do Chaipis\u00edl\u00ed Sodium Seconal<\/li>\n<li>Ordaigh S\u00f3idiam Seconal go Sl\u00e1n<\/li>\n<li>Seachadadh Tapa ar Sodium Seconal<\/li>\n<li>Sol\u00e1thra\u00ed Iontaofa de Sh\u00f3idiam Seconal<\/li>\n<li>F\u00edor-Sh\u00f3idiam-Seconal ar D\u00edol<\/li>\n<li>Ceannaigh S\u00f3idiam-Seconal \u00f3 Dh\u00edolt\u00f3ir\u00ed \u00dadaraithe<\/li>\n<li>An \u00c1it is Fearr le S\u00f3idiam Seconal a Cheannach Ar L\u00edne<\/li>\n<\/ol>\n<h4><\/h4>\n<p>Sodium Seconal, Ceannaigh Sodium Seconal, Ceannaigh Sodium Seconal, Sodium Seconal ar d\u00edol, Sodium Seconal d'ardchaighde\u00e1n, Ceannach sl\u00e1n Sodium Seconal, Sodium Seconal le h\u00fas\u00e1id leighis, Foinse iontaofa do Sodium Seconal, Ceannaigh Sodium Seconal go dleathach, Sodium Seconal le oideas, Sodium Seconal don \u00e9agchodladh, Ordaigh Sodium Seconal, Sodium Seconal bar\u00e1nt\u00fail, Seachadadh Sodium Seconal, D\u00edolt\u00f3ir iontaofa Sodium Seconal, Ceannaigh Sodium Seconal go s\u00e1bh\u00e1ilte, Sodium Seconal f\u00edor, Sol\u00e1thra\u00ed Sodium Seconal, Sodium Seconal i SAM, Infhaighteacht Sodium Seconal, Seachadadh tapa ar Sodium Seconal, Sodium Seconal ardchaighde\u00e1in, C\u00f3gaslann Sodium Seconal<\/p>\n<h4>Sodium Seconal ar D\u00edol<\/h4>\n<p><img decoding=\"async\" class=\"wp-image-176 aligncenter\" src=\"https:\/\/poisonshops.com\/wp-content\/uploads\/2025\/11\/poison_shop_logo-300x171.png\" alt=\"Siopa\u00ed nimhe\" width=\"140\" height=\"80\" srcset=\"https:\/\/poisonshops.com\/wp-content\/uploads\/2025\/11\/poison_shop_logo-300x171.png 300w, https:\/\/poisonshops.com\/wp-content\/uploads\/2025\/11\/poison_shop_logo.png 563w\" sizes=\"(max-width: 140px) 100vw, 140px\" \/><\/p>","protected":false},"excerpt":{"rendered":"<p>Buy Sodium Seconal Online Note: Sodium Seconal (Secobarbital Sodium) is a potent barbiturate that requires strict medical supervision and should only be used under the guidance of a qualified healthcare provider. Misuse of Sodium Seconal can be hazardous and may lead to severe health risks, including overdose and death. Sodium Seconal For Sale. Welcome to [&hellip;]<\/p>\n","protected":false},"featured_media":264,"comment_status":"open","ping_status":"closed","template":"","meta":[],"product_brand":[],"product_cat":[18],"product_tag":[],"class_list":{"0":"post-101","1":"product","2":"type-product","3":"status-publish","4":"has-post-thumbnail","6":"product_cat-buy-nembutal-pentobarbital","8":"first","9":"instock","10":"shipping-taxable","11":"purchasable","12":"product-type-variable"},"_links":{"self":[{"href":"https:\/\/poisonshops.com\/ga\/wp-json\/wp\/v2\/product\/101","targetHints":{"allow":["GET"]}}],"collection":[{"href":"https:\/\/poisonshops.com\/ga\/wp-json\/wp\/v2\/product"}],"about":[{"href":"https:\/\/poisonshops.com\/ga\/wp-json\/wp\/v2\/types\/product"}],"replies":[{"embeddable":true,"href":"https:\/\/poisonshops.com\/ga\/wp-json\/wp\/v2\/comments?post=101"}],"wp:featuredmedia":[{"embeddable":true,"href":"https:\/\/poisonshops.com\/ga\/wp-json\/wp\/v2\/media\/264"}],"wp:attachment":[{"href":"https:\/\/poisonshops.com\/ga\/wp-json\/wp\/v2\/media?parent=101"}],"wp:term":[{"taxonomy":"product_brand","embeddable":true,"href":"https:\/\/poisonshops.com\/ga\/wp-json\/wp\/v2\/product_brand?post=101"},{"taxonomy":"product_cat","embeddable":true,"href":"https:\/\/poisonshops.com\/ga\/wp-json\/wp\/v2\/product_cat?post=101"},{"taxonomy":"product_tag","embeddable":true,"href":"https:\/\/poisonshops.com\/ga\/wp-json\/wp\/v2\/product_tag?post=101"}],"curies":[{"name":"wp","href":"https:\/\/api.w.org\/{rel}","templated":true}]}}