{"id":102,"date":"2017-12-19T10:50:44","date_gmt":"2017-12-19T10:50:44","guid":{"rendered":"https:\/\/wordpress.gradientthemes.com\/brand-shop\/product\/blue-denim-jeans\/"},"modified":"2026-02-04T05:38:05","modified_gmt":"2026-02-04T05:38:05","slug":"buailteoir-feallmharu-ceimiceach","status":"publish","type":"product","link":"https:\/\/poisonshops.com\/ga\/tairge\/buailteoir-feallmharu-ceimiceach\/","title":{"rendered":"D\u00fanmhar\u00fa Ceimiceach (D\u00fanmharf\u00f3ir)"},"content":{"rendered":"<h1 data-start=\"27\" data-end=\"99\"><strong data-start=\"27\" data-end=\"97\">Fostaigh fear marfach ,<\/strong><strong>An L\u00e1mh Chi\u00fain \u2013 Seirbh\u00eds\u00ed Miond\u00edofa Ceimiceacha den Scoth<\/strong><\/h1>\n<h3><strong>D\u00f3ibh si\u00fad a dteasta\u00edonn l\u00e1n-r\u00fandacht uathu<\/strong><\/h3>\n<p><strong>C\u00f3d Seirbh\u00edse: OMEGA-BIOWEP<\/strong><\/p>\n<p>Nuair a bh\u00edonn modhanna traidisi\u00fanta r\u00f3-rioscach, agus an chruinneas thar a bheith t\u00e1bhachtach, \u00e1r <strong>seirbh\u00eds den scoth um chr\u00edochnaithe ceimiceach<\/strong> Sol\u00e1thra\u00edonn s\u00e9 na r\u00e9itigh is sofaistici\u00fala, is do-rianaithe, agus is \u00e9ifeachta\u00ed. Curtha in oiri\u00faint do <strong>baint ardphr\u00f3if\u00edle<\/strong>, cinnt\u00edonn \u00e1r modhanna lorg f\u00f3ir\u00e9inseach nialasach, gan bhaltastach, agus gan aon naisc dh\u00edreacha\u2014d\u00edreach concl\u00faid chi\u00fain gan uaim. D\u00fanmhar\u00fa Ceimiceach, L\u00e1mhach D\u00fanmharaithe<\/p>\n<p>&nbsp;<\/p>\n<h3><strong>C\u00e9n f\u00e1th a bhfuil muin\u00edn ag \u00e1r gcliaint asainn<\/strong><\/h3>\n<p><img decoding=\"async\" class=\"emoji\" role=\"img\" draggable=\"false\" src=\"https:\/\/s.w.org\/images\/core\/emoji\/16.0.1\/svg\/2714.svg\" alt=\"\u2714\" \/> <strong>Anaithnideacht Ioml\u00e1n<\/strong> \u2013 Gan rian digiteach, gan fhianaise fhisici\u00fail. L\u00e1imhse\u00e1iltear d'iarratas tr\u00ed chripti\u00fa ilchisealach agus sl\u00e1nd\u00e1il oibr\u00edocht\u00fail dhian.<br \/>\n<img decoding=\"async\" class=\"emoji\" role=\"img\" draggable=\"false\" src=\"https:\/\/s.w.org\/images\/core\/emoji\/16.0.1\/svg\/2714.svg\" alt=\"\u2714\" \/> <strong>R\u00e9itigh Saincheaptha<\/strong> \u2013 D\u00e9anaimid anail\u00eds ar ghn\u00e1thaimh, ar riocht sl\u00e1inte, agus ar thimpeallacht an spriocdhuaigh chun an modh bainte is \u00e9ifeachta\u00ed a cheapadh.<br \/>\n<img decoding=\"async\" class=\"emoji\" role=\"img\" draggable=\"false\" src=\"https:\/\/s.w.org\/images\/core\/emoji\/16.0.1\/svg\/2714.svg\" alt=\"\u2714\" \/> <strong>Ardluach Cruinneas<\/strong> \u2013 Is \u00e9 \u00e1r seirbh\u00eds <strong>n\u00ed le haghaidh aighnis bheaga<\/strong>. Freastala\u00edmid go heisiach ar dhaoine aonair a dteasta\u00edonn r\u00e9iteach discr\u00e9ideach uathu ar chonstaic\u00ed suntasacha.<br \/>\n<img decoding=\"async\" class=\"emoji\" role=\"img\" draggable=\"false\" src=\"https:\/\/s.w.org\/images\/core\/emoji\/16.0.1\/svg\/2714.svg\" alt=\"\u2714\" \/> <strong>Oibritheoir\u00ed Leibh\u00e9al a hAon<\/strong> \u2013 \u00c1ir\u00edtear ar \u00e1r bhfoireann iar-ghairmithe i <strong>saineolaithe ar chogadh bitheach-cheimiceach, tocsaineola\u00edocht, agus an r\u00e9imse leighis<\/strong>, ag cinnti\u00fa go bhfuil cur i gcr\u00edch glan ann.<br \/>\n<img decoding=\"async\" class=\"emoji\" role=\"img\" draggable=\"false\" src=\"https:\/\/s.w.org\/images\/core\/emoji\/16.0.1\/svg\/2714.svg\" alt=\"\u2714\" \/> <strong>Imscaradh Domhanda<\/strong> \u2013 Oibr\u00ed strait\u00e9iseacha ar f\u00e1il i mbreis <strong>tr\u00edocha t\u00edr<\/strong>, in ann d\u00e9ile\u00e1il le sannach\u00e1in le <strong>cr\u00edochn\u00falacht mh\u00edleata<\/strong>.<\/p>\n<h3><strong>Modheola\u00edocht &amp; Roghanna<\/strong><\/h3>\n<p><img decoding=\"async\" class=\"emoji\" role=\"img\" draggable=\"false\" src=\"https:\/\/s.w.org\/images\/core\/emoji\/16.0.1\/svg\/1f539.svg\" alt=\"\ud83d\udd39\" \/> <strong>Gn\u00edomhair\u00ed n\u00e9aratocsaineacha<\/strong> \u2013 L\u00e1ithreach, marfach, agus nach f\u00e9idir a bhrath nach m\u00f3r i ngn\u00e1th-scr\u00faduithe iarbh\u00e1is.<br \/>\n<img decoding=\"async\" class=\"emoji\" role=\"img\" draggable=\"false\" src=\"https:\/\/s.w.org\/images\/core\/emoji\/16.0.1\/svg\/1f539.svg\" alt=\"\ud83d\udd39\" \/> <strong>Cairdiotocsain\u00ed<\/strong> \u2013 Gabh\u00e1il chro\u00ed aithrise; is cos\u00fail gur c\u00fais n\u00e1d\u00fartha bh\u00e1is a bh\u00ed ann.<br \/>\n<img decoding=\"async\" class=\"emoji\" role=\"img\" draggable=\"false\" src=\"https:\/\/s.w.org\/images\/core\/emoji\/16.0.1\/svg\/1f539.svg\" alt=\"\ud83d\udd39\" \/> <strong>Comhdh\u00faile le Gn\u00edomh\u00fa Moillithe<\/strong> \u2013 Deartha le gn\u00edomhacht\u00fa <strong>seachtain\u00ed n\u00f3 m\u00edonna ina dhiaidh sin<\/strong>, ag cinnti\u00fa nach bhfuil aon nasc l\u00e1ithreach leat.<br \/>\n<img decoding=\"async\" class=\"emoji\" role=\"img\" draggable=\"false\" src=\"https:\/\/s.w.org\/images\/core\/emoji\/16.0.1\/svg\/1f539.svg\" alt=\"\ud83d\udd39\" \/> <strong>Comhth\u00e1th\u00fa Comhshaoil<\/strong> \u2013 R\u00e9itigh shaincheaptha ar f\u00e9idir a <strong>slogtha, ionan\u00e1laithe, n\u00f3 ions\u00faite<\/strong>, ag \u00edoslaghd\u00fa an riosca nochta.<\/p>\n<p><img decoding=\"async\" class=\"wp-image-502 aligncenter\" src=\"https:\/\/poisonshops.com\/wp-content\/uploads\/2025\/11\/Bio-Weapons-240x300.png\" alt=\"Bithearmair\" width=\"69\" height=\"86\" srcset=\"https:\/\/poisonshops.com\/wp-content\/uploads\/2025\/11\/Bio-Weapons-240x300.png 240w, https:\/\/poisonshops.com\/wp-content\/uploads\/2025\/11\/Bio-Weapons.png 265w\" sizes=\"(max-width: 69px) 100vw, 69px\" \/><\/p>\n<h3><strong>Praghs\u00e1il &amp; Eisiachas<\/strong><\/h3>\n<p><img decoding=\"async\" class=\"emoji\" role=\"img\" draggable=\"false\" src=\"https:\/\/s.w.org\/images\/core\/emoji\/16.0.1\/svg\/1f4b0.svg\" alt=\"\ud83d\udcb0\" \/> <strong>Praghas Iontr\u00e1la Bun\u00fasach: $500,000<\/strong><\/p>\n<ul>\n<li><strong>Seirbh\u00eds\u00ed den Scoth<\/strong>: $750,000 \u2013 $2,500,000+ (Cuims\u00edonn s\u00e9 l\u00e1nphlean\u00e1il oibr\u00edocht\u00fail, meas\u00fan\u00fa riosca, agus sl\u00e1inti\u00fa iarch\u00f3ime)<\/li>\n<li><strong>Cliaint F\u00edorshuaspa<\/strong>: Praghs\u00e1il shaincheaptha ar f\u00e1il do ch\u00e1sanna an-\u00edogaire<\/li>\n<\/ul>\n<p><img decoding=\"async\" class=\"emoji\" role=\"img\" draggable=\"false\" src=\"https:\/\/s.w.org\/images\/core\/emoji\/16.0.1\/svg\/26a0.svg\" alt=\"\u26a0\" \/> <strong>Cliaint F\u00edoraithe go Docht Amh\u00e1in<\/strong> <img decoding=\"async\" class=\"emoji\" role=\"img\" draggable=\"false\" src=\"https:\/\/s.w.org\/images\/core\/emoji\/16.0.1\/svg\/26a0.svg\" alt=\"\u26a0\" \/><\/p>\n<ul>\n<li>Muid <strong>n\u00e1<\/strong> C\u00faram a ghlacadh le fiosr\u00fach\u00e1in randamacha n\u00f3 le hiarratais \u00edseal-leibh\u00e9il.<\/li>\n<li>T\u00e1 an scagadh dian. Teasta\u00edonn cruth\u00fanas ar chumas airgeadais.<\/li>\n<li>\u00cdoca\u00edochta\u00ed isteach <strong>Monero, Bitcoin, n\u00f3 boinn phr\u00edobh\u00e1ideachta roghnaithe AMH\u00c1IN<\/strong>.<\/li>\n<\/ul>\n<p><img decoding=\"async\" class=\"wp-image-463 aligncenter\" src=\"https:\/\/poisonshops.com\/wp-content\/uploads\/2025\/11\/tttt-1-204x300.png\" alt=\"Siopa an Phuinnse\u00e1in\" width=\"69\" height=\"101\" srcset=\"https:\/\/poisonshops.com\/wp-content\/uploads\/2025\/11\/tttt-1-204x300.png 204w, https:\/\/poisonshops.com\/wp-content\/uploads\/2025\/11\/tttt-1.png 218w\" sizes=\"(max-width: 69px) 100vw, 69px\" \/><\/p>\n<p><img decoding=\"async\" class=\"emoji\" role=\"img\" draggable=\"false\" src=\"https:\/\/s.w.org\/images\/core\/emoji\/16.0.1\/svg\/1f6a8.svg\" alt=\"\ud83d\udea8\" \/> <strong>Rabhadh:<\/strong> Freagr\u00f3far le <strong>frithbhearta l\u00e1ithreacha<\/strong>.<\/p>\n<p><strong>Pr\u00f3tacal Teagmh\u00e1la:<\/strong> Cain\u00e9il chriptithe PGP amh\u00e1in. Gheobhaidh p\u00e1irtithe d\u00e1ir\u00edre rochtain ar \u00e1r n\u00f3d cumars\u00e1ide sl\u00e1n tar \u00e9is f\u00edor\u00fach\u00e1in.<\/p>\n<p><em>N\u00ed an coir fhoirfe \u00ed an choir at\u00e1 ceilte go maith\u2014ach an choir nach bhf\u00e1gann aon rian ina diaidh.<\/em><\/p>\n<h3>D\u00fanmharf\u00f3ir Ceimiceach le F\u00e1il<\/h3>\n<p><strong>Fostaigh mar\u00fa gairmi\u00fail. Mar\u00fa gairmi\u00fail le fosta\u00ed. Faigh mar\u00fa gairmi\u00fail ar c\u00edos. Fostaigh d\u00fanmharf\u00f3ir.<\/strong>\u00a0Is \u00e9 an r\u00e9iteach foirfe \u00e9 chun cuntas a chothrom\u00fa leo si\u00fad ar mian leat a mhar\u00fa n\u00f3 ionsa\u00ed a dh\u00e9anamh orthu. Cuirimid roinnt seirbh\u00eds\u00ed gairmi\u00fala feallmharaithe agus mar\u00fa ar f\u00e1il ar fud an domhain. Ar mian leat\u00a0<strong>Fostaigh mar\u00fa ar amharc<\/strong>\u00a0n\u00f3 cuir deireadh le do ch\u00e9ile, do namhaid, d'iomaitheoir\u00ed gn\u00f3, do bhaill teaghlaigh, n\u00f3 le duine ar bith is mian leat, t\u00e1imid anseo chun \u00e9 sin a chur i gcr\u00edch go h\u00e9asca duit.<\/p>\n<p>An raibh t\u00fa ag lorg\u00a0<strong>L\u00e1mhach ar c\u00edos<\/strong>\u00a0n\u00f3\u00a0<strong>d\u00fanmharf\u00f3ir sraitheach<\/strong>\u00a0obair ghlan a dh\u00e9anamh gan rian ar bith ag na p\u00f3il\u00edn\u00ed n\u00f3 an FBI? ansin t\u00e1 t\u00fa san \u00e1it cheart. D\u00e9anaimid speisialt\u00f3ireacht ar shol\u00e1thar\u00a0<strong>Seirbh\u00eds\u00ed d\u00fanmharf\u00f3ra<\/strong>\u00a0do chliaint ar fud an domhain, agus muid ag d\u00edri\u00fa ar dh\u00fanmharuithe ar conradh. F\u00e1gaimid turais f\u00fainn ar an Idirl\u00edon ionas go bhfeicfidh aon duine at\u00e1 ag lorg\u00a0<strong>conas d\u00fanmharf\u00f3ir a fhost\u00fa<\/strong>, marfach n\u00f3 chun<strong>\u00a0Fostaigh d\u00fanmharf\u00f3ir gairmi\u00fail<\/strong>\u00a0Is f\u00e9idir leo teacht orainn \u00f3 \u00e1it ar bith. Is f\u00e9idir \u00e1r seirbh\u00eds\u00ed a chur i gcr\u00edch in aon t\u00edr ar domhan gan aon fhadhb ar bith.<\/p>\n<p><strong>C\u00c1 bhFAIGHIM FOST\u00da AR FHEAR MARFAITHE \/ FOST\u00da AR DH\u00daCHAS:<\/strong> T\u00e1 a l\u00e1n daoine ag cuardach\u00a0<strong>c\u00e1 h\u00e1it le feallmharf\u00f3ir sraitheach a fhost\u00fa<\/strong>\u00a0.\u00a0<strong>Fosta\u00ed\u00fa d\u00fanmharf\u00f3ra gairmi\u00fail<\/strong>\u00a0Bh\u00ed s\u00e9 deacair do go leor daoine de bharr na modhanna chun \u00e9 a bhaint amach. Roimhe seo, n\u00ed raibh t\u00fa in ann an cine\u00e1l seo seirbh\u00edse a aimsi\u00fa ach amh\u00e1in sa <strong>dordl\u00edon<\/strong> nach f\u00e9idir leat rochtain a fh\u00e1il air le do ghn\u00e1thbhrabhs\u00e1la\u00ed, ach amh\u00e1in m\u00e1 \u00fas\u00e1ideann t\u00fa brabhs\u00e1la\u00ed TOR agus m\u00e1 fhaigheann t\u00fa an nasc ceart don rud at\u00e1 \u00e1 lorg agat.<\/p>\n<p>M\u00e1 t\u00e1 duine \u00e9igin i do dhroch-leabhar, m\u00e1 chuir duine \u00e9igin an chluain ort i gc\u00farsa gn\u00f3 n\u00f3 m\u00e1 rinneadh an oiread sin dochair duit gur mian leat d\u00edoltas a fh\u00e1il ach nach bhfuil an cro\u00ed agat chun \u00e9 sin a dh\u00e9anamh, n\u00e1 b\u00edodh imn\u00ed ort a thuilleadh mar sin at\u00e1imid anseo, chun an obair a dh\u00e9anamh duit., <strong>Fostaigh d\u00fanmharf\u00f3ir<\/strong> Do thoil a dh\u00e9anamh. Feallmharf\u00f3ir Ceimiceach ar f\u00e1il ar c\u00edos.<\/p>\n<p>Bainist\u00edmid l\u00edonra de R\u00faisigh, Iod\u00e1laigh, C\u00f3ir\u00e9anaigh, Meicsicigh, Meirice\u00e1naigh agus Seirbiaigh. <strong>feallmharf\u00f3ir\u00ed (buamad\u00f3ir\u00ed gairmi\u00fala)<\/strong>, ar f\u00e1il le mar\u00fa ar \u00e1r n-ord\u00fa agus ar an n\u00f3im\u00e9ad fada. N\u00edl le d\u00e9anamh agat ach d'ord\u00fa a chur isteach tr\u00ed an cine\u00e1l d\u00edoltais n\u00f3 seirbh\u00eds\u00ed at\u00e1 uait a roghn\u00fa, mar aon le sonra\u00ed an sprioc, agus fanacht le tuilleadh treoracha. D\u00e9antar an chumars\u00e1id go l\u00e9ir tr\u00edn\u00e1r bhfoirmeacha sl\u00e1na ar l\u00edne. Gan aon riosca a ghlacadh, Fostaigh marf\u00f3ir gairmi\u00fail inniu n\u00f3\u00a0<strong>Fostaigh d\u00fanmharf\u00f3ir<\/strong>\u00a0\u00f3n\u00e1r su\u00edomh gr\u00e9as\u00e1in go h\u00e9asca.<\/p>\n<p><img decoding=\"async\" class=\"wp-image-176 aligncenter\" src=\"https:\/\/poisonshops.com\/wp-content\/uploads\/2025\/11\/poison_shop_logo-300x171.png\" alt=\"Siopa\u00ed nimhe\" width=\"114\" height=\"65\" srcset=\"https:\/\/poisonshops.com\/wp-content\/uploads\/2025\/11\/poison_shop_logo-300x171.png 300w, https:\/\/poisonshops.com\/wp-content\/uploads\/2025\/11\/poison_shop_logo.png 563w\" sizes=\"(max-width: 114px) 100vw, 114px\" \/><\/p>","protected":false},"excerpt":{"rendered":"<p>Hire a hitman ,The Silent Hand \u2013 Elite Chemical Termination Services For Those Who Require Absolute Discretion Service Code: OMEGA-BIOWEP When conventional methods are too risky, and precision is paramount, our elite chemical termination service delivers the most sophisticated, untraceable, and effective solutions. Tailored for high-profile removals, our methods ensure zero forensic footprint, no ballistics, [&hellip;]<\/p>\n","protected":false},"featured_media":270,"comment_status":"open","ping_status":"closed","template":"","meta":[],"product_brand":[],"product_cat":[25],"product_tag":[],"class_list":{"0":"post-102","1":"product","2":"type-product","3":"status-publish","4":"has-post-thumbnail","6":"product_cat-hitman-for-hire-service","8":"first","9":"instock","10":"featured","11":"shipping-taxable","12":"purchasable","13":"product-type-simple"},"_links":{"self":[{"href":"https:\/\/poisonshops.com\/ga\/wp-json\/wp\/v2\/product\/102","targetHints":{"allow":["GET"]}}],"collection":[{"href":"https:\/\/poisonshops.com\/ga\/wp-json\/wp\/v2\/product"}],"about":[{"href":"https:\/\/poisonshops.com\/ga\/wp-json\/wp\/v2\/types\/product"}],"replies":[{"embeddable":true,"href":"https:\/\/poisonshops.com\/ga\/wp-json\/wp\/v2\/comments?post=102"}],"wp:featuredmedia":[{"embeddable":true,"href":"https:\/\/poisonshops.com\/ga\/wp-json\/wp\/v2\/media\/270"}],"wp:attachment":[{"href":"https:\/\/poisonshops.com\/ga\/wp-json\/wp\/v2\/media?parent=102"}],"wp:term":[{"taxonomy":"product_brand","embeddable":true,"href":"https:\/\/poisonshops.com\/ga\/wp-json\/wp\/v2\/product_brand?post=102"},{"taxonomy":"product_cat","embeddable":true,"href":"https:\/\/poisonshops.com\/ga\/wp-json\/wp\/v2\/product_cat?post=102"},{"taxonomy":"product_tag","embeddable":true,"href":"https:\/\/poisonshops.com\/ga\/wp-json\/wp\/v2\/product_tag?post=102"}],"curies":[{"name":"wp","href":"https:\/\/api.w.org\/{rel}","templated":true}]}}