{"id":103,"date":"2017-12-19T10:50:33","date_gmt":"2017-12-19T10:50:33","guid":{"rendered":"https:\/\/wordpress.gradientthemes.com\/brand-shop\/product\/basic-gray-jeans\/"},"modified":"2026-04-16T01:29:43","modified_gmt":"2026-04-16T01:29:43","slug":"nimh-aconitine","status":"publish","type":"product","link":"https:\/\/poisonshops.com\/ga\/tairge\/nimh-aconitine\/","title":{"rendered":"P\u00e9ac\u00e1n Aic\u00f3nait\u00edn"},"content":{"rendered":"<h2>Poisin Aic\u00f3nait\u00edn ar D\u00edol<\/h2>\n<h4>Forl\u00e9argas<\/h4>\n<p>Is alcal\u00f3ide an-tocsaineach \u00e9 an aconait\u00edn a fhaightear i speicis \u00e9ags\u00fala planda\u00ed de gh\u00e9ineas Aconitum, ar a dtugtar aconait n\u00f3 clog an mhaighdean go coitianta. T\u00e1 droch-ch\u00e1il air as a \u00e9ifeachta\u00ed cumhachtacha caird-thocsaineacha agus n\u00e9ar-thocsaineacha.<\/p>\n<h4>Meicn\u00edocht Gn\u00edomha\u00edochta<\/h4>\n<p>Feidhm\u00edonn aconot\u00edn tr\u00ed cheangal le cain\u00e9il s\u00f3idiam voltais-gheataithe agus iad a ghn\u00edomhacht\u00fa i gcealla n\u00e9ar\u00f3g agus mat\u00e1in. B\u00edonn di-pholara\u00edocht fhadaithe ar mheabhra\u00e1in na gceall mar thoradh air seo, rud a chuirann isteach ar an ngn\u00e1thghn\u00edomha\u00edocht leictreach sa chro\u00ed agus sa n\u00e9arch\u00f3ras.<\/p>\n<h4>An chaoi a n-oibr\u00edonn s\u00e9<\/h4>\n<p>Is f\u00e9idir a bheith nochtaithe d'ac\u00f3nait\u00edn tr\u00edna shlogadh n\u00f3 tr\u00ed theagmh\u00e1il chraicinn le planda\u00ed \u00e9illithe n\u00f3 le hullmh\u00f3id\u00ed luibhe. B\u00edonn tionchar tapa aige ar an gc\u00f3ras cardashoith\u00edoch agus ar an gc\u00f3ras n\u00e9ar\u00f3gach, agus is iad siompt\u00f3im a thagann as n\u00e1 arraitmia\u00ed, taomanna, agus cliseadh riospr\u00e1ide.<\/p>\n<h4>An m\u00e9id is g\u00e1 chun dochar a dh\u00e9anamh<\/h4>\n<p>T\u00e1 aconait\u00edn thar a bheith l\u00e1idir, agus is f\u00e9idir le m\u00e9ideanna beaga a bheith marfach. Is f\u00e9idir leis an d\u00e1ileog mharfach a bheith an-\u00e9ags\u00fail ag brath ar fhacht\u00f3ir\u00ed ar n\u00f3s sl\u00e1inte an duine aonair agus ti\u00fachan an aconait\u00edn sa phlanda n\u00f3 san ullmh\u00f3id.<\/p>\n<h4>Comhartha\u00ed agus Siompt\u00f3im<\/h4>\n<p>I measc na siompt\u00f3m a bhaineann le nimhi\u00fa aconit\u00edn, t\u00e1:<\/p>\n<ul>\n<li><strong>Siompt\u00f3im Luatha<\/strong>: T\u00e1mh agus greann\u00e1n timpeall an chinn agus na n-eascra\u00ed.<\/li>\n<li><strong>Siompt\u00f3im dhul chun cinn<\/strong>: Masmas g\u00e9ar, urlacan, pian sa bholg, buill\u00ed cro\u00ed neamhrialta, laige mat\u00e1in, agus arrhythmia\u00ed a d'fh\u00e9adfadh a bheith marfach.<\/li>\n<\/ul>\n<h4>Foins\u00ed agus D\u00e1ileadh<\/h4>\n<p>Is i bhfr\u00e9amhacha, duilleoga, agus s\u00edolta na bplanda\u00ed sa gh\u00e9ineas Aconitum a fhaightear aconot\u00edn go pr\u00edomha, planda\u00ed at\u00e1 le f\u00e1il i gceantair mheasartha ar fud an domhain. \u00das\u00e1idtear iad i leigheas traidisi\u00fanta agus mar phlanda\u00ed maisi\u00fala.<\/p>\n<h4>Brath agus C\u00f3ire\u00e1il<\/h4>\n<ul>\n<li><strong>Brath<\/strong>: B\u00edonn an diagn\u00f3is bunaithe ar air\u00edonna agus ar stair nochta do phlanda\u00ed n\u00f3 d'ullmh\u00f3ga ina bhfuil ac\u00f3nait.<\/li>\n<li><strong>C\u00f3ire\u00e1il<\/strong>N\u00edl aon antasubstaint ar leith ann do nimhi\u00fa aconit\u00edn. D\u00edr\u00edonn an ch\u00f3ire\u00e1il ar ch\u00faram taca\u00edochta, lena n-\u00e1ir\u00edtear taca\u00edocht riospr\u00e1ide agus chardashoith\u00edoch, chomh maith le d\u00edghalr\u00fa gastraist\u00e9igeach m\u00e1 t\u00e1 an t-ions\u00fa d\u00e9anta le d\u00e9ana\u00ed.<\/li>\n<\/ul>\n<p><img decoding=\"async\" class=\"wp-image-463 aligncenter\" src=\"https:\/\/poisonshops.com\/wp-content\/uploads\/2025\/11\/tttt-1-204x300.png\" alt=\"Siopa an Phuinnse\u00e1in\" width=\"65\" height=\"95\" srcset=\"https:\/\/poisonshops.com\/wp-content\/uploads\/2025\/11\/tttt-1-204x300.png 204w, https:\/\/poisonshops.com\/wp-content\/uploads\/2025\/11\/tttt-1.png 218w\" sizes=\"(max-width: 65px) 100vw, 65px\" \/><\/p>\n<h4>Cosc<\/h4>\n<ul>\n<li><strong>Bearta S\u00e1bh\u00e1ilteachta<\/strong>Seachain planda\u00ed fi\u00e1ine de gh\u00e9ineas Aconitum a l\u00e1imhse\u00e1il n\u00f3 a ithe. T\u00e1 oideachas agus feasacht chu\u00ed riachtanach chun nimhi\u00fa tr\u00ed thimpiste a chosc.<\/li>\n<\/ul>\n<h4>Cr\u00edoch<\/h4>\n<p>Alcaileat\u00f3id an-tocsaineach is ea Aconait\u00edn a fhaightear i bplanda\u00ed de gh\u00e9ineas Aconitum, a bhfuil c\u00e1il air as a \u00e9ifeachta\u00ed tromch\u00faiseacha cairdiotocsaineacha agus n\u00e9ar-tocsaineacha. T\u00e1 s\u00e9 r\u00edth\u00e1bhachtach tuiscint a bheith ar a mheicn\u00edochta\u00ed, ar air\u00edonna nimhithe, agus ar na bearta s\u00e1bh\u00e1ilteachta cu\u00ed chun nochtadh tr\u00ed thimpiste a chosc agus chun idirghabh\u00e1il leighis l\u00e1ithreach a chinnti\u00fa. <span class=\"single-product-category\">ceannaigh ceimice\u00e1in taighde, ceimice\u00e1in taighde ar d\u00edol.<strong> Ceannaigh nimheanna agus tocsain\u00ed gan ainm.<\/strong><\/span><\/p>\n<p><img decoding=\"async\" class=\"wp-image-502 aligncenter\" src=\"https:\/\/poisonshops.com\/wp-content\/uploads\/2025\/11\/Bio-Weapons-240x300.png\" alt=\"Bithearmair\" width=\"73\" height=\"91\" srcset=\"https:\/\/poisonshops.com\/wp-content\/uploads\/2025\/11\/Bio-Weapons-240x300.png 240w, https:\/\/poisonshops.com\/wp-content\/uploads\/2025\/11\/Bio-Weapons.png 265w\" sizes=\"(max-width: 73px) 100vw, 73px\" \/><\/p>\n<h4>Ceimice\u00e1in taighde le d\u00edol<\/h4>\n<p>Alcaileat\u00f3id an-tocsaineach is ea Aconait\u00edn a fhaightear i bplanda\u00ed de gh\u00e9ineas Aconitum, a bhfuil c\u00e1il air as a \u00e9ifeachta\u00ed tromch\u00faiseacha cairdiotocsaineacha agus n\u00e9ar-tocsaineacha. T\u00e1 s\u00e9 r\u00edth\u00e1bhachtach tuiscint a bheith ar a mheicn\u00edochta\u00ed, ar air\u00edonna nimhithe, agus ar na bearta s\u00e1bh\u00e1ilteachta cu\u00ed chun nochtadh tr\u00ed thimpiste a chosc agus chun idirghabh\u00e1il leighis l\u00e1ithreach a chinnti\u00fa.<\/p>\n<p>Is f\u00e9idir a bheith nochtaithe d'ac\u00f3nait\u00edn tr\u00edna shlogadh n\u00f3 tr\u00ed theagmh\u00e1il chraicinn le planda\u00ed \u00e9illithe n\u00f3 le hullmh\u00f3id\u00ed luibhe. B\u00edonn tionchar tapa aige ar an gc\u00f3ras cardashoith\u00edoch agus ar an gc\u00f3ras n\u00e9ar\u00f3gach, agus is iad siompt\u00f3im a thagann as n\u00e1 arraitmia\u00ed, taomanna, agus cliseadh riospr\u00e1ide.<\/p>\n<p><span class=\"kY2IgmnCmOGjharHErah\">An \u00c1it is Fearr le Siandaid, Arsanaic, agus Nimheanna Planda\u00ed a Cheannach \u2013 Arm Biola\u00edochta ar F\u00e1il: Ceannaigh nimheanna agus tocsain\u00ed, ceannaigh Gn\u00edomhaire N\u00e9ar\u00f3gach VX, Aicneat\u00edn, Arsanaic, Batrachotocsain, Tocsain Bhotulach, Siandaid, D\u00edm\u00e9ilmeircearc, Maitotocsain, Pol\u00f3iniam-210, Nimh Ricin, Nimh Sarin, Nimh Tetradotocsain<\/span><\/p>\n<p><span class=\"kY2IgmnCmOGjharHErah\">Siopa Nimheanna ar D\u00edol. Is annamh a tharla\u00edonn nimhi\u00fa acan\u00f3it\u00edn anois, ach tarla\u00edonn s\u00e9 f\u00f3s tr\u00ed \u00e1bhar planda\u00ed a shlogadh de thaisme n\u00f3 tr\u00ed nimhi\u00fa d'aon ghn\u00f3. Ceannaigh Nimh Acon\u00f3it\u00edn ar l\u00edne.<\/span><\/p>\n<p><span class=\"kY2IgmnCmOGjharHErah\"><b>Aic\u00f3nait\u00edn<\/b> <b>Poc\u00e1n<\/b> Is alcal\u00f3ide an-tocsaineach \u00e9 a fhaightear i speicis \u00e9ags\u00fala planda\u00ed den gh\u00e9ineas Aconitum, ar a dtugtar aconait n\u00f3 clog an mhanach go coitianta. T\u00e1 droch-ch\u00e1il air as a \u00e9ifeachta\u00ed cumhachtacha cairditeocsaineacha agus n\u00e9ar-tocsaineacha. ceimice\u00e1in taighde le d\u00edol Meicn\u00edocht Gn\u00edomha\u00edochta <b>Aic\u00f3nait\u00edn<\/b> gn\u00edomha\u00edonn s\u00e9 tr\u00ed cheangal le cain\u00e9il s\u00f3idiam voltas-gheataithe agus iad a ghn\u00edomhacht\u00fa i gcealla n\u00e9ar\u00f3g agus mat\u00e1in. As seo, eascra\u00edonn <\/span><\/p>\n<p><span class=\"kY2IgmnCmOGjharHErah\">Atropan, <b>Aic\u00f3nait\u00edn<\/b>, Strychnine, agus Digitalis \u2013 Le haghaidh taighde ar an gcro\u00ed agus ar an gc\u00f3ras n\u00e9ar\u00f3gach. Colchicine &amp; Oleandrin \u2013 R\u00edth\u00e1bhachtach do thaighde ar ailse. Coniine &amp; Taxine \u2013 Clasaiceach <b>nimheanna<\/b> le haghaidh feidhmeanna tocsaineola\u00edocha.<\/span><\/p>\n<p><span class=\"kY2IgmnCmOGjharHErah\"> <b>ac\u00f3nait\u00edn<\/b>, <b>ac\u00f3nait\u00edn<\/b> agus mat\u00e1in, <b>ac\u00f3nait\u00edn<\/b> agus an c\u00f3ras n\u00e9ar\u00f3gach, <b>ac\u00f3nait\u00edn<\/b> agus cliseadh riospr\u00e1ide, <b>ac\u00f3nait\u00edn<\/b> bacteria, <b>ac\u00f3nait\u00edn<\/b> brath, <b>ac\u00f3nait\u00edn<\/b> i bplanda\u00ed, <b>ac\u00f3nait\u00edn<\/b> i mbia mara, <b>ac\u00f3nait\u00edn<\/b> siompt\u00f3im nimhithe, <b>ac\u00f3nait\u00edn<\/b> staitistic\u00ed, <b>ac\u00f3nait\u00edn<\/b> teiripe, frithnimh do <b>ac\u00f3nait\u00edn<\/b>, <\/span><\/p>\n<p><img decoding=\"async\" class=\"wp-image-176 aligncenter\" src=\"https:\/\/poisonshops.com\/wp-content\/uploads\/2025\/11\/poison_shop_logo-300x171.png\" alt=\"Siopa\u00ed nimhe\" width=\"91\" height=\"52\" srcset=\"https:\/\/poisonshops.com\/wp-content\/uploads\/2025\/11\/poison_shop_logo-300x171.png 300w, https:\/\/poisonshops.com\/wp-content\/uploads\/2025\/11\/poison_shop_logo.png 563w\" sizes=\"(max-width: 91px) 100vw, 91px\" \/><\/p>","protected":false},"excerpt":{"rendered":"<p>Aconitine Poison For Sale Overview Aconitine is a highly toxic alkaloid found in various species of plants belonging to the Aconitum genus, commonly known as aconite or monkshood. It is infamous for its potent cardiotoxic and neurotoxic effects. Mechanism of Action Aconitine acts by binding to and activating voltage-gated sodium channels in nerve and muscle [&hellip;]<\/p>\n","protected":false},"featured_media":272,"comment_status":"open","ping_status":"closed","template":"","meta":[],"product_brand":[],"product_cat":[17],"product_tag":[],"class_list":{"0":"post-103","1":"product","2":"type-product","3":"status-publish","4":"has-post-thumbnail","6":"product_cat-poisons-for-sale","8":"first","9":"instock","10":"featured","11":"shipping-taxable","12":"purchasable","13":"product-type-variable"},"_links":{"self":[{"href":"https:\/\/poisonshops.com\/ga\/wp-json\/wp\/v2\/product\/103","targetHints":{"allow":["GET"]}}],"collection":[{"href":"https:\/\/poisonshops.com\/ga\/wp-json\/wp\/v2\/product"}],"about":[{"href":"https:\/\/poisonshops.com\/ga\/wp-json\/wp\/v2\/types\/product"}],"replies":[{"embeddable":true,"href":"https:\/\/poisonshops.com\/ga\/wp-json\/wp\/v2\/comments?post=103"}],"wp:featuredmedia":[{"embeddable":true,"href":"https:\/\/poisonshops.com\/ga\/wp-json\/wp\/v2\/media\/272"}],"wp:attachment":[{"href":"https:\/\/poisonshops.com\/ga\/wp-json\/wp\/v2\/media?parent=103"}],"wp:term":[{"taxonomy":"product_brand","embeddable":true,"href":"https:\/\/poisonshops.com\/ga\/wp-json\/wp\/v2\/product_brand?post=103"},{"taxonomy":"product_cat","embeddable":true,"href":"https:\/\/poisonshops.com\/ga\/wp-json\/wp\/v2\/product_cat?post=103"},{"taxonomy":"product_tag","embeddable":true,"href":"https:\/\/poisonshops.com\/ga\/wp-json\/wp\/v2\/product_tag?post=103"}],"curies":[{"name":"wp","href":"https:\/\/api.w.org\/{rel}","templated":true}]}}