{"id":106,"date":"2017-12-19T09:56:35","date_gmt":"2017-12-19T09:56:35","guid":{"rendered":"https:\/\/wordpress.gradientthemes.com\/brand-shop\/product\/lemons-tshirt\/"},"modified":"2025-12-06T15:08:12","modified_gmt":"2025-12-06T15:08:12","slug":"tocsain-botulinum-a-cheannach","status":"publish","type":"product","link":"https:\/\/poisonshops.com\/ga\/tairge\/tocsain-botulinum-a-cheannach\/","title":{"rendered":"Tocsain Bhaitil\u00e9ineach (N\u00ed f\u00e9idir an ch\u00fais bh\u00e1is a chinneadh le h-othops)"},"content":{"rendered":"<h2>Ceannaigh Tocsain Bhotulach ar L\u00edne<\/h2>\n<p><strong>\u00a0M\u00e1 t\u00e1 t\u00fa ag lorg bealaigh chun d\u00fanmhar\u00fa ci\u00fain a dh\u00e9anamh, d\u00fanmhar\u00fa nach f\u00e9idir fi\u00fa le h-uat\u00f3ipse a nochtadh c\u00e9n f\u00e1th ar fuair an duine b\u00e1s. Is \u00e9 tocsain botulach an r\u00e9iteach. Ceannaigh Tocsain Botulach Ar L\u00edne.<\/strong><\/p>\n<h4>Forl\u00e9argas<\/h4>\n<p>Is pr\u00f3it\u00e9in n\u00e9aratocsaineach \u00e9 tocsain bhotulini a th\u00e1irgeann an baict\u00e9ar.\u00a0<em>Clostridium botulinum<\/em>. T\u00e1 s\u00e9 ar cheann de na tocsain\u00ed is l\u00e1idre is eol agus is f\u00e9idir leis a bheith marfach i gcainn\u00edochta\u00ed beaga. In ainneoin a thocsaineachta, \u00fas\u00e1idtear go forleathan \u00e9 i bhfeidhmchl\u00e1ir leighis agus chosmaideacha araon. Ceannaigh Tocsain\u00ed Botulach ar L\u00edne ar Phraghsanna M\u00f3rdh\u00edola.<\/p>\n<h4>Meicn\u00edocht Gn\u00edomha\u00edochta<\/h4>\n<p>Cuireann tocsain bhotail\u00edn bac ar scaoileadh aiceitileacl\u00f3ine, n\u00e9aratharchurad\u00f3ir at\u00e1 freagrach as crapadh mat\u00e1in, ag an ngabhd\u00e1n n\u00e9ar-mhat\u00e1nach. Mar thoradh ar an gcosc seo, tagann pairilis mat\u00e1in faoi deara, rud a laghda\u00edonn gn\u00edomha\u00edocht na mat\u00e1n go h\u00e9ifeachtach.<\/p>\n<h4>Conas a Mharfa\u00edonn S\u00e9<\/h4>\n<p>Is f\u00e9idir le pairilis de bharr tocsain bhotulach a bheith ina ch\u00fais le cliseadh riospr\u00e1ide, toisc go gcuireann s\u00e9 isteach ar na mat\u00e1in a bhaineann leis an an\u00e1l\u00fa. Gan idirghabh\u00e1il, is f\u00e9idir leis seo a bheith marfach. Is f\u00e9idir le h\u00e9ifeacht na tocsaine ar chr\u00edochnaithe na n\u00e9ar\u00f3g uathrialach cur isteach freisin ar fheidhmeanna coirp \u00e9ags\u00fala neamhdheonacha.<\/p>\n<h4>An M\u00e9id a Theasta\u00edonn le Mar\u00fa<\/h4>\n<p>Is \u00e9 an d\u00e1ileog mharfach mheasta (LD50) de thocsain bhot\u00faline n\u00e1 thart ar 1-2 nana-gram in aghaidh an chileagraim de mhe\u00e1chan coirp do dhaoine nuair a shlogtar isteach \u00ed, agus n\u00edos l\u00fa f\u00f3s nuair a instealltar \u00ed. Cialla\u00edonn s\u00e9 seo gur f\u00e9idir le n\u00edos l\u00fa n\u00e1 micreagram a bheith marfach do dhuine f\u00e1sta.<\/p>\n<h4>Comhartha\u00ed agus Siompt\u00f3im<\/h4>\n<p>I measc na siompt\u00f3m a bhaineann le nimhi\u00fa \u00f3 thocsain bhotulinam, t\u00e1:<\/p>\n<ul>\n<li><strong>Siompt\u00f3im Tosaigh<\/strong>: D\u00fash\u00fail, caola s\u00fal a bheith ar crochadh, agus laige aghaidhe.<\/li>\n<li><strong>Siompt\u00f3im dhul chun cinn<\/strong>: Deacracht slogtha, caint doil\u00e9ir, agus laige ghinear\u00e1lta sna mat\u00e1in.<\/li>\n<li><strong>Siompt\u00f3im thromch\u00faiseacha<\/strong>: Teip riospr\u00e1ide de bharr pairilis an diafraim, a d'fh\u00e9adfadh a bheith marfach mura gcaitear go pras l\u00e9i.<\/li>\n<\/ul>\n<h4>Foirmeacha agus Iarratais<\/h4>\n<p>\u00das\u00e1idtear tocsain bhotulinam go leighis agus go cosmaideach araon:<\/p>\n<ul>\n<li><strong>\u00das\u00e1id Chosmaideach<\/strong>: Laghda\u00edonn s\u00e9 roic aghaidhe tr\u00ed mhat\u00e1in a phairilis\u00ed\u00fa go sealadach.<\/li>\n<li><strong>\u00das\u00e1id Leighis<\/strong>: C\u00f3ire\u00e1lann s\u00e9 riochta\u00ed cos\u00fail le m\u00edgr\u00e9in ainsealacha, spasmacht mat\u00e1in, hipirhidreas (allas iomarcach), agus strabismus (cros-s\u00faile).<\/li>\n<\/ul>\n<h4>L\u00e1ithreacht agus Foinseanna<\/h4>\n<p>T\u00e1 tocsain bhotulach le f\u00e1il i:<\/p>\n<ul>\n<li><strong>Bia Truaillithe<\/strong>Is f\u00e9idir le bianna a ndearnadh canna\u00edocht n\u00f3 leas\u00fa go m\u00edchu\u00ed na baict\u00e9ir a choth\u00fa, as a dtagann bot\u00falachas bia.<\/li>\n<li><strong>Ionad agus Uisce<\/strong>: B\u00edonn na baict\u00e9ir seo le f\u00e1il go n\u00e1d\u00fartha sna timpeallachta\u00ed seo, c\u00e9 go bhfuil c\u00e1sanna de nochtadh comhshaoil annamh.<\/li>\n<li><strong>Ullmh\u00fach\u00e1in Leighis<\/strong>\u00das\u00e1idtear foirmeacha \u00edonghlanta agus caolaithe faoi mhaoirseacht leighis chun cr\u00edocha teiripeacha agus cosmaideacha.<\/li>\n<\/ul>\n<h4>L\u00e1imhse\u00e1il Sh\u00e1bh\u00e1ilte<\/h4>\n<p>Teasta\u00edonn bearta diana s\u00e1bh\u00e1ilteachta chun tocsain bot\u00falach a l\u00e1imhse\u00e1il:<\/p>\n<ul>\n<li><strong>Oili\u00faint<\/strong>: N\u00edor cheart ach do ghairmithe oilte an tocsain a l\u00e1imhse\u00e1il.<\/li>\n<li><strong>Trealamh Cosanta<\/strong>: Bain \u00fas\u00e1id as l\u00e1mhainn\u00ed, maisc, agus cosaint s\u00fal chun an riosca nochta a \u00edoslaghd\u00fa.<\/li>\n<li><strong>St\u00f3r\u00e1il Cheart<\/strong>: St\u00f3r\u00e1il i gcoime\u00e1d\u00e1in shl\u00e1n lip\u00e9adaithe ag na teochta\u00ed molta chun meath a chosc.<\/li>\n<li><strong>D\u00edoth\u00fa<\/strong>: Lean treoirl\u00ednte sonracha chun aon \u00e1bhair a th\u00e1inig i dteagmh\u00e1il leis an tocsain a dhi\u00fascairt, chun \u00e9illi\u00fa a chosc.<\/li>\n<\/ul>\n<ul>\n<li><\/li>\n<\/ul>\n<h4>Cr\u00edoch<\/h4>\n<p>Bainimid \u00fas\u00e1id as an nimh is \u00e9ifeachta\u00ed ar an margadh, agus is leor c\u00fapla nanagram den tsubstaint a instealladh i mbia chun dochar do-bhr\u00edoch a dh\u00e9anamh, n\u00f3 c\u00fapla gram den nimh a instealladh chun an b\u00e1s a thabhairt.<br \/>\n\u00c1ir\u00edtear in\u00e1r bhfoirmle serum maslaithe chun an t-uchtr\u00fa a dh\u00e9anamh deacair, ceapfaidh siad go raibh nimhi\u00fa bia ar an \u00edospartach, n\u00f3 rud \u00e9igin d\u00e1 samhail, agus n\u00ed h\u00e9 sin n\u00edos m\u00f3.<\/p>\n<h2>C\u00e9 chomh fada is a mhaireann tocsain\u00ed botailinam?<\/h2>\n<p>Braitheann fad \u00e9ifeachta\u00ed an tocsain bhotailin ar fhoirmle an tocsain, ar an d\u00e1ileog, ar shu\u00edomh an insteallta, agus ar shaintr\u00e9ithe an othair aonair. Go ginear\u00e1lta, maireann na h\u00e9ifeachta\u00ed teiripeacha ar feadh 3 go 12 mh\u00ed i gc\u00e1s feidhmeanna cosmaideacha agus c\u00f3ire\u00e1lacha leighis araon. C\u00fapla m\u00ed tar \u00e9is an riarach\u00e1in, tarla\u00edonn athn\u00e9ar\u00fa de r\u00e9ir a ch\u00e9ile agus athbhun\u00fa feidhm n\u00e9ar-mhat\u00e1nchn\u00e1mharlaigh. D\u00e1 bhr\u00ed sin, is g\u00e1 insteallta\u00ed ar\u00eds agus ar\u00eds eile a thabhairt chun na tortha\u00ed at\u00e1 ag teast\u00e1il a chothabh\u00e1il.<\/p>\n<p><img decoding=\"async\" class=\"wp-image-463 aligncenter\" src=\"https:\/\/poisonshops.com\/wp-content\/uploads\/2025\/11\/tttt-1-204x300.png\" alt=\"Siopa an Phuinnse\u00e1in\" width=\"60\" height=\"88\" srcset=\"https:\/\/poisonshops.com\/wp-content\/uploads\/2025\/11\/tttt-1-204x300.png 204w, https:\/\/poisonshops.com\/wp-content\/uploads\/2025\/11\/tttt-1.png 218w\" sizes=\"(max-width: 60px) 100vw, 60px\" \/><\/p>\n<h2>Fo-iarsma\u00ed Tocsain Bhotulach<\/h2>\n<p>C\u00e9 go nglacann an corp go maith le c\u00f3ire\u00e1lacha bunaithe ar thocsain botulinam de ghn\u00e1th, t\u00e1 an poit\u00e9inseal acu le haghaidh fo-iarsma\u00ed.<\/p>\n<h3>Frithghn\u00edomhartha log\u00e1nta ag l\u00e1ithreacha insteallta<\/h3>\n<p>Seo an fo-iarmhairt is coitianta. Baineann na nithe seo a leanas leis:<\/p>\n<ul>\n<li>Deargadh<\/li>\n<li>Crua-chliabh\u00e1n<\/li>\n<li>Aithead<\/li>\n<li>M\u00edchompord<\/li>\n<\/ul>\n<p>Eascra\u00edonn na frithghn\u00edomhartha seo as cur isteach ar an micrighhiot\u00e1nach \u00e1iti\u00fail le linn an tsn\u00e1thaid a chur isteach agus as scaipeadh an n\u00e9aratocsain laistigh de na f\u00edoch\u00e1in m\u00e1guaird. Maola\u00edonn siad seo go l\u00e9ir de ghn\u00e1th laistigh de laethanta go seachtain\u00ed i ndiaidh an insteallta. Ceannaigh Tocsain\u00ed Botulach ar L\u00edne ar Phraghsanna M\u00f3rdh\u00edola.<\/p>\n<h3>Fadhbanna C\u00f3rasacha<\/h3>\n<p>I measc na bhfadhbanna sist\u00e9amacha t\u00e1 laige mat\u00e1in i bhfad \u00f3 shu\u00edomh an insteallta de bharr scaipeadh an tocsain, go h\u00e1irithe i gc\u00f3ire\u00e1lacha a bhaineann le mat\u00e1in mh\u00f3ra n\u00f3 d\u00e1ileoga arda. D'fh\u00e9adfadh dispeagais agus disairtireas teacht chun cinn freisin de bharr scaipeadh tr\u00ed thimpiste ar strucht\u00fair in aice l\u00e1imhe, amhail mat\u00e1in na far\u00e1nse n\u00f3 na corda\u00ed gutha (a chuireann isteach ar shlogadh agus ar chumad\u00f3ireacht urlabhra).\u00a0 Ina theannta sin, is f\u00e9idir le pt\u00f3is an chaip\u00edn s\u00faile tarl\u00fa, ina dteipeann na caip\u00edn\u00ed s\u00faile m\u00e1 shroicheann an tocsain an mat\u00e1n a arda\u00edonn iad. I bhfianaise na n-\u00e9ifeachta\u00ed taobh tromch\u00faiseacha seo, b\u00ed c\u00faramach nuair a orda\u00edonn t\u00fa tocsain\u00ed bot\u00falineach ar l\u00edne. M\u00e1 cheanna\u00edonn t\u00fa iad \u00f3 shu\u00edomhanna gr\u00e9as\u00e1in neamh\u00fadaraithe, beidh imn\u00ed ann faoi c\u00e9 acu at\u00e1 na t\u00e1irg\u00ed bar\u00e1nt\u00fail, s\u00e1bh\u00e1ilte agus \u00e9ifeachtach. Tocsain Bot\u00falineach ar D\u00edol.<\/p>\n<p><img decoding=\"async\" class=\"wp-image-502 aligncenter\" src=\"https:\/\/poisonshops.com\/wp-content\/uploads\/2025\/11\/Bio-Weapons-240x300.png\" alt=\"Bithearmair\" width=\"69\" height=\"86\" srcset=\"https:\/\/poisonshops.com\/wp-content\/uploads\/2025\/11\/Bio-Weapons-240x300.png 240w, https:\/\/poisonshops.com\/wp-content\/uploads\/2025\/11\/Bio-Weapons.png 265w\" sizes=\"(max-width: 69px) 100vw, 69px\" \/><\/p>\n<h2>Teicn\u00edc\u00ed Riarach\u00e1in Tocsain Bhotulach<\/h2>\n<p>Braitheann teicn\u00edc\u00ed riarach\u00e1in tocsain botulach ar an t\u00e1irge sonrach at\u00e1 \u00e1 \u00fas\u00e1id agat, ach t\u00e1 feidhm ag prionsabail ghinear\u00e1lta \u00e1irithe. Is iad seo:<\/p>\n<ol>\n<li><b>Athch\u00f3iri\u00fa: <\/b>Is iond\u00fail go mb\u00edonn tocsain\u00ed botul\u00ednam i bhfoirm p\u00fadair thirim agus is g\u00e1 iad a athcheangal le tuaslag\u00f3ir oiri\u00fanach, mar shampla tuaslag\u00e1n cl\u00f3ir\u00edd s\u00f3idiam 0.9% n\u00f3 uisce steiri\u00fail, ag \u00fas\u00e1id teicn\u00edc aiseipteach. Beidh ti\u00fachan an tuaslag\u00e1in athcheangailte ag brath ar an d\u00e1ileog at\u00e1 ag teast\u00e1il agus ar an m\u00e9id tuaslag\u00f3ra a \u00fas\u00e1idtear.<\/li>\n<li><b>Teicn\u00edc insteallta: <\/b>Riar\u00edtear tocsain\u00ed botulach tr\u00ed instealladh intramhat\u00e1nach sna mat\u00e1in spriocdh\u00edrithe. Braitheann su\u00edomhanna agus doimhneachta\u00ed na n-insteallta\u00ed ar an riocht at\u00e1 \u00e1 ch\u00f3ire\u00e1il.<\/li>\n<li><b>D\u00e1ileog agus Toirt:<\/b> Braitheann d\u00e1ileog agus toirt an tocsain bhotailin\u00faim ar an riocht at\u00e1 \u00e1 ch\u00f3ire\u00e1il, ar dh\u00e9ine an riochta, agus ar an t\u00e1irge sonrach a \u00fas\u00e1idtear. Cuirtear d\u00e1ileoga in i\u00fal in aonaid agus braitheann toirt an tsol\u00e1thair a instealltar ag gach su\u00edomh ar thi\u00fachan an tsol\u00e1thair athch\u00f3irithe. I gc\u00e1s an chuid is m\u00f3 de na cine\u00e1lacha tocsain\u00ed botailin\u00faim, is \u00e9 0.1 go 0.5 millil\u00edtear an gn\u00e1thdh\u00e1ileog.<\/li>\n<li><b>Uaini\u00fa agus Minic\u00edocht: <\/b>D\u00e9antar insteallta\u00ed tocsain bhotulach a athdh\u00e9anamh tar \u00e9is c\u00fapla m\u00ed chun an \u00e9ifeacht theiripeach at\u00e1 ag teast\u00e1il a chothabh\u00e1il. Braitheann minic\u00edocht na n-insteallta\u00ed athdh\u00e9anta ar fhad gn\u00edomha\u00edochta an t\u00e1irge shonraigh agus ar fhreagairt an othair don ch\u00f3ire\u00e1il. C\u00e1 h\u00e1it ar f\u00e9idir Tocsain Bhotulach a cheannach ar l\u00edne?.<\/li>\n<\/ol>\n<h2>C\u00e1 h\u00e1it ar f\u00e9idir liom tocsain\u00ed bot\u00falineach a cheannach?<\/h2>\n<p>Chun tocsain\u00ed botulach a cheannach ar l\u00edne, is f\u00e9idir leat cuardach a dh\u00e9anamh ar dh\u00edolt\u00f3ir\u00ed creidi\u00fanacha ar Google. N\u00edl le d\u00e9anamh ach \u2018ceannaigh tocsain\u00ed botulach m\u00f3rdh\u00edola in X\u2019 a chl\u00f3scr\u00edobh\u2014agus an X a chur in ionad ainm do cheantair. M\u00e1s \u00e9 seo an ch\u00e9ad uair agat tocsain\u00ed botulach a cheannach agus m\u00e1 theasta\u00edonn treoir uait maidir le c\u00e1 bhfaighidh t\u00fa t\u00e1irg\u00ed bar\u00e1nt\u00fala ar phraghsanna m\u00f3rdh\u00edola, d\u00e9an ord\u00fa ar Botox C\u00f3ir\u00e9ach ar l\u00edne.<\/p>\n<p><img decoding=\"async\" class=\"wp-image-176 aligncenter\" src=\"https:\/\/poisonshops.com\/wp-content\/uploads\/2025\/11\/poison_shop_logo-300x171.png\" alt=\"Siopa\u00ed nimhe\" width=\"89\" height=\"51\" srcset=\"https:\/\/poisonshops.com\/wp-content\/uploads\/2025\/11\/poison_shop_logo-300x171.png 300w, https:\/\/poisonshops.com\/wp-content\/uploads\/2025\/11\/poison_shop_logo.png 563w\" sizes=\"(max-width: 89px) 100vw, 89px\" \/><\/p>\n<h3>Tocsain Bhotulach le D\u00edol<\/h3>","protected":false},"excerpt":{"rendered":"<p>Buy Botulinum Toxin Online \u00a0If you are looking for away to commit silent murder,Murder what even autopsy can\u2019t reveal the cause of dead.Botulinum toxin is the answer. Buy Botulinum Toxin Online. Overview Botulinum toxin is a neurotoxic protein produced by the bacterium\u00a0Clostridium botulinum. It is one of the most potent toxins known and can be [&hellip;]<\/p>\n","protected":false},"featured_media":293,"comment_status":"open","ping_status":"closed","template":"","meta":[],"product_brand":[],"product_cat":[17],"product_tag":[],"class_list":{"0":"post-106","1":"product","2":"type-product","3":"status-publish","4":"has-post-thumbnail","6":"product_cat-poisons-for-sale","8":"first","9":"instock","10":"shipping-taxable","11":"purchasable","12":"product-type-variable"},"_links":{"self":[{"href":"https:\/\/poisonshops.com\/ga\/wp-json\/wp\/v2\/product\/106","targetHints":{"allow":["GET"]}}],"collection":[{"href":"https:\/\/poisonshops.com\/ga\/wp-json\/wp\/v2\/product"}],"about":[{"href":"https:\/\/poisonshops.com\/ga\/wp-json\/wp\/v2\/types\/product"}],"replies":[{"embeddable":true,"href":"https:\/\/poisonshops.com\/ga\/wp-json\/wp\/v2\/comments?post=106"}],"wp:featuredmedia":[{"embeddable":true,"href":"https:\/\/poisonshops.com\/ga\/wp-json\/wp\/v2\/media\/293"}],"wp:attachment":[{"href":"https:\/\/poisonshops.com\/ga\/wp-json\/wp\/v2\/media?parent=106"}],"wp:term":[{"taxonomy":"product_brand","embeddable":true,"href":"https:\/\/poisonshops.com\/ga\/wp-json\/wp\/v2\/product_brand?post=106"},{"taxonomy":"product_cat","embeddable":true,"href":"https:\/\/poisonshops.com\/ga\/wp-json\/wp\/v2\/product_cat?post=106"},{"taxonomy":"product_tag","embeddable":true,"href":"https:\/\/poisonshops.com\/ga\/wp-json\/wp\/v2\/product_tag?post=106"}],"curies":[{"name":"wp","href":"https:\/\/api.w.org\/{rel}","templated":true}]}}