{"id":107,"date":"2017-12-19T09:56:32","date_gmt":"2017-12-19T09:56:32","guid":{"rendered":"https:\/\/wordpress.gradientthemes.com\/brand-shop\/product\/gray-pattern-tshirt\/"},"modified":"2025-12-08T07:20:17","modified_gmt":"2025-12-08T07:20:17","slug":"ceannaigh-heliotrope","status":"publish","type":"product","link":"https:\/\/poisonshops.com\/ga\/tairge\/ceannaigh-heliotrope\/","title":{"rendered":"Ceannaigh H\u00e9iliotr\u00f3ip"},"content":{"rendered":"<h2>Heliotr\u00f3ip nimh chumhachtach chi\u00fain<\/h2>\n<p>T\u00e1 s\u00e9 n\u00edos coitianta anois modhanna n\u00edos ci\u00faine agus n\u00edos r\u00fanda a \u00fas\u00e1id le haghaidh feallmharaithe. Ceannaigh Heliotrope ar l\u00edne.<\/p>\n<p>Tagann roinnt nimheanna mall chun tarrth\u00e1la. N\u00edl aon rud nua sa domhan seo a thuilleadh, agus baineadh \u00fas\u00e1id as nimheanna freisin i dt\u00edortha sibhialta: san \u00c9igipt \u00e1rsa, san Eoraip sa Mhe\u00e1naois.<\/p>\n<p>Anois, de bharr na modhanna nua-aimseartha chun c\u00fais an bh\u00e1is a shu\u00ed, t\u00e1 s\u00e9 thar a bheith deacair duine a nimhi\u00fa, go h\u00e1irithe m\u00e1 fhaigheann s\u00e9 b\u00e1s go tobann, beidh amhras ar dhaoine l\u00e1ithreach go raibh nimhi\u00fa i gceist.<\/p>\n<p>D\u00e1 bhr\u00ed sin, t\u00e1 \u00fas\u00e1id nimheanna ceimiceacha cos\u00fail le saiyan\u00edd, meitil\u00e9armainc, agus arsanaic neamhsh\u00e1bh\u00e1ilte \u00f3 thaobh an dl\u00ed de. F\u00e1nann siad sa chorp tar \u00e9is an bh\u00e1is agus b\u00edonn na comhartha\u00ed seachtracha an-soil\u00e9ir do shaineolaithe f\u00f3ir\u00e9inseacha.<\/p>\n<p>Crutha\u00edmid nimh org\u00e1nacha fadt\u00e9armacha at\u00e1 roghnaithe go c\u00faramach agus sint\u00e9iseithe, agus seram mar leithsc\u00e9al do chuid acu. C\u00e9n f\u00e1th rud \u00e9igin a chumadh m\u00e1s rud \u00e9 go bhfuil s\u00e9 d\u00e9anta ag an n\u00e1d\u00far cheana f\u00e9in duit?<\/p>\n<p>Is an-\u00e9asca \u00e9 daoine a nimhi\u00fa, is minic a chloiseann t\u00fa ar an nuacht \u00e1iti\u00fail faoi bh\u00e1s seanmh\u00e1thar de bharr nimhithe mar gheall ar fheoil \u00edsealchaighde\u00e1in \u00f3n margadh, agus bh\u00ed an seanmh\u00e1thair ina c\u00f3na\u00ed ina haonar in \u00e1ras\u00e1n le dh\u00e1 sheomra leapa\u2026<\/p>\n<p><strong>Heliotr\u00f3ip<\/strong>\u00a0T\u00e1 heiliothrin agus lisiocarpin san east\u00f3sc\u00e1n, a charnann i gcealla an ae, a chuireann chun b\u00e1is iad agus a athshol\u00e1thra\u00edtear le f\u00edoch\u00e1n sailleach \u2013 cirr\u00f3is an ae. T\u00f3gann an pr\u00f3iseas 3-5 seachtaine gan aon siompt\u00f3im n\u00e1 comhartha\u00ed soil\u00e9ire nimhithe! N\u00edl ann ach b\u00e1s mall, agus ina dhiaidh sin b\u00edonn comhartha\u00ed na cirr\u00f3ise le feice\u00e1il nuair a bh\u00edonn s\u00e9 r\u00f3dh\u00e9anach do dhocht\u00fair\u00ed an \u201cothar\u201d a chur faoi aon t\u00e1st\u00e1lacha agus c\u00f3ire\u00e1lacha gan chiall, ach n\u00ed chabhr\u00f3idh ach trasphland\u00fa ae m\u00e1s f\u00e9idir \u00e9 a dh\u00e9anamh in am.<\/p>\n<p><img decoding=\"async\" class=\"wp-image-463 aligncenter\" src=\"https:\/\/poisonshops.com\/wp-content\/uploads\/2025\/11\/tttt-1-204x300.png\" alt=\"Siopa an Phuinnse\u00e1in\" width=\"56\" height=\"82\" srcset=\"https:\/\/poisonshops.com\/wp-content\/uploads\/2025\/11\/tttt-1-204x300.png 204w, https:\/\/poisonshops.com\/wp-content\/uploads\/2025\/11\/tttt-1.png 218w\" sizes=\"(max-width: 56px) 100vw, 56px\" \/><\/p>\n<h5>Is nimh den scoth agus costasach \u00e9 seo chun daoine t\u00e1bhachtacha a dh\u00edoth\u00fa, mar sin is fi\u00fa \u00e9. Seo an leagan 20g (3 dh\u00e1ileog, pac\u00e1istithe) le s\u00e9iream cumhdaigh, nimh nach bhfaightear in uat\u00f3ipse.<\/h5>\n<h3>Ceannaigh nimh heiliotr\u00f3ip ar l\u00edne<\/h3>\n<p>Ceannaigh Heliotrope, Ceannaigh nimh Heliotrope, an \u00e1it is fearr le nimh a cheannach, na nimh is l\u00e1idre, nimh nach nd\u00e9antar a bhrath ar uat\u00f3ipse, ceannaigh nimh le criptea, an \u00e1it is fearr le nimh a cheannach,<\/p>\n<div class=\"elementor-element elementor-element-44bc7b6 elementor-widget elementor-widget-hfe-infocard\" data-id=\"44bc7b6\" data-element_type=\"widget\" data-widget_type=\"hfe-infocard.default\">\n<div class=\"elementor-widget-container\">\n<div class=\"hfe-infocard\">\n<div class=\"hfe-infocard-title-wrap\">\n<h3 class=\"hfe-infocard-title elementor-inline-editing\" data-elementor-setting-key=\"infocard_title\" data-elementor-inline-editing-toolbar=\"basic\">C\u00e1 f\u00e9idir liom nimh a cheannach?<\/h3>\n<\/div>\n<div class=\"hfe-infocard-text-wrap\">\n<div class=\"hfe-infocard-text elementor-inline-editing\" data-elementor-setting-key=\"infocard_description\" data-elementor-inline-editing-toolbar=\"advanced\">F\u00e1ilte go Poison Shops, bhur bpr\u00edomhfhoinse d'oibre\u00e1in bithcheimiceacha agus tocsain\u00ed den scoth, at\u00e1 speisialaithe sna cinn is nimh\u00ed ar domhan. Ag feidhmi\u00fa \u00f3n\u00e1r n-\u00e1is\u00edonna sa Ghearm\u00e1in, san Eilv\u00e9is, agus sa Fhrainc, t\u00e1imid tiomanta do th\u00e1irg\u00ed agus seirbh\u00eds\u00ed den scoth a shol\u00e1thar d\u00e1r gcliaint. Is \u00e9 an f\u00f3cas at\u00e1 againn ar sh\u00e1bh\u00e1ilteacht, ar shl\u00e1nd\u00e1il, agus ar sh\u00e1stacht an chustaim\u00e9ara a fh\u00e1gann go bhfuilimid ar leith sa tionscal.<\/div>\n<\/div>\n<\/div>\n<\/div>\n<\/div>\n<div data-elementor-setting-key=\"infocard_description\" data-elementor-inline-editing-toolbar=\"advanced\"><\/div>\n<div data-elementor-setting-key=\"infocard_description\" data-elementor-inline-editing-toolbar=\"advanced\"><img decoding=\"async\" class=\"wp-image-502 aligncenter\" src=\"https:\/\/poisonshops.com\/wp-content\/uploads\/2025\/11\/Bio-Weapons-240x300.png\" alt=\"Bithearmair\" width=\"67\" height=\"84\" srcset=\"https:\/\/poisonshops.com\/wp-content\/uploads\/2025\/11\/Bio-Weapons-240x300.png 240w, https:\/\/poisonshops.com\/wp-content\/uploads\/2025\/11\/Bio-Weapons.png 265w\" sizes=\"(max-width: 67px) 100vw, 67px\" \/><\/div>\n<div class=\"elementor-element elementor-element-44bc7b6 elementor-widget elementor-widget-hfe-infocard\" data-id=\"44bc7b6\" data-element_type=\"widget\" data-widget_type=\"hfe-infocard.default\">\n<div class=\"elementor-widget-container\">\n<div class=\"hfe-infocard\">\n<div class=\"hfe-infocard-text-wrap\">\n<div data-elementor-setting-key=\"infocard_description\" data-elementor-inline-editing-toolbar=\"advanced\">\n<div class=\"elementor-element elementor-element-fcc7a1f elementor-widget elementor-widget-image-box\" data-id=\"fcc7a1f\" data-element_type=\"widget\" data-widget_type=\"image-box.default\">\n<div class=\"elementor-widget-container\">\n<div class=\"elementor-image-box-wrapper\">\n<div class=\"elementor-image-box-content\">\n<h2 class=\"elementor-image-box-title\">Ceimice\u00e1in taighde le d\u00edol<\/h2>\n<p class=\"elementor-image-box-description\">Ag Poison Shops, cinnt\u00edmid go gcomhl\u00edontar go docht le rialach\u00e1in idirn\u00e1isi\u00fanta, agus t\u00fas \u00e1ite \u00e1 thabhairt againn do phac\u00e1isti\u00fa, l\u00e1imhse\u00e1il, loingseoireacht agus d\u00e1ileadh freagrach \u00e1bhar cont\u00fairteach. T\u00e1 \u00e1r bhfoireann oilte go maith agus feistithe le trealamh ardleibh\u00e9il um chosaint phearsanta (TCP), agus b\u00edonn Bileoga Sonra\u00ed S\u00e1bh\u00e1ilteachta (SDS) cuimsitheacha ag gabh\u00e1il le gach loingsi\u00fa ar mhaithe le do dhearbh\u00fa agus do sh\u00e1bh\u00e1ilteacht. \u00c1ir\u00edtear in\u00e1r r\u00e9imse nimh \u00e9arsaimice, aconit\u00edn, batrachotocsain, tocsain bhotulach, saiyan\u00edd, dim\u00e9ilmercair, maitotocsain, pol\u00f3iniam-210, ricin, sarin, tetrodotocsain, Nembutal d'fh\u00e9inmhar\u00fa, agus Gn\u00edomhaire N\u00e9ar\u00f3g VR.<\/p>\n<div class=\"elementor-element elementor-element-1cf2f8a elementor-widget elementor-widget-image-box\" data-id=\"1cf2f8a\" data-element_type=\"widget\" data-widget_type=\"image-box.default\">\n<div class=\"elementor-widget-container\">\n<div class=\"elementor-image-box-wrapper\">\n<div class=\"elementor-image-box-content\">\n<h2 class=\"elementor-image-box-title\">An ceimice\u00e1n taighde is fearr<\/h2>\n<p class=\"elementor-image-box-description\">Cib\u00e9 an bhfuil \u00e1r nimheanna\/tocsain\u00ed uait chun cr\u00edocha taighde, d'Eitileas\u00fa (mar\u00fa trua), n\u00f3 m\u00e1 t\u00e1 saotharlann taighde \u00e1 re\u00e1cht\u00e1il agat do bhithearmais n\u00f3 m\u00e1 t\u00e1 s\u00e9 ar intinn agat glanadh eitneach a dh\u00e9anamh, d\u00fanmharuithe, b\u00ed ag brath ar Bio Weapons le haghaidh tocsain\u00ed iontaofa le r\u00e9itigh seachadta discr\u00e9ideacha agus idirbhearta sl\u00e1na criptea-amh\u00e1in. Cuirimid roghanna loingseoireachta \u00e9ags\u00fala ar f\u00e1il, lena n-\u00e1ir\u00edtear seirbh\u00eds\u00ed caighde\u00e1nacha agus seirbh\u00eds\u00ed brosta, le loingseoireacht saor in aisce ar orduithe os cionn \u20ac10,000. I gc\u00e1s riachtanas speisialaithe, cuirimid seirbh\u00eds 'dead drop' ar f\u00e1il chuig comhordan\u00e1id\u00ed GPS sonracha. L\u00e9ir\u00edonn \u00e1r bpolasaithe \u00e1r dtiomantas do sheirbh\u00eds shl\u00e1n \u00e9ifeachtach, lena n-\u00e1ir\u00edtear polasa\u00ed soil\u00e9ir ais\u00edoca\u00edochta\u00ed agus tuairisce\u00e1in at\u00e1 d\u00edrithe ar orduithe n\u00e1r fuarthas n\u00f3 a bhfuil moill orthu.<\/p>\n<p><img decoding=\"async\" class=\"wp-image-176 aligncenter\" src=\"https:\/\/poisonshops.com\/wp-content\/uploads\/2025\/11\/poison_shop_logo-300x171.png\" alt=\"Siopa\u00ed nimhe\" width=\"123\" height=\"70\" srcset=\"https:\/\/poisonshops.com\/wp-content\/uploads\/2025\/11\/poison_shop_logo-300x171.png 300w, https:\/\/poisonshops.com\/wp-content\/uploads\/2025\/11\/poison_shop_logo.png 563w\" sizes=\"(max-width: 123px) 100vw, 123px\" \/><\/p>\n<div class=\"elementor-element elementor-element-8f65fb9 e-con-full e-flex e-con e-child\" data-id=\"8f65fb9\" data-element_type=\"container\">\n<div class=\"elementor-element elementor-element-005576a elementor-widget elementor-widget-heading\" data-id=\"005576a\" data-element_type=\"widget\" data-widget_type=\"heading.default\">\n<div class=\"elementor-widget-container\">\n<h2 class=\"elementor-heading-title elementor-size-default\">Sol\u00e1thar ceimice\u00e1n taighde<\/h2>\n<\/div>\n<\/div>\n<\/div>\n<div class=\"elementor-element elementor-element-85f2501 e-con-full e-flex e-con e-child\" data-id=\"85f2501\" data-element_type=\"container\">\n<div class=\"elementor-element elementor-element-d9bb7eb elementor-widget elementor-widget-heading\" data-id=\"d9bb7eb\" data-element_type=\"widget\" data-widget_type=\"heading.default\">\n<div class=\"elementor-widget-container\">\n<h5 class=\"elementor-heading-title elementor-size-default\">Is comhph\u00e1irt\u00ed iontaofa \u00e9 Poison Shops i dtionscal na bithcheimice, ag clo\u00ed leis na caighde\u00e1in is airde ionracais, nu\u00e1la\u00edochta agus saineolais. Go raibh maith agat as Bio Weapons a roghn\u00fa do do riachtanais bhithcheimiceacha speisialaithe.<\/h5>\n<div class=\"elementor-element elementor-element-2915af7 elementor-widget elementor-widget-image-box\" data-id=\"2915af7\" data-element_type=\"widget\" data-widget_type=\"image-box.default\">\n<div class=\"elementor-widget-container\">\n<div class=\"elementor-image-box-wrapper\">\n<div class=\"elementor-image-box-content\">\n<h2 class=\"elementor-image-box-title\">Ceimice\u00e1in taighde ar l\u00edne<\/h2>\n<p class=\"elementor-image-box-description\">T\u00e9igh i bhfiosr\u00fa \u00e1r mbaili\u00fach\u00e1n inniu agus bain sult as l\u00fach\u00e1ir na faisin. Siopaigh anois don bhuaic na gal\u00e1ntachta gal\u00e1nta!<\/p>\n<\/div>\n<\/div>\n<\/div>\n<\/div>\n<\/div>\n<\/div>\n<\/div>\n<\/div>\n<\/div>\n<\/div>\n<\/div>\n<\/div>\n<\/div>\n<\/div>\n<\/div>\n<\/div>\n<\/div>\n<\/div>\n<\/div>\n<\/div>","protected":false},"excerpt":{"rendered":"<p>Heliotrope Powerful and silent poison It is more popular now to use quieter and more secret methods for assassination. Buy Heliotrope Online. Several slow poisons come to the rescue. There is nothing new in this world anymore, and poisons were also used in civilized countries: in ancient Egypt, in Europe in the Middle Ages. Now, [&hellip;]<\/p>\n","protected":false},"featured_media":300,"comment_status":"open","ping_status":"closed","template":"","meta":[],"product_brand":[],"product_cat":[17],"product_tag":[],"class_list":{"0":"post-107","1":"product","2":"type-product","3":"status-publish","4":"has-post-thumbnail","6":"product_cat-poisons-for-sale","8":"first","9":"instock","10":"shipping-taxable","11":"purchasable","12":"product-type-variable"},"_links":{"self":[{"href":"https:\/\/poisonshops.com\/ga\/wp-json\/wp\/v2\/product\/107","targetHints":{"allow":["GET"]}}],"collection":[{"href":"https:\/\/poisonshops.com\/ga\/wp-json\/wp\/v2\/product"}],"about":[{"href":"https:\/\/poisonshops.com\/ga\/wp-json\/wp\/v2\/types\/product"}],"replies":[{"embeddable":true,"href":"https:\/\/poisonshops.com\/ga\/wp-json\/wp\/v2\/comments?post=107"}],"wp:featuredmedia":[{"embeddable":true,"href":"https:\/\/poisonshops.com\/ga\/wp-json\/wp\/v2\/media\/300"}],"wp:attachment":[{"href":"https:\/\/poisonshops.com\/ga\/wp-json\/wp\/v2\/media?parent=107"}],"wp:term":[{"taxonomy":"product_brand","embeddable":true,"href":"https:\/\/poisonshops.com\/ga\/wp-json\/wp\/v2\/product_brand?post=107"},{"taxonomy":"product_cat","embeddable":true,"href":"https:\/\/poisonshops.com\/ga\/wp-json\/wp\/v2\/product_cat?post=107"},{"taxonomy":"product_tag","embeddable":true,"href":"https:\/\/poisonshops.com\/ga\/wp-json\/wp\/v2\/product_tag?post=107"}],"curies":[{"name":"wp","href":"https:\/\/api.w.org\/{rel}","templated":true}]}}