{"id":108,"date":"2017-12-19T09:56:29","date_gmt":"2017-12-19T09:56:29","guid":{"rendered":"https:\/\/wordpress.gradientthemes.com\/brand-shop\/product\/flamingo-tshirt\/"},"modified":"2025-12-08T21:55:27","modified_gmt":"2025-12-08T21:55:27","slug":"ceannaigh-anail-an-diabhail-scopolamine","status":"publish","type":"product","link":"https:\/\/poisonshops.com\/ga\/tairge\/ceannaigh-anail-an-diabhail-scopolamine\/","title":{"rendered":"Ceannaigh Scopolamine (An\u00e1il an Diabhail)"},"content":{"rendered":"<h2>Ceannaigh Scopolamine An\u00e1il an Diabhail<\/h2>\n<p>Is alcal\u00f3ide tr\u00f3ip\u00e9in n\u00e1d\u00fartha n\u00f3 shaorga \u00e9 an sc\u00f3palamin, ar a dtugtar hiosc\u00edn n\u00f3 An\u00e1il an Diabhail freisin, agus is c\u00f3gas frith-colinergach \u00e9 a \u00fas\u00e1idtear chun tinneas gluaisne agus masmas agus urlacan iarchirurgach a ch\u00f3ire\u00e1il. \u00das\u00e1idtear \u00e9 freisin uaireanta roimh mh\u00e1inliacht chun seile a laghd\u00fa. Nuair a \u00fas\u00e1idtear \u00e9 tr\u00ed instealladh, tosa\u00edonn na h\u00e9ifeachta\u00ed tar \u00e9is thart ar 20 n\u00f3im\u00e9ad agus maireann siad suas le 8 n-uaire. Is f\u00e9idir \u00e9 a \u00fas\u00e1id \u00f3 bh\u00e9al freisin. Ceannaigh Scopolamine An\u00e1l an Diabhail.<\/p>\n<h3>Cad a dh\u00e9anann Scopolamine?<\/h3>\n<p>Is cuid de theaghlach na gc\u00f3gas frithmhuscair\u00edneach \u00e9 an sc\u00f3p\u00f3lam\u00edn agus oibr\u00edonn s\u00e9 tr\u00ed chuid de na h\u00e9ifeachta\u00ed a bh\u00edonn ag aic\u00e9itilealac\u00f3il\u00edn ar an n\u00e9arch\u00f3ras a bhloc\u00e1il. Scr\u00edobhadh faoi sc\u00f3p\u00f3lam\u00edn den ch\u00e9ad uair sa bhliain 1881 agus tosa\u00edodh \u00e1 \u00fas\u00e1id le haghaidh ain\u00e9ist\u00e9ise thart ar 1900. Is \u00e9 scopolamine an pr\u00edomh-chomhph\u00e1irt ghn\u00edomhach freisin a th\u00e1irgeann planda\u00ed \u00e1irithe i bhfine na dtaeibhseach, a \u00fas\u00e1ideadh go stairi\u00fail mar dhruga\u00ed s\u00edceaicteacha (ar a dtugtar meabhlaireacha) mar gheall ar a \u00e9ifeachta\u00ed siabhr\u00e1nacha a spreagann frithmhuscarainigh ag d\u00e1ileoga n\u00edos airde. Sna comhth\u00e9acsanna seo, t\u00e1 \u00fas\u00e1id bainte as a \u00e9ifeachta\u00ed meabhracha athraitheacha chun cr\u00edocha caitheamh aimsire agus ceilteacha.<\/p>\n<h4><span class=\"kY2IgmnCmOGjharHErah\">Ceannaigh P\u00fadar Scopolamine Ar L\u00edne le D\u00edol<\/span><\/h4>\n<p>P\u00e9acadh sc\u00f3pal\u00f3im\u00edn as f\u00edon \u2018bl\u00e1th na geala\u00ed\u2019 baile<br \/>\nD'\u00f3l LH, fear C\u00faic\u00e9is 76 bliain d'aois, 3 sp\u00fan\u00f3g chaife (15 mL) d'fh\u00edon baile thar thr\u00e9imhse uair an chloig agus d'\u00e9irigh s\u00e9 tinn. Thart ar uair go leith ina dhiaidh sin, tugadh go seomra \u00e9igeand\u00e1la ospid\u00e9il \u00e1iti\u00fail \u00e9 agus siompt\u00f3im anacra riospr\u00e1ide agus laige air. Ba \u00e9 an planda a \u00fas\u00e1ideadh chun an f\u00edon a dh\u00e9anamh n\u00e1 trompa an aingil (Datura suaveolens), a bhfuil m\u00e9ideanna \u00e9ags\u00fala de scopolamine agus atropine ann, de r\u00e9ir tuairisc\u00ed.<\/p>\n<p>Bail\u00edodh sampla den fh\u00edon agus rinneadh anail\u00eds air don d\u00e1 chomhdh\u00fail seo tr\u00ed chr\u00f3matagrafa\u00edocht HPLC c\u00e9im-iompaithe ag \u00fas\u00e1id meitean\u00f3il 97% agus uisce d\u00ed-ianaithe 3%. Bh\u00ed thart ar 29 mg de scopolamine\/mL san fh\u00edon scagtha, rud a d'fh\u00e1g d\u00e1ileog ioml\u00e1n slogtha de 435 mg. N\u00edor braitheadh aon atropine. Dearbha\u00edodh an scopolamine le TLC. Tuairisc\u00edodh go bhfuil d\u00e1ileog \u00f3 bh\u00e9al de 50 mg de shalann s\u00f3idiam an atrop\u00f3in marfach do dhaoine. D'fh\u00e9adfadh s\u00e9 go bhfuil an cion alc\u00f3il agus an pH 3.8 a bh\u00ed sa fh\u00edon baile tar \u00e9is cur le haistri\u00fa an chomhdh\u00fail seo \u00f3 \u00e1bhar na planda\u00ed, agus d'fh\u00e9adfadh s\u00e9 go bhfuil pr\u00f3iseas coipthe an fh\u00edona tar \u00e9is an tsliocht bhunaidh a thi\u00fas\u00fa.<\/p>\n<p><img decoding=\"async\" class=\"wp-image-463 aligncenter\" src=\"https:\/\/poisonshops.com\/wp-content\/uploads\/2025\/11\/tttt-1-204x300.png\" alt=\"Siopa an Phuinnse\u00e1in\" width=\"63\" height=\"93\" srcset=\"https:\/\/poisonshops.com\/wp-content\/uploads\/2025\/11\/tttt-1-204x300.png 204w, https:\/\/poisonshops.com\/wp-content\/uploads\/2025\/11\/tttt-1.png 218w\" sizes=\"(max-width: 63px) 100vw, 63px\" \/><\/p>\n<h2>D\u00e1ileog don Bh\u00e1s<\/h2>\n<p>Is f\u00e9idir le scopolamine i nd\u00e1ileoga beaga neamhchomhfhios a chruth\u00fa ar feadh suas le 24 uair an chloig n\u00f3 n\u00edos m\u00f3, agus \u00fas\u00e1idtear go forleathan \u00e9 i rob\u00e1lacha ina mb\u00edonn an t-\u00edospartach gan chomhfhios. Ach i gcainn\u00edocht 10mg, is leor \u00e9 chun duine a mhar\u00fa, agus is f\u00e9idir \u00e9 a \u00fas\u00e1id i gcomhar le bia n\u00f3 deochanna. I gc\u00e1s deochanna alc\u00f3lacha, b\u00edonn a \u00e9ifeacht n\u00edos tap\u00fala, thart ar 30 n\u00f3im\u00e9ad, agus is b\u00e1s gan phian \u00e9 mar go gcuireann s\u00e9 codlatacht faoi deara. N\u00ed bhraitear \u00e9 ach amh\u00e1in i bhfor\u00e9adhl\u00e9amha n\u00edos cruinne. <span class=\"kY2IgmnCmOGjharHErah\">Ceannaigh P\u00fadar Scopolamine Ar L\u00edne le D\u00edol<\/span>.<\/p>\n<p>scopolamine, sna scann\u00e1in tugtar f\u00edor-sh\u00e9irum air, cuir i bhfeidhm go han-ch\u00faramach agus de r\u00e9ir do thola!<\/p>\n<p><img decoding=\"async\" class=\"wp-image-502 aligncenter\" src=\"https:\/\/poisonshops.com\/wp-content\/uploads\/2025\/11\/Bio-Weapons-240x300.png\" alt=\"Bithearmair\" width=\"65\" height=\"81\" srcset=\"https:\/\/poisonshops.com\/wp-content\/uploads\/2025\/11\/Bio-Weapons-240x300.png 240w, https:\/\/poisonshops.com\/wp-content\/uploads\/2025\/11\/Bio-Weapons.png 265w\" sizes=\"(max-width: 65px) 100vw, 65px\" \/><\/p>\n<h3 class=\"LnpumSThxEWMIsDdAT17 CXMyPcQ6nDv47DKFeywM\"><span class=\"EKtkFWMYpwzMKOYr0GYm LQVY1Jpkk8nyJ6HBWKAk\">Ceannaigh P\u00fadar Scopolamine (An\u00e1il an Diabhail) Ar L\u00edne<\/span><\/h3>\n<p><span class=\"kY2IgmnCmOGjharHErah\"><b>Ceannaigh<\/b> <b>sc\u00f3p\u00f3lam\u00edn<\/b> ar l\u00edne. Hiosc\u00edn, ar a dtugtar freisin <b>sc\u00f3p\u00f3lam\u00edn<\/b>( <b>Diabhalach<\/b> <b>An\u00e1il<\/b>), is c\u00f3gas \u00e9 a \u00fas\u00e1idtear chun urlacan agus masmas iarchir\u00farga a ch\u00f3ire\u00e1il. paist\u00ed masmas gluaisne, paist\u00ed masmas farraige, paist\u00ed masmas, transderm scop, paist\u00ed dramamine, paist\u00ed frith-mhasmas, paist\u00ed masmas farraige, gluaisne <\/span><\/p>\n<p><span class=\"kY2IgmnCmOGjharHErah\"><b>Ceannaigh<\/b> <b>Sc\u00f3palamain<\/b> P\u00fadar ar D\u00edol ar L\u00edne (Burundanga, \u201cAn <b>Diabhalach<\/b> <b>An\u00e1il<\/b>\u201c, Borrachero, Hyoscine, Trompa an Aingil) Hyoscine, ar a dtugtar freisin <b>sc\u00f3p\u00f3lam\u00edn<\/b>, is c\u00f3gas \u00e9 a \u00fas\u00e1idtear chun urlacan agus masmas iarchir\u00farga a ch\u00f3ire\u00e1il.<\/span><\/p>\n<p><span class=\"kY2IgmnCmOGjharHErah\">Tar \u00e9is an \u201c a ionan\u00e1l\u00fa\u201c<b>Diabhalach<\/b> <b>An\u00e1il<\/b>,Tharla s\u00e9 go n-\u00e9ireodh \u00edospartaigh agus gan cuimhne ar bith acu gur tharraing siad amach a gcuid coigiltis saoil agus gur thug siad uathu \u00e9. <b>Sc\u00f3palamain<\/b>, ar a dtugtar an \u201c<b>Diabhalach<\/b> <b>An\u00e1il<\/b>,\u201d is minic a thugtar an druga is cont\u00fairt\u00ed ar domhan air. Is coitianta \u00e9 go pr\u00edomha i Meirice\u00e1 Theas.<\/span><\/p>\n<p><span class=\"kY2IgmnCmOGjharHErah\"><b>Diabhalach<\/b> <b>An\u00e1il<\/b> a dh\u00edortha\u00edtear \u00f3 bhl\u00e1th an torra \u201cborrachero\u201d, at\u00e1 coitianta i dt\u00edr Mheirice\u00e1 Theas, an Chol\u00f3im. Na s\u00edolta, nuair a chuirtear i bp\u00fadar iad agus a east\u00f3sctar tr\u00ed phr\u00f3iseas ceimiceach, is ionann iad agus ceimice\u00e1n at\u00e1 cos\u00fail le <b>sc\u00f3p\u00f3lam\u00edn<\/b> ar a dtugtar \u201cburandanga\u201d. Ceannaigh scopolamine an\u00e1il an diabhail.<\/span><\/p>\n<h3>Scopolamine ar D\u00edol ar L\u00edne<\/h3>\n<p><img decoding=\"async\" class=\"wp-image-176 aligncenter\" src=\"https:\/\/poisonshops.com\/wp-content\/uploads\/2025\/11\/poison_shop_logo-300x171.png\" alt=\"Siopa\u00ed nimhe\" width=\"118\" height=\"67\" srcset=\"https:\/\/poisonshops.com\/wp-content\/uploads\/2025\/11\/poison_shop_logo-300x171.png 300w, https:\/\/poisonshops.com\/wp-content\/uploads\/2025\/11\/poison_shop_logo.png 563w\" sizes=\"(max-width: 118px) 100vw, 118px\" \/><\/p>","protected":false},"excerpt":{"rendered":"<p>Buy Scopolamine Devils Breath Scopolamine, also known as hyoscine, or Devil\u2019s Breath, is a natural or synthetically produced tropane alkaloid and anticholinergic medication that is used as a medication to treat motion sickness and postoperative nausea and vomiting. It is also sometimes used before surgery to decrease saliva. When used by injection, the effects begin [&hellip;]<\/p>\n","protected":false},"featured_media":313,"comment_status":"open","ping_status":"closed","template":"","meta":[],"product_brand":[],"product_cat":[17],"product_tag":[],"class_list":{"0":"post-108","1":"product","2":"type-product","3":"status-publish","4":"has-post-thumbnail","6":"product_cat-poisons-for-sale","8":"first","9":"instock","10":"shipping-taxable","11":"purchasable","12":"product-type-variable"},"_links":{"self":[{"href":"https:\/\/poisonshops.com\/ga\/wp-json\/wp\/v2\/product\/108","targetHints":{"allow":["GET"]}}],"collection":[{"href":"https:\/\/poisonshops.com\/ga\/wp-json\/wp\/v2\/product"}],"about":[{"href":"https:\/\/poisonshops.com\/ga\/wp-json\/wp\/v2\/types\/product"}],"replies":[{"embeddable":true,"href":"https:\/\/poisonshops.com\/ga\/wp-json\/wp\/v2\/comments?post=108"}],"wp:featuredmedia":[{"embeddable":true,"href":"https:\/\/poisonshops.com\/ga\/wp-json\/wp\/v2\/media\/313"}],"wp:attachment":[{"href":"https:\/\/poisonshops.com\/ga\/wp-json\/wp\/v2\/media?parent=108"}],"wp:term":[{"taxonomy":"product_brand","embeddable":true,"href":"https:\/\/poisonshops.com\/ga\/wp-json\/wp\/v2\/product_brand?post=108"},{"taxonomy":"product_cat","embeddable":true,"href":"https:\/\/poisonshops.com\/ga\/wp-json\/wp\/v2\/product_cat?post=108"},{"taxonomy":"product_tag","embeddable":true,"href":"https:\/\/poisonshops.com\/ga\/wp-json\/wp\/v2\/product_tag?post=108"}],"curies":[{"name":"wp","href":"https:\/\/api.w.org\/{rel}","templated":true}]}}