{"id":109,"date":"2017-12-19T09:56:26","date_gmt":"2017-12-19T09:56:26","guid":{"rendered":"https:\/\/wordpress.gradientthemes.com\/brand-shop\/product\/purple-tshirt\/"},"modified":"2025-12-08T22:12:48","modified_gmt":"2025-12-08T22:12:48","slug":"ciainid","status":"publish","type":"product","link":"https:\/\/poisonshops.com\/ga\/tairge\/ciainid\/","title":{"rendered":"Said\u00edn"},"content":{"rendered":"<h2>Saic\u00edd ar D\u00edol ar L\u00edne<\/h2>\n<h4>Forl\u00e9argas<\/h4>\n<p>Is ceimice\u00e1n \u00e9 an tsian\u00edd a oibr\u00edonn go tapa agus a d'fh\u00e9adfadh a bheith marfach, agus is f\u00e9idir leis a bheith i bhfoirm\u00ed \u00e9ags\u00fala, lena n-\u00e1ir\u00edtear hidriginshian\u00edd (HCN) agus salainn shian\u00edde (e.g., potaisiamsian\u00edd, s\u00f3idiamsian\u00edd). Cuireann s\u00e9 isteach ar chumas an choirp ocsaigin a \u00fas\u00e1id, rud a fh\u00e1gann asfaicsi\u00fa ceallach. Sian\u00edd ar D\u00edol ar L\u00edne.<\/p>\n<h4>Meicn\u00edocht Gn\u00edomha\u00edochta<\/h4>\n<p>Cuireann saiyan\u00edd bac ar ocsa\u00eddeasait ch\u00edtocr\u00f3m c, eins\u00edm r\u00edth\u00e1bhachtach i slabhra iompair leictreon na miteachondria. Cuireann an bac seo cosc ar chealla ocsaigin a \u00fas\u00e1id, rud a fh\u00e1gann go dtagann stop leis an meitibileacht agus go bhfaigheann na cealla b\u00e1s. Saiyan\u00edd ar D\u00edol ar L\u00edne.<\/p>\n<h4>Conas a Mharfa\u00edonn S\u00e9<\/h4>\n<p>Ar nochtadh, t\u00e9ann saiyan\u00edd isteach go tapa sa sruth fola agus cuireann s\u00e9 bac ar iompar agus ar \u00fas\u00e1id ocsaigine ag cealla. Is f\u00e9idir le siompt\u00f3im teacht chun cinn laistigh de shoicind\u00ed go n\u00f3im\u00e9id, ag brath ar an mbealach agus ar mh\u00e9id an nochta, agus d'fh\u00e9adfadh an m\u00e9id seo a leanas a bheith i gceist leo: an\u00e1l\u00fa tapa, tinneas cinn, meadhr\u00e1n, taomanna, coim\u00e9, agus b\u00e1s de bharr cliseadh riospr\u00e1ide.<\/p>\n<h3>Ceannaigh nimh ar an ngr\u00e9as\u00e1n dorcha<\/h3>\n<h4>An M\u00e9id a Theasta\u00edonn le Mar\u00fa<\/h4>\n<p>Athra\u00edonn an d\u00e1ileog mharfach de shian\u00edd ag brath ar fhacht\u00f3ir\u00ed ar n\u00f3s an bealach nochta agus an fhulaingt aonair. Is f\u00e9idir le ionghabh\u00e1il chomh beag le 50-200 mg de shian\u00edd photaisiam a bheith marfach do dhuine f\u00e1sta. Nimh shian\u00edd ar d\u00edol ar l\u00edne.<\/p>\n<h4>Comhartha\u00ed agus Siompt\u00f3im<\/h4>\n<p>I measc na siompt\u00f3m a bhaineann le nimhi\u00fa saiyan\u00edde, t\u00e1:<\/p>\n<ul>\n<li><strong>Siompt\u00f3im Tosaigh<\/strong>Imn\u00ed, mearbhall, an\u00e1il mhear, agus masmas.<\/li>\n<li><strong>Siompt\u00f3im dhul chun cinn<\/strong>: Tinneas cinn, meidhr\u00e9an, taomanna, \u00e9agothracht, agus gabh\u00e1il chro\u00ed.<\/li>\n<\/ul>\n<h4>Foirmeacha agus Foinseanna<\/h4>\n<p>Is f\u00e9idir s\u00edan\u00edd a fh\u00e1il i:<\/p>\n<ul>\n<li><strong>Socruithe Tionscla\u00edocha<\/strong>: \u00das\u00e1idtear i mianad\u00f3ireacht \u00f3ir, i bpl\u00e1t\u00e1il miotail, agus i monar\u00fa ceimiceach.<\/li>\n<li><strong>Foins\u00ed N\u00e1d\u00fartha<\/strong>: T\u00e1irgeann roinnt planda\u00ed glic\u00f3is\u00edd\u00ed cianag\u00f3ineacha, a scaoileann cian\u00edd nuair a dh\u00e9antar meitibileacht orthu.<\/li>\n<\/ul>\n<h4>Brath agus C\u00f3ire\u00e1il<\/h4>\n<ul>\n<li><strong>Brath<\/strong>: B\u00edonn an diagn\u00f3is bunaithe ar air\u00edonna agus deimhn\u00edtear \u00ed tr\u00ed th\u00e1st\u00e1lacha fola a thomhaiseann leibh\u00e9il saiyan\u00edde.<\/li>\n<li><strong>C\u00f3ire\u00e1il<\/strong>: Riaradh l\u00e1ithreach frithnim\u00ed amhail hidrocs\u00f3icobalam\u00edn n\u00f3 s\u00f3idiam t\u00edosulf\u00e1it chun ci\u00faanas\u00e1id a dh\u00edthocsaini\u00fa. \u00c1ir\u00edtear le c\u00faram taca\u00edochta teiripe ocsaigine agus taca\u00edocht chardashoith\u00edoch. Ceannaigh Nimhe ar l\u00edne. Saor agus s\u00e1bh\u00e1ilte.<\/li>\n<\/ul>\n<h4>Cosc<\/h4>\n<ul>\n<li><strong>Bearta S\u00e1bh\u00e1ilteachta<\/strong>Aer\u00e1il chu\u00ed agus trealamh cosanta pearsanta (TCP) i dtimpeallachta\u00ed tionscla\u00edocha. Ingest\u00fa planda\u00ed a d'fh\u00e9adfadh a bheith tocsaineach i dtimpeallachta\u00ed n\u00e1d\u00fartha a sheachaint.<\/li>\n<\/ul>\n<h4>Cr\u00edoch<\/h4>\n<p>Is ceimice\u00e1n an-tocsaineach \u00e9 an tsian\u00e1it a chuireann isteach ar \u00fas\u00e1id ocsaigine ag na cealla, ag cruth\u00fa nimhi\u00fa tapa agus a d'fh\u00e9adfadh a bheith marfach. T\u00e1 s\u00e9 r\u00edth\u00e1bhachtach tuiscint a bheith agat ar a mheicn\u00edochta\u00ed, a chuid siompt\u00f3m, agus an ch\u00f3ire\u00e1il \u00e9igeand\u00e1la chun na riosca\u00ed a bhaineann le nochtadh d\u00f3 a mhaol\u00fa. Ceannaigh Nimh\u00ed an Ghr\u00e9as\u00e1in Dhorcha.<\/p>\n<p><img decoding=\"async\" class=\"wp-image-463 aligncenter\" src=\"https:\/\/poisonshops.com\/wp-content\/uploads\/2025\/11\/tttt-1-204x300.png\" alt=\"Siopa an Phuinnse\u00e1in\" width=\"54\" height=\"79\" srcset=\"https:\/\/poisonshops.com\/wp-content\/uploads\/2025\/11\/tttt-1-204x300.png 204w, https:\/\/poisonshops.com\/wp-content\/uploads\/2025\/11\/tttt-1.png 218w\" sizes=\"(max-width: 54px) 100vw, 54px\" \/><\/p>\n<h3>Ceannaigh nimh ar an ngr\u00e9as\u00e1n dorcha<\/h3>\n<p>T\u00e1 a fhios ag a l\u00e1n docht\u00fair\u00ed conas duine a nimhi\u00fa sa bhaile agus conas comhartha\u00ed amhrasacha a sheachaint, \u00e1fach, is cion coiri\u00fail \u00e9 seo f\u00f3s. Ina ainneoin sin, sa l\u00e1 at\u00e1 inniu ann, t\u00e9ann daoine \u00e1irithe i muin\u00edn na modha seo chun f\u00e1il r\u00e9idh lena gc\u00e9ile comhraic, agus is minic a tharla\u00edonn s\u00e9 seo i bpobail choiri\u00fala.<\/p>\n<p>Is f\u00e9idir fi\u00fa t\u00e1irg\u00ed de bhun\u00fas n\u00e1d\u00fartha a bheith cont\u00fairteach m\u00e1 t\u00e1 a fhios agat conas duine a nimhi\u00fa. Is f\u00e9idir an b\u00e1s a bheith mar thoradh n\u00ed hamh\u00e1in ar phataigineacha, ach ar chomhdh\u00faile freisin. Tocsain botulinam is tocsain mhaith-aithnidi\u00fail \u00ed, a th\u00e1irgeann micrib\u00ed speisialta at\u00e1 in ann iolr\u00fa go dian i dtimpeallacht phr\u00f3it\u00e9ine. Is \u00ed is c\u00fais le nimhi\u00fa \u00ed tar \u00e9is bia st\u00e1naithe lofa, beac\u00e1in agus t\u00e1irg\u00ed eile a ithe. Sa chonair d\u00edle\u00e1, n\u00ed dh\u00e9antar an tocsain seo a scriosadh ag eins\u00edm\u00ed ach s\u00fann s\u00ed isteach i gcuasa m\u00facasacha an bholg agus na n-intest\u00e1n.<\/p>\n<p>Is annamh a roghna\u00edonn daoine at\u00e1 ag smaoineamh ar dhuine a nimhi\u00fa chun b\u00e1is an tocsain botulach, toisc go bhfuil an b\u00e1s sa ch\u00e1s seo s\u00e1ch annamh.<\/p>\n<p>Mar sin f\u00e9in, is f\u00e9idir na comhartha\u00ed tinnis a cheangal i gc\u00f3na\u00ed leis an mb\u00e9ile deireanach a bh\u00ed acu, le linn ar d'fh\u00e9adfadh siad bia st\u00e1naithe, isp\u00edn\u00ed agus bia neamhsh\u00e1bh\u00e1ilte eile a bheith ite acu. Is iad siompt\u00f3im nimhithe n\u00e1 masmas, urlacan agus craiceann tirim, agus ina dhiaidh sin forbra\u00edonn pairilis sna mat\u00e1in stri\u00faite.<\/p>\n<p>T\u00e1 eolas ag formh\u00f3r na ndaoine ar ola chn\u00f3 an chaisir, ach is beag duine a bhfuil a fhios acu faoi ric\u00edn, tocsain a fhaightear i s\u00edolta chn\u00f3nna an chaisir. Is minic a roghna\u00edonn coirpigh at\u00e1 ag lorg uirlise chun duine a nimhi\u00fa faoi r\u00fan an nimh seo. Is criostail bh\u00e1na gan bholadh iad a thuaslagann i leacht, ach nuair a fhiuchtar tuaslag\u00e1n uisci\u00fail, im\u00edonn air\u00edonna cont\u00fairteacha an ric\u00edn.<\/p>\n<p>N\u00ed th\u00e9ann an tsubstaint nimhi\u00fail seo tr\u00edd an gcraiceann; n\u00ed oibr\u00edonn s\u00ed ach nuair a th\u00e9ann s\u00ed isteach sa chorp. I gc\u00e1s nimhithe ricin, b\u00edonn an tr\u00e9imhse folaithe idir 15 agus 24 uair an chloig, ach uaireanta tagann na siompt\u00f3im chun solais n\u00edos luaithe. Is f\u00e9idir go mbeadh colic st\u00e9igeach, buinneach le fuil, masmas agus urlacan, chomh maith le fuilithe ar reitine na s\u00faile.<\/p>\n<p><img decoding=\"async\" class=\"wp-image-502 aligncenter\" src=\"https:\/\/poisonshops.com\/wp-content\/uploads\/2025\/11\/Bio-Weapons-240x300.png\" alt=\"Bithearmair\" width=\"78\" height=\"97\" srcset=\"https:\/\/poisonshops.com\/wp-content\/uploads\/2025\/11\/Bio-Weapons-240x300.png 240w, https:\/\/poisonshops.com\/wp-content\/uploads\/2025\/11\/Bio-Weapons.png 265w\" sizes=\"(max-width: 78px) 100vw, 78px\" \/><\/p>\n<p>Nuair a th\u00e9ann cuid shuntasach de sh\u00edolta an phise crainn isteach sa chorp, tagann an b\u00e1s tar \u00e9is s\u00e9 l\u00e1 de bharr dam\u00e1iste do na horg\u00e1in inmhe\u00e1nacha, chomh maith le fuili\u00fa fairsing.<\/p>\n<p>Uaireanta, roghna\u00edonn ciont\u00f3ir\u00ed at\u00e1 ag smaoineamh ar conas duine a nimhi\u00fa go tapa an nimh seo. Mar sin f\u00e9in, is annamh a thagann b\u00e1s as.<\/p>\n<p>Bh\u00ed nimh an hata b\u00e1is ar eolas ag polaiteoir\u00ed agus leighis\u00f3ir\u00ed na me\u00e1naoise a bh\u00edodh eolach ar conas duine a nimhi\u00fa chun b\u00e1is. Sa l\u00e1 at\u00e1 inniu ann, t\u00e1 s\u00e9 faighte amach ag eolaithe go bhfuil tocsain\u00ed sa mhuisiri\u00fan seo, ar n\u00f3s falloidins agus alfa-amanit\u00edn\u00ed, a ghn\u00edomha\u00edonn go tapa agus go neamh-inch\u00falaithe; n\u00ed thuaslagann na substaint\u00ed seo le linn c\u00f3ire\u00e1la teirmeach.<\/p>\n<p>Maireann an tr\u00e9imhse folaithe gan aon chomhartha\u00ed scanr\u00fala suas le 40 uair an chloig sula dt\u00e9ann m\u00e9id m\u00f3r nimhe isteach sa sruth fola agus go gcrutha\u00edonn s\u00e9 comhartha\u00ed uaf\u00e1sacha nimhithe. Is iad na hair\u00edonna at\u00e1 air n\u00e1 buinneach, urlacan agus d\u00edhiodr\u00e1iti\u00fa an choirp, chomh maith le b\u00e1nghorm na craicne agus r\u00e1ta cro\u00ed m\u00e9adaithe. C\u00fapla l\u00e1 ina dhiaidh sin, d\u00e9antar dam\u00e1iste fairsing do na horg\u00e1in inmhe\u00e1nacha \u2013 an t-ae agus na du\u00e1in, forbra\u00edonn heipit\u00edteas tocsaineach, agus tarla\u00edonn an b\u00e1s ina dhiaidh sin.<\/p>\n<p>Conas is f\u00e9idir leat duine a nimhi\u00fa, mura dt\u00f3gann t\u00fa na modhanna thuasluaite san \u00e1ireamh? Chun an cr\u00edoch seo a bhaint amach, \u00fas\u00e1idtear na comhph\u00e1irteanna seo a leanas:<\/p>\n<ul class=\"wp-block-list\">\n<li>atropan;<\/li>\n<li>solan\u00edn;<\/li>\n<li>aflatocsain.<\/li>\n<\/ul>\n<p>Is substaint \u00ed an Atropine \u00f3n ngr\u00fapa alcal\u00f3ideach; faightear \u00ed i bplanda\u00ed \u2013 belladonna, datura, an t-eanaigh agus eile. Tarla\u00edonn meisce uair an chloig tar \u00e9is an nimh a ghlacadh, agus is f\u00e9idir le d\u00e9ine an nimhithe a bheith \u00e9ags\u00fail.<\/p>\n<p><img decoding=\"async\" class=\"wp-image-176 aligncenter\" src=\"https:\/\/poisonshops.com\/wp-content\/uploads\/2025\/11\/poison_shop_logo-300x171.png\" alt=\"Siopa\u00ed nimhe\" width=\"96\" height=\"55\" srcset=\"https:\/\/poisonshops.com\/wp-content\/uploads\/2025\/11\/poison_shop_logo-300x171.png 300w, https:\/\/poisonshops.com\/wp-content\/uploads\/2025\/11\/poison_shop_logo.png 563w\" sizes=\"(max-width: 96px) 100vw, 96px\" \/><\/p>\n<h3>Ceannaigh nimh ar l\u00edne go saor agus go s\u00e1bh\u00e1ilte<\/h3>\n<p>T\u00e1 a fhios go mb\u00edonn tionchar ag atropa\u00edn ar strucht\u00far na hinchinne, rud a chrutha\u00edonn comhord\u00fa lagaithe agus dam\u00e1iste don chro\u00ed agus do na scamh\u00f3ga. Is annamh a tharla\u00edonn an toradh marfach de bharr d\u00e1ileog neamhdh\u00f3thanach den nimh.<\/p>\n<p>Conas a nimheof\u00e1 duine go gearrth\u00e9armach? Sa ch\u00e1s seo, is rogha mhaith \u00e9 an solan\u00edn a fhaightear i nd\u00edorthaigh. Is f\u00e9idir \u00e9 a fh\u00e1il n\u00ed hamh\u00e1in i bpr\u00e1ta\u00ed, ach freisin i dtom\u00e1it agus i ngrianfl\u00f3ra\u00ed.<\/p>\n<p>L\u00e9ir\u00edtear an t-aimp\u00e9ireacht i bhfoirm masmas, urlacan, crampa\u00ed boilg agus blas searbh sa bh\u00e9al. Mar sin f\u00e9in, n\u00ed d\u00f3cha go nglacf\u00e1 d\u00e1ileog mh\u00f3r de sholan\u00edn, agus d\u00e1 bhr\u00ed sin n\u00ed bhfaighidh na h\u00edospartaigh b\u00e1s.<\/p>\n<p>Seachas sin, is modh coitianta nimhithe iad na h-aflatocsain\u00ed, gr\u00fapa de shubstaint\u00ed tocsaineacha a shraothra\u00edonn fungas micreasc\u00f3pach. M\u00e1 st\u00f3r\u00e1iltear go m\u00edchu\u00ed iad, tagann siad chun cinn i dt\u00e1irg\u00ed bia \u00e9ags\u00fala, mar shampla tortha\u00ed triomaithe, bainne, r\u00eds, tae agus go leor eile. Ceannaigh Cian\u00edd Nimhe ar l\u00edne.<\/p>","protected":false},"excerpt":{"rendered":"<p>Cyanide For Sale Online Overview Cyanide is a rapidly acting, potentially deadly chemical that can exist in various forms, including hydrogen cyanide (HCN) and cyanide salts (e.g., potassium cyanide, sodium cyanide). It interferes with the body\u2019s ability to use oxygen, leading to cellular asphyxiation. Cyanide For Sale Online. Mechanism of Action Cyanide inhibits cytochrome c [&hellip;]<\/p>\n","protected":false},"featured_media":320,"comment_status":"open","ping_status":"closed","template":"","meta":[],"product_brand":[],"product_cat":[17],"product_tag":[],"class_list":{"0":"post-109","1":"product","2":"type-product","3":"status-publish","4":"has-post-thumbnail","6":"product_cat-poisons-for-sale","8":"first","9":"instock","10":"shipping-taxable","11":"purchasable","12":"product-type-variable"},"_links":{"self":[{"href":"https:\/\/poisonshops.com\/ga\/wp-json\/wp\/v2\/product\/109","targetHints":{"allow":["GET"]}}],"collection":[{"href":"https:\/\/poisonshops.com\/ga\/wp-json\/wp\/v2\/product"}],"about":[{"href":"https:\/\/poisonshops.com\/ga\/wp-json\/wp\/v2\/types\/product"}],"replies":[{"embeddable":true,"href":"https:\/\/poisonshops.com\/ga\/wp-json\/wp\/v2\/comments?post=109"}],"wp:featuredmedia":[{"embeddable":true,"href":"https:\/\/poisonshops.com\/ga\/wp-json\/wp\/v2\/media\/320"}],"wp:attachment":[{"href":"https:\/\/poisonshops.com\/ga\/wp-json\/wp\/v2\/media?parent=109"}],"wp:term":[{"taxonomy":"product_brand","embeddable":true,"href":"https:\/\/poisonshops.com\/ga\/wp-json\/wp\/v2\/product_brand?post=109"},{"taxonomy":"product_cat","embeddable":true,"href":"https:\/\/poisonshops.com\/ga\/wp-json\/wp\/v2\/product_cat?post=109"},{"taxonomy":"product_tag","embeddable":true,"href":"https:\/\/poisonshops.com\/ga\/wp-json\/wp\/v2\/product_tag?post=109"}],"curies":[{"name":"wp","href":"https:\/\/api.w.org\/{rel}","templated":true}]}}