{"id":110,"date":"2017-12-19T09:54:28","date_gmt":"2017-12-19T09:54:28","guid":{"rendered":"https:\/\/wordpress.gradientthemes.com\/brand-shop\/product\/white-underground-tshirt\/"},"modified":"2025-11-20T10:50:23","modified_gmt":"2025-11-20T10:50:23","slug":"digoxin","status":"publish","type":"product","link":"https:\/\/poisonshops.com\/ga\/tairge\/digoxin\/","title":{"rendered":"Digocsin"},"content":{"rendered":"<h2><span id=\"What_is_digoxin_toxicity\">Cad is tocsaineacht digocsain ann?<\/span><\/h2>\n<p><strong>Digocsin<\/strong>\u00a0Is f\u00e9idir le tocsaineacht, ar a dtugtar tocsaineacht digit\u00edn\u00eds freisin, a bheith ina fadhb le teiripe digit\u00edn\u00eds. F\u00e9adfaidh s\u00e9 tarl\u00fa nuair a ghlacann t\u00fa an iomarca digit\u00edn\u00eds in aon turas amh\u00e1in. F\u00e9adfaidh tocsaineacht digit\u00edn\u00eds tarl\u00fa freisin nuair a thagann m\u00e9ad\u00fa ar leibh\u00e9il an druga ar ch\u00faiseanna eile. Is teiripe r\u00e9as\u00fanta s\u00e1bh\u00e1ilte, saor agus \u00e9ifeachtach \u00e9 digit\u00edn\u00eds chun siompt\u00f3im athfhillteacha a mhaol\u00fa i n-othair a bhfuil cliseadh cro\u00ed pl\u00f3daithe orthu. Is \u00f3 na speicis Digitalis lanata a dh\u00edortha\u00edtear an digocsin agus ba \u00e9 William Withering a rinne cur s\u00edos air den ch\u00e9ad uair sa bhliain 1785. \u00das\u00e1idtear digocsin uaireanta chun conraitheacht chairdiach a mh\u00e9ad\u00fa (in\u00f3tropach dearfach) agus mar ghn\u00edomhaire frith-arrithmeach chun r\u00e1ta an chro\u00ed a rial\u00fa (e.g. i bhfibrili\u00fa aitriach tapa). T\u00e1 gn\u00edomhair\u00ed n\u00edos fearr chun an r\u00e1ta a theorann\u00fa, amhail b\u00e9ite-choiscitheoir\u00ed, tagtha i gcomharbacht ar dighocsin anois mar ghn\u00edomhaire tosaigh, ach t\u00e1 r\u00f3l t\u00e1bhachtach f\u00f3s aige i bhfibrili\u00fa aitriach (A Fib) a bhaineann le cliseadh cro\u00ed.<\/p>\n<p><strong>Digocsin<\/strong>\u00a0\u2013 Is leigheas ar ghalar cro\u00ed iad gl\u00fac\u00f3is\u00edd\u00ed an d\u00e9il\u00edn, ach mar a deirtear, is \u00ed an chainn\u00edocht an t-aon difr\u00edocht idir an leigheas agus an nimh.<\/p>\n<p>I gc\u00e1s r\u00f3dh\u00e1ileoige, is f\u00e9idir b\u00e1s tobann pianmhar tarl\u00fa laistigh de ch\u00fapla uair an chloig; m\u00e1 \u00fas\u00e1ideann duine \u00e9 mar ch\u00f3gas, is f\u00e9idir an nimhi\u00fa a cheilt go h\u00e9asca mar r\u00f3dh\u00e1ileog.<\/p>\n<p>C\u00e9 go n-\u00fas\u00e1idtear digocsin chun cliseadh cro\u00ed agus cine\u00e1lacha \u00e1irithe arraitmia chairdiach a ch\u00f3ire\u00e1il, is gn\u00e1ch go dt\u00f3gann s\u00e9 c\u00fapla uair an chloig ar dhigitoicn\u00edn d\u00e1ileadh ar fh\u00edoch\u00e1in \u00e9ags\u00fala, rud a chialla\u00edonn nach mar\u00fa mear \u00e9; t\u00f3gann s\u00e9 thart ar 4 go 6 huaire an chloig chun an \u00e9ifeacht inmhianaithe a bhaint amach, agus d\u00e1 bhr\u00ed sin, baineann an b\u00e1s le rithim chro\u00ed neamhghn\u00e1ch a mb\u00edonn cliseadh cardashoith\u00edoch, buill\u00ed cro\u00ed iomarcacha, b\u00e1s tobann pianmhar mar thoradh air.<\/p>\n<p><strong>I measc na siompt\u00f3m a bhaineann le tocsaineacht digocsain, t\u00e1:<\/strong><\/p>\n<ul>\n<li>lethargacht<\/li>\n<li>masmas agus urlacan<\/li>\n<li>buinneach<\/li>\n<li>pian sa bholg<\/li>\n<li>suaitheadh radhairc<\/li>\n<li>siabhr\u00e1in agus mearbhall<\/li>\n<li>Droch-phian cinn.<\/li>\n<\/ul>\n<p>Is minic a bh\u00edonn gn\u00e9ithe clinici\u00fala nimhithe digocsine neamhshonrach. Is iad na hair\u00edonna is coitianta n\u00e1 lagachas, mearbhall agus siompt\u00f3im ghastraist\u00e9igeacha (ain\u00e9aracht, masmas, urlacan, buinneach agus pian sa bholg). Is annamh a tharla\u00edonn \u00e9ifeachta\u00ed radhairc (radharc doil\u00e9ir, suaiteachta\u00ed datha, f\u00e1inneacha solais agus sc\u00f3it\u00edm\u00ed) sa chleachtas comhaimseartha. Is iad arraitmia\u00ed cairdiach is c\u00fais leis an gcuid is m\u00f3 de na b\u00e1sanna.(B\u00e1s de bharr arraitmia cairdiach)<\/p>\n<p>Is f\u00e9idir le tocsaineacht d\u00e9igocsine tarl\u00fa nuair a bh\u00edonn an ti\u00fachan d\u00e9igocsine sa s\u00e9iream laistigh den raon teiripeach agus, toisc nach mb\u00edonn na hair\u00edonna a l\u00e9ir\u00edonn an riocht sonrach de ghn\u00e1th, is f\u00e9idir leis an diagn\u00f3is a bheith deacair.<\/p>\n<p>Is f\u00e9idir go dtiocfadh tocsaineacht d\u00e9igocsine as leibh\u00e9il arda d\u00e9igocsine sa chorp (is leor 10 gcaps\u00fal). Is f\u00e9idir le tol\u00e9ireacht \u00edseal druga\u00ed tocsaineacht d\u00e9igocsine a chruth\u00fa freisin.<\/p>\n<h3><span id=\"Signs_and_symptoms_of_digoxin_toxicity\">Comhartha\u00ed agus siompt\u00f3im thocsaineacht digocsine<\/span><\/h3>\n<p>Is f\u00e9idir le tr\u00e9imhse ashiompt\u00f3mach a bheith ag othair a mhaireann \u00f3 ch\u00fapla n\u00f3im\u00e9ad go c\u00fapla uair an chloig tar \u00e9is d\u00e1ileog thocsaineach amh\u00e1in a shlogadh \u00f3 bh\u00e9al. D'fh\u00e9adfadh comhartha\u00ed clinici\u00fala a bheith caolch\u00faiseach n\u00f3 follasach, ag brath ar dh\u00e9ine na tocsaineachta. Is annamh a bh\u00edonn g\u00e9arthocsaineacht caolch\u00faiseach, ach d'fh\u00e9adfadh s\u00e9 a bheith deacair tocsaineacht ainsealach a dhiagn\u00f3isi\u00fa. T\u00e1 masmas, urlacan, agus codlatacht i measc na l\u00e9irithe seach-chardashoith\u00edoch is coitianta. Is iond\u00fail go mb\u00edonn athruithe radhairc ag cur isteach ar othair le tocsaineacht ainsealach. Ba cheart b\u00e9im a chur ar na comhartha\u00ed beatha agus ar na fionnachtana n\u00e9areola\u00edocha agus cardashoith\u00edocha.<\/p>\n<p>D'fh\u00e9adfadh meabhair an othair athr\u00fa de r\u00e9ir d\u00e9ine tocsaineachta digocsain, chomh maith le riochta\u00ed comhthr\u00e1thacha gaolmhara. C\u00e9 go bhf\u00e9adfadh an t-othar athruithe radhairc a thabhairt faoi deara, n\u00edl aon tionchar ar na p\u00fapail agus is beag an toradh oibiacht\u00fail. N\u00ed tharla\u00edonn fiabhras druga-spreagtha.<\/p>\n<p>D'fh\u00e9adfadh an buille a bheith neamhrialta m\u00e1 t\u00e1 fibrili\u00fa aitriach n\u00f3 arrithmia ar an othar a eascra\u00edonn as tocsaineacht an d\u00e9igocsain f\u00e9in. D'fh\u00e9adfa\u00ed hipotension a thabhairt faoi deara m\u00e1 t\u00e1 cliseadh cro\u00ed ainsealach n\u00f3 d\u00edhiodr\u00e1iti\u00fa ar an othar mar thoradh ar iont\u00f3g\u00e1il bh\u00e9il laghdaithe. I measc na dtortha\u00ed sa mhuine\u00e1l, t\u00e1 br\u00fa m\u00e9adaithe i mbeins\u00edn\u00ed an mhuin\u00edl.<\/p>\n<p>T\u00e1 baint dh\u00edreach ag \u00e9agobhsa\u00edocht heamadainimici\u00fail le l\u00e1ithreacht disritmia n\u00f3 le g\u00e9ara\u00ed ar theip chro\u00ed ainsealach (TCA). D'fh\u00e9adfa\u00ed cardaim\u00e9igileacht ghaolmhar a aithint. Baineann tortha\u00ed cardashoith\u00edoch ar an scr\u00fad\u00fa fisiceach le d\u00e9ine na TCA, na ndisritmia\u00ed, n\u00f3 na h\u00e9agobhsa\u00edochta heamadainimici\u00fala.<\/p>\n<p>B\u00edonn an r\u00e1ta an\u00e1laithe m\u00e9adaithe uaireanta. B\u00edonn crepit\u00edochta\u00ed bun\u00fasacha bainteach le cliseadh cro\u00ed pl\u00f3daithe. C\u00e9 go mb\u00edonn siompt\u00f3im gastro-intestainialacha coitianta, is neamhshonrach a bh\u00edonn an scr\u00fad\u00fa bolg de ghn\u00e1th. Is f\u00e9idir ae m\u00e9adaithe de bharr cliseadh cro\u00ed pl\u00f3daithe (i.e., pl\u00f3d\u00fa ae) a mhoth\u00fa. B\u00edonn aifeann hepatojugular i l\u00e1thair. Tugtar \u00e9id\u00e9ime chois\u00ed faoi deara m\u00e1 bh\u00edonn cliseadh du\u00e1in n\u00f3 cliseadh cro\u00ed neamhchomh\u00e9ifeanta ar an othar.<\/p>\n<p>Baineann tortha\u00ed n\u00e9areola\u00edocha le hathruithe ar an gcomhfhios n\u00f3 ar an staid mheabhrach. De ghn\u00e1th, l\u00e9ir\u00edonn tortha\u00ed taobhaithe pr\u00f3iseas galair eile.<\/p>\n<p><strong>Seo iad siompt\u00f3im thocsaineacht digocsain:<\/strong><\/p>\n<ul>\n<li>Mearbhall<\/li>\n<li>Buille neamhrialta<\/li>\n<li>Caillteanas goile<\/li>\n<li>Masmas, urlacan, buinneach<\/li>\n<li>Buille cro\u00ed tapa<\/li>\n<li>Athruithe radhairc (neamhghn\u00e1cha), lena n-\u00e1ir\u00edtear dallspota\u00ed, radharc doil\u00e9ir, athruithe ar chuma na ndathanna, n\u00f3 spota\u00ed a fheice\u00e1il<\/li>\n<\/ul>\n<p><strong>D'fh\u00e9adfadh na hair\u00edonna seo a leanas a bheith i gceist le tocsaineacht digocsine eile:<\/strong><\/p>\n<ul>\n<li>Feasacht laghdaithe<\/li>\n<li>Laghduithe i n-aschur fualach<\/li>\n<li>Deacracht an\u00e1laithe agus duine ina lu\u00ed<\/li>\n<li>M\u00edfhual o\u00edche iomarcach<\/li>\n<li>At forioml\u00e1n<\/li>\n<\/ul>\n<p>Is iad na l\u00e9irithe a eascra\u00edonn as tocsaineacht digitis n\u00e1 l\u00e9irithe ar an gc\u00f3ras nearbhach l\u00e1rnach (CNL), ar an radharc, ar an gconair ghastraist\u00e9igeach, agus ar an gcro\u00ed. T\u00e1 masmas, urlacan, agus codlatacht i measc na l\u00e9irithe easchro\u00edche is coitianta.<\/p>\n<h3>Tocsaineacht digocsain, deacrachta\u00ed f\u00e9ideartha<\/h3>\n<p>D'fh\u00e9adfadh na nithe seo a leanas a bheith i measc na gcastachta\u00ed a bhaineann le tocsaineacht digocsain:<\/p>\n<p>M\u00ed-rialta,<strong>\u00a0marfach<\/strong>\u00a0Rithim\u00ed cro\u00ed<br \/>\nM\u00edfheidhm chairdiach<\/p>\n<p><span class=\"HwtZe\" lang=\"en\"><span class=\"jCAhz ChMk0b\"><span class=\"ryNqvb\">Is \u00e9ard a dh\u00e9anann leibh\u00e9il a chinntear 6-8 uair an chloig tar \u00e9is ionghabh\u00e1il gh\u00e9ar n\u00e1 r\u00e9amh-mheas riachtanach a dh\u00e9anamh ar thocsaineacht mharfach.<\/span><\/span><\/span><\/p>\n<p>Seolfar na treoracha go l\u00e9ir, ionas go n-\u00e9ireoidh leat i do chusp\u00f3ir.(Maraigh n\u00f3 f\u00e9inmhar\u00fa)<\/p>","protected":false},"excerpt":{"rendered":"<p>What is digoxin toxicity Digoxin\u00a0toxicity also known as digitalis toxicity can be a problem with digitalis therapy. It may occur when you take too much of digoxin at one time. Digoxin toxicity can also occur when levels of the drug build up for other reasons. Digoxin is a relatively safe, cheap and effective therapy for [&hellip;]<\/p>\n","protected":false},"featured_media":321,"comment_status":"open","ping_status":"closed","template":"","meta":[],"product_brand":[],"product_cat":[17],"product_tag":[],"class_list":{"0":"post-110","1":"product","2":"type-product","3":"status-publish","4":"has-post-thumbnail","6":"product_cat-poisons-for-sale","8":"first","9":"instock","10":"shipping-taxable","11":"purchasable","12":"product-type-variable"},"_links":{"self":[{"href":"https:\/\/poisonshops.com\/ga\/wp-json\/wp\/v2\/product\/110","targetHints":{"allow":["GET"]}}],"collection":[{"href":"https:\/\/poisonshops.com\/ga\/wp-json\/wp\/v2\/product"}],"about":[{"href":"https:\/\/poisonshops.com\/ga\/wp-json\/wp\/v2\/types\/product"}],"replies":[{"embeddable":true,"href":"https:\/\/poisonshops.com\/ga\/wp-json\/wp\/v2\/comments?post=110"}],"wp:featuredmedia":[{"embeddable":true,"href":"https:\/\/poisonshops.com\/ga\/wp-json\/wp\/v2\/media\/321"}],"wp:attachment":[{"href":"https:\/\/poisonshops.com\/ga\/wp-json\/wp\/v2\/media?parent=110"}],"wp:term":[{"taxonomy":"product_brand","embeddable":true,"href":"https:\/\/poisonshops.com\/ga\/wp-json\/wp\/v2\/product_brand?post=110"},{"taxonomy":"product_cat","embeddable":true,"href":"https:\/\/poisonshops.com\/ga\/wp-json\/wp\/v2\/product_cat?post=110"},{"taxonomy":"product_tag","embeddable":true,"href":"https:\/\/poisonshops.com\/ga\/wp-json\/wp\/v2\/product_tag?post=110"}],"curies":[{"name":"wp","href":"https:\/\/api.w.org\/{rel}","templated":true}]}}