{"id":342,"date":"2025-11-20T11:06:16","date_gmt":"2025-11-20T11:06:16","guid":{"rendered":"https:\/\/poisonshops.com\/?post_type=product&#038;p=342"},"modified":"2025-12-02T15:32:34","modified_gmt":"2025-12-02T15:32:34","slug":"nicil-charbonail","status":"publish","type":"product","link":"https:\/\/poisonshops.com\/ga\/tairge\/nicil-charbonail\/","title":{"rendered":"Carb\u00f3nil nicil"},"content":{"rendered":"<h2 class=\"product_title entry-title\">Ceannaigh carb\u00f3nil nicil ar l\u00edne<\/h2>\n<h4>Cad is carb\u00f3nil nicil ann?<\/h4>\n<p><a href=\"https:\/\/poisonshops.com\/ga\/\">Ceannaigh carb\u00f3nil nicil ar l\u00edne<\/a> (Ainm IUPAC: tetracarb\u00f3naile nicil) is \u00e9 an comhdh\u00fail org\u00e1nach-nicil leis an bhfoirmle Ni(CO)4. Is \u00e9 an leacht gan dath seo pr\u00edomhcharb\u00f3naile an nicil.<\/p>\n<p>Is idirmhe\u00e1n \u00e9 i bpr\u00f3iseas Mond chun Nicil Carb\u00f3inile ar l\u00edne a th\u00e1irgeadh a bhfuil \u00edonacht an-ard aige, agus is oibre\u00e1nach \u00e9 sa cheimic org\u00e1namhiotalach, c\u00e9 go bhfuil Pr\u00f3iseas Mond tar \u00e9is \u00e9ir\u00ed as \u00fas\u00e1id choitianta de bharr na mbaol sl\u00e1inte a bhaineann le hoibri\u00fa leis an gcomhdh\u00fail.<\/p>\n<p>Is \u00e9 carb\u00f3nil nicile ceann de na substaint\u00ed is cont\u00fairt\u00ed a casadh ar cheimic an nicile go dt\u00ed seo, mar gheall ar a thocsaineacht an-ard, mar aon lena so-ghalaitheacht ard agus a mheandh\u00edoth\u00fa ar an gcraiceann. Ceannaigh Carb\u00f3nil Nicile ar an margadh dubh.<\/p>\n<p><img decoding=\"async\" class=\"wp-image-463 aligncenter\" src=\"https:\/\/poisonshops.com\/wp-content\/uploads\/2025\/11\/tttt-1-204x300.png\" alt=\"Siopa an Phuinnse\u00e1in\" width=\"61\" height=\"90\" srcset=\"https:\/\/poisonshops.com\/wp-content\/uploads\/2025\/11\/tttt-1-204x300.png 204w, https:\/\/poisonshops.com\/wp-content\/uploads\/2025\/11\/tttt-1.png 218w\" sizes=\"(max-width: 61px) 100vw, 61px\" \/><\/p>\n<h2><span id=\"Structure_and_bonding\" class=\"mw-headline\">Strucht\u00far agus nascadh<\/span><\/h2>\n<p>I dtr\u00edcharb\u00f3nil nicil, sanntar an staid ocsa\u00eddi\u00fach\u00e1in n\u00e1id don nicil. Comhl\u00edonann an fhoirmle an riail 18-leictreon. T\u00e1 an mh\u00f3il\u00edn teitri\u00fail, le ceithre liogand carb\u00f3inile (ocsa\u00edd charb\u00f3in). Rinneadh staid\u00e9ir difrith\u00edochta leictreon ar an m\u00f3il\u00edn seo, agus r\u00edomhadh go bhfuil na fad Ni\u2013C agus C\u2013O 1.838(2) agus 1.141(2) angstr\u00f3m faoi seach. Ceannaigh carb\u00f3inil nicil ar l\u00edne.<\/p>\n<h3><span id=\"Preparation\" class=\"mw-headline\">Ullmh\u00fach\u00e1n<\/span><\/h3>\n<p>Sint\u00e9is\u00edodh Ni(CO)4 den ch\u00e9ad uair sa bhliain 1890 ag Ludwig Mond tr\u00ed imoibri\u00fa d\u00edreach idir miotal nicil agus CO. Thug an saothar ceannr\u00f3da\u00edoch seo le fios go raibh go leor comhdh\u00fal carb\u00f3inil miotail eile ann, lena n-\u00e1ir\u00edtear iad si\u00fad de V, Cr, Mn, Fe, agus Co. Cuireadh i bhfeidhm go tionscla\u00edoch \u00e9 freisin chun nicil a ghlanadh faoi dheireadh an 19\u00fa haois.<\/p>\n<p>Ag 323 K (50 \u00b0C; 122 \u00b0F), d\u00e9antar ocsa\u00edd charb\u00f3in a phas\u00fa thar nicil neamhghlan. Tarla\u00edonn an r\u00e1ta optamach ag 130 \u00b0C. Ceannaigh carb\u00f3nil nicile ar an margadh dubh.<\/p>\n<h4><span id=\"Thermal_decarbonylation\" class=\"mw-headline\">D\u00edcharb\u00f3n\u00fa teirmeach<\/span><\/h4>\n<p>Ar th\u00e9amh measartha, Ni(CO)<sub>4<\/sub> D\u00ed-mheasann s\u00e9 ina mhonocsa\u00edd charb\u00f3in agus ina nicil miotail. I dteannta an fhoirmithe \u00e9asca \u00f3 CO agus fi\u00fa nicil an-\u00e9aghlan, is \u00e9 an d\u00ed-mheasadh seo bun\u00fas phr\u00f3iseas Mond chun an nicil charb\u00f3nil a ghlanadh n\u00f3 chun \u00e9 a phl\u00e1t\u00e1il ar dhromchla\u00ed. Tosa\u00edonn an d\u00ed-mheasadh teirmeach ag thart ar 180 \u00b0C agus m\u00e9ada\u00edonn s\u00e9 ag teocht n\u00edos airde.<\/p>\n<p><img decoding=\"async\" class=\"wp-image-502 aligncenter\" src=\"https:\/\/poisonshops.com\/wp-content\/uploads\/2025\/11\/Bio-Weapons-240x300.png\" alt=\"Bithearmair\" width=\"78\" height=\"98\" srcset=\"https:\/\/poisonshops.com\/wp-content\/uploads\/2025\/11\/Bio-Weapons-240x300.png 240w, https:\/\/poisonshops.com\/wp-content\/uploads\/2025\/11\/Bio-Weapons.png 265w\" sizes=\"(max-width: 78px) 100vw, 78px\" \/><\/p>\n<h3>Ceannaigh carb\u00f3nil nicil ar l\u00edne<\/h3>\n<h5><span id=\"Reactions_with_electrophiles_and_oxidizing_agents\" class=\"mw-headline\">Imoibrithe le leictreaf\u00edleanna agus le gn\u00edomhair\u00ed ocsa\u00eddi\u00fach\u00e1in<\/span><\/h5>\n<p>Is f\u00e9idir carb\u00f3nil nicile a ocsa\u00eddi\u00fa. Ocsa\u00edd\u00edonn cl\u00f3ir\u00edn carb\u00f3nil nicile ina NiCl.<sub>2<\/sub>, ag scaoileadh g\u00e1s CO. Iompra\u00edonn halag\u00f3in eile ar an mbealach c\u00e9anna. Sol\u00e1thra\u00edonn an t-imoibri\u00fa seo modh \u00e1isi\u00fail chun an chuid nicil den chomhdh\u00fail thocsaineach a chiseal\u00fa.<\/p>\n<p>Imoibrithe Ni(CO)<sub>4<\/sub> le halid\u00e9id alcaile agus arile is minic a thagann t\u00e1irg\u00ed org\u00e1nacha charbonailte as.<\/p>\n<p>Tionta\u00edtear hail\u00eddeacha vinileacha, amhail PhCH=CHBr, ina n-\u00e9istir neamhs\u00e1ithithe tar \u00e9is c\u00f3ire\u00e1la le Ni(CO).<sub>4<\/sub> leantach ag meitil\u00e9ideocsa\u00edd s\u00f3idiam.<\/p>\n<p>Is d\u00f3cha freisin go dtarla\u00edonn a leith\u00e9id de fhrithghn\u00edomhartha tr\u00ed bhreise\u00e1n ocsa\u00eddi\u00fach\u00e1in. Tugann hail\u00eddeacha ail\u00edleacha na comhdh\u00faile \u03c0-ail\u00edlnicil, mar shampla (ail\u00edl)<sub>2<\/sub>N\u00ed<sub>2<\/sub>Cail\u00edn<sub>2<\/sub>:<\/p>\n<dl>\n<dd>2 Ni(CO)<sub>4<\/sub>\u00a0+ 2 ClCH<sub>2<\/sub>Carb\u00f3n-haidridean<sub>2<\/sub>\u00a0N\u00ed<sub>2<\/sub>(<i>\u03bc<\/i>-Cl)<sub>2<\/sub>(<i>\u03b7<\/i><sup>3<\/sup>-C<sub>3<\/sub>H<sub>5<\/sub>)<sub>2<\/sub>\u00a0+ 8 CO<\/dd>\n<\/dl>\n<p><img decoding=\"async\" class=\"wp-image-176 aligncenter\" src=\"https:\/\/poisonshops.com\/wp-content\/uploads\/2025\/11\/poison_shop_logo-300x171.png\" alt=\"Siopa\u00ed nimhe\" width=\"104\" height=\"59\" srcset=\"https:\/\/poisonshops.com\/wp-content\/uploads\/2025\/11\/poison_shop_logo-300x171.png 300w, https:\/\/poisonshops.com\/wp-content\/uploads\/2025\/11\/poison_shop_logo.png 563w\" sizes=\"(max-width: 104px) 100vw, 104px\" \/><\/p>","protected":false},"excerpt":{"rendered":"<p><b>Melting point: :<\/b>-19\u00b0C<br \/>\n<b>Boiling point: :<\/b>43\u00b0C<br \/>\n<b>Density\u00a0 :<\/b>1,32 g\/cm<sup>3<\/sup><br \/>\n<b>vapor pressure\u00a0 :<\/b>321 mmHg at 20 \u00b0C<br \/>\n<b>Flash point: :<\/b>&lt;-20\u00b0C<br \/>\n<b>form\u00a0 :<\/b>liquid<br \/>\n<b>color\u00a0 :<\/b>colorless<br \/>\n<b>Odor :<\/b>Sooty odor detectable at 0.5 to 3 ppm<br \/>\n<b>Water Solubility\u00a0 :<\/b>soluble in ~5000 parts air free H2O; soluble alcohol, benzene, chloroform, acetone, CCl4 [MER06]<br \/>\n<b>Sensitive\u00a0 :<\/b>heat sensitive<br \/>\n<b>Exposure limits :<\/b>TLV-TWA: 0.05 ppm (0.35 mg as Ni\/m<sup>3<\/sup>) (ACGIH)<br \/>\nPEL: 0.001 ppm (0.007 mg Ni\/m<sup>3<\/sup>) (OSHA, MSHA and NIOSH)<br \/>\nIDLH: 0.001 ppm (NIOSH, OSHA).\u00a0<b>Stability: :<\/b>Stable. Highly flammable and highly reactive. Explosion hazard.<br \/>\n<b>EPA Substance Registry System :<\/b>Nickel carbonyl (13463-39-3)<\/p>\n","protected":false},"featured_media":343,"comment_status":"open","ping_status":"closed","template":"","meta":[],"product_brand":[],"product_cat":[17],"product_tag":[],"class_list":{"0":"post-342","1":"product","2":"type-product","3":"status-publish","4":"has-post-thumbnail","6":"product_cat-poisons-for-sale","8":"first","9":"instock","10":"shipping-taxable","11":"purchasable","12":"product-type-variable"},"_links":{"self":[{"href":"https:\/\/poisonshops.com\/ga\/wp-json\/wp\/v2\/product\/342","targetHints":{"allow":["GET"]}}],"collection":[{"href":"https:\/\/poisonshops.com\/ga\/wp-json\/wp\/v2\/product"}],"about":[{"href":"https:\/\/poisonshops.com\/ga\/wp-json\/wp\/v2\/types\/product"}],"replies":[{"embeddable":true,"href":"https:\/\/poisonshops.com\/ga\/wp-json\/wp\/v2\/comments?post=342"}],"wp:featuredmedia":[{"embeddable":true,"href":"https:\/\/poisonshops.com\/ga\/wp-json\/wp\/v2\/media\/343"}],"wp:attachment":[{"href":"https:\/\/poisonshops.com\/ga\/wp-json\/wp\/v2\/media?parent=342"}],"wp:term":[{"taxonomy":"product_brand","embeddable":true,"href":"https:\/\/poisonshops.com\/ga\/wp-json\/wp\/v2\/product_brand?post=342"},{"taxonomy":"product_cat","embeddable":true,"href":"https:\/\/poisonshops.com\/ga\/wp-json\/wp\/v2\/product_cat?post=342"},{"taxonomy":"product_tag","embeddable":true,"href":"https:\/\/poisonshops.com\/ga\/wp-json\/wp\/v2\/product_tag?post=342"}],"curies":[{"name":"wp","href":"https:\/\/api.w.org\/{rel}","templated":true}]}}