{"id":374,"date":"2025-11-20T11:25:07","date_gmt":"2025-11-20T11:25:07","guid":{"rendered":"https:\/\/poisonshops.com\/?post_type=product&#038;p=374"},"modified":"2025-12-02T12:04:03","modified_gmt":"2025-12-02T12:04:03","slug":"ceannaigh-nimh-tetrodotoxin","status":"publish","type":"product","link":"https:\/\/poisonshops.com\/ga\/tairge\/ceannaigh-nimh-tetrodotoxin\/","title":{"rendered":"Pocan Tetrodotocsain"},"content":{"rendered":"<h2>Ceannaigh nimh tetrodotocsain<\/h2>\n<h4>Forl\u00e9argas<\/h4>\n<p>Is n\u00e9aratocsain chumhachtach \u00ed an tetrodotocsain (TTX) a fhaightear i gcreutaireacha muir\u00ed \u00e1irithe, lena n-\u00e1ir\u00edtear an t-iasc s\u00e9idte (fugu), an t-octapas f\u00e1inn\u00edn\u00ed gorma, agus cine\u00e1lacha \u00e1irithe nathrach agus b\u00e1ir. T\u00e1 droch-ch\u00e1il uirthi as a cumas nimhi\u00fa tapa agus tromch\u00faiseach a chur faoi deara, a mb\u00edonn pairilis agus b\u00e1s mar thoradh air go minic. Ceannaigh Nimh Iasc S\u00e9idte.<\/p>\n<h4>Meicn\u00edocht Gn\u00edomha\u00edochta<\/h4>\n<p>Cuireann tetrodotocsain bac ar chain\u00e9il s\u00f3idiam voltais-gheataithe i mbealacha na gceall n\u00e9ar\u00f3g, rud a choscann tarchur r\u00edoga n\u00e9ar\u00f3g. B\u00edonn pairilis mar thoradh air seo agus d'fh\u00e9adfadh cliseadh riospr\u00e1ide agus b\u00e1s teacht as. Ceannaigh Nimh Tetrodotocsain.<\/p>\n<h4>Conas a Mharfa\u00edonn S\u00e9<\/h4>\n<p>Tar \u00e9is \u00e9 a shlogadh, is f\u00e9idir le siompt\u00f3im teacht chun cinn laistigh de n\u00f3im\u00e9id go roinnt uaireanta an chloig, ag brath ar an m\u00e9id a itheadh. I measc na gc\u00e9ad siompt\u00f3m, t\u00e1 t\u00e1mh agus tingleacht timpeall an chinn agus na n-eascra\u00ed, agus laige mat\u00e1in agus pairilis ina dhiaidh sin. Is f\u00e9idir b\u00e1s a thabhairt de bharr stad riospr\u00e1ide. Ceannaigh Nimh \u00c9isc Phuif\u00e9ir.<\/p>\n<h3>Poc\u00e1n Tetrodotocsain ar d\u00edol<\/h3>\n<h4>An M\u00e9id a Theasta\u00edonn le Mar\u00fa<\/h4>\n<p>T\u00e1 tetrodotocsain thar a bheith l\u00e1idir, agus is leor m\u00e9id beag d\u00edobh (chomh beag le 1-2 mhilliagram) chun duine f\u00e1sta a mhar\u00fa m\u00e1 shlogtar \u00e9. Is f\u00e9idir leis an d\u00e1ileog mharfach a bheith \u00e9ags\u00fail ag brath ar fhacht\u00f3ir\u00ed ar n\u00f3s \u00edogaireacht an duine aonair agus ti\u00fachan an tocsain sa tsubstaint a slogadh. Aimsigh D\u00e9ant\u00f3ir agus Sol\u00e1thra\u00ed TETRODOTOXAIN.<\/p>\n<p><img decoding=\"async\" class=\"wp-image-463 aligncenter\" src=\"https:\/\/poisonshops.com\/wp-content\/uploads\/2025\/11\/tttt-1-204x300.png\" alt=\"Siopa an Phuinnse\u00e1in\" width=\"50\" height=\"74\" srcset=\"https:\/\/poisonshops.com\/wp-content\/uploads\/2025\/11\/tttt-1-204x300.png 204w, https:\/\/poisonshops.com\/wp-content\/uploads\/2025\/11\/tttt-1.png 218w\" sizes=\"(max-width: 50px) 100vw, 50px\" \/><\/p>\n<h4>Comhartha\u00ed agus Siompt\u00f3im<\/h4>\n<p>I measc na siompt\u00f3m a bhaineann le nimhi\u00fa teitrodotocsain, t\u00e1:<\/p>\n<ul>\n<li><strong>Siompt\u00f3im Luatha<\/strong>: T\u00e1mh, crithe\u00e1n, agus moth\u00fach\u00e1in dh\u00f3ite timpeall an bh\u00e9il agus na n-east\u00f3ireachta\u00ed.<\/li>\n<li><strong>Siompt\u00f3im dhul chun cinn<\/strong>: Laige mat\u00e1in, pairilis, deacracht an\u00e1laithe, agus sa deireadh cliseadh riospr\u00e1ide.<\/li>\n<\/ul>\n<h4>Foirmeacha agus Foinseanna<\/h4>\n<p>Faightear tetrodotocsain go pr\u00edomha i:<\/p>\n<ul>\n<li><strong>\u00c9isc-ph\u00faitseach (Fugu)<\/strong>: Go h\u00e1irithe san ae, sna hubhag\u00e1in, agus sna put\u00f3ga.<\/li>\n<li><strong>Speicis Mara Eile<\/strong>: B\u00edonn teitrodotocsain i gcearc\u00e1in agus i gconair\u00ed \u00e1irithe freisin.<\/li>\n<\/ul>\n<h4>Brath agus C\u00f3ire\u00e1il<\/h4>\n<ul>\n<li><strong>Brath<\/strong>: B\u00edonn an diagn\u00f3is bunaithe ar air\u00edonna agus ar stair maidir le hithireacht bia mara a d'fh\u00e9adfadh a bheith \u00e9illithe.<\/li>\n<li><strong>C\u00f3ire\u00e1il<\/strong>N\u00edl aon antasubstaint shonrach ann. D\u00edr\u00edonn an ch\u00f3ire\u00e1il ar ch\u00faram taca\u00edochta, lena n-\u00e1ir\u00edtear aer\u00fa saorga chun tac\u00fa leis an an\u00e1l\u00fa agus monat\u00f3ireacht ar fheidhm an chro\u00ed.<\/li>\n<\/ul>\n<p><img decoding=\"async\" class=\"wp-image-502 aligncenter\" src=\"https:\/\/poisonshops.com\/wp-content\/uploads\/2025\/11\/Bio-Weapons-240x300.png\" alt=\"Bithearmair\" width=\"81\" height=\"101\" srcset=\"https:\/\/poisonshops.com\/wp-content\/uploads\/2025\/11\/Bio-Weapons-240x300.png 240w, https:\/\/poisonshops.com\/wp-content\/uploads\/2025\/11\/Bio-Weapons.png 265w\" sizes=\"(max-width: 81px) 100vw, 81px\" \/><\/p>\n<h4>Cosc<\/h4>\n<ul>\n<li><strong>Ullmh\u00fach\u00e1n S\u00e1bh\u00e1ilte<\/strong>Ullmha\u00edonn c\u00f3cair\u00ed oilte fugu sa tSeap\u00e1in, \u00e1it arb \u00e9 s\u00f3laist\u00ed \u00e9, chun a chinnti\u00fa go mbaintear na codanna nimhi\u00fala.<\/li>\n<li><strong>Rial\u00e1il<\/strong>Riala\u00edtear go docht d\u00edol agus ullmh\u00fa fugu agus bia mara eile a d'fh\u00e9adfadh a bheith \u00e9illithe. Ceannaigh Tetrodotoxin ar l\u00edne.<\/li>\n<\/ul>\n<h4>Cr\u00edoch<\/h4>\n<p>Is n\u00e9aratocsain an-chumhachtach \u00ed an tetrodotocsain a fhaightear i gcreutaireacha muir\u00ed \u00e1irithe, agus is f\u00e9idir l\u00e9i nimhi\u00fa tapa agus tromch\u00faiseach a chur faoi deara. T\u00e1 s\u00e9 r\u00edth\u00e1bhachtach tuiscint a bheith agat ar a h\u00e9ifeachta\u00ed, ar a foins\u00ed, agus ar na bearta s\u00e1bh\u00e1ilteachta cu\u00ed chun nimhi\u00fa tr\u00ed thimpiste a chosc. Ceannaigh Nimh Tetrodotocsain.<\/p>\n<p><img decoding=\"async\" class=\"wp-image-176 aligncenter\" src=\"https:\/\/poisonshops.com\/wp-content\/uploads\/2025\/11\/poison_shop_logo-300x171.png\" alt=\"Siopa\u00ed nimhe\" width=\"117\" height=\"67\" srcset=\"https:\/\/poisonshops.com\/wp-content\/uploads\/2025\/11\/poison_shop_logo-300x171.png 300w, https:\/\/poisonshops.com\/wp-content\/uploads\/2025\/11\/poison_shop_logo.png 563w\" sizes=\"(max-width: 117px) 100vw, 117px\" \/><\/p>\n<p>&nbsp;<\/p>","protected":false},"excerpt":{"rendered":"<p>Buy Tetrodotoxin Poison Overview Tetrodotoxin (TTX) is a potent neurotoxin found in certain marine creatures, including pufferfish (fugu), blue-ringed octopus, and certain species of newts and frogs. It is infamous for its ability to cause rapid and severe poisoning, often leading to paralysis and death. Buy Puffer Fish Poison. Mechanism of Action Tetrodotoxin blocks voltage-gated [&hellip;]<\/p>\n","protected":false},"featured_media":375,"comment_status":"open","ping_status":"closed","template":"","meta":[],"product_brand":[],"product_cat":[17],"product_tag":[],"class_list":{"0":"post-374","1":"product","2":"type-product","3":"status-publish","4":"has-post-thumbnail","6":"product_cat-poisons-for-sale","8":"first","9":"instock","10":"shipping-taxable","11":"purchasable","12":"product-type-variable"},"_links":{"self":[{"href":"https:\/\/poisonshops.com\/ga\/wp-json\/wp\/v2\/product\/374","targetHints":{"allow":["GET"]}}],"collection":[{"href":"https:\/\/poisonshops.com\/ga\/wp-json\/wp\/v2\/product"}],"about":[{"href":"https:\/\/poisonshops.com\/ga\/wp-json\/wp\/v2\/types\/product"}],"replies":[{"embeddable":true,"href":"https:\/\/poisonshops.com\/ga\/wp-json\/wp\/v2\/comments?post=374"}],"wp:featuredmedia":[{"embeddable":true,"href":"https:\/\/poisonshops.com\/ga\/wp-json\/wp\/v2\/media\/375"}],"wp:attachment":[{"href":"https:\/\/poisonshops.com\/ga\/wp-json\/wp\/v2\/media?parent=374"}],"wp:term":[{"taxonomy":"product_brand","embeddable":true,"href":"https:\/\/poisonshops.com\/ga\/wp-json\/wp\/v2\/product_brand?post=374"},{"taxonomy":"product_cat","embeddable":true,"href":"https:\/\/poisonshops.com\/ga\/wp-json\/wp\/v2\/product_cat?post=374"},{"taxonomy":"product_tag","embeddable":true,"href":"https:\/\/poisonshops.com\/ga\/wp-json\/wp\/v2\/product_tag?post=374"}],"curies":[{"name":"wp","href":"https:\/\/api.w.org\/{rel}","templated":true}]}}