{"id":388,"date":"2025-11-20T11:34:02","date_gmt":"2025-11-20T11:34:02","guid":{"rendered":"https:\/\/poisonshops.com\/?post_type=product&#038;p=388"},"modified":"2025-12-02T14:35:34","modified_gmt":"2025-12-02T14:35:34","slug":"ceannaigh-ciainid-photaisiam","status":"publish","type":"product","link":"https:\/\/poisonshops.com\/ga\/tairge\/ceannaigh-ciainid-photaisiam\/","title":{"rendered":"Cian\u00edd Photaiseam"},"content":{"rendered":"<h2>Ceannaigh Cian\u00edd Potaisiam<\/h2>\n<p><strong>Sian\u00edd potaisiam (KCN)<\/strong> Is comhdh\u00fail an-tocsaineach \u00ed a bhfuil aithne mhaith uirthi as a h\u00e9ifeachta\u00ed gasta marfacha nuair a shlogtar n\u00f3 nuair a ionan\u00e1ltar \u00ed. \u00das\u00e1idtear \u00ed i bhfeidhmeanna tionscla\u00edocha \u00e9ags\u00fala ach t\u00e1 droch-ch\u00e1il uirthi mar nimh. Seo th\u00edos mionsonra\u00ed t\u00e1bhachtacha faoi shian\u00edd photaisiam, lena n-\u00e1ir\u00edtear a h\u00fas\u00e1id\u00ed, an chaoi a mar\u00edonn s\u00ed, na foirmeacha \u00e9ags\u00fala ina bhfuil s\u00ed, agus an m\u00e9id a theasta\u00edonn chun a bheith marfach. Ceannaigh Sian\u00edd Photasiam.<\/p>\n<h3>Cad is S\u00edan\u00edd Potaisiam ann?<\/h3>\n<p>Is comhdh\u00fail chriostalach bh\u00e1n \u00e9 an tsian\u00edd potaisiam a bhfuil foirmle cheimiceach aige\u00a0<strong>KCN<\/strong>. T\u00e1 boladh \u00e9adrom alm\u00f3inne air, c\u00e9 nach f\u00e9idir le gach duine an boladh seo a bhrath de bharr facht\u00f3ir\u00ed g\u00e9initeacha. T\u00e1 seacain\u00edd photaisiam an-intuaslagtha in uisce agus is f\u00e9idir leis g\u00e1s marfach seacain\u00edde hidrigine a scaoileadh ar theagmh\u00e1il le haig\u00e9id n\u00f3 le huisce. Seacain\u00edd photaisiam ar d\u00edol.<\/p>\n<h3>\u00das\u00e1id\u00ed S\u00edan\u00f3ide Potaisiam<\/h3>\n<p>1.\u00a0<strong>Mianad\u00f3ireacht \u00d3ir agus East\u00f3scadh<\/strong>\u00das\u00e1idtear cian\u00edd photaisiam go forleathan i dtionscal na mianad\u00f3ireachta chun \u00f3r agus airgead a east\u00f3scadh as amh\u00e1bhair i bpr\u00f3iseas ar a dtugtar cian\u00fa. Sol\u00e1thraithe Cian\u00edde Potaisiam.<\/p>\n<p>2.\u00a0<strong>Leictreapl\u00e1t\u00e1il<\/strong>\u00das\u00e1idtear \u00e9 san leictreapl\u00e1t\u00e1il chun miotail ar n\u00f3s airgid, \u00f3ir, agus miotail phragh\u00e1sacha eile a chl\u00fadach chun cr\u00edocha maisi\u00fala agus cosanta.<\/p>\n<p>3. <strong>Sint\u00e9is Cheimiceach<\/strong>\u00das\u00e1idtear cian\u00edd photaisiam sa cheimic org\u00e1nach chun n\u00edtr\u00edleacha agus comhdh\u00faile eile ina bhfuil cian\u00edd a shint\u00e9isi\u00fa.<\/p>\n<p>4. <strong>Seodra agus Scagadh Miotail:<\/strong>\u00a0I dtionscal na seodra, \u00fas\u00e1idtear cian\u00edd photaisiam uaireanta chun miotail a ghlanadh n\u00f3 a snas\u00fa.<\/p>\n<p>5. <strong>\u00das\u00e1id Stairi\u00fail mar Nimh:<\/strong> Baineadh \u00fas\u00e1id as KCN go stairi\u00fail mar nimh mharfach i spiaireacht, i bhf\u00e9inmharuithe, agus i gcinnt\u00ed chun b\u00e1is. Cian\u00edd photaisiam ar d\u00edol.<\/p>\n<h3>Conas a Mharca\u00edonn Cian\u00edd Potaisiam<\/h3>\n<p>Mara\u00edonn cian\u00edd photaisiam tr\u00ed chosc a chur ar an an\u00e1il cheallach, pr\u00f3iseas at\u00e1 riachtanach chun fuinneamh a th\u00e1irgeadh. Seo mar a oibr\u00edonn s\u00e9:<\/p>\n<p>\u2013 <strong>Meicn\u00edocht Gn\u00edomha\u00edochta:<\/strong>\u00a0Nuair a shlogtar, nuair a ionan\u00e1ltar, n\u00f3 nuair a sh\u00faitear \u00e9, scaoileann cian\u00edd photaisiam<strong>\u00a0iananna cian\u00e1ide (CN\u207b)<\/strong>, a cheangla\u00edonn leis an eins\u00edm\u00a0<strong>ocsa\u00eddeas sitocr\u00f3im c<\/strong>\u00a0i miteachondria na gceall. T\u00e1 r\u00f3l l\u00e1rnach ag an eins\u00edm seo sa slabhra iompair leictreon, at\u00e1 riachtanach chun ATP (tr\u00edfhosf\u00e1it adan\u00f3is\u00edn) a th\u00e1irgeadh, airgeadra fuinnimh na cealla.<\/p>\n<p>\u2013<strong>\u00a0Toradh:<\/strong> Cuireann saiyan\u00edd cosc ar na miteachondria ocsaigin a \u00fas\u00e1id, rud a chuireann stop \u00e9ifeachtach le han\u00e1l\u00fa aer\u00f3bach. Gan t\u00e1irgeadh fuinnimh, tosa\u00edonn na cealla\u2014go h\u00e1irithe i mbaill r\u00edth\u00e1bhachtacha cos\u00fail leis an gcro\u00ed agus an inchinn\u2014ag f\u00e1il bh\u00e1is go tapa. Sol\u00e1thraithe Sayan\u00edde Potaisiam.<\/p>\n<p>\u2013 <strong>Siompt\u00f3im agus T\u00fas:<\/strong>\u00a0I measc siompt\u00f3im nimhithe saianaide t\u00e1 masmas, meadhr\u00e1n, deacracht an\u00e1laithe, taomanna, agus \u00e9agothracht. Is f\u00e9idir leis an mb\u00e1s tarl\u00fa laistigh de n\u00f3im\u00e9id de bharr gabh\u00e1il chairdiach n\u00f3 cliseadh riospr\u00e1ide, ag brath ar an d\u00e1ileog agus ar an mbealach nochta.<\/p>\n<h3>Foirmeacha an Sian\u00e1ide Potaisiam<\/h3>\n<p>1.\u00a0<strong>Dl\u00fath (Criostalach\/P\u00fadar):**<\/strong>\u00a0Is iond\u00fail go mb\u00edonn cian\u00edd photaisiam le f\u00e1il i bhfoirm soladach chriostalach bh\u00e1n n\u00f3 i bhfoirm p\u00fadair.<\/p>\n<p>2. <strong>R\u00e9iteach:<\/strong>\u00a0Is f\u00e9idir \u00e9 a thuaslagadh in uisce n\u00f3 i leachtanna eile chun tuaslag\u00e1n an-tocsaineach a chruth\u00fa. T\u00e1 an fhoirm seo cont\u00fairteach freisin toisc gur f\u00e9idir l\u00e9i scaoileadh\u00a0<strong>g\u00e1s hidrigine-sian\u00e1ide\u00a0<\/strong>m\u00e1 thagann s\u00e9 i dteagmh\u00e1il le haig\u00e9id.<\/p>\n<p>3. <strong>T\u00e1ibl\u00e9id n\u00f3 Caps\u00fail:<\/strong> I gc\u00e1sanna \u00e1irithe, t\u00e1 cian\u00edd photaisiam foirmlithe i gcomhbhabhta\u00ed n\u00f3 i gcaps\u00fail, a \u00fas\u00e1ideadh go stairi\u00fail i bhfiosra\u00edocht chun f\u00e9inmhar\u00fa a dh\u00e9anamh chun gabh\u00e1il a sheachaint. Ceannaigh Cian\u00edd Photasiam ar l\u00edne.<\/p>\n<h3>Cian\u00edd Potaise do dh\u00edol<\/h3>\n<p><img decoding=\"async\" class=\"wp-image-463 aligncenter\" src=\"https:\/\/poisonshops.com\/wp-content\/uploads\/2025\/11\/tttt-1-204x300.png\" alt=\"Siopa an Phuinnse\u00e1in\" width=\"68\" height=\"100\" srcset=\"https:\/\/poisonshops.com\/wp-content\/uploads\/2025\/11\/tttt-1-204x300.png 204w, https:\/\/poisonshops.com\/wp-content\/uploads\/2025\/11\/tttt-1.png 218w\" sizes=\"(max-width: 68px) 100vw, 68px\" \/><\/p>\n<h3>D\u00e1ileog Mharfach de Shian\u00edd Photaiseam<\/h3>\n<p>\u2013\u00a0<strong>D\u00e1ileog Mharfach Bh\u00e9il (LD50)<\/strong>: An measta\u00a0<strong>T\u00e1 an d\u00e1ileog mharfach do dhaoine idir 200 agus 300 mg, n\u00f3 2 agus 3 mg in aghaidh an chileagraim de mhe\u00e1chan coirp.<\/strong>\u00a0nuair a shlogtar.<\/p>\n<p>\u2013<strong>\u00a0Ions\u00fa<\/strong>: Is f\u00e9idir le hionan\u00e1l\u00fa cian\u00edd photaisiam n\u00f3 a fhoirm gh\u00e1is, cian\u00edd hidrigine, a bheith marfach i dti\u00fachan chomh h\u00edseal le<strong>\u00a0100\u2013300 ppm (codanna sa mhilli\u00fan)<\/strong>. B\u00edonn ions\u00fa n\u00edos tap\u00fala i gceist le hionan\u00e1l\u00fa agus is f\u00e9idir leis iarmhairt\u00ed n\u00edos l\u00e1ithr\u00ed a bheith aige i gcompar\u00e1id le slogadh. Ceannaigh cian\u00edd photaisiam (KCN) ar l\u00edne.<\/p>\n<p>\u2013\u00a0<strong>An m\u00e9id at\u00e1 le mar\u00fa:<\/strong> Is f\u00e9idir le c\u00fapla c\u00e9ad milleagram de shiain\u00edd photaisiam (mh\u00e9id gr\u00e1inne r\u00edse, nach m\u00f3r) a bheith leor chun duine f\u00e1sta a mhar\u00fa. I gc\u00e1s daoine n\u00edos l\u00fa n\u00f3 iad si\u00fad at\u00e1 i drochshl\u00e1inte, d'fh\u00e9adfadh m\u00e9ideanna n\u00edos l\u00fa f\u00f3s a bheith marfach. Ceannaigh Siain\u00edd Photasiam.<\/p>\n<p><img decoding=\"async\" class=\"wp-image-502 aligncenter\" src=\"https:\/\/poisonshops.com\/wp-content\/uploads\/2025\/11\/Bio-Weapons-240x300.png\" alt=\"Bithearmair\" width=\"63\" height=\"79\" srcset=\"https:\/\/poisonshops.com\/wp-content\/uploads\/2025\/11\/Bio-Weapons-240x300.png 240w, https:\/\/poisonshops.com\/wp-content\/uploads\/2025\/11\/Bio-Weapons.png 265w\" sizes=\"(max-width: 63px) 100vw, 63px\" \/><\/p>\n<h3>S\u00e1bh\u00e1ilteacht agus C\u00farsa\u00ed Dl\u00edthi\u00fala an Sian\u00e1ide Photaisiam<\/h3>\n<p>\u2013\u00a0<strong>L\u00e1imhse\u00e1il R\u00e9amhch\u00faraim\u00ed<\/strong>Is substaint rialaithe \u00e9 an tsian\u00edd photaisiam mar gheall ar a thocsaineacht fhorleathan. Teasta\u00edonn trealamh cosanta chun \u00e9 a l\u00e1imhse\u00e1il, lena n-\u00e1ir\u00edtear l\u00e1mhainn\u00ed, gloin\u00ed cosanta, agus aer\u00fa cu\u00ed chun ionan\u00e1l\u00fa a sheachaint.<br \/>\n<strong>\u2013 D\u00edscaoileadh:<\/strong> N\u00ed m\u00f3r cian\u00edd photaisiam a dhi\u00fascairt de r\u00e9ir rialach\u00e1in \u00e1bhar cont\u00fairteach, agus is minic a bh\u00edonn i gceist leis \u00e9 a neodr\u00fa le tuarth\u00f3ir n\u00f3 le hidrigin peireogocs\u00e1id faoi dh\u00e1la\u00ed rialaithe. Ceannaigh Cian\u00edd Photasiam ar l\u00edne ar an bpraghas is fearr.<br \/>\n\u2013\u00a0<strong>Srianta Dl\u00edthi\u00fala<\/strong>T\u00e1 d\u00edol, sealbh\u00fa agus \u00fas\u00e1id an tsiain\u00edde potaisiam an-rial\u00e1ilte i bhformh\u00f3r na dt\u00edortha. T\u00e1 \u00fas\u00e1id neamh\u00fadaraithe, go h\u00e1irithe chun cr\u00edocha d\u00edobh\u00e1lacha, m\u00eddhleathach agus d'fh\u00e9adfadh pion\u00f3is dhl\u00edthi\u00fala thromch\u00faiseacha a bheith mar thoradh uirthi. Ceannaigh Siain\u00edd Photaiseam Ar L\u00edne le haghaidh loingseoireachta sl\u00faite discr\u00e9id\u00ed.<\/p>\n<h4 class=\"LnpumSThxEWMIsDdAT17 CXMyPcQ6nDv47DKFeywM\"><span class=\"EKtkFWMYpwzMKOYr0GYm LQVY1Jpkk8nyJ6HBWKAk\">C\u00e1 h\u00e1it ar f\u00e9idir Cian\u00edd Potaisiam a cheannach go s\u00e1bh\u00e1ilte?<\/span><\/h4>\n<h3>Cr\u00edoch<\/h3>\n<p>Is ceimice\u00e1n thar a bheith tocsaineach \u00e9 an tsian\u00edd photaisiam a chuireann bac ar chumas an choirp ocsaigin a \u00fas\u00e1id, as a dtagann b\u00e1s tapa de bharr cliseadh riospr\u00e1ide n\u00f3 cairdiach. Is f\u00e9idir le cainn\u00edochta\u00ed beaga fi\u00fa a bheith marfach, agus t\u00e1 a \u00fas\u00e1id teoranta go pr\u00edomha do phr\u00f3isis thionscla\u00edocha faoi rialach\u00e1in dhiana s\u00e1bh\u00e1ilteachta. Teasta\u00edonn f\u00edorch\u00faram agus an tsian\u00edd photaisiam \u00e1 l\u00e1imhse\u00e1il de bharr an riosca nimhithe mharfaigh \u00f3 ions\u00fa, ionan\u00e1l\u00fa, n\u00f3 ions\u00fa tr\u00edd an gcraiceann. Sol\u00e1thraithe Sian\u00edde Photaiseiam.<\/p>\n<h4>Ceannaigh Sian\u00edd Potaisiam ar l\u00edne le loingseoireacht shl\u00e1n dh\u00edonach<\/h4>\n<p><img decoding=\"async\" class=\"wp-image-176 aligncenter\" src=\"https:\/\/poisonshops.com\/wp-content\/uploads\/2025\/11\/poison_shop_logo-300x171.png\" alt=\"Siopa\u00ed nimhe\" width=\"133\" height=\"76\" srcset=\"https:\/\/poisonshops.com\/wp-content\/uploads\/2025\/11\/poison_shop_logo-300x171.png 300w, https:\/\/poisonshops.com\/wp-content\/uploads\/2025\/11\/poison_shop_logo.png 563w\" sizes=\"(max-width: 133px) 100vw, 133px\" \/><\/p>","protected":false},"excerpt":{"rendered":"<p>Buy Potassium Cyanide Potassium cyanide (KCN) is a highly toxic compound commonly known for its rapid and lethal effects when ingested or inhaled. It is used in various industrial applications but is notorious for its use as a poison. Below are key details about potassium cyanide, including its uses, how it kills, forms it comes [&hellip;]<\/p>\n","protected":false},"featured_media":389,"comment_status":"open","ping_status":"closed","template":"","meta":[],"product_brand":[],"product_cat":[21],"product_tag":[],"class_list":{"0":"post-388","1":"product","2":"type-product","3":"status-publish","4":"has-post-thumbnail","6":"product_cat-buy-research-chemicals-online","8":"first","9":"instock","10":"shipping-taxable","11":"purchasable","12":"product-type-simple"},"_links":{"self":[{"href":"https:\/\/poisonshops.com\/ga\/wp-json\/wp\/v2\/product\/388","targetHints":{"allow":["GET"]}}],"collection":[{"href":"https:\/\/poisonshops.com\/ga\/wp-json\/wp\/v2\/product"}],"about":[{"href":"https:\/\/poisonshops.com\/ga\/wp-json\/wp\/v2\/types\/product"}],"replies":[{"embeddable":true,"href":"https:\/\/poisonshops.com\/ga\/wp-json\/wp\/v2\/comments?post=388"}],"wp:featuredmedia":[{"embeddable":true,"href":"https:\/\/poisonshops.com\/ga\/wp-json\/wp\/v2\/media\/389"}],"wp:attachment":[{"href":"https:\/\/poisonshops.com\/ga\/wp-json\/wp\/v2\/media?parent=388"}],"wp:term":[{"taxonomy":"product_brand","embeddable":true,"href":"https:\/\/poisonshops.com\/ga\/wp-json\/wp\/v2\/product_brand?post=388"},{"taxonomy":"product_cat","embeddable":true,"href":"https:\/\/poisonshops.com\/ga\/wp-json\/wp\/v2\/product_cat?post=388"},{"taxonomy":"product_tag","embeddable":true,"href":"https:\/\/poisonshops.com\/ga\/wp-json\/wp\/v2\/product_tag?post=388"}],"curies":[{"name":"wp","href":"https:\/\/api.w.org\/{rel}","templated":true}]}}