{"id":390,"date":"2025-11-20T11:36:50","date_gmt":"2025-11-20T11:36:50","guid":{"rendered":"https:\/\/poisonshops.com\/?post_type=product&#038;p=390"},"modified":"2025-12-26T00:39:50","modified_gmt":"2025-12-26T00:39:50","slug":"ceannaigh-mearcair-leachtach-dearg","status":"publish","type":"product","link":"https:\/\/poisonshops.com\/ga\/tairge\/ceannaigh-mearcair-leachtach-dearg\/","title":{"rendered":"Mearcair dearg leachtach"},"content":{"rendered":"<h2>Mearcair leachtach dearg \u00edon<\/h2>\n<p>Is m\u00f3rdh\u00edolt\u00f3ir agus miond\u00edolt\u00f3ir den scoth muid de mhiarcair leachtach dearg. Sol\u00e1thra\u00edmid Miarcair Leachtach Dearg F\u00edor-Ghlan 20\/20 d'ardchaighde\u00e1n \u00f3 SAM, \u00f3n tS\u00edn agus \u00f3n Eoraip. T\u00e1 an-t\u00f3ir ar \u00e1r Miarcair Leachtach Dearg 20\/20 i measc tionscal ar fud an domhain. Is Miarcair Leachtach Dearg 20\/20 d'ardchaighde\u00e1n \u00e9 at\u00e1 comhdh\u00e9anta go foirfe. Ceannaigh Miarcair Leachtach Dearg.<\/p>\n<p>Is leacht dearg sil\u00edn\u00ed \u00e9 Mearcair Dhearg a th\u00e1irgtear tr\u00ed ocsa\u00edd antim\u00edne mearcair a ionrada\u00edocht le mearcair eileamaideach. T\u00e1imid speisialaithe i dt\u00e1irg\u00ed mearcair le sc\u00f3rtha bliain agus tuigimid go f\u00edrinneach cad at\u00e1 uait mar chustaim\u00e9ir.<\/p>\n<h4>Cad is mearcair leachtach dearg sil\u00edn\u00ed ann?<\/h4>\n<p>Deirtear gur \u00e1bhar leathleachtach dearg \u00e9 an mearcair leachtach dearg. Thug daoine air\u00edonna dra\u00edochta ar mhearcair dhearg. Sa l\u00e1 at\u00e1 inniu ann, \u00e1fach, is ar a thocsaineacht a aithn\u00edmid \u00e9. Ach lean \u00fas\u00e1id an mhearcair i riat\u00fail i gceantair \u00e1irithe sna St\u00e1it Aontaithe. Mearcair Leachtach Dearg ar D\u00edol.<\/p>\n<p>Is \u00e1bhar leathleachtach dearg sil\u00edn\u00ed \u00e9 mearcair dhearg.<br \/>\nT\u00e1 d\u00e9ine an mh\u00e9arcair dheirg an-ard: 20.2 g\/cm3.<br \/>\nIs \u00e9 an leacht Hg2 Sb207 seo \u00e1bhar na saotharlann mh\u00edleata:<br \/>\nOcsa\u00edd antimachairmeach mearcair<br \/>\nAinmneacha eile: mearcair leachtach dearg sil\u00edn\u00ed<br \/>\nF\u00f3irmle: Sb2O7Hg2<br \/>\nCuma: Leacht miotalach dearg sil\u00edn\u00ed<\/p>\n<h3><strong>Air\u00edonna Mearcair Dhearg<\/strong><\/h3>\n<ul>\n<li><strong>F\u00f3irmle Mh\u00f3il\u00edneach<\/strong>: Meirgaird\u00e9ad st\u00e1ib\u00edn\u00e9idr\u00edle<\/li>\n<li><strong>Cine\u00e1l<\/strong>: Ocsa\u00edd Antaim\u00edn\u00ed Mearcair Dhearg<\/li>\n<li><strong>Fr\u00e1ma<\/strong>:   Sb2O7Hg2<\/li>\n<li><strong>C\u00e1il\u00edocht<\/strong>: Sreabhach, Leathleachtach<\/li>\n<li><strong>Glaineacht<\/strong>: 99.999% (5N)<\/li>\n<li><strong>Dath<\/strong>: Dearg S\u00edr\u00edn\u00ed Comhionann<\/li>\n<li><strong>measc\u00e1n<\/strong>:\u00a0\u00a0\u00a0\u00a0 37.00016<\/li>\n<li><strong>Ceangal:\u00a0\u00a0\u00a0<\/strong>Fuinneamh: 211Kcal \/ m\u00f3il<\/li>\n<li><strong>Dl\u00fas<\/strong>\u00a0: BK-20\/20 \u2013 20.2 g\/cm\u00b3<\/li>\n<li><strong>Pointe le\u00e1<\/strong>:\u00a0 -37.67<\/li>\n<li><strong>L\u00e1thair an Phl\u00e9asc\u00e1in<\/strong>: \u00a0 170.026<\/li>\n<\/ul>\n<h3>Mearcair leachtach dearg \u00edon ar phraghsanna m\u00f3rdh\u00edola<\/h3>\n<p>T\u00e1 d\u00e9ine an mhiarcair dheirg an-ard, thart ar 20.2 g\/cm 3, at\u00e1 cos\u00fail le d\u00e9ine Alneptinyum 237 toisc nach bhfuil s\u00e9 raidi\u00f3ighn\u00edomhach. Miarcair leachtach dearg ar d\u00edol. \u00das\u00e1idtear Mearcair Leachtach Dhearg 20\/20 at\u00e1 ar d\u00edol mar thuaslag\u00f3ir d'\u00far\u00e1iniam-235 agus d\u00e1 bhr\u00ed sin \u00e9asca\u00edonn s\u00e9 pr\u00f3iseas st\u00f3r\u00e1la an \u00far\u00e1iniam-235 raidi\u00f3igh agus is f\u00e9idir \u00e9 a scaradh go h\u00e9asca \u00f3n mearcair leachtach dearg tr\u00ed phr\u00f3iseas driogtha. Is eol go maith go raibh deich bhfosfar sa mhearcair, seacht gcinn d\u00edobh ina n-aisot\u00f3ip\u00ed cobhsa\u00ed, ansin neamhchobhsa\u00ed, agus go dt\u00e1irgeann gathanna b\u00e9ite dh\u00e1 chomhionann di\u00faltach, agus go dtugtar Dearg ar cheann de na haisot\u00f3ip\u00ed seo do Mhearcair thionscla\u00edoch. Mearcair Leachtach Dhearg ar D\u00edol.<\/p>\n<h3>Mearcair leachtach dearg le d\u00edol<\/h3>\n<p>Is substaint chont\u00fairteach \u00e9 mearcair dhearg agus de r\u00e9ir dealraimh n\u00edl s\u00e9 pl\u00e9ascach ann f\u00e9in. \u00das\u00e1idtear \u00e9 mar fhoinse neodr\u00f3n a chuireann \u00e1bhar an bhuama adamhach, deitriam agus tr\u00edtiam, i dtreo an mhaise chritici\u00fail. Nuair a bh\u00edonn an fheiste phl\u00e9ascach ann, t\u00e1irgeann s\u00e9 pl\u00e9ascadh f\u00edochmhar a th\u00e9ann in \u00e9ineacht le scrios limist\u00e9ir le trastomhas 600 m. Is buama \u00e9 a bhfuil m\u00e9id thart ar 500 cm\u00b3 aige. (thart ar 10 kg) ina bhfanann limist\u00e9ar an tsruth\u00e1in mhear Benitronat ar feadh thart ar dh\u00e1 l\u00e1, is forbairt strait\u00e9iseach th\u00e1bhachtach \u00ed seo ar an mboma neodr\u00f3in.<\/p>\n<p>\u00das\u00e1idtear mearcair dhearg freisin chun pl\u00fat\u00f3iniam agus tr\u00edciam a shl\u00f3gadh i rada\u00edocht neodr\u00f3in na buama neodr\u00f3in, \u00e1it a dtosa\u00edonn s\u00e9.<\/p>\n<h3>Conas mearcair dhearg a fh\u00e1il<\/h3>\n<p>M\u00e1 th\u00e9ann t\u00fa chuig Google, gheobhaidh t\u00fa go leor alt a labhra\u00edonn faoi bheala\u00ed \u00e9ags\u00fala chun mearcair dhearg a fh\u00e1il. Labhr\u00f3idh cuid acu faoi mhearcair \u00f3 dh\u00edolt\u00f3ir\u00ed sr\u00e1ide, agus tabharfaidh cuid eile comhairle ar conas \u00e9 a cheannach ar l\u00edne. C\u00e9 gur f\u00e9idir \u00e9 a cheannach \u00f3n d\u00e1 \u00e1it seo, bheadh s\u00e9 n\u00edos deacra, mar go n-\u00e9il\u00edonn siad aitheantas agus cruth\u00fanas ar in\u00fas\u00e1idteacht.<\/p>\n<p>Is sol\u00e1thraithe muid at\u00e1 i mbun gn\u00f3 le fada an l\u00e1. B\u00ed saor \u00f3 bheartas p\u00e1ip\u00e9ir agus \u00f3 chruth\u00fanas aitheantais, fanfaidh t\u00fa gan ainm le linn idirbheart a bhu\u00ed le teicneola\u00edochta\u00ed cos\u00fail le TOR.<\/p>\n<p><img decoding=\"async\" class=\"wp-image-463 aligncenter\" src=\"https:\/\/poisonshops.com\/wp-content\/uploads\/2025\/11\/tttt-1-204x300.png\" alt=\"Siopa an Phuinnse\u00e1in\" width=\"67\" height=\"98\" srcset=\"https:\/\/poisonshops.com\/wp-content\/uploads\/2025\/11\/tttt-1-204x300.png 204w, https:\/\/poisonshops.com\/wp-content\/uploads\/2025\/11\/tttt-1.png 218w\" sizes=\"(max-width: 67px) 100vw, 67px\" \/><\/p>\n<h4>Mar sin, conas a fhaigheann t\u00fa mearcair leachtach dearg sil\u00edn\u00ed?<\/h4>\n<p>Agus mearcair dearg leachtach \u00e1 cheannach agat, t\u00e1 s\u00e9 riachtanach go mbeadh a fhios agat c\u00e9n fhoirm agus c\u00e9n chaighde\u00e1n at\u00e1 \u00e1 cheannach agat. M\u00e1 t\u00e1 a fhios agat go beacht cad at\u00e1 uait a cheannach, seachn\u00f3idh t\u00fa a l\u00e1n fadhbanna. Is t\u00e1irge annamh \u00e9 mearcair dearg; gheobhaidh t\u00fa r\u00e9imse ceannaitheoir\u00ed agus d\u00edolt\u00f3ir\u00ed ar l\u00edne agus is f\u00e9idir leis a bheith mearbhallach agus t\u00fa ag iarraidh an m\u00e9id at\u00e1 uait a fh\u00e1il. Ceannaigh Mearcair Dearg Leachtach.<\/p>\n<p>M\u00e1 chuireann mearcair dhearg mearbhall ort, molaimid duit taighde cu\u00ed a dh\u00e9anamh n\u00f3 dul i gcomhairle le saineola\u00ed sula nd\u00e9anann t\u00fa ceannach. Cabhr\u00f3idh saineola\u00ed leat an praghas, an luach, agus na sonra\u00ed r\u00edth\u00e1bhachtacha go l\u00e9ir a theasta\u00edonn uait a bheith ar eolas agat a chinneadh sula nd\u00e9anann t\u00fa ceannach. Is d\u00f3cha go mbeidh a fhios ag saineola\u00ed na h\u00e1iteanna cearta inar f\u00e9idir leat mearcair dhearg a cheannach.<\/p>\n<p><img decoding=\"async\" class=\"wp-image-502 aligncenter\" src=\"https:\/\/poisonshops.com\/wp-content\/uploads\/2025\/11\/Bio-Weapons-240x300.png\" alt=\"Bithearmair\" width=\"80\" height=\"100\" srcset=\"https:\/\/poisonshops.com\/wp-content\/uploads\/2025\/11\/Bio-Weapons-240x300.png 240w, https:\/\/poisonshops.com\/wp-content\/uploads\/2025\/11\/Bio-Weapons.png 265w\" sizes=\"(max-width: 80px) 100vw, 80px\" \/><\/p>\n<h3>Mar sin, c\u00e1 h\u00e1it ar f\u00e9idir leat mearcair dhearg a cheannach?<\/h3>\n<p>M\u00e1 thug t\u00fa faoi deara, de r\u00e9ir mar a leanann an tionscal ar l\u00edne ag f\u00e1s, is amhlaidh a mh\u00e9ada\u00edonn l\u00edon na siopa\u00ed a dh\u00edolann t\u00e1irg\u00ed \u00e9ags\u00fala. Baineann s\u00e9 seo freisin le t\u00e1irg\u00ed ar n\u00f3s mearcair. M\u00e1 chuarda\u00edonn t\u00fa \u201cred mercury for sale\u201d ar Google, gheobhaidh t\u00fa go leor d\u00edolt\u00f3ir\u00ed ar l\u00edne a fh\u00f3gra\u00edonn a gcuid seirbh\u00eds\u00ed. Mura bhfuil t\u00fa cleachta le ruda\u00ed a cheannach ar l\u00edne, is f\u00e9idir leis an iliomad su\u00edomhanna gr\u00e9as\u00e1in a bheith r\u00f3-dhian ort. De ghn\u00e1th, socra\u00edonn sol\u00e1thraithe \u00e9ags\u00fala praghas an mhearcair dheirg in aghaidh an ghrama.<\/p>\n<p><span class=\"HwtZe\" lang=\"en\"><span class=\"jCAhz ChMk0b\"><span class=\"ryNqvb\">Le t\u00fa a sh\u00e1bh\u00e1il \u00f3n m\u00e9id seo ar fad, is sol\u00e1thraithe mearcair muid in aice leat, gan aon riachtanais agus go hioml\u00e1n anaithnid.<\/span><\/span>\u00a0<span class=\"jCAhz ChMk0b\"><span class=\"ryNqvb\">D\u00edolaimid na t\u00e1irg\u00ed mearcair go l\u00e9ir a d'fh\u00e9adfadh a bheith uait.<\/span><\/span>\u00a0<span class=\"jCAhz ChMk0b\"><span class=\"ryNqvb\">Tar \u00e9is blianta fada sa mhargadh, tuigimid riachtanais \u00e1r gcustaim\u00e9ir\u00ed go l\u00e9ir.<\/span><\/span>\u00a0<span class=\"jCAhz ChMk0b\"><span class=\"ryNqvb\">Is mian leis an gcuid is m\u00f3 de chustaim\u00e9ir\u00ed mearcair a cheannach ar phraghas r\u00e9as\u00fanta agus go neamhainmnithe, agus sin go d\u00edreach a chuirimid ar f\u00e1il.<\/span><\/span>\u00a0<span class=\"jCAhz ChMk0b\"><span class=\"ryNqvb\">Creidimid sa tsl\u00e1nd\u00e1il agus sa ch\u00e1il\u00edocht agus n\u00ed dh\u00e9anfaimid comhr\u00e9iteach orthu cho\u00edche. Mearcair leachtach dearg ar d\u00edol.<\/span><\/span><\/span><\/p>\n<h2>Ceannaigh mearcair dearg leachtach<\/h2>\n<p><img decoding=\"async\" class=\"wp-image-176 aligncenter\" src=\"https:\/\/poisonshops.com\/wp-content\/uploads\/2025\/11\/poison_shop_logo-300x171.png\" alt=\"Siopa\u00ed nimhe\" width=\"135\" height=\"77\" srcset=\"https:\/\/poisonshops.com\/wp-content\/uploads\/2025\/11\/poison_shop_logo-300x171.png 300w, https:\/\/poisonshops.com\/wp-content\/uploads\/2025\/11\/poison_shop_logo.png 563w\" sizes=\"(max-width: 135px) 100vw, 135px\" \/><\/p>","protected":false},"excerpt":{"rendered":"<p>Pure red liquid mercury We are a premium wholesaler and retailer of red liquid mercury. We supply excellent quality Pure Red Liquid Mercury 20\/20 from USA, China and Europe. Our Red Liquid Mercury 20\/20 is highly sought after by industries around the world. It is a high quality and perfectly composed 20\/20 Red Liquid Mercury. [&hellip;]<\/p>\n","protected":false},"featured_media":392,"comment_status":"open","ping_status":"closed","template":"","meta":[],"product_brand":[],"product_cat":[21],"product_tag":[],"class_list":{"0":"post-390","1":"product","2":"type-product","3":"status-publish","4":"has-post-thumbnail","6":"product_cat-buy-research-chemicals-online","8":"first","9":"instock","10":"shipping-taxable","11":"purchasable","12":"product-type-simple"},"_links":{"self":[{"href":"https:\/\/poisonshops.com\/ga\/wp-json\/wp\/v2\/product\/390","targetHints":{"allow":["GET"]}}],"collection":[{"href":"https:\/\/poisonshops.com\/ga\/wp-json\/wp\/v2\/product"}],"about":[{"href":"https:\/\/poisonshops.com\/ga\/wp-json\/wp\/v2\/types\/product"}],"replies":[{"embeddable":true,"href":"https:\/\/poisonshops.com\/ga\/wp-json\/wp\/v2\/comments?post=390"}],"wp:featuredmedia":[{"embeddable":true,"href":"https:\/\/poisonshops.com\/ga\/wp-json\/wp\/v2\/media\/392"}],"wp:attachment":[{"href":"https:\/\/poisonshops.com\/ga\/wp-json\/wp\/v2\/media?parent=390"}],"wp:term":[{"taxonomy":"product_brand","embeddable":true,"href":"https:\/\/poisonshops.com\/ga\/wp-json\/wp\/v2\/product_brand?post=390"},{"taxonomy":"product_cat","embeddable":true,"href":"https:\/\/poisonshops.com\/ga\/wp-json\/wp\/v2\/product_cat?post=390"},{"taxonomy":"product_tag","embeddable":true,"href":"https:\/\/poisonshops.com\/ga\/wp-json\/wp\/v2\/product_tag?post=390"}],"curies":[{"name":"wp","href":"https:\/\/api.w.org\/{rel}","templated":true}]}}