{"id":393,"date":"2025-11-20T11:38:23","date_gmt":"2025-11-20T11:38:23","guid":{"rendered":"https:\/\/poisonshops.com\/?post_type=product&#038;p=393"},"modified":"2025-12-02T10:52:31","modified_gmt":"2025-12-02T10:52:31","slug":"ceannaigh-reiteach-ssd-ar-line","status":"publish","type":"product","link":"https:\/\/poisonshops.com\/ga\/tairge\/ceannaigh-reiteach-ssd-ar-line\/","title":{"rendered":"R\u00e9iteach SSD 1 l\u00edtear"},"content":{"rendered":"<h2>Ceannaigh R\u00e9iteach SSD Ar L\u00edne<\/h2>\n<p>Faigh do chuid airgid ar ais len\u00e1r dtuarasc\u00e1n ceimiceach SSD at\u00e1 ar d\u00edol. Is f\u00e9idir leat aire a thabhairt do do chuid n\u00f3ta\u00ed a bhfuil cuma aisteach orthu go l\u00e9ir leis an tuarasc\u00e1n ceimiceach Uathoibr\u00edoch SSD, a bhfuil s\u00e9 cruthaithe gur r\u00e9iteach iontach \u00e9 i Meirice\u00e1, san Eoraip, san Afraic, san \u00c1ise, agus ar mh\u00f3r-roinnte eile ar fud an domhain. Ceannaigh Tuarasc\u00e1n SSD \u00f3n sol\u00e1thra\u00ed is fearr de thuarasc\u00e1in SSD. Ceannaigh Tuarasc\u00e1n SSD Ar L\u00edne.<\/p>\n<h2><strong>Cad \u00e9 an r\u00e9iteach ceimiceach SSD?<\/strong><\/h2>\n<p>Is r\u00e9iteach ceimiceach \u00e9 SSD Chemical Solution, SSD Chemical, a \u00fas\u00e1ideann daoine chun airgead dubh a ghlanadh sa bhaile. Is r\u00e9iteach ceimiceach caighde\u00e1naithe \u00e9 an r\u00e9iteach glantach\u00e1in seo d'airgead dubh a \u00fas\u00e1idtear go ginear\u00e1lta chun an iomarca sm\u00e1l a bhaint de gach cine\u00e1l airgeadra.\u00a0<a href=\"http:\/\/google.com\/\" target=\"_blank\" rel=\"noopener\">Tiom\u00e1nt\u00e1n soladstaide<\/a>\u00a0Is \u00e9ard is s\u00e1rlaim\u00e9id cheimiceach ann n\u00e1 s\u00e1rlaim\u00e9id de dhia-ocsa\u00edd n\u00edtrigine mearcairigh mhearcair, at\u00e1 donn d\u00e1 dhath, a ullmha\u00edtear i saotharlanna ceimiceacha agus a mhonara\u00edtear ag comhlachta\u00ed ard-dheimhnithe le teicneoir\u00ed saotharlainne oilte.<\/p>\n<h3>Ceannaigh r\u00e9iteach ceimiceach SSD ar l\u00edne<\/h3>\n<p>Teasta\u00edonn \u00fadar\u00e1s dl\u00edthi\u00fail \u00f3 na comhlachta\u00ed monara\u00edochta freisin. Mar sin, sula nd\u00e9antar teagmh\u00e1il le haon chomhlacht le haghaidh sol\u00e1thair n\u00f3 chun seirbh\u00eds\u00ed glantach\u00e1in airgid a fh\u00e1il, caithfidh cruth\u00fanas ar \u00fadar\u00e1s dl\u00edthi\u00fail a bheith ann. Tugtar r\u00e9iteach glantach\u00e1in SSD air freisin, r\u00e9iteach dra\u00edochta glantach\u00e1in a \u00fas\u00e1ideann daoine chun sm\u00e1l a ghlanadh de chuid airgeadra p\u00e1ip\u00e9ir. Is f\u00e9idir \u00e9 a \u00fas\u00e1id sa bhaile m\u00e1 \u00fas\u00e1idtear i gceart \u00e9, rud a ghlanann d'airgead dubh agus a fh\u00e1gann in\u00fas\u00e1idte ar\u00eds \u00e9.<\/p>\n<h3><strong>Cad is SSD ann?<\/strong><\/h3>\n<p>Is \u00e9 an bhr\u00ed ioml\u00e1n at\u00e1 le SSD n\u00e1\u00a0<strong>frith-eiblitheoir sint\u00e9iseach<\/strong>. Is r\u00e9imire \u00e9 i nd\u00e1ir\u00edre ar an bhfocal 'solution chemical'. Is greamach\u00e1n \u00e9 r\u00e9imire a chuirtear roimh bhunfhocal. M\u00e1 chuirtear \u00e9 le t\u00fas focail, athra\u00edtear \u00e9 go focal eile. Mar shampla, nuair a chuirtear an r\u00e9imire SSD- leis an bhfocal 'Solution Chemical', crutha\u00edtear an focal 'SSD Solution Chemical'.<\/p>\n<h4><strong>Cad is Ceimice\u00e1n R\u00e9itigh ann?\u00a0<\/strong><\/h4>\n<p>Sa cheimic, is cine\u00e1l speisialta measc\u00e1in aonchine\u00e1laigh \u00e9 tuaslag\u00e1n at\u00e1 comhdh\u00e9anta de dh\u00e1 shubstaint n\u00f3 n\u00edos m\u00f3. Tugtar tuaslag\u00e1n uisci\u00fail ar thuaslag\u00e1n ina bhfuil uisce mar cheann de na tuaslag\u00f3ir\u00ed. I measc\u00e1n den s\u00f3rt sin, is substaint \u00ed an tsolaid a thuaslagtar i substaint eile, ar a dtugtar an tuaslag\u00f3ir. Tarla\u00edonn pr\u00f3iseas measctha an tuaslag\u00e1in ar sc\u00e1la ina mb\u00edonn \u00e9ifeachta\u00ed an pholara\u00edochta ceimiceacha i gceist, as a dtagann idirghn\u00edomha\u00edochta\u00ed at\u00e1 sonrach don tuaslagadh. Ceannaigh Tuaslag\u00e1n Ceimiceach SSD ar l\u00edne.<\/p>\n<div id=\"tab-description\" class=\"woocommerce-Tabs-panel woocommerce-Tabs-panel--description panel entry-content active\" role=\"tabpanel\" aria-labelledby=\"tab-title-description\">\n<p>Glacann an tuaslag\u00e1n leis an gc\u00e9im ina bhfuil an tuaslag\u00f3ir nuair is \u00e9 an tuaslag\u00f3ir an sciar is m\u00f3 den mheasc\u00e1n, mar is gn\u00e1ch. Is \u00e9 ti\u00fachan an tsol\u00e1th\u00e1in i dtuaslag\u00e1n n\u00e1 mais an tsol\u00e1th\u00e1in sin, curtha in i\u00fal mar ch\u00e9atad\u00e1n de mhais an tuaslag\u00e1in ioml\u00e1in, rud a fh\u00e1gann gurb \u00e9 an tuaslag\u00e1n #1 \u00e9 le haghaidh glanadh airgid dhubh difre\u00e1ilte sa tionscal.<\/p>\n<h4><strong>Cad is Airgead Dubh ann?<\/strong><\/h4>\n<p>Go ginear\u00e1lta, sainmh\u00edn\u00edtear Airgead Dubh mar airgead tirim n\u00e1r tuairisc\u00edodh agus nach bhfuil c\u00e1in \u00edoctha air, a ghintear tr\u00ed idirbhearta i ngeilleagar dubh, i margadh dubh, n\u00f3 i gcoirpeachas eagraithe amhail; \u00e9illitheacht, airgead druga\u00ed, n\u00f3 rob\u00e1il bainc. Tr\u00edd is tr\u00edd, is \u00e9ard at\u00e1 i gceist leis an m\u00e9id ollmh\u00f3r airgid a fhaightear i dti\u00fain gan aon chuntas a thabhairt air. D\u00e9anann sealbh\u00f3ir\u00ed airgid dhuibh iarracht \u00e9 a athr\u00fa go hairgead dlisteanach (\u2018glan\u2019 n\u00f3 \u2018geal\u2019) tr\u00ed n\u00edoch\u00e1n airgid.<\/p>\n<\/div>\n<div id=\"tab-description\" class=\"woocommerce-Tabs-panel woocommerce-Tabs-panel--description panel entry-content active\" role=\"tabpanel\" aria-labelledby=\"tab-title-description\">\n<p>Modh m\u00f3r amh\u00e1in um sci\u00faradh airgid is ea na cist\u00ed a bhogadh \u00f3 \u00e1it amh\u00e1in go h\u00e1it eile, rud a \u00e9il\u00edonn go gcl\u00fad\u00f3fa\u00ed an t-airgead le stampa\u00ed sl\u00e1nd\u00e1la, marcanna ruaimnithe, n\u00f3 brat\u00fa le brat\u00fa dubh\/liath\/dearg n\u00f3 b\u00e1n ar chomhlacht brataithe chun \u00e9 a iompar go h\u00e9asca agus go tapa. Sa chine\u00e1l seo sci\u00fartha airgid, beidh g\u00e1 le Ceimice\u00e1n R\u00e9itigh SSD a \u00fas\u00e1id chun an comhlacht brataithe ar an airgead a ghlanadh de chun \u00e9 a dh\u00e9anamh in\u00fas\u00e1idte.<\/p>\n<p>Is iad calaois\u00ed cuideachta\u00ed, oifigigh rialtais, coirpigh, smuigl\u00e9ir\u00ed, coigilteoir\u00ed, seachant\u00f3ir\u00ed c\u00e1nach, agus gn\u00e9ithe frithsh\u00f3isialta eile den tsocha\u00ed a charnann an t-airgead dubh. Timpeall\u00a0<strong>17.4 trilli\u00fan<\/strong>\u00a0Meastar gur bail\u00edodh na dollar seo ag na coirpigh ar mhaithe le leasanna daingnithe ar fud an domhain, c\u00e9 go luann achain\u00edocha scr\u00edofa sa Ch\u00fairt Uachtarach go bhfuil an m\u00e9id seo n\u00edos m\u00f3 f\u00f3s n\u00e1 mar a luadh thuas.<\/p>\n<p>N\u00edl a fhios c\u00e9n m\u00e9id ioml\u00e1n d'airgead dubh a thaiscann daoine aonair i mbainc thar lear. Ma\u00edonn tuairisc\u00ed \u00e1irithe gur \u00e9 an t-ioml\u00e1n de\u00a0<strong>US$6.06 \u2013 $7.4 trilli\u00fan<\/strong>\u00a0go bhfuiltear \u00e1 choinne\u00e1il go neamhdhleathach san Eilv\u00e9is. Ma\u00edonn tuarasc\u00e1lacha eile, lena n-\u00e1ir\u00edtear iad si\u00fad a thuairiscigh Cumann Banc\u00f3ir\u00ed na hEilv\u00e9ise agus Rialtas na hEilv\u00e9ise, gur tuarasc\u00e1lacha br\u00e9agacha br\u00e9agchruthaithe iad seo, agus go bhfuil an t-ioml\u00e1n at\u00e1 i gcuntais bhainc na hEilv\u00e9ise ag saor\u00e1naigh de th\u00edortha \u00e9ags\u00fala thart ar US$20 trilli\u00fan.<\/p>\n<p>I m\u00ed Feabhra 2012, d\u00fairt sti\u00farth\u00f3ir Bhi\u00far\u00f3 Imscr\u00fadaithe L\u00e1rnach na hIndia go bhfuil US$900 billi\u00fan de chist\u00ed neamhdhleathacha ag muintir na hIndia i bhfoscadh\u00e1in ch\u00e1nach thar lear, n\u00edos m\u00f3 n\u00e1 aon t\u00edr eile. I m\u00ed an Mh\u00e1rta 2012, shoil\u00e9irigh rialtas na hIndia ina pharlaimint gur meastach\u00e1n a bh\u00ed i r\u00e1iteas sti\u00farth\u00f3ir an CBI maidir leis an $900 billi\u00fan d'airgead neamhdhleathach, bunaithe ar r\u00e1iteas a rinneadh do Ch\u00fairt Uachtarach na hIndia i m\u00ed I\u00fail 2011.<\/p>\n<h4><strong>SSD Uil\u00edoch Ceimiceach<br \/>\n<\/strong><\/h4>\n<p>Is \u00e9ard is SSD Chemical Solution ann n\u00e1 tuaslag\u00e1n ceimiceach homaghn\u00e1ch uisce-bhunaithe a \u00fas\u00e1idtear go sonrach chun ruaim chataithe a thuaslagadh agus a bhaint de chuid airgeadra\u00ed m\u00ed-\u00fas\u00e1idte (DOLL\u00c1IR, PUNDA\u00cd, EUR\u00d3, RUP\u00cd, SRLC). D'fh\u00e9adfadh na hairgeadra\u00ed seo a bheith dubh, glas, bu\u00ed, n\u00f3 b\u00e1n. D\u00e9antar iad a mhilleadh n\u00f3 a stamp\u00e1il chun fadhbanna neamhriachtanacha le soil\u00e9iri\u00fa custaim a sheachaint, chomh maith le idircheapadh coiri\u00fail n\u00f3 idircheapadh ag dronga le linn seachadadh na ndoll\u00e1r dubh.<\/p>\n<p><img decoding=\"async\" class=\"wp-image-463 aligncenter\" src=\"https:\/\/poisonshops.com\/wp-content\/uploads\/2025\/11\/tttt-1-204x300.png\" alt=\"Siopa an Phuinnse\u00e1in\" width=\"75\" height=\"110\" srcset=\"https:\/\/poisonshops.com\/wp-content\/uploads\/2025\/11\/tttt-1-204x300.png 204w, https:\/\/poisonshops.com\/wp-content\/uploads\/2025\/11\/tttt-1.png 218w\" sizes=\"(max-width: 75px) 100vw, 75px\" \/><\/p>\n<h4>Sti\u00fair Cheimiceach SSD ar d\u00edol<\/h4>\n<p>R\u00e9iteach SSD, R\u00e9iteach Ceimiceach SSD, SSD Super Solution, R\u00e9iteach Uil\u00edoch SSD, SSD Super Automatic Solution, R\u00e9iteach SSD PK58, R\u00e9iteach SSD Ultimate 2018, P\u00fadar Gn\u00edomhachtaithe, P\u00fadar Mearcair, F\u00edor\u00fa Pasanna agus C\u00e1rta\u00ed Aitheantais, N\u00f3ta\u00ed Br\u00e9ige Gr\u00e1d A, Foirmle P\u00fadair Gn\u00edomhachtaithe &amp; R\u00e9itigh SSD, R\u00e9iteach Ceimiceach SSD ar d\u00edol<\/p>\n<p>Foirmle Cheimiceach Anti Breeze, Foirmle Cheimiceach Glantach\u00e1in Black Dollar, Foirmle an tS\u00f3is\u00edn Glantach\u00e1in Black Dollar, Foirmle an Ghlant\u00f3ra Airgid Dhuibh, Foirmle Cheimiceach Glantach\u00e1in Airgeadra, Ullmh\u00fach\u00e1n P\u00fadair H\u00faim\u00ednigh, Foirmle an tS\u00f3is\u00edn Cheimiceach SSD, Foirmle an tS\u00f3is\u00edn SSD, Foirmle an tS\u00f3is\u00edn Cheimiceach Uil\u00edoch SSD. Soisi\u00fan Ceimiceach SSD ar d\u00edol.<\/p>\n<p><img decoding=\"async\" class=\"wp-image-502 aligncenter\" src=\"https:\/\/poisonshops.com\/wp-content\/uploads\/2025\/11\/Bio-Weapons-240x300.png\" alt=\"Bithearmair\" width=\"70\" height=\"88\" srcset=\"https:\/\/poisonshops.com\/wp-content\/uploads\/2025\/11\/Bio-Weapons-240x300.png 240w, https:\/\/poisonshops.com\/wp-content\/uploads\/2025\/11\/Bio-Weapons.png 265w\" sizes=\"(max-width: 70px) 100vw, 70px\" \/><\/p>\n<h4><strong>Bain \u00fas\u00e1id i gc\u00f3na\u00ed as tuaslag\u00e1in cheimiceacha SSD leis an gc\u00faram is m\u00f3.<\/strong><\/h4>\n<p>N\u00ed g\u00e1 duit a bheith i do cheimiceoir deimhnithe chun an r\u00e9iteach a chur i bhfeidhm. T\u00e1 an pr\u00f3iseas glantach\u00e1in s\u00e1ch \u00e9asca agus saor \u00f3 riosca nuair a dh\u00e9antar \u00e9 agus na treoirl\u00ednte go l\u00e9ir \u00e1 gcur san \u00e1ireamh. Mar is amhlaidh le haon cheimice\u00e1n, \u00e1fach, t\u00e1 s\u00e9 r\u00edth\u00e1bhachtach a bheith c\u00faramach. Ceannaigh SSD SOLUTIONS AND LIQUID MERCURY.<\/p>\n<p>Seachain nochtadh d\u00edreach don tuaslag\u00e1n n\u00edoch\u00e1in airgid dhubh seo agus glac bearta cosanta chun cosc a chur air dul ar do chraiceann. D'fh\u00e9adfadh cuid d\u00e1 chomh\u00e1bhair greann\u00fa a chruth\u00fa d\u00e1 nd\u00e9anfa\u00ed iad a dhoirteadh ar an gcorp. Sa ch\u00e1s sin, b\u00ed cinnte an limist\u00e9ar buailte a shruthl\u00fa le neart uisce. Tuaslag\u00e1n Uathoibr\u00edoch SSD d'Ardchaighde\u00e1n.<\/p>\n<p>T\u00e1 s\u00e9 t\u00e1bhachtach treoracha s\u00e1bh\u00e1ilteachta a lean\u00faint agus n\u00f3ta\u00ed bainc millte \u00e1 nglanadh agat leis an tsubstaint seo. Ag Solve Problems, t\u00e1 \u00e1r nd\u00edcheall d\u00e9anta iad a chur s\u00edos ar bhealach soil\u00e9ir. Tar \u00e9is duit \u00e1r dtuaslag\u00e1n ceimiceach SSD a cheannach, clo\u00edgh leo chun do chuid airgid dhorcha a sh\u00e1bh\u00e1il \u00f3 chr\u00edochn\u00fa i mbosca bruscair go s\u00e1bh\u00e1ilte. Ceannaigh Tuaslag\u00e1n SSD Ar L\u00edne.<\/p>\n<p><img decoding=\"async\" class=\"wp-image-176 aligncenter\" src=\"https:\/\/poisonshops.com\/wp-content\/uploads\/2025\/11\/poison_shop_logo-300x171.png\" alt=\"Siopa\u00ed nimhe\" width=\"146\" height=\"83\" srcset=\"https:\/\/poisonshops.com\/wp-content\/uploads\/2025\/11\/poison_shop_logo-300x171.png 300w, https:\/\/poisonshops.com\/wp-content\/uploads\/2025\/11\/poison_shop_logo.png 563w\" sizes=\"(max-width: 146px) 100vw, 146px\" \/><\/p>\n<\/div>","protected":false},"excerpt":{"rendered":"<p>Buy SSD Solution Online Get your money back with our SSD chemical solution for sale. You can take care of all your odd-looking notes with SSD Automatic chemical that has proven to be a great solution in America, Europe, Africa, Asia, and other continents around the world. Buy SSD Solution from the best SSD solution [&hellip;]<\/p>\n","protected":false},"featured_media":394,"comment_status":"open","ping_status":"closed","template":"","meta":[],"product_brand":[],"product_cat":[21],"product_tag":[],"class_list":{"0":"post-393","1":"product","2":"type-product","3":"status-publish","4":"has-post-thumbnail","6":"product_cat-buy-research-chemicals-online","8":"first","9":"instock","10":"shipping-taxable","11":"purchasable","12":"product-type-simple"},"_links":{"self":[{"href":"https:\/\/poisonshops.com\/ga\/wp-json\/wp\/v2\/product\/393","targetHints":{"allow":["GET"]}}],"collection":[{"href":"https:\/\/poisonshops.com\/ga\/wp-json\/wp\/v2\/product"}],"about":[{"href":"https:\/\/poisonshops.com\/ga\/wp-json\/wp\/v2\/types\/product"}],"replies":[{"embeddable":true,"href":"https:\/\/poisonshops.com\/ga\/wp-json\/wp\/v2\/comments?post=393"}],"wp:featuredmedia":[{"embeddable":true,"href":"https:\/\/poisonshops.com\/ga\/wp-json\/wp\/v2\/media\/394"}],"wp:attachment":[{"href":"https:\/\/poisonshops.com\/ga\/wp-json\/wp\/v2\/media?parent=393"}],"wp:term":[{"taxonomy":"product_brand","embeddable":true,"href":"https:\/\/poisonshops.com\/ga\/wp-json\/wp\/v2\/product_brand?post=393"},{"taxonomy":"product_cat","embeddable":true,"href":"https:\/\/poisonshops.com\/ga\/wp-json\/wp\/v2\/product_cat?post=393"},{"taxonomy":"product_tag","embeddable":true,"href":"https:\/\/poisonshops.com\/ga\/wp-json\/wp\/v2\/product_tag?post=393"}],"curies":[{"name":"wp","href":"https:\/\/api.w.org\/{rel}","templated":true}]}}