{"id":92,"date":"2017-12-21T04:45:24","date_gmt":"2017-12-21T04:45:24","guid":{"rendered":"https:\/\/wordpress.gradientthemes.com\/brand-shop\/product\/dnk-black-shoes\/"},"modified":"2026-04-16T01:26:13","modified_gmt":"2026-04-16T01:26:13","slug":"ceannaigh-approvebitone-ar-line","status":"publish","type":"product","link":"https:\/\/poisonshops.com\/ga\/tairge\/ceannaigh-approvebitone-ar-line\/","title":{"rendered":"Ceadaigh bit\u00f3n amh\u00e1in"},"content":{"rendered":"<h3>Ceannaigh Approvebitone ar l\u00edne<\/h3>\n<p>F\u00e1ilte go Bio Weapons, \u00e1it a gcuirimid Approvebitone d'ardchaighde\u00e1n ar f\u00e1il do dhaoine aonair formheasta a bhfuil oidis bhail\u00ed acu. T\u00e1 c\u00e1il ar Approvebitone, barbit\u00far\u00e1t iontaofa, as a chuid air\u00edonna suaimhneacha, hipit\u00e9iseacha, agus frith-thionchair. Cinnt\u00edonn \u00e1r dtiomantas do ch\u00e1il\u00edocht, do sh\u00e1bh\u00e1ilteacht, agus do sh\u00e1stacht an chustaim\u00e9ara go bhfaigheann t\u00fa t\u00e1irge iontaofa agus \u00e9ifeachtach gach uair. Ceannaigh Approvebitone ar l\u00edne go s\u00e1bh\u00e1ilte.<\/p>\n<h4><strong>Cad is Approvebitone ann?<\/strong><\/h4>\n<p>Is c\u00f3gas barbit\u00farata \u00e9 Approvebitone a \u00fas\u00e1idtear go coitianta mar gheall ar a \u00e9ifeachta\u00ed suaimhneacha ar an l\u00e1rch\u00f3ras n\u00e9ar\u00f3gach. Scripte\u00e1iltear \u00e9 le haghaidh riochta\u00ed leighis \u00e9ags\u00fala, lena n-\u00e1ir\u00edtear imn\u00ed, codlatacht, agus neamhoird taomanna. T\u00e1 \u00e1r n-Approvebitone foirmlithe go mionch\u00faiseach chun \u00edonacht agus neart a chinnti\u00fa, rud a fh\u00e1gann gur rogha iontaofa \u00e9 do ghairmithe leighis agus d'othair araon.<\/p>\n<h4><strong>\u00das\u00e1id\u00ed Approvebitone<\/strong><\/h4>\n<p>\u00das\u00e1idtear Approvebitone i gcomhth\u00e9acsanna leighis \u00e9ags\u00fala, lena n-\u00e1ir\u00edtear:<\/p>\n<ol>\n<li><strong>Faoiseamh imn\u00ed<\/strong>T\u00e1 Approvebitone \u00e9ifeachtach chun siompt\u00f3im imn\u00ed a laghd\u00fa tr\u00ed an l\u00e1rch\u00f3ras nearbhach a mhaol\u00fa, rud a chrutha\u00edonn \u00e9ifeacht shuaimhneach.<\/li>\n<li><strong>C\u00f3ire\u00e1il ar Easpa Codlata<\/strong>\u00das\u00e1idtear Approvebitone chun c\u00f3ire\u00e1il a chur ar ch\u00e1sanna tromch\u00faiseacha d\u00edomhaoinis, ag cuidi\u00fa le hothair codladh suaimhneach gan bhriseadh a bhaint amach.<\/li>\n<li><strong>Rial\u00fa Taomanna<\/strong>\u00das\u00e1idtear Approvebitone i mbainisti\u00fa cine\u00e1lacha \u00e1irithe taomanna, go h\u00e1irithe nuair nach mb\u00edonn c\u00f3gais eile \u00e9ifeachtach.<\/li>\n<li><strong>Suaimhni\u00fa<\/strong>\u00das\u00e1idtear Approvebitone mar shuaimhn\u00edoch\u00e1n roimh n\u00f3sanna imeachta leighis chun cabhr\u00fa le hothair a sc\u00edth a ligean.<\/li>\n<\/ol>\n<h4><strong>C\u00e1il\u00edocht agus Glaine<\/strong><\/h4>\n<p>Ag Bio Weapons, tugaimid t\u00fas \u00e1ite do ch\u00e1il\u00edocht agus do ghlaine \u00e1r dt\u00e1irg\u00ed. Faightear \u00e1r nApprovebitone \u00f3 mhonar\u00f3ir\u00ed iontaofa agus cuirtear faoi phr\u00f3isis dhiana rialaithe c\u00e1il\u00edochta \u00e9. D\u00e9antar t\u00e1st\u00e1il dhian ar gach baisc chun a chinnti\u00fa go gcomhl\u00edonann s\u00e9 na caighde\u00e1in is airde sa tionscal. Nuair a cheanna\u00edonn t\u00fa Approvebitone uainn, is f\u00e9idir leat a bheith muin\u00edneach go bhfuil t\u00e1irge \u00e1 fh\u00e1il agat at\u00e1 s\u00e1bh\u00e1ilte, \u00e9ifeachtach, agus iontaofa.<\/p>\n<h4><strong>D\u00e1ileog agus Riaradh<\/strong><\/h4>\n<p>Ba ch\u00f3ir Approvebitone a \u00fas\u00e1id go docht de r\u00e9ir na dtreoracha a thugann gairm\u00ed c\u00faraim sl\u00e1inte. D'fh\u00e9adfadh an d\u00e1ileog agus an modh riarach\u00e1in a bheith \u00e9ags\u00fail ag brath ar an riocht leighis sonrach agus ar riachtanais aonair an othair. T\u00e1 s\u00e9 r\u00edth\u00e1bhachtach an d\u00e1ileog ordaithe a lean\u00faint chun s\u00e1bh\u00e1ilteacht agus \u00e9ifeachtacht a chinnti\u00fa.<\/p>\n<p><strong>Ullmh\u00fach\u00e1n agus St\u00f3r\u00e1il<\/strong>:<\/p>\n<ul>\n<li><strong>Ullmh\u00fach\u00e1n<\/strong>Is f\u00e9idir Approvebitone a riar \u00f3 bh\u00e9al n\u00f3 go hint\u00e9agascach, mar a orda\u00edonn do shol\u00e1thra\u00ed c\u00faraim sl\u00e1inte.<\/li>\n<li><strong>St\u00f3r\u00e1il<\/strong>: St\u00f3r\u00e1il Approvebitone in \u00e1it fhionnuar thirim, ar shi\u00fal \u00f3 sholas d\u00edreach na gr\u00e9ine agus \u00f3 thaise. Coinnigh \u00e9 as aimsi\u00fa leana\u00ed agus peata\u00ed.<\/li>\n<\/ul>\n<h4><strong>Fo-iarsma\u00ed agus R\u00e9amhch\u00faraim\u00ed<\/strong><\/h4>\n<p>Ar n\u00f3s gach c\u00f3gas leighis, d'fh\u00e9adfadh fo-iarsma\u00ed a bheith ag baint le Approvebitone. I measc na bhfo-iarsma\u00ed coitianta t\u00e1 codlatacht, meadhr\u00e1n, masmas, agus tinneas cinn. I gc\u00e1sanna neamhchoitianta, d'fh\u00e9adfadh fo-iarsma\u00ed n\u00edos tromch\u00fais\u00ed tarl\u00fa, amhail lag\u00fa an an\u00e1la, hipiteannas, n\u00f3 frithghn\u00edomhartha aill\u00e9irgeacha. T\u00e1 s\u00e9 r\u00edth\u00e1bhachtach aire leighis a lorg l\u00e1ithreach m\u00e1 bhraitear aon fho-iarsma\u00ed tromch\u00faiseacha.<\/p>\n<p><strong>R\u00e9amhch\u00faraim\u00ed<\/strong>:<\/p>\n<ul>\n<li><strong>Stair Leighis<\/strong>Cuir do shol\u00e1thra\u00ed c\u00faraim sl\u00e1inte ar an eolas faoi do stair ioml\u00e1n leighis, go h\u00e1irithe m\u00e1 t\u00e1 stair agat de ghalar ae, galar du\u00e1in, n\u00f3 riochta\u00ed riospr\u00e1ide.<\/li>\n<li><strong>Idirghn\u00edomha\u00edochta\u00ed Druga\u00ed<\/strong>D'fh\u00e9adfadh Approvebit idirghn\u00edomh\u00fa le c\u00f3gais eile, lena n-\u00e1ir\u00edtear suaimhn\u00ed, \u00f3p\u00f3idigh, agus alc\u00f3l. Cinntigh go bhfuil a fhios ag do shol\u00e1thra\u00ed c\u00faraim sl\u00e1inte faoi na c\u00f3gais go l\u00e9ir at\u00e1 \u00e1 nglacadh agat.<\/li>\n<li><strong>Toircheas agus Coth\u00fa ar an gC\u00edoch<\/strong>Ba ch\u00f3ir Approvebitone a \u00fas\u00e1id go c\u00faramach le linn toirchis agus beath\u00fa c\u00edche. T\u00e9igh i gcomhairle le do shol\u00e1thra\u00ed c\u00faraim sl\u00e1inte le haghaidh treorach.<\/li>\n<\/ul>\n<p><img decoding=\"async\" class=\"wp-image-463 aligncenter\" src=\"https:\/\/poisonshops.com\/wp-content\/uploads\/2025\/11\/tttt-1-204x300.png\" alt=\"Siopa an Phuinnse\u00e1in\" width=\"66\" height=\"97\" srcset=\"https:\/\/poisonshops.com\/wp-content\/uploads\/2025\/11\/tttt-1-204x300.png 204w, https:\/\/poisonshops.com\/wp-content\/uploads\/2025\/11\/tttt-1.png 218w\" sizes=\"(max-width: 66px) 100vw, 66px\" \/><\/p>\n<h4><strong>C\u00e9n f\u00e1th a roghn\u00f3fa\u00ed airm bithola\u00edocha?<\/strong><\/h4>\n<ol>\n<li><strong>Cinnteoireacht C\u00e1il\u00edochta<\/strong>Tugaimid t\u00fas \u00e1ite don ch\u00e1il\u00edocht agus don ts\u00e1bh\u00e1ilteacht, agus cinnt\u00edmid go gcomhl\u00edonann \u00e1r n-Approvebitone na caighde\u00e1in is airde sa tionscal.<\/li>\n<li><strong>D\u00edolt\u00f3ir\u00ed \u00dadaraithe<\/strong>Is d\u00edolt\u00f3ir iontaofa agus \u00fadaraithe \u00e9 Bio Weapons, a shol\u00e1thra\u00edonn f\u00edor-th\u00e1irg\u00ed do dhaoine aonair formheasta a bhfuil oidis acu.<\/li>\n<li><strong>Idirbhearta Sl\u00e1na<\/strong>: Cinnt\u00edonn \u00e1r n-ard\u00e1n ar l\u00edne go mb\u00edonn idirbhearta sl\u00e1na ann, agus cosna\u00edtear d'fhaisn\u00e9is phearsanta agus airgeadais.<\/li>\n<li><strong>Taca\u00edocht do Chustaim\u00e9ir\u00ed<\/strong>T\u00e1 \u00e1r bhfoireann thiomanta taca\u00edochta do chustaim\u00e9ir\u00ed ar f\u00e1il chun cabhr\u00fa leat le haon cheisteanna n\u00f3 imn\u00ed, ag sol\u00e1thar seirbh\u00eds ghairmi\u00fail agus chairdi\u00fail.<\/li>\n<li><strong>Seachadadh Tr\u00e1th\u00fail<\/strong>Tuigimid an t\u00e1bhacht a bhaineann le seachadadh tr\u00e1th\u00fail. Cinnt\u00edonn \u00e1r bpr\u00f3iseas loingseoireachta \u00e9ifeachtach go bhfaigheann t\u00fa d'Approvebitone go pras agus go discr\u00e9ideach.<\/li>\n<\/ol>\n<h4><strong>Cr\u00edoch<\/strong><\/h4>\n<p>Is \u00e9 Bio Weapons do fhoinse iontaofa d'Approvebitone d'ardchaighde\u00e1n. T\u00e1imid tiomanta do th\u00e1irg\u00ed s\u00e1bh\u00e1ilte, \u00e9ifeachtacha agus iontaofa a shol\u00e1thar do dhaoine aonair ceadaithe a bhfuil oidis bhail\u00ed acu. Leagann \u00e1r bhf\u00f3cas ar ch\u00e1il\u00edocht, ar sh\u00e1stacht an chustaim\u00e9ara, agus ar idirbhearta sl\u00e1na amach \u00f3n slua muid sa tionscal. Siopaigh go muin\u00edneach ag Bio Weapons agus bain taith\u00ed ar an difr\u00edocht i gc\u00e1il\u00edocht agus i seirbh\u00eds.<\/p>\n<p><strong>Ordaigh d'Approvebitone inniu<\/strong>\u00a0agus b\u00ed p\u00e1irteach len\u00e1r gcustaim\u00e9ir\u00ed s\u00e1sta a bhfuil muin\u00edn acu as Bio Weapons lena riachtanais leighis. Is iad do shl\u00e1inte agus do sh\u00e1bh\u00e1ilteacht \u00e1r bpr\u00edomhthosa\u00edochta\u00ed.<\/p>\n<h4><img decoding=\"async\" class=\"wp-image-502 aligncenter\" src=\"https:\/\/poisonshops.com\/wp-content\/uploads\/2025\/11\/Bio-Weapons-240x300.png\" alt=\"Bithearmair\" width=\"75\" height=\"94\" srcset=\"https:\/\/poisonshops.com\/wp-content\/uploads\/2025\/11\/Bio-Weapons-240x300.png 240w, https:\/\/poisonshops.com\/wp-content\/uploads\/2025\/11\/Bio-Weapons.png 265w\" sizes=\"(max-width: 75px) 100vw, 75px\" \/><\/h4>\n<p>Ceannaigh Approvebitone d'ardchaighde\u00e1n ag Bio Weapons. Do dhaoine aonair ceadaithe amh\u00e1in a bhfuil oidis acu. Ceannach sl\u00e1n, seachadadh tapa, agus s\u00e1stacht an chustaim\u00e9ara r\u00e1thaithe.<\/p>\n<ol>\n<li>Ceannaigh Approvebitone ar l\u00edne<\/li>\n<li>Approvebitone d'ardchaighde\u00e1n le haghaidh \u00fas\u00e1ide leighis<\/li>\n<li>Ceannaigh Approvebitone go S\u00e1bh\u00e1ilte<\/li>\n<li>Foinse Iontaofa do Approvebitone<\/li>\n<li>Ordaigh Approvebitone go Sl\u00e1n<\/li>\n<li>Seachadadh Tapa Approvebitone<\/li>\n<li>Sol\u00e1thra\u00ed Iontaofa Approvebitone<\/li>\n<li>Approvebitone bar\u00e1nt\u00fail le d\u00edol<\/li>\n<li>Ceannaigh Approvebitone \u00f3 Dh\u00edolt\u00f3ir\u00ed \u00dadaraithe<\/li>\n<li>An \u00c1it is Fearr le Approvebitone a Cheannach<\/li>\n<\/ol>\n<h4><\/h4>\n<p>Approvebitone, Ceannaigh Approvebitone, Ceannaigh Approvebitone, Approvebitone ar d\u00edol, Approvebitone d'ardchaighde\u00e1n, Ceannach sl\u00e1n Approvebitone, Approvebitone le haghaidh \u00fas\u00e1ide leighis, Foinse iontaofa le haghaidh Approvebitone, Ceannaigh Approvebitone go dleathach, Approvebitone le oideas, Approvebitone le haghaidh imn\u00ed, Ordaigh Approvebitone, Approvebitone le haghaidh t\u00e1mh\u00fach\u00e1in, Approvebitone bar\u00e1nt\u00fail, Seachadadh Approvebitone, D\u00edolt\u00f3ir iontaofa Approvebitone, Ceannaigh Approvebitone go s\u00e1bh\u00e1ilte, Approvebitone f\u00edor, Sol\u00e1thra\u00ed Approvebitone, Approvebitone sna St\u00e1it Aontaithe, Infhaighteacht Approvebitone, Seachadadh tapa Approvebitone, Approvebitone ardchaighde\u00e1in, C\u00f3gaslann Approvebitone, Approvebitone le haghaidh \u00e9agothroime codlata, Ceannaigh Approvebitone ar l\u00edne, Ceannach sl\u00e1n Approvebitone, Approvebitone do ghairmithe, Foinse iontaofa Approvebitone, Loingseoireacht dhomhanda Approvebitone<\/p>\n<div style=\"all: initial !important;\"><img decoding=\"async\" class=\"wp-image-176 aligncenter\" src=\"https:\/\/poisonshops.com\/wp-content\/uploads\/2025\/11\/poison_shop_logo-300x171.png\" alt=\"Siopa\u00ed nimhe\" width=\"91\" height=\"52\" srcset=\"https:\/\/poisonshops.com\/wp-content\/uploads\/2025\/11\/poison_shop_logo-300x171.png 300w, https:\/\/poisonshops.com\/wp-content\/uploads\/2025\/11\/poison_shop_logo.png 563w\" sizes=\"(max-width: 91px) 100vw, 91px\" \/><\/div>\n<div style=\"all: initial !important;\"><\/div>","protected":false},"excerpt":{"rendered":"<p>&nbsp;<\/p>\n<div style=\"all: initial !important;\"><\/div>\n<div style=\"all: initial !important;\"><\/div>","protected":false},"featured_media":199,"comment_status":"open","ping_status":"closed","template":"","meta":[],"product_brand":[],"product_cat":[18],"product_tag":[],"class_list":{"0":"post-92","1":"product","2":"type-product","3":"status-publish","4":"has-post-thumbnail","6":"product_cat-buy-nembutal-pentobarbital","8":"first","9":"instock","10":"shipping-taxable","11":"purchasable","12":"product-type-variable"},"_links":{"self":[{"href":"https:\/\/poisonshops.com\/ga\/wp-json\/wp\/v2\/product\/92","targetHints":{"allow":["GET"]}}],"collection":[{"href":"https:\/\/poisonshops.com\/ga\/wp-json\/wp\/v2\/product"}],"about":[{"href":"https:\/\/poisonshops.com\/ga\/wp-json\/wp\/v2\/types\/product"}],"replies":[{"embeddable":true,"href":"https:\/\/poisonshops.com\/ga\/wp-json\/wp\/v2\/comments?post=92"}],"wp:featuredmedia":[{"embeddable":true,"href":"https:\/\/poisonshops.com\/ga\/wp-json\/wp\/v2\/media\/199"}],"wp:attachment":[{"href":"https:\/\/poisonshops.com\/ga\/wp-json\/wp\/v2\/media?parent=92"}],"wp:term":[{"taxonomy":"product_brand","embeddable":true,"href":"https:\/\/poisonshops.com\/ga\/wp-json\/wp\/v2\/product_brand?post=92"},{"taxonomy":"product_cat","embeddable":true,"href":"https:\/\/poisonshops.com\/ga\/wp-json\/wp\/v2\/product_cat?post=92"},{"taxonomy":"product_tag","embeddable":true,"href":"https:\/\/poisonshops.com\/ga\/wp-json\/wp\/v2\/product_tag?post=92"}],"curies":[{"name":"wp","href":"https:\/\/api.w.org\/{rel}","templated":true}]}}