{"id":93,"date":"2017-12-21T04:37:29","date_gmt":"2017-12-21T04:37:29","guid":{"rendered":"https:\/\/wordpress.gradientthemes.com\/brand-shop\/product\/dnk-yellow-shoes\/"},"modified":"2025-12-03T10:14:03","modified_gmt":"2025-12-03T10:14:03","slug":"ceannaigh-eifidrin-ar-line","status":"publish","type":"product","link":"https:\/\/poisonshops.com\/ga\/tairge\/ceannaigh-eifidrin-ar-line\/","title":{"rendered":"Eifidr\u00edn"},"content":{"rendered":"<h2>Ceannaigh Eifidr\u00edn ar L\u00edne<\/h2>\n<p>Is c\u00f3gas cumhachtach \u00e9 an t-efedr\u00edn a \u00fas\u00e1idtear chun cr\u00edocha teiripeacha \u00e9ags\u00fala, go pr\u00edomha mar bhronc-leathnaitheoir agus mar dh\u00edghlas\u00e1la\u00ed. Ag Bio Weapons, cuirimid Efedr\u00edn d'ardchaighde\u00e1n ar f\u00e1il do dhaoine aonair formheasta a bhfuil oidis bhail\u00ed acu, ag cinnti\u00fa r\u00e9itigh iontaofa agus \u00e9ifeachtacha do do riachtanais leighis. Ceannaigh Efedr\u00edn ar l\u00edne gan str\u00f3.<\/p>\n<h4><strong>Cad is \u00c9ifeadr\u00edn ann?<\/strong><\/h4>\n<p>Is aim\u00edn simpatamim\u00e9adach \u00e9 an efedr\u00edn a fheidhm\u00edonn mar bhroncodileat\u00f3ir agus mar dh\u00edghlas\u00e1la\u00ed araon. \u00das\u00e1idtear go coitianta \u00e9 chun siompt\u00f3im asma, broncaspasam, pl\u00f3d\u00fa sr\u00f3ine, agus hipiteannas a mhaol\u00fa. Oibr\u00edonn an efedr\u00edn tr\u00ed spreagadh a chur ar an l\u00e1rch\u00f3ras nearbhach, tr\u00ed fhead\u00e1in bhroncacha a leathn\u00fa, agus tr\u00ed mhinic\u00edocht an chro\u00ed agus br\u00fa fola a mh\u00e9ad\u00fa.<\/p>\n<h4><strong>\u00das\u00e1id\u00ed Eifidr\u00edn<\/strong><\/h4>\n<p>Baintear \u00fas\u00e1id as efedr\u00edn i gcomhth\u00e9acsanna leighis \u00e9ags\u00fala, lena n-\u00e1ir\u00edtear:<\/p>\n<ol>\n<li><strong>Faoiseamh Asma<\/strong>: T\u00e1 efedr\u00e1in \u00e9ifeachtach chun siompt\u00f3im asma broincigh a mhaol\u00fa tr\u00ed na mat\u00e1in timpeall na n-aerbheala\u00ed a sc\u00edth a ligean, rud a fh\u00e1gann go bhfuil s\u00e9 n\u00edos fusa an\u00e1l\u00fa.<\/li>\n<li><strong>D\u00edth\u00e9achtach\u00e1n<\/strong>\u00das\u00e1idtear efedr\u00edn chun pl\u00f3d\u00fa sr\u00f3ine a mhaol\u00fa a bhaineann le slaghd\u00e1in, aill\u00e9irg\u00ed, agus sinis\u00edteas.<\/li>\n<li><strong>C\u00f3ire\u00e1il ar Hipotension<\/strong>\u00das\u00e1idtear efedr\u00edn chun br\u00fa fola \u00edseal a ch\u00f3ire\u00e1il, go h\u00e1irithe le linn ain\u00e9ist\u00e9ise sp\u00edon\u00e1lach.<\/li>\n<li><strong>Me\u00e1chain caillteanas<\/strong>: \u00das\u00e1idtear efedr\u00edn uaireanta i bhforl\u00edonta me\u00e1chain caillteanais mar gheall ar a air\u00edonna teirmigineacha, a mh\u00e9ada\u00edonn an mheitibileacht agus an caiteachas fuinnimh.<\/li>\n<\/ol>\n<h4><strong>C\u00e1il\u00edocht agus Glaine<\/strong><\/h4>\n<p>Ag Bio Weapons, tugaimid t\u00fas \u00e1ite do ch\u00e1il\u00edocht agus do ghlaine \u00e1r dt\u00e1irg\u00ed. Faightear \u00e1r n-Eifidr\u00edn \u00f3 mhonar\u00f3ir\u00ed iontaofa agus cuirtear faoi phr\u00f3isis dhiana rialaithe c\u00e1il\u00edochta \u00e9. D\u00e9antar t\u00e1st\u00e1il dhian ar gach baisc chun a chinnti\u00fa go gcomhl\u00edonann s\u00e9 na caighde\u00e1in is airde sa tionscal. Nuair a cheanna\u00edonn t\u00fa Eifidr\u00edn uainn, is f\u00e9idir leat a bheith muin\u00edneach go bhfuil t\u00e1irge \u00e1 fh\u00e1il agat at\u00e1 s\u00e1bh\u00e1ilte, \u00e9ifeachtach, agus iontaofa.<\/p>\n<p><img decoding=\"async\" class=\"wp-image-463 aligncenter\" src=\"https:\/\/poisonshops.com\/wp-content\/uploads\/2025\/11\/tttt-1-204x300.png\" alt=\"Siopa an Phuinnse\u00e1in\" width=\"75\" height=\"110\" srcset=\"https:\/\/poisonshops.com\/wp-content\/uploads\/2025\/11\/tttt-1-204x300.png 204w, https:\/\/poisonshops.com\/wp-content\/uploads\/2025\/11\/tttt-1.png 218w\" sizes=\"(max-width: 75px) 100vw, 75px\" \/><\/p>\n<h4><strong>D\u00e1ileog agus Riaradh<\/strong><\/h4>\n<p>Ba ch\u00f3ir \u00e9ifidr\u00edn a \u00fas\u00e1id go docht de r\u00e9ir na dtreoracha a thugann gairm\u00ed c\u00faraim sl\u00e1inte. D'fh\u00e9adfadh an d\u00e1ileog agus an modh riarach\u00e1in a bheith \u00e9ags\u00fail ag brath ar an riocht leighis sonrach agus ar riachtanais aonair an othair. T\u00e1 s\u00e9 r\u00edth\u00e1bhachtach an d\u00e1ileog ordaithe a lean\u00faint chun s\u00e1bh\u00e1ilteacht agus \u00e9ifeacht\u00falacht a chinnti\u00fa.<\/p>\n<p><strong>Ullmh\u00fach\u00e1n agus St\u00f3r\u00e1il<\/strong>:<\/p>\n<ul>\n<li><strong>Ullmh\u00fach\u00e1n<\/strong>T\u00e1 efedr\u00edn ar f\u00e1il i gcomhbhr\u00fait\u00ed \u00f3 bh\u00e9al, i gcaps\u00fail, agus i bhfoirmeacha insteallta. Is \u00e9 do shol\u00e1thra\u00ed c\u00faraim sl\u00e1inte a chinnfidh an fhoirm agus an d\u00e1ileog chu\u00ed.<\/li>\n<li><strong>St\u00f3r\u00e1il<\/strong>: St\u00f3r\u00e1il Eifidr\u00edn in \u00e1it fhionnuar thirim, saor \u00f3 sholas d\u00edreach na gr\u00e9ine agus \u00f3 thaise. Coinnigh \u00e9 as aimsi\u00fa leana\u00ed agus peata\u00ed.<\/li>\n<\/ul>\n<h4><strong>Fo-iarsma\u00ed agus R\u00e9amhch\u00faraim\u00ed<\/strong><\/h4>\n<p>Ar n\u00f3s gach c\u00f3gais, d'fh\u00e9adfadh fo-iarsma\u00ed a bheith ag baint le hEifidrin. I measc na bhfo-iarsma\u00ed coitianta, t\u00e1 neirbh\u00edseacht, meadhr\u00e1n, tinneas cinn, r\u00e1ta cro\u00ed m\u00e9adaithe, agus easpa codlata. I gc\u00e1sanna neamhchoitianta, d'fh\u00e9adfadh fo-iarsma\u00ed n\u00edos tromch\u00fais\u00ed tarl\u00fa, amhail pian sa chliabhrach, deacracht an\u00e1laithe, n\u00f3 frithghn\u00edomhartha aill\u00e9irgeacha tromch\u00faiseacha. T\u00e1 s\u00e9 r\u00edth\u00e1bhachtach aire leighis a lorg l\u00e1ithreach m\u00e1 bhraitear aon fho-iarsma\u00ed tromch\u00faiseacha.<\/p>\n<p><img decoding=\"async\" class=\"wp-image-502 aligncenter\" src=\"https:\/\/poisonshops.com\/wp-content\/uploads\/2025\/11\/Bio-Weapons-240x300.png\" alt=\"Bithearmair\" width=\"90\" height=\"113\" srcset=\"https:\/\/poisonshops.com\/wp-content\/uploads\/2025\/11\/Bio-Weapons-240x300.png 240w, https:\/\/poisonshops.com\/wp-content\/uploads\/2025\/11\/Bio-Weapons.png 265w\" sizes=\"(max-width: 90px) 100vw, 90px\" \/><\/p>\n<p><strong>R\u00e9amhch\u00faraim\u00ed<\/strong>:<\/p>\n<ul>\n<li><strong>Stair Leighis<\/strong>Cuir do shol\u00e1thra\u00ed c\u00faraim sl\u00e1inte ar an eolas faoi do stair ioml\u00e1n leighis, go h\u00e1irithe m\u00e1 t\u00e1 stair agat de ghalar cro\u00ed, br\u00fa fola ard, diaib\u00e9iteas, n\u00f3 neamhoird th\u00edor\u00f3ideacha.<\/li>\n<li><strong>Idirghn\u00edomha\u00edochta\u00ed Druga\u00ed<\/strong>: D'fh\u00e9adfadh \u00e9ifefr\u00edn idirghn\u00edomh\u00fa le c\u00f3gais eile, lena n-\u00e1ir\u00edtear coscair\u00ed MAO, b\u00e9ite-bhloc\u00e1laithe, agus frithdh\u00falagr\u00e1in \u00e1irithe. Cinntigh go bhfuil a fhios ag do shol\u00e1thra\u00ed c\u00faraim sl\u00e1inte faoi na c\u00f3gais go l\u00e9ir at\u00e1 \u00e1 nglacadh agat.<\/li>\n<li><strong>Toircheas agus Coth\u00fa ar an gC\u00edoch<\/strong>: Ba ch\u00f3ir \u00e9ifeadr\u00edn a \u00fas\u00e1id go c\u00faramach le linn toirchis agus beath\u00fa c\u00edche. T\u00e9igh i gcomhairle le do shol\u00e1thra\u00ed c\u00faraim sl\u00e1inte le haghaidh treorach.<\/li>\n<\/ul>\n<h4><strong>C\u00e9n f\u00e1th a roghn\u00f3fa\u00ed airm bithola\u00edocha?<\/strong><\/h4>\n<ol>\n<li><strong>Cinnteoireacht C\u00e1il\u00edochta<\/strong>Tugaimid t\u00fas \u00e1ite don ch\u00e1il\u00edocht agus don ts\u00e1bh\u00e1ilteacht, agus cinnt\u00edmid go gcomhl\u00edonann \u00e1r n-Eifidr\u00edn na caighde\u00e1in is airde sa tionscal.<\/li>\n<li><strong>D\u00edolt\u00f3ir\u00ed \u00dadaraithe<\/strong>Is d\u00edolt\u00f3ir iontaofa agus \u00fadaraithe \u00e9 Bio Weapons, a shol\u00e1thra\u00edonn f\u00edor-th\u00e1irg\u00ed do dhaoine aonair formheasta a bhfuil oidis acu.<\/li>\n<li><strong>Idirbhearta Sl\u00e1na<\/strong>: Cinnt\u00edonn \u00e1r n-ard\u00e1n ar l\u00edne go mb\u00edonn idirbhearta sl\u00e1na ann, agus cosna\u00edtear d'fhaisn\u00e9is phearsanta agus airgeadais.<\/li>\n<li><strong>Taca\u00edocht do Chustaim\u00e9ir\u00ed<\/strong>T\u00e1 \u00e1r bhfoireann thiomanta taca\u00edochta do chustaim\u00e9ir\u00ed ar f\u00e1il chun cabhr\u00fa leat le haon cheisteanna n\u00f3 imn\u00ed, ag sol\u00e1thar seirbh\u00eds ghairmi\u00fail agus chairdi\u00fail.<\/li>\n<li><strong>Seachadadh Tr\u00e1th\u00fail<\/strong>Tuigimid an t\u00e1bhacht a bhaineann le seachadadh tr\u00e1th\u00fail. Cinnt\u00edonn \u00e1r bpr\u00f3iseas loingseoireachta \u00e9ifeachtach go bhfaigheann t\u00fa d'Eifidr\u00edn go pras agus go discr\u00e9ideach.<\/li>\n<\/ol>\n<h4><strong>Cr\u00edoch<\/strong><\/h4>\n<p>Is \u00e9 Bio Weapons do fhoinse iontaofa d'Eifidr\u00edn d'ardchaighde\u00e1n. T\u00e1imid tiomanta do th\u00e1irg\u00ed s\u00e1bh\u00e1ilte, \u00e9ifeachtacha agus iontaofa a shol\u00e1thar do dhaoine aonair ceadaithe a bhfuil oidis bhail\u00ed acu. Is \u00e9 an f\u00f3cas at\u00e1 againn ar ch\u00e1il\u00edocht, ar sh\u00e1stacht custaim\u00e9ir\u00ed, agus ar idirbhearta sl\u00e1na a leagann amach \u00f3n gcuid eile sa tionscal muid. Siopaigh go muin\u00edneach ag Bio Weapons agus bain taith\u00ed ar an difr\u00edocht i gc\u00e1il\u00edocht agus i seirbh\u00eds.<\/p>\n<p><strong>Ordaigh d'Eifidr\u00edn inniu<\/strong> agus b\u00ed p\u00e1irteach len\u00e1r gcustaim\u00e9ir\u00ed s\u00e1sta a bhfuil muin\u00edn acu as Bio Weapons lena riachtanais leighis. Is iad do shl\u00e1inte agus do sh\u00e1bh\u00e1ilteacht \u00e1r bpr\u00edomhthosa\u00edochta\u00ed.<\/p>\n<h4><img decoding=\"async\" class=\"wp-image-176 aligncenter\" src=\"https:\/\/poisonshops.com\/wp-content\/uploads\/2025\/11\/poison_shop_logo-300x171.png\" alt=\"Siopa\u00ed nimhe\" width=\"139\" height=\"79\" srcset=\"https:\/\/poisonshops.com\/wp-content\/uploads\/2025\/11\/poison_shop_logo-300x171.png 300w, https:\/\/poisonshops.com\/wp-content\/uploads\/2025\/11\/poison_shop_logo.png 563w\" sizes=\"(max-width: 139px) 100vw, 139px\" \/><\/h4>\n<p>Ceannaigh Ephedrine d'ardchaighde\u00e1n ag Bio Weapons. Do dhaoine aonair ceadaithe amh\u00e1in a bhfuil oidis acu. Ceannach sl\u00e1n, seachadadh tapa, agus s\u00e1stacht custaim\u00e9ir\u00ed r\u00e1thaithe.<\/p>\n<h4><\/h4>\n<ol>\n<li>Ceannaigh Eifidr\u00edn ar L\u00edne le haghaidh Asma agus Faoisimh ar Phl\u00f3d\u00fa<\/li>\n<li>Eifidr\u00edn d'ardchaighde\u00e1n le haghaidh \u00fas\u00e1ide leighis<\/li>\n<li>Ceannaigh Eifidr\u00edn go S\u00e1bh\u00e1ilte agus go Sl\u00e1n<\/li>\n<li>Foinse Iontaofa do Phill\u00edn\u00ed Eifedr\u00edn agus do Thuaslag\u00e1in insteallta<\/li>\n<li>Ordaigh Eifidr\u00edn le haghaidh faoisimh thapa\u00ed ar asma agus pl\u00f3d\u00fa sr\u00f3ine<\/li>\n<li>Sol\u00e1thra\u00ed Iontaofa \u00c9ifidr\u00edn do Ch\u00faiseanna Leighis<\/li>\n<li>F\u00edor-Eifidr\u00edn ar D\u00edol<\/li>\n<li>Ceannaigh Eifidr\u00edn \u00f3 Dh\u00edolt\u00f3ir\u00ed \u00dadaraithe<\/li>\n<li>An \u00c1it is Fearr le hEifidr\u00edn a Cheannach ar L\u00edne<\/li>\n<li>Eifidr\u00edn \u00c9ifeachtach le haghaidh Bronc-leathnaithe agus D\u00ed-congestaithe<\/li>\n<\/ol>\n<h4><\/h4>\n<p>Eifidr\u00edn, Ceannaigh Eifidr\u00edn, Ceannaigh Eifidr\u00edn, Eifidr\u00edn ar d\u00edol, Eifidr\u00edn d'ardchaighde\u00e1n, Ceannach sl\u00e1n Eifidr\u00edn, Eifidr\u00edn le h\u00fas\u00e1id leighis, Foinse iontaofa Eifidr\u00edn, Ceannaigh Eifidr\u00edn go dleathach, Eifidr\u00edn le oideas, Eifidr\u00edn don asma, Ordaigh Eifidr\u00edn, Eifidr\u00edn le haghaidh d\u00edchoimeas, Eifidr\u00edn bar\u00e1nt\u00fail, Seachadadh Eifedr\u00edn, D\u00edolt\u00f3ir Eifedr\u00edn iontaofa, Ceannaigh Eifedr\u00edn go s\u00e1bh\u00e1ilte, Eifedr\u00edn bar\u00e1nt\u00fail, Sol\u00e1thra\u00ed Eifedr\u00edn, Eifedr\u00edn i SAM, Infhaighteacht Eifedr\u00edn, Seachadadh tapa Eifedr\u00edn, Eifedr\u00edn ardchaighde\u00e1in, C\u00f3gaslann Eifedr\u00edn, Eifedr\u00edn le haghaidh me\u00e1chain caillteanais, Ceannaigh Eifedr\u00edn ar l\u00edne, Ceannach sl\u00e1n Eifedr\u00edn, Eifedr\u00edn do ghairmithe, Foinse iontaofa Eifedr\u00edn, Loingseoireacht dhomhanda Eifedr\u00edn<\/p>","protected":false},"excerpt":{"rendered":"<p>Buy Ephedrine Online Ephedrine is a potent medication used for various therapeutic purposes, primarily as a bronchodilator and decongestant. At Bio Weapons , we offer high-quality Ephedrine to approved individuals with valid prescriptions, ensuring reliable and effective solutions for your medical needs. Buy Ephedrine Online with ease. What is Ephedrine? Ephedrine is a sympathomimetic amine [&hellip;]<\/p>\n","protected":false},"featured_media":200,"comment_status":"open","ping_status":"closed","template":"","meta":[],"product_brand":[],"product_cat":[18],"product_tag":[],"class_list":{"0":"post-93","1":"product","2":"type-product","3":"status-publish","4":"has-post-thumbnail","6":"product_cat-buy-nembutal-pentobarbital","8":"first","9":"instock","10":"featured","11":"shipping-taxable","12":"purchasable","13":"product-type-variable"},"_links":{"self":[{"href":"https:\/\/poisonshops.com\/ga\/wp-json\/wp\/v2\/product\/93","targetHints":{"allow":["GET"]}}],"collection":[{"href":"https:\/\/poisonshops.com\/ga\/wp-json\/wp\/v2\/product"}],"about":[{"href":"https:\/\/poisonshops.com\/ga\/wp-json\/wp\/v2\/types\/product"}],"replies":[{"embeddable":true,"href":"https:\/\/poisonshops.com\/ga\/wp-json\/wp\/v2\/comments?post=93"}],"wp:featuredmedia":[{"embeddable":true,"href":"https:\/\/poisonshops.com\/ga\/wp-json\/wp\/v2\/media\/200"}],"wp:attachment":[{"href":"https:\/\/poisonshops.com\/ga\/wp-json\/wp\/v2\/media?parent=93"}],"wp:term":[{"taxonomy":"product_brand","embeddable":true,"href":"https:\/\/poisonshops.com\/ga\/wp-json\/wp\/v2\/product_brand?post=93"},{"taxonomy":"product_cat","embeddable":true,"href":"https:\/\/poisonshops.com\/ga\/wp-json\/wp\/v2\/product_cat?post=93"},{"taxonomy":"product_tag","embeddable":true,"href":"https:\/\/poisonshops.com\/ga\/wp-json\/wp\/v2\/product_tag?post=93"}],"curies":[{"name":"wp","href":"https:\/\/api.w.org\/{rel}","templated":true}]}}