{"id":95,"date":"2017-12-21T04:37:21","date_gmt":"2017-12-21T04:37:21","guid":{"rendered":"https:\/\/wordpress.gradientthemes.com\/brand-shop\/product\/dnk-blue-shoes\/"},"modified":"2025-12-03T10:36:58","modified_gmt":"2025-12-03T10:36:58","slug":"ceannaigh-leacht-beil-nembutal-pentobarbital","status":"publish","type":"product","link":"https:\/\/poisonshops.com\/ga\/tairge\/ceannaigh-leacht-beil-nembutal-pentobarbital\/","title":{"rendered":"Nembutal Pentobarbital Leacht B\u00e9il"},"content":{"rendered":"<h2>Ceannaigh Nembutal Pentobarbital Leacht B\u00e9il Ar L\u00edne<\/h2>\n<p>F\u00e1ilte go Bio Weapons, an phr\u00edomhfhoinse do leacht b\u00e9il ardchaighde\u00e1in Nembutal Pentobarbital. T\u00e1 \u00e1r leacht b\u00e9il Nembutal ar f\u00e1il go heisiach do dhaoine aonair ceadaithe a bhfuil oidis bhail\u00ed acu. T\u00e1imid tiomanta do sh\u00e1rmhaitheas, do sh\u00e1bh\u00e1ilteacht agus do sh\u00e1stacht custaim\u00e9ir\u00ed a shol\u00e1thar, rud a fh\u00e1gann gur ainm iontaofa muid sa tionscal.<\/p>\n<h4><strong>Cad is Nembutal Pentobarbital Leacht B\u00e9il ann?<\/strong><\/h4>\n<p>Is c\u00f3gas barbit\u00farata \u00e9 Nembutal, ar a dtugtar pentobarbital freisin, a \u00fas\u00e1idtear mar gheall ar a air\u00edonna suaimhneacha, ain\u00e9ist\u00e9iseacha agus frith-thionchair. Tugann an leacht b\u00e9il de Nembutal sol\u00fabthacht sa d\u00e1ileog\u00fa agus \u00e9asca\u00edocht riarach\u00e1in, rud a fh\u00e1gann gur rogha den scoth \u00e9 d'fheidhmeanna leighis \u00e9ags\u00fala. T\u00e1 \u00e1r leacht b\u00e9il Nembutal foirmlithe go mionch\u00faiseach chun cruinneas agus \u00e9ifeacht\u00falacht a chinnti\u00fa.<\/p>\n<h4><strong>\u00das\u00e1id\u00ed Nembutal Pentobarbital Leacht B\u00e9il<\/strong><\/h4>\n<p>\u00das\u00e1idtear leacht b\u00e9il Nembutal i gcomhth\u00e9acsanna leighis \u00e9ags\u00fala, lena n-\u00e1ir\u00edtear:<\/p>\n<ol>\n<li><strong>Suaimhni\u00fa<\/strong>: \u00das\u00e1idtear leacht b\u00e9il Nembutal go minic chun suaimhneas a spreagadh i n-othair at\u00e1 ag dul faoi n\u00f3sanna imeachta leighis. Cinnt\u00edonn a \u00e9ifeacht thapa go sroicheann othair staid shuaimhneach agus chompordach go gasta.<\/li>\n<li><strong>Ain\u00e9ist\u00e9ise<\/strong>I su\u00edomhanna m\u00e1inliachta, \u00fas\u00e1idtear leacht b\u00e9il Nembutal mar ghn\u00edomhaire r\u00e9amh-ain\u00e9ist\u00e9iseach chun codladh domhain a spreagadh. F\u00e1gann a \u00e9ifeacht\u00falacht agus a iontaofacht gur uirlis luachmhar \u00e9 d'ain\u00e9ist\u00e9iseolaithe.<\/li>\n<li><strong>Rial\u00fa Taomanna<\/strong>T\u00e1 Nembutal \u00e9ifeachtach chun taomanna g\u00e9ara a bhainisti\u00fa, go h\u00e1irithe i gc\u00e1sanna \u00e9igeand\u00e1la. Oibr\u00edonn s\u00e9 tr\u00ed ch\u00f3ras na n\u00e9ar\u00f3g l\u00e1ir a chur faoi chois, agus ar an gcaoi sin laghda\u00edonn s\u00e9 gn\u00edomha\u00edocht na dtaomanna.<\/li>\n<li><strong>Eitinasia<\/strong>I m\u00edochaine tr\u00e9idliachta, \u00fas\u00e1idtear leacht b\u00e9il Nembutal chun ainmhithe a eutan\u00e1ise\u00e1il go daonnacht\u00fail. Cinnt\u00edonn a chuid air\u00edonna gn\u00edomhacha mear aistri\u00fa s\u00edoch\u00e1nta agus saor \u00f3 phian.<\/li>\n<\/ol>\n<h4><strong>C\u00e1il\u00edocht agus Glaine<\/strong><\/h4>\n<p>Ag Bio Weapons, tuigimid an t\u00e1bhacht r\u00edth\u00e1bhachtach a bhaineann le h\u00edonacht agus c\u00e1il\u00edocht i dt\u00e1irg\u00ed c\u00f3gais\u00edochta. Faightear \u00e1r leacht b\u00e9il Nembutal \u00f3 mhonar\u00f3ir\u00ed creidi\u00fanacha agus cuirtear faoi phr\u00f3isis dhiana rialaithe c\u00e1il\u00edochta \u00e9. D\u00e9antar t\u00e1st\u00e1il dhian ar gach baisc le haghaidh \u00edonachta agus neart, rud a chinnt\u00edonn go gcomhl\u00edonann s\u00e9 na caighde\u00e1in is airde sa tionscal. Nuair a cheanna\u00edonn t\u00fa leacht b\u00e9il Nembutal Pentobarbital uainn, is f\u00e9idir leat a bheith muin\u00edneach go bhfuil t\u00fa ag f\u00e1il t\u00e1irge at\u00e1 s\u00e1bh\u00e1ilte, \u00e9ifeachtach, agus iontaofa.<\/p>\n<h4><strong>D\u00e1ileog agus Riaradh<\/strong><\/h4>\n<p>Ba ch\u00f3ir leacht b\u00e9il Nembutal Pentobarbital a \u00fas\u00e1id go docht de r\u00e9ir na dtreoracha a thugann gairm\u00ed c\u00faraim sl\u00e1inte. D'fh\u00e9adfadh an d\u00e1ileog agus an modh riarach\u00e1in a bheith \u00e9ags\u00fail ag brath ar an riocht leighis sonrach agus ar riachtanais aonair an othair. T\u00e1 s\u00e9 r\u00edth\u00e1bhachtach an d\u00e1ileog ordaithe a lean\u00faint chun s\u00e1bh\u00e1ilteacht agus \u00e9ifeacht\u00falacht a chinnti\u00fa.<\/p>\n<p><strong>Ullmh\u00fach\u00e1n agus St\u00f3r\u00e1il<\/strong>:<\/p>\n<ul>\n<li><strong>Ullmh\u00fach\u00e1n<\/strong>: Riar\u00edtear an leacht b\u00e9il Nembutal \u00f3 bh\u00e9al, agus an d\u00e1ileog \u00e1 tomhas go cruinn le steallaire de ghr\u00e1d leighis n\u00f3 le gl\u00e9as tomhais.<\/li>\n<li><strong>St\u00f3r\u00e1il<\/strong>: St\u00f3r\u00e1il an leacht b\u00e9il Nembutal in \u00e1it fhionnuar thirim, amach \u00f3 sholas d\u00edreach na gr\u00e9ine agus \u00f3 thaise. Coinnigh amach \u00f3 shroicheadh leana\u00ed agus peata\u00ed \u00e9.<\/li>\n<\/ul>\n<h4><strong>Fo-iarsma\u00ed agus R\u00e9amhch\u00faraim\u00ed<\/strong><\/h4>\n<p>Ar n\u00f3s gach c\u00f3gas leighis, d'fh\u00e9adfadh fo-iarsma\u00ed a bheith ag baint le leacht b\u00e9il Nembutal. I measc na bhfo-iarsma\u00ed coitianta, t\u00e1 codlatacht, meadhr\u00e1n, masmas, agus tinneas cinn. I gc\u00e1sanna neamhchoitianta, d'fh\u00e9adfadh fo-iarsma\u00ed n\u00edos tromch\u00fais\u00ed tarl\u00fa, amhail lag\u00fa an an\u00e1la, hipiteannas, n\u00f3 frithghn\u00edomhartha aill\u00e9irgeacha. T\u00e1 s\u00e9 r\u00edth\u00e1bhachtach aire leighis a lorg l\u00e1ithreach m\u00e1 bhraitear aon fho-iarsma\u00ed tromch\u00faiseacha.<\/p>\n<p><strong>R\u00e9amhch\u00faraim\u00ed<\/strong>:<\/p>\n<ul>\n<li><strong>Stair Leighis<\/strong>Cuir do shol\u00e1thra\u00ed c\u00faraim sl\u00e1inte ar an eolas faoi do stair ioml\u00e1n leighis, go h\u00e1irithe m\u00e1 t\u00e1 stair agat de ghalar ae, galar du\u00e1in, n\u00f3 riochta\u00ed riospr\u00e1ide.<\/li>\n<li><strong>Idirghn\u00edomha\u00edochta\u00ed Druga\u00ed<\/strong>: D'fh\u00e9adfadh Nembutal idirghn\u00edomh\u00fa le c\u00f3gais eile, lena n-\u00e1ir\u00edtear suaimhn\u00ed, \u00f3ipi\u00f3idigh, agus alc\u00f3l. Cinntigh go bhfuil a fhios ag do shol\u00e1thra\u00ed c\u00faraim sl\u00e1inte faoi na c\u00f3gais go l\u00e9ir at\u00e1 \u00e1 nglacadh agat.<\/li>\n<li><strong>Toircheas agus Coth\u00fa ar an gC\u00edoch<\/strong>Ba ch\u00f3ir Nembutal a \u00fas\u00e1id go c\u00faramach le linn toirchis agus beath\u00fa c\u00edche. T\u00e9igh i gcomhairle le do shol\u00e1thra\u00ed c\u00faraim sl\u00e1inte le haghaidh treorach.<\/li>\n<\/ul>\n<p><img decoding=\"async\" class=\"wp-image-463 aligncenter\" src=\"https:\/\/poisonshops.com\/wp-content\/uploads\/2025\/11\/tttt-1-204x300.png\" alt=\"Siopa an Phuinnse\u00e1in\" width=\"56\" height=\"82\" srcset=\"https:\/\/poisonshops.com\/wp-content\/uploads\/2025\/11\/tttt-1-204x300.png 204w, https:\/\/poisonshops.com\/wp-content\/uploads\/2025\/11\/tttt-1.png 218w\" sizes=\"(max-width: 56px) 100vw, 56px\" \/><\/p>\n<h4><strong>C\u00e9n f\u00e1th a roghn\u00f3fa\u00ed airm bithola\u00edocha?<\/strong><\/h4>\n<ol>\n<li><strong>Cinnteoireacht C\u00e1il\u00edochta<\/strong>Tugaimid t\u00fas \u00e1ite don ch\u00e1il\u00edocht agus don ts\u00e1bh\u00e1ilteacht, agus cinnt\u00edmid go gcomhl\u00edonann \u00e1r leacht b\u00e9il Nembutal na caighde\u00e1in is airde sa tionscal.<\/li>\n<li><strong>D\u00edolt\u00f3ir\u00ed \u00dadaraithe<\/strong>Is d\u00edolt\u00f3ir iontaofa agus \u00fadaraithe \u00e9 Bio Weapons, a shol\u00e1thra\u00edonn f\u00edor-th\u00e1irg\u00ed do dhaoine aonair formheasta a bhfuil oidis acu.<\/li>\n<li><strong>Idirbhearta Sl\u00e1na<\/strong>: Cinnt\u00edonn \u00e1r n-ard\u00e1n ar l\u00edne go mb\u00edonn idirbhearta sl\u00e1na ann, agus cosna\u00edtear d'fhaisn\u00e9is phearsanta agus airgeadais.<\/li>\n<li><strong>Taca\u00edocht do Chustaim\u00e9ir\u00ed<\/strong>T\u00e1 \u00e1r bhfoireann thiomanta taca\u00edochta do chustaim\u00e9ir\u00ed ar f\u00e1il chun cabhr\u00fa leat le haon cheisteanna n\u00f3 imn\u00ed, ag sol\u00e1thar seirbh\u00eds ghairmi\u00fail agus chairdi\u00fail.<\/li>\n<li><strong>Seachadadh Tr\u00e1th\u00fail<\/strong>Tuigimid an t\u00e1bhacht a bhaineann le seachadadh tr\u00e1th\u00fail. Cinnt\u00edonn \u00e1r bpr\u00f3iseas loingseoireachta \u00e9ifeachtach go bhfaigheann t\u00fa do leacht \u00f3 bh\u00e9al Nembutal go pras agus go discr\u00e9ideach.<\/li>\n<\/ol>\n<h4><strong>Cr\u00edoch<\/strong><\/h4>\n<p>Is \u00e9 Bio Weapons do fhoinse iontaofa le haghaidh leacht b\u00e9il ardchaighde\u00e1in Nembutal Pentobarbital. T\u00e1imid tiomanta do th\u00e1irg\u00ed s\u00e1bh\u00e1ilte, \u00e9ifeachtacha agus iontaofa a shol\u00e1thar do dhaoine aonair ceadaithe a bhfuil oidis bhail\u00ed acu. Leagann \u00e1r bhf\u00f3cas ar ch\u00e1il\u00edocht, ar sh\u00e1stacht custaim\u00e9ir\u00ed, agus ar idirbhearta sl\u00e1na amach \u00f3n slua muid sa tionscal. Siopaigh go muin\u00edneach ag Bio Weapons agus bain taith\u00ed ar an difr\u00edocht i gc\u00e1il\u00edocht agus i seirbh\u00eds.<\/p>\n<p><strong>Ordaigh do leacht b\u00e9il Nembutal Pentobarbital inniu.<\/strong> agus b\u00ed p\u00e1irteach len\u00e1r gcustaim\u00e9ir\u00ed s\u00e1sta a bhfuil muin\u00edn acu as Bio Weapons lena riachtanais leighis. Is iad do shl\u00e1inte agus do sh\u00e1bh\u00e1ilteacht \u00e1r bpr\u00edomhthosa\u00edochta\u00ed.<\/p>\n<p>Ceannaigh leacht b\u00e9il ardchaighde\u00e1in Nembutal Pentobarbital ag Poison Shops. Do dhaoine aonair ceadaithe amh\u00e1in a bhfuil oidis acu. Ceannach sl\u00e1n, seachadadh tapa, agus s\u00e1stacht custaim\u00e9ir\u00ed r\u00e1thaithe.<\/p>\n<p><img decoding=\"async\" class=\"wp-image-502 aligncenter\" src=\"https:\/\/poisonshops.com\/wp-content\/uploads\/2025\/11\/Bio-Weapons-240x300.png\" alt=\"Bithearmair\" width=\"85\" height=\"106\" srcset=\"https:\/\/poisonshops.com\/wp-content\/uploads\/2025\/11\/Bio-Weapons-240x300.png 240w, https:\/\/poisonshops.com\/wp-content\/uploads\/2025\/11\/Bio-Weapons.png 265w\" sizes=\"(max-width: 85px) 100vw, 85px\" \/><\/p>\n<h4><\/h4>\n<ol>\n<li>Ceannaigh Nembutal Pentobarbital Leacht B\u00e9il Ar L\u00edne<\/li>\n<li>Leacht B\u00e9il Ardchaighde\u00e1in Nembutal le haghaidh \u00das\u00e1ide Leighis<\/li>\n<li>Ceannaigh Leacht B\u00e9il Pentobarbaitle Nembutal go S\u00e1bh\u00e1ilte<\/li>\n<li>Foinse Iontaofa do Leacht B\u00e9il Nembutal Pentobarbital<\/li>\n<li>Ordaigh Leacht B\u00e9il Pentobarbital Nembutal go Sl\u00e1n<\/li>\n<li>Seachadadh Tapa ar Leacht B\u00e9il Nembutal Pentobarbital<\/li>\n<li>Sol\u00e1thra\u00ed Iontaofa de Leacht B\u00e9il Nembutal Pentobarbital<\/li>\n<li>Nembutal Pentobarbital B\u00e9il F\u00edor-Leacht ar D\u00edol<\/li>\n<li>Ceannaigh Leacht B\u00e9il Nembutal \u00f3 Dh\u00edolt\u00f3ir\u00ed \u00dadaraithe<\/li>\n<li>An \u00c1it is Fearr le Leacht B\u00e9il Nembutal Pentobarbital a Cheannach<\/li>\n<\/ol>\n<h4><\/h4>\n<p>Leacht b\u00e9il Nembutal Pentobarbital, Ceannaigh leacht b\u00e9il Nembutal, Ceannaigh leacht Nembutal Pentobarbital, Leacht b\u00e9il Nembutal ar d\u00edol, Leacht b\u00e9il Nembutal d'ardchaighde\u00e1n, Ceannach sl\u00e1n leachta Pentobarbital Nembutal, Leacht Nembutal le haghaidh \u00fas\u00e1ide leighis, Foinse iontaofa leachta b\u00e9il Nembutal, Ceannaigh leacht Nembutal go dleathach, Leacht b\u00e9il Nembutal le oideas, Leacht Nembutal le haghaidh eutan\u00e1is, Ordaigh leacht b\u00e9il Pentobarbital Nembutal, Leacht Nembutal le haghaidh suainithe,<\/p>\n<p>Leacht f\u00edor-Nembutal Pentobarbital, Seachadadh leachta b\u00e9il Nembutal, D\u00edolt\u00f3ir iontaofa leachta Nembutal, Ceannaigh leacht Nembutal go s\u00e1bh\u00e1ilte, Leacht bar\u00e1nt\u00fail Nembutal, Sol\u00e1thra\u00ed leachta Nembutal, Leacht Nembutal sna St\u00e1it Aontaithe, Infhaighteacht leachta b\u00e9il Nembutal, Seachadadh tapa leachta Nembutal, Leacht ardchaighde\u00e1in Nembutal Pentobarbital, C\u00f3gaslann leachta Nembutal, Leacht Nembutal don ain\u00e9ist\u00e9ise, Ceannaigh leacht Nembutal ar l\u00edne, Ceannach sl\u00e1n de leacht Nembutal, Leacht b\u00e9il Pentobarbital Nembutal do ghairmithe, Foinse iontaofa leachta Nembutal, Loingseoireacht dhomhanda ar leacht Nembutal<\/p>\n<p><img decoding=\"async\" class=\"wp-image-176 aligncenter\" src=\"https:\/\/poisonshops.com\/wp-content\/uploads\/2025\/11\/poison_shop_logo-300x171.png\" alt=\"Siopa\u00ed nimhe\" width=\"128\" height=\"73\" srcset=\"https:\/\/poisonshops.com\/wp-content\/uploads\/2025\/11\/poison_shop_logo-300x171.png 300w, https:\/\/poisonshops.com\/wp-content\/uploads\/2025\/11\/poison_shop_logo.png 563w\" sizes=\"(max-width: 128px) 100vw, 128px\" \/><\/p>","protected":false},"excerpt":{"rendered":"<p>Buy Nembutal Pentobarbital Oral Liquid Online Welcome to Bio Weapons , the premier source for high-quality Nembutal Pentobarbital oral liquid. Our Nembutal oral liquid is available exclusively to approved individuals with valid prescriptions. We are dedicated to providing superior quality, safety, and customer satisfaction, making us a trusted name in the industry. What is Nembutal [&hellip;]<\/p>\n","protected":false},"featured_media":216,"comment_status":"open","ping_status":"closed","template":"","meta":[],"product_brand":[],"product_cat":[18],"product_tag":[],"class_list":{"0":"post-95","1":"product","2":"type-product","3":"status-publish","4":"has-post-thumbnail","6":"product_cat-buy-nembutal-pentobarbital","8":"first","9":"instock","10":"featured","11":"shipping-taxable","12":"purchasable","13":"product-type-variable"},"_links":{"self":[{"href":"https:\/\/poisonshops.com\/ga\/wp-json\/wp\/v2\/product\/95","targetHints":{"allow":["GET"]}}],"collection":[{"href":"https:\/\/poisonshops.com\/ga\/wp-json\/wp\/v2\/product"}],"about":[{"href":"https:\/\/poisonshops.com\/ga\/wp-json\/wp\/v2\/types\/product"}],"replies":[{"embeddable":true,"href":"https:\/\/poisonshops.com\/ga\/wp-json\/wp\/v2\/comments?post=95"}],"wp:featuredmedia":[{"embeddable":true,"href":"https:\/\/poisonshops.com\/ga\/wp-json\/wp\/v2\/media\/216"}],"wp:attachment":[{"href":"https:\/\/poisonshops.com\/ga\/wp-json\/wp\/v2\/media?parent=95"}],"wp:term":[{"taxonomy":"product_brand","embeddable":true,"href":"https:\/\/poisonshops.com\/ga\/wp-json\/wp\/v2\/product_brand?post=95"},{"taxonomy":"product_cat","embeddable":true,"href":"https:\/\/poisonshops.com\/ga\/wp-json\/wp\/v2\/product_cat?post=95"},{"taxonomy":"product_tag","embeddable":true,"href":"https:\/\/poisonshops.com\/ga\/wp-json\/wp\/v2\/product_tag?post=95"}],"curies":[{"name":"wp","href":"https:\/\/api.w.org\/{rel}","templated":true}]}}