{"id":96,"date":"2017-12-20T14:16:27","date_gmt":"2017-12-20T14:16:27","guid":{"rendered":"https:\/\/wordpress.gradientthemes.com\/brand-shop\/product\/dark-brown-jeans\/"},"modified":"2025-12-03T10:45:42","modified_gmt":"2025-12-03T10:45:42","slug":"cheannach-pills-pentobarbital-nembutal-100mg","status":"publish","type":"product","link":"https:\/\/poisonshops.com\/ga\/tairge\/cheannach-pills-pentobarbital-nembutal-100mg\/","title":{"rendered":"Pill\u00edn\u00ed Nembutal Pentobarbital 100mg"},"content":{"rendered":"<h2>Ceannaigh Pills\u00ed Nembutal Pentobarbital 100mg<\/h2>\n<h3>Pill\u00ed Nembutal Pentobarbital S\u00f3idiam, 100mg Cur S\u00edos ar an T\u00e1irge<\/h3>\n<p>F\u00e1ilte go Bio Weapons, an pr\u00edomhshol\u00e1thra\u00ed de phiolla\u00ed ardchaighde\u00e1in Nembutal Pentobarbital S\u00f3idiam. Cuirimid piolla\u00ed Nembutal 100mg ar f\u00e1il go heisiach do dhaoine aonair formheasta a bhfuil oidis bhail\u00ed acu. Is \u00e9 \u00e1r dtiomantas gan chliseadh do ch\u00e1il\u00edocht, do sh\u00e1bh\u00e1ilteacht, agus do sh\u00e1stacht an chustaim\u00e9ara a fh\u00e1gann go bhfuilimid ar leith sa tionscal. Ceannaigh P\u00edolla\u00ed Nembutal Pentobarbital 100mg ar l\u00edne gan str\u00f3.<\/p>\n<h4><strong>Cad iad na Pills Nembutal Pentobarbital S\u00f3idiam?<\/strong><\/h4>\n<p>Is c\u00f3gas barbit\u00farata \u00e9 Nembutal, ar a dtugtar pentobarbital freisin, a \u00fas\u00e1idtear mar shuaimhn\u00ed, mar ain\u00e9ist\u00e9itic, agus mar fhrith-thionchair. Sol\u00e1thra\u00edonn gach piollaire 100mg d\u00e1ileog l\u00e1idir, rud a chinnt\u00edonn \u00e9ifeacht\u00falacht do fheidhmeanna leighis \u00e9ags\u00fala. Tugann na piolla\u00ed seo \u00e1isi\u00falacht agus d\u00e1ileog\u00fa beacht, rud a fh\u00e1gann gur rogha den scoth iad do ghairmithe c\u00faraim sl\u00e1inte agus d'othair araon.<\/p>\n<h4><strong>\u00das\u00e1id\u00ed Pills\u00ed Nembutal Pentobarbital S\u00f3idiam, 100mg<\/strong><\/h4>\n<p>Baintear \u00fas\u00e1id as piolla\u00ed Nembutal 100mg i su\u00edomhanna leighis \u00e9ags\u00fala, lena n-\u00e1ir\u00edtear:<\/p>\n<ol>\n<li><strong>Suaimhni\u00fa<\/strong>Is minic a fhororda\u00edtear piolla\u00ed Nembutal chun suaimhneas a spreagadh i n-othair at\u00e1 ag dul faoi n\u00f3sanna imeachta leighis. Cinnt\u00edonn a n-\u00e9ir\u00ed go tapa go sroicheann othair staid shuaimhneach agus chompordach go tapa.<\/li>\n<li><strong>Ain\u00e9ist\u00e9ise<\/strong>I dtimpeallachta\u00ed m\u00e1inliachta, \u00fas\u00e1idtear piolla\u00ed Nembutal 100mg mar ghn\u00edomhaire r\u00e9amh-ain\u00e9ist\u00e9iseach chun codladh domhain a spreagadh. F\u00e1gann a n-iontaofacht agus a n-\u00e9ifeacht\u00falacht go bhfuil siad thar a bheith luachmhar d'ain\u00e9ist\u00e9iseolaithe.<\/li>\n<li><strong>Rial\u00fa Taomanna<\/strong>: T\u00e1 Nembutal \u00e9ifeachtach chun taomanna g\u00e9ara a bhainisti\u00fa, go h\u00e1irithe i gc\u00e1sanna \u00e9igeand\u00e1la. Oibr\u00edonn s\u00e9 tr\u00ed ch\u00f3ras na n\u00e9ar\u00f3g l\u00e1ir a fh\u00e1iscadh, agus ar an gcaoi sin laghda\u00edonn s\u00e9 gn\u00edomha\u00edocht na dtaomanna.<\/li>\n<li><strong>Eitinasia<\/strong>I m\u00edochaine tr\u00e9idliachta, \u00fas\u00e1idtear piolla\u00ed Nembutal chun ainmhithe a eutan\u00e1iseadh go daonnacht\u00fail. Cinnt\u00edonn a n-air\u00edonna gn\u00edomhacha mear aistri\u00fa suaimhneach agus saor \u00f3 phian.<\/li>\n<\/ol>\n<h4><strong>C\u00e1il\u00edocht agus Glaine<\/strong><\/h4>\n<p>Ag Bio Weapons, tuigimid an t\u00e1bhacht r\u00edth\u00e1bhachtach a bhaineann le h\u00edonacht agus c\u00e1il\u00edocht i dt\u00e1irg\u00ed c\u00f3gais\u00edochta. Faightear \u00e1r bpiolla\u00ed Nembutal 100mg \u00f3 mhonar\u00f3ir\u00ed iontaofa agus cuirtear faoi phr\u00f3isis dhiana rialaithe c\u00e1il\u00edochta iad. D\u00e9antar t\u00e1st\u00e1il dhian ar gach baisc le haghaidh \u00edonachta agus neart, ag cinnti\u00fa go gcomhl\u00edonann s\u00e9 na caighde\u00e1in is airde sa tionscal. Nuair a cheanna\u00edonn t\u00fa piolla\u00ed Nembutal Pentobarbital Sodium uainn, is f\u00e9idir leat a bheith muin\u00edneach go bhfuil t\u00fa ag f\u00e1il t\u00e1irge at\u00e1 s\u00e1bh\u00e1ilte, \u00e9ifeachtach, agus iontaofa.<\/p>\n<h4><strong>D\u00e1ileog agus Riaradh<\/strong><\/h4>\n<p>Ba ch\u00f3ir piolla\u00ed Nembutal Pentobarbital S\u00f3idiam a \u00fas\u00e1id go docht de r\u00e9ir na dtreoracha a thugann gairm\u00ed c\u00faraim sl\u00e1inte. D'fh\u00e9adfadh an d\u00e1ileog agus an modh riarach\u00e1in a bheith \u00e9ags\u00fail ag brath ar an riocht leighis sonrach agus ar riachtanais aonair an othair. T\u00e1 s\u00e9 r\u00edth\u00e1bhachtach an d\u00e1ileog ordaithe a lean\u00faint chun s\u00e1bh\u00e1ilteacht agus \u00e9ifeacht\u00falacht a chinnti\u00fa.<\/p>\n<p><strong>Ullmh\u00fach\u00e1n agus St\u00f3r\u00e1il<\/strong>:<\/p>\n<ul>\n<li><strong>Ullmh\u00fach\u00e1n<\/strong>: Glactar piolla\u00ed Nembutal 100mg \u00f3 bh\u00e9al, le bia n\u00f3 gan bia, de r\u00e9ir treoracha do shol\u00e1thra\u00ed c\u00faraim sl\u00e1inte.<\/li>\n<li><strong>St\u00f3r\u00e1il<\/strong>: St\u00f3r\u00e1il piolla\u00ed Nembutal in \u00e1it fhionnuar thirim, ar shi\u00fal \u00f3 sholas d\u00edreach na gr\u00e9ine agus \u00f3 thaise. Coinnigh amach as aimsi\u00fa leana\u00ed agus peata\u00ed iad.<\/li>\n<\/ul>\n<h4><strong>Fo-iarsma\u00ed agus R\u00e9amhch\u00faraim\u00ed<\/strong><\/h4>\n<p>Ar n\u00f3s gach c\u00f3gas leighis, d'fh\u00e9adfadh fo-iarsma\u00ed a bheith ag baint le piolla\u00ed Nembutal. I measc na bhfo-iarsma\u00ed coitianta, t\u00e1 codlatacht, meadhr\u00e1n, masmas, agus tinneas cinn. I gc\u00e1sanna neamhchoitianta, d'fh\u00e9adfadh fo-iarsma\u00ed n\u00edos tromch\u00fais\u00ed tarl\u00fa, amhail lag\u00fa an an\u00e1la, hipiteannas, n\u00f3 frithghn\u00edomhartha aill\u00e9irgeacha. T\u00e1 s\u00e9 r\u00edth\u00e1bhachtach aire leighis a lorg l\u00e1ithreach m\u00e1 bhraitear aon fho-iarsma\u00ed tromch\u00faiseacha.<\/p>\n<p><strong>R\u00e9amhch\u00faraim\u00ed<\/strong>:<\/p>\n<ul>\n<li><strong>Stair Leighis<\/strong>Cuir do shol\u00e1thra\u00ed c\u00faraim sl\u00e1inte ar an eolas faoi do stair ioml\u00e1n leighis, go h\u00e1irithe m\u00e1 t\u00e1 stair agat de ghalar ae, galar du\u00e1in, n\u00f3 riochta\u00ed riospr\u00e1ide.<\/li>\n<li><strong>Idirghn\u00edomha\u00edochta\u00ed Druga\u00ed<\/strong>: D'fh\u00e9adfadh Nembutal idirghn\u00edomh\u00fa le c\u00f3gais eile, lena n-\u00e1ir\u00edtear suaimhn\u00ed, \u00f3ipi\u00f3idigh, agus alc\u00f3l. Cinntigh go bhfuil a fhios ag do shol\u00e1thra\u00ed c\u00faraim sl\u00e1inte faoi na c\u00f3gais go l\u00e9ir at\u00e1 \u00e1 nglacadh agat.<\/li>\n<li><strong>Toircheas agus Coth\u00fa ar an gC\u00edoch<\/strong>Ba ch\u00f3ir Nembutal a \u00fas\u00e1id go c\u00faramach le linn toirchis agus beath\u00fa c\u00edche. T\u00e9igh i gcomhairle le do shol\u00e1thra\u00ed c\u00faraim sl\u00e1inte le haghaidh treorach.<\/li>\n<\/ul>\n<h4><strong>C\u00e9n f\u00e1th a roghn\u00f3fa\u00ed airm bithola\u00edocha?<\/strong><\/h4>\n<ol>\n<li><strong>Cinnteoireacht C\u00e1il\u00edochta<\/strong>Tugaimid t\u00fas \u00e1ite don ch\u00e1il\u00edocht agus don ts\u00e1bh\u00e1ilteacht, agus cinnt\u00edmid go gcomhl\u00edonann \u00e1r bpiolla\u00ed Nembutal 100mg na caighde\u00e1in is airde sa tionscal.<\/li>\n<li><strong>D\u00edolt\u00f3ir\u00ed \u00dadaraithe<\/strong>Is d\u00edolt\u00f3ir iontaofa agus \u00fadaraithe \u00e9 Bio Weapons, a shol\u00e1thra\u00edonn f\u00edor-th\u00e1irg\u00ed do dhaoine aonair formheasta a bhfuil oidis acu.<\/li>\n<li><strong>Idirbhearta Sl\u00e1na<\/strong>: Cinnt\u00edonn \u00e1r n-ard\u00e1n ar l\u00edne go mb\u00edonn idirbhearta sl\u00e1na ann, agus cosna\u00edtear d'fhaisn\u00e9is phearsanta agus airgeadais.<\/li>\n<li><strong>Taca\u00edocht do Chustaim\u00e9ir\u00ed<\/strong>T\u00e1 \u00e1r bhfoireann thiomanta taca\u00edochta do chustaim\u00e9ir\u00ed ar f\u00e1il chun cabhr\u00fa leat le haon cheisteanna n\u00f3 imn\u00ed, ag sol\u00e1thar seirbh\u00eds ghairmi\u00fail agus chairdi\u00fail.<\/li>\n<li><strong>Seachadadh Tr\u00e1th\u00fail<\/strong>Tuigimid an t\u00e1bhacht a bhaineann le seachadadh tr\u00e1th\u00fail. Cinnt\u00edonn \u00e1r bpr\u00f3iseas loingseoireachta \u00e9ifeachtach go bhfaigheann t\u00fa do phiolla\u00ed Nembutal go pras agus go discr\u00e9ideach.<\/li>\n<\/ol>\n<p><img decoding=\"async\" class=\"wp-image-463 aligncenter\" src=\"https:\/\/poisonshops.com\/wp-content\/uploads\/2025\/11\/tttt-1-204x300.png\" alt=\"Siopa an Phuinnse\u00e1in\" width=\"75\" height=\"110\" srcset=\"https:\/\/poisonshops.com\/wp-content\/uploads\/2025\/11\/tttt-1-204x300.png 204w, https:\/\/poisonshops.com\/wp-content\/uploads\/2025\/11\/tttt-1.png 218w\" sizes=\"(max-width: 75px) 100vw, 75px\" \/><\/p>\n<h4><strong>Cr\u00edoch<\/strong><\/h4>\n<p>Is \u00e9 Bio Weapons do fhoinse iontaofa do phiolla\u00ed ardchaighde\u00e1in Nembutal Pentobarbital Sodium 100mg. T\u00e1imid tiomanta do th\u00e1irg\u00ed s\u00e1bh\u00e1ilte, \u00e9ifeachtacha agus iontaofa a shol\u00e1thar do dhaoine aonair ceadaithe a bhfuil oidis bhail\u00ed acu. Leagann \u00e1r bhf\u00f3cas ar ch\u00e1il\u00edocht, ar sh\u00e1stacht custaim\u00e9ir\u00ed, agus ar idirbhearta sl\u00e1na amach \u00f3n slua muid sa tionscal. Siopaigh go muin\u00edneach ag Bio Weapons agus bain taith\u00ed ar an difr\u00edocht i gc\u00e1il\u00edocht agus i seirbh\u00eds.<\/p>\n<p><strong>Ordaigh do phiolla\u00ed Nembutal Pentobarbital S\u00f3idiam 100mg inniu<\/strong> agus b\u00ed p\u00e1irteach len\u00e1r gcustaim\u00e9ir\u00ed s\u00e1sta a bhfuil muin\u00edn acu as Bio Weapons lena riachtanais leighis. Is iad do shl\u00e1inte agus do sh\u00e1bh\u00e1ilteacht \u00e1r bpr\u00edomhthosa\u00edochta\u00ed.<\/p>\n<p>&nbsp;<\/p>\n<h4><img decoding=\"async\" class=\"wp-image-502 aligncenter\" src=\"https:\/\/poisonshops.com\/wp-content\/uploads\/2025\/11\/Bio-Weapons-240x300.png\" alt=\"Bithearmair\" width=\"84\" height=\"105\" srcset=\"https:\/\/poisonshops.com\/wp-content\/uploads\/2025\/11\/Bio-Weapons-240x300.png 240w, https:\/\/poisonshops.com\/wp-content\/uploads\/2025\/11\/Bio-Weapons.png 265w\" sizes=\"(max-width: 84px) 100vw, 84px\" \/><\/h4>\n<ol>\n<li>Ceannaigh Pills\u00ed Nembutal Pentobarbital S\u00f3idiam 100mg Ar L\u00edne<\/li>\n<li>Pill\u00edn\u00ed Nembutal 100mg d'Ardchaighde\u00e1n le haghaidh \u00das\u00e1ide Leighis<\/li>\n<li>Ceannaigh Pills\u00ed Nembutal 100mg go S\u00e1bh\u00e1ilte agus go Dl\u00edthi\u00fail<\/li>\n<li>Foinse Iontaofa do Phill\u00edn\u00ed Nembutal Pentobarbital 100mg<\/li>\n<li>Ordaigh Pills\u00ed Nembutal (Pentobarbital S\u00f3idiam) 100mg go Sl\u00e1n<\/li>\n<li>Seachadadh Tapa ar Phill\u00edn\u00ed Nembutal 100mg ar fud an Domhain<\/li>\n<li>Sol\u00e1thra\u00ed Iontaofa de Phill\u00edn\u00ed 100mg de Sh\u00f3idiam Pentobarbital Nembutal<\/li>\n<li>Pill\u00edn\u00ed bar\u00e1nt\u00fala Nembutal Pentobarbital 100mg ar d\u00edol<\/li>\n<li>Ceannaigh Pills\u00ed Nembutal 100mg \u00f3 Dh\u00edolt\u00f3ir\u00ed \u00dadaraithe<\/li>\n<li>An \u00c1it is Fearr le Pills\u00ed 100mg de Nembutal (S\u00f3idiam Pentobarbital) a Cheannach<\/li>\n<\/ol>\n<h4><\/h4>\n<p>Pill\u00edn\u00ed Nembutal Pentobarbital S\u00f3idiam 100mg, Ceannaigh pill\u00edn\u00ed Nembutal 100mg, Ceannaigh pill\u00edn\u00ed Nembutal Pentobarbital S\u00f3idiam, Pill\u00edn\u00ed Nembutal 100mg ar d\u00edol, Pill\u00edn\u00ed Nembutal 100mg d'ardchaighde\u00e1n, Ceannach sl\u00e1n de Nembutal Pentobarbital S\u00f3idiam 100mg, Pill\u00edn\u00ed Nembutal le h\u00fas\u00e1id leighis, Foinse iontaofa do phill\u00edn\u00ed Nembutal 100mg, Ceannaigh pill\u00edn\u00ed Nembutal go dleathach, Pill\u00edn\u00ed Nembutal 100mg le oideas, Pill\u00edn\u00ed Nembutal don \u00e9it\u00far\u00f3is, Ordaigh piolla\u00ed Nembutal Pentobarbital S\u00f3idiam 100mg,<\/p>\n<p>Pill\u00ed Nembutal le haghaidh suaimhnis, Pill\u00ed f\u00edor-Nembutal Pentobarbital 100mg, Seachadadh pill\u00ed Nembutal, D\u00edolt\u00f3ir iontaofa pill\u00ed Nembutal, Ceannaigh pill\u00ed Nembutal 100mg go s\u00e1bh\u00e1ilte, Pill\u00ed bar\u00e1nt\u00fala Nembutal 100mg, Sol\u00e1thra\u00ed pill\u00ed Nembutal, Pill\u00ed Nembutal sna St\u00e1it Aontaithe, Infhaighteacht pill\u00ed Nembutal 100mg, Seachadadh tapa ar phiolla\u00ed Nembutal, Piolla\u00ed ardchaighde\u00e1in Nembutal Pentobarbital 100mg, C\u00f3gaslann piolla\u00ed Nembutal, Piolla\u00ed Nembutal le haghaidh ain\u00e9ist\u00e9ise, Ceannaigh piolla\u00ed Nembutal ar l\u00edne, Ceannach sl\u00e1n piolla\u00ed Nembutal, Piolla\u00ed Nembutal Pentobarbital 100mg do ghairmithe, Foinse iontaofa piolla\u00ed Nembutal 100mg, Loingseoireacht dhomhanda ar phiolla\u00ed Nembutal<\/p>\n<p><img decoding=\"async\" class=\"wp-image-176 aligncenter\" src=\"https:\/\/poisonshops.com\/wp-content\/uploads\/2025\/11\/poison_shop_logo-300x171.png\" alt=\"Siopa\u00ed nimhe\" width=\"123\" height=\"70\" srcset=\"https:\/\/poisonshops.com\/wp-content\/uploads\/2025\/11\/poison_shop_logo-300x171.png 300w, https:\/\/poisonshops.com\/wp-content\/uploads\/2025\/11\/poison_shop_logo.png 563w\" sizes=\"(max-width: 123px) 100vw, 123px\" \/><\/p>","protected":false},"excerpt":{"rendered":"<p>Buy Nembutal Pentobarbital Pills 100mg Nembutal Pentobarbital Sodium Pills, 100mg Product Description Welcome to Bio Weapons , the leading provider of high-quality Nembutal Pentobarbital Sodium pills. We offer 100mg Nembutal pills exclusively to approved individuals with valid prescriptions. Our unwavering commitment to quality, safety, and customer satisfaction distinguishes us in the industry. Buy Nembutal Pentobarbital [&hellip;]<\/p>\n","protected":false},"featured_media":225,"comment_status":"open","ping_status":"closed","template":"","meta":[],"product_brand":[],"product_cat":[18],"product_tag":[],"class_list":{"0":"post-96","1":"product","2":"type-product","3":"status-publish","4":"has-post-thumbnail","6":"product_cat-buy-nembutal-pentobarbital","8":"first","9":"instock","10":"featured","11":"shipping-taxable","12":"purchasable","13":"product-type-variable"},"_links":{"self":[{"href":"https:\/\/poisonshops.com\/ga\/wp-json\/wp\/v2\/product\/96","targetHints":{"allow":["GET"]}}],"collection":[{"href":"https:\/\/poisonshops.com\/ga\/wp-json\/wp\/v2\/product"}],"about":[{"href":"https:\/\/poisonshops.com\/ga\/wp-json\/wp\/v2\/types\/product"}],"replies":[{"embeddable":true,"href":"https:\/\/poisonshops.com\/ga\/wp-json\/wp\/v2\/comments?post=96"}],"wp:featuredmedia":[{"embeddable":true,"href":"https:\/\/poisonshops.com\/ga\/wp-json\/wp\/v2\/media\/225"}],"wp:attachment":[{"href":"https:\/\/poisonshops.com\/ga\/wp-json\/wp\/v2\/media?parent=96"}],"wp:term":[{"taxonomy":"product_brand","embeddable":true,"href":"https:\/\/poisonshops.com\/ga\/wp-json\/wp\/v2\/product_brand?post=96"},{"taxonomy":"product_cat","embeddable":true,"href":"https:\/\/poisonshops.com\/ga\/wp-json\/wp\/v2\/product_cat?post=96"},{"taxonomy":"product_tag","embeddable":true,"href":"https:\/\/poisonshops.com\/ga\/wp-json\/wp\/v2\/product_tag?post=96"}],"curies":[{"name":"wp","href":"https:\/\/api.w.org\/{rel}","templated":true}]}}