{"id":98,"date":"2017-12-20T14:16:06","date_gmt":"2017-12-20T14:16:06","guid":{"rendered":"https:\/\/wordpress.gradientthemes.com\/brand-shop\/product\/faint-washed-denim-blue-jeans\/"},"modified":"2025-12-05T12:55:48","modified_gmt":"2025-12-05T12:55:48","slug":"pudar-nembutal","status":"publish","type":"product","link":"https:\/\/poisonshops.com\/ga\/tairge\/pudar-nembutal\/","title":{"rendered":"P\u00fadar Nembutal"},"content":{"rendered":"<h3>Cur s\u00edos ar Th\u00e1irge P\u00fadar Nembutal<\/h3>\n<p>F\u00e1ilte go Bio Weapons, do phr\u00edomhfhoinse do ph\u00fadar Nembutal d'ardchaighde\u00e1n. Is c\u00fais bhr\u00f3id d\u00fainn an p\u00fadar Nembutal (pentobarbital) is fearr a thairiscint do dhaoine aonair ceadaithe a bhfuil oidis bhail\u00ed acu. Is \u00e9 \u00e1r dtiomantas do ch\u00e1il\u00edocht, do sh\u00e1bh\u00e1ilteacht, agus do sh\u00e1stacht an chustaim\u00e9ara a fh\u00e1gann go bhfuilimid ar leith sa tionscal.<\/p>\n<h4><strong>Cad is P\u00fadar Nembutal ann?<\/strong><\/h4>\n<p>Is c\u00f3gas barbit\u00farata \u00e9 Nembutal, ar a dtugtar pentobarbital freisin, a \u00fas\u00e1idtear go pr\u00edomha mar shuaimhn\u00ed, mar ain\u00e9ist\u00e9itic, agus mar fhrith-thionchair. I bhfoirm p\u00fadair, t\u00e1 feidhmeanna ilghn\u00e9itheacha aige, go h\u00e1irithe i su\u00edomhanna leighis agus tr\u00e9idliachta. T\u00e1 c\u00e1il ar ph\u00fadar Nembutal as a \u00e9ifeacht\u00falacht agus a air\u00edonna gasta-ghn\u00edomhacha, rud a fh\u00e1gann gur rogha iontaofa \u00e9 do ghairmithe c\u00faraim sl\u00e1inte.<\/p>\n<h4><strong>\u00das\u00e1id\u00ed P\u00fadar Nembutal<\/strong><\/h4>\n<p>\u00das\u00e1idtear p\u00fadar Nembutal i bhfeidhmeanna leighis \u00e9ags\u00fala, lena n-\u00e1ir\u00edtear:<\/p>\n<ol>\n<li><strong>Suaimhni\u00fa<\/strong>\u00das\u00e1idtear Nembutal go coitianta chun suaimhneas a spreagadh i n-othair at\u00e1 ag dul faoi n\u00f3sanna imeachta leighis. Cinnt\u00edonn a n\u00e1d\u00far gasta-ghn\u00edomhach go mb\u00edonn othair sc\u00edthmhar agus compordach go tapa.<\/li>\n<li><strong>Ain\u00e9ist\u00e9ise<\/strong>I su\u00edomhanna m\u00e1inliachta, \u00fas\u00e1idtear p\u00fadar Nembutal mar oibre\u00e1n ain\u00e9ist\u00e9iseach. F\u00e1gann a chumas staid codlata dhomhain a spreagadh go tapa go bhfuil s\u00e9 an-oiri\u00fanach le haghaidh suaimhnis r\u00e9amh-obr\u00e1id.<\/li>\n<li><strong>Rial\u00fa Taomanna<\/strong>T\u00e1 Nembutal \u00e9ifeachtach chun taomanna a rial\u00fa, go h\u00e1irithe i gc\u00e1sanna \u00e9igeand\u00e1la. Oibr\u00edonn s\u00e9 tr\u00ed an l\u00e1rch\u00f3ras n\u00e9ar\u00f3gach a chur faoi chois, rud a laghda\u00edonn an baol go dtarl\u00f3dh taomanna.<\/li>\n<li><strong>Eitinasia<\/strong>I m\u00edochaine tr\u00e9idliachta, \u00fas\u00e1idtear p\u00fadar Nembutal chun ainmhithe a eutan\u00e1ise\u00e1il go daonnacht\u00fail. Cinnt\u00edonn a air\u00edonna gasta-ghn\u00edomhacha aistri\u00fa suaimhneach agus saor \u00f3 phian.<\/li>\n<\/ol>\n<h4><strong>C\u00e1il\u00edocht agus Glaine<\/strong><\/h4>\n<p>Ag Bio Weapons, tuigimid an t\u00e1bhacht a bhaineann le h\u00edonacht agus c\u00e1il\u00edocht i dt\u00e1irg\u00ed c\u00f3gais\u00edochta. Faightear \u00e1r ph\u00fadar Nembutal \u00f3 mhonar\u00f3ir\u00ed creidi\u00fanacha agus cuirtear faoi phr\u00f3isis dhiana rialaithe c\u00e1il\u00edochta \u00e9. D\u00e9antar t\u00e1st\u00e1il ar gach baisc le haghaidh \u00edonachta, chun a chinnti\u00fa go gcomhl\u00edonann s\u00e9 na caighde\u00e1in tionscail is airde. Nuair a cheanna\u00edonn t\u00fa p\u00fadar Nembutal uainn, is f\u00e9idir leat a bheith muin\u00edneach go bhfuil t\u00e1irge \u00e1 fh\u00e1il agat at\u00e1 s\u00e1bh\u00e1ilte, \u00e9ifeachtach, agus iontaofa.<\/p>\n<h4><strong>D\u00e1ileog agus Riaradh<\/strong><\/h4>\n<p>Ba ch\u00f3ir p\u00fadar Nembutal a \u00fas\u00e1id go docht de r\u00e9ir na dtreoracha a thugann gairm\u00ed c\u00faraim sl\u00e1inte. D'fh\u00e9adfadh an d\u00e1ileog agus an modh riarach\u00e1in a bheith \u00e9ags\u00fail ag brath ar an riocht leighis sonrach agus ar riachtanais aonair an othair. T\u00e1 s\u00e9 r\u00edth\u00e1bhachtach an d\u00e1ileog ordaithe a lean\u00faint chun s\u00e1bh\u00e1ilteacht agus \u00e9ifeachtacht a chinnti\u00fa.<\/p>\n<p><strong>Ullmh\u00fach\u00e1n agus St\u00f3r\u00e1il<\/strong>:<\/p>\n<ul>\n<li><strong>Ullmh\u00fach\u00e1n<\/strong>Is f\u00e9idir p\u00fadar Nembutal a athch\u00f3iri\u00fa ina leacht tr\u00ed \u00e9 a mheascadh le tuaslag\u00f3ir oiri\u00fanach. T\u00e1 s\u00e9 f\u00edor-riachtanach treoirl\u00ednte ullmh\u00fach\u00e1in chu\u00ed a lean\u00faint chun d\u00e1ileog chruinn a chinnti\u00fa.<\/li>\n<li><strong>St\u00f3r\u00e1il<\/strong>: St\u00f3r\u00e1il p\u00fadar Nembutal in \u00e1it fhionnuar thirim, amach \u00f3 sholas d\u00edreach na gr\u00e9ine agus \u00f3 thaise. Coinnigh \u00e9 as aimsi\u00fa leana\u00ed agus peata\u00ed.<\/li>\n<\/ul>\n<h4><strong>Fo-iarsma\u00ed agus R\u00e9amhch\u00faraim\u00ed<\/strong><\/h4>\n<p>Ar n\u00f3s gach c\u00f3gais, d'fh\u00e9adfadh fo-iarsma\u00ed a bheith ag p\u00fadar Nembutal. I measc na bhfo-iarsma\u00ed coitianta t\u00e1 codlatacht, meadhr\u00e1n, masmas, agus tinneas cinn. I gc\u00e1sanna neamhchoitianta, d'fh\u00e9adfadh fo-iarsma\u00ed n\u00edos tromch\u00fais\u00ed tarl\u00fa, amhail lag\u00fa an an\u00e1la, hipiteannas, n\u00f3 frithghn\u00edomhartha aill\u00e9irgeacha. T\u00e1 s\u00e9 r\u00edth\u00e1bhachtach aire leighis a lorg l\u00e1ithreach m\u00e1 bhraitear aon fho-iarsma\u00ed tromch\u00faiseacha.<\/p>\n<p><img decoding=\"async\" class=\"wp-image-463 aligncenter\" src=\"https:\/\/poisonshops.com\/wp-content\/uploads\/2025\/11\/tttt-1-204x300.png\" alt=\"Siopa an Phuinnse\u00e1in\" width=\"50\" height=\"74\" srcset=\"https:\/\/poisonshops.com\/wp-content\/uploads\/2025\/11\/tttt-1-204x300.png 204w, https:\/\/poisonshops.com\/wp-content\/uploads\/2025\/11\/tttt-1.png 218w\" sizes=\"(max-width: 50px) 100vw, 50px\" \/><\/p>\n<p><strong>R\u00e9amhch\u00faraim\u00ed<\/strong>:<\/p>\n<ul>\n<li><strong>Stair Leighis<\/strong>Cuir do shol\u00e1thra\u00ed c\u00faraim sl\u00e1inte ar an eolas faoi do stair ioml\u00e1n leighis, go h\u00e1irithe m\u00e1 t\u00e1 stair agat de ghalar ae, galar du\u00e1in, n\u00f3 riochta\u00ed riospr\u00e1ide.<\/li>\n<li><strong>Idirghn\u00edomha\u00edochta\u00ed Druga\u00ed<\/strong>: D'fh\u00e9adfadh Nembutal idirghn\u00edomh\u00fa le c\u00f3gais eile, lena n-\u00e1ir\u00edtear suaimhn\u00ed, \u00f3ipi\u00f3idigh, agus alc\u00f3l. Cinntigh go bhfuil a fhios ag do shol\u00e1thra\u00ed c\u00faraim sl\u00e1inte faoi na c\u00f3gais go l\u00e9ir at\u00e1 \u00e1 nglacadh agat.<\/li>\n<li><strong>Toircheas agus Coth\u00fa ar an gC\u00edoch<\/strong>Ba ch\u00f3ir Nembutal a \u00fas\u00e1id go c\u00faramach le linn toirchis agus beath\u00fa c\u00edche. T\u00e9igh i gcomhairle le do shol\u00e1thra\u00ed c\u00faraim sl\u00e1inte le haghaidh treorach.<\/li>\n<\/ul>\n<h4><strong>C\u00e9n f\u00e1th a roghn\u00f3fa\u00ed airm bithola\u00edocha?<\/strong><\/h4>\n<ol>\n<li><strong>Cinnteoireacht C\u00e1il\u00edochta<\/strong>Tugaimid t\u00fas \u00e1ite don ch\u00e1il\u00edocht agus don ts\u00e1bh\u00e1ilteacht, agus cinnt\u00edmid go gcomhl\u00edonann \u00e1r ph\u00fadar Nembutal na caighde\u00e1in is airde sa tionscal.<\/li>\n<li><strong>D\u00edolt\u00f3ir\u00ed \u00dadaraithe<\/strong>Is d\u00edolt\u00f3ir iontaofa agus \u00fadaraithe \u00e9 Bio Weapons, a shol\u00e1thra\u00edonn f\u00edor-th\u00e1irg\u00ed do dhaoine aonair formheasta a bhfuil oidis acu.<\/li>\n<li><strong>Idirbhearta Sl\u00e1na<\/strong>: Cinnt\u00edonn \u00e1r n-ard\u00e1n ar l\u00edne go mb\u00edonn idirbhearta sl\u00e1na ann, agus cosna\u00edtear d'fhaisn\u00e9is phearsanta agus airgeadais.<\/li>\n<li><strong>Taca\u00edocht do Chustaim\u00e9ir\u00ed<\/strong>T\u00e1 \u00e1r bhfoireann thiomanta taca\u00edochta do chustaim\u00e9ir\u00ed ar f\u00e1il chun cabhr\u00fa leat le haon cheisteanna n\u00f3 imn\u00ed, ag sol\u00e1thar seirbh\u00eds ghairmi\u00fail agus chairdi\u00fail.<\/li>\n<li><strong>Seachadadh Tr\u00e1th\u00fail<\/strong>Tuigimid an t\u00e1bhacht a bhaineann le seachadadh tr\u00e1th\u00fail. Cinnt\u00edonn \u00e1r bpr\u00f3iseas loingseoireachta \u00e9ifeachtach go bhfaigheann t\u00fa do ph\u00fadar Nembutal go pras agus go discr\u00e9ideach.<\/li>\n<\/ol>\n<h4><strong>Cr\u00edoch<\/strong><\/h4>\n<p>Is \u00e9 Bio Weapons do fhoinse iontaofa do ph\u00fadar Nembutal d'ardchaighde\u00e1n. T\u00e1imid tiomanta do th\u00e1irg\u00ed s\u00e1bh\u00e1ilte, \u00e9ifeachtacha agus iontaofa a shol\u00e1thar do dhaoine aonair formheasta a bhfuil oidis bhail\u00ed acu. Is \u00e9 an f\u00f3cas at\u00e1 againn ar ch\u00e1il\u00edocht, ar sh\u00e1stacht an chustaim\u00e9ara, agus ar idirbhearta sl\u00e1na a leagann amach \u00f3n gcuid eile sa tionscal muid. Siopaigh go muin\u00edneach ag Bio Weapons agus bain taith\u00ed ar an difr\u00edocht i gc\u00e1il\u00edocht agus i seirbh\u00eds.<\/p>\n<p><strong>Ordaigh do ph\u00fadar Nembutal inniu<\/strong> agus b\u00ed p\u00e1irteach len\u00e1r gcustaim\u00e9ir\u00ed s\u00e1sta a bhfuil muin\u00edn acu as Bio Weapons lena riachtanais leighis. Is iad do shl\u00e1inte agus do sh\u00e1bh\u00e1ilteacht \u00e1r bpr\u00edomhthosa\u00edochta\u00ed. <span class=\"EKtkFWMYpwzMKOYr0GYm LQVY1Jpkk8nyJ6HBWKAk\">C\u00e1 h\u00e1it le Nembutal a Cheannach go S\u00e1bh\u00e1ilte ar L\u00edne<\/span>.<\/p>\n<p>#BuyNembutal, #NembutalPowder, #PentobarbitalPowder, #BuyNembutalOnline, #NembutalForSale, #NembutalGermany, #NembutalFrance, #NembutalPoland, #NembutalNetherlands, #NembutalPrescription, #NembutalEuthanasia, #Ord\u00faNembutal, #\u00das\u00e1idLeighisNembutal, #S\u00e1bh\u00e1ilteNembutal, #Bar\u00e1nt\u00failNembutal, #Ardchaighde\u00e1inNembutal, #Dl\u00edthi\u00failNembutal, #Suain\u00edochtNembutal, #NembutalAeist\u00e9iti, #NembutalSol\u00e1thra\u00ed, #NembutalIontaofa, #NembutalSeachadadh, #CeannaighNembutalGoS\u00e1bh\u00e1ilte, #NembutalSAM, #C\u00f3gaslannNembutal, #SiondailNembutal, #NembutalBar\u00e1nt\u00fail, #NembutalFaofa, #NembutalC\u00e1il\u00edochta, #InfhaighteachtNembutal<\/p>\n<p><img decoding=\"async\" class=\"wp-image-502 aligncenter\" src=\"https:\/\/poisonshops.com\/wp-content\/uploads\/2025\/11\/Bio-Weapons-240x300.png\" alt=\"Bithearmair\" width=\"80\" height=\"100\" srcset=\"https:\/\/poisonshops.com\/wp-content\/uploads\/2025\/11\/Bio-Weapons-240x300.png 240w, https:\/\/poisonshops.com\/wp-content\/uploads\/2025\/11\/Bio-Weapons.png 265w\" sizes=\"(max-width: 80px) 100vw, 80px\" \/><\/p>\n<h2>P\u00fadar Nembutal ar D\u00edol<\/h2>\n<h3 id=\"h-what-is-nembutal\" class=\"wp-block-heading has-text-color has-link-color wp-elements-c7a9867694f4b28eab870bc05ee2f5c7\"><strong>Cad is Nembutal ann?<\/strong><\/h3>\n<p class=\"has-black-color has-text-color has-link-color wp-elements-a52f8ded0e6e5833fca35ff12a1e2cbd\">Nembutal, ar a dtugtar freisin <strong>s\u00f3idiam pheint\u00f3bairbit\u00e9il<\/strong>, is \u00e9 <a href=\"https:\/\/www.google.com\/url?sa=t&amp;source=web&amp;rct=j&amp;opi=89978449&amp;url=https:\/\/www.dea.gov\/sites\/default\/files\/2020-06\/Barbiturates-2020_0.pdf&amp;ved=2ahUKEwi2hfvui92KAxVL97sIHQruAmkQFnoECBkQAw&amp;usg=AOvVaw00RmUaQbtHgF1kcuZwLpOn\" target=\"_blank\" rel=\"noopener\">barbit\u00far\u00e1t<\/a> a fheidhm\u00edonn mar fhrithdh\u00falagar\u00fa ar an l\u00e1rch\u00f3ras n\u00e9ar\u00f3gach. \u00das\u00e1idtear go coitianta \u00e9 le haghaidh:<\/p>\n<ul class=\"wp-block-list\">\n<li class=\"has-black-color has-text-color has-link-color wp-elements-d3520ca6f1e17665b515e2849f1f7d4d\"><strong>Cusp\u00f3ir\u00ed Leighis<\/strong>: Ag c\u00f3ire\u00e1il d\u00edth codlata thromch\u00faiseach n\u00f3 ag ind\u00edri\u00fa ain\u00e9ist\u00e9ise roimh mh\u00e1inliacht.<\/li>\n<li class=\"has-black-color has-text-color has-link-color wp-elements-c834f37fd6e09ee6c1ed13efef61581a\"><strong>Eitinasia<\/strong>: Eit\u00fanasia dhaonna agus sh\u00edoch\u00e1nta do dhaoine agus d'ainmhithe araon.<\/li>\n<li class=\"has-black-color has-text-color has-link-color wp-elements-e4b8282324965a0b03255e972cb2430e\"><strong>Iarratais Taighde<\/strong>: Tac\u00fa le staid\u00e9ir \u00e9ags\u00fala sa phobal eola\u00edoch.<\/li>\n<\/ul>\n<h3 id=\"h-where-to-purchase-nembutal-online\" class=\"wp-block-heading has-text-color has-link-color wp-elements-de3f8183d929965b906b1bf9f564e611\"><strong>C\u00e1 h\u00e1it le Nembutal a cheannach ar l\u00edne?<\/strong><\/h3>\n<p class=\"has-black-color has-text-color has-link-color wp-elements-4f99a5d4a9e6a920664eec6ec9ae9b08\">Agus t\u00fa ag cuardach c\u00e1 h\u00e1it le Nembutal a cheannach, t\u00e1 s\u00e9 r\u00edth\u00e1bhachtach t\u00fas \u00e1ite a thabhairt do sh\u00e1bh\u00e1ilteacht agus do dhleath\u00falacht. Seo treoir ch\u00e9im ar ch\u00e9im:<\/p>\n<h4 class=\"wp-block-heading has-text-color has-link-color wp-elements-765a871ed94148e8878acc5f29185bf5\"><strong>1. D\u00e9an taighde ar shol\u00e1thraithe iontaofa<\/strong><\/h4>\n<p class=\"has-black-color has-text-color has-link-color wp-elements-d3fe54f35a4dd2dcf235b160d9a74c51\">Roghnaigh sol\u00e1thraithe a bhfuil cuntas teiste cruthaithe acu maidir le f\u00edor-Nembutal a shol\u00e1thar. <strong>Nembutal Mann<\/strong> Is pr\u00edomhshol\u00e1thra\u00ed \u00e9 a bhfuil c\u00e1il air as c\u00e1il\u00edocht agus discr\u00e9id.<\/p>\n<h4 class=\"wp-block-heading has-text-color has-link-color wp-elements-772c7e19a158a234d9d65c895a686b53\"><strong>2. F\u00edoraigh na dinti\u00fair<\/strong><\/h4>\n<p class=\"has-black-color has-text-color has-link-color wp-elements-704b9f36f10e2cdec6e4994a7349c9bd\">Cinntigh go gcomhl\u00edonann an sol\u00e1thra\u00ed caighde\u00e1in rial\u00e1la agus go sol\u00e1thra\u00edonn s\u00e9 doicim\u00e9ad\u00fa cu\u00ed, amhail deimhnithe t\u00e1irge agus tuarasc\u00e1lacha saotharlainne.<\/p>\n<h4 class=\"wp-block-heading has-text-color has-link-color wp-elements-673d025fdf1f08de067fbbff47ba8996\"><strong>3. Tosa\u00edocht a thabhairt don R\u00fandacht<\/strong><\/h4>\n<p class=\"has-black-color has-text-color has-link-color wp-elements-8359270a4ece85697b7c956cb427a8e5\">I bhfianaise n\u00e1d\u00far \u00edogair ceannach\u00e1n Nembutal, roghnaigh sol\u00e1thra\u00ed a thairgeann pac\u00e1isti\u00fa discr\u00e9ideach agus roghanna \u00edoca\u00edochta sl\u00e1na chun do phr\u00edobh\u00e1ideacht a chosaint.<\/p>\n<h4>C\u00e1 h\u00e1it le Nembutal a Cheannach go S\u00e1bh\u00e1ilte ar L\u00edne<\/h4>\n<p><img decoding=\"async\" class=\"wp-image-176 aligncenter\" src=\"https:\/\/poisonshops.com\/wp-content\/uploads\/2025\/11\/poison_shop_logo-300x171.png\" alt=\"Siopa\u00ed nimhe\" width=\"132\" height=\"75\" srcset=\"https:\/\/poisonshops.com\/wp-content\/uploads\/2025\/11\/poison_shop_logo-300x171.png 300w, https:\/\/poisonshops.com\/wp-content\/uploads\/2025\/11\/poison_shop_logo.png 563w\" sizes=\"(max-width: 132px) 100vw, 132px\" \/><\/p>","protected":false},"excerpt":{"rendered":"<p>Nembutal Powder Product Description Welcome to Bio Weapons , your premier source for high-quality Nembutal powder. We take pride in offering the finest Nembutal (pentobarbital) powder to approved individuals with valid prescriptions. Our commitment to quality, safety, and customer satisfaction sets us apart in the industry. What is Nembutal Powder? Nembutal, also known as pentobarbital, [&hellip;]<\/p>\n","protected":false},"featured_media":247,"comment_status":"open","ping_status":"closed","template":"","meta":[],"product_brand":[],"product_cat":[18],"product_tag":[],"class_list":{"0":"post-98","1":"product","2":"type-product","3":"status-publish","4":"has-post-thumbnail","6":"product_cat-buy-nembutal-pentobarbital","8":"first","9":"instock","10":"shipping-taxable","11":"purchasable","12":"product-type-variable"},"_links":{"self":[{"href":"https:\/\/poisonshops.com\/ga\/wp-json\/wp\/v2\/product\/98","targetHints":{"allow":["GET"]}}],"collection":[{"href":"https:\/\/poisonshops.com\/ga\/wp-json\/wp\/v2\/product"}],"about":[{"href":"https:\/\/poisonshops.com\/ga\/wp-json\/wp\/v2\/types\/product"}],"replies":[{"embeddable":true,"href":"https:\/\/poisonshops.com\/ga\/wp-json\/wp\/v2\/comments?post=98"}],"wp:featuredmedia":[{"embeddable":true,"href":"https:\/\/poisonshops.com\/ga\/wp-json\/wp\/v2\/media\/247"}],"wp:attachment":[{"href":"https:\/\/poisonshops.com\/ga\/wp-json\/wp\/v2\/media?parent=98"}],"wp:term":[{"taxonomy":"product_brand","embeddable":true,"href":"https:\/\/poisonshops.com\/ga\/wp-json\/wp\/v2\/product_brand?post=98"},{"taxonomy":"product_cat","embeddable":true,"href":"https:\/\/poisonshops.com\/ga\/wp-json\/wp\/v2\/product_cat?post=98"},{"taxonomy":"product_tag","embeddable":true,"href":"https:\/\/poisonshops.com\/ga\/wp-json\/wp\/v2\/product_tag?post=98"}],"curies":[{"name":"wp","href":"https:\/\/api.w.org\/{rel}","templated":true}]}}