{"id":99,"date":"2017-12-20T07:04:21","date_gmt":"2017-12-20T07:04:21","guid":{"rendered":"https:\/\/wordpress.gradientthemes.com\/brand-shop\/product\/dark-gray-jeans\/"},"modified":"2025-12-05T13:01:44","modified_gmt":"2025-12-05T13:01:44","slug":"leacht-feinmharaithe-nembutal-10000mg-ml","status":"publish","type":"product","link":"https:\/\/poisonshops.com\/ga\/tairge\/leacht-feinmharaithe-nembutal-10000mg-ml\/","title":{"rendered":"Nembutal Leacht F\u00e9inmharaithe 10000mg\/ml"},"content":{"rendered":"<h2>Ceannaigh Leacht F\u00e9inmharaithe Nembutal 10000mg\/ml<\/h2>\n<h3>Pill\u00ed agus Leacht F\u00e9inmharaithe Nembutal<\/h3>\n<blockquote><p><strong>N\u00f3ta<\/strong>Is substaint rialaithe \u00e9 Nembutal (Pentobarbital S\u00f3idiam) n\u00e1r cheart a \u00fas\u00e1id ach amh\u00e1in faoi mhaoirseacht dhian leighis agus de r\u00e9ir dhl\u00edthe agus rialach\u00e1in na dl\u00ednse \u00e1bhartha. T\u00e1 s\u00e9 neamhdhleathach i go leor t\u00edortha \u00e9 a \u00fas\u00e1id chun l\u00e1mhch\u00fais a dh\u00e9anamh, agus t\u00e1 s\u00e9 r\u00edth\u00e1bhachtach treoir leighis chu\u00ed a lorg maidir le haon \u00e1bhar imn\u00ed sl\u00e1inte.<\/p><\/blockquote>\n<p>F\u00e1ilte go Bio Weapons, bhur sol\u00e1thra\u00ed iontaofa de th\u00e1irg\u00ed Ardchaighde\u00e1in de Nembutal Pentobarbital S\u00f3idiam do dhaoine aonair formheasta a bhfuil oidis bhail\u00ed acu. Cuirimid Nembutal ar f\u00e1il i bhfoirm phiolla\u00ed agus i leacht araon, ag cinnti\u00fa r\u00e9itigh iontaofa agus \u00e9ifeachtacha do riachtanais leighis \u00e9ags\u00fala. Mar gheall ar \u00e1r dtiomantas don chaighde\u00e1n, don ts\u00e1bh\u00e1ilteacht, agus do sh\u00e1stacht an chustaim\u00e9ara, t\u00e1imid ar cheann de na pr\u00edomhshol\u00e1thraithe sa tionscal.<\/p>\n<h4><strong>Cad iad Pills agus Leacht F\u00e9inmharaithe Nembutal?<\/strong><\/h4>\n<p>Is c\u00f3gas barbit\u00farata \u00e9 Nembutal, ar a dtugtar Pentobarbital S\u00f3idiam freisin, a bhfuil air\u00edonna l\u00e1idre suaimhni\u00fala, hiopn\u00f3iseacha agus frith-thionchair aige. \u00das\u00e1idtear \u00e9 i su\u00edomhanna leighis chun cr\u00edocha \u00e9ags\u00fala, lena n-\u00e1ir\u00edtear suaimhni\u00fa, ain\u00e9ist\u00e9ise, agus smacht\u00fa taomanna. T\u00e1 \u00e1r bpiolla\u00ed agus \u00e1r bhfoirml\u00ed leachta Nembutal deartha le haghaidh an \u00e9ifeacht\u00falachta agus na s\u00e1bh\u00e1ilteachta is fearr.<\/p>\n<h4><strong>\u00das\u00e1id\u00ed Nembutal<\/strong><\/h4>\n<p>\u00das\u00e1idtear Nembutal i gcomhth\u00e9acsanna leighis \u00e9ags\u00fala, lena n-\u00e1ir\u00edtear:<\/p>\n<ol>\n<li><strong>Suaimhni\u00fa<\/strong>\u00das\u00e1idtear Nembutal go coitianta chun suaimhneas domhain a spreagadh i n-othair at\u00e1 ag dul faoi n\u00f3sanna imeachta leighis. Cinnt\u00edonn a ghn\u00edomh\u00fa tapa go sroicheann othair staid shuaimhneach go tapa.<\/li>\n<li><strong>Ain\u00e9ist\u00e9ise<\/strong>I dtimpeallachta\u00ed m\u00e1inliachta, \u00fas\u00e1idtear Nembutal mar oibre\u00e1n r\u00e9amh-ain\u00e9ist\u00e9iseach chun codladh domhain a spreagadh, ag \u00e9asc\u00fa n\u00f3sanna imeachta at\u00e1 r\u00e9idh agus saor \u00f3 phian.<\/li>\n<li><strong>Rial\u00fa Taomanna<\/strong>T\u00e1 Nembutal \u00e9ifeachtach chun taomanna g\u00e9ara a bhainisti\u00fa, go h\u00e1irithe i gc\u00e1sanna \u00e9igeand\u00e1la, tr\u00ed ch\u00f3ras na n\u00e9ar\u00f3g l\u00e1ir a mhaol\u00fa agus gn\u00edomha\u00edocht na dtaomanna a laghd\u00fa.<\/li>\n<li><strong>Eitneastaise (\u00das\u00e1id Tr\u00e9idliachta)<\/strong>I m\u00edochaine tr\u00e9idliachta, \u00fas\u00e1idtear Nembutal chun eutan\u00e1ise daonn\u00fail a thabhairt d'ainmhithe, ag cinnti\u00fa go mb\u00edonn aistri\u00fa s\u00edoch\u00e1nta agus saor \u00f3 phian acu.<\/li>\n<\/ol>\n<h4><strong>C\u00e1il\u00edocht agus Glaine<\/strong><\/h4>\n<p>Ag Bio Weapons, tuigimid an t\u00e1bhacht r\u00edth\u00e1bhachtach a bhaineann le c\u00e1il\u00edocht agus \u00edonacht i dt\u00e1irg\u00ed c\u00f3gais\u00edochta. Faightear \u00e1r bpiolla\u00ed Nembutal agus \u00e1r bhfoirml\u00ed leachta \u00f3 mhonar\u00f3ir\u00ed creidi\u00fanacha agus cuirtear faoi phr\u00f3isis dhiana rialaithe c\u00e1il\u00edochta iad. D\u00e9antar t\u00e1st\u00e1il dhian ar gach baidse chun a chinnti\u00fa go gcomhl\u00edonann s\u00e9 na caighde\u00e1in is airde sa tionscal. Nuair a cheanna\u00edonn t\u00fa Nembutal uainn, is f\u00e9idir leat a bheith muin\u00edneach go bhfuil t\u00e1irge \u00e1 fh\u00e1il agat at\u00e1 s\u00e1bh\u00e1ilte, \u00e9ifeachtach, agus iontaofa.<\/p>\n<h4><strong>D\u00e1ileog agus Riaradh<\/strong><\/h4>\n<p>Ba ch\u00f3ir Nembutal a \u00fas\u00e1id go docht de r\u00e9ir na dtreoracha a thugann gairm\u00ed c\u00faraim sl\u00e1inte. D'fh\u00e9adfadh an d\u00e1ileog agus an modh riarach\u00e1in a bheith \u00e9ags\u00fail ag brath ar an riocht leighis sonrach agus ar riachtanais aonair an othair. T\u00e1 s\u00e9 r\u00edth\u00e1bhachtach an d\u00e1ileog ordaithe a lean\u00faint chun s\u00e1bh\u00e1ilteacht agus \u00e9ifeacht\u00falacht a chinnti\u00fa.<\/p>\n<p><strong>Ullmh\u00fach\u00e1n agus St\u00f3r\u00e1il<\/strong>:<\/p>\n<ul>\n<li><strong>Ullmh\u00fach\u00e1n<\/strong>: Tugtar piolla\u00ed Nembutal \u00f3 bh\u00e9al, ach is f\u00e9idir an fhoirm leachtach a ghlacadh \u00f3 bh\u00e9al n\u00f3 a thabhairt go hint\u00e9arascach, de r\u00e9ir threoir do shol\u00e1thra\u00ed c\u00faraim sl\u00e1inte.<\/li>\n<li><strong>St\u00f3r\u00e1il<\/strong>: St\u00f3r\u00e1il Nembutal in \u00e1it fhionnuar thirim, amach \u00f3 sholas d\u00edreach na gr\u00e9ine agus \u00f3 thaise. Coinnigh \u00e9 as aimsi\u00fa leana\u00ed agus peata\u00ed.<\/li>\n<\/ul>\n<h4><strong>Fo-iarsma\u00ed agus R\u00e9amhch\u00faraim\u00ed<\/strong><\/h4>\n<p>Ar n\u00f3s gach c\u00f3gas leighis, d'fh\u00e9adfadh fo-iarsma\u00ed a bheith ag baint le Nembutal. I measc na bhfo-iarsma\u00ed coitianta t\u00e1 codlatacht, meadhr\u00e1n, masmas, agus tinneas cinn. I gc\u00e1sanna neamhchoitianta, d'fh\u00e9adfadh fo-iarsma\u00ed n\u00edos tromch\u00fais\u00ed tarl\u00fa, amhail lag\u00fa an an\u00e1la, hipiteannas, n\u00f3 frithghn\u00edomhartha aill\u00e9irgeacha. T\u00e1 s\u00e9 r\u00edth\u00e1bhachtach aire leighis a lorg l\u00e1ithreach m\u00e1 bhraitear aon fho-iarsma\u00ed tromch\u00faiseacha.<\/p>\n<p><strong>R\u00e9amhch\u00faraim\u00ed<\/strong>:<\/p>\n<ul>\n<li><strong>Stair Leighis<\/strong>Cuir do shol\u00e1thra\u00ed c\u00faraim sl\u00e1inte ar an eolas faoi do stair ioml\u00e1n leighis, go h\u00e1irithe m\u00e1 t\u00e1 stair agat de ghalar ae, galar du\u00e1in, n\u00f3 riochta\u00ed riospr\u00e1ide.<\/li>\n<li><strong>Idirghn\u00edomha\u00edochta\u00ed Druga\u00ed<\/strong>: D'fh\u00e9adfadh Nembutal idirghn\u00edomh\u00fa le c\u00f3gais eile, lena n-\u00e1ir\u00edtear suaimhn\u00ed, \u00f3ipi\u00f3idigh, agus alc\u00f3l. Cinntigh go bhfuil a fhios ag do shol\u00e1thra\u00ed c\u00faraim sl\u00e1inte faoi na c\u00f3gais go l\u00e9ir at\u00e1 \u00e1 nglacadh agat.<\/li>\n<li><strong>Toircheas agus Coth\u00fa ar an gC\u00edoch<\/strong>Ba ch\u00f3ir Nembutal a \u00fas\u00e1id go c\u00faramach le linn toirchis agus beath\u00fa c\u00edche. T\u00e9igh i gcomhairle le do shol\u00e1thra\u00ed c\u00faraim sl\u00e1inte le haghaidh treorach.<\/li>\n<\/ul>\n<p><img decoding=\"async\" class=\"wp-image-463 aligncenter\" src=\"https:\/\/poisonshops.com\/wp-content\/uploads\/2025\/11\/tttt-1-204x300.png\" alt=\"Siopa an Phuinnse\u00e1in\" width=\"73\" height=\"107\" srcset=\"https:\/\/poisonshops.com\/wp-content\/uploads\/2025\/11\/tttt-1-204x300.png 204w, https:\/\/poisonshops.com\/wp-content\/uploads\/2025\/11\/tttt-1.png 218w\" sizes=\"(max-width: 73px) 100vw, 73px\" \/><\/p>\n<h4><strong>C\u00e9n f\u00e1th a roghn\u00f3fa\u00ed airm bithola\u00edocha?<\/strong><\/h4>\n<ol>\n<li><strong>Cinnteoireacht C\u00e1il\u00edochta<\/strong>Tugaimid t\u00fas \u00e1ite don ch\u00e1il\u00edocht agus don ts\u00e1bh\u00e1ilteacht, agus cinnt\u00edmid go gcomhl\u00edonann \u00e1r gcuid t\u00e1irg\u00ed Nembutal na caighde\u00e1in is airde sa tionscal.<\/li>\n<li><strong>D\u00edolt\u00f3ir\u00ed \u00dadaraithe<\/strong>Is d\u00edolt\u00f3ir iontaofa agus \u00fadaraithe \u00e9 Bio Weapons, a shol\u00e1thra\u00edonn f\u00edor-th\u00e1irg\u00ed do dhaoine aonair formheasta a bhfuil oidis acu.<\/li>\n<li><strong>Idirbhearta Sl\u00e1na<\/strong>: Cinnt\u00edonn \u00e1r n-ard\u00e1n ar l\u00edne go mb\u00edonn idirbhearta sl\u00e1na ann, agus cosna\u00edtear d'fhaisn\u00e9is phearsanta agus airgeadais.<\/li>\n<li><strong>Taca\u00edocht do Chustaim\u00e9ir\u00ed<\/strong>T\u00e1 \u00e1r bhfoireann thiomanta taca\u00edochta do chustaim\u00e9ir\u00ed ar f\u00e1il chun cabhr\u00fa leat le haon cheisteanna n\u00f3 imn\u00ed, ag sol\u00e1thar seirbh\u00eds ghairmi\u00fail agus chairdi\u00fail.<\/li>\n<li><strong>Seachadadh Tr\u00e1th\u00fail<\/strong>Tuigimid an t\u00e1bhacht a bhaineann le seachadadh tr\u00e1th\u00fail. Cinnt\u00edonn \u00e1r bpr\u00f3iseas loingseoireachta \u00e9ifeachtach go bhfaigheann t\u00fa do th\u00e1irg\u00ed Nembutal go pras agus go discr\u00e9ideach.<\/li>\n<\/ol>\n<h4><strong>Cr\u00edoch<\/strong><\/h4>\n<p>Is \u00e9 Bio Weapons do fhoinse iontaofa do phiolla\u00ed agus do leacht Ard-N\u00e1d\u00farlann S\u00f3idiam Pentobarbital Nembutal d'ardchaighde\u00e1n. T\u00e1imid tiomanta do th\u00e1irg\u00ed s\u00e1bh\u00e1ilte, \u00e9ifeachtacha agus iontaofa a shol\u00e1thar do dhaoine aonair ceadaithe a bhfuil oidis bhail\u00ed acu. Is \u00e9 an f\u00f3cas at\u00e1 againn ar ch\u00e1il\u00edocht, ar sh\u00e1stacht an chustaim\u00e9ara, agus ar idirbhearta sl\u00e1na a leagann amach \u00f3n gcuid eile sa tionscal sinn. Siopaigh go muin\u00edneach ag Bio Weapons agus bain taith\u00ed ar an difr\u00edocht i gc\u00e1il\u00edocht agus i seirbh\u00eds.<\/p>\n<p><strong>Ordaigh do phiolla\u00ed n\u00f3 do leacht Nembutal Pentobarbital Sodium inniu<\/strong> agus b\u00ed p\u00e1irteach len\u00e1r gcustaim\u00e9ir\u00ed s\u00e1sta a bhfuil muin\u00edn acu as Bio Weapons lena riachtanais leighis. Is iad do shl\u00e1inte agus do sh\u00e1bh\u00e1ilteacht \u00e1r bpr\u00edomhthosa\u00edochta\u00ed.<\/p>\n<p>Ceannaigh piolla\u00ed agus leacht Ard-N\u00e1d\u00far Nembutal Pentobarbital S\u00f3idiam ag Bio Weapons. Do dhaoine aonair ceadaithe amh\u00e1in a bhfuil oidis acu. Ceannach sl\u00e1n, seachadadh tapa, agus s\u00e1stacht custaim\u00e9ir\u00ed r\u00e1thaithe.<\/p>\n<h4><img decoding=\"async\" class=\"wp-image-502 aligncenter\" src=\"https:\/\/poisonshops.com\/wp-content\/uploads\/2025\/11\/Bio-Weapons-240x300.png\" alt=\"Bithearmair\" width=\"68\" height=\"85\" srcset=\"https:\/\/poisonshops.com\/wp-content\/uploads\/2025\/11\/Bio-Weapons-240x300.png 240w, https:\/\/poisonshops.com\/wp-content\/uploads\/2025\/11\/Bio-Weapons.png 265w\" sizes=\"(max-width: 68px) 100vw, 68px\" \/><\/h4>\n<ol>\n<li>Ceannaigh Pills\u00ed agus Leacht Nembutal Pentobarbital ar L\u00edne<\/li>\n<li>Pill\u00edn\u00ed agus Leacht Nembutal d'Ardchaighde\u00e1n le haghaidh \u00das\u00e1ide Leighis<\/li>\n<li>Ceannaigh Nembutal Pentobarbital go S\u00e1bh\u00e1ilte<\/li>\n<li>Foinse Iontaofa do Phill\u00edn\u00ed agus do Leacht Nembutal<\/li>\n<li>Ordaigh Nembutal Pentobarbital go Sl\u00e1n<\/li>\n<li>Seachadadh Gasta ar Phill\u00edn\u00ed agus ar Leacht Nembutal<\/li>\n<li>Sol\u00e1thra\u00ed Iontaofa Nembutal Pentobarbital<\/li>\n<li>Pill\u00edn\u00ed agus Leacht Nembutal F\u00edor-ghlan ar D\u00edol<\/li>\n<li>Ceannaigh Nembutal \u00f3 Dh\u00edolt\u00f3ir\u00ed \u00dadaraithe<\/li>\n<li>An \u00c1it is Fearr le Nembutal Pentobarbital a Cheannach<\/li>\n<\/ol>\n<h4><\/h4>\n<p>Nembutal Pentobarbital S\u00f3idiam, Ceannaigh piolla\u00ed Nembutal, Ceannaigh leacht Nembutal, Nembutal ar d\u00edol, Nembutal d'ardchaighde\u00e1n, Ceannach sl\u00e1n Nembutal, Nembutal le h\u00fas\u00e1id leighis, Foinse iontaofa do Nembutal, Ceannaigh Nembutal go dleathach, Nembutal le oideas, Nembutal le haghaidh suainithe, Ordaigh piolla\u00ed Nembutal, Nembutal le haghaidh ain\u00e9ist\u00e9ise, Leacht Nembutal bar\u00e1nt\u00fail, Seachadadh Nembutal, D\u00edolt\u00f3ir Nembutal iontaofa, Ceannaigh Nembutal go s\u00e1bh\u00e1ilte, Nembutal bar\u00e1nt\u00fail, Sol\u00e1thra\u00ed Nembutal, Nembutal i SAM, Nembutal ar f\u00e1il, Seachadadh tapa ar Nembutal, Nembutal ardchaighde\u00e1in, C\u00f3gaslann Nembutal, Nembutal le haghaidh taomanna, Ceannaigh Nembutal ar l\u00edne, Ceannach sl\u00e1n Nembutal, Nembutal do ghairmithe, Foinse iontaofa Nembutal, Loingseoireacht dhomhanda Nembutal<\/p>\n<h4>Nembutal leacht f\u00e9inmharaithe 10000mg\/ml ar d\u00edol<\/h4>\n<p><img decoding=\"async\" class=\"wp-image-176 aligncenter\" src=\"https:\/\/poisonshops.com\/wp-content\/uploads\/2025\/11\/poison_shop_logo-300x171.png\" alt=\"Siopa\u00ed nimhe\" width=\"112\" height=\"64\" srcset=\"https:\/\/poisonshops.com\/wp-content\/uploads\/2025\/11\/poison_shop_logo-300x171.png 300w, https:\/\/poisonshops.com\/wp-content\/uploads\/2025\/11\/poison_shop_logo.png 563w\" sizes=\"(max-width: 112px) 100vw, 112px\" \/><\/p>","protected":false},"excerpt":{"rendered":"<p>Buy Nembutal Suicide Liquid 10000mg\/ml Nembutal Suicide Pills and Liquid Note: Nembutal (Pentobarbital Sodium) is a controlled substance that should only be used under strict medical supervision and according to the laws and regulations of the relevant jurisdiction. Its use for suicide is illegal in many countries, and it is crucial to seek proper medical [&hellip;]<\/p>\n","protected":false},"featured_media":256,"comment_status":"open","ping_status":"closed","template":"","meta":[],"product_brand":[],"product_cat":[18],"product_tag":[],"class_list":{"0":"post-99","1":"product","2":"type-product","3":"status-publish","4":"has-post-thumbnail","6":"product_cat-buy-nembutal-pentobarbital","8":"first","9":"instock","10":"shipping-taxable","11":"purchasable","12":"product-type-variable"},"_links":{"self":[{"href":"https:\/\/poisonshops.com\/ga\/wp-json\/wp\/v2\/product\/99","targetHints":{"allow":["GET"]}}],"collection":[{"href":"https:\/\/poisonshops.com\/ga\/wp-json\/wp\/v2\/product"}],"about":[{"href":"https:\/\/poisonshops.com\/ga\/wp-json\/wp\/v2\/types\/product"}],"replies":[{"embeddable":true,"href":"https:\/\/poisonshops.com\/ga\/wp-json\/wp\/v2\/comments?post=99"}],"wp:featuredmedia":[{"embeddable":true,"href":"https:\/\/poisonshops.com\/ga\/wp-json\/wp\/v2\/media\/256"}],"wp:attachment":[{"href":"https:\/\/poisonshops.com\/ga\/wp-json\/wp\/v2\/media?parent=99"}],"wp:term":[{"taxonomy":"product_brand","embeddable":true,"href":"https:\/\/poisonshops.com\/ga\/wp-json\/wp\/v2\/product_brand?post=99"},{"taxonomy":"product_cat","embeddable":true,"href":"https:\/\/poisonshops.com\/ga\/wp-json\/wp\/v2\/product_cat?post=99"},{"taxonomy":"product_tag","embeddable":true,"href":"https:\/\/poisonshops.com\/ga\/wp-json\/wp\/v2\/product_tag?post=99"}],"curies":[{"name":"wp","href":"https:\/\/api.w.org\/{rel}","templated":true}]}}