{"id":137,"date":"2017-12-17T10:06:43","date_gmt":"2017-12-17T10:06:43","guid":{"rendered":"https:\/\/wordpress.gradientthemes.com\/brand-shop\/about\/"},"modified":"2025-11-29T14:33:52","modified_gmt":"2025-11-29T14:33:52","slug":"trgovine-otrovima","status":"publish","type":"page","link":"https:\/\/poisonshops.com\/hr\/trgovine-otrovima\/","title":{"rendered":"O nama"},"content":{"rendered":"<div data-elementor-type=\"wp-post\" data-elementor-id=\"137\" class=\"elementor elementor-137\">\n\t\t\t\t<div class=\"elementor-element elementor-element-b4375f3 e-flex e-con-boxed e-con e-parent\" data-id=\"b4375f3\" data-element_type=\"container\" data-e-type=\"container\">\n\t\t\t\t\t<div class=\"e-con-inner\">\n\t\t\t\t<div class=\"elementor-element elementor-element-c2b1470 elementor-widget elementor-widget-text-editor\" data-id=\"c2b1470\" data-element_type=\"widget\" data-e-type=\"widget\" data-widget_type=\"text-editor.default\">\n\t\t\t\t<div class=\"elementor-widget-container\">\n\t\t\t\t\t\t\t\t\t<h2>Trgovine otrovima<\/h2><p>Dobrodo\u0161li u Poison Shops, va\u0161 vode\u0107i izvor visokokvalitetnih, specijaliziranih vrhunskih i najotrovnijih biolo\u0161kih agenasa i toksina na svijetu. Poslujemo iz na\u0161ih pogona u <strong>Njema\u010dka, \u0160vicarska,<\/strong> i<strong> Francuska<\/strong>, posve\u0107eni smo pru\u017eanju vrhunskih proizvoda i usluga na\u0161im klijentima. Na\u0161 fokus na sigurnost, za\u0161titu i zadovoljstvo kupaca izdvaja nas u industriji. Trgovina biolo\u0161kog oru\u017eja.<\/p><p>Na <a href=\"https:\/\/poisonshops.com\/hr\/\">Trgovine otrovima<\/a>, osiguravamo strogo pridr\u017eavanje me\u0111unarodnih propisa, daju\u0107i prednost odgovornom p<strong>pakiranje, rukovanje, otprema, <\/strong>i <strong>distribucija<\/strong> od opasnih materijala. Na\u0161 tim je dobro obu\u010den i opremljen naprednom <strong>osobna za\u0161titna oprema (OZO),<\/strong> i sve po\u0161iljke uklju\u010duju sveobuhvatno <strong>Sigurnosno-tehni\u010dki listovi (SDS)<\/strong> za va\u0161u sigurnost i za\u0161titu. Na\u0161 asortiman uklju\u010duje <strong>Arsen, akonitin, batrahotoksin, botulinum toksin, cijanid, dimetilmerkur, maitotoksin, polonij-210, ricin, sarin, tetrodotoksin, samoubojstvo nembutalom<a href=\"https:\/\/duckduckgo.com\/\" target=\"_blank\" rel=\"noopener\">,<\/a>i VR \u017eiv\u010dani agens. najbolje mjesto za diskretnu narud\u017ebu otrova.<\/strong><\/p><p><img decoding=\"async\" class=\"wp-image-502 aligncenter\" src=\"https:\/\/poisonshops.com\/wp-content\/uploads\/2025\/11\/Bio-Weapons-240x300.png\" alt=\"Biolo\u0161ko oru\u017eje\" width=\"53\" height=\"66\" srcset=\"https:\/\/poisonshops.com\/wp-content\/uploads\/2025\/11\/Bio-Weapons-240x300.png 240w, https:\/\/poisonshops.com\/wp-content\/uploads\/2025\/11\/Bio-Weapons.png 265w\" sizes=\"(max-width: 53px) 100vw, 53px\" \/><\/p><p>Bilo da \u017eelite na\u0161e otrove\/toksine za istra\u017eiva\u010dke svrhe, ubijanje iz milosr\u0111a (eutanaziju), vodite istra\u017eiva\u010dku laboratoriju za Poison Shops ili namjeravate provesti etni\u010dko \u010di\u0161\u0107enje, atentate, vjerujte Poison Shopsu za pouzdane toksine s diskretnim rje\u0161enjima za dostavu i sigurne transakcije isklju\u010divo putem kriptovaluta. Kupujte istra\u017eiva\u010dke kemikalije online.<\/p><p>Nudimo razli\u010dite opcije dostave, uklju\u010duju\u0107i <strong>standardni <\/strong>i<strong> ekspremne usluge,<\/strong> s <strong>Besplatna dostava<\/strong> na narud\u017ebama iznad<strong> \u20ac10,000<\/strong>. Za specijalizirane zahtjeve pru\u017eamo <strong>skrivena predaja <\/strong>usluga za <strong>konkretne GPS koordinate<\/strong>. Na\u0161e politike odra\u017eavaju na\u0161u predanost sigurnoj i u\u010dinkovitoj usluzi, uklju\u010duju\u0107i jasnu politiku povrata i zamjena usmjerenu na neprimljene ili zakasnele narud\u017ebe.<\/p><p>Bio Weapons je pouzdan partner u biokemijskoj industriji, pridr\u017eavaju\u0107i se najvi\u0161ih standarda integriteta, inovacija i stru\u010dnosti. Hvala vam \u0161to ste odabrali Bio Weapons za va\u0161e specijalizirane biokemijske potrebe. Kupite otrove.<\/p><p><img decoding=\"async\" class=\"wp-image-489 aligncenter\" src=\"https:\/\/poisonshops.com\/wp-content\/uploads\/2025\/11\/Buy-poisons-and-toxins-anonymously-300x200.jpg\" alt=\"Kupujte otrove i toksine anonimno\" width=\"74\" height=\"49\" srcset=\"https:\/\/poisonshops.com\/wp-content\/uploads\/2025\/11\/Buy-poisons-and-toxins-anonymously-300x200.jpg 300w, https:\/\/poisonshops.com\/wp-content\/uploads\/2025\/11\/Buy-poisons-and-toxins-anonymously-446x297.jpg 446w, https:\/\/poisonshops.com\/wp-content\/uploads\/2025\/11\/Buy-poisons-and-toxins-anonymously.jpg 474w\" sizes=\"(max-width: 74px) 100vw, 74px\" \/><\/p><h3>Kupujte otrove i toksine anonimno<\/h3><p>Sada je popularnije koristiti ti\u0161e i prikrivenije metode ubojstva. Razni spori otrovi dolaze u pomo\u0107. U ovom svijetu vi\u0161e nema ni\u010dega novog, a otrovi su se tako\u0111er koristili u civiliziranim zemljama: u drevnom Egiptu, u Europi u srednjem vijeku. U tim medicinskim vremenima nije bilo forenzike, nitko nije znao za\u0161to je osoba preminula, pa ste kod starih kemi\u010dara mogli jednostavno naru\u010diti bilo koju vrstu smrti: spor i mu\u010dan, brz i bezbolan, u snu, sr\u010dani udar itd.<\/p><p>Sada, zbog suvremenih metoda utvr\u0111ivanja uzroka smrti, postalo je nevjerojatno te\u0161ko otrovati osobu; osobito ako ona iznenada umre, ljudi \u0107e odmah posumnjati na trovanje. Trava za \u0161takore iz trgovine ne\u0107e poslu\u017eiti, jer \u0107e forenzi\u010dko ispitivanje odmah prona\u0107i njezine ostatke u krvi ili o\u0161te\u0107enja organa pri obdukciji.\u00a0<\/p><p>Stoga je uporaba kemijskih otrova poput cijanida, metil-\u017eive i arzena nesigurna s pravnog stajali\u0161ta. Oni ostaju u tijelu nakon smrti, a vanjski su znakovi vrlo o\u010diti stru\u010dnjacima forenzi\u010dke pretrage.<\/p><p>Stvaram pa\u017eljivo odabrane organske otrove s dugotrajnim u\u010dinkom i nekim od njih sinteziram preru\u0161avanje u obliku seruma. Za\u0161to izmi\u0161ljati ne\u0161to ako ti je priroda to ve\u0107 napravila?<\/p><p>Stvaram pa\u017eljivo odabrane organske otrove s dugotrajnim u\u010dinkom i nekim od njih sinteziram preru\u0161avanje u obliku seruma. Za\u0161to izmi\u0161ljati ne\u0161to ako ti je priroda to ve\u0107 napravila?<\/p><p>Vrlo je lako otrovati ljude, \u010desto mo\u017eete \u010duti u lokalnim vijestima o smrti bake od trovanja zbog lo\u0161eg mesa s tr\u017enice, a baka je \u017eivjela sama u stanu s dvije spava\u0107e sobe\u2026 Kupite istra\u017eiva\u010dke kemikalije online.<\/p><p>Koje dokaze mogu pru\u017eiti da nisam student koji je napravio web stranicu kako bi prevario ljude samo da bih sastavio kraj s krajem? Prvo, odmah \u0107ete to shvatiti kad razgovarate sa mnom, ali tako\u0111er \u0107u prilo\u017eiti nekoliko fotografija svog laboratorija:<\/p><h4>Kupite istra\u017eiva\u010dke kemikalije online<\/h4><p><img decoding=\"async\" class=\"wp-image-176 aligncenter\" src=\"https:\/\/poisonshops.com\/wp-content\/uploads\/2025\/11\/poison_shop_logo-300x171.png\" alt=\"Trgovine otrovima\" width=\"70\" height=\"40\" srcset=\"https:\/\/poisonshops.com\/wp-content\/uploads\/2025\/11\/poison_shop_logo-300x171.png 300w, https:\/\/poisonshops.com\/wp-content\/uploads\/2025\/11\/poison_shop_logo.png 563w\" sizes=\"(max-width: 70px) 100vw, 70px\" \/><\/p>\t\t\t\t\t\t\t\t<\/div>\n\t\t\t\t<\/div>\n\t\t\t\t\t<\/div>\n\t\t\t\t<\/div>\n\t\t\t\t<\/div>","protected":false},"excerpt":{"rendered":"<p>Poison Shops Welcome to Poison Shops \u00a0your premier source for high-quality, specialized in top-tier and world most toxic biochemical agents and toxins. Operating from our facilities in Germany, Switzerland, and France, we are committed to providing our clients with top-tier products and services. Our focus on safety, security, and customer satisfaction sets us apart in [&hellip;]<\/p>\n","protected":false},"author":1,"featured_media":0,"parent":0,"menu_order":0,"comment_status":"closed","ping_status":"closed","template":"elementor_header_footer","meta":{"footnotes":""},"class_list":["post-137","page","type-page","status-publish","hentry"],"_links":{"self":[{"href":"https:\/\/poisonshops.com\/hr\/wp-json\/wp\/v2\/pages\/137","targetHints":{"allow":["GET"]}}],"collection":[{"href":"https:\/\/poisonshops.com\/hr\/wp-json\/wp\/v2\/pages"}],"about":[{"href":"https:\/\/poisonshops.com\/hr\/wp-json\/wp\/v2\/types\/page"}],"author":[{"embeddable":true,"href":"https:\/\/poisonshops.com\/hr\/wp-json\/wp\/v2\/users\/1"}],"replies":[{"embeddable":true,"href":"https:\/\/poisonshops.com\/hr\/wp-json\/wp\/v2\/comments?post=137"}],"version-history":[{"count":34,"href":"https:\/\/poisonshops.com\/hr\/wp-json\/wp\/v2\/pages\/137\/revisions"}],"predecessor-version":[{"id":508,"href":"https:\/\/poisonshops.com\/hr\/wp-json\/wp\/v2\/pages\/137\/revisions\/508"}],"wp:attachment":[{"href":"https:\/\/poisonshops.com\/hr\/wp-json\/wp\/v2\/media?parent=137"}],"curies":[{"name":"wp","href":"https:\/\/api.w.org\/{rel}","templated":true}]}}