{"id":418,"date":"2025-11-20T11:56:12","date_gmt":"2025-11-20T11:56:12","guid":{"rendered":"https:\/\/poisonshops.com\/?page_id=418"},"modified":"2025-12-01T12:00:53","modified_gmt":"2025-12-01T12:00:53","slug":"smjernice-za-ozo","status":"publish","type":"page","link":"https:\/\/poisonshops.com\/hr\/smjernice-za-ozo\/","title":{"rendered":"Smjernice za osobnu za\u0161titnu opremu"},"content":{"rendered":"<div data-elementor-type=\"wp-page\" data-elementor-id=\"418\" class=\"elementor elementor-418\">\n\t\t\t\t<div class=\"elementor-element elementor-element-0dae480 e-flex e-con-boxed e-con e-parent\" data-id=\"0dae480\" data-element_type=\"container\" data-e-type=\"container\">\n\t\t\t\t\t<div class=\"e-con-inner\">\n\t\t\t\t<div class=\"elementor-element elementor-element-3c24701 elementor-widget elementor-widget-text-editor\" data-id=\"3c24701\" data-element_type=\"widget\" data-e-type=\"widget\" data-widget_type=\"text-editor.default\">\n\t\t\t\t<div class=\"elementor-widget-container\">\n\t\t\t\t\t\t\t\t\t<div id=\"primary\" class=\"content-area\"><main id=\"main\" class=\"site-main\"><\/main><article id=\"post-389666\" class=\"post-389666 page type-page status-publish\"><div class=\"inside-article\"><header class=\"entry-header\"><h2 class=\"entry-title\">Sveobuhvatne smjernice za za\u0161titnu opremu za sigurno rukovanje toksi\u010dnim tvarima<\/h2><\/header><div class=\"entry-content\"><p>Evo detaljne preporuke osobne za\u0161titne opreme (OZO) za rukovanje svakim od navedenih toksina, s naglaskom na naju\u010dinkovitiju opremu temeljenu na specifi\u010dnim opasnostima povezanim sa svakom supstancom:<\/p><h3 class=\"wp-block-heading\">1. <strong>Arseni\u010dna trovina<\/strong><\/h3><ul class=\"wp-block-list\"><li><strong>Rukavice<\/strong>: Nitrilne ili lateks rukavice \u2013 pru\u017eaju otpornost na kemikalije i sprje\u010davaju kontakt s ko\u017eom.<\/li><li><strong>Za\u0161tita o\u010diju<\/strong>Za\u0161titne nao\u010dale \u2013 \u0161tite od prskanja.<\/li><li><strong>Za\u0161tita lica<\/strong>: \u0160tit za lice \u2013 Nudi dodatnu za\u0161titu za lice i vrat.<\/li><li><strong>Odje\u0107a<\/strong>: Laboratorijski mantil ili jednokratni kombinezon \u2013 \u0161titi odje\u0107u i ko\u017eu od kontaminacije.<\/li><li><strong>Za\u0161tita di\u0161nih putova<\/strong>: N95 respirator ili vi\u0161i \u2013 filtrira zra\u010dne \u010destice.<\/li><\/ul><p><strong>Razlog<\/strong>Arsen mo\u017ee uzrokovati iritaciju ko\u017ee i di\u0161nih puteva. Osobna za\u0161titna oprema sprje\u010dava izravan kontakt i udisanje.<\/p><h3 class=\"wp-block-heading\">2. <strong>Akonitin<\/strong><\/h3><ul class=\"wp-block-list\"><li><strong>Rukavice<\/strong>: Nitrilne rukavice \u2013 otporne na kemikalije i sprje\u010davaju upijanje u ko\u017eu.<\/li><li><strong>Za\u0161tita o\u010diju<\/strong>Za\u0161titne nao\u010dale \u2013 \u0161tite o\u010di od mogu\u0107ih prskanja.<\/li><li><strong>Za\u0161tita lica<\/strong>: \u0160titnik za lice \u2013 Dodatna za\u0161tita lica od prskanja.<\/li><li><strong>Odje\u0107a<\/strong>: Laboratorijski mantil ili jednokratni kombinezon \u2013 \u0161titi ko\u017eu od kontaminacije.<\/li><li><strong>Za\u0161tita di\u0161nih putova<\/strong>: Respirator P100 \u2013 pru\u017ea za\u0161titu od sitnih \u010destica.<\/li><\/ul><p><strong>Razlog<\/strong>: <a href=\"https:\/\/poisonshops.com\/hr\/\">Akonitin<\/a> Izrazito je toksi\u010dan i mo\u017ee se apsorbirati kroz ko\u017eu, zbog \u010dega je potrebna sveobuhvatna osobna za\u0161titna oprema.<\/p><h3 class=\"wp-block-heading\">3. <strong>Batrahotoksin<\/strong><\/h3><ul class=\"wp-block-list\"><li><strong>Rukavice<\/strong>: Butilne gumene rukavice \u2013 pru\u017eaju vrhunsku za\u0161titu od visoko otrovnih tvari.<\/li><li><strong>Za\u0161tita o\u010diju<\/strong>Za\u0161titne nao\u010dale \u2013 sprje\u010davaju izlaganje o\u010diju.<\/li><li><strong>Za\u0161tita lica<\/strong>: \u0160tit za cijelo lice \u2013 Neophodan za rukovanje visoko otrovnim materijalima.<\/li><li><strong>Odje\u0107a<\/strong>Kemijsko odijelo za cijelo tijelo \u2013 \u0161titi od izlaganja ko\u017ee.<\/li><li><strong>Za\u0161tita di\u0161nih putova<\/strong>: Respirator s dovodom zraka \u2013 osigurava za\u0161titu od udisanja toksina u zraku.<\/li><\/ul><p><strong>Razlog<\/strong>Batrachotoksin je izuzetno otrovan i zahtijeva za\u0161titu cijelog tijela kako bi se sprije\u010dila bilo kakva izlo\u017eenost.<\/p><h3 class=\"wp-block-heading\">4. <strong>Botulinumski toksin<\/strong><\/h3><ul class=\"wp-block-list\"><li><strong>Rukavice<\/strong>: Nitrilne rukavice \u2013 otporne na toksine i \u0161tite ruke.<\/li><li><strong>Za\u0161tita o\u010diju<\/strong>Za\u0161titne nao\u010dale \u2013 sprje\u010davaju kontakt s o\u010dima.<\/li><li><strong>Za\u0161tita lica<\/strong>: \u0160tit za lice \u2013 Pru\u017ea dodatnu za\u0161titu za lice<a href=\"https:\/\/duckduckgo.com\/\" target=\"_blank\" rel=\"noopener\">.<\/a><\/li><li><strong>Odje\u0107a<\/strong>: Laboratorijski mantil ili jednokratni kombinezon \u2013 \u0161titi od kontaminacije.<\/li><li><strong>Za\u0161tita di\u0161nih putova<\/strong>: Respirator P100 ili vi\u0161i \u2013 filtrira \u010destice u zraku.<\/li><\/ul><p><strong>Razlog<\/strong>Botulinum toksin je izrazito toksi\u010dan, stoga je klju\u010dno sprije\u010diti svaki oblik izlo\u017eenosti.<\/p><h3 class=\"wp-block-heading\">5. <strong>Cijanid<\/strong><\/h3><ul class=\"wp-block-list\"><li><strong>Rukavice<\/strong>: Nitrilne ili neopren rukavice \u2013 otporne na kemikalije i \u0161tite ko\u017eu.<\/li><li><strong>Za\u0161tita o\u010diju<\/strong>Za\u0161titne nao\u010dale \u2013 \u0161tite od prskanja.<\/li><li><strong>Za\u0161tita lica<\/strong>: \u0160titnik za lice \u2013 Dodatna za\u0161tita za lice.<\/li><li><strong>Odje\u0107a<\/strong>: Kemijski otporan laboratorijski mantil ili kombinezon \u2013 sprje\u010dava izlaganje ko\u017ee.<\/li><li><strong>Za\u0161tita di\u0161nih putova<\/strong>: Respirator za cijelo lice s odgovaraju\u0107im filtrima \u2013 \u0161titi od udisanja otrovnih isparenja.<\/li><\/ul><p><strong>Razlog<\/strong>Cijanid je sna\u017ean otrov koji se mo\u017ee apsorbirati kroz ko\u017eu ili udahnuti, \u0161to zahtijeva sveobuhvatnu osobnu za\u0161titnu opremu.<\/p><h3 class=\"wp-block-heading\">6. <strong>Dimetilmerkuri<\/strong><\/h3><ul class=\"wp-block-list\"><li><strong>Rukavice<\/strong>: Butilne gumene rukavice \u2013 pru\u017eaju visoku kemijsku otpornost.<\/li><li><strong>Za\u0161tita o\u010diju<\/strong>Za\u0161titne nao\u010dale \u2013 \u0161tite o\u010di od izlo\u017eenosti.<\/li><li><strong>Za\u0161tita lica<\/strong>: \u0160tit za cijelo lice \u2013 Nudi potpunu za\u0161titu lica.<\/li><li><strong>Odje\u0107a<\/strong>Kemijski kombinezon za cijelo tijelo \u2013 osigurava potpunu za\u0161titu od kontaminacije.<\/li><li><strong>Za\u0161tita di\u0161nih putova<\/strong>: Respirator s dovodom zraka \u2013 neophodan zbog visoke toksi\u010dnosti i rizika od isparenja.<\/li><\/ul><p><strong>Razlog<\/strong>Dimetilmerkuri je izuzetno toksi\u010dan i hlapljiv, \u0161to zahtijeva visoku razinu osobne za\u0161titne opreme kako bi se sprije\u010dila bilo kakva izlo\u017eenost.<\/p><p><img decoding=\"async\" class=\"wp-image-462 aligncenter\" src=\"https:\/\/poisonshops.com\/wp-content\/uploads\/2025\/11\/tttt-204x300.png\" alt=\"Smjernice o za\u0161titnim sredstvima za sigurno rukovanje otrovnim tvarima\" width=\"90\" height=\"133\" srcset=\"https:\/\/poisonshops.com\/wp-content\/uploads\/2025\/11\/tttt-204x300.png 204w, https:\/\/poisonshops.com\/wp-content\/uploads\/2025\/11\/tttt.png 218w\" sizes=\"(max-width: 90px) 100vw, 90px\" \/><\/p><h3 class=\"wp-block-heading\">7. <strong>Maitotoksin<\/strong><\/h3><ul class=\"wp-block-list\"><li><strong>Rukavice<\/strong>: Nitrilne rukavice \u2013 \u0161tite od kontakta s ko\u017eom.<\/li><li><strong>Za\u0161tita o\u010diju<\/strong>Za\u0161titne nao\u010dale \u2013 sprje\u010davaju izlaganje o\u010diju.<\/li><li><strong>Za\u0161tita lica<\/strong>: \u0160titnik za lice \u2013 Pru\u017ea dodatnu za\u0161titu lica.<\/li><li><strong>Odje\u0107a<\/strong>: Laboratorijski mantil ili kombinezon \u2013 \u0161titi odje\u0107u i ko\u017eu.<\/li><li><strong>Za\u0161tita di\u0161nih putova<\/strong>N95 respirator ili vi\u0161i \u2013 filtrira \u010destice u zraku.<\/li><\/ul><p><strong>Razlog<\/strong>Maitotoxin je izrazito otrovan, zahtijeva rukavice i za\u0161titnu odje\u0107u kako bi se izbjegao kontakt.<\/p><h3 class=\"wp-block-heading\">8. <strong>Polonij-210<\/strong><\/h3><ul class=\"wp-block-list\"><li><strong>Rukavice<\/strong>Rukavice oblo\u017eene olovom \u2013 pru\u017eaju za\u0161titu od zra\u010denja.<\/li><li><strong>Za\u0161tita o\u010diju<\/strong>Za\u0161titne nao\u010dale \u2013 \u0161tite o\u010di od kontaminacije.<\/li><li><strong>Za\u0161tita lica<\/strong>: Vodi\u010dom oblo\u017eena za\u0161titna maska \u2013 Nudi dodatnu za\u0161titu od izlo\u017eenosti zra\u010denju.<\/li><li><strong>Odje\u0107a<\/strong>Laboratorijski ogrta\u010d oblo\u017een olovom \u2013 \u0161titi od zra\u010denja.<\/li><li><strong>Za\u0161tita di\u0161nih putova<\/strong>: Obi\u010dno nije potrebno, osim ako rukovanje uklju\u010duje zaga\u0111enje u zraku.<\/li><\/ul><p><strong>Razlog<\/strong>Polonium-210 je radioaktivan, stoga je za\u0161titna oprema oblo\u017eena olovom neophodna za za\u0161titu od zra\u010denja.<\/p><h3 class=\"wp-block-heading\">9. <strong>Ric\u00edn<\/strong><\/h3><ul class=\"wp-block-list\"><li><strong>Rukavice<\/strong>: Nitrilne rukavice \u2013 pru\u017eaju kemijsku otpornost i sprje\u010davaju kontakt s ko\u017eom.<\/li><li><strong>Za\u0161tita o\u010diju<\/strong>Za\u0161titne nao\u010dale \u2013 \u0161tite o\u010di od izlo\u017eenosti.<\/li><li><strong>Za\u0161tita lica<\/strong>: \u0160tit za cijelo lice \u2013 Pru\u017ea dodatnu za\u0161titu.<\/li><li><strong>Odje\u0107a<\/strong>: Laboratorijski mantil ili jednokratni kombinezon \u2013 \u0161titi ko\u017eu.<\/li><li><strong>Za\u0161tita di\u0161nih putova<\/strong>: Respirator P100 \u2013 filtrira \u010destice i aerosole.<\/li><\/ul><p><strong>Razlog<\/strong>Ricin je izrazito otrovan i mo\u017ee se apsorbirati kroz ko\u017eu ili udahnuti, zbog \u010dega je potrebna sveobuhvatna za\u0161titna oprema.<\/p><h3 class=\"wp-block-heading\">10. <strong>Sarin<\/strong><\/h3><ul class=\"wp-block-list\"><li><strong>Rukavice<\/strong>: Butilne gumene rukavice \u2013 pru\u017eaju za\u0161titu od kemijskih sredstava.<\/li><li><strong>Za\u0161tita o\u010diju<\/strong>Za\u0161titne nao\u010dale \u2013 \u0161tite od prskanja.<\/li><li><strong>Za\u0161tita lica<\/strong>: \u0160tit za cijelo lice \u2013 neophodan za rukovanje \u017eiv\u010danim bojnim otrovima.<\/li><li><strong>Odje\u0107a<\/strong>Kemijski kombinezon za cijelo tijelo \u2013 osigurava za\u0161titu od kontaminacije.<\/li><li><strong>Za\u0161tita di\u0161nih putova<\/strong>: Respirator s dovodom zraka \u2013 neophodan za za\u0161titu od isparenja \u017eiv\u010danih agenasa.<\/li><\/ul><p><strong>Razlog<\/strong>Sarin je \u017eiv\u010dani otrov koji zbog svoje visoke toksi\u010dnosti zahtijeva za\u0161titnu opremu za cijelo tijelo.<\/p><h3 class=\"wp-block-heading\">11. <strong>Tetrodotoksin<\/strong><\/h3><ul class=\"wp-block-list\"><li><strong>Rukavice<\/strong>: Nitrilne rukavice \u2013 pru\u017eaju za\u0161titu od toksi\u010dnih tvari.<\/li><li><strong>Za\u0161tita o\u010diju<\/strong>Za\u0161titne nao\u010dale \u2013 sprje\u010davaju izlaganje o\u010diju.<\/li><li><strong>Za\u0161tita lica<\/strong>: \u0160tit za lice \u2013 Pru\u017ea dodatnu za\u0161titu.<\/li><li><strong>Odje\u0107a<\/strong>: Laboratorijski mantil ili jednokratni kombinezon \u2013 \u0161titi od kontaminacije.<\/li><li><strong>Za\u0161tita di\u0161nih putova<\/strong>: N95 respirator \u2013 Filtrira \u010destice u zraku.<\/li><\/ul><p><strong>Razlog<\/strong>Tetrodotoksin je izuzetno toksi\u010dan, stoga je potrebna potpuna za\u0161titna oprema kako bi se sprije\u010dila izlo\u017eenost.<\/p><h3 class=\"wp-block-heading\">12. <strong>VR \u017eiv\u010dani otrov<\/strong><\/h3><ul class=\"wp-block-list\"><li><strong>Rukavice<\/strong>: Butilne gumene rukavice \u2013 izuzetno otporne na \u017eiv\u010dane otrove.<\/li><li><strong>Za\u0161tita o\u010diju<\/strong>Za\u0161titne nao\u010dale \u2013 \u0161tite o\u010di od izlo\u017eenosti.<\/li><li><strong>Za\u0161tita lica<\/strong>: \u0160tit za cijelo lice \u2013 Neophodan za potpunu za\u0161titu.<\/li><li><strong>Odje\u0107a<\/strong>Kemijsko odijelo za cijelo tijelo \u2013 \u0161titi od kontakta s \u017eiv\u010danim agensom.<\/li><li><strong>Za\u0161tita di\u0161nih putova<\/strong>Respirator s dovodom zraka \u2013 osigurava \u010dist zrak i za\u0161titu od udisanja otrovnih isparenja.<\/li><\/ul><p><strong>Razlog<\/strong>VR \u017eiv\u010dani otrovi iznimno su toksi\u010dni i zahtijevaju opse\u017enu osobnu za\u0161titnu opremu kako bi se sprije\u010dila izlo\u017eenost svim mogu\u0107im putevima.<\/p><p>Za svaki toksin klju\u010dno je slijediti utvr\u0111ene sigurnosne protokole i osigurati da je sva osobna za\u0161titna oprema pravilno prilago\u0111ena, odr\u017eavana i kori\u0161tena u skladu s uputama proizvo\u0111a\u010da i sigurnosnim smjernicama.<\/p><p><img decoding=\"async\" class=\"wp-image-176 aligncenter\" src=\"https:\/\/poisonshops.com\/wp-content\/uploads\/2025\/11\/poison_shop_logo-300x171.png\" alt=\"Trgovine otrovima\" width=\"122\" height=\"70\" srcset=\"https:\/\/poisonshops.com\/wp-content\/uploads\/2025\/11\/poison_shop_logo-300x171.png 300w, https:\/\/poisonshops.com\/wp-content\/uploads\/2025\/11\/poison_shop_logo.png 563w\" sizes=\"(max-width: 122px) 100vw, 122px\" \/><\/p><\/div><\/div><\/article><\/div>\t\t\t\t\t\t\t\t<\/div>\n\t\t\t\t<\/div>\n\t\t\t\t\t<\/div>\n\t\t\t\t<\/div>\n\t\t\t\t<\/div>","protected":false},"excerpt":{"rendered":"<p>Comprehensive PPE Guidelines for Safe Handling of Toxic Substances Here\u2019s a detailed recommendation of personal protective equipment (PPE) for handling each of the listed toxins, focusing on the most effective gear based on the specific hazards associated with each substance: 1. Arsenic Poison Gloves: Nitrile or latex gloves \u2013 Provide chemical resistance and prevent skin [&hellip;]<\/p>\n","protected":false},"author":1,"featured_media":0,"parent":0,"menu_order":0,"comment_status":"closed","ping_status":"closed","template":"","meta":{"footnotes":""},"class_list":["post-418","page","type-page","status-publish","hentry"],"_links":{"self":[{"href":"https:\/\/poisonshops.com\/hr\/wp-json\/wp\/v2\/pages\/418","targetHints":{"allow":["GET"]}}],"collection":[{"href":"https:\/\/poisonshops.com\/hr\/wp-json\/wp\/v2\/pages"}],"about":[{"href":"https:\/\/poisonshops.com\/hr\/wp-json\/wp\/v2\/types\/page"}],"author":[{"embeddable":true,"href":"https:\/\/poisonshops.com\/hr\/wp-json\/wp\/v2\/users\/1"}],"replies":[{"embeddable":true,"href":"https:\/\/poisonshops.com\/hr\/wp-json\/wp\/v2\/comments?post=418"}],"version-history":[{"count":7,"href":"https:\/\/poisonshops.com\/hr\/wp-json\/wp\/v2\/pages\/418\/revisions"}],"predecessor-version":[{"id":550,"href":"https:\/\/poisonshops.com\/hr\/wp-json\/wp\/v2\/pages\/418\/revisions\/550"}],"wp:attachment":[{"href":"https:\/\/poisonshops.com\/hr\/wp-json\/wp\/v2\/media?parent=418"}],"curies":[{"name":"wp","href":"https:\/\/api.w.org\/{rel}","templated":true}]}}