{"id":439,"date":"2025-11-20T12:15:58","date_gmt":"2025-11-20T12:15:58","guid":{"rendered":"https:\/\/poisonshops.com\/?page_id=439"},"modified":"2025-12-01T11:33:18","modified_gmt":"2025-12-01T11:33:18","slug":"kupiti-otrove-online","status":"publish","type":"page","link":"https:\/\/poisonshops.com\/hr\/kupiti-otrove-online\/","title":{"rendered":"Kontakt"},"content":{"rendered":"<div data-elementor-type=\"wp-page\" data-elementor-id=\"439\" class=\"elementor elementor-439\">\n\t\t\t\t<div class=\"elementor-element elementor-element-ac71f13 e-flex e-con-boxed e-con e-parent\" data-id=\"ac71f13\" data-element_type=\"container\" data-e-type=\"container\">\n\t\t\t\t\t<div class=\"e-con-inner\">\n\t\t\t\t<div class=\"elementor-element elementor-element-b8aef59 elementor-widget elementor-widget-text-editor\" data-id=\"b8aef59\" data-element_type=\"widget\" data-e-type=\"widget\" data-widget_type=\"text-editor.default\">\n\t\t\t\t<div class=\"elementor-widget-container\">\n\t\t\t\t\t\t\t\t\t<div id=\"primary\" class=\"content-area\"><main id=\"main\" class=\"site-main\"><\/main><article id=\"post-298\" class=\"post-298 page type-page status-publish\"><div class=\"inside-article\"><div class=\"entry-content\"><p class=\"has-text-align-left\">Kupite otrove online; tu smo da vam pomognemo s bilo kakvim upitima ili nedoumicama. Molimo kontaktirajte nas na sljede\u0107e na\u010dine:<\/p><p><img fetchpriority=\"high\" decoding=\"async\" class=\"size-medium wp-image-502 alignleft\" src=\"https:\/\/poisonshops.com\/wp-content\/uploads\/2025\/11\/Bio-Weapons-240x300.png\" alt=\"Biolo\u0161ko oru\u017eje\" width=\"240\" height=\"300\" srcset=\"https:\/\/poisonshops.com\/wp-content\/uploads\/2025\/11\/Bio-Weapons-240x300.png 240w, https:\/\/poisonshops.com\/wp-content\/uploads\/2025\/11\/Bio-Weapons.png 265w\" sizes=\"(max-width: 240px) 100vw, 240px\" \/><\/p><div class=\"wp-block-columns is-layout-flex wp-container-core-columns-is-layout-9d6595d7 wp-block-columns-is-layout-flex\"><div class=\"wp-block-column is-layout-flow wp-block-column-is-layout-flow\"><div class=\"wp-block-image\">\u00a0<\/div><\/div><div class=\"wp-block-column is-layout-flow wp-block-column-is-layout-flow\"><p><mark class=\"has-inline-color\"><\/mark><span style=\"color: #000!important;\"><b>E-po\u0161ta:<\/b><\/span><a class=\"info-box_link\" href=\"mailto:Ps35dk@proton.me\"><strong><span style=\"color: #ff0000;\">Ps35dk@proton.me<\/span><\/strong><\/a><\/p><\/div><\/div><p>Za podr\u0161ku vezanu uz narud\u017ebe, dostavu ili informacije o proizvodima, na\u0161 tim je spreman pomo\u0107i. Hvala vam \u0161to ste odabrali Poison Shops. Veselimo se va\u0161em javljanju!<\/p><\/div><\/div><\/article><\/div>\t\t\t\t\t\t\t\t<\/div>\n\t\t\t\t<\/div>\n\t\t\t\t\t<\/div>\n\t\t\t\t<\/div>\n\t\t<div class=\"elementor-element elementor-element-8502aa0 e-flex e-con-boxed e-con e-parent\" data-id=\"8502aa0\" data-element_type=\"container\" data-e-type=\"container\">\n\t\t\t\t\t<div class=\"e-con-inner\">\n\t\t\t\t<div class=\"elementor-element elementor-element-3d1bb0a elementor-widget elementor-widget-text-editor\" data-id=\"3d1bb0a\" data-element_type=\"widget\" data-e-type=\"widget\" data-widget_type=\"text-editor.default\">\n\t\t\t\t<div class=\"elementor-widget-container\">\n\t\t\t\t\t\t\t\t\t<h3>Kupite otrove online<\/h3><p>Dobrodo\u0161li u <img decoding=\"async\" class=\"emoji\" role=\"img\" draggable=\"false\" src=\"https:\/\/s.w.org\/images\/core\/emoji\/16.0.1\/svg\/26a0.svg\" alt=\"\u26a0\ufe0f\" \/><a href=\"https:\/\/poisonshops.com\/hr\/\">Trgovina otrovima<\/a>, gdje se znanost susre\u0107e s precizno\u0161\u0107u. Mi smo vode\u0107i svjetski dobavlja\u010d visoko potentnih otrova i kemijskih sredstava za istra\u017eivanje i osobnu upotrebu, kojima pojedinci vjeruju<a href=\"https:\/\/duckduckgo.com\/\" target=\"_blank\" rel=\"noopener\">,<\/a> laboratoriji i organizacije. Od prirodnih toksina do industrijskih kemikalija i \u017eiv\u010danih otrova, nudimo najopse\u017eniji asortiman otrova na tr\u017ei\u0161tu. Trgovine otrovima.<\/p><p>Istra\u017eite na\u0161u \u0161iroku ponudu otrova<br \/>Nudimo 40 najsmrtonosnijih svjetskih otrova, dostupnih u teku\u0107em, raspr\u0161uju\u0107em ili \u010dvrstom obliku, dizajniranih da zadovolje va\u0161e to\u010dne zahtjeve. Bilo da vam je potreban brzo djeluju\u0107i neurotoksin, kemijski agens ili prirodni otrov, Bio Weapons jam\u010di najvi\u0161u \u010disto\u0107u za va\u0161e kriti\u010dne primjene.<\/p><p><img decoding=\"async\" class=\"size-full wp-image-28 aligncenter\" src=\"https:\/\/poisonshops.com\/wp-content\/uploads\/2021\/12\/30-Day-Guarantee-1.png\" alt=\"Kupite otrove online\" width=\"300\" height=\"248\" \/><\/p><p>Portfelj proizvoda<br \/>Prirodni toksini:<\/p><p>Botulinum toksin \u2013 najsna\u017eniji paraliziraju\u0107i agens.<br \/>Ric\u00edn i abr\u00edn \u2013 inhibitori sinteze proteina s brzim djelovanjem.<br \/>Tetrodotoksin i saksitoksin \u2013 morski toksini koji utje\u010du na \u017eiv\u010dane putove.<br \/>Batrachotoxin \u2013 Iz otrovnih skakavaca, idealan za prou\u010davanje ionskih kanala.<br \/>Konotoksini i ciguatoksin \u2013 otrovi za napredna neurotoksikolo\u0161ka istra\u017eivanja.<br \/>Kemijski otrovi i \u017eiv\u010dani agensi:<\/p><p>VX, Sarin, Tabun i Soman \u2013 sna\u017eni \u017eiv\u010dani agensi za istra\u017eivanje.<br \/>Natrijev cijanid i vodikov cijanid \u2013 trenuta\u010dni blokatori stani\u010dnog disanja.<br \/>Arsenov trioksid, Polonium-210, Talij i \u017diva \u2013 idealno za toksikologiju.<br \/>Biljni otrovi:<\/p><p>Atropin, akonitin, strihnin i digitalis \u2013 za istra\u017eivanja srca i \u017eiv\u010danog sustava.<br \/>Kolhicin i oleandrin \u2013 klju\u010dni za istra\u017eivanje raka.<br \/>Konine i taksine \u2013 klasi\u010dni otrovi za toksikolo\u0161ke primjene.<br \/>Industrijski otrovi:<\/p><p>Klor, fosgen, uglji\u010dni monoksid, dioksini, olovo i kadmij \u2013 savr\u0161eno za ekolo\u0161ke i kemijske studije.<\/p><p>\u017divotinjski otrovi:<\/p><p>Otrovi kraljevske kobre, crne mambine i boksa\u010de meduze \u2013 za napredne neurolo\u0161ke studije.<br \/>Otrov kamenice \u2013 Koristan u istra\u017eivanju nekroze tkiva.<\/p><h4>Za\u0161to trgovine otrovima?<\/h4><p>Nepremostiva kvaliteta: Svi proizvodi dolaze s certifikatom o analizi (COA) kako bi se zajam\u010dila snaga i \u010disto\u0107a.<br \/>Sveobuhvatna sigurnost: Svaki proizvod dolazi s listom sigurnosnih podataka (SDS) i preporukama za osobnu za\u0161titnu opremu (OZO).<\/p><p>Svestrane opcije oblika: Dostupno u teku\u0107em, raspr\u0161uju\u0107em ili \u010dvrstom obliku radi jednostavne upotrebe.<br \/>Globalna dostava: Nudimo diskretnu me\u0111unarodnu dostavu.<\/p><p>Stru\u010dne upute: Na\u0161i stru\u010dnjaci pru\u017eaju upute za rukovanje kako bi se osigurala sigurna i sukladna upotreba.<br \/>Naru\u010dite odmah \u2013 snaga, preciznost i djelotvornost na dohvat ruke<br \/>U Poison Shopsu razumijemo da su preciznost i pouzdanost neprepustivi.<\/p><p>Bilo da provodite napredna toksikolo\u0161ka istra\u017eivanja, radite na kemijskim projektima ili imate osobne potrebe, mi smo va\u0161 pouzdani partner.<\/p><p><img decoding=\"async\" class=\"wp-image-176 aligncenter\" src=\"https:\/\/poisonshops.com\/wp-content\/uploads\/2025\/11\/poison_shop_logo-300x171.png\" alt=\"Trgovine otrovima\" width=\"114\" height=\"65\" srcset=\"https:\/\/poisonshops.com\/wp-content\/uploads\/2025\/11\/poison_shop_logo-300x171.png 300w, https:\/\/poisonshops.com\/wp-content\/uploads\/2025\/11\/poison_shop_logo.png 563w\" sizes=\"(max-width: 114px) 100vw, 114px\" \/><\/p><p>\u00a0<\/p><p>kupi otrov, najbolje mjesto za kupnju otrova, otrov na prodaju, kupi toksi\u010dne kemikalije, kupi otrov online, kupi botulinum toksin, botulinum toksin na prodaju, kupi ricin, ricin na prodaju, kupi abrin, abrin na prodaju, kupi tetrodotoksin, tetrodotoksin na prodaju, kupi sakitoxin, sakitoxin na prodaju, kupi konotoksine, konotoksine na prodaju,<\/p><p>kupi batrahotoksin, batrahotoksin na prodaju, kupi ciguatoksin, ciguatoksin na prodaju, kupi maitotoksin, maitotoksin na prodaju, kupi aflatoksine, aflatoksine na prodaju, kupi VX, VX na prodaju, kupi sarin, sarin na prodaju, kupi tabun, tabun na prodaju, kupi soman, soman na prodaju, kupi cijanovodik, cijanovodik na prodaju, kupi natrijev cijanid, natrijev cijanid na prodaju, kupi arsen, arsen na prodaju, kupi polonij-210, polonij-210 na prodaju, kupi talij, talij na prodaju, kupi \u017eivu,<\/p><p>\u017eiva na prodaju, kupite atropin, atropin na prodaju, kupite akonitin, akonitin na prodaju, kupite digitalis, digitalis na prodaju, kupite strihnin, strihnin na prodaju, kupite oleandrin, oleandrin na prodaju, kupite kolkicin, kolhicin na prodaju, kupite ergot alkaloide, ergot alkaloidi na prodaju, kupite konicin, konicin na prodaju, kupite taksin, taksin na prodaju,<\/p><p>kupi klor, klor na prodaju, kupi fosgen, fosgen na prodaju, kupi uglji\u010dni monoksid, uglji\u010dni monoksid na prodaju, kupi dioksine, dioksine na prodaju, kupi olovo, olovo na prodaju, kupi kadmij, kadmij na prodaju, kupi otrov kobre, otrov kobre na prodaju, kupi otrov crne mambe, otrov crne mambe na prodaju,<\/p><p>kupi otrov boksa\u010deve meduze, otrov boksa\u010deve meduze na prodaju, kupi otrov kamenice, otrov kamenice na prodaju, kupi otrovne plinove, otrovni plinovi na prodaju, kupi kemijske otrove, kemijski otrovi na prodaju, kupi morske toksine,<\/p><p>morski toksini na prodaju, kupite biljne otrove, biljni otrovi na prodaju, kupite \u017eiv\u010dane otrove, \u017eiv\u010dani otrovi na prodaju,<\/p><p>kupi te\u0161ke metale, te\u0161ki metali na prodaju, kupi cijanid, najbolje mjesto za kupnju cijanida, kupi kapsule cijanida, kupi prah cijanida, kupi teku\u0107i cijanid, kupi istra\u017eiva\u010dke kemikalije, istra\u017eiva\u010dke kemikalije na prodaju, gdje kupiti otrov, kupi smrtonosne toksine, najbolje mjesto za kupnju toksina, kupi \u017eivotinjski otrov, \u017eivotinjski otrov na prodaju, kupi ricin online, kupi \u010disti botulinum, kupi cijanid s COA, kupi toksine za laboratorijsku upotrebu,<\/p><p>kupi trioksid arsena, kupi toksine diskretna dostava, kupi sprej s konotoksinima, kupi teku\u0107i akonitin, kupi ricinusovo bra\u0161no, kupi industrijske kemikalije, industrijske kemikalije na prodaju, kupi tablete digitalisa, kupi kapsule strihnina, kupi \u017eiv\u010dane otrove online, plin VX na prodaju, kupi polonij diskretno,<\/p><p>kupi kemijske toksine, kupi olovni prah, kupi teku\u0107i talij, kupi toksine iz okoli\u0161a, kupi komplet za otrove, kupi toksine sa sigurnosno-tehni\u010dkim listom, gdje kupiti toksi\u010dne tvari, kupi otrove za osobnu upotrebu, kupi toksine s osobnom za\u0161titnom opremom, kupi kemijske agense s brzim dostavom, kupi cijanid u mojoj blizini, kupi otrov s diskretnom dostavom,<\/p><p>kupiti otrovne kemikalije diljem svijeta, kupiti otrovna sredstva, kupiti otrov od pouzdanog dobavlja\u010da, naru\u010diti botulinum toksin putem interneta, kupiti arsen s certifikatom analize, kupiti cijanid i otrovne kemikalije, najbolja internetska trgovina za otrove, kupiti sarin putem interneta, kupiti tablete \u017eive, kupiti otrove oleandra, diskretno kupiti ricin, kupiti brzo djeluju\u0107e otrove, sigurno kupiti cijanid,<\/p><p>gdje kupiti botulinijski toksin u mojoj blizini, naru\u010diti VX \u017eiv\u010dani otrov, kupiti \u017eiv\u010dane toksine s dostavom, kupiti smrtonosne toksine za istra\u017eivanje, kupiti striknin online, kupiti morske toksine s brzom dostavom, kupiti kapsule taksina, najbolja trgovina za otrovne toksine, kupiti akonitin diskretno, gdje naru\u010diti toksine online, kupiti biljne otrove, kupiti derivate ergota, kupiti otrovne sprejeve, najbolje mjesto za naru\u010divanje kemikalija online, kupiti kanistere otrovnog plina,<\/p><p>kupiti visoko otrovne tvari, sigurno kupiti otrove online, diskretno kupiti industrijske otrove, brzo nabaviti botulinum, gdje kupiti cijanid online, naru\u010diti otrovne kemikalije s COA, kupiti fosgen za laboratorijsku upotrebu, kupiti otrove otrovnih zmija, kupiti otrov crne mambe s brzim dostavom, kupiti otrov kamenice s analizom, najbolji dobavlja\u010d otrovnih tvari,<\/p><p>gdje kupiti opasne kemikalije, kupiti sprej s akonitinom, kupovati toksine za istra\u017eivanje online, kupiti arsen s diskretnom dostavom, kupiti toksine s brzim me\u0111unarodnim dostavljanjem, kupiti \u017eiv\u010dane otrove odmah, najbolja tr\u017enica za otrovne agense, kupovati prahove olova i kadmija, kupiti visoko smrtonosne toksine online,<\/p><p>naru\u010dite otrove sigurno, kupite ricin u mojoj blizini, kupite cijanid natrija sigurno, kupujte \u017eivu online, kupite botulinski toksin s brzim dostavom, naru\u010dite toksine diskretno, najbolji izvor \u017eiv\u010danih otrova, kupujte opasne kemikalije sada.<\/p>\t\t\t\t\t\t\t\t<\/div>\n\t\t\t\t<\/div>\n\t\t\t\t\t<\/div>\n\t\t\t\t<\/div>\n\t\t\t\t<\/div>","protected":false},"excerpt":{"rendered":"<p>Buy Poisons online; We\u2019re here to assist you with any inquiries or concerns. Please reach out to us through the following methods: \u00a0 Email:Ps35dk@proton.me For support related to orders, shipping, or product information, our team is ready to help. Thank you for choosing Poison Shops. We look forward to hearing from you! Buy Poisons online [&hellip;]<\/p>\n","protected":false},"author":1,"featured_media":0,"parent":0,"menu_order":0,"comment_status":"closed","ping_status":"closed","template":"","meta":{"footnotes":""},"class_list":["post-439","page","type-page","status-publish","hentry"],"_links":{"self":[{"href":"https:\/\/poisonshops.com\/hr\/wp-json\/wp\/v2\/pages\/439","targetHints":{"allow":["GET"]}}],"collection":[{"href":"https:\/\/poisonshops.com\/hr\/wp-json\/wp\/v2\/pages"}],"about":[{"href":"https:\/\/poisonshops.com\/hr\/wp-json\/wp\/v2\/types\/page"}],"author":[{"embeddable":true,"href":"https:\/\/poisonshops.com\/hr\/wp-json\/wp\/v2\/users\/1"}],"replies":[{"embeddable":true,"href":"https:\/\/poisonshops.com\/hr\/wp-json\/wp\/v2\/comments?post=439"}],"version-history":[{"count":19,"href":"https:\/\/poisonshops.com\/hr\/wp-json\/wp\/v2\/pages\/439\/revisions"}],"predecessor-version":[{"id":539,"href":"https:\/\/poisonshops.com\/hr\/wp-json\/wp\/v2\/pages\/439\/revisions\/539"}],"wp:attachment":[{"href":"https:\/\/poisonshops.com\/hr\/wp-json\/wp\/v2\/media?parent=439"}],"curies":[{"name":"wp","href":"https:\/\/api.w.org\/{rel}","templated":true}]}}