{"id":101,"date":"2017-12-19T14:41:04","date_gmt":"2017-12-19T14:41:04","guid":{"rendered":"https:\/\/wordpress.gradientthemes.com\/brand-shop\/product\/black-hoodie\/"},"modified":"2025-12-05T13:14:19","modified_gmt":"2025-12-05T13:14:19","slug":"natrijev-seconal-na-prodaju","status":"publish","type":"product","link":"https:\/\/poisonshops.com\/hr\/proizvod\/natrijev-seconal-na-prodaju\/","title":{"rendered":"Natrijev sekonal"},"content":{"rendered":"<h2>Kupite natrijev sekonal online<\/h2>\n<p><strong>Napomena<\/strong>Sodium Seconal (secobarbital natrij) je sna\u017ean barbiturat koji zahtijeva strogu medicinsku nadzor i smije se koristiti samo pod vodstvom kvalificiranog zdravstvenog djelatnika. Zlouporaba Sodium Seconala mo\u017ee biti opasna i dovesti do ozbiljnih zdravstvenih rizika, uklju\u010duju\u0107i predoziranje i smrt. Sodium Seconal na prodaju.<\/p>\n<p>Dobrodo\u0161li u Bio Weapons, va\u0161 pouzdani dobavlja\u010d visokokvalitetnog natrijevog sekonala za odobrene osobe s va\u017ee\u0107im receptima. Prioritet nam je sigurnost, kvaliteta i zadovoljstvo kupaca, osiguravaju\u0107i pouzdan pristup neophodnim lijekovima. Najbolje mjesto za kupnju natrijevog sekonala online.<\/p>\n<h4><strong>\u0160to je Sodium Seconal?<\/strong><\/h4>\n<p>Sodium Seconal, ili Secobarbital Sodium, je barbituratni lijek poznat po svojim sedativnim i hipnoti\u010dkim svojstvima. Djeluje na sredi\u0161nji \u017eiv\u010dani sustav kako bi izazvao san i opu\u0161tanje. Sodium Seconal se propisuje za kratkoro\u010dno lije\u010denje nesanice, preoperativnu sedaciju i kontrolu napadaja. Tako\u0111er se u nekim jurisdikcijama koristi za medicinsku eutanaziju prema strogim zakonskim smjernicama.<\/p>\n<h4><strong>Primjene natrijevog Seconala<\/strong><\/h4>\n<p>Sodium Seconal se koristi u medicinskim kontekstima za:<\/p>\n<ol>\n<li><strong>Lije\u010denje nesanice<\/strong>Sodium Seconal je u\u010dinkovit u lije\u010denju te\u0161ke nesanice poticanjem po\u010detka sna i pobolj\u0161anjem kvalitete sna.<\/li>\n<li><strong>Preoperativna sedacija<\/strong>Prije kirur\u0161kih zahvata, Sodium Seconal se koristi za umirivanje i opu\u0161tanje pacijenata.<\/li>\n<li><strong>Upravljanje napadajima<\/strong>: Natrium-sekonal se mo\u017ee koristiti u lije\u010denju odre\u0111enih vrsta napadaja, osobito kada su druga sredstva neu\u010dinkovita.<\/li>\n<li><strong>Medicinska eutanazija<\/strong>U jurisdikcijama gdje je zakonski dopu\u0161teno, natrijev sekonal se koristi za humano eutanaziju prema strogim medicinskim i pravnim protokolima.<\/li>\n<\/ol>\n<h4><strong>Kvaliteta i sigurnost<\/strong><\/h4>\n<p>U Bio Weaponsu osiguravamo najvi\u0161e standarde kvalitete i sigurnosti za na\u0161e proizvode Sodium Seconal. Nabavljeni od renomiranih proizvo\u0111a\u010da, svaka serija prolazi rigorozna testiranja kako bi zadovoljila stroge regulatorne zahtjeve. Na\u0161a predanost izvrsnosti jam\u010di da \u0107ete dobiti proizvod koji je siguran, u\u010dinkovit i pouzdan.<\/p>\n<h4><strong>Doziranje i primjena<\/strong><\/h4>\n<p>Sodium Seconal se smije koristiti samo prema uputama zdravstvenog djelatnika. Doziranje i primjena variraju ovisno o medicinskom stanju, reakciji pacijenta i zakonskim propisima. Klju\u010dno je pa\u017eljivo slijediti medicinske savjete kako bi se rizik svodio na minimum, a terapijske koristi maksimizirale.<\/p>\n<p><strong>Priprema i skladi\u0161tenje<\/strong>:<\/p>\n<ul>\n<li><strong>Priprema<\/strong>Sodium Seconal je obi\u010dno dostupan u obliku oralnih kapsula ili teku\u0107ine za oralnu primjenu. Ja\u010dina doze i formulacija ovise o medicinskoj potrebi.<\/li>\n<li><strong>Skladi\u0161tenje<\/strong>Sodium Seconal \u010duvajte na sigurnom mjestu, izvan dohvata djece i ku\u0107nih ljubimaca, na sobnoj temperaturi, za\u0161ti\u0107en od svjetlosti i vlage.<\/li>\n<\/ul>\n<h4><strong>Nuspojave i mjere opreza<\/strong><\/h4>\n<p>Kao i svi lijekovi, Sodium Seconal mo\u017ee izazvati nuspojave. Uobi\u010dajene nuspojave uklju\u010duju pospanost, vrtoglavicu, glavobolju i mu\u010dninu. Ozbiljne nuspojave, poput depresije dihanja ili alergijskih reakcija, rijetke su, ali zahtijevaju hitnu medicinsku pomo\u0107 ako se pojave.<\/p>\n<p><strong>Mjere opreza<\/strong>:<\/p>\n<ul>\n<li><strong>Medicinska povijest<\/strong>Obavijestite svog lije\u010dnika o svojoj potpunoj medicinskoj povijesti, osobito o bolestima jetre, bubrega, respiratornim stanjima i poreme\u0107ajima uzrokovanim uporabom supstanci.<\/li>\n<li><strong>Interakcije lijekova<\/strong>Natrijev sekonal mo\u017ee stupiti u interakciju s drugim lijekovima, uklju\u010duju\u0107i alkohol, sedative i antidepresive. Prije upotrebe posavjetujte se sa svojim lije\u010dnikom o mogu\u0107im interakcijama.<\/li>\n<li><strong>Trudno\u0107a i dojenje<\/strong>Sodium Seconal treba koristiti oprezno tijekom trudno\u0107e i dojenja. Posavjetujte se sa svojim lije\u010dnikom radi uputa o sigurnom kori\u0161tenju.<\/li>\n<\/ul>\n<p><img decoding=\"async\" class=\"wp-image-463 aligncenter\" src=\"https:\/\/poisonshops.com\/wp-content\/uploads\/2025\/11\/tttt-1-204x300.png\" alt=\"Trgovina otrovima\" width=\"63\" height=\"93\" srcset=\"https:\/\/poisonshops.com\/wp-content\/uploads\/2025\/11\/tttt-1-204x300.png 204w, https:\/\/poisonshops.com\/wp-content\/uploads\/2025\/11\/tttt-1.png 218w\" sizes=\"(max-width: 63px) 100vw, 63px\" \/><\/p>\n<h4><strong>Za\u0161to odabrati biolo\u0161ko oru\u017eje?<\/strong><\/h4>\n<ol>\n<li><strong>Osiguranje kvalitete<\/strong>: Pridr\u017eavamo se strogih mjera kontrole kvalitete kako bismo osigurali da na\u0161 Sodium Seconal zadovoljava regulatorne standarde.<\/li>\n<li><strong>Ovla\u0161teni dobavlja\u010d<\/strong>Bio Weapons je pouzdan i ovla\u0161teni dobavlja\u010d koji isporu\u010duje originalni natrijev sekonal odobrenim osobama s va\u017ee\u0107im receptima.<\/li>\n<li><strong>Sigurne transakcije<\/strong>Na\u0161a internetska platforma osigurava sigurne transakcije, \u0161tite\u0107i va\u0161e osobne i financijske podatke.<\/li>\n<li><strong>Korisni\u010dka podr\u0161ka<\/strong>Na\u0161 posve\u0107eni tim za korisni\u010dku podr\u0161ku dostupan je za brzo i profesionalno rje\u0161avanje va\u0161ih upita i nedoumica.<\/li>\n<li><strong>Pravovremena isporuka<\/strong>: Prioritet nam je u\u010dinkovita dostava kako bismo osigurali da vam Sodium Seconal stigne pravovremeno i diskretno.<\/li>\n<\/ol>\n<h4><strong>Zaklju\u010dak<\/strong><\/h4>\n<p>Bio Weapons je posve\u0107en pru\u017eanju sigurnog, u\u010dinkovitog i pouzdanog natrijevog sekonala odobrenim osobama s va\u017ee\u0107im receptima. Pouzdajte se u nas za svoje medicinske potrebe i iskusite vrhunsku kvalitetu i uslugu.<\/p>\n<p><strong>Naru\u010dite svoj Sodium Seconal danas<\/strong> i iskoristite na\u0161u predanost izvrsnosti u farmaceutskoj skrbi.<\/p>\n<p>Kupite visokokvalitetni Sodium Seconal na Bio Weapons. Samo za odobrene osobe s receptom. Sigurna kupnja, brza dostava i zajam\u010deno zadovoljstvo kupaca.<\/p>\n<h4><img decoding=\"async\" class=\"wp-image-502 aligncenter\" src=\"https:\/\/poisonshops.com\/wp-content\/uploads\/2025\/11\/Bio-Weapons-240x300.png\" alt=\"Biolo\u0161ko oru\u017eje\" width=\"82\" height=\"103\" srcset=\"https:\/\/poisonshops.com\/wp-content\/uploads\/2025\/11\/Bio-Weapons-240x300.png 240w, https:\/\/poisonshops.com\/wp-content\/uploads\/2025\/11\/Bio-Weapons.png 265w\" sizes=\"(max-width: 82px) 100vw, 82px\" \/><\/h4>\n<ol>\n<li>Kupite natrijev sekonal online<\/li>\n<li>Visokokvalitetni natrijev sekonal za medicinsku upotrebu<\/li>\n<li>Sigurna kupnja Sodium Seconala<\/li>\n<li>Pouzdani izvor za natrijske Seconal kapsule<\/li>\n<li>Naru\u010dite natrijev Seconal sigurno<\/li>\n<li>Brza dostava natrijevog sekonala<\/li>\n<li>Pouzdan dobavlja\u010d natrijevog sekonala<\/li>\n<li>Pravi natrijev Seconal na prodaju<\/li>\n<li>Kupite Sodium Seconal od ovla\u0161tenih prodava\u010da<\/li>\n<li>Najbolje mjesto za kupnju natrijevog sekonala online<\/li>\n<\/ol>\n<h4><\/h4>\n<p>Natrijev sekonal, Kupnja natrijevog sekonala, Nabava natrijevog sekonala, Natrijev sekonal na prodaju, Visokokvalitetni natrijev sekonal, Sigurna kupnja natrijevog sekonala, Natrijev sekonal za medicinsku upotrebu, Pouzdan izvor natrijevog sekonala, Zakonita kupnja natrijevog sekonala, Natrijev sekonal na recept, Sodium Seconal za nesanicu, Naru\u010dite Sodium Seconal, Pravi Sodium Seconal, Dostava Sodium Seconala, Pouzdani prodava\u010d Sodium Seconala, Kupite Sodium Seconal sigurno, Autenti\u010dni Sodium Seconal, Dobavlja\u010d Sodium Seconala, Sodium Seconal u SAD-u, Dostupnost Sodium Seconala, Brza dostava Sodium Seconala, Kvalitetni Sodium Seconal, Ljekarna Sodium Seconala<\/p>\n<h4>Natrijev sekonal na prodaju<\/h4>\n<p><img decoding=\"async\" class=\"wp-image-176 aligncenter\" src=\"https:\/\/poisonshops.com\/wp-content\/uploads\/2025\/11\/poison_shop_logo-300x171.png\" alt=\"Trgovine otrovima\" width=\"140\" height=\"80\" srcset=\"https:\/\/poisonshops.com\/wp-content\/uploads\/2025\/11\/poison_shop_logo-300x171.png 300w, https:\/\/poisonshops.com\/wp-content\/uploads\/2025\/11\/poison_shop_logo.png 563w\" sizes=\"(max-width: 140px) 100vw, 140px\" \/><\/p>","protected":false},"excerpt":{"rendered":"<p>Buy Sodium Seconal Online Note: Sodium Seconal (Secobarbital Sodium) is a potent barbiturate that requires strict medical supervision and should only be used under the guidance of a qualified healthcare provider. Misuse of Sodium Seconal can be hazardous and may lead to severe health risks, including overdose and death. Sodium Seconal For Sale. Welcome to [&hellip;]<\/p>\n","protected":false},"featured_media":264,"comment_status":"open","ping_status":"closed","template":"","meta":[],"product_brand":[],"product_cat":[18],"product_tag":[],"class_list":{"0":"post-101","1":"product","2":"type-product","3":"status-publish","4":"has-post-thumbnail","6":"product_cat-buy-nembutal-pentobarbital","8":"first","9":"instock","10":"shipping-taxable","11":"purchasable","12":"product-type-variable"},"_links":{"self":[{"href":"https:\/\/poisonshops.com\/hr\/wp-json\/wp\/v2\/product\/101","targetHints":{"allow":["GET"]}}],"collection":[{"href":"https:\/\/poisonshops.com\/hr\/wp-json\/wp\/v2\/product"}],"about":[{"href":"https:\/\/poisonshops.com\/hr\/wp-json\/wp\/v2\/types\/product"}],"replies":[{"embeddable":true,"href":"https:\/\/poisonshops.com\/hr\/wp-json\/wp\/v2\/comments?post=101"}],"wp:featuredmedia":[{"embeddable":true,"href":"https:\/\/poisonshops.com\/hr\/wp-json\/wp\/v2\/media\/264"}],"wp:attachment":[{"href":"https:\/\/poisonshops.com\/hr\/wp-json\/wp\/v2\/media?parent=101"}],"wp:term":[{"taxonomy":"product_brand","embeddable":true,"href":"https:\/\/poisonshops.com\/hr\/wp-json\/wp\/v2\/product_brand?post=101"},{"taxonomy":"product_cat","embeddable":true,"href":"https:\/\/poisonshops.com\/hr\/wp-json\/wp\/v2\/product_cat?post=101"},{"taxonomy":"product_tag","embeddable":true,"href":"https:\/\/poisonshops.com\/hr\/wp-json\/wp\/v2\/product_tag?post=101"}],"curies":[{"name":"wp","href":"https:\/\/api.w.org\/{rel}","templated":true}]}}