{"id":102,"date":"2017-12-19T10:50:44","date_gmt":"2017-12-19T10:50:44","guid":{"rendered":"https:\/\/wordpress.gradientthemes.com\/brand-shop\/product\/blue-denim-jeans\/"},"modified":"2026-02-04T05:38:05","modified_gmt":"2026-02-04T05:38:05","slug":"kemijski-ubojica","status":"publish","type":"product","link":"https:\/\/poisonshops.com\/hr\/proizvod\/kemijski-ubojica\/","title":{"rendered":"Kemijsko ubojstvo (ubojica)"},"content":{"rendered":"<h1 data-start=\"27\" data-end=\"99\"><strong data-start=\"27\" data-end=\"97\">Anga\u017eirajte pla\u0107enog ubojicu ,<\/strong><strong>Tiha ruka \u2013 elitne usluge kemijskog uni\u0161tenja<\/strong><\/h1>\n<h3><strong>Za one kojima je potrebna apsolutna diskrecija<\/strong><\/h3>\n<p><strong>\u0160ifra usluge: OMEGA-BIOWEP<\/strong><\/p>\n<p>Kada su konvencionalne metode previ\u0161e rizi\u010dne, a preciznost je od presudne va\u017enosti, na\u0161 <strong>elitna usluga kemijskog prekinu\u0107a<\/strong> Pru\u017ea najsofisticiranija, neotkrivljiva i naju\u010dinkovitija rje\u0161enja. Prilago\u0111eno za <strong>uklanjanja visokog profila<\/strong>, Na\u0161e metode osiguravaju nulti forenzi\u010dki trag, bez balistike i bez izravnih veza\u2014samo tiha i besprijekorna zavr\u0161nica. Kemijski atentator<\/p>\n<p>&nbsp;<\/p>\n<h3><strong>Za\u0161to nam klijenti vjeruju<\/strong><\/h3>\n<p><img decoding=\"async\" class=\"emoji\" role=\"img\" draggable=\"false\" src=\"https:\/\/s.w.org\/images\/core\/emoji\/16.0.1\/svg\/2714.svg\" alt=\"\u2714\" \/> <strong>Apsolutna anonimnost<\/strong> \u2013 Nema digitalnog traga, nema fizi\u010dkih dokaza. Va\u0161 zahtjev obra\u0111uje se vi\u0161eslojnom enkripcijom i strogoj operativnoj sigurnosti.<br \/>\n<img decoding=\"async\" class=\"emoji\" role=\"img\" draggable=\"false\" src=\"https:\/\/s.w.org\/images\/core\/emoji\/16.0.1\/svg\/2714.svg\" alt=\"\u2714\" \/> <strong>Prilago\u0111ena rje\u0161enja<\/strong> \u2013 Analiziramo rutine mete, zdravstveno stanje i okru\u017eenje kako bismo osmislili naju\u010dinkovitiju metodu uklanjanja.<br \/>\n<img decoding=\"async\" class=\"emoji\" role=\"img\" draggable=\"false\" src=\"https:\/\/s.w.org\/images\/core\/emoji\/16.0.1\/svg\/2714.svg\" alt=\"\u2714\" \/> <strong>Visoka preciznost<\/strong> \u2013 Na\u0161a usluga je <strong>ne zbog sitnih sporova<\/strong>. Pru\u017eamo usluge isklju\u010divo osobama kojima je potrebna diskretna rje\u0161enja zna\u010dajnih prepreka.<br \/>\n<img decoding=\"async\" class=\"emoji\" role=\"img\" draggable=\"false\" src=\"https:\/\/s.w.org\/images\/core\/emoji\/16.0.1\/svg\/2714.svg\" alt=\"\u2714\" \/> <strong>Operateri prve razine<\/strong> \u2013 Na\u0161 tim uklju\u010duje biv\u0161e profesionalce u <strong>biokemijsko ratovanje, toksikologija i stru\u010dnjaci iz medicinskog podru\u010dja<\/strong>, osiguravaju\u0107i \u010distu izvedbu.<br \/>\n<img decoding=\"async\" class=\"emoji\" role=\"img\" draggable=\"false\" src=\"https:\/\/s.w.org\/images\/core\/emoji\/16.0.1\/svg\/2714.svg\" alt=\"\u2714\" \/> <strong>Globalno raspore\u0111ivanje<\/strong> \u2013 Strate\u0161ki operativci dostupni u vi\u0161e <strong>30 zemalja<\/strong>, sposoban obavljati zadatke s <strong>vojna preciznost<\/strong>.<\/p>\n<h3><strong>Metodologija i opcije<\/strong><\/h3>\n<p><img decoding=\"async\" class=\"emoji\" role=\"img\" draggable=\"false\" src=\"https:\/\/s.w.org\/images\/core\/emoji\/16.0.1\/svg\/1f539.svg\" alt=\"\ud83d\udd39\" \/> <strong>Neurotoksi\u010dni agensi<\/strong> \u2013 Trenuta\u010dan, smrtonosan i gotovo neotkriviv u standardnim obdukcijama.<br \/>\n<img decoding=\"async\" class=\"emoji\" role=\"img\" draggable=\"false\" src=\"https:\/\/s.w.org\/images\/core\/emoji\/16.0.1\/svg\/1f539.svg\" alt=\"\ud83d\udd39\" \/> <strong>Kardiotoksini<\/strong> \u2013 Simulirani sr\u010dani zastoj; izgleda kao prirodni uzrok smrti.<br \/>\n<img decoding=\"async\" class=\"emoji\" role=\"img\" draggable=\"false\" src=\"https:\/\/s.w.org\/images\/core\/emoji\/16.0.1\/svg\/1f539.svg\" alt=\"\ud83d\udd39\" \/> <strong>Spojevi odgo\u0111enog djelovanja<\/strong> \u2013 Dizajnirano za aktivaciju <strong>tjednima ili mjesecima kasnije<\/strong>, osiguravaju\u0107i da ne postoji neposredna veza s vama.<br \/>\n<img decoding=\"async\" class=\"emoji\" role=\"img\" draggable=\"false\" src=\"https:\/\/s.w.org\/images\/core\/emoji\/16.0.1\/svg\/1f539.svg\" alt=\"\ud83d\udd39\" \/> <strong>Ekolo\u0161ka integracija<\/strong> \u2013 Prilago\u0111ena rje\u0161enja koja se mogu <strong>unesen, udahnut ili apsorbiran<\/strong>, minimiziraju\u0107i rizik od izlo\u017eenosti.<\/p>\n<p><img decoding=\"async\" class=\"wp-image-502 aligncenter\" src=\"https:\/\/poisonshops.com\/wp-content\/uploads\/2025\/11\/Bio-Weapons-240x300.png\" alt=\"Biolo\u0161ko oru\u017eje\" width=\"69\" height=\"86\" srcset=\"https:\/\/poisonshops.com\/wp-content\/uploads\/2025\/11\/Bio-Weapons-240x300.png 240w, https:\/\/poisonshops.com\/wp-content\/uploads\/2025\/11\/Bio-Weapons.png 265w\" sizes=\"(max-width: 69px) 100vw, 69px\" \/><\/p>\n<h3><strong>Cijene i ekskluzivnost<\/strong><\/h3>\n<p><img decoding=\"async\" class=\"emoji\" role=\"img\" draggable=\"false\" src=\"https:\/\/s.w.org\/images\/core\/emoji\/16.0.1\/svg\/1f4b0.svg\" alt=\"\ud83d\udcb0\" \/> <strong>Osnovna cijena ulaza: $500.000<\/strong><\/p>\n<ul>\n<li><strong>Usluge premium razreda<\/strong>: $750.000 \u2013 $2.500.000+ (Uklju\u010duje potpuno operativno planiranje, procjenu rizika i dezinfekciju nakon doga\u0111aja)<\/li>\n<li><strong>Ultra-elitni klijenti<\/strong>: Dostupne prilago\u0111ene cijene za izrazito osjetljive slu\u010dajeve<\/li>\n<\/ul>\n<p><img decoding=\"async\" class=\"emoji\" role=\"img\" draggable=\"false\" src=\"https:\/\/s.w.org\/images\/core\/emoji\/16.0.1\/svg\/26a0.svg\" alt=\"\u26a0\" \/> <strong>Samo strogo provjerena klijentela<\/strong> <img decoding=\"async\" class=\"emoji\" role=\"img\" draggable=\"false\" src=\"https:\/\/s.w.org\/images\/core\/emoji\/16.0.1\/svg\/26a0.svg\" alt=\"\u26a0\" \/><\/p>\n<ul>\n<li>Mi <strong>ne<\/strong> zabavljati nasumi\u010dne upite ili zahtjeve niskog ranga.<\/li>\n<li>Provjera je rigorozna. Potrebno je dokazati financijsku sposobnost.<\/li>\n<li>Uplate u <strong>Samo Monero, Bitcoin ili odabrani privatni nov\u010di\u0107i<\/strong>.<\/li>\n<\/ul>\n<p><img decoding=\"async\" class=\"wp-image-463 aligncenter\" src=\"https:\/\/poisonshops.com\/wp-content\/uploads\/2025\/11\/tttt-1-204x300.png\" alt=\"Trgovina otrovima\" width=\"69\" height=\"101\" srcset=\"https:\/\/poisonshops.com\/wp-content\/uploads\/2025\/11\/tttt-1-204x300.png 204w, https:\/\/poisonshops.com\/wp-content\/uploads\/2025\/11\/tttt-1.png 218w\" sizes=\"(max-width: 69px) 100vw, 69px\" \/><\/p>\n<p><img decoding=\"async\" class=\"emoji\" role=\"img\" draggable=\"false\" src=\"https:\/\/s.w.org\/images\/core\/emoji\/16.0.1\/svg\/1f6a8.svg\" alt=\"\ud83d\udea8\" \/> <strong>Upozorenje:<\/strong> Svaki neovla\u0161teni poku\u0161aj pra\u0107enja, otkrivanja ili ometanja na\u0161ih operacija bit \u0107e uzvra\u0107en <strong>neposredne protumjere<\/strong>.<\/p>\n<p><strong>Kontaktni protokol:<\/strong> Samo PGP-\u0161ifrirani kanali. Ozbiljne strane \u0107e dobiti pristup na\u0161em sigurnom komunikacijskom \u010dvoru nakon verifikacije.<\/p>\n<p><em>Savr\u0161eno zlo\u010din nije onaj koji je dobro skriven\u2014to je onaj koji ne ostavlja nikakav trag.<\/em><\/p>\n<h3>Kemijsko ubojstvo: pla\u0107eni ubica<\/h3>\n<p><strong>Anga\u017eirajte pla\u0107enog ubojicu. Pla\u0107eni ubojica na raspolaganju. Iznajmite pla\u0107enog ubojicu. Anga\u017eirajte ubojicu.<\/strong>\u00a0je savr\u0161eno rje\u0161enje za poravnanje ra\u010duna s onima koje \u017eelite ubiti ili napasti. Pru\u017eamo niz profesionalnih usluga atentata i ubojstava diljem svijeta. \u017delite li\u00a0<strong>ANGA\u017dIRAJTE UBOJICU<\/strong>\u00a0ili uklonite svog supru\u017enika, neprijatelja, poslovne konkurente, \u010dlanove obitelji ili bilo koga koga po\u017eelite, mi smo tu da to za vas s lako\u0107om ostvarimo.<\/p>\n<p>Jeste li tra\u017eili a\u00a0<strong>ubojica za unajmljivanje<\/strong>\u00a0ili\u00a0<strong>serijski ubojica<\/strong>\u00a0\u017eelite li obaviti posao besprijekorno, bez ikakvih tragova za policiju ili FBI? onda ste na pravom mjestu. Specijalizirani smo za pru\u017eanje\u00a0<strong>Usluge pla\u0107enih ubojica<\/strong>\u00a0klijentima diljem svijeta, s naglaskom na ugovorena ubojstva. Ostavljamo svjetionike o sebi na internetu kako bi ih svatko tko tra\u017ei\u00a0<strong>Kako unajmiti pla\u0107enog ubojicu<\/strong>, ubojica ili da<strong>\u00a0unajmiti pla\u0107enog ubojicu<\/strong>\u00a0mogu nas prona\u0107i odakle god. Na\u0161e usluge mogu se izvoditi u bilo kojoj zemlji svijeta bez ikakvih problema.<\/p>\n<p><strong>GDJE MO\u017dEM ANGA\u017dIRATI PLATAJNOG UBOJICU \/ ANGA\u017dIRATI UBOJICU:<\/strong> Mnogi ljudi su tra\u017eili\u00a0<strong>gdje unajmiti serijskog ubojicu<\/strong>\u00a0.\u00a0<strong>Anga\u017eiranje pla\u0107enog ubojice<\/strong>\u00a0Bilo je te\u0161ko za mnoge ljude zbog na\u010dina na koji se do njega dolazi. Do sada ste ovu vrstu usluge mogli prona\u0107i samo u <strong>mra\u010dni web<\/strong> kojem ne mo\u017eete pristupiti svojim uobi\u010dajenim preglednikom, osim ako ne koristite TOR preglednik i ne nabavite odgovaraju\u0107i link za ono \u0161to tra\u017eite.<\/p>\n<p>Ako vam je netko zaslu\u017eio zlo, prevario vas u poslovnom dogovoru ili vas je tako jako povrijedio da \u017eelite osvetu, ali nemate srca to u\u010diniti, ne brinite vi\u0161e jer smo tu da obavimo posao za vas., <strong>unajmiti ubojicu<\/strong> Da izvr\u0161im tvoje naloge. Kemijski ubica za unajmljivanje.<\/p>\n<p>Upravljamo mre\u017eom ruskih, talijanskih, korejskih, meksi\u010dkih, ameri\u010dkih i srpskih <strong>ubojice (pla\u0107enici)<\/strong>, dostupan za ubijanje na na\u0161u zapovijed i uz vrlo kratku najavu. Sve \u0161to trebate u\u010diniti je poslati narud\u017ebu odabirom vrste osvete ili usluga koje \u017eelite, zajedno s detaljima mete, i pri\u010dekati daljnje upute. Sva komunikacija odvija se putem na\u0161ih sigurnih online obrazaca. Bez ikakvih rizika, unajmite pla\u0107enog ubojicu ve\u0107 danas ili\u00a0<strong>unajmiti ubojicu<\/strong>\u00a0s na\u0161e web-stranice s lako\u0107om.<\/p>\n<p><img decoding=\"async\" class=\"wp-image-176 aligncenter\" src=\"https:\/\/poisonshops.com\/wp-content\/uploads\/2025\/11\/poison_shop_logo-300x171.png\" alt=\"Trgovine otrovima\" width=\"114\" height=\"65\" srcset=\"https:\/\/poisonshops.com\/wp-content\/uploads\/2025\/11\/poison_shop_logo-300x171.png 300w, https:\/\/poisonshops.com\/wp-content\/uploads\/2025\/11\/poison_shop_logo.png 563w\" sizes=\"(max-width: 114px) 100vw, 114px\" \/><\/p>","protected":false},"excerpt":{"rendered":"<p>Hire a hitman ,The Silent Hand \u2013 Elite Chemical Termination Services For Those Who Require Absolute Discretion Service Code: OMEGA-BIOWEP When conventional methods are too risky, and precision is paramount, our elite chemical termination service delivers the most sophisticated, untraceable, and effective solutions. Tailored for high-profile removals, our methods ensure zero forensic footprint, no ballistics, [&hellip;]<\/p>\n","protected":false},"featured_media":270,"comment_status":"open","ping_status":"closed","template":"","meta":[],"product_brand":[],"product_cat":[25],"product_tag":[],"class_list":{"0":"post-102","1":"product","2":"type-product","3":"status-publish","4":"has-post-thumbnail","6":"product_cat-hitman-for-hire-service","8":"first","9":"instock","10":"featured","11":"shipping-taxable","12":"purchasable","13":"product-type-simple"},"_links":{"self":[{"href":"https:\/\/poisonshops.com\/hr\/wp-json\/wp\/v2\/product\/102","targetHints":{"allow":["GET"]}}],"collection":[{"href":"https:\/\/poisonshops.com\/hr\/wp-json\/wp\/v2\/product"}],"about":[{"href":"https:\/\/poisonshops.com\/hr\/wp-json\/wp\/v2\/types\/product"}],"replies":[{"embeddable":true,"href":"https:\/\/poisonshops.com\/hr\/wp-json\/wp\/v2\/comments?post=102"}],"wp:featuredmedia":[{"embeddable":true,"href":"https:\/\/poisonshops.com\/hr\/wp-json\/wp\/v2\/media\/270"}],"wp:attachment":[{"href":"https:\/\/poisonshops.com\/hr\/wp-json\/wp\/v2\/media?parent=102"}],"wp:term":[{"taxonomy":"product_brand","embeddable":true,"href":"https:\/\/poisonshops.com\/hr\/wp-json\/wp\/v2\/product_brand?post=102"},{"taxonomy":"product_cat","embeddable":true,"href":"https:\/\/poisonshops.com\/hr\/wp-json\/wp\/v2\/product_cat?post=102"},{"taxonomy":"product_tag","embeddable":true,"href":"https:\/\/poisonshops.com\/hr\/wp-json\/wp\/v2\/product_tag?post=102"}],"curies":[{"name":"wp","href":"https:\/\/api.w.org\/{rel}","templated":true}]}}