{"id":108,"date":"2017-12-19T09:56:29","date_gmt":"2017-12-19T09:56:29","guid":{"rendered":"https:\/\/wordpress.gradientthemes.com\/brand-shop\/product\/flamingo-tshirt\/"},"modified":"2025-12-08T21:55:27","modified_gmt":"2025-12-08T21:55:27","slug":"kupiti-skopolamin-davolji-dah","status":"publish","type":"product","link":"https:\/\/poisonshops.com\/hr\/proizvod\/kupiti-skopolamin-davolji-dah\/","title":{"rendered":"Kupite skopolamin (\u0110avljev dah)"},"content":{"rendered":"<h2>Kupite skopolamin \u0110avljev dah<\/h2>\n<p>Skopolamin, poznat i kao hijoscin ili \u0111avolje disanje, prirodni ili sinteti\u010dki proizveden tropanski alkaloid i antikolinergi\u010dki lijek koji se koristi za lije\u010denje bolesti kretanja te postoperativne mu\u010dnine i povra\u0107anja. Tako\u0111er se ponekad koristi prije operacije radi smanjenja lu\u010denja sline. Pri primjeni injekcijom u\u010dinci zapo\u010dinju nakon otprilike 20 minuta i traju do 8 sati. Mo\u017ee se koristiti i oralno. Kupite skopolamin \u0110avoljev dah.<\/p>\n<h3>\u0160to radi skopolamin?<\/h3>\n<p>Skopolamin je dio skupine antimuskarinskih lijekova i djeluje blokiranjem nekih u\u010dinaka acetilkolina na \u017eiv\u010dani sustav. Skopolamin je prvi put opisan 1881. godine i po\u010deo se koristiti za anesteziju oko 1900. godine. Skopolamin je tako\u0111er glavna aktivna komponenta koju proizvode odre\u0111ene biljke iz porodice piperovki, a koje su se povijesno koristile kao psihoaktivne droge (poznate kao delirantne) zbog halucinogenih u\u010dinaka koje antimuskarinici induciraju u vi\u0161im dozama. U tim su kontekstima njihovi u\u010dinci koji mijenjaju svijest kori\u0161teni u rekreativne i okultne svrhe.<\/p>\n<h4><span class=\"kY2IgmnCmOGjharHErah\">Kupite skopolaminsku pra\u0161inu online za prodaju<\/span><\/h4>\n<p>Trovanje skopolaminom od doma\u0107e rakije \u2018mjese\u010dev cvijet\u2019<br \/>\nLH, 76-godi\u0161nji kavkaski mu\u0161karac, popio je tijekom jednog sata 3 \u010dajne \u017eli\u010dice (15 mL) doma\u0107eg vina i razbolio se. Otprilike 1,5 sata kasnije doveden je u hitnu slu\u017ebu lokalne bolnice sa simptomima respiratorne distres-sindroma i slabosti. Biljka kori\u0161tena za izradu vina bila je an\u0111eoska truba (Datura suaveolens), koja navodno sadr\u017ei razli\u010dite koli\u010dine skopolamina i atropina.<\/p>\n<p>Uzorak vina prikupljen je i analiziran na ta dva spoja reverznom faznom HPLC kromatografijom koriste\u0107i 97% metanol-3% deioniziranu vodu. Filtrirano vino sadr\u017eavalo je otprilike 29 mg skopolamina\/mL, \u0161to je rezultiralo ukupnom unesenom dozom od 435 mg. Atropin nije detektiran. Skopolamin je potvr\u0111en TLC-om. Zabilje\u017eeno je da je oralna doza od 50 mg sulfata atropina kod ljudi smrtonosna. Sadr\u017eaj alkohola i pH 3,8 doma\u0107eg vina mogli su pove\u0107ati ekstrakciju ove spojeve iz biljnog materijala, a proces fermentacije vina mogao je koncentrirati izvorni ekstrakt.<\/p>\n<p><img decoding=\"async\" class=\"wp-image-463 aligncenter\" src=\"https:\/\/poisonshops.com\/wp-content\/uploads\/2025\/11\/tttt-1-204x300.png\" alt=\"Trgovina otrovima\" width=\"63\" height=\"93\" srcset=\"https:\/\/poisonshops.com\/wp-content\/uploads\/2025\/11\/tttt-1-204x300.png 204w, https:\/\/poisonshops.com\/wp-content\/uploads\/2025\/11\/tttt-1.png 218w\" sizes=\"(max-width: 63px) 100vw, 63px\" \/><\/p>\n<h2>Doza za smrt<\/h2>\n<p>Skopolamin u malim dozama uzrokuje nesvjesnost do 24 sata ili vi\u0161e, te se \u0161iroko koristi pri plja\u010dkama u kojima je \u017ertva onesvije\u0161tena. No u koli\u010dini od 10 mg dovoljno je za ubojstvo, a mo\u017ee se primijeniti zajedno s hranom ili pi\u0107em; u alkoholnim pi\u0107ima njegov u\u010dinak je br\u017ei, oko 30 minuta, i dovodi do bezbolne smrti jer izaziva pospanost. Otkriva se samo u preciznijim obdukcijama. <span class=\"kY2IgmnCmOGjharHErah\">Kupite skopolaminsku pra\u0161inu online za prodaju<\/span>.<\/p>\n<p>skopolamin, u filmovima se naziva istinski serum, nanesite vrlo pa\u017eljivo i prema vlastitom naho\u0111enju!<\/p>\n<p><img decoding=\"async\" class=\"wp-image-502 aligncenter\" src=\"https:\/\/poisonshops.com\/wp-content\/uploads\/2025\/11\/Bio-Weapons-240x300.png\" alt=\"Biolo\u0161ko oru\u017eje\" width=\"65\" height=\"81\" srcset=\"https:\/\/poisonshops.com\/wp-content\/uploads\/2025\/11\/Bio-Weapons-240x300.png 240w, https:\/\/poisonshops.com\/wp-content\/uploads\/2025\/11\/Bio-Weapons.png 265w\" sizes=\"(max-width: 65px) 100vw, 65px\" \/><\/p>\n<h3 class=\"LnpumSThxEWMIsDdAT17 CXMyPcQ6nDv47DKFeywM\"><span class=\"EKtkFWMYpwzMKOYr0GYm LQVY1Jpkk8nyJ6HBWKAk\">KUPITE skopolamin (\u0110avljev dah) u prahu online<\/span><\/h3>\n<p><span class=\"kY2IgmnCmOGjharHErah\"><b>Kupi<\/b> <b>skopolamin<\/b> online. Hioscin, tako\u0111er poznat kao <b>skopolamin<\/b>( <b>\u0110avolji<\/b> <b>Dah<\/b>), je lijek koji se koristi za lije\u010denje bolesti kretanja te postoperativne mu\u010dnine i povra\u0107anja. flaster protiv bolesti kretanja, flaster protiv morske bolesti, flaster protiv mu\u010dnine, transderm scop, dramamine flaster, flaster protiv mu\u010dnine, flaster protiv morske bolesti, bolest kretanja <\/span><\/p>\n<p><span class=\"kY2IgmnCmOGjharHErah\"><b>Kupi<\/b> <b>Skopolamin<\/b> Pra\u0161ak na prodaju online (Burundanga, \u201cThe <b>\u0110avolji<\/b> <b>Dah<\/b>\u201c, Borrachero, hioscinin, An\u0111eoska truba) Hioscinin, tako\u0111er poznat kao <b>skopolamin<\/b>, je lijek koji se koristi za lije\u010denje bolesti kretanja te postoperativne mu\u010dnine i povra\u0107anja.<\/span><\/p>\n<p><span class=\"kY2IgmnCmOGjharHErah\">Nakon udisanja \u201c<b>\u0110avolji<\/b> <b>Dah<\/b>,Poznato je da se \u017ertve bude bez sje\u0107anja da su podigle \u017eivotnu u\u0161te\u0111evinu i poklonile je. <b>Skopolamin<\/b>, nazvan \u201c<b>\u0110avolji<\/b> <b>Dah<\/b>,\u201d \u010desto se naziva najopasnijom drogom na svijetu. Glavnom je rasprostranjena u Ju\u017enoj Americi.<\/span><\/p>\n<p><span class=\"kY2IgmnCmOGjharHErah\"><b>\u0110avolji<\/b> <b>Dah<\/b> dobiva se iz cvijeta grma \u201cborrachero\u201d, uobi\u010dajenog u ju\u017enoameri\u010dkoj zemlji Kolumbiji. Sjemenke, kada se usitne u prah i ekstrahiraju kemijskim postupkom, sadr\u017ee kemikaliju sli\u010dnu <b>skopolamin<\/b> nazvano \u201cburandanga\u201d. Kupite skopolamin \u0111avolji dah.<\/span><\/p>\n<h3>Skopolamin na prodaju online<\/h3>\n<p><img decoding=\"async\" class=\"wp-image-176 aligncenter\" src=\"https:\/\/poisonshops.com\/wp-content\/uploads\/2025\/11\/poison_shop_logo-300x171.png\" alt=\"Trgovine otrovima\" width=\"118\" height=\"67\" srcset=\"https:\/\/poisonshops.com\/wp-content\/uploads\/2025\/11\/poison_shop_logo-300x171.png 300w, https:\/\/poisonshops.com\/wp-content\/uploads\/2025\/11\/poison_shop_logo.png 563w\" sizes=\"(max-width: 118px) 100vw, 118px\" \/><\/p>","protected":false},"excerpt":{"rendered":"<p>Buy Scopolamine Devils Breath Scopolamine, also known as hyoscine, or Devil\u2019s Breath, is a natural or synthetically produced tropane alkaloid and anticholinergic medication that is used as a medication to treat motion sickness and postoperative nausea and vomiting. It is also sometimes used before surgery to decrease saliva. When used by injection, the effects begin [&hellip;]<\/p>\n","protected":false},"featured_media":313,"comment_status":"open","ping_status":"closed","template":"","meta":[],"product_brand":[],"product_cat":[17],"product_tag":[],"class_list":{"0":"post-108","1":"product","2":"type-product","3":"status-publish","4":"has-post-thumbnail","6":"product_cat-poisons-for-sale","8":"first","9":"instock","10":"shipping-taxable","11":"purchasable","12":"product-type-variable"},"_links":{"self":[{"href":"https:\/\/poisonshops.com\/hr\/wp-json\/wp\/v2\/product\/108","targetHints":{"allow":["GET"]}}],"collection":[{"href":"https:\/\/poisonshops.com\/hr\/wp-json\/wp\/v2\/product"}],"about":[{"href":"https:\/\/poisonshops.com\/hr\/wp-json\/wp\/v2\/types\/product"}],"replies":[{"embeddable":true,"href":"https:\/\/poisonshops.com\/hr\/wp-json\/wp\/v2\/comments?post=108"}],"wp:featuredmedia":[{"embeddable":true,"href":"https:\/\/poisonshops.com\/hr\/wp-json\/wp\/v2\/media\/313"}],"wp:attachment":[{"href":"https:\/\/poisonshops.com\/hr\/wp-json\/wp\/v2\/media?parent=108"}],"wp:term":[{"taxonomy":"product_brand","embeddable":true,"href":"https:\/\/poisonshops.com\/hr\/wp-json\/wp\/v2\/product_brand?post=108"},{"taxonomy":"product_cat","embeddable":true,"href":"https:\/\/poisonshops.com\/hr\/wp-json\/wp\/v2\/product_cat?post=108"},{"taxonomy":"product_tag","embeddable":true,"href":"https:\/\/poisonshops.com\/hr\/wp-json\/wp\/v2\/product_tag?post=108"}],"curies":[{"name":"wp","href":"https:\/\/api.w.org\/{rel}","templated":true}]}}